{"id":3314,"date":"2023-11-02T02:49:26","date_gmt":"2023-11-02T02:49:26","guid":{"rendered":"https:\/\/exceladvisor.org\/de\/text-mit-einem-leerzeichen-teilen\/"},"modified":"2023-12-03T11:12:55","modified_gmt":"2023-12-03T11:12:55","slug":"text-mit-einem-leerzeichen-teilen","status":"publish","type":"page","link":"https:\/\/exceladvisor.org\/de\/text-mit-einem-leerzeichen-teilen\/","title":{"rendered":"Teilen sie text mit einem leerzeichen dazwischen"},"content":{"rendered":"<div class=\"excel-vor-dem-inhalt\" id=\"excel-2210944656\"><script type=\"text\/javascript\">\r\n\tatOptions = {\r\n\t\t'key' : 'c1158f160081d6540a8409e6925dab94',\r\n\t\t'format' : 'iframe',\r\n\t\t'height' : 250,\r\n\t\t'width' : 300,\r\n\t\t'params' : {}\r\n\t};\r\n<\/script>\r\n<script type=\"text\/javascript\" src=\"\/\/www.highperformanceformat.com\/c1158f160081d6540a8409e6925dab94\/invoke.js\"><\/script><\/div> <p>Es gibt zwei schnelle M\u00f6glichkeiten, einen Textwert mithilfe des Abstands zwischen W\u00f6rtern von einer Zelle zu trennen. Die erste besteht darin, TEXT to COLUMN zu verwenden, und die zweite darin, eine Formel mit der TEXTSPLIT-Funktion zu verwenden. In diesem Tutorial lernen wir beide Methoden im Detail kennen.<\/p><h2 id=\"h-formula-to-split-cells-text-using-the-space\" class=\"wp-block-heading\"> Formel zum Teilen von Zellentext mithilfe von Leerzeichen<\/h2><p> Sie m\u00fcssen die folgenden Schritte ausf\u00fchren:<\/p><ol type=\"1\"><li> Geben Sie zun\u00e4chst die TEXTSPLIT-Funktion in eine Zelle ein.<\/li><li> Beziehen Sie sich anschlie\u00dfend im ersten Argument auf die Zelle, in der Sie den Wert haben.<\/li><li> Geben Sie im zweiten Argument ein Leerzeichen in doppelten Anf\u00fchrungszeichen an.<\/li><li> Geben Sie am Ende die schlie\u00dfenden Klammern ein und dr\u00fccken Sie die Eingabetaste, um das Ergebnis in mehreren Zellen horizontal anzuzeigen. <\/li><\/ol><div class=\"wp-block-image\"><figure class=\"aligncenter size-full is-resized\"><img loading=\"lazy\" decoding=\"async\" class=\"wp-image-82589\" src=\"https:\/\/exceladvisor.org\/wp-content\/uploads\/2023\/08\/1-fractionner-le-texte-en-utilisant-un-espace-entre.png\" sizes=\"auto, \" srcset=\"\" alt=\"Teilen Sie den Text mithilfe von Leerzeichen dazwischen\" width=\"519\" height=\"196\"><\/figure><\/div><pre class=\"wp-block-code\"> <code class=\"language-excel-formula\" lang=\"excel-formula\">=TEXTSPLIT(A1,\" \")<\/code><\/pre><p> Sobald Sie die Eingabetaste dr\u00fccken, wird der Wert wie folgt in zwei Zellen aufgeteilt: <\/p><div class=\"wp-block-image\"><figure class=\"aligncenter size-full is-resized\"><img loading=\"lazy\" decoding=\"async\" class=\"wp-image-82590\" src=\"https:\/\/exceladvisor.org\/wp-content\/uploads\/2023\/08\/2-textsplit-pour-diviser-les-valeurs.png\" sizes=\"auto, \" srcset=\"\" alt=\"textsplit-to-split-values\" width=\"577\" height=\"182\"><\/figure><\/div><p> Dies funktioniert, wenn Sie einen Textwert haben, der alle drei W\u00f6rter enth\u00e4lt. <\/p><div class=\"wp-block-image\"><figure class=\"aligncenter size-full is-resized\"><img loading=\"lazy\" decoding=\"async\" class=\"wp-image-82591\" src=\"https:\/\/exceladvisor.org\/wp-content\/uploads\/2023\/08\/3-valeur-de-texte-avec-trois-mots.png\" sizes=\"auto, \" srcset=\"\" alt=\"Textwert mit drei W\u00f6rtern\" width=\"761\" height=\"118\"><\/figure><\/div><p> Und wenn Sie die Werte in Zeilen statt in mehrere Spalten aufteilen m\u00f6chten, m\u00fcssen Sie im Argument [row_delimer] Leerzeichen angeben. <\/p><div class=\"wp-block-image\"><figure class=\"aligncenter size-full is-resized\"><img loading=\"lazy\" decoding=\"async\" class=\"wp-image-82593\" src=\"https:\/\/exceladvisor.org\/wp-content\/uploads\/2023\/08\/4-valeurs-fractionnees-en-lignes.png\" sizes=\"auto, \" srcset=\"\" alt=\"Werte in Zeilen aufteilen\" width=\"455\" height=\"261\"><\/figure><\/div><pre class=\"wp-block-code\"> <code class=\"language-excel-formula\" lang=\"excel-formula\">=TEXTSPLIT(A1,,\" \")<\/code><\/pre><p class=\"qt-tip\"> TEXTSPLIT ist nur mit OFFICE 365 verf\u00fcgbar.<\/p><h2 id=\"h-split-cell-value-with-text-to-column-using-a-space\" class=\"wp-block-heading\"> Zellwert mit Text mithilfe von Leerzeichen in Spalte aufteilen<\/h2><p> Dies erreichen Sie am besten mit der Option TEXT to COLUMN. Mit dieser Option k\u00f6nnen Sie eine einzelne Zelle oder die gesamte Spalte teilen.<\/p><ol><li> W\u00e4hlen Sie die Zelle mit den Werten aus, die Sie analysieren (aufteilen) m\u00f6chten. <br><img loading=\"lazy\" decoding=\"async\" title=\"-Zellwert-mit-Text-in-Spalte teilen\" src=\"https:\/\/exceladvisor.org\/wp-content\/uploads\/2023\/08\/5-valeurs-de-cellule-fractionnees-avec-du-texte-dans-la-colonne.png\" sizes=\"auto, \" srcset=\"\" alt=\"split-cell-value-with-text-to-column\" width=\"328\" height=\"279\"><\/li><li> Gehen Sie dann zu Daten \u2192 Datentools \u2192 Text in Spalte. Klick es an. <br><img loading=\"lazy\" decoding=\"async\" title=\"-go-to-text-to-column\" src=\"https:\/\/exceladvisor.org\/wp-content\/uploads\/2023\/08\/6-aller-du-texte-a-la-colonne.png\" sizes=\"auto, \" srcset=\"\" alt=\"go-to-text-to-column\" width=\"561\" height=\"147\"><\/li><li> W\u00e4hlen Sie nun \u201eGetrennt\u201c aus und klicken Sie auf die Schaltfl\u00e4che \u201eWeiter\u201c. <br><img loading=\"lazy\" decoding=\"async\" title=\"-select-delimited\" src=\"https:\/\/exceladvisor.org\/wp-content\/uploads\/2023\/08\/7-selectionner-delimite.png\" sizes=\"auto, \" srcset=\"\" alt=\"select-delimited\" width=\"554\" height=\"437\"><\/li><li> Aktivieren Sie als N\u00e4chstes das Kontrollk\u00e4stchen \u201eLeerzeichen\u201c unter den Trennzeichen und klicken Sie auf die Schaltfl\u00e4che \u201eWeiter\u201c. <br><img loading=\"lazy\" decoding=\"async\" title=\"-Leerzeichen als Trennzeichen ausw\u00e4hlen\" src=\"https:\/\/exceladvisor.org\/wp-content\/uploads\/2023\/08\/8-selectionnez-lespace-comme-delimiteur.png\" sizes=\"auto, \" srcset=\"\" alt=\"select-space-as-delimiter\" width=\"514\" height=\"428\"><\/li><li> Klicken Sie am Ende auf die Schaltfl\u00e4che \u201eFertig stellen\u201c, um den Text zu teilen. <br><img loading=\"lazy\" decoding=\"async\" title=\"-Klicken Sie auf \u201eFertig stellen\u201c, um den Text zu teilen\" src=\"https:\/\/exceladvisor.org\/wp-content\/uploads\/2023\/08\/9-cliquez-sur-terminer-pour-diviser-le-texte.png\" sizes=\"auto, \" srcset=\"\" alt=\"click-finish-to-split-text\" width=\"519\" height=\"379\"><\/li><li> Sobald Sie auf \u201eFertig stellen\u201c klicken, werden die Werte einer einzelnen Zelle basierend auf den dort vorhandenen W\u00f6rtern in mehrere Zellen aufgeteilt. <br><img loading=\"lazy\" decoding=\"async\" title=\"0-Werte-in-mehrere-Zellen aufteilen\" src=\"https:\/\/exceladvisor.org\/wp-content\/uploads\/2023\/08\/10-valeurs-fractionnees-en-plusieurs-cellules.png\" sizes=\"auto, \" srcset=\"\" alt=\"split-values-into-multiple-cells\" width=\"543\" height=\"136\"><\/li><\/ol><h2 id=\"h-split-a-text-using-spaces-with-find-left-mid-and-right\" class=\"wp-block-heading\"> Teilen Sie Text mithilfe von Leerzeichen mit FIND, LEFT, MID und RIGHT auf<\/h2><p> Wenn Sie eine bestimmte Anzahl von W\u00f6rtern in einer Zelle haben und diese durch ein Leerzeichen trennen m\u00fcssen, k\u00f6nnen Sie die Formel daf\u00fcr erstellen. Dazu m\u00fcssen Sie drei verschiedene Formeln schreiben: <\/p><div class=\"wp-block-image\"><figure class=\"aligncenter size-full is-resized\"><img loading=\"lazy\" decoding=\"async\" class=\"wp-image-82600\" src=\"https:\/\/exceladvisor.org\/wp-content\/uploads\/2023\/08\/11-diviser-le-texte-en-utilisant-des-espaces.png\" sizes=\"auto, \" srcset=\"\" alt=\"Text mithilfe von Leerzeichen teilen\" width=\"399\" height=\"243\"><\/figure><\/div><h3 id=\"h-formula-1-to-get-the-first-word\" class=\"wp-block-heading\"> Formel 1: Das erste Wort haben: <\/h3><pre class=\"wp-block-code\"> <code class=\"language-excel-formula\" lang=\"excel-formula\">=LEFT(A1, SEARCH(\" \", A1))<\/code><\/pre><div class=\"wp-block-image\"><figure class=\"aligncenter size-full is-resized\"><img loading=\"lazy\" decoding=\"async\" class=\"wp-image-82601\" src=\"https:\/\/exceladvisor.org\/wp-content\/uploads\/2023\/08\/12-a-gauche-pour-obtenir-le-premier-mot.png\" sizes=\"auto, \" srcset=\"\" alt=\"links, um das erste Wort zu bekommen\" width=\"477\" height=\"240\"><\/figure><\/div><p> Dies ist die erste Formel, die Sie in eine Zelle eingeben m\u00fcssen, um das erste Wort des Werts zu erhalten. Dann verwendet es LEFT, um den Text abzurufen, und SEARCH, um das erste Leerzeichen zu finden.<\/p><h3 id=\"h-formula-2-to-get-the-middle-word\" class=\"wp-block-heading\"> Formel 2: Das Mittelwort finden<\/h3><p> Danach m\u00fcssen Sie die folgende Formel verwenden, um das mittlere Wort zu erhalten. <\/p><div class=\"wp-block-image\"><figure class=\"aligncenter size-full is-resized\"><img loading=\"lazy\" decoding=\"async\" class=\"wp-image-82602\" src=\"https:\/\/exceladvisor.org\/wp-content\/uploads\/2023\/08\/13-mi-pour-obtenir-le-mot-du-milieu.png\" sizes=\"auto, \" srcset=\"\" alt=\"Mitte-um-den-Mittelpunkt-Wort zu finden\" width=\"757\" height=\"180\"><\/figure><\/div><p> In dieser Formel verwenden wir MID und SEARCH, um das erste Leerzeichen zu finden. Und dann berechnen Sie die Anzahl der Zeichen im Wort<\/p><h3 id=\"h-formula-3-to-get-the-last-word\" class=\"wp-block-heading\"> Formel 3: Das letzte Wort bekommen<\/h3><p> Verwenden Sie abschlie\u00dfend die folgende Formel, um das letzte Wort der Zelle zu erhalten. <\/p><div class=\"wp-block-image\"><figure class=\"aligncenter size-full is-resized\"><img loading=\"lazy\" decoding=\"async\" class=\"wp-image-82603\" src=\"https:\/\/exceladvisor.org\/wp-content\/uploads\/2023\/08\/14-droit-davoir-le-dernier-mot.png\" sizes=\"auto, \" srcset=\"\" alt=\"das Recht, das letzte Wort zu haben\" width=\"689\" height=\"215\"><\/figure><\/div><pre class=\"wp-block-code\"> <code class=\"language-excel-formula\" lang=\"excel-formula\">=RIGHT(A1, LEN(A1)-SEARCH(\" \", A1,SEARCH(\" \",A1)+1))<\/code><\/pre><p> Diese Formel verwendet SEARCH zweimal, um das zweite Leerzeichen in der Zelle abzurufen, und verwendet dann RIGHT, um das Wort auf der rechten Seite der Zelle abzurufen, das das letzte Wort ist. <\/p><div class=\"gb-container gb-container-52dfcee1 gb-container-sample-file\"><h2 class=\"gb-headline gb-headline-e289c143 gb-headline-text gb-headline-4f7959c2\"> Holen Sie sich die Excel-Datei<\/h2><p> <a class=\"gb-button gb-button-e88d6bee gb-button-text gb-button-button1\" href=\"https:\/\/exceladvisor.org\/wp-content\/uploads\/2023\/11\/divise-par-espace-2.xlsx\" rel=\"nofollow\">Herunterladen<\/a><\/p><\/div><div class=\"gb-container gb-container-4db6181c gb-container-mt\"> <a class=\"gb-button gb-button-c5897111 gb-button-text gb-button-mt-button\" href=\"https:\/\/exceladvisor.org\/de\/vba\/\">Was ist VBA<\/a><h2 class=\"gb-headline gb-headline-665e5f6b gb-headline-text gb-headline-mt-heading\"> Verwandte Tutorials <\/h2><div class=\"gb-grid-wrapper gb-grid-wrapper-a20baf7c gb-grid-wrapper-mt-grid\"><div class=\"gb-grid-column gb-grid-column-65ddf67e\"><div class=\"gb-container gb-container-65ddf67e\"><ul><li> Entfernen Sie das erste Zeichen aus einer Zelle in Excel<\/li><li> <a href=\"https:\/\/exceladvisor.org\/de\/entfernen-sie-zusatzliche-leerzeichen\/\">Entfernen Sie zus\u00e4tzliche Leerzeichen in Excel<\/a><\/li><li> <a href=\"https:\/\/exceladvisor.org\/de\/das-erste-letzte-wort-bekommen\/\">Separate Namen in Excel \u2013 (Vor- und Nachname)<\/a><\/li><li> <a href=\"https:\/\/exceladvisor.org\/de\/extrahiere-das-letzte-wort-2\/\">Extrahieren Sie das letzte Wort aus einer Zelle<\/a><\/li><li> <a href=\"https:\/\/exceladvisor.org\/de\/zeilenumbruch-2-entfernen\/\">Zeilenumbruch aus einer Zelle entfernen<\/a><\/li><\/ul><\/div><\/div><\/div><\/div>","protected":false},"excerpt":{"rendered":"","protected":false},"author":1,"featured_media":0,"parent":0,"menu_order":0,"comment_status":"open","ping_status":"closed","template":"","meta":{"ub_ctt_via":"","footnotes":""},"class_list":["post-3314","page","type-page","status-publish","hentry"],"featured_image_src":null,"yoast_head":"<!-- This site is optimized with the Yoast SEO plugin v25.4 - https:\/\/yoast.com\/wordpress\/plugins\/seo\/ -->\n<title>Teilen Sie Text mithilfe einer Leerzeicheneingabe in Excel<\/title>\n<meta name=\"description\" content=\"In diesem Tutorial erfahren Sie, wie Sie eine Excel-Formel schreiben, um Text mithilfe eines Leerzeichens aufzuteilen. Lassen Sie uns das \u00fcberpr\u00fcfen ...\" \/>\n<meta name=\"robots\" content=\"index, follow, max-snippet:-1, max-image-preview:large, max-video-preview:-1\" \/>\n<link rel=\"canonical\" href=\"https:\/\/exceladvisor.org\/de\/text-mit-einem-leerzeichen-teilen\/\" \/>\n<meta property=\"og:locale\" content=\"de_DE\" \/>\n<meta property=\"og:type\" content=\"article\" \/>\n<meta property=\"og:title\" content=\"Teilen Sie Text mithilfe einer Leerzeicheneingabe in Excel\" \/>\n<meta property=\"og:description\" content=\"In diesem Tutorial erfahren Sie, wie Sie eine Excel-Formel schreiben, um Text mithilfe eines Leerzeichens aufzuteilen. Lassen Sie uns das \u00fcberpr\u00fcfen ...\" \/>\n<meta property=\"og:url\" content=\"https:\/\/exceladvisor.org\/de\/text-mit-einem-leerzeichen-teilen\/\" \/>\n<meta property=\"og:site_name\" content=\"Excel Advisor\" \/>\n<meta property=\"article:modified_time\" content=\"2023-12-03T11:12:55+00:00\" \/>\n<meta property=\"og:image\" content=\"https:\/\/exceladvisor.org\/wp-content\/uploads\/2023\/08\/1-fractionner-le-texte-en-utilisant-un-espace-entre.png\" \/>\n<meta name=\"twitter:card\" content=\"summary_large_image\" \/>\n<meta name=\"twitter:label1\" content=\"Gesch\u00e4tzte Lesezeit\" \/>\n\t<meta name=\"twitter:data1\" content=\"3\u00a0Minuten\" \/>\n<script type=\"application\/ld+json\" class=\"yoast-schema-graph\">{\"@context\":\"https:\/\/schema.org\",\"@graph\":[{\"@type\":\"WebPage\",\"@id\":\"https:\/\/exceladvisor.org\/de\/text-mit-einem-leerzeichen-teilen\/\",\"url\":\"https:\/\/exceladvisor.org\/de\/text-mit-einem-leerzeichen-teilen\/\",\"name\":\"Teilen Sie Text mithilfe einer Leerzeicheneingabe in Excel\",\"isPartOf\":{\"@id\":\"https:\/\/exceladvisor.org\/de\/#website\"},\"primaryImageOfPage\":{\"@id\":\"https:\/\/exceladvisor.org\/de\/text-mit-einem-leerzeichen-teilen\/#primaryimage\"},\"image\":{\"@id\":\"https:\/\/exceladvisor.org\/de\/text-mit-einem-leerzeichen-teilen\/#primaryimage\"},\"thumbnailUrl\":\"https:\/\/exceladvisor.org\/wp-content\/uploads\/2023\/08\/1-fractionner-le-texte-en-utilisant-un-espace-entre.png\",\"datePublished\":\"2023-11-02T02:49:26+00:00\",\"dateModified\":\"2023-12-03T11:12:55+00:00\",\"description\":\"In diesem Tutorial erfahren Sie, wie Sie eine Excel-Formel schreiben, um Text mithilfe eines Leerzeichens aufzuteilen. Lassen Sie uns das \u00fcberpr\u00fcfen ...\",\"breadcrumb\":{\"@id\":\"https:\/\/exceladvisor.org\/de\/text-mit-einem-leerzeichen-teilen\/#breadcrumb\"},\"inLanguage\":\"de\",\"potentialAction\":[{\"@type\":\"ReadAction\",\"target\":[\"https:\/\/exceladvisor.org\/de\/text-mit-einem-leerzeichen-teilen\/\"]}]},{\"@type\":\"ImageObject\",\"inLanguage\":\"de\",\"@id\":\"https:\/\/exceladvisor.org\/de\/text-mit-einem-leerzeichen-teilen\/#primaryimage\",\"url\":\"https:\/\/exceladvisor.org\/wp-content\/uploads\/2023\/08\/1-fractionner-le-texte-en-utilisant-un-espace-entre.png\",\"contentUrl\":\"https:\/\/exceladvisor.org\/wp-content\/uploads\/2023\/08\/1-fractionner-le-texte-en-utilisant-un-espace-entre.png\"},{\"@type\":\"BreadcrumbList\",\"@id\":\"https:\/\/exceladvisor.org\/de\/text-mit-einem-leerzeichen-teilen\/#breadcrumb\",\"itemListElement\":[{\"@type\":\"ListItem\",\"position\":1,\"name\":\"Accueil\",\"item\":\"https:\/\/exceladvisor.org\/de\/\"},{\"@type\":\"ListItem\",\"position\":2,\"name\":\"Teilen sie text mit einem leerzeichen dazwischen\"}]},{\"@type\":\"WebSite\",\"@id\":\"https:\/\/exceladvisor.org\/de\/#website\",\"url\":\"https:\/\/exceladvisor.org\/de\/\",\"name\":\"Excel Advisor\",\"description\":\"Ihr Leitfaden zur Datendominanz\",\"publisher\":{\"@id\":\"https:\/\/exceladvisor.org\/de\/#organization\"},\"potentialAction\":[{\"@type\":\"SearchAction\",\"target\":{\"@type\":\"EntryPoint\",\"urlTemplate\":\"https:\/\/exceladvisor.org\/de\/?s={search_term_string}\"},\"query-input\":{\"@type\":\"PropertyValueSpecification\",\"valueRequired\":true,\"valueName\":\"search_term_string\"}}],\"inLanguage\":\"de\"},{\"@type\":\"Organization\",\"@id\":\"https:\/\/exceladvisor.org\/de\/#organization\",\"name\":\"Excel Advisor\",\"url\":\"https:\/\/exceladvisor.org\/de\/\",\"logo\":{\"@type\":\"ImageObject\",\"inLanguage\":\"de\",\"@id\":\"https:\/\/exceladvisor.org\/de\/#\/schema\/logo\/image\/\",\"url\":\"https:\/\/exceladvisor.org\/de\/wp-content\/uploads\/2023\/11\/exceladvisor.org_.png\",\"contentUrl\":\"https:\/\/exceladvisor.org\/de\/wp-content\/uploads\/2023\/11\/exceladvisor.org_.png\",\"width\":105,\"height\":36,\"caption\":\"Excel Advisor\"},\"image\":{\"@id\":\"https:\/\/exceladvisor.org\/de\/#\/schema\/logo\/image\/\"}}]}<\/script>\n<!-- \/ Yoast SEO plugin. -->","yoast_head_json":{"title":"Teilen Sie Text mithilfe einer Leerzeicheneingabe in Excel","description":"In diesem Tutorial erfahren Sie, wie Sie eine Excel-Formel schreiben, um Text mithilfe eines Leerzeichens aufzuteilen. Lassen Sie uns das \u00fcberpr\u00fcfen ...","robots":{"index":"index","follow":"follow","max-snippet":"max-snippet:-1","max-image-preview":"max-image-preview:large","max-video-preview":"max-video-preview:-1"},"canonical":"https:\/\/exceladvisor.org\/de\/text-mit-einem-leerzeichen-teilen\/","og_locale":"de_DE","og_type":"article","og_title":"Teilen Sie Text mithilfe einer Leerzeicheneingabe in Excel","og_description":"In diesem Tutorial erfahren Sie, wie Sie eine Excel-Formel schreiben, um Text mithilfe eines Leerzeichens aufzuteilen. Lassen Sie uns das \u00fcberpr\u00fcfen ...","og_url":"https:\/\/exceladvisor.org\/de\/text-mit-einem-leerzeichen-teilen\/","og_site_name":"Excel Advisor","article_modified_time":"2023-12-03T11:12:55+00:00","og_image":[{"url":"https:\/\/exceladvisor.org\/wp-content\/uploads\/2023\/08\/1-fractionner-le-texte-en-utilisant-un-espace-entre.png","type":"","width":"","height":""}],"twitter_card":"summary_large_image","twitter_misc":{"Gesch\u00e4tzte Lesezeit":"3\u00a0Minuten"},"schema":{"@context":"https:\/\/schema.org","@graph":[{"@type":"WebPage","@id":"https:\/\/exceladvisor.org\/de\/text-mit-einem-leerzeichen-teilen\/","url":"https:\/\/exceladvisor.org\/de\/text-mit-einem-leerzeichen-teilen\/","name":"Teilen Sie Text mithilfe einer Leerzeicheneingabe in Excel","isPartOf":{"@id":"https:\/\/exceladvisor.org\/de\/#website"},"primaryImageOfPage":{"@id":"https:\/\/exceladvisor.org\/de\/text-mit-einem-leerzeichen-teilen\/#primaryimage"},"image":{"@id":"https:\/\/exceladvisor.org\/de\/text-mit-einem-leerzeichen-teilen\/#primaryimage"},"thumbnailUrl":"https:\/\/exceladvisor.org\/wp-content\/uploads\/2023\/08\/1-fractionner-le-texte-en-utilisant-un-espace-entre.png","datePublished":"2023-11-02T02:49:26+00:00","dateModified":"2023-12-03T11:12:55+00:00","description":"In diesem Tutorial erfahren Sie, wie Sie eine Excel-Formel schreiben, um Text mithilfe eines Leerzeichens aufzuteilen. Lassen Sie uns das \u00fcberpr\u00fcfen ...","breadcrumb":{"@id":"https:\/\/exceladvisor.org\/de\/text-mit-einem-leerzeichen-teilen\/#breadcrumb"},"inLanguage":"de","potentialAction":[{"@type":"ReadAction","target":["https:\/\/exceladvisor.org\/de\/text-mit-einem-leerzeichen-teilen\/"]}]},{"@type":"ImageObject","inLanguage":"de","@id":"https:\/\/exceladvisor.org\/de\/text-mit-einem-leerzeichen-teilen\/#primaryimage","url":"https:\/\/exceladvisor.org\/wp-content\/uploads\/2023\/08\/1-fractionner-le-texte-en-utilisant-un-espace-entre.png","contentUrl":"https:\/\/exceladvisor.org\/wp-content\/uploads\/2023\/08\/1-fractionner-le-texte-en-utilisant-un-espace-entre.png"},{"@type":"BreadcrumbList","@id":"https:\/\/exceladvisor.org\/de\/text-mit-einem-leerzeichen-teilen\/#breadcrumb","itemListElement":[{"@type":"ListItem","position":1,"name":"Accueil","item":"https:\/\/exceladvisor.org\/de\/"},{"@type":"ListItem","position":2,"name":"Teilen sie text mit einem leerzeichen dazwischen"}]},{"@type":"WebSite","@id":"https:\/\/exceladvisor.org\/de\/#website","url":"https:\/\/exceladvisor.org\/de\/","name":"Excel Advisor","description":"Ihr Leitfaden zur Datendominanz","publisher":{"@id":"https:\/\/exceladvisor.org\/de\/#organization"},"potentialAction":[{"@type":"SearchAction","target":{"@type":"EntryPoint","urlTemplate":"https:\/\/exceladvisor.org\/de\/?s={search_term_string}"},"query-input":{"@type":"PropertyValueSpecification","valueRequired":true,"valueName":"search_term_string"}}],"inLanguage":"de"},{"@type":"Organization","@id":"https:\/\/exceladvisor.org\/de\/#organization","name":"Excel Advisor","url":"https:\/\/exceladvisor.org\/de\/","logo":{"@type":"ImageObject","inLanguage":"de","@id":"https:\/\/exceladvisor.org\/de\/#\/schema\/logo\/image\/","url":"https:\/\/exceladvisor.org\/de\/wp-content\/uploads\/2023\/11\/exceladvisor.org_.png","contentUrl":"https:\/\/exceladvisor.org\/de\/wp-content\/uploads\/2023\/11\/exceladvisor.org_.png","width":105,"height":36,"caption":"Excel Advisor"},"image":{"@id":"https:\/\/exceladvisor.org\/de\/#\/schema\/logo\/image\/"}}]}},"yoast_meta":{"yoast_wpseo_title":"","yoast_wpseo_metadesc":"","yoast_wpseo_canonical":""},"_links":{"self":[{"href":"https:\/\/exceladvisor.org\/de\/wp-json\/wp\/v2\/pages\/3314","targetHints":{"allow":["GET"]}}],"collection":[{"href":"https:\/\/exceladvisor.org\/de\/wp-json\/wp\/v2\/pages"}],"about":[{"href":"https:\/\/exceladvisor.org\/de\/wp-json\/wp\/v2\/types\/page"}],"author":[{"embeddable":true,"href":"https:\/\/exceladvisor.org\/de\/wp-json\/wp\/v2\/users\/1"}],"replies":[{"embeddable":true,"href":"https:\/\/exceladvisor.org\/de\/wp-json\/wp\/v2\/comments?post=3314"}],"version-history":[{"count":1,"href":"https:\/\/exceladvisor.org\/de\/wp-json\/wp\/v2\/pages\/3314\/revisions"}],"predecessor-version":[{"id":3796,"href":"https:\/\/exceladvisor.org\/de\/wp-json\/wp\/v2\/pages\/3314\/revisions\/3796"}],"wp:attachment":[{"href":"https:\/\/exceladvisor.org\/de\/wp-json\/wp\/v2\/media?parent=3314"}],"curies":[{"name":"wp","href":"https:\/\/api.w.org\/{rel}","templated":true}]}}