{"id":3315,"date":"2023-11-01T23:34:59","date_gmt":"2023-11-01T23:34:59","guid":{"rendered":"https:\/\/exceladvisor.org\/de\/neue-zeile-in-der-zelle\/"},"modified":"2023-12-03T11:20:53","modified_gmt":"2023-12-03T11:20:53","slug":"neue-zeile-in-der-zelle","status":"publish","type":"page","link":"https:\/\/exceladvisor.org\/de\/neue-zeile-in-der-zelle\/","title":{"rendered":"Wie f\u00fcge ich einer zelle eine neue zeile hinzu?"},"content":{"rendered":"<div class=\"excel-vor-dem-inhalt\" id=\"excel-3871287433\"><script type=\"text\/javascript\">\r\n\tatOptions = {\r\n\t\t'key' : 'c1158f160081d6540a8409e6925dab94',\r\n\t\t'format' : 'iframe',\r\n\t\t'height' : 250,\r\n\t\t'width' : 300,\r\n\t\t'params' : {}\r\n\t};\r\n<\/script>\r\n<script type=\"text\/javascript\" src=\"\/\/www.highperformanceformat.com\/c1158f160081d6540a8409e6925dab94\/invoke.js\"><\/script><\/div> <p>Um in Excel eine neue Zeile zu beginnen oder in eine Zelle einzuf\u00fcgen, k\u00f6nnen Sie verschiedene Methoden verwenden. Am einfachsten ist es jedoch, die <strong><a href=\"https:\/\/exceladvisor.org\/de\/tastaturkurzel\/\">Tastenkombination<\/a> Alt + Eingabetaste<\/strong> zu verwenden, die Sie bei der Eingabe von Werten verwenden k\u00f6nnen. Dar\u00fcber hinaus k\u00f6nnen Sie sie auch mit einer Formel wie TEXTJOIN und CONCATENATE verwenden.<\/p><p> In diesem Tutorial werden wir uns alle diese Methoden ansehen und Sie k\u00f6nnen jede davon entsprechend Ihren Anforderungen ausw\u00e4hlen. <\/p><div class=\"gb-container gb-container-52dfcee1 gb-container-sample-file\"><h2 class=\"gb-headline gb-headline-e289c143 gb-headline-text gb-headline-4f7959c2\"> Holen Sie sich die Excel-Datei<\/h2> <a class=\"gb-button gb-button-e88d6bee gb-button-text gb-button-button1\" href=\"https:\/\/exceladvisor.org\/wp-content\/uploads\/2023\/11\/ajouter-une-nouvelle-ligne.xlsx\" rel=\"nofollow\">Herunterladen<\/a><\/div><h2 class=\"wp-block-heading\"> Schritte zum Starten einer neuen Zeile in Excel in einer Zelle (manuell)<\/h2><p> Im folgenden Beispiel m\u00f6chte ich meinen Nachnamen in Zelle A1 einf\u00fcgen, meinen Nachnamen jedoch nur in eine neue Zeile innerhalb der Zelle. Gehen wir dazu also wie folgt vor: <\/p><div class=\"wp-block-image\"><figure class=\"aligncenter size-full is-resized\"><img loading=\"lazy\" decoding=\"async\" class=\"wp-image-72328\" src=\"https:\/\/exceladvisor.org\/wp-content\/uploads\/2023\/08\/1-ajouter-une-nouvelle-ligne.png\" sizes=\"auto, \" srcset=\"\" alt=\"eine neue Zeile hinzuf\u00fcgen\" width=\"468\" height=\"436\"><\/figure><\/div><ol><li> Als Erstes m\u00fcssen Sie <a href=\"https:\/\/exceladvisor.org\/de\/zelle-bearbeiten\/\">die Zelle bearbeiten<\/a> und den ersten Wert eingeben, indem Sie ihn normal eingeben. <br><img loading=\"lazy\" decoding=\"async\" title=\"2-Text eingeben\" src=\"https:\/\/exceladvisor.org\/wp-content\/uploads\/2023\/08\/2-saisir-le-texte.png\" sizes=\"auto, \" srcset=\"\" alt=\"enter-the-text\" width=\"419\" height=\"197\"><\/li><li> Danach m\u00fcssen Sie die ALT-Taste auf Ihrer Tastatur gedr\u00fcckt halten.<\/li><li> Als n\u00e4chstes m\u00fcssen Sie die Eingabetaste dr\u00fccken, w\u00e4hrend Sie die ALT-Taste gedr\u00fcckt halten. Dadurch wird Ihr Cursor in die neue Zeile bewegt. <br><img loading=\"lazy\" decoding=\"async\" title=\"Dreimaliges Dr\u00fccken der Eingabe- und Alt-Taste\" src=\"https:\/\/exceladvisor.org\/wp-content\/uploads\/2023\/08\/3-appuyez-sur-les-touches-entree-et-alt.png\" sizes=\"auto, \" srcset=\"\" alt=\"press-enter-and-alt-keys\" width=\"426\" height=\"166\"><\/li><li> Jetzt k\u00f6nnen Sie in der zweiten Zeile den Nachnamen eingeben, indem Sie ihn einfach eintippen. <br><img loading=\"lazy\" decoding=\"async\" title=\"4-Eingabe in der zweiten Zeile\" src=\"https:\/\/exceladvisor.org\/wp-content\/uploads\/2023\/08\/4-entrer-en-deuxieme-ligne.png\" sizes=\"auto, \" srcset=\"\" alt=\"enter-in-second-line\" width=\"422\" height=\"203\"><\/li><li> Dr\u00fccken Sie am Ende die Eingabetaste, um den Zellenbearbeitungsmodus zu verlassen. <br><img loading=\"lazy\" decoding=\"async\" title=\"5. Dr\u00fccken Sie die Eingabetaste\" src=\"https:\/\/exceladvisor.org\/wp-content\/uploads\/2023\/08\/5-appuyez-sur-entree.png\" sizes=\"auto, \" srcset=\"\" alt=\"hit-the-enter\" width=\"425\" height=\"158\"><\/li><\/ol><p> Hier haben Sie also eine Zelle, in der sich in der neuen Zeile (zweite Zeile) der Zelle ein Wert befindet.<\/p><p> Eines sollten Sie jedoch wissen: Wenn Sie \u00fcber eine Tastenkombination eine neue Zeile in die Zelle einf\u00fcgen, <strong>aktiviert Excel automatisch den Textumbruch f\u00fcr diese Zelle.<\/strong> <\/p><div class=\"wp-block-image\"><figure class=\"aligncenter size-full is-resized\"><img loading=\"lazy\" decoding=\"async\" class=\"wp-image-72333\" src=\"https:\/\/exceladvisor.org\/wp-content\/uploads\/2023\/08\/6-habillage-du-texte-active.png\" sizes=\"auto, \" srcset=\"\" alt=\"Wrap-Text-f\u00e4hig\" width=\"592\" height=\"347\"><\/figure><\/div><p> Wenn Sie nun diese umschlie\u00dfende Textformatierung aus der Zelle entfernen, wird auch die neue Zeile aus der Zelle entfernt, die Sie bei der Eingabe der Werte hinzugef\u00fcgt haben. <\/p><div class=\"wp-block-image\"><figure class=\"aligncenter size-full is-resized\"><img loading=\"lazy\" decoding=\"async\" class=\"wp-image-72334\" src=\"https:\/\/exceladvisor.org\/wp-content\/uploads\/2023\/08\/7-supprimer-le-texte-dhabillage.png\" sizes=\"auto, \" srcset=\"\" alt=\"Umbruchtext entfernen\" width=\"591\" height=\"360\"><\/figure><\/div><h2 class=\"wp-block-heading\"> Formel zum Hinzuf\u00fcgen einer neuen Zeile zu einer Zelle in Excel<\/h2><p> Wenn Sie eine neue Zeile in mehrere Zellen gleichzeitig einf\u00fcgen m\u00fcssen, verwenden Sie am besten eine Formel. Im folgenden Beispiel haben Sie <a href=\"https:\/\/exceladvisor.org\/de\/das-erste-letzte-wort-bekommen\/\">Vor- und Nachnamen<\/a> in den Spalten A und B. <\/p><div class=\"wp-block-image\"><figure class=\"aligncenter size-full is-resized\"><img loading=\"lazy\" decoding=\"async\" class=\"wp-image-72335\" src=\"https:\/\/exceladvisor.org\/wp-content\/uploads\/2023\/08\/8-ajouter-une-nouvelle-ligne-dans-les-cellules.png\" sizes=\"auto, \" srcset=\"\" alt=\"Neue Zeile in Zellen hinzuf\u00fcgen\" width=\"506\" height=\"331\"><\/figure><\/div><p> Jetzt m\u00fcssen Sie beide VERKETTEN, um den vollst\u00e4ndigen Namen in Spalte C zu erhalten. Und hier m\u00fcssen Sie auch die CHAR-Funktion verwenden, um eine neue Zeile in die Zelle einzugeben. <\/p><div class=\"wp-block-image\"><figure class=\"aligncenter size-full is-resized\"><img loading=\"lazy\" decoding=\"async\" class=\"wp-image-72336\" src=\"https:\/\/exceladvisor.org\/wp-content\/uploads\/2023\/08\/9-concatenation-et-fonction-char.png\" sizes=\"auto, \" srcset=\"\" alt=\"Verkettung und Zeichenfunktion\" width=\"610\" height=\"552\"><\/figure><\/div><ol type=\"1\"><li> Als Erstes geben Sie die Verkettungsfunktion in Zelle C2 ein.<\/li><li> Beziehen Sie sich anschlie\u00dfend im ersten Argument auf Zelle A2, in der Sie den Vornamen haben.<\/li><li> Geben Sie dann im zweiten Argument die CHAR-Funktion ein und verwenden Sie 10 als Argumentwert.<\/li><li> Von dort aus beziehen Sie sich im dritten Argument auf Zelle B2, in der Sie den Nachnamen haben.<\/li><li> Dr\u00fccken Sie nun die Eingabetaste und wenden Sie diese Formel auf alle Namen an, die Sie in der Spalte haben.<\/li><li> Um den Zeilenumbruch zu erhalten, m\u00fcssen Sie den Umbruchtext letztendlich auf die gesamte Spalte C anwenden.<\/li><\/ol><pre class=\"wp-block-code\"> <code class=\"language-excel-formula\" lang=\"excel-formula\">=CONCATENATE(A2,CHAR(10),B2)<\/code><\/pre><p> Auf die gleiche Weise k\u00f6nnen Sie auch TEXTJOIN verwenden, das Ihnen ebenfalls hilft, zwei Werte aus der Zelle zu kombinieren und dann mit der CHAR-Funktion eine neue Zeile (Zeilenumbruch) in der Zelle hinzuzuf\u00fcgen. <\/p><div class=\"wp-block-image\"><figure class=\"aligncenter size-full is-resized\"><img loading=\"lazy\" decoding=\"async\" class=\"wp-image-72337\" src=\"https:\/\/exceladvisor.org\/wp-content\/uploads\/2023\/08\/10-fonction-textjoin-et-char.png\" sizes=\"auto, \" srcset=\"\" alt=\"Textjoin-and-Char-Funktion\" width=\"599\" height=\"581\"><\/figure><\/div><pre class=\"wp-block-code\"> <code class=\"language-excel-formula\" lang=\"excel-formula\">=TEXTJOIN(CHAR(10),TRUE,A2:B2)<\/code><\/pre><p> Nachdem Sie eine Formel mit TEXTJOIN und CHAR erstellt haben, m\u00fcssen Sie auch eine umlaufende Textformatierung auf die Zelle anwenden, damit die beiden Werte mithilfe eines <a href=\"https:\/\/exceladvisor.org\/de\/einen-zeilenumbruch-verketten\/\">Zeilenumbruchs<\/a> in zwei verschiedenen Zeilen angezeigt werden.<\/p><h2 class=\"wp-block-heading\"> Benannter Bereichstrick zum Einf\u00fcgen einer neuen Zeile in eine Zelle<\/h2><p> Sie k\u00f6nnen auch einen benannten Bereich in Excel erstellen und innerhalb dieses benannten Bereichs eine CHAR-Funktion hinzuf\u00fcgen. Gehen Sie zur Registerkarte Formel \u21e2 Namensmanager \u21e2 Neu. <\/p><div class=\"wp-block-image\"><figure class=\"aligncenter size-full is-resized\"><img loading=\"lazy\" decoding=\"async\" class=\"wp-image-72338\" src=\"https:\/\/exceladvisor.org\/wp-content\/uploads\/2023\/08\/11-plage-nommee-pour-inserer-une-ligne.png\" sizes=\"auto, \" srcset=\"\" alt=\"benannter-Bereich-zum-Einf\u00fcgen-Zeile\" width=\"453\" height=\"301\"><\/figure><\/div><p> Wenn Sie nun eine neue Zeile in einer Zelle hinzuf\u00fcgen und dabei zwei Werte kombinieren m\u00f6chten, k\u00f6nnen Sie einfach eine Formel wie die folgende verwenden. <\/p><div class=\"wp-block-image\"><figure class=\"aligncenter size-full is-resized\"><img loading=\"lazy\" decoding=\"async\" class=\"wp-image-72339\" src=\"https:\/\/exceladvisor.org\/wp-content\/uploads\/2023\/08\/12-formules-pour-combiner-des-valeurs-dans-des-lignes.png\" sizes=\"auto, \" srcset=\"\" alt=\"Formel zum Kombinieren von Werten in Zeilen\" width=\"600\" height=\"589\"><\/figure><\/div><p> Bei dieser Methode m\u00fcssen Sie au\u00dferdem Umbruchtext auf die Zelle anwenden, um den zweiten Wert in der neuen Zeile zu erhalten.<\/p><div class=\"gb-container gb-container-0df56012 gb-container-mt\"> <a class=\"gb-button gb-button-f9f432f4 gb-button-text gb-button-mt-button\" href=\"https:\/\/exceladvisor.org\/de\/formeln\/\">Liste der Excel-Formeln<\/a><h2 class=\"gb-headline gb-headline-233444e8 gb-headline-text gb-headline-mt-heading\"> Verwandte Formeln <\/h2><div class=\"gb-grid-wrapper gb-grid-wrapper-a16fa65c gb-grid-wrapper-mt-grid\"><div class=\"gb-grid-column gb-grid-column-50d07e0d\"><div class=\"gb-container gb-container-50d07e0d\"><ul><li> <a href=\"https:\/\/exceladvisor.org\/de\/fuhrende-nullen\/\">F\u00fcgen Sie f\u00fchrende Nullen in Excel hinzu<\/a><\/li><li> <a href=\"https:\/\/exceladvisor.org\/de\/verketten-sie-zellen-mit-einem-komma\/\">Verketten (kombinieren) Sie Zellen in Excel mit einem Komma<\/a><\/li><li> <a href=\"https:\/\/exceladvisor.org\/de\/eine-reihe-von-zellen-verketten\/\">Verketten (kombinieren) Sie einen Bereich von Zellen in Excel<\/a><\/li><li> <a href=\"https:\/\/exceladvisor.org\/de\/einen-zeilenumbruch-verketten\/\">Mit Zeilenumbruch in Excel verketten<\/a><\/li><\/ul><\/div><\/div><\/div><\/div>","protected":false},"excerpt":{"rendered":"","protected":false},"author":1,"featured_media":0,"parent":0,"menu_order":0,"comment_status":"open","ping_status":"closed","template":"","meta":{"ub_ctt_via":"","footnotes":""},"class_list":["post-3315","page","type-page","status-publish","hentry"],"featured_image_src":null,"yoast_head":"<!-- This site is optimized with the Yoast SEO plugin v25.4 - https:\/\/yoast.com\/wordpress\/plugins\/seo\/ -->\n<title>\u25b7 Wie f\u00fcge ich einer Zelle eine neue Zeile hinzu?<\/title>\n<meta name=\"description\" content=\"In diesem Tutorial erfahren Sie, wie Sie einer Zelle in Excel eine neue Zeile hinzuf\u00fcgen. Daf\u00fcr haben wir verschiedene Methoden\" \/>\n<meta name=\"robots\" content=\"index, follow, max-snippet:-1, max-image-preview:large, max-video-preview:-1\" \/>\n<link rel=\"canonical\" href=\"https:\/\/exceladvisor.org\/de\/neue-zeile-in-der-zelle\/\" \/>\n<meta property=\"og:locale\" content=\"de_DE\" \/>\n<meta property=\"og:type\" content=\"article\" \/>\n<meta property=\"og:title\" content=\"\u25b7 Wie f\u00fcge ich einer Zelle eine neue Zeile hinzu?\" \/>\n<meta property=\"og:description\" content=\"In diesem Tutorial erfahren Sie, wie Sie einer Zelle in Excel eine neue Zeile hinzuf\u00fcgen. Daf\u00fcr haben wir verschiedene Methoden\" \/>\n<meta property=\"og:url\" content=\"https:\/\/exceladvisor.org\/de\/neue-zeile-in-der-zelle\/\" \/>\n<meta property=\"og:site_name\" content=\"Excel Advisor\" \/>\n<meta property=\"article:modified_time\" content=\"2023-12-03T11:20:53+00:00\" \/>\n<meta property=\"og:image\" content=\"https:\/\/exceladvisor.org\/wp-content\/uploads\/2023\/08\/1-ajouter-une-nouvelle-ligne.png\" \/>\n<meta name=\"twitter:card\" content=\"summary_large_image\" \/>\n<meta name=\"twitter:label1\" content=\"Gesch\u00e4tzte Lesezeit\" \/>\n\t<meta name=\"twitter:data1\" content=\"3\u00a0Minuten\" \/>\n<script type=\"application\/ld+json\" class=\"yoast-schema-graph\">{\"@context\":\"https:\/\/schema.org\",\"@graph\":[{\"@type\":\"WebPage\",\"@id\":\"https:\/\/exceladvisor.org\/de\/neue-zeile-in-der-zelle\/\",\"url\":\"https:\/\/exceladvisor.org\/de\/neue-zeile-in-der-zelle\/\",\"name\":\"\u25b7 Wie f\u00fcge ich einer Zelle eine neue Zeile hinzu?\",\"isPartOf\":{\"@id\":\"https:\/\/exceladvisor.org\/de\/#website\"},\"primaryImageOfPage\":{\"@id\":\"https:\/\/exceladvisor.org\/de\/neue-zeile-in-der-zelle\/#primaryimage\"},\"image\":{\"@id\":\"https:\/\/exceladvisor.org\/de\/neue-zeile-in-der-zelle\/#primaryimage\"},\"thumbnailUrl\":\"https:\/\/exceladvisor.org\/wp-content\/uploads\/2023\/08\/1-ajouter-une-nouvelle-ligne.png\",\"datePublished\":\"2023-11-01T23:34:59+00:00\",\"dateModified\":\"2023-12-03T11:20:53+00:00\",\"description\":\"In diesem Tutorial erfahren Sie, wie Sie einer Zelle in Excel eine neue Zeile hinzuf\u00fcgen. Daf\u00fcr haben wir verschiedene Methoden\",\"breadcrumb\":{\"@id\":\"https:\/\/exceladvisor.org\/de\/neue-zeile-in-der-zelle\/#breadcrumb\"},\"inLanguage\":\"de\",\"potentialAction\":[{\"@type\":\"ReadAction\",\"target\":[\"https:\/\/exceladvisor.org\/de\/neue-zeile-in-der-zelle\/\"]}]},{\"@type\":\"ImageObject\",\"inLanguage\":\"de\",\"@id\":\"https:\/\/exceladvisor.org\/de\/neue-zeile-in-der-zelle\/#primaryimage\",\"url\":\"https:\/\/exceladvisor.org\/wp-content\/uploads\/2023\/08\/1-ajouter-une-nouvelle-ligne.png\",\"contentUrl\":\"https:\/\/exceladvisor.org\/wp-content\/uploads\/2023\/08\/1-ajouter-une-nouvelle-ligne.png\"},{\"@type\":\"BreadcrumbList\",\"@id\":\"https:\/\/exceladvisor.org\/de\/neue-zeile-in-der-zelle\/#breadcrumb\",\"itemListElement\":[{\"@type\":\"ListItem\",\"position\":1,\"name\":\"Accueil\",\"item\":\"https:\/\/exceladvisor.org\/de\/\"},{\"@type\":\"ListItem\",\"position\":2,\"name\":\"Wie f\u00fcge ich einer zelle eine neue zeile hinzu?\"}]},{\"@type\":\"WebSite\",\"@id\":\"https:\/\/exceladvisor.org\/de\/#website\",\"url\":\"https:\/\/exceladvisor.org\/de\/\",\"name\":\"Excel Advisor\",\"description\":\"Ihr Leitfaden zur Datendominanz\",\"publisher\":{\"@id\":\"https:\/\/exceladvisor.org\/de\/#organization\"},\"potentialAction\":[{\"@type\":\"SearchAction\",\"target\":{\"@type\":\"EntryPoint\",\"urlTemplate\":\"https:\/\/exceladvisor.org\/de\/?s={search_term_string}\"},\"query-input\":{\"@type\":\"PropertyValueSpecification\",\"valueRequired\":true,\"valueName\":\"search_term_string\"}}],\"inLanguage\":\"de\"},{\"@type\":\"Organization\",\"@id\":\"https:\/\/exceladvisor.org\/de\/#organization\",\"name\":\"Excel Advisor\",\"url\":\"https:\/\/exceladvisor.org\/de\/\",\"logo\":{\"@type\":\"ImageObject\",\"inLanguage\":\"de\",\"@id\":\"https:\/\/exceladvisor.org\/de\/#\/schema\/logo\/image\/\",\"url\":\"https:\/\/exceladvisor.org\/de\/wp-content\/uploads\/2023\/11\/exceladvisor.org_.png\",\"contentUrl\":\"https:\/\/exceladvisor.org\/de\/wp-content\/uploads\/2023\/11\/exceladvisor.org_.png\",\"width\":105,\"height\":36,\"caption\":\"Excel Advisor\"},\"image\":{\"@id\":\"https:\/\/exceladvisor.org\/de\/#\/schema\/logo\/image\/\"}}]}<\/script>\n<!-- \/ Yoast SEO plugin. -->","yoast_head_json":{"title":"\u25b7 Wie f\u00fcge ich einer Zelle eine neue Zeile hinzu?","description":"In diesem Tutorial erfahren Sie, wie Sie einer Zelle in Excel eine neue Zeile hinzuf\u00fcgen. Daf\u00fcr haben wir verschiedene Methoden","robots":{"index":"index","follow":"follow","max-snippet":"max-snippet:-1","max-image-preview":"max-image-preview:large","max-video-preview":"max-video-preview:-1"},"canonical":"https:\/\/exceladvisor.org\/de\/neue-zeile-in-der-zelle\/","og_locale":"de_DE","og_type":"article","og_title":"\u25b7 Wie f\u00fcge ich einer Zelle eine neue Zeile hinzu?","og_description":"In diesem Tutorial erfahren Sie, wie Sie einer Zelle in Excel eine neue Zeile hinzuf\u00fcgen. Daf\u00fcr haben wir verschiedene Methoden","og_url":"https:\/\/exceladvisor.org\/de\/neue-zeile-in-der-zelle\/","og_site_name":"Excel Advisor","article_modified_time":"2023-12-03T11:20:53+00:00","og_image":[{"url":"https:\/\/exceladvisor.org\/wp-content\/uploads\/2023\/08\/1-ajouter-une-nouvelle-ligne.png","type":"","width":"","height":""}],"twitter_card":"summary_large_image","twitter_misc":{"Gesch\u00e4tzte Lesezeit":"3\u00a0Minuten"},"schema":{"@context":"https:\/\/schema.org","@graph":[{"@type":"WebPage","@id":"https:\/\/exceladvisor.org\/de\/neue-zeile-in-der-zelle\/","url":"https:\/\/exceladvisor.org\/de\/neue-zeile-in-der-zelle\/","name":"\u25b7 Wie f\u00fcge ich einer Zelle eine neue Zeile hinzu?","isPartOf":{"@id":"https:\/\/exceladvisor.org\/de\/#website"},"primaryImageOfPage":{"@id":"https:\/\/exceladvisor.org\/de\/neue-zeile-in-der-zelle\/#primaryimage"},"image":{"@id":"https:\/\/exceladvisor.org\/de\/neue-zeile-in-der-zelle\/#primaryimage"},"thumbnailUrl":"https:\/\/exceladvisor.org\/wp-content\/uploads\/2023\/08\/1-ajouter-une-nouvelle-ligne.png","datePublished":"2023-11-01T23:34:59+00:00","dateModified":"2023-12-03T11:20:53+00:00","description":"In diesem Tutorial erfahren Sie, wie Sie einer Zelle in Excel eine neue Zeile hinzuf\u00fcgen. Daf\u00fcr haben wir verschiedene Methoden","breadcrumb":{"@id":"https:\/\/exceladvisor.org\/de\/neue-zeile-in-der-zelle\/#breadcrumb"},"inLanguage":"de","potentialAction":[{"@type":"ReadAction","target":["https:\/\/exceladvisor.org\/de\/neue-zeile-in-der-zelle\/"]}]},{"@type":"ImageObject","inLanguage":"de","@id":"https:\/\/exceladvisor.org\/de\/neue-zeile-in-der-zelle\/#primaryimage","url":"https:\/\/exceladvisor.org\/wp-content\/uploads\/2023\/08\/1-ajouter-une-nouvelle-ligne.png","contentUrl":"https:\/\/exceladvisor.org\/wp-content\/uploads\/2023\/08\/1-ajouter-une-nouvelle-ligne.png"},{"@type":"BreadcrumbList","@id":"https:\/\/exceladvisor.org\/de\/neue-zeile-in-der-zelle\/#breadcrumb","itemListElement":[{"@type":"ListItem","position":1,"name":"Accueil","item":"https:\/\/exceladvisor.org\/de\/"},{"@type":"ListItem","position":2,"name":"Wie f\u00fcge ich einer zelle eine neue zeile hinzu?"}]},{"@type":"WebSite","@id":"https:\/\/exceladvisor.org\/de\/#website","url":"https:\/\/exceladvisor.org\/de\/","name":"Excel Advisor","description":"Ihr Leitfaden zur Datendominanz","publisher":{"@id":"https:\/\/exceladvisor.org\/de\/#organization"},"potentialAction":[{"@type":"SearchAction","target":{"@type":"EntryPoint","urlTemplate":"https:\/\/exceladvisor.org\/de\/?s={search_term_string}"},"query-input":{"@type":"PropertyValueSpecification","valueRequired":true,"valueName":"search_term_string"}}],"inLanguage":"de"},{"@type":"Organization","@id":"https:\/\/exceladvisor.org\/de\/#organization","name":"Excel Advisor","url":"https:\/\/exceladvisor.org\/de\/","logo":{"@type":"ImageObject","inLanguage":"de","@id":"https:\/\/exceladvisor.org\/de\/#\/schema\/logo\/image\/","url":"https:\/\/exceladvisor.org\/de\/wp-content\/uploads\/2023\/11\/exceladvisor.org_.png","contentUrl":"https:\/\/exceladvisor.org\/de\/wp-content\/uploads\/2023\/11\/exceladvisor.org_.png","width":105,"height":36,"caption":"Excel Advisor"},"image":{"@id":"https:\/\/exceladvisor.org\/de\/#\/schema\/logo\/image\/"}}]}},"yoast_meta":{"yoast_wpseo_title":"","yoast_wpseo_metadesc":"","yoast_wpseo_canonical":""},"_links":{"self":[{"href":"https:\/\/exceladvisor.org\/de\/wp-json\/wp\/v2\/pages\/3315","targetHints":{"allow":["GET"]}}],"collection":[{"href":"https:\/\/exceladvisor.org\/de\/wp-json\/wp\/v2\/pages"}],"about":[{"href":"https:\/\/exceladvisor.org\/de\/wp-json\/wp\/v2\/types\/page"}],"author":[{"embeddable":true,"href":"https:\/\/exceladvisor.org\/de\/wp-json\/wp\/v2\/users\/1"}],"replies":[{"embeddable":true,"href":"https:\/\/exceladvisor.org\/de\/wp-json\/wp\/v2\/comments?post=3315"}],"version-history":[{"count":1,"href":"https:\/\/exceladvisor.org\/de\/wp-json\/wp\/v2\/pages\/3315\/revisions"}],"predecessor-version":[{"id":4033,"href":"https:\/\/exceladvisor.org\/de\/wp-json\/wp\/v2\/pages\/3315\/revisions\/4033"}],"wp:attachment":[{"href":"https:\/\/exceladvisor.org\/de\/wp-json\/wp\/v2\/media?parent=3315"}],"curies":[{"name":"wp","href":"https:\/\/api.w.org\/{rel}","templated":true}]}}