{"id":3316,"date":"2023-11-01T18:30:27","date_gmt":"2023-11-01T18:30:27","guid":{"rendered":"https:\/\/exceladvisor.org\/de\/fugen-sie-es-ihrem-lebenslauf-hinzu\/"},"modified":"2023-12-03T13:06:10","modified_gmt":"2023-12-03T13:06:10","slug":"fugen-sie-es-ihrem-lebenslauf-hinzu","status":"publish","type":"page","link":"https:\/\/exceladvisor.org\/de\/fugen-sie-es-ihrem-lebenslauf-hinzu\/","title":{"rendered":"Wie zeigen sie ihre excel-kenntnisse in einem lebenslauf?"},"content":{"rendered":"<div class=\"excel-vor-dem-inhalt\" id=\"excel-727134680\"><script type=\"text\/javascript\">\r\n\tatOptions = {\r\n\t\t'key' : 'c1158f160081d6540a8409e6925dab94',\r\n\t\t'format' : 'iframe',\r\n\t\t'height' : 250,\r\n\t\t'width' : 300,\r\n\t\t'params' : {}\r\n\t};\r\n<\/script>\r\n<script type=\"text\/javascript\" src=\"\/\/www.highperformanceformat.com\/c1158f160081d6540a8409e6925dab94\/invoke.js\"><\/script><\/div> <p><img loading=\"lazy\" decoding=\"async\" class=\"aligncenter\" style=\"aspect-ratio: auto 500 \/ 500;\" title=\"F\u00fcgen Sie F\u00e4higkeiten zu Ihrem Lebenslauf hinzu\" src=\"https:\/\/exceladvisor.org\/wp-content\/uploads\/2023\/08\/1-ajouter-des-competences-a-votre-CV.png\" sizes=\"auto, \" srcset=\"\" alt=\"add-skills-to-your-resume\" width=\"195\" height=\"195\" data-id=\"90027\" data-init-width=\"500\" data-init-height=\"500\" data-width=\"195\" data-height=\"195\"><\/p><p> Excel ist eine Anwendung mit vielf\u00e4ltigen Einsatzm\u00f6glichkeiten. Wenn Sie erst einmal mit dem Erlernen beginnen, werden Sie verstehen, dass es Hunderte von Funktionen gibt, die Sie erlernen k\u00f6nnen.<\/p><p> Die gr\u00f6\u00dfte Frage ist nun: Wie k\u00f6nnen Sie es in Ihrem Lebenslauf oder Lebenslauf zeigen, wenn Sie es erlernt haben und einige seiner Hauptfunktionen und Optionen beherrschen? Es gibt drei Hauptniveaus der Excel-Kenntnisse, die Sie erreichen k\u00f6nnen:<\/p><ul><li> <span data-preserver-spaces=\"true\">Basic<\/span><\/li><li> <span data-preserver-spaces=\"true\">Dazwischenliegend<\/span><\/li><li> <span data-preserver-spaces=\"true\">Vorauszahlung<\/span><\/li><\/ul><p> Die meisten Excel-Benutzer verwenden diese drei Ebenen, um ihre F\u00e4higkeiten in ihren Lebensl\u00e4ufen zu definieren. Wenn Sie jedoch dar\u00fcber nachdenken, was Sie verstehen, spiegeln diese Niveaus Ihre F\u00e4higkeiten nicht genau wider.<\/p><h2> Wie kann ich also meine Excel-Kenntnisse im Lebenslauf richtig erw\u00e4hnen?<\/h2><p> <em>Es geht nicht darum, wie gut Sie Microsoft Excel beherrschen, sondern darum, wie Sie Ihrem Unternehmen und seinen Gesch\u00e4ften damit helfen k\u00f6nnen.<\/em><\/p><p> Im Folgenden finden Sie f\u00fcnf wichtige M\u00f6glichkeiten, wie Sie Excel zur Unterst\u00fctzung Ihres Unternehmens einsetzen k\u00f6nnen und die Sie in Ihrem Lebenslauf erw\u00e4hnen k\u00f6nnen. <\/p><p><img loading=\"lazy\" decoding=\"async\" style=\"aspect-ratio: auto 944 \/ 306;\" title=\"F\u00e4higkeiten-Meter, um F\u00e4higkeiten zu Ihrem Lebenslauf hinzuzuf\u00fcgen\" src=\"https:\/\/exceladvisor.org\/wp-content\/uploads\/2023\/08\/compteur-de-competences-pour-ajouter-des-competences-a-votre-CV.png\" sizes=\"auto, \" srcset=\"\" alt=\"skill-meter-to-add-skills-to-your-resume\" width=\"607\" height=\"197\" data-id=\"90609\" data-init-width=\"944\" data-init-height=\"306\" data-width=\"607\" data-height=\"197\"><\/p><p> <a style=\"outline: none;\" href=\"https:\/\/exceladvisor.org\/wp-content\/uploads\/2023\/11\/modele-de-competences-excel.xlsx\" rel=\"nofollow\">Excel-Skills-Vorlage.xlsx<\/a><\/p><h3> (1). Ich wei\u00df, wie man Daten verwaltet und strukturiert<\/h3><p> Alles beginnt mit Daten. Und deshalb ist es wichtig zu wissen, wie man Daten mit Excel verwaltet. Sie k\u00f6nnen beschreiben, wie gut Sie Ihre Lebenslaufdaten verwalten k\u00f6nnen.<\/p><p> Nehmen wir an, Sie haben viele Excel-Dateien mit Daten und m\u00fcssen nun die Daten aus all diesen Dateien kombinieren. Dazu m\u00fcssen Sie wissen, wie man das mit Excel macht. Der beste Weg, dies zu erreichen, ist die Verwendung von Power Query oder VBA.<\/p><ul><li> Mehrere Excel-Dateien zusammenf\u00fchren<\/li><li> <a style=\"outline: none;\" href=\"https:\/\/exceladvisor.org\/de\/arbeitsmappen-kombinieren\/\">Kombinieren Sie Excel-Arbeitsmappen mit VBA<\/a><\/li><\/ul><h3> (2). Ich kann Daten f\u00fcr die weitere Verwendung bereinigen und umwandeln<\/h3><p> Eine der wichtigsten Anforderungen eines Unternehmens besteht darin, \u00fcber saubere und gebrauchsfertige Daten zu verf\u00fcgen. Und das sind F\u00e4higkeiten, die Sie beherrschen und in Ihrem Lebenslauf erw\u00e4hnen m\u00fcssen.<\/p><p> Dazu m\u00fcssen Sie die Formel, Funktionen und Potenzabfrage kennen. Beide k\u00f6nnen Ihnen dabei helfen, Rohdaten in gebrauchsfertige Daten f\u00fcr Berichte und Dashboards umzuwandeln.<\/p><ul><li> <a href=\"https:\/\/exceladvisor.org\/de\/formeln\/\">Liste der Excel-Formeln (Grundkenntnisse + Fortgeschrittene)<\/a><\/li><li> <a href=\"https:\/\/exceladvisor.org\/de\/leistungsanforderung\/\">Verwenden Sie Power Query, um Daten zu transformieren<\/a><\/li><\/ul><h3> (3). Ich kann Daten in visueller Form mit Grafiken und Infografiken darstellen<\/h3><p> Das Erstellen von Diagrammen ist eine der besten und wirkungsvollsten M\u00f6glichkeiten, Ihre Daten darzustellen. In Excel steht Ihnen eine lange Liste vordefinierter Diagramme und sogar Infografiken zur Verf\u00fcgung, die Sie erstellen k\u00f6nnen.<\/p><p> Dar\u00fcber hinaus gibt es in Excel zahlreiche Optionen zum Anpassen von Diagrammen, z. B. zum \u00c4ndern von Stilen sowie zum Hinzuf\u00fcgen und Entfernen von Diagrammelementen. Mit Excel k\u00f6nnen Sie Ihr Diagramm auch kopieren, in eine andere Anwendung einf\u00fcgen und als Bild speichern.<\/p><ul><li> <a href=\"https:\/\/exceladvisor.org\/de\/excel-diagramme\/\"><strong>Arten von Diagrammen in Excel<\/strong><\/a><\/li><li> <a href=\"https:\/\/exceladvisor.org\/de\/erweiterte-grafik\/\"><strong>Erweiterte Excel-Diagramme<\/strong><\/a><\/li><\/ul><h3> (4). Ich kann Berichte und Dashboards erstellen, um bessere Entscheidungen zu treffen<\/h3><p> Eine Ihrer wichtigsten F\u00e4higkeiten war das Erstellen von Berichten und Dashboards aus den Daten, die Sie in Excel haben. Mit Berichten und Dashboards k\u00f6nnen Sie anderen helfen, Einblicke zu gewinnen und dem Unternehmen dabei helfen, bessere Entscheidungen zu treffen.<\/p><p> Pivot-Tabellen sind ein wesentlicher Bestandteil beim Erstellen eines Berichts in Excel. Es hilft Ihnen, Daten im Handumdrehen zusammenzufassen, und es ist dynamisch, d. h. sobald Sie der Quelle neue Daten hinzugef\u00fcgt haben, k\u00f6nnen Sie diese mit nur einem Klick in Pivot aktualisieren.<\/p><ul><li> <a href=\"https:\/\/exceladvisor.org\/de\/pivot-tisch\/\">Erfahren Sie, wie Sie Pivot-Tabellen in Excel verwenden<\/a><\/li><li> <a href=\"https:\/\/exceladvisor.org\/de\/verkaufsbericht\/\"><strong>Erstellen Sie einen Verkaufsbericht in Excel<\/strong><\/a><\/li><\/ul><h3> (5). Ich kann Excel-Aktivit\u00e4ten mit VBA automatisieren, um Zeit zu sparen<\/h3><p> In Excel k\u00f6nnen Sie Codes schreiben und Ihre Aktivit\u00e4ten automatisieren. So k\u00f6nnen Sie beispielsweise mit nur einem Klick eine Pivot-Tabelle erstellen. Und wenn Sie wissen, wie man Codes schreibt und Dinge automatisiert, k\u00f6nnen Sie dies in Ihrem Lebenslauf erw\u00e4hnen.<\/p><p> Durch die Automatisierung mit VBA kann Ihr Unternehmen viel Geld sparen, da kein Programmierer oder Automatisierungsexperte eingestellt werden muss. VBA-Kenntnisse sind eine gro\u00dfartige F\u00e4higkeit, um Ihre Excel-Kenntnisse zu erweitern.<\/p><ul><li> <strong><a style=\"outline: none;\" href=\"https:\/\/exceladvisor.org\/de\/vba\/\">VBA in Excel \u2013 Der beste Weg, Programmieren zu lernen<\/a><\/strong><\/li><li> N\u00fctzliche Beispiele f\u00fcr Excel-Makros<\/li><\/ul>","protected":false},"excerpt":{"rendered":"","protected":false},"author":1,"featured_media":0,"parent":0,"menu_order":0,"comment_status":"open","ping_status":"closed","template":"","meta":{"ub_ctt_via":"","footnotes":""},"class_list":["post-3316","page","type-page","status-publish","hentry"],"featured_image_src":null,"yoast_head":"<!-- This site is optimized with the Yoast SEO plugin v25.4 - https:\/\/yoast.com\/wordpress\/plugins\/seo\/ -->\n<title>Beschreiben Sie Ihre Excel-Kenntnisse in Ihrem Lebenslauf \u2013 Excel Advisor<\/title>\n<meta name=\"description\" content=\"Wenn Sie nicht wissen, wie Sie Ihre Excel-Kenntnisse in Ihren Lebenslauf integrieren k\u00f6nnen, kann Ihnen dieses kurze Tutorial leicht weiterhelfen.\" \/>\n<meta name=\"robots\" content=\"index, follow, max-snippet:-1, max-image-preview:large, max-video-preview:-1\" \/>\n<link rel=\"canonical\" href=\"https:\/\/exceladvisor.org\/de\/fugen-sie-es-ihrem-lebenslauf-hinzu\/\" \/>\n<meta property=\"og:locale\" content=\"de_DE\" \/>\n<meta property=\"og:type\" content=\"article\" \/>\n<meta property=\"og:title\" content=\"Beschreiben Sie Ihre Excel-Kenntnisse in Ihrem Lebenslauf \u2013 Excel Advisor\" \/>\n<meta property=\"og:description\" content=\"Wenn Sie nicht wissen, wie Sie Ihre Excel-Kenntnisse in Ihren Lebenslauf integrieren k\u00f6nnen, kann Ihnen dieses kurze Tutorial leicht weiterhelfen.\" \/>\n<meta property=\"og:url\" content=\"https:\/\/exceladvisor.org\/de\/fugen-sie-es-ihrem-lebenslauf-hinzu\/\" \/>\n<meta property=\"og:site_name\" content=\"Excel Advisor\" \/>\n<meta property=\"article:modified_time\" content=\"2023-12-03T13:06:10+00:00\" \/>\n<meta property=\"og:image\" content=\"https:\/\/exceladvisor.org\/wp-content\/uploads\/2023\/08\/1-ajouter-des-competences-a-votre-CV.png\" \/>\n<meta name=\"twitter:card\" content=\"summary_large_image\" \/>\n<meta name=\"twitter:label1\" content=\"Gesch\u00e4tzte Lesezeit\" \/>\n\t<meta name=\"twitter:data1\" content=\"3\u00a0Minuten\" \/>\n<script type=\"application\/ld+json\" class=\"yoast-schema-graph\">{\"@context\":\"https:\/\/schema.org\",\"@graph\":[{\"@type\":\"WebPage\",\"@id\":\"https:\/\/exceladvisor.org\/de\/fugen-sie-es-ihrem-lebenslauf-hinzu\/\",\"url\":\"https:\/\/exceladvisor.org\/de\/fugen-sie-es-ihrem-lebenslauf-hinzu\/\",\"name\":\"Beschreiben Sie Ihre Excel-Kenntnisse in Ihrem Lebenslauf \u2013 Excel Advisor\",\"isPartOf\":{\"@id\":\"https:\/\/exceladvisor.org\/de\/#website\"},\"primaryImageOfPage\":{\"@id\":\"https:\/\/exceladvisor.org\/de\/fugen-sie-es-ihrem-lebenslauf-hinzu\/#primaryimage\"},\"image\":{\"@id\":\"https:\/\/exceladvisor.org\/de\/fugen-sie-es-ihrem-lebenslauf-hinzu\/#primaryimage\"},\"thumbnailUrl\":\"https:\/\/exceladvisor.org\/wp-content\/uploads\/2023\/08\/1-ajouter-des-competences-a-votre-CV.png\",\"datePublished\":\"2023-11-01T18:30:27+00:00\",\"dateModified\":\"2023-12-03T13:06:10+00:00\",\"description\":\"Wenn Sie nicht wissen, wie Sie Ihre Excel-Kenntnisse in Ihren Lebenslauf integrieren k\u00f6nnen, kann Ihnen dieses kurze Tutorial leicht weiterhelfen.\",\"breadcrumb\":{\"@id\":\"https:\/\/exceladvisor.org\/de\/fugen-sie-es-ihrem-lebenslauf-hinzu\/#breadcrumb\"},\"inLanguage\":\"de\",\"potentialAction\":[{\"@type\":\"ReadAction\",\"target\":[\"https:\/\/exceladvisor.org\/de\/fugen-sie-es-ihrem-lebenslauf-hinzu\/\"]}]},{\"@type\":\"ImageObject\",\"inLanguage\":\"de\",\"@id\":\"https:\/\/exceladvisor.org\/de\/fugen-sie-es-ihrem-lebenslauf-hinzu\/#primaryimage\",\"url\":\"https:\/\/exceladvisor.org\/wp-content\/uploads\/2023\/08\/1-ajouter-des-competences-a-votre-CV.png\",\"contentUrl\":\"https:\/\/exceladvisor.org\/wp-content\/uploads\/2023\/08\/1-ajouter-des-competences-a-votre-CV.png\"},{\"@type\":\"BreadcrumbList\",\"@id\":\"https:\/\/exceladvisor.org\/de\/fugen-sie-es-ihrem-lebenslauf-hinzu\/#breadcrumb\",\"itemListElement\":[{\"@type\":\"ListItem\",\"position\":1,\"name\":\"Accueil\",\"item\":\"https:\/\/exceladvisor.org\/de\/\"},{\"@type\":\"ListItem\",\"position\":2,\"name\":\"Wie zeigen sie ihre excel-kenntnisse in einem lebenslauf?\"}]},{\"@type\":\"WebSite\",\"@id\":\"https:\/\/exceladvisor.org\/de\/#website\",\"url\":\"https:\/\/exceladvisor.org\/de\/\",\"name\":\"Excel Advisor\",\"description\":\"Ihr Leitfaden zur Datendominanz\",\"publisher\":{\"@id\":\"https:\/\/exceladvisor.org\/de\/#organization\"},\"potentialAction\":[{\"@type\":\"SearchAction\",\"target\":{\"@type\":\"EntryPoint\",\"urlTemplate\":\"https:\/\/exceladvisor.org\/de\/?s={search_term_string}\"},\"query-input\":{\"@type\":\"PropertyValueSpecification\",\"valueRequired\":true,\"valueName\":\"search_term_string\"}}],\"inLanguage\":\"de\"},{\"@type\":\"Organization\",\"@id\":\"https:\/\/exceladvisor.org\/de\/#organization\",\"name\":\"Excel Advisor\",\"url\":\"https:\/\/exceladvisor.org\/de\/\",\"logo\":{\"@type\":\"ImageObject\",\"inLanguage\":\"de\",\"@id\":\"https:\/\/exceladvisor.org\/de\/#\/schema\/logo\/image\/\",\"url\":\"https:\/\/exceladvisor.org\/de\/wp-content\/uploads\/2023\/11\/exceladvisor.org_.png\",\"contentUrl\":\"https:\/\/exceladvisor.org\/de\/wp-content\/uploads\/2023\/11\/exceladvisor.org_.png\",\"width\":105,\"height\":36,\"caption\":\"Excel Advisor\"},\"image\":{\"@id\":\"https:\/\/exceladvisor.org\/de\/#\/schema\/logo\/image\/\"}}]}<\/script>\n<!-- \/ Yoast SEO plugin. -->","yoast_head_json":{"title":"Beschreiben Sie Ihre Excel-Kenntnisse in Ihrem Lebenslauf \u2013 Excel Advisor","description":"Wenn Sie nicht wissen, wie Sie Ihre Excel-Kenntnisse in Ihren Lebenslauf integrieren k\u00f6nnen, kann Ihnen dieses kurze Tutorial leicht weiterhelfen.","robots":{"index":"index","follow":"follow","max-snippet":"max-snippet:-1","max-image-preview":"max-image-preview:large","max-video-preview":"max-video-preview:-1"},"canonical":"https:\/\/exceladvisor.org\/de\/fugen-sie-es-ihrem-lebenslauf-hinzu\/","og_locale":"de_DE","og_type":"article","og_title":"Beschreiben Sie Ihre Excel-Kenntnisse in Ihrem Lebenslauf \u2013 Excel Advisor","og_description":"Wenn Sie nicht wissen, wie Sie Ihre Excel-Kenntnisse in Ihren Lebenslauf integrieren k\u00f6nnen, kann Ihnen dieses kurze Tutorial leicht weiterhelfen.","og_url":"https:\/\/exceladvisor.org\/de\/fugen-sie-es-ihrem-lebenslauf-hinzu\/","og_site_name":"Excel Advisor","article_modified_time":"2023-12-03T13:06:10+00:00","og_image":[{"url":"https:\/\/exceladvisor.org\/wp-content\/uploads\/2023\/08\/1-ajouter-des-competences-a-votre-CV.png","type":"","width":"","height":""}],"twitter_card":"summary_large_image","twitter_misc":{"Gesch\u00e4tzte Lesezeit":"3\u00a0Minuten"},"schema":{"@context":"https:\/\/schema.org","@graph":[{"@type":"WebPage","@id":"https:\/\/exceladvisor.org\/de\/fugen-sie-es-ihrem-lebenslauf-hinzu\/","url":"https:\/\/exceladvisor.org\/de\/fugen-sie-es-ihrem-lebenslauf-hinzu\/","name":"Beschreiben Sie Ihre Excel-Kenntnisse in Ihrem Lebenslauf \u2013 Excel Advisor","isPartOf":{"@id":"https:\/\/exceladvisor.org\/de\/#website"},"primaryImageOfPage":{"@id":"https:\/\/exceladvisor.org\/de\/fugen-sie-es-ihrem-lebenslauf-hinzu\/#primaryimage"},"image":{"@id":"https:\/\/exceladvisor.org\/de\/fugen-sie-es-ihrem-lebenslauf-hinzu\/#primaryimage"},"thumbnailUrl":"https:\/\/exceladvisor.org\/wp-content\/uploads\/2023\/08\/1-ajouter-des-competences-a-votre-CV.png","datePublished":"2023-11-01T18:30:27+00:00","dateModified":"2023-12-03T13:06:10+00:00","description":"Wenn Sie nicht wissen, wie Sie Ihre Excel-Kenntnisse in Ihren Lebenslauf integrieren k\u00f6nnen, kann Ihnen dieses kurze Tutorial leicht weiterhelfen.","breadcrumb":{"@id":"https:\/\/exceladvisor.org\/de\/fugen-sie-es-ihrem-lebenslauf-hinzu\/#breadcrumb"},"inLanguage":"de","potentialAction":[{"@type":"ReadAction","target":["https:\/\/exceladvisor.org\/de\/fugen-sie-es-ihrem-lebenslauf-hinzu\/"]}]},{"@type":"ImageObject","inLanguage":"de","@id":"https:\/\/exceladvisor.org\/de\/fugen-sie-es-ihrem-lebenslauf-hinzu\/#primaryimage","url":"https:\/\/exceladvisor.org\/wp-content\/uploads\/2023\/08\/1-ajouter-des-competences-a-votre-CV.png","contentUrl":"https:\/\/exceladvisor.org\/wp-content\/uploads\/2023\/08\/1-ajouter-des-competences-a-votre-CV.png"},{"@type":"BreadcrumbList","@id":"https:\/\/exceladvisor.org\/de\/fugen-sie-es-ihrem-lebenslauf-hinzu\/#breadcrumb","itemListElement":[{"@type":"ListItem","position":1,"name":"Accueil","item":"https:\/\/exceladvisor.org\/de\/"},{"@type":"ListItem","position":2,"name":"Wie zeigen sie ihre excel-kenntnisse in einem lebenslauf?"}]},{"@type":"WebSite","@id":"https:\/\/exceladvisor.org\/de\/#website","url":"https:\/\/exceladvisor.org\/de\/","name":"Excel Advisor","description":"Ihr Leitfaden zur Datendominanz","publisher":{"@id":"https:\/\/exceladvisor.org\/de\/#organization"},"potentialAction":[{"@type":"SearchAction","target":{"@type":"EntryPoint","urlTemplate":"https:\/\/exceladvisor.org\/de\/?s={search_term_string}"},"query-input":{"@type":"PropertyValueSpecification","valueRequired":true,"valueName":"search_term_string"}}],"inLanguage":"de"},{"@type":"Organization","@id":"https:\/\/exceladvisor.org\/de\/#organization","name":"Excel Advisor","url":"https:\/\/exceladvisor.org\/de\/","logo":{"@type":"ImageObject","inLanguage":"de","@id":"https:\/\/exceladvisor.org\/de\/#\/schema\/logo\/image\/","url":"https:\/\/exceladvisor.org\/de\/wp-content\/uploads\/2023\/11\/exceladvisor.org_.png","contentUrl":"https:\/\/exceladvisor.org\/de\/wp-content\/uploads\/2023\/11\/exceladvisor.org_.png","width":105,"height":36,"caption":"Excel Advisor"},"image":{"@id":"https:\/\/exceladvisor.org\/de\/#\/schema\/logo\/image\/"}}]}},"yoast_meta":{"yoast_wpseo_title":"","yoast_wpseo_metadesc":"","yoast_wpseo_canonical":""},"_links":{"self":[{"href":"https:\/\/exceladvisor.org\/de\/wp-json\/wp\/v2\/pages\/3316","targetHints":{"allow":["GET"]}}],"collection":[{"href":"https:\/\/exceladvisor.org\/de\/wp-json\/wp\/v2\/pages"}],"about":[{"href":"https:\/\/exceladvisor.org\/de\/wp-json\/wp\/v2\/types\/page"}],"author":[{"embeddable":true,"href":"https:\/\/exceladvisor.org\/de\/wp-json\/wp\/v2\/users\/1"}],"replies":[{"embeddable":true,"href":"https:\/\/exceladvisor.org\/de\/wp-json\/wp\/v2\/comments?post=3316"}],"version-history":[{"count":1,"href":"https:\/\/exceladvisor.org\/de\/wp-json\/wp\/v2\/pages\/3316\/revisions"}],"predecessor-version":[{"id":4438,"href":"https:\/\/exceladvisor.org\/de\/wp-json\/wp\/v2\/pages\/3316\/revisions\/4438"}],"wp:attachment":[{"href":"https:\/\/exceladvisor.org\/de\/wp-json\/wp\/v2\/media?parent=3316"}],"curies":[{"name":"wp","href":"https:\/\/api.w.org\/{rel}","templated":true}]}}