{"id":3319,"date":"2023-11-01T00:43:37","date_gmt":"2023-11-01T00:43:37","guid":{"rendered":"https:\/\/exceladvisor.org\/de\/flohe\/"},"modified":"2023-12-03T11:20:22","modified_gmt":"2023-12-03T11:20:22","slug":"flohe","status":"publish","type":"page","link":"https:\/\/exceladvisor.org\/de\/flohe\/","title":{"rendered":"Wie f\u00fcge ich aufz\u00e4hlungszeichen in excel ein?"},"content":{"rendered":"<div class=\"excel-vor-dem-inhalt\" id=\"excel-3814812324\"><script type=\"text\/javascript\">\r\n\tatOptions = {\r\n\t\t'key' : 'c1158f160081d6540a8409e6925dab94',\r\n\t\t'format' : 'iframe',\r\n\t\t'height' : 250,\r\n\t\t'width' : 300,\r\n\t\t'params' : {}\r\n\t};\r\n<\/script>\r\n<script type=\"text\/javascript\" src=\"\/\/www.highperformanceformat.com\/c1158f160081d6540a8409e6925dab94\/invoke.js\"><\/script><\/div> <p>Es ist wichtig, Daten richtig zu erfassen.<\/p><p> In Excel verwenden wir meistens fortlaufende Nummern, aber wenn Sie an Listen arbeiten, ist die Verwendung von Aufz\u00e4hlungszeichen die beste L\u00f6sung. Ich verwende vor allem Aufz\u00e4hlungslisten, um meine t\u00e4gliche Arbeit festzuhalten (To-Do-Listen, wichtige Punkte).<\/p><p> Jetzt kommt die schlechte Nachricht. In Excel gibt es keine Standardmethode zum Einf\u00fcgen eines Aufz\u00e4hlungszeichens wie in Microsoft Word.<\/p><p> Aber hier sind die guten Nachrichten. Vor ein paar Tagen wurde mir klar, dass wir in Excel tats\u00e4chlich 8 verschiedene M\u00f6glichkeiten zum Einf\u00fcgen von Aufz\u00e4hlungszeichen verwenden k\u00f6nnen.<\/p><p> Und alle diese Methoden k\u00f6nnen in verschiedenen Situationen n\u00fctzlich sein. Deshalb m\u00f6chte ich heute in diesem Artikel alle diese Methoden mit Ihnen teilen.<\/p><p> <strong>[icon name=\u201cbell\u201c unprefixed_]<\/strong> Dieses Tutorial ist Teil unserer <a href=\"https:\/\/exceladvisor.org\/de\/hervorragende-fahigkeiten\/\">Excel-Grundkenntnisse<\/a> . Wenn Sie Ihre vorhandenen Excel-Kenntnisse verbessern m\u00f6chten, sehen Sie sich diese <a href=\"https:\/\/exceladvisor.org\/de\/beratung\/\" data-wpil=\"url\">Excel-Tipps und Tricks<\/a> an.<\/p><h2 id=\"t-1588503264726\" class=\"wp-block-heading\"> F\u00fcgen Sie im Symboldialog ein Aufz\u00e4hlungszeichen hinzu<\/h2><p> Ich bin sicher, dass Sie diese Methode schon einmal verwendet haben.<\/p><ol><li> W\u00e4hlen Sie die Zelle aus, zu der Sie ein Aufz\u00e4hlungszeichen hinzuf\u00fcgen m\u00f6chten<\/li><li> Gehen Sie zur Registerkarte Einf\u00fcgen \u279c Klicken Sie auf Symbol. <br><img decoding=\"async\" title=\"Klicken Sie auf das Symbol, um in Excel ein Aufz\u00e4hlungszeichen einzuf\u00fcgen\" src=\"https:\/\/exceladvisor.org\/wp-content\/uploads\/2023\/08\/Cliquez-sur-le-symbole-pour-inserer-une-puce-dans-Excel.png\" sizes=\"\" srcset=\"\" alt=\"Click On Symbol To Insert Bullet Point In Excel\"><\/li><li> Sobald Sie auf die Symbolschaltfl\u00e4che klicken, wird ein Symboldialogfeld angezeigt.<\/li><li> Im Symboldialog stehen Ihnen viele intelligente Symbole zur Verf\u00fcgung, die Sie als Aufz\u00e4hlungszeichen verwenden k\u00f6nnen, oder Sie k\u00f6nnen einfach einen schwarzen Punkt verwenden.<\/li><li> Sobald Sie Ihr Aufz\u00e4hlungszeichen ausgew\u00e4hlt haben, klicken Sie einfach auf die Einf\u00fcgung, um sie in die Zelle einzuf\u00fcgen. <br><img decoding=\"async\" title=\"Symboldialogfeld \u00f6ffnen, um einen Aufz\u00e4hlungspunkt in Excel einzuf\u00fcgen 1\" src=\"https:\/\/exceladvisor.org\/wp-content\/uploads\/2023\/08\/Ouvrir-la-boite-de-dialogue-Symbole-pour-inserer-une-puce-dans-Excel-1.png\" sizes=\"\" srcset=\"\" alt=\"Open Symbol Dialog Box To Insert Bullet Point In Excel\"><\/li><\/ol><p> Hier sind einige Symbole, die Sie f\u00fcr eine Aufz\u00e4hlungsliste in Excel verwenden k\u00f6nnen. <\/p><div class=\"wp-block-image\"><figure class=\"aligncenter is-resized\"><img loading=\"lazy\" decoding=\"async\" src=\"https:\/\/exceladvisor.org\/wp-content\/uploads\/2023\/08\/Utiliser-un-symbole-different-de-la-boite-de-dialogue-pour-inserer-une-puce-dans-Excel-1.png\" sizes=\"auto, \" srcset=\"\" alt=\"Verwenden Sie ein anderes Dialogfeldsymbol, um ein Aufz\u00e4hlungszeichen in Excel einzuf\u00fcgen\" width=\"99\" height=\"238\"><\/figure><\/div><h2 id=\"t-1588503264727\" class=\"wp-block-heading\"> F\u00fcgen Sie Aufz\u00e4hlungspunkte mit einer Tastenkombination ein<\/h2><p> Tastenkombinationen sind die beste M\u00f6glichkeit, ein Aufz\u00e4hlungszeichen einzuf\u00fcgen, wenn Sie keine Zeit haben, mit einem Symboldialogfeld herumzuspielen. Wir haben zwei verschiedene <a href=\"https:\/\/exceladvisor.org\/de\/tastaturkurzel\/\">Tastenkombinationen<\/a> und Sie k\u00f6nnen jede davon verwenden. <\/p><div class=\"wp-block-image\"><figure class=\"aligncenter\"><img decoding=\"async\" src=\"https:\/\/exceladvisor.org\/wp-content\/uploads\/2023\/08\/Utilisez-les-touches-de-raccourci-pour-inserer-une-puce-dans-Excel.png\" sizes=\"\" srcset=\"\" alt=\"Verwenden Sie Tastenkombinationen, um in Excel ein Aufz\u00e4hlungszeichen einzuf\u00fcgen\"><\/figure><\/div><ol><li> W\u00e4hlen Sie die Zelle aus, in der Sie ein Aufz\u00e4hlungszeichen hinzuf\u00fcgen m\u00f6chten.<\/li><li> Dr\u00fccken Sie F2, um <a href=\"https:\/\/exceladvisor.org\/de\/zelle-bearbeiten\/\">die Zelle zu bearbeiten<\/a> .<\/li><li> Halten Sie die Alt-Taste gedr\u00fcckt und dr\u00fccken Sie 7 oder 9, um ein Aufz\u00e4hlungszeichen einzuf\u00fcgen.<\/li><\/ol><p> Mit den beiden Hotkeys erhalten Sie verschiedene Arten von Kugeln. Wenn Sie einen schwarzen Punkt f\u00fcr Aufz\u00e4hlungszeichen hinzuf\u00fcgen m\u00f6chten, k\u00f6nnen Sie Alt+7 verwenden. Wenn Sie einen Kreis hinzuf\u00fcgen m\u00f6chten, k\u00f6nnen Sie Alt+9 verwenden.<\/p><h2 id=\"t-1588503264728\" class=\"wp-block-heading\"> Verwenden Sie die CHAR-Funktion f\u00fcr Aufz\u00e4hlungszeichen<\/h2><p> Sie k\u00f6nnen CHAR(149) auch verwenden, um einer Zelle ein Aufz\u00e4hlungszeichen hinzuzuf\u00fcgen. Diese Methode ist n\u00fctzlich, wenn Sie ein Aufz\u00e4hlungszeichen in alle Zellen einf\u00fcgen m\u00f6chten, indem Sie eine Formel in der <a href=\"https:\/\/exceladvisor.org\/de\/excel-formelleiste\/\">Bearbeitungsleiste der Zelle<\/a> verwenden, in die Sie es einf\u00fcgen m\u00f6chten.<\/p><ol><li> W\u00e4hlen Sie die Zelle aus, in der Sie ein Aufz\u00e4hlungszeichen hinzuf\u00fcgen m\u00f6chten.<\/li><li> Geben Sie =CAR(149)&amp; \u00bb \u00ab &amp;A1 ein <br><img decoding=\"async\" title=\"Verwenden Sie CHAR, um ein Aufz\u00e4hlungszeichen in Excel 1 einzuf\u00fcgen\" src=\"https:\/\/exceladvisor.org\/wp-content\/uploads\/2023\/08\/Utilisez-CHAR-pour-inserer-une-puce-dans-Excel-1.png\" sizes=\"\" srcset=\"\" alt=\"Use CHAR To Insert Bullet Point In Excel\"><\/li><li> Ziehen Sie nun die Formel in die Zelle, in die Sie das Aufz\u00e4hlungszeichen einf\u00fcgen m\u00f6chten. <br><img decoding=\"async\" title=\"Verwenden Sie die CHAR-FUNKTION, um ein Aufz\u00e4hlungszeichen in Excel.gif einzuf\u00fcgen\" src=\"https:\/\/exceladvisor.org\/wp-content\/uploads\/2023\/08\/Utilisez-CHAR-FUNCTION-pour-inserer-une-puce-dans-Excel.gif\" sizes=\"\" srcset=\"\" alt=\"Use CHAR Function To Insert Bullet Point In Excel\"><\/li><\/ol><h2 id=\"t-1588503264729\" class=\"wp-block-heading\"> Benutzerdefinierte Formatierung f\u00fcr Aufz\u00e4hlungspunkte<\/h2><p> Es ist ein einzigartiges Setup. Sie m\u00fcssen lediglich ein benutzerdefiniertes Format erstellen, um Aufz\u00e4hlungspunkte einzuf\u00fcgen. Befolgen Sie einfach diese einfachen Schritte. <\/p><div class=\"wp-block-image\"><figure class=\"aligncenter\"><img decoding=\"async\" src=\"https:\/\/exceladvisor.org\/wp-content\/uploads\/2023\/08\/Utiliser-le-formatage-personnalise-pour-inserer-une-puce-dans-Excel.gif\" sizes=\"\" srcset=\"\" alt=\"Verwenden Sie eine benutzerdefinierte Formatierung, um ein Aufz\u00e4hlungszeichen in Excel einzuf\u00fcgen\"><\/figure><\/div><ul><li> Dr\u00fccken Sie Strg+1 und Sie erhalten ein <a href=\"https:\/\/exceladvisor.org\/de\/optionen-zum-offnen-von-zellenformaten\/\">Format-Dialogfeld<\/a> .<\/li><li> W\u00e4hlen Sie auf der Registerkarte \u201eNummer\u201c die Option \u201eBenutzerdefiniert\u201c aus.<\/li><li> Geben Sie in der Typeingabeleiste die folgende Formatierung ein.<ul><li> <em><mark class=\"has-inline-color\" style=\"background-color: var(--base);\">\u25cf Allgemein;\u25cf Allgemein;\u25cf Allgemein;\u25cf Allgemein<\/mark><\/em><\/li><\/ul><\/li><li> Geben Sie in der Typeingabeleiste die folgende Formatierung ein.<\/li><\/ul><h3 class=\"wp-block-heading\"> Wie es funktioniert<\/h3><p> Lassen Sie mich eine kurze Anmerkung zur Verwendung benutzerdefinierter Formatierung f\u00fcr Aufz\u00e4hlungspunkte geben.<\/p><p> Bei der benutzerdefinierten Formatierung m\u00fcssen Sie vier verschiedene Formate angeben: Positiv, Negativ, Null und Text. F\u00fcr diese vier Typen habe ich einen schwarzen Punkt verwendet.<\/p><p> Und wenn Sie jetzt einen beliebigen Text oder eine Zahl einf\u00fcgen, egal ob positiv oder negativ, wird davor ein Aufz\u00e4hlungszeichen eingef\u00fcgt.<\/p><h2 id=\"tab-con-5\" class=\"wp-block-heading\"> F\u00fcgen Sie einem Textfeld Aufz\u00e4hlungszeichen hinzu<\/h2><p> Am schnellsten geht es, wenn Sie Aufz\u00e4hlungszeichen in das <a href=\"https:\/\/exceladvisor.org\/de\/textzone\/\">Textfeld<\/a> einf\u00fcgen. Man muss wegen der B\u00e4lle nicht hin und her rennen. Befolgen Sie diese einfachen Schritte.<\/p><ol><li> F\u00fcgen Sie zun\u00e4chst ein Textfeld ein.<\/li><li> Bearbeiten Sie das Textfeld und klicken Sie mit der rechten Maustaste<\/li><li> Klicken Sie auf die Aufz\u00e4hlungsoption und w\u00e4hlen Sie den anzuwendenden Aufz\u00e4hlungsstil aus. <br><img decoding=\"async\" title=\"Verwenden Sie ein Textfeld, um in Excel einen Aufz\u00e4hlungspunkt einzuf\u00fcgen\" src=\"https:\/\/exceladvisor.org\/wp-content\/uploads\/2023\/08\/Utiliser-la-zone-de-texte-pour-inserer-une-puce-dans-Excel-1.png\" sizes=\"\" srcset=\"\" alt=\"use text box to insert bullet point in excel\"><\/li><li> Sobald Sie Ihren Aufz\u00e4hlungsstil ausgew\u00e4hlt haben, wird am Anfang jeder Zeile automatisch ein Aufz\u00e4hlungszeichen eingef\u00fcgt. <br><img decoding=\"async\" title=\"Textfeldliste zum Einf\u00fcgen eines Aufz\u00e4hlungspunkts in Excel\" src=\"https:\/\/exceladvisor.org\/wp-content\/uploads\/2023\/08\/Liste-des-zones-de-texte-pour-inserer-une-puce-dans-Excel.png\" sizes=\"\" srcset=\"\" alt=\"text box list to insert bullet point in excel\"><\/li><\/ol><p> Mit der gleichen Methode k\u00f6nnen Sie auch Zahlen in einem Textfeld verwenden.<\/p><h2 id=\"tab-con-6\" class=\"wp-block-heading\"> Verwenden Sie die Schriftarten Wingdings und Webdings f\u00fcr Aufz\u00e4hlungspunkte<\/h2><p> Bei beiden Schriftarten wird ein Symbol anstelle eines Alphabets oder einer Zahl angezeigt. Wenn Sie eine Zahl oder ein Alphabet eingeben, wird stattdessen ein cooles Symbol angezeigt.<\/p><p> Sie erhalten sogar ein anderes Symbol f\u00fcr einen Gro\u00dfbuchstaben und einen Kleinbuchstaben. Um einen einfachen schwarzen Punkt einzuf\u00fcgen, verwenden Sie in Webdings und Wingdings das kleine \u201el\u201c bzw. das kleine \u201en\u201c. <\/p><div class=\"wp-block-image\"><figure class=\"aligncenter\"><img decoding=\"async\" src=\"https:\/\/exceladvisor.org\/wp-content\/uploads\/2023\/08\/Utilisez-le-style-de-police-Wingdings-Webdings-pour-inserer-une-puce-dans-Excel.png\" sizes=\"\" srcset=\"\" alt=\"Verwenden Sie den Wingdings- und Webdings-Schriftstil, um Aufz\u00e4hlungszeichen in Excel einzuf\u00fcgen\"><\/figure><\/div><h2 id=\"t-1588503264730\" class=\"wp-block-heading\"> Aufz\u00e4hlungszeichen in einem Zellenkommentar<\/h2><p> Sie k\u00f6nnen Aufz\u00e4hlungszeichen auch in Zellkommentaren mithilfe von Symbolen verwenden.<\/p><ol><li> F\u00fcgen Sie zun\u00e4chst einen Kommentar in eine Zelle ein.<\/li><li> Bearbeiten Sie diesen Zellenkommentar.<\/li><li> Gehen Sie zur Registerkarte \u201eEinf\u00fcgen\u201c \u25ba Klicken Sie auf \u201eSymbol\u201c.<\/li><li> F\u00fcgen Sie jedes Symbol hinzu, das Sie hinzuf\u00fcgen m\u00f6chten.<\/li><li> Kopieren Sie dieses Symbol vor dem Anfang jeder Zeile. <\/li><\/ol><div class=\"wp-block-image\"><figure class=\"aligncenter\"><img decoding=\"async\" src=\"https:\/\/exceladvisor.org\/wp-content\/uploads\/2023\/08\/Utiliser-le-commentaire-de-cellule-pour-inserer-une-puce-dans-Excel-1.png\" sizes=\"\" srcset=\"\" alt=\"Verwenden Sie Zellkommentar, um Aufz\u00e4hlungszeichen in Excel einzuf\u00fcgen\"><\/figure><\/div><h2 id=\"t-1588503264731\" class=\"wp-block-heading\"> Verwenden Sie Smart Art, um eine Aufz\u00e4hlungsliste zu erstellen<\/h2><p> Smart Art ist auch eine effektive M\u00f6glichkeit, eine organisierte Liste mit Aufz\u00e4hlungspunkten zu erstellen.<\/p><ol><li> Gehen Sie zur Registerkarte Einf\u00fcgen \u25ba Smart Art Graphics.<\/li><li> W\u00e4hlen Sie unter Kategorien die Liste aus.<\/li><li> W\u00e4hlen Sie den gew\u00fcnschten Smart-Art-Typ aus und klicken Sie auf OK. <\/li><\/ol><div class=\"wp-block-image\"><figure class=\"aligncenter\"><img decoding=\"async\" src=\"https:\/\/exceladvisor.org\/wp-content\/uploads\/2023\/08\/comment-inserer-des-puces-dans-excel-en-utilisant-smart-art-1.png\" sizes=\"\" srcset=\"\" alt=\"So f\u00fcgen Sie mithilfe von Smart Art Aufz\u00e4hlungszeichen in Excel ein\"><\/figure><\/div><div class=\"gb-container gb-container-4db6181c gb-container-mt\"> <a class=\"gb-button gb-button-c5897111 gb-button-text gb-button-mt-button\" href=\"https:\/\/exceladvisor.org\/de\/excel-grundlagen\/\">Microsoft Excel-Grundlagen (Komponenten, Teile und Wissenshinweise)<\/a><h2 class=\"gb-headline gb-headline-665e5f6b gb-headline-text gb-headline-mt-heading\"> Verwandte Tutorials <\/h2><div class=\"gb-grid-wrapper gb-grid-wrapper-a20baf7c gb-grid-wrapper-mt-grid\"><div class=\"gb-grid-column gb-grid-column-65ddf67e\"><div class=\"gb-container gb-container-65ddf67e\"><ul><li> <a href=\"https:\/\/exceladvisor.org\/de\/andern-sie-die-negative-zahl-in-eine-positive\/\">Wandeln Sie in Excel eine negative Zahl in eine positive um<\/a><\/li><li> <a href=\"https:\/\/exceladvisor.org\/de\/zeitstempel\/\">F\u00fcgen Sie einen Zeitstempel in Excel ein<\/a><\/li><li> <a href=\"https:\/\/exceladvisor.org\/de\/fuge-einen-pfeil-ein\/\">F\u00fcgen Sie in Excel einen Pfeil in eine Zelle ein<\/a><\/li><li> Seriennummern automatisch in Excel hinzuf\u00fcgen <\/li><\/ul><\/div><\/div><div class=\"gb-grid-column gb-grid-column-50067b57\"><div class=\"gb-container gb-container-50067b57\"><\/div><\/div><\/div><\/div>","protected":false},"excerpt":{"rendered":"","protected":false},"author":1,"featured_media":0,"parent":0,"menu_order":0,"comment_status":"open","ping_status":"closed","template":"","meta":{"ub_ctt_via":"","footnotes":""},"class_list":["post-3319","page","type-page","status-publish","hentry"],"featured_image_src":null,"yoast_head":"<!-- This site is optimized with the Yoast SEO plugin v25.4 - https:\/\/yoast.com\/wordpress\/plugins\/seo\/ -->\n<title>\u25b7 Wie f\u00fcge ich Aufz\u00e4hlungszeichen in Excel ein? (Tutorial 2023)<\/title>\n<meta name=\"description\" content=\"Ist Ihnen schon einmal aufgefallen, dass es in Excel keine Option zum Einf\u00fcgen von Aufz\u00e4hlungszeichen gibt? Ich habe 6 verschiedene M\u00f6glichkeiten, Aufz\u00e4hlungszeichen einzuf\u00fcgen ...\" \/>\n<meta name=\"robots\" content=\"index, follow, max-snippet:-1, max-image-preview:large, max-video-preview:-1\" \/>\n<link rel=\"canonical\" href=\"https:\/\/exceladvisor.org\/de\/flohe\/\" \/>\n<meta property=\"og:locale\" content=\"de_DE\" \/>\n<meta property=\"og:type\" content=\"article\" \/>\n<meta property=\"og:title\" content=\"\u25b7 Wie f\u00fcge ich Aufz\u00e4hlungszeichen in Excel ein? (Tutorial 2023)\" \/>\n<meta property=\"og:description\" content=\"Ist Ihnen schon einmal aufgefallen, dass es in Excel keine Option zum Einf\u00fcgen von Aufz\u00e4hlungszeichen gibt? Ich habe 6 verschiedene M\u00f6glichkeiten, Aufz\u00e4hlungszeichen einzuf\u00fcgen ...\" \/>\n<meta property=\"og:url\" content=\"https:\/\/exceladvisor.org\/de\/flohe\/\" \/>\n<meta property=\"og:site_name\" content=\"Excel Advisor\" \/>\n<meta property=\"article:modified_time\" content=\"2023-12-03T11:20:22+00:00\" \/>\n<meta property=\"og:image\" content=\"https:\/\/exceladvisor.org\/wp-content\/uploads\/2023\/08\/Cliquez-sur-le-symbole-pour-inserer-une-puce-dans-Excel.png\" \/>\n<meta name=\"twitter:card\" content=\"summary_large_image\" \/>\n<meta name=\"twitter:label1\" content=\"Gesch\u00e4tzte Lesezeit\" \/>\n\t<meta name=\"twitter:data1\" content=\"5\u00a0Minuten\" \/>\n<script type=\"application\/ld+json\" class=\"yoast-schema-graph\">{\"@context\":\"https:\/\/schema.org\",\"@graph\":[{\"@type\":\"WebPage\",\"@id\":\"https:\/\/exceladvisor.org\/de\/flohe\/\",\"url\":\"https:\/\/exceladvisor.org\/de\/flohe\/\",\"name\":\"\u25b7 Wie f\u00fcge ich Aufz\u00e4hlungszeichen in Excel ein? (Tutorial 2023)\",\"isPartOf\":{\"@id\":\"https:\/\/exceladvisor.org\/de\/#website\"},\"primaryImageOfPage\":{\"@id\":\"https:\/\/exceladvisor.org\/de\/flohe\/#primaryimage\"},\"image\":{\"@id\":\"https:\/\/exceladvisor.org\/de\/flohe\/#primaryimage\"},\"thumbnailUrl\":\"https:\/\/exceladvisor.org\/wp-content\/uploads\/2023\/08\/Cliquez-sur-le-symbole-pour-inserer-une-puce-dans-Excel.png\",\"datePublished\":\"2023-11-01T00:43:37+00:00\",\"dateModified\":\"2023-12-03T11:20:22+00:00\",\"description\":\"Ist Ihnen schon einmal aufgefallen, dass es in Excel keine Option zum Einf\u00fcgen von Aufz\u00e4hlungszeichen gibt? Ich habe 6 verschiedene M\u00f6glichkeiten, Aufz\u00e4hlungszeichen einzuf\u00fcgen ...\",\"breadcrumb\":{\"@id\":\"https:\/\/exceladvisor.org\/de\/flohe\/#breadcrumb\"},\"inLanguage\":\"de\",\"potentialAction\":[{\"@type\":\"ReadAction\",\"target\":[\"https:\/\/exceladvisor.org\/de\/flohe\/\"]}]},{\"@type\":\"ImageObject\",\"inLanguage\":\"de\",\"@id\":\"https:\/\/exceladvisor.org\/de\/flohe\/#primaryimage\",\"url\":\"https:\/\/exceladvisor.org\/wp-content\/uploads\/2023\/08\/Cliquez-sur-le-symbole-pour-inserer-une-puce-dans-Excel.png\",\"contentUrl\":\"https:\/\/exceladvisor.org\/wp-content\/uploads\/2023\/08\/Cliquez-sur-le-symbole-pour-inserer-une-puce-dans-Excel.png\"},{\"@type\":\"BreadcrumbList\",\"@id\":\"https:\/\/exceladvisor.org\/de\/flohe\/#breadcrumb\",\"itemListElement\":[{\"@type\":\"ListItem\",\"position\":1,\"name\":\"Accueil\",\"item\":\"https:\/\/exceladvisor.org\/de\/\"},{\"@type\":\"ListItem\",\"position\":2,\"name\":\"Wie f\u00fcge ich aufz\u00e4hlungszeichen in excel ein?\"}]},{\"@type\":\"WebSite\",\"@id\":\"https:\/\/exceladvisor.org\/de\/#website\",\"url\":\"https:\/\/exceladvisor.org\/de\/\",\"name\":\"Excel Advisor\",\"description\":\"Ihr Leitfaden zur Datendominanz\",\"publisher\":{\"@id\":\"https:\/\/exceladvisor.org\/de\/#organization\"},\"potentialAction\":[{\"@type\":\"SearchAction\",\"target\":{\"@type\":\"EntryPoint\",\"urlTemplate\":\"https:\/\/exceladvisor.org\/de\/?s={search_term_string}\"},\"query-input\":{\"@type\":\"PropertyValueSpecification\",\"valueRequired\":true,\"valueName\":\"search_term_string\"}}],\"inLanguage\":\"de\"},{\"@type\":\"Organization\",\"@id\":\"https:\/\/exceladvisor.org\/de\/#organization\",\"name\":\"Excel Advisor\",\"url\":\"https:\/\/exceladvisor.org\/de\/\",\"logo\":{\"@type\":\"ImageObject\",\"inLanguage\":\"de\",\"@id\":\"https:\/\/exceladvisor.org\/de\/#\/schema\/logo\/image\/\",\"url\":\"https:\/\/exceladvisor.org\/de\/wp-content\/uploads\/2023\/11\/exceladvisor.org_.png\",\"contentUrl\":\"https:\/\/exceladvisor.org\/de\/wp-content\/uploads\/2023\/11\/exceladvisor.org_.png\",\"width\":105,\"height\":36,\"caption\":\"Excel Advisor\"},\"image\":{\"@id\":\"https:\/\/exceladvisor.org\/de\/#\/schema\/logo\/image\/\"}}]}<\/script>\n<!-- \/ Yoast SEO plugin. -->","yoast_head_json":{"title":"\u25b7 Wie f\u00fcge ich Aufz\u00e4hlungszeichen in Excel ein? (Tutorial 2023)","description":"Ist Ihnen schon einmal aufgefallen, dass es in Excel keine Option zum Einf\u00fcgen von Aufz\u00e4hlungszeichen gibt? Ich habe 6 verschiedene M\u00f6glichkeiten, Aufz\u00e4hlungszeichen einzuf\u00fcgen ...","robots":{"index":"index","follow":"follow","max-snippet":"max-snippet:-1","max-image-preview":"max-image-preview:large","max-video-preview":"max-video-preview:-1"},"canonical":"https:\/\/exceladvisor.org\/de\/flohe\/","og_locale":"de_DE","og_type":"article","og_title":"\u25b7 Wie f\u00fcge ich Aufz\u00e4hlungszeichen in Excel ein? (Tutorial 2023)","og_description":"Ist Ihnen schon einmal aufgefallen, dass es in Excel keine Option zum Einf\u00fcgen von Aufz\u00e4hlungszeichen gibt? Ich habe 6 verschiedene M\u00f6glichkeiten, Aufz\u00e4hlungszeichen einzuf\u00fcgen ...","og_url":"https:\/\/exceladvisor.org\/de\/flohe\/","og_site_name":"Excel Advisor","article_modified_time":"2023-12-03T11:20:22+00:00","og_image":[{"url":"https:\/\/exceladvisor.org\/wp-content\/uploads\/2023\/08\/Cliquez-sur-le-symbole-pour-inserer-une-puce-dans-Excel.png","type":"","width":"","height":""}],"twitter_card":"summary_large_image","twitter_misc":{"Gesch\u00e4tzte Lesezeit":"5\u00a0Minuten"},"schema":{"@context":"https:\/\/schema.org","@graph":[{"@type":"WebPage","@id":"https:\/\/exceladvisor.org\/de\/flohe\/","url":"https:\/\/exceladvisor.org\/de\/flohe\/","name":"\u25b7 Wie f\u00fcge ich Aufz\u00e4hlungszeichen in Excel ein? (Tutorial 2023)","isPartOf":{"@id":"https:\/\/exceladvisor.org\/de\/#website"},"primaryImageOfPage":{"@id":"https:\/\/exceladvisor.org\/de\/flohe\/#primaryimage"},"image":{"@id":"https:\/\/exceladvisor.org\/de\/flohe\/#primaryimage"},"thumbnailUrl":"https:\/\/exceladvisor.org\/wp-content\/uploads\/2023\/08\/Cliquez-sur-le-symbole-pour-inserer-une-puce-dans-Excel.png","datePublished":"2023-11-01T00:43:37+00:00","dateModified":"2023-12-03T11:20:22+00:00","description":"Ist Ihnen schon einmal aufgefallen, dass es in Excel keine Option zum Einf\u00fcgen von Aufz\u00e4hlungszeichen gibt? Ich habe 6 verschiedene M\u00f6glichkeiten, Aufz\u00e4hlungszeichen einzuf\u00fcgen ...","breadcrumb":{"@id":"https:\/\/exceladvisor.org\/de\/flohe\/#breadcrumb"},"inLanguage":"de","potentialAction":[{"@type":"ReadAction","target":["https:\/\/exceladvisor.org\/de\/flohe\/"]}]},{"@type":"ImageObject","inLanguage":"de","@id":"https:\/\/exceladvisor.org\/de\/flohe\/#primaryimage","url":"https:\/\/exceladvisor.org\/wp-content\/uploads\/2023\/08\/Cliquez-sur-le-symbole-pour-inserer-une-puce-dans-Excel.png","contentUrl":"https:\/\/exceladvisor.org\/wp-content\/uploads\/2023\/08\/Cliquez-sur-le-symbole-pour-inserer-une-puce-dans-Excel.png"},{"@type":"BreadcrumbList","@id":"https:\/\/exceladvisor.org\/de\/flohe\/#breadcrumb","itemListElement":[{"@type":"ListItem","position":1,"name":"Accueil","item":"https:\/\/exceladvisor.org\/de\/"},{"@type":"ListItem","position":2,"name":"Wie f\u00fcge ich aufz\u00e4hlungszeichen in excel ein?"}]},{"@type":"WebSite","@id":"https:\/\/exceladvisor.org\/de\/#website","url":"https:\/\/exceladvisor.org\/de\/","name":"Excel Advisor","description":"Ihr Leitfaden zur Datendominanz","publisher":{"@id":"https:\/\/exceladvisor.org\/de\/#organization"},"potentialAction":[{"@type":"SearchAction","target":{"@type":"EntryPoint","urlTemplate":"https:\/\/exceladvisor.org\/de\/?s={search_term_string}"},"query-input":{"@type":"PropertyValueSpecification","valueRequired":true,"valueName":"search_term_string"}}],"inLanguage":"de"},{"@type":"Organization","@id":"https:\/\/exceladvisor.org\/de\/#organization","name":"Excel Advisor","url":"https:\/\/exceladvisor.org\/de\/","logo":{"@type":"ImageObject","inLanguage":"de","@id":"https:\/\/exceladvisor.org\/de\/#\/schema\/logo\/image\/","url":"https:\/\/exceladvisor.org\/de\/wp-content\/uploads\/2023\/11\/exceladvisor.org_.png","contentUrl":"https:\/\/exceladvisor.org\/de\/wp-content\/uploads\/2023\/11\/exceladvisor.org_.png","width":105,"height":36,"caption":"Excel Advisor"},"image":{"@id":"https:\/\/exceladvisor.org\/de\/#\/schema\/logo\/image\/"}}]}},"yoast_meta":{"yoast_wpseo_title":"","yoast_wpseo_metadesc":"","yoast_wpseo_canonical":""},"_links":{"self":[{"href":"https:\/\/exceladvisor.org\/de\/wp-json\/wp\/v2\/pages\/3319","targetHints":{"allow":["GET"]}}],"collection":[{"href":"https:\/\/exceladvisor.org\/de\/wp-json\/wp\/v2\/pages"}],"about":[{"href":"https:\/\/exceladvisor.org\/de\/wp-json\/wp\/v2\/types\/page"}],"author":[{"embeddable":true,"href":"https:\/\/exceladvisor.org\/de\/wp-json\/wp\/v2\/users\/1"}],"replies":[{"embeddable":true,"href":"https:\/\/exceladvisor.org\/de\/wp-json\/wp\/v2\/comments?post=3319"}],"version-history":[{"count":1,"href":"https:\/\/exceladvisor.org\/de\/wp-json\/wp\/v2\/pages\/3319\/revisions"}],"predecessor-version":[{"id":4002,"href":"https:\/\/exceladvisor.org\/de\/wp-json\/wp\/v2\/pages\/3319\/revisions\/4002"}],"wp:attachment":[{"href":"https:\/\/exceladvisor.org\/de\/wp-json\/wp\/v2\/media?parent=3319"}],"curies":[{"name":"wp","href":"https:\/\/api.w.org\/{rel}","templated":true}]}}