{"id":3320,"date":"2023-10-31T23:56:12","date_gmt":"2023-10-31T23:56:12","guid":{"rendered":"https:\/\/exceladvisor.org\/de\/gruppe-1\/"},"modified":"2023-12-03T11:22:07","modified_gmt":"2023-12-03T11:22:07","slug":"gruppe-1","status":"publish","type":"page","link":"https:\/\/exceladvisor.org\/de\/gruppe-1\/","title":{"rendered":"Wie kann ich tabellen gruppieren bzw. die gruppierung aufheben?"},"content":{"rendered":"<div class=\"excel-vor-dem-inhalt\" id=\"excel-4111711380\"><script type=\"text\/javascript\">\r\n\tatOptions = {\r\n\t\t'key' : 'c1158f160081d6540a8409e6925dab94',\r\n\t\t'format' : 'iframe',\r\n\t\t'height' : 250,\r\n\t\t'width' : 300,\r\n\t\t'params' : {}\r\n\t};\r\n<\/script>\r\n<script type=\"text\/javascript\" src=\"\/\/www.highperformanceformat.com\/c1158f160081d6540a8409e6925dab94\/invoke.js\"><\/script><\/div> <p>Das Gruppieren von Arbeitsbl\u00e4ttern in Excel wird h\u00e4ufig verwendet, wenn Sie \u00fcber eine Reihe identisch strukturierter Bl\u00e4tter verf\u00fcgen und diese Bl\u00e4tter gleichzeitig bearbeiten m\u00f6chten. Die beste M\u00f6glichkeit, diese mehreren Bl\u00e4tter gleichzeitig zu bearbeiten, besteht darin, Arbeitsbl\u00e4tter zu gruppieren.<\/p><p> Wenn Sie Arbeitsbl\u00e4tter gruppieren, wenn Sie in einem Blatt etwas bearbeiten, l\u00f6schen, hinzuf\u00fcgen oder etwas tun, was in anderen gruppierten Bl\u00e4ttern zur gleichen Zeit auf die gleiche Weise geschieht, sparen Sie viel Zeit. <\/p><div class=\"wp-block-image\"><figure class=\"aligncenter size-full is-resized\"><img loading=\"lazy\" decoding=\"async\" class=\"wp-image-63503\" src=\"https:\/\/exceladvisor.org\/wp-content\/uploads\/2023\/08\/feuilles-de-groupe-exemple-excel.png\" sizes=\"auto, \" srcset=\"\" alt=\"\" width=\"548\" height=\"570\"><\/figure><\/div><p class=\"has-small-font-size\"> <em>Angenommen, Sie haben ein Unternehmen, das Innenausstattungsteile f\u00fcr Autos herstellt, und die variablen Kosten schwanken jeden Monat geringf\u00fcgig. Wenn in diesem Fall das Format Ihres Datensatzes f\u00fcr jeden Monat konstant ist und Sie nach einigen Monaten die Gesamtkosten f\u00fcr jeden Monat sehen m\u00f6chten, gruppieren Sie einfach diese Bl\u00e4tter und geben die Formel in eines der Bl\u00e4tter ein Wenn Sie die Gesamtkosten ermitteln m\u00f6chten, kopiert sich die Formel gleichzeitig auf alle gruppierten Bl\u00e4tter, sodass Sie Zeit sparen, indem Sie die Formel einzeln in jedes Blatt eingeben oder kopieren.<\/em><\/p><p> Sie k\u00f6nnen auch die Option \u201eArbeitsbl\u00e4tter gruppieren\u201c verwenden, um mehrere Bl\u00e4tter gleichzeitig auszublenden, anstatt sie einzeln auszublenden.<\/p><h2 id=\"h-steps-to-group-worksheets-in-excel\" class=\"wp-block-heading\"> Schritte zum Gruppieren von Arbeitsbl\u00e4ttern in Excel<\/h2><ol><li> Halten Sie zun\u00e4chst die Strg-Taste auf Ihrer Tastatur gedr\u00fcckt.<\/li><li> Klicken Sie anschlie\u00dfend auf die Blattregisterkarten (eine nach der anderen, um sie auszuw\u00e4hlen), die Sie gruppieren m\u00f6chten. <br><img loading=\"lazy\" decoding=\"async\" title=\"Registerkarten\" src=\"https:\/\/exceladvisor.org\/wp-content\/uploads\/2023\/08\/3-onglets-de-feuille-de-calcul-selectionnes.png\" sizes=\"auto, \" srcset=\"\" alt=\"select-worksheet-tabs\" width=\"382\" height=\"111\"><\/li><li> Jetzt m\u00fcssen Sie die Steuertaste loslassen.<\/li><li> Zu diesem Zeitpunkt werden alle ausgew\u00e4hlten Bl\u00e4tter gruppiert. <br><img loading=\"lazy\" decoding=\"async\" title=\"png\" src=\"https:\/\/exceladvisor.org\/wp-content\/uploads\/2023\/08\/4-feuilles-groupees-2.png\" sizes=\"auto, \" srcset=\"\" alt=\"\" width=\"416\" height=\"251\"><\/li><\/ol><p class=\"mytip\"> Wenn die Arbeitsbl\u00e4tter, die Sie gruppieren m\u00f6chten, nebeneinander liegen, klicken Sie auf die erste Blattregisterkarte, halten Sie die Umschalttaste gedr\u00fcckt und klicken Sie auf die letzte Blattregisterkarte.<\/p><h2 id=\"h-group-all-worksheets\" class=\"wp-block-heading\"> Gruppieren Sie alle Tabellen<\/h2><ol><li> Klicken Sie zun\u00e4chst mit der rechten Maustaste auf eine beliebige Blattregisterkarte in der Arbeitsmappe. <br><img decoding=\"async\" title=\"G\" src=\"https:\/\/exceladvisor.org\/wp-content\/uploads\/2023\/08\/5-onglets-de-feuille-de-calcul.png\" sizes=\"\" srcset=\"\" alt=\"worksheet-tabs\"><\/li><li> Danach erhalten Sie ein Popup-Fenster mit mehreren Optionen.<\/li><li> W\u00e4hlen Sie nun die Option <strong>\u201eAlle Bl\u00e4tter ausw\u00e4hlen\u201c<\/strong> . <br><img loading=\"lazy\" decoding=\"async\" title=\"\" src=\"https:\/\/exceladvisor.org\/wp-content\/uploads\/2023\/08\/6-selectionner-toutes-les-feuilles.png\" sizes=\"auto, \" srcset=\"\" alt=\"select-all-sheets\" width=\"304\" height=\"321\"><\/li><li> Zu diesem Zeitpunkt sind alle Ihre Bl\u00e4tter in der Arbeitsmappe gruppiert. <br><img loading=\"lazy\" decoding=\"async\" title=\"Bl\u00e4tter\" src=\"https:\/\/exceladvisor.org\/wp-content\/uploads\/2023\/08\/7-toutes-les-feuilles-de-travail-groupees.png\" sizes=\"auto, \" srcset=\"\" alt=\"all-grouped-worksheets\" width=\"447\" height=\"228\"><\/li><\/ol><h2 id=\"h-ungroup-worksheets\" class=\"wp-block-heading\"> Gruppierung von Tabellenkalkulationen aufheben<\/h2><ol><li> Klicken Sie zun\u00e4chst mit der rechten Maustaste auf eine beliebige Blattregisterkarte in der Gruppe. <br><img decoding=\"async\" title=\"Registerkarten\" src=\"https:\/\/exceladvisor.org\/wp-content\/uploads\/2023\/08\/8-onglets-de-feuille-de-calcul-selectionnes.png\" sizes=\"\" srcset=\"\" alt=\"select-worksheet-tabs\"><\/li><li> Danach erhalten Sie ein Popup-Fenster mit mehreren Optionen.<\/li><li> W\u00e4hlen Sie nun die Option <strong>\u201eGruppierung der Bl\u00e4tter aufheben\u201c<\/strong> . <br><img loading=\"lazy\" decoding=\"async\" title=\"G\" src=\"https:\/\/exceladvisor.org\/wp-content\/uploads\/2023\/08\/9-feuilles-de-degroupage.png\" sizes=\"auto, \" srcset=\"\" alt=\"ungroup-sheets\" width=\"295\" height=\"329\"><\/li><li> Schlie\u00dflich wird die Gruppierung Ihrer Arbeitsmappe aufgehoben. <br><img loading=\"lazy\" decoding=\"async\" title=\"R\u00fcben\" src=\"https:\/\/exceladvisor.org\/wp-content\/uploads\/2023\/08\/10-feuilles-de-travail-non-groupees.png\" sizes=\"auto, \" srcset=\"\" alt=\"ungrouped-worksheets\" width=\"457\" height=\"236\"><\/li><\/ol><p class=\"mytip\"> Sie k\u00f6nnen auch einfach auf eine beliebige Blattregisterkarte au\u00dferhalb der Gruppe klicken und die gruppierten Registerkarten werden dann nicht mehr gruppiert.<\/p><h2 id=\"h-how-to-find-if-worksheets-are-grouped-in-excel\" class=\"wp-block-heading\"> So finden Sie heraus, ob Arbeitsbl\u00e4tter in Excel gruppiert sind<\/h2><ol type=\"1\"><li> Wenn die Bl\u00e4tter in dieser Arbeitsmappe gruppiert sind, finden Sie im Dateinamen immer das Wort \u201eGruppe\u201c.<\/li><li> Sie finden die Hintergrundfarbe aller gruppierten Registerkarten in Wei\u00df vor, es sei denn, die Registerkartenfarbe einer Arbeitsblattregisterkarte wurde von niemandem ge\u00e4ndert. <\/li><\/ol><div class=\"gb-container gb-container-3044ba66 gb-container-mt\"><p class=\"gb-headline gb-headline-b5bb6270 gb-headline-text\"> <strong><a href=\"https:\/\/exceladvisor.org\/de\/excel-grundlagen\/\">Excel-Grundlagen<\/a><\/strong> \/ <strong><a href=\"https:\/\/exceladvisor.org\/de\/arbeitsblatt\/\" data-wpil=\"url\">Excel-Tabelle<\/a><\/strong><\/p><h2 class=\"gb-headline gb-headline-819d540d gb-headline-text gb-headline-mt-heading\"> Weitere Tutorials <\/h2><div class=\"gb-grid-wrapper gb-grid-wrapper-7f3d805a gb-grid-wrapper-mt-grid\"><div class=\"gb-grid-column gb-grid-column-7495e031\"><div class=\"gb-container gb-container-7495e031\"><ul><li> <a href=\"https:\/\/exceladvisor.org\/de\/konsolidieren\/\">Konsolidieren Sie Daten aus mehreren Tabellenkalkulationen<\/a><\/li><li> <a href=\"https:\/\/exceladvisor.org\/de\/umbenennen\/\">Blatt in Excel umbenennen<\/a><\/li><li> <a href=\"https:\/\/exceladvisor.org\/de\/nebeneinander-sehen\/\">Zeigen Sie zwei Bl\u00e4tter nebeneinander in Excel an<\/a><\/li><li> <a href=\"https:\/\/exceladvisor.org\/de\/hinzufugen\/\">F\u00fcgen Sie eine Tabelle in Excel hinzu<\/a><\/li><li> <a href=\"https:\/\/exceladvisor.org\/de\/tab-farbe-andern\/\">Tab-Farbe in Excel \u00e4ndern (Arbeitsblatt-Tab)<\/a><\/li><\/ul><\/div><\/div><\/div><\/div>","protected":false},"excerpt":{"rendered":"","protected":false},"author":1,"featured_media":0,"parent":0,"menu_order":0,"comment_status":"open","ping_status":"closed","template":"","meta":{"ub_ctt_via":"","footnotes":""},"class_list":["post-3320","page","type-page","status-publish","hentry"],"featured_image_src":null,"yoast_head":"<!-- This site is optimized with the Yoast SEO plugin v25.4 - https:\/\/yoast.com\/wordpress\/plugins\/seo\/ -->\n<title>Wie kann ich Arbeitsbl\u00e4tter in Excel gruppieren und die Gruppierung aufheben?<\/title>\n<meta name=\"description\" content=\"Das Gruppieren von Arbeitsbl\u00e4ttern in Excel wird h\u00e4ufig verwendet, wenn Sie eine Reihe von Bl\u00e4ttern haben, die in einer ... strukturiert sind.\" \/>\n<meta name=\"robots\" content=\"index, follow, max-snippet:-1, max-image-preview:large, max-video-preview:-1\" \/>\n<link rel=\"canonical\" href=\"https:\/\/exceladvisor.org\/de\/gruppe-1\/\" \/>\n<meta property=\"og:locale\" content=\"de_DE\" \/>\n<meta property=\"og:type\" content=\"article\" \/>\n<meta property=\"og:title\" content=\"Wie kann ich Arbeitsbl\u00e4tter in Excel gruppieren und die Gruppierung aufheben?\" \/>\n<meta property=\"og:description\" content=\"Das Gruppieren von Arbeitsbl\u00e4ttern in Excel wird h\u00e4ufig verwendet, wenn Sie eine Reihe von Bl\u00e4ttern haben, die in einer ... strukturiert sind.\" \/>\n<meta property=\"og:url\" content=\"https:\/\/exceladvisor.org\/de\/gruppe-1\/\" \/>\n<meta property=\"og:site_name\" content=\"Excel Advisor\" \/>\n<meta property=\"article:modified_time\" content=\"2023-12-03T11:22:07+00:00\" \/>\n<meta property=\"og:image\" content=\"https:\/\/exceladvisor.org\/wp-content\/uploads\/2023\/08\/feuilles-de-groupe-exemple-excel.png\" \/>\n<meta name=\"twitter:card\" content=\"summary_large_image\" \/>\n<meta name=\"twitter:label1\" content=\"Gesch\u00e4tzte Lesezeit\" \/>\n\t<meta name=\"twitter:data1\" content=\"2\u00a0Minuten\" \/>\n<script type=\"application\/ld+json\" class=\"yoast-schema-graph\">{\"@context\":\"https:\/\/schema.org\",\"@graph\":[{\"@type\":\"WebPage\",\"@id\":\"https:\/\/exceladvisor.org\/de\/gruppe-1\/\",\"url\":\"https:\/\/exceladvisor.org\/de\/gruppe-1\/\",\"name\":\"Wie kann ich Arbeitsbl\u00e4tter in Excel gruppieren und die Gruppierung aufheben?\",\"isPartOf\":{\"@id\":\"https:\/\/exceladvisor.org\/de\/#website\"},\"primaryImageOfPage\":{\"@id\":\"https:\/\/exceladvisor.org\/de\/gruppe-1\/#primaryimage\"},\"image\":{\"@id\":\"https:\/\/exceladvisor.org\/de\/gruppe-1\/#primaryimage\"},\"thumbnailUrl\":\"https:\/\/exceladvisor.org\/wp-content\/uploads\/2023\/08\/feuilles-de-groupe-exemple-excel.png\",\"datePublished\":\"2023-10-31T23:56:12+00:00\",\"dateModified\":\"2023-12-03T11:22:07+00:00\",\"description\":\"Das Gruppieren von Arbeitsbl\u00e4ttern in Excel wird h\u00e4ufig verwendet, wenn Sie eine Reihe von Bl\u00e4ttern haben, die in einer ... strukturiert sind.\",\"breadcrumb\":{\"@id\":\"https:\/\/exceladvisor.org\/de\/gruppe-1\/#breadcrumb\"},\"inLanguage\":\"de\",\"potentialAction\":[{\"@type\":\"ReadAction\",\"target\":[\"https:\/\/exceladvisor.org\/de\/gruppe-1\/\"]}]},{\"@type\":\"ImageObject\",\"inLanguage\":\"de\",\"@id\":\"https:\/\/exceladvisor.org\/de\/gruppe-1\/#primaryimage\",\"url\":\"https:\/\/exceladvisor.org\/wp-content\/uploads\/2023\/08\/feuilles-de-groupe-exemple-excel.png\",\"contentUrl\":\"https:\/\/exceladvisor.org\/wp-content\/uploads\/2023\/08\/feuilles-de-groupe-exemple-excel.png\"},{\"@type\":\"BreadcrumbList\",\"@id\":\"https:\/\/exceladvisor.org\/de\/gruppe-1\/#breadcrumb\",\"itemListElement\":[{\"@type\":\"ListItem\",\"position\":1,\"name\":\"Accueil\",\"item\":\"https:\/\/exceladvisor.org\/de\/\"},{\"@type\":\"ListItem\",\"position\":2,\"name\":\"Wie kann ich tabellen gruppieren bzw. die gruppierung aufheben?\"}]},{\"@type\":\"WebSite\",\"@id\":\"https:\/\/exceladvisor.org\/de\/#website\",\"url\":\"https:\/\/exceladvisor.org\/de\/\",\"name\":\"Excel Advisor\",\"description\":\"Ihr Leitfaden zur Datendominanz\",\"publisher\":{\"@id\":\"https:\/\/exceladvisor.org\/de\/#organization\"},\"potentialAction\":[{\"@type\":\"SearchAction\",\"target\":{\"@type\":\"EntryPoint\",\"urlTemplate\":\"https:\/\/exceladvisor.org\/de\/?s={search_term_string}\"},\"query-input\":{\"@type\":\"PropertyValueSpecification\",\"valueRequired\":true,\"valueName\":\"search_term_string\"}}],\"inLanguage\":\"de\"},{\"@type\":\"Organization\",\"@id\":\"https:\/\/exceladvisor.org\/de\/#organization\",\"name\":\"Excel Advisor\",\"url\":\"https:\/\/exceladvisor.org\/de\/\",\"logo\":{\"@type\":\"ImageObject\",\"inLanguage\":\"de\",\"@id\":\"https:\/\/exceladvisor.org\/de\/#\/schema\/logo\/image\/\",\"url\":\"https:\/\/exceladvisor.org\/de\/wp-content\/uploads\/2023\/11\/exceladvisor.org_.png\",\"contentUrl\":\"https:\/\/exceladvisor.org\/de\/wp-content\/uploads\/2023\/11\/exceladvisor.org_.png\",\"width\":105,\"height\":36,\"caption\":\"Excel Advisor\"},\"image\":{\"@id\":\"https:\/\/exceladvisor.org\/de\/#\/schema\/logo\/image\/\"}}]}<\/script>\n<!-- \/ Yoast SEO plugin. -->","yoast_head_json":{"title":"Wie kann ich Arbeitsbl\u00e4tter in Excel gruppieren und die Gruppierung aufheben?","description":"Das Gruppieren von Arbeitsbl\u00e4ttern in Excel wird h\u00e4ufig verwendet, wenn Sie eine Reihe von Bl\u00e4ttern haben, die in einer ... strukturiert sind.","robots":{"index":"index","follow":"follow","max-snippet":"max-snippet:-1","max-image-preview":"max-image-preview:large","max-video-preview":"max-video-preview:-1"},"canonical":"https:\/\/exceladvisor.org\/de\/gruppe-1\/","og_locale":"de_DE","og_type":"article","og_title":"Wie kann ich Arbeitsbl\u00e4tter in Excel gruppieren und die Gruppierung aufheben?","og_description":"Das Gruppieren von Arbeitsbl\u00e4ttern in Excel wird h\u00e4ufig verwendet, wenn Sie eine Reihe von Bl\u00e4ttern haben, die in einer ... strukturiert sind.","og_url":"https:\/\/exceladvisor.org\/de\/gruppe-1\/","og_site_name":"Excel Advisor","article_modified_time":"2023-12-03T11:22:07+00:00","og_image":[{"url":"https:\/\/exceladvisor.org\/wp-content\/uploads\/2023\/08\/feuilles-de-groupe-exemple-excel.png","type":"","width":"","height":""}],"twitter_card":"summary_large_image","twitter_misc":{"Gesch\u00e4tzte Lesezeit":"2\u00a0Minuten"},"schema":{"@context":"https:\/\/schema.org","@graph":[{"@type":"WebPage","@id":"https:\/\/exceladvisor.org\/de\/gruppe-1\/","url":"https:\/\/exceladvisor.org\/de\/gruppe-1\/","name":"Wie kann ich Arbeitsbl\u00e4tter in Excel gruppieren und die Gruppierung aufheben?","isPartOf":{"@id":"https:\/\/exceladvisor.org\/de\/#website"},"primaryImageOfPage":{"@id":"https:\/\/exceladvisor.org\/de\/gruppe-1\/#primaryimage"},"image":{"@id":"https:\/\/exceladvisor.org\/de\/gruppe-1\/#primaryimage"},"thumbnailUrl":"https:\/\/exceladvisor.org\/wp-content\/uploads\/2023\/08\/feuilles-de-groupe-exemple-excel.png","datePublished":"2023-10-31T23:56:12+00:00","dateModified":"2023-12-03T11:22:07+00:00","description":"Das Gruppieren von Arbeitsbl\u00e4ttern in Excel wird h\u00e4ufig verwendet, wenn Sie eine Reihe von Bl\u00e4ttern haben, die in einer ... strukturiert sind.","breadcrumb":{"@id":"https:\/\/exceladvisor.org\/de\/gruppe-1\/#breadcrumb"},"inLanguage":"de","potentialAction":[{"@type":"ReadAction","target":["https:\/\/exceladvisor.org\/de\/gruppe-1\/"]}]},{"@type":"ImageObject","inLanguage":"de","@id":"https:\/\/exceladvisor.org\/de\/gruppe-1\/#primaryimage","url":"https:\/\/exceladvisor.org\/wp-content\/uploads\/2023\/08\/feuilles-de-groupe-exemple-excel.png","contentUrl":"https:\/\/exceladvisor.org\/wp-content\/uploads\/2023\/08\/feuilles-de-groupe-exemple-excel.png"},{"@type":"BreadcrumbList","@id":"https:\/\/exceladvisor.org\/de\/gruppe-1\/#breadcrumb","itemListElement":[{"@type":"ListItem","position":1,"name":"Accueil","item":"https:\/\/exceladvisor.org\/de\/"},{"@type":"ListItem","position":2,"name":"Wie kann ich tabellen gruppieren bzw. die gruppierung aufheben?"}]},{"@type":"WebSite","@id":"https:\/\/exceladvisor.org\/de\/#website","url":"https:\/\/exceladvisor.org\/de\/","name":"Excel Advisor","description":"Ihr Leitfaden zur Datendominanz","publisher":{"@id":"https:\/\/exceladvisor.org\/de\/#organization"},"potentialAction":[{"@type":"SearchAction","target":{"@type":"EntryPoint","urlTemplate":"https:\/\/exceladvisor.org\/de\/?s={search_term_string}"},"query-input":{"@type":"PropertyValueSpecification","valueRequired":true,"valueName":"search_term_string"}}],"inLanguage":"de"},{"@type":"Organization","@id":"https:\/\/exceladvisor.org\/de\/#organization","name":"Excel Advisor","url":"https:\/\/exceladvisor.org\/de\/","logo":{"@type":"ImageObject","inLanguage":"de","@id":"https:\/\/exceladvisor.org\/de\/#\/schema\/logo\/image\/","url":"https:\/\/exceladvisor.org\/de\/wp-content\/uploads\/2023\/11\/exceladvisor.org_.png","contentUrl":"https:\/\/exceladvisor.org\/de\/wp-content\/uploads\/2023\/11\/exceladvisor.org_.png","width":105,"height":36,"caption":"Excel Advisor"},"image":{"@id":"https:\/\/exceladvisor.org\/de\/#\/schema\/logo\/image\/"}}]}},"yoast_meta":{"yoast_wpseo_title":"","yoast_wpseo_metadesc":"","yoast_wpseo_canonical":""},"_links":{"self":[{"href":"https:\/\/exceladvisor.org\/de\/wp-json\/wp\/v2\/pages\/3320","targetHints":{"allow":["GET"]}}],"collection":[{"href":"https:\/\/exceladvisor.org\/de\/wp-json\/wp\/v2\/pages"}],"about":[{"href":"https:\/\/exceladvisor.org\/de\/wp-json\/wp\/v2\/types\/page"}],"author":[{"embeddable":true,"href":"https:\/\/exceladvisor.org\/de\/wp-json\/wp\/v2\/users\/1"}],"replies":[{"embeddable":true,"href":"https:\/\/exceladvisor.org\/de\/wp-json\/wp\/v2\/comments?post=3320"}],"version-history":[{"count":1,"href":"https:\/\/exceladvisor.org\/de\/wp-json\/wp\/v2\/pages\/3320\/revisions"}],"predecessor-version":[{"id":4102,"href":"https:\/\/exceladvisor.org\/de\/wp-json\/wp\/v2\/pages\/3320\/revisions\/4102"}],"wp:attachment":[{"href":"https:\/\/exceladvisor.org\/de\/wp-json\/wp\/v2\/media?parent=3320"}],"curies":[{"name":"wp","href":"https:\/\/api.w.org\/{rel}","templated":true}]}}