{"id":3321,"date":"2023-10-31T23:27:44","date_gmt":"2023-10-31T23:27:44","guid":{"rendered":"https:\/\/exceladvisor.org\/de\/nebeneinander-sehen\/"},"modified":"2023-12-03T11:12:53","modified_gmt":"2023-12-03T11:12:53","slug":"nebeneinander-sehen","status":"publish","type":"page","link":"https:\/\/exceladvisor.org\/de\/nebeneinander-sehen\/","title":{"rendered":"So zeigen sie zwei tabellenbl\u00e4tter nebeneinander in excel an"},"content":{"rendered":"<div class=\"excel-vor-dem-inhalt\" id=\"excel-690664805\"><script type=\"text\/javascript\">\r\n\tatOptions = {\r\n\t\t'key' : 'c1158f160081d6540a8409e6925dab94',\r\n\t\t'format' : 'iframe',\r\n\t\t'height' : 250,\r\n\t\t'width' : 300,\r\n\t\t'params' : {}\r\n\t};\r\n<\/script>\r\n<script type=\"text\/javascript\" src=\"\/\/www.highperformanceformat.com\/c1158f160081d6540a8409e6925dab94\/invoke.js\"><\/script><\/div> <p>Excel verf\u00fcgt \u00fcber eine Funktion zum Teilen und Vergleichen zweier Arbeitsbl\u00e4tter aus derselben oder verschiedenen Arbeitsmappen. Mithilfe dieser Funktion k\u00f6nnen Benutzer schnell Daten aus diesen Bl\u00e4ttern vergleichen, ohne immer wieder zwischen ihnen wechseln zu m\u00fcssen.<\/p><p> Benutzer k\u00f6nnen auch das Scrollen zwischen diesen Tabellenkalkulationen synchronisieren, was den Vergleich sehr schnell und einfach macht.<\/p><p> Wir haben einige schnelle und einfache Schritte zum Teilen von zwei oder mehr Arbeitsbl\u00e4ttern aus derselben oder verschiedenen Arbeitsmappen erw\u00e4hnt.<\/p><h2 id=\"h-split-and-view-two-sheets-side-by-side-of-the-same-workbook\" class=\"wp-block-heading\">Teilen Sie zwei Bl\u00e4tter derselben Arbeitsmappe auf und zeigen Sie sie nebeneinander an<\/h2><ol><li> Gehen Sie zun\u00e4chst zur Registerkarte \u201eAnsicht\u201c und klicken Sie im Men\u00fcband unter der Gruppe \u201eFenster\u201c auf das Symbol \u201eNeues Fenster\u201c. <br><img loading=\"lazy\" decoding=\"async\" title=\"1-Neues-Fenster-Symbol\" src=\"https:\/\/exceladvisor.org\/wp-content\/uploads\/2023\/08\/1-nouvelle-icone-de-fenetre.png\" sizes=\"auto, \" srcset=\"\" alt=\"new-window-icon\" width=\"495\" height=\"116\"><\/li><li> Je \u00f6fter Sie auf \u201eNeues Fenster\u201c klicken, desto mehr Kopien der aktuell ge\u00f6ffneten Arbeitsmappe werden angezeigt.<\/li><li> Excel f\u00fcgt automatisch Zahlen wie 1, 2, 3 usw. hinzu. am Ende der Name der kopierten Arbeitsmappen. <br><img loading=\"lazy\" decoding=\"async\" title=\"2-Exemplar-Ordner\" src=\"https:\/\/exceladvisor.org\/wp-content\/uploads\/2023\/08\/2-cahiers-copies.png\" sizes=\"auto, \" srcset=\"\" alt=\"copied-workbook\" width=\"783\" height=\"152\"><\/li><li> Klicken Sie anschlie\u00dfend auf das Symbol \u201eAlle anordnen\u201c unter der Gruppe \u201eFenster\u201c im Men\u00fcband.<\/li><li> W\u00e4hlen Sie nun die geteilte Bildschirmansicht (Kachel, Horizontal, Vertikal, Wasserfall) aus der Dropdown-Liste aus und klicken Sie auf OK.<\/li><li> Die Option \u201eAktive Arbeitsmappenfenster\u201c sollte immer aktiviert sein, wenn Bl\u00e4tter in derselben Arbeitsmappe geteilt werden. <br><img loading=\"lazy\" decoding=\"async\" title=\"3-Alles-Neuanordnen-Symbol\" src=\"https:\/\/exceladvisor.org\/wp-content\/uploads\/2023\/08\/3-organiser-toutes-les-icones.png\" sizes=\"auto, \" srcset=\"\" alt=\"arrange-all-icon\" width=\"330\" height=\"306\"><\/li><li> Zu diesem Zeitpunkt ist Ihre aktuelle Arbeitsmappe in zwei Teile unterteilt.<\/li><li> Um zwischen diesen beiden Bl\u00e4ttern zu wechseln, klicken Sie einfach auf die Registerkarte des Blatts, das Sie zum Vergleich anzeigen m\u00f6chten. <br><img loading=\"lazy\" decoding=\"async\" title=\"4 geteilte Arbeitsbl\u00e4tter\" src=\"https:\/\/exceladvisor.org\/wp-content\/uploads\/2023\/08\/4-feuilles-de-travail-divisees.png\" sizes=\"auto, \" srcset=\"\" alt=\"worksheets-split\" width=\"1152\" height=\"332\"><\/li><\/ol><p> Benutzer k\u00f6nnen mehr als zwei Arbeitsmappen gleichzeitig teilen, indem sie einfach \u00fcber das Symbol \u201eNeues Fenster\u201c unter der Gruppe \u201eFenster\u201c im Men\u00fcband weitere Kopien der Arbeitsmappe erstellen. <\/p><h2 id=\"h-split-and-view-two-sheets-side-by-side-of-the-different-workbooks\" class=\"wp-block-heading\"> Teilen Sie zwei Bl\u00e4tter aus verschiedenen Arbeitsmappen auf und zeigen Sie sie nebeneinander an<\/h2><ol><li> \u00d6ffnen Sie zun\u00e4chst die Arbeitsmappen, die Sie aufteilen und vergleichen m\u00f6chten.<\/li><li> Gehen Sie anschlie\u00dfend zur Registerkarte \u201eAnsicht\u201c und klicken Sie dann auf das Symbol \u201eAlle anordnen\u201c unter der Gruppe \u201eFenster\u201c im Men\u00fcband.<\/li><li> W\u00e4hlen Sie nun aus der Dropdown-Liste die geteilte Bildschirmansicht (Kachel, Horizontal, Vertikal, Wasserfall) aus.<\/li><li> Deaktivieren Sie am Ende die Option \u201eWindows in aktiver Arbeitsmappe\u201c und klicken Sie auf \u201eOK\u201c. <br><img loading=\"lazy\" decoding=\"async\" title=\"5-Alles-Organisieren-Dropdown\" src=\"https:\/\/exceladvisor.org\/wp-content\/uploads\/2023\/08\/5-organiser-tous-les-menus-deroulants.png\" sizes=\"auto, \" srcset=\"\" alt=\"arrange-all-dropdown\" width=\"348\" height=\"324\"><\/li><li> Zu diesem Zeitpunkt sind Ihre ge\u00f6ffneten Arbeitsmappen in zwei Teile unterteilt. <\/li><\/ol><h2 id=\"h-synchronous-scrolling-between-the-sheets-of-the-same-or-different-workbooks\" class=\"wp-block-heading\"> Synchrones Scrollen zwischen Bl\u00e4ttern in derselben oder verschiedenen Arbeitsmappen<\/h2><p> Mit der synchronen Bildlauffunktion k\u00f6nnen Benutzer mithilfe geteilter Bildschirmansichten gleichzeitig durch Arbeitsbl\u00e4tter zwischen zwei Arbeitsmappen scrollen.<\/p><ol><li> Gehen Sie zun\u00e4chst zur Registerkarte \u201eAnsicht\u201c und klicken Sie auf das Symbol \u201eNebeneinander anzeigen\u201c unter der Gruppe \u201eFenster\u201c im Men\u00fcband.<\/li><li> W\u00e4hlen Sie nun aus der Dropdown-Liste die Arbeitsmappe aus, die Sie im Split-Screen-Modus vergleichen m\u00f6chten, und klicken Sie auf OK. <br><img loading=\"lazy\" decoding=\"async\" title=\"Option 6: Nebeneinanderansichten\" src=\"https:\/\/exceladvisor.org\/wp-content\/uploads\/2023\/08\/Option-6-vues-cote-a-cote.png\" sizes=\"auto, \" srcset=\"\" alt=\"view-side-by-side-option\" width=\"470\" height=\"338\"><\/li><li> Sobald Sie auf \u201eOK\u201c klicken, werden die Arbeitsmappen im Split-Screen-Modus angezeigt und das synchrone Scrollen wird standardm\u00e4\u00dfig f\u00fcr die Arbeitsbl\u00e4tter im Split-Screen-Modus aktiviert. <br><img loading=\"lazy\" decoding=\"async\" title=\"7-synchrone Scroll-Option\" src=\"https:\/\/exceladvisor.org\/wp-content\/uploads\/2023\/08\/7-option-de-defilement-synchrone.png\" sizes=\"auto, \" srcset=\"\" alt=\"synchronous-scrolling-option\" width=\"557\" height=\"119\"><\/li><\/ol><div class=\"gb-container gb-container-3044ba66 gb-container-mt\"><p class=\"gb-headline gb-headline-b5bb6270 gb-headline-text\"> <strong><a href=\"https:\/\/exceladvisor.org\/de\/excel-grundlagen\/\">Excel-Grundlagen<\/a><\/strong> \/ <strong><a href=\"https:\/\/exceladvisor.org\/de\/arbeitsblatt\/\" data-wpil=\"url\">Excel-Tabelle<\/a><\/strong><\/p><h2 class=\"gb-headline gb-headline-819d540d gb-headline-text gb-headline-mt-heading\"> Weitere Tutorials <\/h2><div class=\"gb-grid-wrapper gb-grid-wrapper-7f3d805a gb-grid-wrapper-mt-grid\"><div class=\"gb-grid-column gb-grid-column-7495e031\"><div class=\"gb-container gb-container-7495e031\"><ul><li> <a href=\"https:\/\/exceladvisor.org\/de\/konsolidieren\/\">Konsolidieren Sie Daten aus mehreren Tabellenkalkulationen<\/a><\/li><li> <a href=\"https:\/\/exceladvisor.org\/de\/umbenennen\/\">Blatt in Excel umbenennen<\/a><\/li><li> <a href=\"https:\/\/exceladvisor.org\/de\/gruppe-1\/\">Gruppenarbeitsbl\u00e4tter in Excel<\/a><\/li><li> <a href=\"https:\/\/exceladvisor.org\/de\/hinzufugen\/\">F\u00fcgen Sie eine Tabelle in Excel hinzu<\/a><\/li><li> <a href=\"https:\/\/exceladvisor.org\/de\/tab-farbe-andern\/\">Tab-Farbe in Excel \u00e4ndern (Arbeitsblatt-Tab)<\/a><\/li><\/ul><\/div><\/div><\/div><\/div>","protected":false},"excerpt":{"rendered":"","protected":false},"author":1,"featured_media":0,"parent":0,"menu_order":0,"comment_status":"open","ping_status":"closed","template":"","meta":{"ub_ctt_via":"","footnotes":""},"class_list":["post-3321","page","type-page","status-publish","hentry"],"featured_image_src":null,"yoast_head":"<!-- This site is optimized with the Yoast SEO plugin v25.4 - https:\/\/yoast.com\/wordpress\/plugins\/seo\/ -->\n<title>So zeigen Sie zwei Tabellenbl\u00e4tter nebeneinander in Excel an<\/title>\n<meta name=\"description\" content=\"In diesem Tutorial erfahren Sie, wie Sie zwei Bl\u00e4tter aus einer einzelnen Arbeitsmappe sowie aus verschiedenen Arbeitsmappen nebeneinander anzeigen.\" \/>\n<meta name=\"robots\" content=\"index, follow, max-snippet:-1, max-image-preview:large, max-video-preview:-1\" \/>\n<link rel=\"canonical\" href=\"https:\/\/exceladvisor.org\/de\/nebeneinander-sehen\/\" \/>\n<meta property=\"og:locale\" content=\"de_DE\" \/>\n<meta property=\"og:type\" content=\"article\" \/>\n<meta property=\"og:title\" content=\"So zeigen Sie zwei Tabellenbl\u00e4tter nebeneinander in Excel an\" \/>\n<meta property=\"og:description\" content=\"In diesem Tutorial erfahren Sie, wie Sie zwei Bl\u00e4tter aus einer einzelnen Arbeitsmappe sowie aus verschiedenen Arbeitsmappen nebeneinander anzeigen.\" \/>\n<meta property=\"og:url\" content=\"https:\/\/exceladvisor.org\/de\/nebeneinander-sehen\/\" \/>\n<meta property=\"og:site_name\" content=\"Excel Advisor\" \/>\n<meta property=\"article:modified_time\" content=\"2023-12-03T11:12:53+00:00\" \/>\n<meta property=\"og:image\" content=\"https:\/\/exceladvisor.org\/wp-content\/uploads\/2023\/08\/1-nouvelle-icone-de-fenetre.png\" \/>\n<meta name=\"twitter:card\" content=\"summary_large_image\" \/>\n<meta name=\"twitter:label1\" content=\"Gesch\u00e4tzte Lesezeit\" \/>\n\t<meta name=\"twitter:data1\" content=\"2\u00a0Minuten\" \/>\n<script type=\"application\/ld+json\" class=\"yoast-schema-graph\">{\"@context\":\"https:\/\/schema.org\",\"@graph\":[{\"@type\":\"WebPage\",\"@id\":\"https:\/\/exceladvisor.org\/de\/nebeneinander-sehen\/\",\"url\":\"https:\/\/exceladvisor.org\/de\/nebeneinander-sehen\/\",\"name\":\"So zeigen Sie zwei Tabellenbl\u00e4tter nebeneinander in Excel an\",\"isPartOf\":{\"@id\":\"https:\/\/exceladvisor.org\/de\/#website\"},\"primaryImageOfPage\":{\"@id\":\"https:\/\/exceladvisor.org\/de\/nebeneinander-sehen\/#primaryimage\"},\"image\":{\"@id\":\"https:\/\/exceladvisor.org\/de\/nebeneinander-sehen\/#primaryimage\"},\"thumbnailUrl\":\"https:\/\/exceladvisor.org\/wp-content\/uploads\/2023\/08\/1-nouvelle-icone-de-fenetre.png\",\"datePublished\":\"2023-10-31T23:27:44+00:00\",\"dateModified\":\"2023-12-03T11:12:53+00:00\",\"description\":\"In diesem Tutorial erfahren Sie, wie Sie zwei Bl\u00e4tter aus einer einzelnen Arbeitsmappe sowie aus verschiedenen Arbeitsmappen nebeneinander anzeigen.\",\"breadcrumb\":{\"@id\":\"https:\/\/exceladvisor.org\/de\/nebeneinander-sehen\/#breadcrumb\"},\"inLanguage\":\"de\",\"potentialAction\":[{\"@type\":\"ReadAction\",\"target\":[\"https:\/\/exceladvisor.org\/de\/nebeneinander-sehen\/\"]}]},{\"@type\":\"ImageObject\",\"inLanguage\":\"de\",\"@id\":\"https:\/\/exceladvisor.org\/de\/nebeneinander-sehen\/#primaryimage\",\"url\":\"https:\/\/exceladvisor.org\/wp-content\/uploads\/2023\/08\/1-nouvelle-icone-de-fenetre.png\",\"contentUrl\":\"https:\/\/exceladvisor.org\/wp-content\/uploads\/2023\/08\/1-nouvelle-icone-de-fenetre.png\"},{\"@type\":\"BreadcrumbList\",\"@id\":\"https:\/\/exceladvisor.org\/de\/nebeneinander-sehen\/#breadcrumb\",\"itemListElement\":[{\"@type\":\"ListItem\",\"position\":1,\"name\":\"Accueil\",\"item\":\"https:\/\/exceladvisor.org\/de\/\"},{\"@type\":\"ListItem\",\"position\":2,\"name\":\"So zeigen sie zwei tabellenbl\u00e4tter nebeneinander in excel an\"}]},{\"@type\":\"WebSite\",\"@id\":\"https:\/\/exceladvisor.org\/de\/#website\",\"url\":\"https:\/\/exceladvisor.org\/de\/\",\"name\":\"Excel Advisor\",\"description\":\"Ihr Leitfaden zur Datendominanz\",\"publisher\":{\"@id\":\"https:\/\/exceladvisor.org\/de\/#organization\"},\"potentialAction\":[{\"@type\":\"SearchAction\",\"target\":{\"@type\":\"EntryPoint\",\"urlTemplate\":\"https:\/\/exceladvisor.org\/de\/?s={search_term_string}\"},\"query-input\":{\"@type\":\"PropertyValueSpecification\",\"valueRequired\":true,\"valueName\":\"search_term_string\"}}],\"inLanguage\":\"de\"},{\"@type\":\"Organization\",\"@id\":\"https:\/\/exceladvisor.org\/de\/#organization\",\"name\":\"Excel Advisor\",\"url\":\"https:\/\/exceladvisor.org\/de\/\",\"logo\":{\"@type\":\"ImageObject\",\"inLanguage\":\"de\",\"@id\":\"https:\/\/exceladvisor.org\/de\/#\/schema\/logo\/image\/\",\"url\":\"https:\/\/exceladvisor.org\/de\/wp-content\/uploads\/2023\/11\/exceladvisor.org_.png\",\"contentUrl\":\"https:\/\/exceladvisor.org\/de\/wp-content\/uploads\/2023\/11\/exceladvisor.org_.png\",\"width\":105,\"height\":36,\"caption\":\"Excel Advisor\"},\"image\":{\"@id\":\"https:\/\/exceladvisor.org\/de\/#\/schema\/logo\/image\/\"}}]}<\/script>\n<!-- \/ Yoast SEO plugin. -->","yoast_head_json":{"title":"So zeigen Sie zwei Tabellenbl\u00e4tter nebeneinander in Excel an","description":"In diesem Tutorial erfahren Sie, wie Sie zwei Bl\u00e4tter aus einer einzelnen Arbeitsmappe sowie aus verschiedenen Arbeitsmappen nebeneinander anzeigen.","robots":{"index":"index","follow":"follow","max-snippet":"max-snippet:-1","max-image-preview":"max-image-preview:large","max-video-preview":"max-video-preview:-1"},"canonical":"https:\/\/exceladvisor.org\/de\/nebeneinander-sehen\/","og_locale":"de_DE","og_type":"article","og_title":"So zeigen Sie zwei Tabellenbl\u00e4tter nebeneinander in Excel an","og_description":"In diesem Tutorial erfahren Sie, wie Sie zwei Bl\u00e4tter aus einer einzelnen Arbeitsmappe sowie aus verschiedenen Arbeitsmappen nebeneinander anzeigen.","og_url":"https:\/\/exceladvisor.org\/de\/nebeneinander-sehen\/","og_site_name":"Excel Advisor","article_modified_time":"2023-12-03T11:12:53+00:00","og_image":[{"url":"https:\/\/exceladvisor.org\/wp-content\/uploads\/2023\/08\/1-nouvelle-icone-de-fenetre.png","type":"","width":"","height":""}],"twitter_card":"summary_large_image","twitter_misc":{"Gesch\u00e4tzte Lesezeit":"2\u00a0Minuten"},"schema":{"@context":"https:\/\/schema.org","@graph":[{"@type":"WebPage","@id":"https:\/\/exceladvisor.org\/de\/nebeneinander-sehen\/","url":"https:\/\/exceladvisor.org\/de\/nebeneinander-sehen\/","name":"So zeigen Sie zwei Tabellenbl\u00e4tter nebeneinander in Excel an","isPartOf":{"@id":"https:\/\/exceladvisor.org\/de\/#website"},"primaryImageOfPage":{"@id":"https:\/\/exceladvisor.org\/de\/nebeneinander-sehen\/#primaryimage"},"image":{"@id":"https:\/\/exceladvisor.org\/de\/nebeneinander-sehen\/#primaryimage"},"thumbnailUrl":"https:\/\/exceladvisor.org\/wp-content\/uploads\/2023\/08\/1-nouvelle-icone-de-fenetre.png","datePublished":"2023-10-31T23:27:44+00:00","dateModified":"2023-12-03T11:12:53+00:00","description":"In diesem Tutorial erfahren Sie, wie Sie zwei Bl\u00e4tter aus einer einzelnen Arbeitsmappe sowie aus verschiedenen Arbeitsmappen nebeneinander anzeigen.","breadcrumb":{"@id":"https:\/\/exceladvisor.org\/de\/nebeneinander-sehen\/#breadcrumb"},"inLanguage":"de","potentialAction":[{"@type":"ReadAction","target":["https:\/\/exceladvisor.org\/de\/nebeneinander-sehen\/"]}]},{"@type":"ImageObject","inLanguage":"de","@id":"https:\/\/exceladvisor.org\/de\/nebeneinander-sehen\/#primaryimage","url":"https:\/\/exceladvisor.org\/wp-content\/uploads\/2023\/08\/1-nouvelle-icone-de-fenetre.png","contentUrl":"https:\/\/exceladvisor.org\/wp-content\/uploads\/2023\/08\/1-nouvelle-icone-de-fenetre.png"},{"@type":"BreadcrumbList","@id":"https:\/\/exceladvisor.org\/de\/nebeneinander-sehen\/#breadcrumb","itemListElement":[{"@type":"ListItem","position":1,"name":"Accueil","item":"https:\/\/exceladvisor.org\/de\/"},{"@type":"ListItem","position":2,"name":"So zeigen sie zwei tabellenbl\u00e4tter nebeneinander in excel an"}]},{"@type":"WebSite","@id":"https:\/\/exceladvisor.org\/de\/#website","url":"https:\/\/exceladvisor.org\/de\/","name":"Excel Advisor","description":"Ihr Leitfaden zur Datendominanz","publisher":{"@id":"https:\/\/exceladvisor.org\/de\/#organization"},"potentialAction":[{"@type":"SearchAction","target":{"@type":"EntryPoint","urlTemplate":"https:\/\/exceladvisor.org\/de\/?s={search_term_string}"},"query-input":{"@type":"PropertyValueSpecification","valueRequired":true,"valueName":"search_term_string"}}],"inLanguage":"de"},{"@type":"Organization","@id":"https:\/\/exceladvisor.org\/de\/#organization","name":"Excel Advisor","url":"https:\/\/exceladvisor.org\/de\/","logo":{"@type":"ImageObject","inLanguage":"de","@id":"https:\/\/exceladvisor.org\/de\/#\/schema\/logo\/image\/","url":"https:\/\/exceladvisor.org\/de\/wp-content\/uploads\/2023\/11\/exceladvisor.org_.png","contentUrl":"https:\/\/exceladvisor.org\/de\/wp-content\/uploads\/2023\/11\/exceladvisor.org_.png","width":105,"height":36,"caption":"Excel Advisor"},"image":{"@id":"https:\/\/exceladvisor.org\/de\/#\/schema\/logo\/image\/"}}]}},"yoast_meta":{"yoast_wpseo_title":"","yoast_wpseo_metadesc":"","yoast_wpseo_canonical":""},"_links":{"self":[{"href":"https:\/\/exceladvisor.org\/de\/wp-json\/wp\/v2\/pages\/3321","targetHints":{"allow":["GET"]}}],"collection":[{"href":"https:\/\/exceladvisor.org\/de\/wp-json\/wp\/v2\/pages"}],"about":[{"href":"https:\/\/exceladvisor.org\/de\/wp-json\/wp\/v2\/types\/page"}],"author":[{"embeddable":true,"href":"https:\/\/exceladvisor.org\/de\/wp-json\/wp\/v2\/users\/1"}],"replies":[{"embeddable":true,"href":"https:\/\/exceladvisor.org\/de\/wp-json\/wp\/v2\/comments?post=3321"}],"version-history":[{"count":1,"href":"https:\/\/exceladvisor.org\/de\/wp-json\/wp\/v2\/pages\/3321\/revisions"}],"predecessor-version":[{"id":3793,"href":"https:\/\/exceladvisor.org\/de\/wp-json\/wp\/v2\/pages\/3321\/revisions\/3793"}],"wp:attachment":[{"href":"https:\/\/exceladvisor.org\/de\/wp-json\/wp\/v2\/media?parent=3321"}],"curies":[{"name":"wp","href":"https:\/\/api.w.org\/{rel}","templated":true}]}}