{"id":3322,"date":"2023-10-31T23:04:24","date_gmt":"2023-10-31T23:04:24","guid":{"rendered":"https:\/\/exceladvisor.org\/de\/umbenennen\/"},"modified":"2023-12-03T11:14:03","modified_gmt":"2023-12-03T11:14:03","slug":"umbenennen","status":"publish","type":"page","link":"https:\/\/exceladvisor.org\/de\/umbenennen\/","title":{"rendered":"Wie benenne ich ein blatt in excel um?"},"content":{"rendered":"<div class=\"excel-vor-dem-inhalt\" id=\"excel-1838754317\"><script type=\"text\/javascript\">\r\n\tatOptions = {\r\n\t\t'key' : 'c1158f160081d6540a8409e6925dab94',\r\n\t\t'format' : 'iframe',\r\n\t\t'height' : 250,\r\n\t\t'width' : 300,\r\n\t\t'params' : {}\r\n\t};\r\n<\/script>\r\n<script type=\"text\/javascript\" src=\"\/\/www.highperformanceformat.com\/c1158f160081d6540a8409e6925dab94\/invoke.js\"><\/script><\/div> <p>In Excel gibt es mehrere M\u00f6glichkeiten, ein Blatt umzubenennen. In diesem Tutorial lernen wir alle diese Methoden kennen.<\/p><h2 id=\"h-rename-a-sheet-from-option-menu\" class=\"wp-block-heading\"> Benennen Sie ein Blatt \u00fcber das Optionsmen\u00fc um<\/h2><p> Die Standardmethode zum Umbenennen eines Blatts ist die Verwendung des Rechtsklick-Optionsmen\u00fcs. Sehen Sie sich die folgenden Schritte an: <\/p><div class=\"wp-block-image\"><figure class=\"aligncenter size-full is-resized\"><img loading=\"lazy\" decoding=\"async\" class=\"wp-image-61147\" src=\"https:\/\/exceladvisor.org\/wp-content\/uploads\/2023\/08\/1-renommer-la-feuille-a-partir-du-menu-doptions.png\" sizes=\"auto, \" srcset=\"\" alt=\"Blatt aus Optionsmen\u00fc umbenennen\" width=\"347\" height=\"407\"><\/figure><\/div><ol type=\"1\"><li> Aktivieren Sie zun\u00e4chst das Blatt, das Sie umbenennen m\u00f6chten.<\/li><li> Klicken Sie anschlie\u00dfend mit der rechten Maustaste auf die Blattregisterkarte.<\/li><li> Klicken Sie anschlie\u00dfend in der Optionsliste auf die Option \u201eUmbenennen\u201c.<\/li><li> L\u00f6schen Sie nun den alten Namen und geben Sie den neuen Namen ein, den Sie korrigieren m\u00f6chten.<\/li><li> Dr\u00fccken Sie am Ende die Eingabetaste.<\/li><\/ol><h2 id=\"h-keyboard-shortcut-to-rename-a-sheet\" class=\"wp-block-heading\"> Tastenkombination zum Umbenennen eines Blatts<\/h2><p> Es gibt auch eine Tastenkombination, mit der Sie ein Blatt in Excel umbenennen k\u00f6nnen. Um diese Tastenkombination zu verwenden, m\u00fcssen Sie zun\u00e4chst das Blatt aktivieren, das Sie umbenennen m\u00f6chten, und anschlie\u00dfend die folgenden Tasten dr\u00fccken:<\/p><p> <kbd>Alt \u21e2 H \u21e2 O \u21e2 R<\/kbd> <\/p><div class=\"wp-block-image\"><figure class=\"aligncenter size-full is-resized\"><img loading=\"lazy\" decoding=\"async\" class=\"wp-image-61148\" src=\"https:\/\/exceladvisor.org\/wp-content\/uploads\/2023\/08\/2-raccourci-clavier-pour-renommer-la-feuille.png\" sizes=\"auto, \" srcset=\"\" alt=\"Tastaturk\u00fcrzel zum Umbenennen eines Blatts\" width=\"903\" height=\"210\"><\/figure><\/div><p> Wenn Sie diese Tastenkombination dr\u00fccken, wird der Blattname ge\u00e4ndert. Anschlie\u00dfend k\u00f6nnen Sie den neuen Namen eingeben, den Sie angeben m\u00f6chten, und die Eingabetaste dr\u00fccken.<\/p><h2 id=\"h-double-click-of-rename-a-sheet\" class=\"wp-block-heading\"> Doppelklicken Sie, um ein Blatt umzubenennen<\/h2><p> Sie k\u00f6nnen den Blattnamen auch per Doppelklick bearbeiten und sp\u00e4ter umbenennen.<\/p><ol type=\"1\"><li> Aktivieren Sie zun\u00e4chst das Blatt, das Sie umbenennen m\u00f6chten.<\/li><li> Doppelklicken Sie auf die Blattregisterkarte, um sie zu bearbeiten.<\/li><li> L\u00f6schen Sie den alten Namen, den Sie dort bereits haben.<\/li><li> Geben Sie den neuen Namen ein und dr\u00fccken Sie dann die Eingabetaste.<\/li><\/ol><h2 id=\"h-using-the-format-options\" class=\"wp-block-heading\"> Verwenden von Formatoptionen<\/h2><p> Ebenso k\u00f6nnen Sie ein Arbeitsblatt mithilfe der Formatoption im Men\u00fcband umbenennen. <\/p><div class=\"wp-block-image\"><figure class=\"aligncenter size-full is-resized\"><img loading=\"lazy\" decoding=\"async\" class=\"wp-image-61149\" src=\"https:\/\/exceladvisor.org\/wp-content\/uploads\/2023\/08\/3-renommer-la-feuille-en-utilisant-loption-de-format.png\" sizes=\"auto, \" srcset=\"\" alt=\"Blatt mithilfe der Formatoption umbenennen\" width=\"272\" height=\"434\"><\/figure><\/div><ol><li> Gehen Sie zun\u00e4chst zur Registerkarte \u201eStartseite\u201c und suchen Sie die Dropdown-Liste \u201eFormatoptionen\u201c.<\/li><li> Klicken Sie anschlie\u00dfend auf das Dropdown-Men\u00fc, um die Liste der Optionen anzuzeigen.<\/li><li> Klicken Sie anschlie\u00dfend auf die Option \u201eBlatt umbenennen\u201c, um den Blattnamen zu \u00e4ndern.<\/li><li> Geben Sie am Ende den neuen Namen ein und dr\u00fccken Sie die Eingabetaste.<\/li><\/ol><p> Wie bei allen anderen Methoden m\u00fcssen Sie zun\u00e4chst das Blatt aktivieren, um diese Methode verwenden zu k\u00f6nnen.<\/p><p class=\"mytip\"> Sie k\u00f6nnen <a href=\"https:\/\/exceladvisor.org\/de\/blatt-umbenennen\/\">ein Blatt auch mit VBA umbenennen<\/a> .<\/p><h2 id=\"h-rules-you-need-to-know-naming-a-sheet\" class=\"wp-block-heading\"> Regeln, die Sie kennen m\u00fcssen (benennen Sie ein Blatt)<\/h2><p> Beim Umbenennen eines Blattes m\u00fcssen Sie einige Regeln beachten.<\/p><ol type=\"1\"><li> Sie k\u00f6nnen zwei verschiedene Bl\u00e4tter mit demselben Namen benennen.<\/li><li> Ein Blattname darf kein leerer Wert sein.<\/li><li> F\u00fcr einen Blattnamen k\u00f6nnen maximal 31 Zeichen verwendet werden.<\/li><li> Ein Apostroph (&#8218;) kann nicht am Anfang und Ende des Namens verwendet werden, kann aber irgendwo in der Mitte verwendet werden.<\/li><li> Einige Zeichen k\u00f6nnen nicht im Namen verwendet werden, z. B. [ ] \\ \/? :*<\/li><li> Sie k\u00f6nnen nicht das Wort \u201eVerlauf\u201c als Blattnamen verwenden, da es von Excel reserviert ist. <\/li><\/ol><div class=\"gb-container gb-container-3044ba66 gb-container-mt\"><p class=\"gb-headline gb-headline-b5bb6270 gb-headline-text\"> <strong><a href=\"https:\/\/exceladvisor.org\/de\/excel-grundlagen\/\">Excel-Grundlagen<\/a><\/strong> \/ <strong><a href=\"https:\/\/exceladvisor.org\/de\/arbeitsblatt\/\" data-wpil=\"url\">Excel-Tabelle<\/a><\/strong><\/p><h2 class=\"gb-headline gb-headline-819d540d gb-headline-text gb-headline-mt-heading\"> Weitere Tutorials <\/h2><div class=\"gb-grid-wrapper gb-grid-wrapper-7f3d805a gb-grid-wrapper-mt-grid\"><div class=\"gb-grid-column gb-grid-column-7495e031\"><div class=\"gb-container gb-container-7495e031\"><ul><li> <a href=\"https:\/\/exceladvisor.org\/de\/hinzufugen\/\">F\u00fcgen Sie eine Tabelle in Excel hinzu<\/a><\/li><li> <a href=\"https:\/\/exceladvisor.org\/de\/tab-farbe-andern\/\">Tab-Farbe in Excel \u00e4ndern (Arbeitsblatt-Tab)<\/a><\/li><li> <a href=\"https:\/\/exceladvisor.org\/de\/fuge-einen-titel-hinzu\/\">F\u00fcgen Sie einem Arbeitsblatt in Excel einen Titel hinzu<\/a><\/li><li> <a href=\"https:\/\/exceladvisor.org\/de\/kopie-1\/\">Ein Blatt (Tabellenkalkulation) kopieren oder verschieben<\/a><\/li><li> <a href=\"https:\/\/exceladvisor.org\/de\/alles-auswahlen-1\/\">Alle Arbeitsbl\u00e4tter (Bl\u00e4tter) ausw\u00e4hlen<\/a> <\/li><\/ul><\/div><\/div><div class=\"gb-grid-column gb-grid-column-530ab33a\"><div class=\"gb-container gb-container-530ab33a\"><\/div><\/div><\/div><\/div>","protected":false},"excerpt":{"rendered":"","protected":false},"author":1,"featured_media":0,"parent":0,"menu_order":0,"comment_status":"open","ping_status":"closed","template":"","meta":{"ub_ctt_via":"","footnotes":""},"class_list":["post-3322","page","type-page","status-publish","hentry"],"featured_image_src":null,"yoast_head":"<!-- This site is optimized with the Yoast SEO plugin v25.4 - https:\/\/yoast.com\/wordpress\/plugins\/seo\/ -->\n<title>Wie benenne ich ein Blatt in Excel um? (Tutorial 2023)<\/title>\n<meta name=\"description\" content=\"Hier lernen wir verschiedene M\u00f6glichkeiten kennen, ein Blatt in Excel umzubenennen (Tastaturk\u00fcrzel, Mausklick, Rechtsklick usw.).\" \/>\n<meta name=\"robots\" content=\"index, follow, max-snippet:-1, max-image-preview:large, max-video-preview:-1\" \/>\n<link rel=\"canonical\" href=\"https:\/\/exceladvisor.org\/de\/umbenennen\/\" \/>\n<meta property=\"og:locale\" content=\"de_DE\" \/>\n<meta property=\"og:type\" content=\"article\" \/>\n<meta property=\"og:title\" content=\"Wie benenne ich ein Blatt in Excel um? (Tutorial 2023)\" \/>\n<meta property=\"og:description\" content=\"Hier lernen wir verschiedene M\u00f6glichkeiten kennen, ein Blatt in Excel umzubenennen (Tastaturk\u00fcrzel, Mausklick, Rechtsklick usw.).\" \/>\n<meta property=\"og:url\" content=\"https:\/\/exceladvisor.org\/de\/umbenennen\/\" \/>\n<meta property=\"og:site_name\" content=\"Excel Advisor\" \/>\n<meta property=\"article:modified_time\" content=\"2023-12-03T11:14:03+00:00\" \/>\n<meta property=\"og:image\" content=\"https:\/\/exceladvisor.org\/wp-content\/uploads\/2023\/08\/1-renommer-la-feuille-a-partir-du-menu-doptions.png\" \/>\n<meta name=\"twitter:card\" content=\"summary_large_image\" \/>\n<meta name=\"twitter:label1\" content=\"Gesch\u00e4tzte Lesezeit\" \/>\n\t<meta name=\"twitter:data1\" content=\"2\u00a0Minuten\" \/>\n<script type=\"application\/ld+json\" class=\"yoast-schema-graph\">{\"@context\":\"https:\/\/schema.org\",\"@graph\":[{\"@type\":\"WebPage\",\"@id\":\"https:\/\/exceladvisor.org\/de\/umbenennen\/\",\"url\":\"https:\/\/exceladvisor.org\/de\/umbenennen\/\",\"name\":\"Wie benenne ich ein Blatt in Excel um? (Tutorial 2023)\",\"isPartOf\":{\"@id\":\"https:\/\/exceladvisor.org\/de\/#website\"},\"primaryImageOfPage\":{\"@id\":\"https:\/\/exceladvisor.org\/de\/umbenennen\/#primaryimage\"},\"image\":{\"@id\":\"https:\/\/exceladvisor.org\/de\/umbenennen\/#primaryimage\"},\"thumbnailUrl\":\"https:\/\/exceladvisor.org\/wp-content\/uploads\/2023\/08\/1-renommer-la-feuille-a-partir-du-menu-doptions.png\",\"datePublished\":\"2023-10-31T23:04:24+00:00\",\"dateModified\":\"2023-12-03T11:14:03+00:00\",\"description\":\"Hier lernen wir verschiedene M\u00f6glichkeiten kennen, ein Blatt in Excel umzubenennen (Tastaturk\u00fcrzel, Mausklick, Rechtsklick usw.).\",\"breadcrumb\":{\"@id\":\"https:\/\/exceladvisor.org\/de\/umbenennen\/#breadcrumb\"},\"inLanguage\":\"de\",\"potentialAction\":[{\"@type\":\"ReadAction\",\"target\":[\"https:\/\/exceladvisor.org\/de\/umbenennen\/\"]}]},{\"@type\":\"ImageObject\",\"inLanguage\":\"de\",\"@id\":\"https:\/\/exceladvisor.org\/de\/umbenennen\/#primaryimage\",\"url\":\"https:\/\/exceladvisor.org\/wp-content\/uploads\/2023\/08\/1-renommer-la-feuille-a-partir-du-menu-doptions.png\",\"contentUrl\":\"https:\/\/exceladvisor.org\/wp-content\/uploads\/2023\/08\/1-renommer-la-feuille-a-partir-du-menu-doptions.png\"},{\"@type\":\"BreadcrumbList\",\"@id\":\"https:\/\/exceladvisor.org\/de\/umbenennen\/#breadcrumb\",\"itemListElement\":[{\"@type\":\"ListItem\",\"position\":1,\"name\":\"Accueil\",\"item\":\"https:\/\/exceladvisor.org\/de\/\"},{\"@type\":\"ListItem\",\"position\":2,\"name\":\"Wie benenne ich ein blatt in excel um?\"}]},{\"@type\":\"WebSite\",\"@id\":\"https:\/\/exceladvisor.org\/de\/#website\",\"url\":\"https:\/\/exceladvisor.org\/de\/\",\"name\":\"Excel Advisor\",\"description\":\"Ihr Leitfaden zur Datendominanz\",\"publisher\":{\"@id\":\"https:\/\/exceladvisor.org\/de\/#organization\"},\"potentialAction\":[{\"@type\":\"SearchAction\",\"target\":{\"@type\":\"EntryPoint\",\"urlTemplate\":\"https:\/\/exceladvisor.org\/de\/?s={search_term_string}\"},\"query-input\":{\"@type\":\"PropertyValueSpecification\",\"valueRequired\":true,\"valueName\":\"search_term_string\"}}],\"inLanguage\":\"de\"},{\"@type\":\"Organization\",\"@id\":\"https:\/\/exceladvisor.org\/de\/#organization\",\"name\":\"Excel Advisor\",\"url\":\"https:\/\/exceladvisor.org\/de\/\",\"logo\":{\"@type\":\"ImageObject\",\"inLanguage\":\"de\",\"@id\":\"https:\/\/exceladvisor.org\/de\/#\/schema\/logo\/image\/\",\"url\":\"https:\/\/exceladvisor.org\/de\/wp-content\/uploads\/2023\/11\/exceladvisor.org_.png\",\"contentUrl\":\"https:\/\/exceladvisor.org\/de\/wp-content\/uploads\/2023\/11\/exceladvisor.org_.png\",\"width\":105,\"height\":36,\"caption\":\"Excel Advisor\"},\"image\":{\"@id\":\"https:\/\/exceladvisor.org\/de\/#\/schema\/logo\/image\/\"}}]}<\/script>\n<!-- \/ Yoast SEO plugin. -->","yoast_head_json":{"title":"Wie benenne ich ein Blatt in Excel um? (Tutorial 2023)","description":"Hier lernen wir verschiedene M\u00f6glichkeiten kennen, ein Blatt in Excel umzubenennen (Tastaturk\u00fcrzel, Mausklick, Rechtsklick usw.).","robots":{"index":"index","follow":"follow","max-snippet":"max-snippet:-1","max-image-preview":"max-image-preview:large","max-video-preview":"max-video-preview:-1"},"canonical":"https:\/\/exceladvisor.org\/de\/umbenennen\/","og_locale":"de_DE","og_type":"article","og_title":"Wie benenne ich ein Blatt in Excel um? (Tutorial 2023)","og_description":"Hier lernen wir verschiedene M\u00f6glichkeiten kennen, ein Blatt in Excel umzubenennen (Tastaturk\u00fcrzel, Mausklick, Rechtsklick usw.).","og_url":"https:\/\/exceladvisor.org\/de\/umbenennen\/","og_site_name":"Excel Advisor","article_modified_time":"2023-12-03T11:14:03+00:00","og_image":[{"url":"https:\/\/exceladvisor.org\/wp-content\/uploads\/2023\/08\/1-renommer-la-feuille-a-partir-du-menu-doptions.png","type":"","width":"","height":""}],"twitter_card":"summary_large_image","twitter_misc":{"Gesch\u00e4tzte Lesezeit":"2\u00a0Minuten"},"schema":{"@context":"https:\/\/schema.org","@graph":[{"@type":"WebPage","@id":"https:\/\/exceladvisor.org\/de\/umbenennen\/","url":"https:\/\/exceladvisor.org\/de\/umbenennen\/","name":"Wie benenne ich ein Blatt in Excel um? (Tutorial 2023)","isPartOf":{"@id":"https:\/\/exceladvisor.org\/de\/#website"},"primaryImageOfPage":{"@id":"https:\/\/exceladvisor.org\/de\/umbenennen\/#primaryimage"},"image":{"@id":"https:\/\/exceladvisor.org\/de\/umbenennen\/#primaryimage"},"thumbnailUrl":"https:\/\/exceladvisor.org\/wp-content\/uploads\/2023\/08\/1-renommer-la-feuille-a-partir-du-menu-doptions.png","datePublished":"2023-10-31T23:04:24+00:00","dateModified":"2023-12-03T11:14:03+00:00","description":"Hier lernen wir verschiedene M\u00f6glichkeiten kennen, ein Blatt in Excel umzubenennen (Tastaturk\u00fcrzel, Mausklick, Rechtsklick usw.).","breadcrumb":{"@id":"https:\/\/exceladvisor.org\/de\/umbenennen\/#breadcrumb"},"inLanguage":"de","potentialAction":[{"@type":"ReadAction","target":["https:\/\/exceladvisor.org\/de\/umbenennen\/"]}]},{"@type":"ImageObject","inLanguage":"de","@id":"https:\/\/exceladvisor.org\/de\/umbenennen\/#primaryimage","url":"https:\/\/exceladvisor.org\/wp-content\/uploads\/2023\/08\/1-renommer-la-feuille-a-partir-du-menu-doptions.png","contentUrl":"https:\/\/exceladvisor.org\/wp-content\/uploads\/2023\/08\/1-renommer-la-feuille-a-partir-du-menu-doptions.png"},{"@type":"BreadcrumbList","@id":"https:\/\/exceladvisor.org\/de\/umbenennen\/#breadcrumb","itemListElement":[{"@type":"ListItem","position":1,"name":"Accueil","item":"https:\/\/exceladvisor.org\/de\/"},{"@type":"ListItem","position":2,"name":"Wie benenne ich ein blatt in excel um?"}]},{"@type":"WebSite","@id":"https:\/\/exceladvisor.org\/de\/#website","url":"https:\/\/exceladvisor.org\/de\/","name":"Excel Advisor","description":"Ihr Leitfaden zur Datendominanz","publisher":{"@id":"https:\/\/exceladvisor.org\/de\/#organization"},"potentialAction":[{"@type":"SearchAction","target":{"@type":"EntryPoint","urlTemplate":"https:\/\/exceladvisor.org\/de\/?s={search_term_string}"},"query-input":{"@type":"PropertyValueSpecification","valueRequired":true,"valueName":"search_term_string"}}],"inLanguage":"de"},{"@type":"Organization","@id":"https:\/\/exceladvisor.org\/de\/#organization","name":"Excel Advisor","url":"https:\/\/exceladvisor.org\/de\/","logo":{"@type":"ImageObject","inLanguage":"de","@id":"https:\/\/exceladvisor.org\/de\/#\/schema\/logo\/image\/","url":"https:\/\/exceladvisor.org\/de\/wp-content\/uploads\/2023\/11\/exceladvisor.org_.png","contentUrl":"https:\/\/exceladvisor.org\/de\/wp-content\/uploads\/2023\/11\/exceladvisor.org_.png","width":105,"height":36,"caption":"Excel Advisor"},"image":{"@id":"https:\/\/exceladvisor.org\/de\/#\/schema\/logo\/image\/"}}]}},"yoast_meta":{"yoast_wpseo_title":"","yoast_wpseo_metadesc":"","yoast_wpseo_canonical":""},"_links":{"self":[{"href":"https:\/\/exceladvisor.org\/de\/wp-json\/wp\/v2\/pages\/3322","targetHints":{"allow":["GET"]}}],"collection":[{"href":"https:\/\/exceladvisor.org\/de\/wp-json\/wp\/v2\/pages"}],"about":[{"href":"https:\/\/exceladvisor.org\/de\/wp-json\/wp\/v2\/types\/page"}],"author":[{"embeddable":true,"href":"https:\/\/exceladvisor.org\/de\/wp-json\/wp\/v2\/users\/1"}],"replies":[{"embeddable":true,"href":"https:\/\/exceladvisor.org\/de\/wp-json\/wp\/v2\/comments?post=3322"}],"version-history":[{"count":1,"href":"https:\/\/exceladvisor.org\/de\/wp-json\/wp\/v2\/pages\/3322\/revisions"}],"predecessor-version":[{"id":3878,"href":"https:\/\/exceladvisor.org\/de\/wp-json\/wp\/v2\/pages\/3322\/revisions\/3878"}],"wp:attachment":[{"href":"https:\/\/exceladvisor.org\/de\/wp-json\/wp\/v2\/media?parent=3322"}],"curies":[{"name":"wp","href":"https:\/\/api.w.org\/{rel}","templated":true}]}}