{"id":3324,"date":"2023-10-31T22:43:02","date_gmt":"2023-10-31T22:43:02","guid":{"rendered":"https:\/\/exceladvisor.org\/de\/tab-farbe-andern\/"},"modified":"2023-12-03T11:13:46","modified_gmt":"2023-12-03T11:13:46","slug":"tab-farbe-andern","status":"publish","type":"page","link":"https:\/\/exceladvisor.org\/de\/tab-farbe-andern\/","title":{"rendered":"Wie \u00e4ndere ich die tab-farbe?"},"content":{"rendered":"<div class=\"excel-vor-dem-inhalt\" id=\"excel-2157911805\"><script type=\"text\/javascript\">\r\n\tatOptions = {\r\n\t\t'key' : 'c1158f160081d6540a8409e6925dab94',\r\n\t\t'format' : 'iframe',\r\n\t\t'height' : 250,\r\n\t\t'width' : 300,\r\n\t\t'params' : {}\r\n\t};\r\n<\/script>\r\n<script type=\"text\/javascript\" src=\"\/\/www.highperformanceformat.com\/c1158f160081d6540a8409e6925dab94\/invoke.js\"><\/script><\/div> <p>In Excel gibt es f\u00fcr jedes Arbeitsblatt unten eine Registerkarte. Um ein Blatt von anderen Bl\u00e4ttern zu unterscheiden, k\u00f6nnen Sie mit der Option \u201eTab-Farbe\u201c eine Hintergrundfarbe anwenden. Im Tutorial sehen wir uns einfache Schritte zum Anwenden einer Hintergrundfarbe auf eine Registerkarte an. <\/p><div class=\"wp-block-image\"><figure class=\"aligncenter size-full is-resized\"><img loading=\"lazy\" decoding=\"async\" class=\"wp-image-75245\" src=\"https:\/\/exceladvisor.org\/wp-content\/uploads\/2023\/08\/1-onglet-de-changement-de-couleur.png\" sizes=\"auto, \" srcset=\"\" alt=\"Registerkarte \u201eFarbwechsel\u201c.\" width=\"599\" height=\"125\"><\/figure><\/div><h2 id=\"h-steps-to-change-the-tab-color-in-excel\" class=\"wp-block-heading\"> Schritte zum \u00c4ndern der Tab-Farbe in Excel<\/h2><ol type=\"1\"><li> Klicken Sie zun\u00e4chst mit der rechten Maustaste auf die Blattregisterkarte, auf die Sie die Farbe anwenden m\u00f6chten.<\/li><li> Klicken Sie im Kontextmen\u00fc auf die Registerkartenfarbe.<\/li><li> W\u00e4hlen Sie anschlie\u00dfend die Farbe aus, die Sie auf die Registerkarte anwenden m\u00f6chten.<\/li><li> Klicken Sie abschlie\u00dfend auf die Farbe, um sie anzuwenden. <\/li><\/ol><div class=\"wp-block-image\"><figure class=\"aligncenter size-full is-resized\"><img loading=\"lazy\" decoding=\"async\" class=\"wp-image-75246\" src=\"https:\/\/exceladvisor.org\/wp-content\/uploads\/2023\/08\/2-choisir-la-couleur.png\" sizes=\"auto, \" srcset=\"\" alt=\"W\u00e4hlen Sie die Farbe\" width=\"445\" height=\"343\"><\/figure><\/div><p> Wenn Sie Excel auf einem Mac verwenden, sind die Schritte zum \u00c4ndern der Tabulatorfarbe dieselben wie unter Windows. <\/p><div class=\"wp-block-image\"><figure class=\"aligncenter size-full is-resized\"><img loading=\"lazy\" decoding=\"async\" class=\"wp-image-75247\" src=\"https:\/\/exceladvisor.org\/wp-content\/uploads\/2023\/08\/3-changer-la-couleur-des-onglets-sur-mac.png\" sizes=\"auto, \" srcset=\"\" alt=\"Tab-Farbe auf dem Mac \u00e4ndern\" width=\"412\" height=\"351\"><\/figure><\/div><h2 id=\"h-use-tab-color-from-the-home-tab\" class=\"wp-block-heading\"> Verwenden Sie die Registerkartenfarbe der Registerkarte \u201eStartseite\u201c.<\/h2><ol type=\"1\"><li> Aktivieren Sie zun\u00e4chst das Blatt, f\u00fcr das Sie die Hintergrundfarbe der Registerkarte \u00e4ndern m\u00f6chten.<\/li><li> Klicken Sie nun auf das Dropdown-Men\u00fc \u201eFormat\u201c.<\/li><li> Gehen Sie danach zur Tab-Farboption.<\/li><li> W\u00e4hlen Sie am Ende die Farbe aus, die Sie anwenden m\u00f6chten, und klicken Sie, um sie anzuwenden. <\/li><\/ol><div class=\"wp-block-image\"><figure class=\"aligncenter size-full is-resized\"><img loading=\"lazy\" decoding=\"async\" class=\"wp-image-75248\" src=\"https:\/\/exceladvisor.org\/wp-content\/uploads\/2023\/08\/Icone-de-format-4-pour-les-couleurs.png\" sizes=\"auto, \" srcset=\"\" alt=\"Farbformat-Symbol\" width=\"424\" height=\"536\"><\/figure><\/div><p> Und auf dem Mac sind die Schritte dieselben wie unter Windows. <\/p><div class=\"wp-block-image\"><figure class=\"aligncenter size-full is-resized\"><img loading=\"lazy\" decoding=\"async\" class=\"wp-image-75249\" src=\"https:\/\/exceladvisor.org\/wp-content\/uploads\/2023\/08\/Icone-de-format-5-pour-changer-de-couleur-sur-mac.png\" sizes=\"auto, \" srcset=\"\" alt=\"Formatsymbol zum \u00c4ndern der Farbe auf dem Mac\" width=\"397\" height=\"532\"><\/figure><\/div><h2 id=\"h-keyboard-shortcut-to-change-the-worksheet-tab-color\" class=\"wp-block-heading\"> Tastenkombination zum \u00c4ndern der Farbe der Arbeitsblattregisterkarte<\/h2><p> <kbd>Alt<\/kbd> \u21e2 <kbd>H<\/kbd> \u21e2 <kbd>O<\/kbd> \u21e2 <kbd>T<\/kbd><\/p><p> Sie m\u00fcssen diese Tasten nacheinander dr\u00fccken, wodurch die Tab-Farboption in der Format-Dropdown-Liste ge\u00f6ffnet wird, die wir in der vorherigen Methode verwendet haben.<\/p><p> Sobald Sie diese Tastenkombination verwenden, m\u00fcssen Sie die Farbe mit den Navigationstasten ausw\u00e4hlen und am Ende die Eingabetaste dr\u00fccken, um die Farbe anzuwenden.<\/p><p class=\"mytip\"> Wenn Sie ein Blatt aktivieren, wird die Farbe der Registerkarte etwas kr\u00e4ftiger als ihr Farbton.<\/p><h2 id=\"h-custom-color\" class=\"wp-block-heading\"> Freiw\u00e4hlbare Farbe<\/h2><p> Wenn Sie andere Farben als die Design- und Standardfarben verwenden m\u00f6chten, klicken Sie auf die Option \u201eWeitere Farben\u2026\u201c. <\/p><div class=\"wp-block-image\"><figure class=\"aligncenter size-full is-resized\"><img loading=\"lazy\" decoding=\"async\" class=\"wp-image-84453\" src=\"https:\/\/exceladvisor.org\/wp-content\/uploads\/2023\/08\/4-couleurs-personnalisees.png\" sizes=\"auto, \" srcset=\"\" alt=\"freiw\u00e4hlbare Farbe\" width=\"505\" height=\"378\"><\/figure><\/div><p> Im Dialogfeld \u201eWeitere Farben\u201c k\u00f6nnen Sie (HEX-) oder (RGB-)Code verwenden, um die benutzerdefinierte Farbe anzugeben, die Sie auf die Registerkarte anwenden m\u00f6chten. <\/p><div class=\"wp-block-image\"><figure class=\"aligncenter size-full is-resized\"><img loading=\"lazy\" decoding=\"async\" class=\"wp-image-84454\" src=\"https:\/\/exceladvisor.org\/wp-content\/uploads\/2023\/08\/5-utiliser-hexadecimal-ou-rvb.png\" sizes=\"auto, \" srcset=\"\" alt=\"Verwenden Sie Hex oder RGB\" width=\"452\" height=\"444\"><\/figure><\/div><h2 id=\"h-remove-sheet-tab-color\" class=\"wp-block-heading\"> Entfernen Sie die Farbe der Blattregisterkarte<\/h2><p> Wenn Sie die Tab-Farbe aus dem Blatt entfernen m\u00f6chten, k\u00f6nnen Sie eine der oben genannten Methoden verwenden und die Option \u201eTab-Farbe\u201c \u00f6ffnen. Klicken Sie anschlie\u00dfend auf die Option \u201eKeine Farbe\u201c, um die Farbe zu entfernen. <\/p><div class=\"wp-block-image\"><figure class=\"aligncenter size-full is-resized\"><img loading=\"lazy\" decoding=\"async\" class=\"wp-image-75250\" src=\"https:\/\/exceladvisor.org\/wp-content\/uploads\/2023\/08\/6-supprimer-la-couleur-de-longlet.png\" sizes=\"auto, \" srcset=\"\" alt=\"Farbregisterkarte entfernen\" width=\"388\" height=\"328\"><\/figure><\/div><h2 id=\"h-i-can-t-apply-change-or-remove-the-tab-color\" class=\"wp-block-heading\"> Ich kann die Tab-Farbe nicht anwenden, \u00e4ndern oder entfernen<\/h2><p> Es kann einen Grund geben, wenn Sie die Tab-Farboption \u00f6ffnen und sie ausgegraut ist. <\/p><div class=\"wp-block-image\"><figure class=\"aligncenter size-full is-resized\"><img loading=\"lazy\" decoding=\"async\" class=\"wp-image-75251\" src=\"https:\/\/exceladvisor.org\/wp-content\/uploads\/2023\/08\/7-ne-peut-pas-changer-ou-supprimer-la-couleur-de-longlet.png\" sizes=\"auto, \" srcset=\"\" alt=\"Tab-Farbe kann nicht ge\u00e4ndert oder entfernt werden\" width=\"307\" height=\"348\"><\/figure><\/div><p> Der Grund kann sein, dass Ihre Excel-Datei gesch\u00fctzt ist. <\/p><div class=\"wp-block-image\"><figure class=\"aligncenter size-full is-resized\"><img loading=\"lazy\" decoding=\"async\" class=\"wp-image-75252\" src=\"https:\/\/exceladvisor.org\/wp-content\/uploads\/2023\/08\/8-proteger-le-classeur.png\" sizes=\"auto, \" srcset=\"\" alt=\"Protect-Binder\" width=\"593\" height=\"208\"><\/figure><\/div><h2 id=\"h-vba-code-to-add-tab-color\" class=\"wp-block-heading\"> VBA-Code zum Hinzuf\u00fcgen einer Tabulatorfarbe<\/h2><pre class=\"wp-block-code\"> <code class=\"language-visual-basic\" lang=\"visual-basic\"><strong>Sub<\/strong> ColorAllTab() <strong>Dim<\/strong> ws <strong>As<\/strong> Worksheet <strong>Dim<\/strong> wm <strong>As<\/strong> String <strong>Dim<\/strong> i <strong>As<\/strong> Integer wm = InputBox(\"Enter the Sheet Name to Apply the Tab Color\", \"Sheet Name\") <strong>For<\/strong> <strong>Each<\/strong> ws <strong>In<\/strong> ActiveWorkbook.Sheets <strong>If<\/strong> wm = ws.Name <strong>Then<\/strong>        ws.Tab.Color = RGB(237, 87, 60)        MsgBox \"Color Applied\" <strong>Exit<\/strong> <strong>Sub<\/strong> <strong>End<\/strong> <strong>If<\/strong> <strong>Next<\/strong> ws MsgBox \"No Sheet Found.\" <strong>End<\/strong> <strong>Sub<\/strong><\/code><\/pre><p> Durch die Verwendung eines Codes k\u00f6nnen Sie Zeit sparen, wenn Sie allen Bl\u00e4ttern in der Arbeitsmappe Farbe hinzuf\u00fcgen m\u00f6chten.<\/p><p> Wenn Sie <a href=\"https:\/\/exceladvisor.org\/de\/ein-makro-ausfuhren-2\/\">diesen Code ausf\u00fchren<\/a> , werden Sie aufgefordert, den Blattnamen in das Eingabefeld einzugeben. Und sobald Sie den Blattnamen eingeben, wird dieser Blattregisterkarte eine Farbe zugewiesen. <\/p><div class=\"wp-block-image\"><figure class=\"aligncenter size-full is-resized\"><img loading=\"lazy\" decoding=\"async\" class=\"wp-image-75253\" src=\"https:\/\/exceladvisor.org\/wp-content\/uploads\/2023\/08\/9-entrez-le-nom-de-la-feuille.png\" sizes=\"auto, \" srcset=\"\" alt=\"Geben Sie den Blattnamen ein\" width=\"453\" height=\"196\"><\/figure><\/div><p> Sie k\u00f6nnen die Farbe \u00e4ndern, indem Sie den RGB-Farbcode \u00e4ndern. <\/p><div class=\"wp-block-image\"><figure class=\"aligncenter size-full is-resized\"><img loading=\"lazy\" decoding=\"async\" class=\"wp-image-75254\" src=\"https:\/\/exceladvisor.org\/wp-content\/uploads\/2023\/08\/10-vba-pour-changer-de-couleur.png\" sizes=\"auto, \" srcset=\"\" alt=\"vba-zum-\u00e4ndern-der-farbe\" width=\"452\" height=\"197\"><\/figure><\/div><h2 id=\"h-notes\" class=\"wp-block-heading\"> Kommentare<\/h2><ul type=\"1\"><li> Wenn Sie <a href=\"https:\/\/exceladvisor.org\/de\/hinzufugen\/\" data-wpil=\"url\">ein neues Arbeitsblatt hinzuf\u00fcgen<\/a> , m\u00fcssen Sie eine Hintergrundfarbe hinzuf\u00fcgen. Es gibt keine M\u00f6glichkeit, beim Hinzuf\u00fcgen einer Blattregisterkarte eine Hintergrundregisterfarbe zu haben.<\/li><li> Um mehreren Bl\u00e4ttern gleichzeitig dieselbe Registerkartenfarbe hinzuzuf\u00fcgen, <a href=\"https:\/\/exceladvisor.org\/de\/gruppe-1\/\" data-wpil=\"url\">gruppieren Sie sie<\/a> und f\u00fchren die gleichen Schritte wie oben beschrieben aus. <\/li><\/ul><div class=\"gb-container gb-container-3044ba66 gb-container-mt\"><p class=\"gb-headline gb-headline-b5bb6270 gb-headline-text\"> <strong><a href=\"https:\/\/exceladvisor.org\/de\/excel-grundlagen\/\">Excel-Grundlagen<\/a><\/strong> \/ <strong><a href=\"https:\/\/exceladvisor.org\/de\/arbeitsblatt\/\" data-wpil=\"url\">Excel-Tabelle<\/a><\/strong><\/p><h2 class=\"gb-headline gb-headline-819d540d gb-headline-text gb-headline-mt-heading\"> Weitere Tutorials <\/h2><div class=\"gb-grid-wrapper gb-grid-wrapper-7f3d805a gb-grid-wrapper-mt-grid\"><div class=\"gb-grid-column gb-grid-column-7495e031\"><div class=\"gb-container gb-container-7495e031\"><ul><li> <a href=\"https:\/\/exceladvisor.org\/de\/konsolidieren\/\">Konsolidieren Sie Daten aus mehreren Tabellenkalkulationen<\/a><\/li><li> <a href=\"https:\/\/exceladvisor.org\/de\/umbenennen\/\">Blatt in Excel umbenennen<\/a><\/li><li> <a href=\"https:\/\/exceladvisor.org\/de\/gruppe-1\/\">Gruppenarbeitsbl\u00e4tter in Excel<\/a><\/li><li> <a href=\"https:\/\/exceladvisor.org\/de\/nebeneinander-sehen\/\">Zeigen Sie zwei Bl\u00e4tter nebeneinander in Excel an<\/a><\/li><li> <a href=\"https:\/\/exceladvisor.org\/de\/hinzufugen\/\">F\u00fcgen Sie eine Tabelle in Excel hinzu<\/a><\/li><\/ul><\/div><\/div><\/div><\/div>","protected":false},"excerpt":{"rendered":"","protected":false},"author":1,"featured_media":0,"parent":0,"menu_order":0,"comment_status":"open","ping_status":"closed","template":"","meta":{"ub_ctt_via":"","footnotes":""},"class_list":["post-3324","page","type-page","status-publish","hentry"],"featured_image_src":null,"yoast_head":"<!-- This site is optimized with the Yoast SEO plugin v25.4 - https:\/\/yoast.com\/wordpress\/plugins\/seo\/ -->\n<title>Verschiedene M\u00f6glichkeiten, die Tab-Farbe in Excel zu \u00e4ndern<\/title>\n<meta name=\"description\" content=\"In diesem Tutorial lernen wir verschiedene Methoden kennen, um die Farbe der Arbeitsblattregisterkarte zu \u00e4ndern.\" \/>\n<meta name=\"robots\" content=\"index, follow, max-snippet:-1, max-image-preview:large, max-video-preview:-1\" \/>\n<link rel=\"canonical\" href=\"https:\/\/exceladvisor.org\/de\/tab-farbe-andern\/\" \/>\n<meta property=\"og:locale\" content=\"de_DE\" \/>\n<meta property=\"og:type\" content=\"article\" \/>\n<meta property=\"og:title\" content=\"Verschiedene M\u00f6glichkeiten, die Tab-Farbe in Excel zu \u00e4ndern\" \/>\n<meta property=\"og:description\" content=\"In diesem Tutorial lernen wir verschiedene Methoden kennen, um die Farbe der Arbeitsblattregisterkarte zu \u00e4ndern.\" \/>\n<meta property=\"og:url\" content=\"https:\/\/exceladvisor.org\/de\/tab-farbe-andern\/\" \/>\n<meta property=\"og:site_name\" content=\"Excel Advisor\" \/>\n<meta property=\"article:modified_time\" content=\"2023-12-03T11:13:46+00:00\" \/>\n<meta property=\"og:image\" content=\"https:\/\/exceladvisor.org\/wp-content\/uploads\/2023\/08\/1-onglet-de-changement-de-couleur.png\" \/>\n<meta name=\"twitter:card\" content=\"summary_large_image\" \/>\n<meta name=\"twitter:label1\" content=\"Gesch\u00e4tzte Lesezeit\" \/>\n\t<meta name=\"twitter:data1\" content=\"3\u00a0Minuten\" \/>\n<script type=\"application\/ld+json\" class=\"yoast-schema-graph\">{\"@context\":\"https:\/\/schema.org\",\"@graph\":[{\"@type\":\"WebPage\",\"@id\":\"https:\/\/exceladvisor.org\/de\/tab-farbe-andern\/\",\"url\":\"https:\/\/exceladvisor.org\/de\/tab-farbe-andern\/\",\"name\":\"Verschiedene M\u00f6glichkeiten, die Tab-Farbe in Excel zu \u00e4ndern\",\"isPartOf\":{\"@id\":\"https:\/\/exceladvisor.org\/de\/#website\"},\"primaryImageOfPage\":{\"@id\":\"https:\/\/exceladvisor.org\/de\/tab-farbe-andern\/#primaryimage\"},\"image\":{\"@id\":\"https:\/\/exceladvisor.org\/de\/tab-farbe-andern\/#primaryimage\"},\"thumbnailUrl\":\"https:\/\/exceladvisor.org\/wp-content\/uploads\/2023\/08\/1-onglet-de-changement-de-couleur.png\",\"datePublished\":\"2023-10-31T22:43:02+00:00\",\"dateModified\":\"2023-12-03T11:13:46+00:00\",\"description\":\"In diesem Tutorial lernen wir verschiedene Methoden kennen, um die Farbe der Arbeitsblattregisterkarte zu \u00e4ndern.\",\"breadcrumb\":{\"@id\":\"https:\/\/exceladvisor.org\/de\/tab-farbe-andern\/#breadcrumb\"},\"inLanguage\":\"de\",\"potentialAction\":[{\"@type\":\"ReadAction\",\"target\":[\"https:\/\/exceladvisor.org\/de\/tab-farbe-andern\/\"]}]},{\"@type\":\"ImageObject\",\"inLanguage\":\"de\",\"@id\":\"https:\/\/exceladvisor.org\/de\/tab-farbe-andern\/#primaryimage\",\"url\":\"https:\/\/exceladvisor.org\/wp-content\/uploads\/2023\/08\/1-onglet-de-changement-de-couleur.png\",\"contentUrl\":\"https:\/\/exceladvisor.org\/wp-content\/uploads\/2023\/08\/1-onglet-de-changement-de-couleur.png\"},{\"@type\":\"BreadcrumbList\",\"@id\":\"https:\/\/exceladvisor.org\/de\/tab-farbe-andern\/#breadcrumb\",\"itemListElement\":[{\"@type\":\"ListItem\",\"position\":1,\"name\":\"Accueil\",\"item\":\"https:\/\/exceladvisor.org\/de\/\"},{\"@type\":\"ListItem\",\"position\":2,\"name\":\"Wie \u00e4ndere ich die tab-farbe?\"}]},{\"@type\":\"WebSite\",\"@id\":\"https:\/\/exceladvisor.org\/de\/#website\",\"url\":\"https:\/\/exceladvisor.org\/de\/\",\"name\":\"Excel Advisor\",\"description\":\"Ihr Leitfaden zur Datendominanz\",\"publisher\":{\"@id\":\"https:\/\/exceladvisor.org\/de\/#organization\"},\"potentialAction\":[{\"@type\":\"SearchAction\",\"target\":{\"@type\":\"EntryPoint\",\"urlTemplate\":\"https:\/\/exceladvisor.org\/de\/?s={search_term_string}\"},\"query-input\":{\"@type\":\"PropertyValueSpecification\",\"valueRequired\":true,\"valueName\":\"search_term_string\"}}],\"inLanguage\":\"de\"},{\"@type\":\"Organization\",\"@id\":\"https:\/\/exceladvisor.org\/de\/#organization\",\"name\":\"Excel Advisor\",\"url\":\"https:\/\/exceladvisor.org\/de\/\",\"logo\":{\"@type\":\"ImageObject\",\"inLanguage\":\"de\",\"@id\":\"https:\/\/exceladvisor.org\/de\/#\/schema\/logo\/image\/\",\"url\":\"https:\/\/exceladvisor.org\/de\/wp-content\/uploads\/2023\/11\/exceladvisor.org_.png\",\"contentUrl\":\"https:\/\/exceladvisor.org\/de\/wp-content\/uploads\/2023\/11\/exceladvisor.org_.png\",\"width\":105,\"height\":36,\"caption\":\"Excel Advisor\"},\"image\":{\"@id\":\"https:\/\/exceladvisor.org\/de\/#\/schema\/logo\/image\/\"}}]}<\/script>\n<!-- \/ Yoast SEO plugin. -->","yoast_head_json":{"title":"Verschiedene M\u00f6glichkeiten, die Tab-Farbe in Excel zu \u00e4ndern","description":"In diesem Tutorial lernen wir verschiedene Methoden kennen, um die Farbe der Arbeitsblattregisterkarte zu \u00e4ndern.","robots":{"index":"index","follow":"follow","max-snippet":"max-snippet:-1","max-image-preview":"max-image-preview:large","max-video-preview":"max-video-preview:-1"},"canonical":"https:\/\/exceladvisor.org\/de\/tab-farbe-andern\/","og_locale":"de_DE","og_type":"article","og_title":"Verschiedene M\u00f6glichkeiten, die Tab-Farbe in Excel zu \u00e4ndern","og_description":"In diesem Tutorial lernen wir verschiedene Methoden kennen, um die Farbe der Arbeitsblattregisterkarte zu \u00e4ndern.","og_url":"https:\/\/exceladvisor.org\/de\/tab-farbe-andern\/","og_site_name":"Excel Advisor","article_modified_time":"2023-12-03T11:13:46+00:00","og_image":[{"url":"https:\/\/exceladvisor.org\/wp-content\/uploads\/2023\/08\/1-onglet-de-changement-de-couleur.png","type":"","width":"","height":""}],"twitter_card":"summary_large_image","twitter_misc":{"Gesch\u00e4tzte Lesezeit":"3\u00a0Minuten"},"schema":{"@context":"https:\/\/schema.org","@graph":[{"@type":"WebPage","@id":"https:\/\/exceladvisor.org\/de\/tab-farbe-andern\/","url":"https:\/\/exceladvisor.org\/de\/tab-farbe-andern\/","name":"Verschiedene M\u00f6glichkeiten, die Tab-Farbe in Excel zu \u00e4ndern","isPartOf":{"@id":"https:\/\/exceladvisor.org\/de\/#website"},"primaryImageOfPage":{"@id":"https:\/\/exceladvisor.org\/de\/tab-farbe-andern\/#primaryimage"},"image":{"@id":"https:\/\/exceladvisor.org\/de\/tab-farbe-andern\/#primaryimage"},"thumbnailUrl":"https:\/\/exceladvisor.org\/wp-content\/uploads\/2023\/08\/1-onglet-de-changement-de-couleur.png","datePublished":"2023-10-31T22:43:02+00:00","dateModified":"2023-12-03T11:13:46+00:00","description":"In diesem Tutorial lernen wir verschiedene Methoden kennen, um die Farbe der Arbeitsblattregisterkarte zu \u00e4ndern.","breadcrumb":{"@id":"https:\/\/exceladvisor.org\/de\/tab-farbe-andern\/#breadcrumb"},"inLanguage":"de","potentialAction":[{"@type":"ReadAction","target":["https:\/\/exceladvisor.org\/de\/tab-farbe-andern\/"]}]},{"@type":"ImageObject","inLanguage":"de","@id":"https:\/\/exceladvisor.org\/de\/tab-farbe-andern\/#primaryimage","url":"https:\/\/exceladvisor.org\/wp-content\/uploads\/2023\/08\/1-onglet-de-changement-de-couleur.png","contentUrl":"https:\/\/exceladvisor.org\/wp-content\/uploads\/2023\/08\/1-onglet-de-changement-de-couleur.png"},{"@type":"BreadcrumbList","@id":"https:\/\/exceladvisor.org\/de\/tab-farbe-andern\/#breadcrumb","itemListElement":[{"@type":"ListItem","position":1,"name":"Accueil","item":"https:\/\/exceladvisor.org\/de\/"},{"@type":"ListItem","position":2,"name":"Wie \u00e4ndere ich die tab-farbe?"}]},{"@type":"WebSite","@id":"https:\/\/exceladvisor.org\/de\/#website","url":"https:\/\/exceladvisor.org\/de\/","name":"Excel Advisor","description":"Ihr Leitfaden zur Datendominanz","publisher":{"@id":"https:\/\/exceladvisor.org\/de\/#organization"},"potentialAction":[{"@type":"SearchAction","target":{"@type":"EntryPoint","urlTemplate":"https:\/\/exceladvisor.org\/de\/?s={search_term_string}"},"query-input":{"@type":"PropertyValueSpecification","valueRequired":true,"valueName":"search_term_string"}}],"inLanguage":"de"},{"@type":"Organization","@id":"https:\/\/exceladvisor.org\/de\/#organization","name":"Excel Advisor","url":"https:\/\/exceladvisor.org\/de\/","logo":{"@type":"ImageObject","inLanguage":"de","@id":"https:\/\/exceladvisor.org\/de\/#\/schema\/logo\/image\/","url":"https:\/\/exceladvisor.org\/de\/wp-content\/uploads\/2023\/11\/exceladvisor.org_.png","contentUrl":"https:\/\/exceladvisor.org\/de\/wp-content\/uploads\/2023\/11\/exceladvisor.org_.png","width":105,"height":36,"caption":"Excel Advisor"},"image":{"@id":"https:\/\/exceladvisor.org\/de\/#\/schema\/logo\/image\/"}}]}},"yoast_meta":{"yoast_wpseo_title":"","yoast_wpseo_metadesc":"","yoast_wpseo_canonical":""},"_links":{"self":[{"href":"https:\/\/exceladvisor.org\/de\/wp-json\/wp\/v2\/pages\/3324","targetHints":{"allow":["GET"]}}],"collection":[{"href":"https:\/\/exceladvisor.org\/de\/wp-json\/wp\/v2\/pages"}],"about":[{"href":"https:\/\/exceladvisor.org\/de\/wp-json\/wp\/v2\/types\/page"}],"author":[{"embeddable":true,"href":"https:\/\/exceladvisor.org\/de\/wp-json\/wp\/v2\/users\/1"}],"replies":[{"embeddable":true,"href":"https:\/\/exceladvisor.org\/de\/wp-json\/wp\/v2\/comments?post=3324"}],"version-history":[{"count":1,"href":"https:\/\/exceladvisor.org\/de\/wp-json\/wp\/v2\/pages\/3324\/revisions"}],"predecessor-version":[{"id":3856,"href":"https:\/\/exceladvisor.org\/de\/wp-json\/wp\/v2\/pages\/3324\/revisions\/3856"}],"wp:attachment":[{"href":"https:\/\/exceladvisor.org\/de\/wp-json\/wp\/v2\/media?parent=3324"}],"curies":[{"name":"wp","href":"https:\/\/api.w.org\/{rel}","templated":true}]}}