{"id":3325,"date":"2023-10-31T22:33:40","date_gmt":"2023-10-31T22:33:40","guid":{"rendered":"https:\/\/exceladvisor.org\/de\/dollarzeichen\/"},"modified":"2023-12-03T11:20:57","modified_gmt":"2023-12-03T11:20:57","slug":"dollarzeichen","status":"publish","type":"page","link":"https:\/\/exceladvisor.org\/de\/dollarzeichen\/","title":{"rendered":"Wie f\u00fcge ich in excel ein dollarzeichen hinzu?"},"content":{"rendered":"<div class=\"excel-vor-dem-inhalt\" id=\"excel-2059848299\"><script type=\"text\/javascript\">\r\n\tatOptions = {\r\n\t\t'key' : 'c1158f160081d6540a8409e6925dab94',\r\n\t\t'format' : 'iframe',\r\n\t\t'height' : 250,\r\n\t\t'width' : 300,\r\n\t\t'params' : {}\r\n\t};\r\n<\/script>\r\n<script type=\"text\/javascript\" src=\"\/\/www.highperformanceformat.com\/c1158f160081d6540a8409e6925dab94\/invoke.js\"><\/script><\/div> <p>In Excel f\u00fcgen Benutzer das Dollarzeichen $ am Anfang des Werts hinzu, um den Wert als Geldwert darzustellen. Sie k\u00f6nnen standardm\u00e4\u00dfige numerische Werte auch in W\u00e4hrungswerte umwandeln, indem Sie ihnen das $-Zeichen voranstellen.<\/p><p> Es gibt mehrere M\u00f6glichkeiten, das Dollarzeichen in Excel hinzuzuf\u00fcgen, z. B. das manuelle Hinzuf\u00fcgen des Dollarzeichens in Zellen oder das \u00c4ndern des Zellenformats in das W\u00e4hrungs- oder Buchhaltungsformat. <\/p><div class=\"wp-block-image\"><figure class=\"aligncenter size-full\"><img loading=\"lazy\" decoding=\"async\" class=\"wp-image-80373\" src=\"https:\/\/exceladvisor.org\/wp-content\/uploads\/2023\/08\/1-ajouter-un-signe.png\" sizes=\"auto, \" srcset=\"\" alt=\"Add-$-Zeichen\" width=\"315\" height=\"227\"><\/figure><\/div><p> In diesem Tutorial erfahren Sie, wie Sie das $Dollar-Zeichen auf verschiedene Arten in Zellen einf\u00fcgen.<\/p><h2 class=\"wp-block-heading\"> F\u00fcgen Sie das Dollarzeichen hinzu, indem Sie das $-Zeichen eingeben<\/h2><ol><li> Gehen Sie zun\u00e4chst zur Zelle und doppelklicken Sie in die Zelle oder dr\u00fccken Sie die Tasten \u201eFn+F2\u201c, um die Zelle in den Bearbeitungsmodus zu versetzen.<\/li><li> Bewegen Sie anschlie\u00dfend den Cursor nach links vor den Wert und dr\u00fccken Sie gleichzeitig die Tasten \u201eUmschalt + $\u201c, dann wird das $-Zeichen vor dem Wert eingef\u00fcgt. <br><img loading=\"lazy\" decoding=\"async\" title=\"2 Tastaturtasten zum Hinzuf\u00fcgen eines Zeichens\" src=\"https:\/\/exceladvisor.org\/wp-content\/uploads\/2023\/08\/2-touches-de-clavier-pour-ajouter-un-signe.png\" sizes=\"auto, \" srcset=\"\" alt=\"keyboard-keys-to-add-$-sign\" width=\"746\" height=\"294\"><\/li><li> Sobald das $-Zeichen zur Zelle hinzugef\u00fcgt wurde, verwenden Sie den <a href=\"https:\/\/exceladvisor.org\/de\/malerformat\/\">Format Painter<\/a> , um die Formatierung zu kopieren und in die restlichen Zellen einzuf\u00fcgen, um dort automatisch das $-Zeichen hinzuzuf\u00fcgen. <br><img loading=\"lazy\" decoding=\"async\" title=\"3-copy-paste-min-values.gif\" src=\"https:\/\/exceladvisor.org\/wp-content\/uploads\/2023\/08\/3-valeurs-copier-coller-min.gif\" sizes=\"auto, \" srcset=\"\" alt=\"copy-paste-values\" width=\"241\" height=\"302\"><\/li><\/ol><h2 class=\"wp-block-heading\"> F\u00fcgen Sie mithilfe der Verkettungsfunktion ein Dollarzeichen hinzu<\/h2><p> Sie k\u00f6nnen die CONCATENATE-Funktion verwenden, um das $-Zeichen zu den Zellwerten hinzuzuf\u00fcgen, indem Sie die folgenden Schritte ausf\u00fchren:<\/p><ol><li> Gehen Sie zun\u00e4chst in die Zelle und schreiben Sie die Formel \u201eVerkettung\u201c.<\/li><li> Geben Sie in der im Bild unten gezeigten Formel nach den offenen Klammern das Dollarzeichen \u201e$\u201c und ein Komma ein, w\u00e4hlen Sie dann den Zellbezug (B2) aus, in dem Sie den Wert haben, schlie\u00dfen Sie dann die Klammern und dr\u00fccken Sie die Eingabetaste. <br><img loading=\"lazy\" decoding=\"async\" title=\"4-verketten-zum-hinzuf\u00fcgen-Zeichen\" src=\"https:\/\/exceladvisor.org\/wp-content\/uploads\/2023\/08\/4-concatener-pour-ajouter-un-signe.png\" sizes=\"auto, \" srcset=\"\" alt=\"concatenate-to-add-$-sign\" width=\"597\" height=\"236\"><\/li><li> Bewegen Sie anschlie\u00dfend den Mauszeiger \u00fcber die untere rechte Ecke der Zelle und doppelklicken Sie mit der rechten Maustaste, um die Formel in die restlichen Zellen zu kopieren. <br><img loading=\"lazy\" decoding=\"async\" title=\"5-fill-handle-to-copy-format-min.gif\" src=\"https:\/\/exceladvisor.org\/wp-content\/uploads\/2023\/08\/5-poignee-de-remplissage-pour-copier-le-format-min.gif\" sizes=\"auto, \" srcset=\"\" alt=\"fill-handle-to-copy-format\" width=\"415\" height=\"215\"><\/li><li> Kopieren Sie den Zellbereich mit der Formel und f\u00fcgen Sie Sonderzeichen in die Zellen ein, in denen Sie ein $-Zeichen mit Werten haben m\u00f6chten, und konvertieren Sie diese dann in numerische Werte, wie unten im Bild gezeigt. <br><img loading=\"lazy\" decoding=\"async\" title=\"6-Paste-Special-and-Convert-to-Min-Number-Format.gif\" src=\"https:\/\/exceladvisor.org\/wp-content\/uploads\/2023\/08\/6-coller-special-et-convertir-au-format-numerique-min.gif\" sizes=\"auto, \" srcset=\"\" alt=\"paste-special-and-convert-to-number-format\" width=\"418\" height=\"205\"><\/li><\/ol><h2 class=\"wp-block-heading\"> F\u00fcgen Sie mit der Textfunktion ein Dollarzeichen hinzu<\/h2><p> Sie k\u00f6nnen die Textfunktion auch verwenden, um $-Zeichen in Zellen einzuf\u00fcgen, indem Sie die folgenden Schritte ausf\u00fchren:<\/p><ol><li> Gehen Sie zun\u00e4chst in die leere Zelle und schreiben Sie die Formel \u201eTEXT\u201c.<\/li><li> W\u00e4hlen Sie in der Formel, wie im Bild unten gezeigt, nach den offenen Klammern den Zellbezug (B2) aus, in dem Sie den Wert haben, mit dem Sie das $-Zeichen hinzuf\u00fcgen m\u00f6chten, geben Sie ein Komma ein und schreiben Sie dann \u201e$ 00\u201c als Geben Sie das Textwertformat ein, schlie\u00dfen Sie die Klammern und dr\u00fccken Sie die Eingabetaste. <br><img loading=\"lazy\" decoding=\"async\" title=\"7-Text-zum-Hinzuf\u00fcgen-Zeichen\" src=\"https:\/\/exceladvisor.org\/wp-content\/uploads\/2023\/08\/7-texte-pour-ajouter-un-signe.png\" sizes=\"auto, \" srcset=\"\" alt=\"text-to-add-$-sign\" width=\"474\" height=\"222\"><\/li><li> Bewegen Sie anschlie\u00dfend den Mauszeiger \u00fcber die untere rechte Ecke der Zelle und doppelklicken Sie mit der rechten Maustaste, um die Formel in die restlichen Zellen zu kopieren.<\/li><li> Kopieren Sie den Zellbereich mit der Formel und f\u00fcgen Sie Sonderzeichen in die Zellen ein, in denen Sie ein $-Zeichen mit Werten haben m\u00f6chten, und konvertieren Sie diese dann in numerische Werte, wie unten im Bild gezeigt. <br><img loading=\"lazy\" decoding=\"async\" title=\"8-paste-special-and-number-format-min.gif\" src=\"https:\/\/exceladvisor.org\/wp-content\/uploads\/2023\/08\/8-pates-speciales-et-format-numerique-min.gif\" sizes=\"auto, \" srcset=\"\" alt=\"paste-special-and-number-format\" width=\"427\" height=\"209\"><\/li><\/ol><h2 class=\"wp-block-heading\"> F\u00fcgen Sie Dollarzeichen hinzu, indem Sie die Zellformatierung in das Geld- oder Buchhaltungsformat konvertieren<\/h2><ol><li> W\u00e4hlen Sie zun\u00e4chst den Zellbereich aus und wechseln Sie zur Registerkarte \u201eStartseite\u201c.<\/li><li> Klicken Sie anschlie\u00dfend auf den Dropdown-Pfeil \u201eFormat\u201c unter der Gruppe \u201eZahl\u201c und w\u00e4hlen Sie im Men\u00fc die Option \u201eW\u00e4hrung\u201c oder \u201eBuchhaltung\u201c.<\/li><li> Sobald Sie eines der beiden Formate ausw\u00e4hlen, wird in den Zellen vor den Werten ein $-Zeichen eingef\u00fcgt. <\/li><\/ol><div class=\"wp-block-image\"><figure class=\"aligncenter size-full is-resized\"><img loading=\"lazy\" decoding=\"async\" class=\"wp-image-80381\" src=\"https:\/\/exceladvisor.org\/wp-content\/uploads\/2023\/08\/9-formats-monetaires-et-comptables.png\" sizes=\"auto, \" srcset=\"\" alt=\"W\u00e4hrungs- und Buchhaltungsformate\" width=\"620\" height=\"351\"><\/figure><\/div><p> Der einzige Unterschied zwischen <a href=\"https:\/\/exceladvisor.org\/de\/buchhaltungsnummernformat\/\">dem W\u00e4hrungsformat und dem Buchhaltungsformat<\/a> besteht darin, dass bei der W\u00e4hrungsformatierung das $-Zeichen am Anfang des Werts steht. Im Buchhaltungsformat wird das $-Zeichen ganz links oder sozusagen am Anfang der Zelle platziert. <\/p><div class=\"wp-block-image\"><figure class=\"aligncenter size-full is-resized\"><img loading=\"lazy\" decoding=\"async\" class=\"wp-image-80382\" src=\"https:\/\/exceladvisor.org\/wp-content\/uploads\/2023\/08\/10-devise-vs-format-comptable.png\" sizes=\"auto, \" srcset=\"\" alt=\"W\u00e4hrungs-vs-Buchhaltungsformat\" width=\"461\" height=\"263\"><\/figure><\/div><h2 class=\"wp-block-heading\"> Verkn\u00fcpfung zum Anwenden des W\u00e4hrungsformats zum Hinzuf\u00fcgen eines Dollarzeichens<\/h2><p> Sie k\u00f6nnen die Zellformatierung in eine W\u00e4hrungsformatierung umwandeln, indem Sie die <a href=\"https:\/\/exceladvisor.org\/de\/wahrungsformat\/\"><strong>Tastenkombination \u201eW\u00e4hrungsformat\u201c<\/strong><\/a> verwenden:<\/p><p> <kbd>Strg<\/kbd> + <kbd>Umschalt<\/kbd> + <kbd>$<\/kbd><\/p><div class=\"gb-container gb-container-4db6181c gb-container-mt\"> <a class=\"gb-button gb-button-c5897111 gb-button-text gb-button-mt-button\" href=\"https:\/\/exceladvisor.org\/de\/excel-grundlagen\/\">Microsoft Excel-Grundlagen (Komponenten, Teile und Wissenshinweise)<\/a><h2 class=\"gb-headline gb-headline-665e5f6b gb-headline-text gb-headline-mt-heading\"> Verwandte Tutorials <\/h2><div class=\"gb-grid-wrapper gb-grid-wrapper-a20baf7c gb-grid-wrapper-mt-grid\"><div class=\"gb-grid-column gb-grid-column-65ddf67e\"><div class=\"gb-container gb-container-65ddf67e\"><ul><li> <a href=\"https:\/\/exceladvisor.org\/de\/verschmelzen-dissoziieren-zellen\/\">Zusammenf\u00fchren \u2013 Gruppierung von Zellen in Excel aufheben<\/a><\/li><li> <a href=\"https:\/\/exceladvisor.org\/de\/rechtschreibprufung\/\">Rechtschreibpr\u00fcfung in Excel<\/a><\/li><li> <a href=\"https:\/\/exceladvisor.org\/de\/ruckzug\/\">Einzug in Excel vergr\u00f6\u00dfern und verkleinern<\/a><\/li><li> <a href=\"https:\/\/exceladvisor.org\/de\/text-drehen\/\">Text in Excel drehen (Textausrichtung)<\/a> <\/li><\/ul><\/div><\/div><div class=\"gb-grid-column gb-grid-column-50067b57\"><div class=\"gb-container gb-container-50067b57\"><\/div><\/div><\/div><\/div>","protected":false},"excerpt":{"rendered":"","protected":false},"author":1,"featured_media":0,"parent":0,"menu_order":0,"comment_status":"open","ping_status":"closed","template":"","meta":{"ub_ctt_via":"","footnotes":""},"class_list":["post-3325","page","type-page","status-publish","hentry"],"featured_image_src":null,"yoast_head":"<!-- This site is optimized with the Yoast SEO plugin v25.4 - https:\/\/yoast.com\/wordpress\/plugins\/seo\/ -->\n<title>\u25b7 Wie f\u00fcge ich in Excel ein Dollarzeichen hinzu? (Tutorial 2023)<\/title>\n<meta name=\"description\" content=\"Dies ist ein grundlegendes Microsoft Excel-Tutorial zum Hinzuf\u00fcgen eines Dollarzeichens zu einer Zelle. In diesem Tutorial erfahren Sie, wie Sie...\" \/>\n<meta name=\"robots\" content=\"index, follow, max-snippet:-1, max-image-preview:large, max-video-preview:-1\" \/>\n<link rel=\"canonical\" href=\"https:\/\/exceladvisor.org\/de\/dollarzeichen\/\" \/>\n<meta property=\"og:locale\" content=\"de_DE\" \/>\n<meta property=\"og:type\" content=\"article\" \/>\n<meta property=\"og:title\" content=\"\u25b7 Wie f\u00fcge ich in Excel ein Dollarzeichen hinzu? (Tutorial 2023)\" \/>\n<meta property=\"og:description\" content=\"Dies ist ein grundlegendes Microsoft Excel-Tutorial zum Hinzuf\u00fcgen eines Dollarzeichens zu einer Zelle. In diesem Tutorial erfahren Sie, wie Sie...\" \/>\n<meta property=\"og:url\" content=\"https:\/\/exceladvisor.org\/de\/dollarzeichen\/\" \/>\n<meta property=\"og:site_name\" content=\"Excel Advisor\" \/>\n<meta property=\"article:modified_time\" content=\"2023-12-03T11:20:57+00:00\" \/>\n<meta property=\"og:image\" content=\"https:\/\/exceladvisor.org\/wp-content\/uploads\/2023\/08\/1-ajouter-un-signe.png\" \/>\n<meta name=\"twitter:card\" content=\"summary_large_image\" \/>\n<meta name=\"twitter:label1\" content=\"Gesch\u00e4tzte Lesezeit\" \/>\n\t<meta name=\"twitter:data1\" content=\"3\u00a0Minuten\" \/>\n<script type=\"application\/ld+json\" class=\"yoast-schema-graph\">{\"@context\":\"https:\/\/schema.org\",\"@graph\":[{\"@type\":\"WebPage\",\"@id\":\"https:\/\/exceladvisor.org\/de\/dollarzeichen\/\",\"url\":\"https:\/\/exceladvisor.org\/de\/dollarzeichen\/\",\"name\":\"\u25b7 Wie f\u00fcge ich in Excel ein Dollarzeichen hinzu? (Tutorial 2023)\",\"isPartOf\":{\"@id\":\"https:\/\/exceladvisor.org\/de\/#website\"},\"primaryImageOfPage\":{\"@id\":\"https:\/\/exceladvisor.org\/de\/dollarzeichen\/#primaryimage\"},\"image\":{\"@id\":\"https:\/\/exceladvisor.org\/de\/dollarzeichen\/#primaryimage\"},\"thumbnailUrl\":\"https:\/\/exceladvisor.org\/wp-content\/uploads\/2023\/08\/1-ajouter-un-signe.png\",\"datePublished\":\"2023-10-31T22:33:40+00:00\",\"dateModified\":\"2023-12-03T11:20:57+00:00\",\"description\":\"Dies ist ein grundlegendes Microsoft Excel-Tutorial zum Hinzuf\u00fcgen eines Dollarzeichens zu einer Zelle. In diesem Tutorial erfahren Sie, wie Sie...\",\"breadcrumb\":{\"@id\":\"https:\/\/exceladvisor.org\/de\/dollarzeichen\/#breadcrumb\"},\"inLanguage\":\"de\",\"potentialAction\":[{\"@type\":\"ReadAction\",\"target\":[\"https:\/\/exceladvisor.org\/de\/dollarzeichen\/\"]}]},{\"@type\":\"ImageObject\",\"inLanguage\":\"de\",\"@id\":\"https:\/\/exceladvisor.org\/de\/dollarzeichen\/#primaryimage\",\"url\":\"https:\/\/exceladvisor.org\/wp-content\/uploads\/2023\/08\/1-ajouter-un-signe.png\",\"contentUrl\":\"https:\/\/exceladvisor.org\/wp-content\/uploads\/2023\/08\/1-ajouter-un-signe.png\"},{\"@type\":\"BreadcrumbList\",\"@id\":\"https:\/\/exceladvisor.org\/de\/dollarzeichen\/#breadcrumb\",\"itemListElement\":[{\"@type\":\"ListItem\",\"position\":1,\"name\":\"Accueil\",\"item\":\"https:\/\/exceladvisor.org\/de\/\"},{\"@type\":\"ListItem\",\"position\":2,\"name\":\"Wie f\u00fcge ich in excel ein dollarzeichen hinzu?\"}]},{\"@type\":\"WebSite\",\"@id\":\"https:\/\/exceladvisor.org\/de\/#website\",\"url\":\"https:\/\/exceladvisor.org\/de\/\",\"name\":\"Excel Advisor\",\"description\":\"Ihr Leitfaden zur Datendominanz\",\"publisher\":{\"@id\":\"https:\/\/exceladvisor.org\/de\/#organization\"},\"potentialAction\":[{\"@type\":\"SearchAction\",\"target\":{\"@type\":\"EntryPoint\",\"urlTemplate\":\"https:\/\/exceladvisor.org\/de\/?s={search_term_string}\"},\"query-input\":{\"@type\":\"PropertyValueSpecification\",\"valueRequired\":true,\"valueName\":\"search_term_string\"}}],\"inLanguage\":\"de\"},{\"@type\":\"Organization\",\"@id\":\"https:\/\/exceladvisor.org\/de\/#organization\",\"name\":\"Excel Advisor\",\"url\":\"https:\/\/exceladvisor.org\/de\/\",\"logo\":{\"@type\":\"ImageObject\",\"inLanguage\":\"de\",\"@id\":\"https:\/\/exceladvisor.org\/de\/#\/schema\/logo\/image\/\",\"url\":\"https:\/\/exceladvisor.org\/de\/wp-content\/uploads\/2023\/11\/exceladvisor.org_.png\",\"contentUrl\":\"https:\/\/exceladvisor.org\/de\/wp-content\/uploads\/2023\/11\/exceladvisor.org_.png\",\"width\":105,\"height\":36,\"caption\":\"Excel Advisor\"},\"image\":{\"@id\":\"https:\/\/exceladvisor.org\/de\/#\/schema\/logo\/image\/\"}}]}<\/script>\n<!-- \/ Yoast SEO plugin. -->","yoast_head_json":{"title":"\u25b7 Wie f\u00fcge ich in Excel ein Dollarzeichen hinzu? (Tutorial 2023)","description":"Dies ist ein grundlegendes Microsoft Excel-Tutorial zum Hinzuf\u00fcgen eines Dollarzeichens zu einer Zelle. In diesem Tutorial erfahren Sie, wie Sie...","robots":{"index":"index","follow":"follow","max-snippet":"max-snippet:-1","max-image-preview":"max-image-preview:large","max-video-preview":"max-video-preview:-1"},"canonical":"https:\/\/exceladvisor.org\/de\/dollarzeichen\/","og_locale":"de_DE","og_type":"article","og_title":"\u25b7 Wie f\u00fcge ich in Excel ein Dollarzeichen hinzu? (Tutorial 2023)","og_description":"Dies ist ein grundlegendes Microsoft Excel-Tutorial zum Hinzuf\u00fcgen eines Dollarzeichens zu einer Zelle. In diesem Tutorial erfahren Sie, wie Sie...","og_url":"https:\/\/exceladvisor.org\/de\/dollarzeichen\/","og_site_name":"Excel Advisor","article_modified_time":"2023-12-03T11:20:57+00:00","og_image":[{"url":"https:\/\/exceladvisor.org\/wp-content\/uploads\/2023\/08\/1-ajouter-un-signe.png","type":"","width":"","height":""}],"twitter_card":"summary_large_image","twitter_misc":{"Gesch\u00e4tzte Lesezeit":"3\u00a0Minuten"},"schema":{"@context":"https:\/\/schema.org","@graph":[{"@type":"WebPage","@id":"https:\/\/exceladvisor.org\/de\/dollarzeichen\/","url":"https:\/\/exceladvisor.org\/de\/dollarzeichen\/","name":"\u25b7 Wie f\u00fcge ich in Excel ein Dollarzeichen hinzu? (Tutorial 2023)","isPartOf":{"@id":"https:\/\/exceladvisor.org\/de\/#website"},"primaryImageOfPage":{"@id":"https:\/\/exceladvisor.org\/de\/dollarzeichen\/#primaryimage"},"image":{"@id":"https:\/\/exceladvisor.org\/de\/dollarzeichen\/#primaryimage"},"thumbnailUrl":"https:\/\/exceladvisor.org\/wp-content\/uploads\/2023\/08\/1-ajouter-un-signe.png","datePublished":"2023-10-31T22:33:40+00:00","dateModified":"2023-12-03T11:20:57+00:00","description":"Dies ist ein grundlegendes Microsoft Excel-Tutorial zum Hinzuf\u00fcgen eines Dollarzeichens zu einer Zelle. In diesem Tutorial erfahren Sie, wie Sie...","breadcrumb":{"@id":"https:\/\/exceladvisor.org\/de\/dollarzeichen\/#breadcrumb"},"inLanguage":"de","potentialAction":[{"@type":"ReadAction","target":["https:\/\/exceladvisor.org\/de\/dollarzeichen\/"]}]},{"@type":"ImageObject","inLanguage":"de","@id":"https:\/\/exceladvisor.org\/de\/dollarzeichen\/#primaryimage","url":"https:\/\/exceladvisor.org\/wp-content\/uploads\/2023\/08\/1-ajouter-un-signe.png","contentUrl":"https:\/\/exceladvisor.org\/wp-content\/uploads\/2023\/08\/1-ajouter-un-signe.png"},{"@type":"BreadcrumbList","@id":"https:\/\/exceladvisor.org\/de\/dollarzeichen\/#breadcrumb","itemListElement":[{"@type":"ListItem","position":1,"name":"Accueil","item":"https:\/\/exceladvisor.org\/de\/"},{"@type":"ListItem","position":2,"name":"Wie f\u00fcge ich in excel ein dollarzeichen hinzu?"}]},{"@type":"WebSite","@id":"https:\/\/exceladvisor.org\/de\/#website","url":"https:\/\/exceladvisor.org\/de\/","name":"Excel Advisor","description":"Ihr Leitfaden zur Datendominanz","publisher":{"@id":"https:\/\/exceladvisor.org\/de\/#organization"},"potentialAction":[{"@type":"SearchAction","target":{"@type":"EntryPoint","urlTemplate":"https:\/\/exceladvisor.org\/de\/?s={search_term_string}"},"query-input":{"@type":"PropertyValueSpecification","valueRequired":true,"valueName":"search_term_string"}}],"inLanguage":"de"},{"@type":"Organization","@id":"https:\/\/exceladvisor.org\/de\/#organization","name":"Excel Advisor","url":"https:\/\/exceladvisor.org\/de\/","logo":{"@type":"ImageObject","inLanguage":"de","@id":"https:\/\/exceladvisor.org\/de\/#\/schema\/logo\/image\/","url":"https:\/\/exceladvisor.org\/de\/wp-content\/uploads\/2023\/11\/exceladvisor.org_.png","contentUrl":"https:\/\/exceladvisor.org\/de\/wp-content\/uploads\/2023\/11\/exceladvisor.org_.png","width":105,"height":36,"caption":"Excel Advisor"},"image":{"@id":"https:\/\/exceladvisor.org\/de\/#\/schema\/logo\/image\/"}}]}},"yoast_meta":{"yoast_wpseo_title":"","yoast_wpseo_metadesc":"","yoast_wpseo_canonical":""},"_links":{"self":[{"href":"https:\/\/exceladvisor.org\/de\/wp-json\/wp\/v2\/pages\/3325","targetHints":{"allow":["GET"]}}],"collection":[{"href":"https:\/\/exceladvisor.org\/de\/wp-json\/wp\/v2\/pages"}],"about":[{"href":"https:\/\/exceladvisor.org\/de\/wp-json\/wp\/v2\/types\/page"}],"author":[{"embeddable":true,"href":"https:\/\/exceladvisor.org\/de\/wp-json\/wp\/v2\/users\/1"}],"replies":[{"embeddable":true,"href":"https:\/\/exceladvisor.org\/de\/wp-json\/wp\/v2\/comments?post=3325"}],"version-history":[{"count":1,"href":"https:\/\/exceladvisor.org\/de\/wp-json\/wp\/v2\/pages\/3325\/revisions"}],"predecessor-version":[{"id":4037,"href":"https:\/\/exceladvisor.org\/de\/wp-json\/wp\/v2\/pages\/3325\/revisions\/4037"}],"wp:attachment":[{"href":"https:\/\/exceladvisor.org\/de\/wp-json\/wp\/v2\/media?parent=3325"}],"curies":[{"name":"wp","href":"https:\/\/api.w.org\/{rel}","templated":true}]}}