{"id":3326,"date":"2023-10-31T22:32:17","date_gmt":"2023-10-31T22:32:17","guid":{"rendered":"https:\/\/exceladvisor.org\/de\/hinzufugen\/"},"modified":"2023-12-03T11:20:41","modified_gmt":"2023-12-03T11:20:41","slug":"hinzufugen","status":"publish","type":"page","link":"https:\/\/exceladvisor.org\/de\/hinzufugen\/","title":{"rendered":"Wie f\u00fcge ich eine tabelle in excel hinzu?"},"content":{"rendered":"<div class=\"excel-vor-dem-inhalt\" id=\"excel-1728467844\"><script type=\"text\/javascript\">\r\n\tatOptions = {\r\n\t\t'key' : 'c1158f160081d6540a8409e6925dab94',\r\n\t\t'format' : 'iframe',\r\n\t\t'height' : 250,\r\n\t\t'width' : 300,\r\n\t\t'params' : {}\r\n\t};\r\n<\/script>\r\n<script type=\"text\/javascript\" src=\"\/\/www.highperformanceformat.com\/c1158f160081d6540a8409e6925dab94\/invoke.js\"><\/script><\/div> <p>Beim Arbeiten in Excel m\u00fcssen Benutzer h\u00e4ufig ein neues Arbeitsblatt hinzuf\u00fcgen oder ein vorhandenes in der aktuellen Arbeitsmappe l\u00f6schen. In diesem Tutorial zeigen wir Ihnen, wie Sie hinzuf\u00fcgen. Wir haben daf\u00fcr einige schnelle und einfache Methoden.<\/p><h2 id=\"h-add-a-worksheet-using-the-home-tab\" class=\"wp-block-heading\"> F\u00fcgen Sie \u00fcber die Registerkarte \u201eStartseite\u201c eine Tabelle hinzu<\/h2><p> \u00dcber die Registerkarte \u201eStartseite\u201c k\u00f6nnen Sie das Arbeitsblatt links vom ausgew\u00e4hlten Arbeitsblatt hinzuf\u00fcgen. Dazu m\u00fcssen Sie die folgenden Schritte ausf\u00fchren:<\/p><ol><li> Klicken Sie zun\u00e4chst links auf die Registerkarte \u201eArbeitsblatt\u201c, zu der Sie ein neues Arbeitsblatt hinzuf\u00fcgen m\u00f6chten.<\/li><li> Gehen Sie anschlie\u00dfend zur Registerkarte \u201eStartseite\u201c und klicken Sie auf das Dropdown-Men\u00fc \u201eEinf\u00fcgen\u201c unter der Gruppe \u201eZellen\u201c im Men\u00fcband.<\/li><li> W\u00e4hlen Sie nun aus der Dropdown-Liste die Option \u201eBlatt einf\u00fcgen\u201c. <br><img loading=\"lazy\" decoding=\"async\" title=\"1-Blatt-mit-Home-Tab einf\u00fcgen\" src=\"https:\/\/exceladvisor.org\/wp-content\/uploads\/2023\/08\/1-feuille-dinsertion-a-laide-de-longlet-daccueil.png\" sizes=\"auto, \" srcset=\"\" alt=\"insert-sheet-using-home-tab\" width=\"697\" height=\"236\"><\/li><li> An dieser Stelle wird Ihr neues Arbeitsblatt (Blatt2) links vom Arbeitsblatt \u201eMar_22\u201c eingef\u00fcgt. <br><img loading=\"lazy\" decoding=\"async\" title=\"2-neues-Blatt-eingef\u00fcgt\" src=\"https:\/\/exceladvisor.org\/wp-content\/uploads\/2023\/08\/2-nouvelles-feuilles-inserees.png\" sizes=\"auto, \" srcset=\"\" alt=\"new-sheet-inserted\" width=\"337\" height=\"282\"><\/li><\/ol><h2 id=\"h-add-a-worksheet-using-right-click-option\" class=\"wp-block-heading\"> F\u00fcgen Sie mithilfe der Rechtsklick-Option eine Tabelle hinzu<\/h2><ol><li> Klicken Sie zun\u00e4chst mit der rechten Maustaste auf die Arbeitsblattregisterkarte, links davon m\u00f6chten Sie ein neues Arbeitsblatt einf\u00fcgen.<\/li><li> Klicken Sie anschlie\u00dfend in der Liste auf die Option \u201eEinf\u00fcgen\u201c. <br><img loading=\"lazy\" decoding=\"async\" title=\"3-Blatt einf\u00fcgen-Rechtsklick\" src=\"https:\/\/exceladvisor.org\/wp-content\/uploads\/2023\/08\/3-inserer-une-feuille-avec-le-clic-droit.png\" sizes=\"auto, \" srcset=\"\" alt=\"insert-sheet-using-right-click\" width=\"348\" height=\"374\"><\/li><li> Sobald Sie auf die Option \u201eEinf\u00fcgen\u201c klicken, wird ein neues Dialogfeld \u201eEinf\u00fcgen\u201c ge\u00f6ffnet.<\/li><li> W\u00e4hlen Sie nun \u201eTabelle\u201c und klicken Sie auf \u201eOK\u201c. <br><img loading=\"lazy\" decoding=\"async\" title=\"4 Auswahlarbeitsblatt\" src=\"https:\/\/exceladvisor.org\/wp-content\/uploads\/2023\/08\/4-selectionner-la-feuille-de-calcul.png\" sizes=\"auto, \" srcset=\"\" alt=\"select-worksheet\" width=\"473\" height=\"316\"><\/li><li> An dieser Stelle wird Ihr neues Arbeitsblatt (Blatt 3) links vom Arbeitsblatt \u201eMar_22\u201c eingef\u00fcgt. <br><img loading=\"lazy\" decoding=\"async\" title=\"5-neues-Blatt-eingef\u00fcgt-links\" src=\"https:\/\/exceladvisor.org\/wp-content\/uploads\/2023\/08\/5-nouvelles-feuilles-inserees-a-gauche.png\" sizes=\"auto, \" srcset=\"\" alt=\"new-sheet-inserted-to-the-left\" width=\"394\" height=\"257\"><\/li><\/ol><p> Wenn Sie die oben genannten Schritte ausf\u00fchren, k\u00f6nnen Sie mehrere Arbeitsbl\u00e4tter gleichzeitig hinzuf\u00fcgen, indem Sie vorhandene Arbeitsbl\u00e4tter ausw\u00e4hlen. Excel f\u00fcgt die gleiche Anzahl neuer Arbeitsbl\u00e4tter hinzu, die Sie derzeit ausgew\u00e4hlt haben.<\/p><h2 id=\"h-keyboard-shortcut\" class=\"wp-block-heading\"> Tastaturk\u00fcrzel<\/h2><p> Sie k\u00f6nnen auch links neben dem ausgew\u00e4hlten Arbeitsblatt eine neue Arbeitsmappe hinzuf\u00fcgen <a href=\"https:\/\/exceladvisor.org\/de\/ein-neues-blatt-hinzufugen\/\">, indem Sie die<\/a> Tastenkombination <kbd>Umschalt<\/kbd> + <kbd>F11<\/kbd> verwenden.<\/p><h2 id=\"h-add-a-worksheet-to-the-right-using-plus-sign\" class=\"wp-block-heading\"> F\u00fcgen Sie rechts ein Arbeitsblatt hinzu, indem Sie das Pluszeichen (+) verwenden.<\/h2><p> Mit der Schaltfl\u00e4che (+) k\u00f6nnen Sie das neue Arbeitsblatt rechts neben der ausgew\u00e4hlten Arbeitsblattregisterkarte hinzuf\u00fcgen. In diesem Fall k\u00f6nnen Sie jedoch nicht mehrere Arbeitsbl\u00e4tter gleichzeitig hinzuf\u00fcgen.<\/p><ol><li> W\u00e4hlen Sie zun\u00e4chst rechts die Arbeitsblattregisterkarte aus, zu der Sie ein neues Arbeitsblatt hinzuf\u00fcgen m\u00f6chten.<\/li><li> Klicken Sie anschlie\u00dfend auf die Plus-Schaltfl\u00e4che (+) in der Tab-Leiste und Sie erhalten ein neues Arbeitsblatt, das rechts neben dem ausgew\u00e4hlten Arbeitsblatt hinzugef\u00fcgt wird. <\/li><\/ol><div class=\"wp-block-image\"><figure class=\"aligncenter size-full is-resized\"><img loading=\"lazy\" decoding=\"async\" class=\"wp-image-65887\" src=\"https:\/\/exceladvisor.org\/wp-content\/uploads\/2023\/08\/6-ajouter-une-feuille-de-calcul-a-droite.png\" sizes=\"auto, \" srcset=\"\" alt=\"Tabellenkalkulation rechts hinzuf\u00fcgen\" width=\"337\" height=\"295\"><\/figure><\/div><div class=\"gb-container gb-container-3044ba66 gb-container-mt\"><p class=\"gb-headline gb-headline-b5bb6270 gb-headline-text\"> <strong><a href=\"https:\/\/exceladvisor.org\/de\/excel-grundlagen\/\">Excel-Grundlagen<\/a><\/strong> \/ <strong><a href=\"https:\/\/exceladvisor.org\/de\/arbeitsblatt\/\" data-wpil=\"url\">Excel-Tabelle<\/a><\/strong><\/p><h2> Weitere Tutorials<\/h2><ul><li> <a href=\"https:\/\/exceladvisor.org\/de\/duplikat\/\">Duplizieren Sie ein Blatt oder eine Tabelle in Excel<\/a><\/li><li> <a href=\"https:\/\/exceladvisor.org\/de\/link-zu-einem-anderen-blatt\/\">Erstellen Sie einen Hyperlink (Link) zu einer anderen Tabelle<\/a><\/li><li> <a href=\"https:\/\/exceladvisor.org\/de\/sperren\/\">Sperren Sie ein Blatt (Arbeitsblatt) in Excel<\/a><\/li><li> <a href=\"https:\/\/exceladvisor.org\/de\/aktualisierung\/\">Aktualisieren Sie ein Blatt (Tabelle) in Excel<\/a><\/li><li> <a href=\"https:\/\/exceladvisor.org\/de\/offen\/\">Entsperren Sie ein Blatt mit einem Passwort (ohne Passwort)<\/a><\/li><\/ul><\/div>","protected":false},"excerpt":{"rendered":"","protected":false},"author":1,"featured_media":0,"parent":0,"menu_order":0,"comment_status":"open","ping_status":"closed","template":"","meta":{"ub_ctt_via":"","footnotes":""},"class_list":["post-3326","page","type-page","status-publish","hentry"],"featured_image_src":null,"yoast_head":"<!-- This site is optimized with the Yoast SEO plugin v25.4 - https:\/\/yoast.com\/wordpress\/plugins\/seo\/ -->\n<title>So f\u00fcgen Sie eine Tabelle in Excel hinzu (Leitfaden 2023)<\/title>\n<meta name=\"description\" content=\"In diesem Tutorial erfahren Sie, wie Sie auf unterschiedliche Weise ein einzelnes oder mehrere Arbeitsbl\u00e4tter in Excel hinzuf\u00fcgen oder l\u00f6schen.\" \/>\n<meta name=\"robots\" content=\"index, follow, max-snippet:-1, max-image-preview:large, max-video-preview:-1\" \/>\n<link rel=\"canonical\" href=\"https:\/\/exceladvisor.org\/de\/hinzufugen\/\" \/>\n<meta property=\"og:locale\" content=\"de_DE\" \/>\n<meta property=\"og:type\" content=\"article\" \/>\n<meta property=\"og:title\" content=\"So f\u00fcgen Sie eine Tabelle in Excel hinzu (Leitfaden 2023)\" \/>\n<meta property=\"og:description\" content=\"In diesem Tutorial erfahren Sie, wie Sie auf unterschiedliche Weise ein einzelnes oder mehrere Arbeitsbl\u00e4tter in Excel hinzuf\u00fcgen oder l\u00f6schen.\" \/>\n<meta property=\"og:url\" content=\"https:\/\/exceladvisor.org\/de\/hinzufugen\/\" \/>\n<meta property=\"og:site_name\" content=\"Excel Advisor\" \/>\n<meta property=\"article:modified_time\" content=\"2023-12-03T11:20:41+00:00\" \/>\n<meta property=\"og:image\" content=\"https:\/\/exceladvisor.org\/wp-content\/uploads\/2023\/08\/1-feuille-dinsertion-a-laide-de-longlet-daccueil.png\" \/>\n<meta name=\"twitter:card\" content=\"summary_large_image\" \/>\n<meta name=\"twitter:label1\" content=\"Gesch\u00e4tzte Lesezeit\" \/>\n\t<meta name=\"twitter:data1\" content=\"2\u00a0Minuten\" \/>\n<script type=\"application\/ld+json\" class=\"yoast-schema-graph\">{\"@context\":\"https:\/\/schema.org\",\"@graph\":[{\"@type\":\"WebPage\",\"@id\":\"https:\/\/exceladvisor.org\/de\/hinzufugen\/\",\"url\":\"https:\/\/exceladvisor.org\/de\/hinzufugen\/\",\"name\":\"So f\u00fcgen Sie eine Tabelle in Excel hinzu (Leitfaden 2023)\",\"isPartOf\":{\"@id\":\"https:\/\/exceladvisor.org\/de\/#website\"},\"primaryImageOfPage\":{\"@id\":\"https:\/\/exceladvisor.org\/de\/hinzufugen\/#primaryimage\"},\"image\":{\"@id\":\"https:\/\/exceladvisor.org\/de\/hinzufugen\/#primaryimage\"},\"thumbnailUrl\":\"https:\/\/exceladvisor.org\/wp-content\/uploads\/2023\/08\/1-feuille-dinsertion-a-laide-de-longlet-daccueil.png\",\"datePublished\":\"2023-10-31T22:32:17+00:00\",\"dateModified\":\"2023-12-03T11:20:41+00:00\",\"description\":\"In diesem Tutorial erfahren Sie, wie Sie auf unterschiedliche Weise ein einzelnes oder mehrere Arbeitsbl\u00e4tter in Excel hinzuf\u00fcgen oder l\u00f6schen.\",\"breadcrumb\":{\"@id\":\"https:\/\/exceladvisor.org\/de\/hinzufugen\/#breadcrumb\"},\"inLanguage\":\"de\",\"potentialAction\":[{\"@type\":\"ReadAction\",\"target\":[\"https:\/\/exceladvisor.org\/de\/hinzufugen\/\"]}]},{\"@type\":\"ImageObject\",\"inLanguage\":\"de\",\"@id\":\"https:\/\/exceladvisor.org\/de\/hinzufugen\/#primaryimage\",\"url\":\"https:\/\/exceladvisor.org\/wp-content\/uploads\/2023\/08\/1-feuille-dinsertion-a-laide-de-longlet-daccueil.png\",\"contentUrl\":\"https:\/\/exceladvisor.org\/wp-content\/uploads\/2023\/08\/1-feuille-dinsertion-a-laide-de-longlet-daccueil.png\"},{\"@type\":\"BreadcrumbList\",\"@id\":\"https:\/\/exceladvisor.org\/de\/hinzufugen\/#breadcrumb\",\"itemListElement\":[{\"@type\":\"ListItem\",\"position\":1,\"name\":\"Accueil\",\"item\":\"https:\/\/exceladvisor.org\/de\/\"},{\"@type\":\"ListItem\",\"position\":2,\"name\":\"Wie f\u00fcge ich eine tabelle in excel hinzu?\"}]},{\"@type\":\"WebSite\",\"@id\":\"https:\/\/exceladvisor.org\/de\/#website\",\"url\":\"https:\/\/exceladvisor.org\/de\/\",\"name\":\"Excel Advisor\",\"description\":\"Ihr Leitfaden zur Datendominanz\",\"publisher\":{\"@id\":\"https:\/\/exceladvisor.org\/de\/#organization\"},\"potentialAction\":[{\"@type\":\"SearchAction\",\"target\":{\"@type\":\"EntryPoint\",\"urlTemplate\":\"https:\/\/exceladvisor.org\/de\/?s={search_term_string}\"},\"query-input\":{\"@type\":\"PropertyValueSpecification\",\"valueRequired\":true,\"valueName\":\"search_term_string\"}}],\"inLanguage\":\"de\"},{\"@type\":\"Organization\",\"@id\":\"https:\/\/exceladvisor.org\/de\/#organization\",\"name\":\"Excel Advisor\",\"url\":\"https:\/\/exceladvisor.org\/de\/\",\"logo\":{\"@type\":\"ImageObject\",\"inLanguage\":\"de\",\"@id\":\"https:\/\/exceladvisor.org\/de\/#\/schema\/logo\/image\/\",\"url\":\"https:\/\/exceladvisor.org\/de\/wp-content\/uploads\/2023\/11\/exceladvisor.org_.png\",\"contentUrl\":\"https:\/\/exceladvisor.org\/de\/wp-content\/uploads\/2023\/11\/exceladvisor.org_.png\",\"width\":105,\"height\":36,\"caption\":\"Excel Advisor\"},\"image\":{\"@id\":\"https:\/\/exceladvisor.org\/de\/#\/schema\/logo\/image\/\"}}]}<\/script>\n<!-- \/ Yoast SEO plugin. -->","yoast_head_json":{"title":"So f\u00fcgen Sie eine Tabelle in Excel hinzu (Leitfaden 2023)","description":"In diesem Tutorial erfahren Sie, wie Sie auf unterschiedliche Weise ein einzelnes oder mehrere Arbeitsbl\u00e4tter in Excel hinzuf\u00fcgen oder l\u00f6schen.","robots":{"index":"index","follow":"follow","max-snippet":"max-snippet:-1","max-image-preview":"max-image-preview:large","max-video-preview":"max-video-preview:-1"},"canonical":"https:\/\/exceladvisor.org\/de\/hinzufugen\/","og_locale":"de_DE","og_type":"article","og_title":"So f\u00fcgen Sie eine Tabelle in Excel hinzu (Leitfaden 2023)","og_description":"In diesem Tutorial erfahren Sie, wie Sie auf unterschiedliche Weise ein einzelnes oder mehrere Arbeitsbl\u00e4tter in Excel hinzuf\u00fcgen oder l\u00f6schen.","og_url":"https:\/\/exceladvisor.org\/de\/hinzufugen\/","og_site_name":"Excel Advisor","article_modified_time":"2023-12-03T11:20:41+00:00","og_image":[{"url":"https:\/\/exceladvisor.org\/wp-content\/uploads\/2023\/08\/1-feuille-dinsertion-a-laide-de-longlet-daccueil.png","type":"","width":"","height":""}],"twitter_card":"summary_large_image","twitter_misc":{"Gesch\u00e4tzte Lesezeit":"2\u00a0Minuten"},"schema":{"@context":"https:\/\/schema.org","@graph":[{"@type":"WebPage","@id":"https:\/\/exceladvisor.org\/de\/hinzufugen\/","url":"https:\/\/exceladvisor.org\/de\/hinzufugen\/","name":"So f\u00fcgen Sie eine Tabelle in Excel hinzu (Leitfaden 2023)","isPartOf":{"@id":"https:\/\/exceladvisor.org\/de\/#website"},"primaryImageOfPage":{"@id":"https:\/\/exceladvisor.org\/de\/hinzufugen\/#primaryimage"},"image":{"@id":"https:\/\/exceladvisor.org\/de\/hinzufugen\/#primaryimage"},"thumbnailUrl":"https:\/\/exceladvisor.org\/wp-content\/uploads\/2023\/08\/1-feuille-dinsertion-a-laide-de-longlet-daccueil.png","datePublished":"2023-10-31T22:32:17+00:00","dateModified":"2023-12-03T11:20:41+00:00","description":"In diesem Tutorial erfahren Sie, wie Sie auf unterschiedliche Weise ein einzelnes oder mehrere Arbeitsbl\u00e4tter in Excel hinzuf\u00fcgen oder l\u00f6schen.","breadcrumb":{"@id":"https:\/\/exceladvisor.org\/de\/hinzufugen\/#breadcrumb"},"inLanguage":"de","potentialAction":[{"@type":"ReadAction","target":["https:\/\/exceladvisor.org\/de\/hinzufugen\/"]}]},{"@type":"ImageObject","inLanguage":"de","@id":"https:\/\/exceladvisor.org\/de\/hinzufugen\/#primaryimage","url":"https:\/\/exceladvisor.org\/wp-content\/uploads\/2023\/08\/1-feuille-dinsertion-a-laide-de-longlet-daccueil.png","contentUrl":"https:\/\/exceladvisor.org\/wp-content\/uploads\/2023\/08\/1-feuille-dinsertion-a-laide-de-longlet-daccueil.png"},{"@type":"BreadcrumbList","@id":"https:\/\/exceladvisor.org\/de\/hinzufugen\/#breadcrumb","itemListElement":[{"@type":"ListItem","position":1,"name":"Accueil","item":"https:\/\/exceladvisor.org\/de\/"},{"@type":"ListItem","position":2,"name":"Wie f\u00fcge ich eine tabelle in excel hinzu?"}]},{"@type":"WebSite","@id":"https:\/\/exceladvisor.org\/de\/#website","url":"https:\/\/exceladvisor.org\/de\/","name":"Excel Advisor","description":"Ihr Leitfaden zur Datendominanz","publisher":{"@id":"https:\/\/exceladvisor.org\/de\/#organization"},"potentialAction":[{"@type":"SearchAction","target":{"@type":"EntryPoint","urlTemplate":"https:\/\/exceladvisor.org\/de\/?s={search_term_string}"},"query-input":{"@type":"PropertyValueSpecification","valueRequired":true,"valueName":"search_term_string"}}],"inLanguage":"de"},{"@type":"Organization","@id":"https:\/\/exceladvisor.org\/de\/#organization","name":"Excel Advisor","url":"https:\/\/exceladvisor.org\/de\/","logo":{"@type":"ImageObject","inLanguage":"de","@id":"https:\/\/exceladvisor.org\/de\/#\/schema\/logo\/image\/","url":"https:\/\/exceladvisor.org\/de\/wp-content\/uploads\/2023\/11\/exceladvisor.org_.png","contentUrl":"https:\/\/exceladvisor.org\/de\/wp-content\/uploads\/2023\/11\/exceladvisor.org_.png","width":105,"height":36,"caption":"Excel Advisor"},"image":{"@id":"https:\/\/exceladvisor.org\/de\/#\/schema\/logo\/image\/"}}]}},"yoast_meta":{"yoast_wpseo_title":"","yoast_wpseo_metadesc":"","yoast_wpseo_canonical":""},"_links":{"self":[{"href":"https:\/\/exceladvisor.org\/de\/wp-json\/wp\/v2\/pages\/3326","targetHints":{"allow":["GET"]}}],"collection":[{"href":"https:\/\/exceladvisor.org\/de\/wp-json\/wp\/v2\/pages"}],"about":[{"href":"https:\/\/exceladvisor.org\/de\/wp-json\/wp\/v2\/types\/page"}],"author":[{"embeddable":true,"href":"https:\/\/exceladvisor.org\/de\/wp-json\/wp\/v2\/users\/1"}],"replies":[{"embeddable":true,"href":"https:\/\/exceladvisor.org\/de\/wp-json\/wp\/v2\/comments?post=3326"}],"version-history":[{"count":1,"href":"https:\/\/exceladvisor.org\/de\/wp-json\/wp\/v2\/pages\/3326\/revisions"}],"predecessor-version":[{"id":4021,"href":"https:\/\/exceladvisor.org\/de\/wp-json\/wp\/v2\/pages\/3326\/revisions\/4021"}],"wp:attachment":[{"href":"https:\/\/exceladvisor.org\/de\/wp-json\/wp\/v2\/media?parent=3326"}],"curies":[{"name":"wp","href":"https:\/\/api.w.org\/{rel}","templated":true}]}}