{"id":3327,"date":"2023-10-31T22:06:07","date_gmt":"2023-10-31T22:06:07","guid":{"rendered":"https:\/\/exceladvisor.org\/de\/1-loschen\/"},"modified":"2023-12-03T13:04:10","modified_gmt":"2023-12-03T13:04:10","slug":"1-loschen","status":"publish","type":"page","link":"https:\/\/exceladvisor.org\/de\/1-loschen\/","title":{"rendered":"Wie l\u00f6sche ich ein blatt in excel?"},"content":{"rendered":"<div class=\"excel-vor-dem-inhalt\" id=\"excel-2664111319\"><script type=\"text\/javascript\">\r\n\tatOptions = {\r\n\t\t'key' : 'c1158f160081d6540a8409e6925dab94',\r\n\t\t'format' : 'iframe',\r\n\t\t'height' : 250,\r\n\t\t'width' : 300,\r\n\t\t'params' : {}\r\n\t};\r\n<\/script>\r\n<script type=\"text\/javascript\" src=\"\/\/www.highperformanceformat.com\/c1158f160081d6540a8409e6925dab94\/invoke.js\"><\/script><\/div> <p>In diesem Tutorial lernen wir drei einfache Methoden zum L\u00f6schen eines Blatts in Excel kennen. Alle diese Methoden sind schnell und einfach anzuwenden. Sie k\u00f6nnen jede dieser Methoden verwenden, die f\u00fcr Sie geeignet ist.<\/p><h2 id=\"h-delete-a-sheet-using-the-keyboard-shortcut\" class=\"wp-block-heading\"> L\u00f6schen Sie ein Blatt mit der Tastenkombination<\/h2><ul><li> <kbd>Alt<\/kbd> \u2192 <kbd>H<\/kbd> \u2192 <kbd>D<\/kbd> \u2192 <kbd>S<\/kbd><\/li><li> <kbd>Alt<\/kbd> \u2192 <kbd>E<\/kbd> \u2192 <kbd>L<\/kbd><\/li><\/ul><p> Sie k\u00f6nnen eine Tastenkombination verwenden, um ein Blatt schnell aus einer Arbeitsmappe zu l\u00f6schen. <\/p><div class=\"wp-block-image\"><figure class=\"aligncenter size-full is-resized\"><img loading=\"lazy\" decoding=\"async\" class=\"wp-image-92513\" src=\"https:\/\/exceladvisor.org\/wp-content\/uploads\/2023\/08\/raccourci-clavier-supprimer-une-feuille.png\" sizes=\"auto, \" srcset=\"\" alt=\"Hotkey-L\u00f6schblatt\" width=\"303\" height=\"137\"><\/figure><\/div><h2 id=\"h-delete-a-worksheet-using-home-tab\" class=\"wp-block-heading\"> L\u00f6schen Sie ein Arbeitsblatt \u00fcber die Registerkarte \u201eStartseite\u201c.<\/h2><ol><li> Klicken Sie zun\u00e4chst auf die Arbeitsblatt-Registerkarte oder w\u00e4hlen Sie mehrere Arbeitsblatt-Registerkarten aus, falls Sie mehrere Arbeitsbl\u00e4tter l\u00f6schen m\u00f6chten.<\/li><li> Gehen Sie anschlie\u00dfend zur Registerkarte \u201eStartseite\u201c und klicken Sie im Men\u00fcband unter der Gruppe \u201eZellen\u201c auf das Dropdown-Men\u00fc mit dem Symbol \u201eL\u00f6schen\u201c.<\/li><li> W\u00e4hlen Sie nun aus der Dropdown-Liste die Option \u201eBlatt l\u00f6schen\u201c. <br><img loading=\"lazy\" decoding=\"async\" title=\"7-Arbeitsblatt-mit-Home-Tab l\u00f6schen\" src=\"https:\/\/exceladvisor.org\/wp-content\/uploads\/2023\/08\/7-supprimer-une-feuille-de-calcul-a-laide-de-longlet-daccueil.png\" sizes=\"auto, \" srcset=\"\" alt=\"delete-worksheet-using-home-tab\" width=\"749\" height=\"251\"><\/li><li> An diesem Punkt werden Ihre ausgew\u00e4hlten Arbeitsbl\u00e4tter aus der aktuellen Arbeitsmappe gel\u00f6scht. <br><img loading=\"lazy\" decoding=\"async\" title=\"8-Arbeitsblatt-gel\u00f6scht1\" src=\"https:\/\/exceladvisor.org\/wp-content\/uploads\/2023\/08\/8-feuille-de-calcul-supprimee1.png\" sizes=\"auto, \" srcset=\"\" alt=\"worksheet-deleted\" width=\"325\" height=\"284\"><\/li><\/ol><h2 id=\"h-delete-a-sheet-using-right-click-option\" class=\"wp-block-heading\"> L\u00f6schen Sie ein Blatt mit der Rechtsklick-Option<\/h2><ol><li> Klicken Sie zun\u00e4chst mit der rechten Maustaste auf die Registerkarte \u201eArbeitsblatt\u201c und klicken Sie in der Liste auf die Option \u201eL\u00f6schen\u201c.<\/li><li> Um mehrere Arbeitsbl\u00e4tter zu l\u00f6schen, w\u00e4hlen Sie die mehreren Arbeitsbl\u00e4tter aus, klicken Sie dann mit der rechten Maustaste und klicken Sie auf die Option \u201eL\u00f6schen\u201c. <\/li><\/ol><div class=\"wp-block-image\"><figure class=\"aligncenter size-full is-resized\"><img loading=\"lazy\" decoding=\"async\" class=\"wp-image-65890\" src=\"https:\/\/exceladvisor.org\/wp-content\/uploads\/2023\/08\/9-supprimer-une-feuille-de-calcul-en-utilisant-le-clic-droit.png\" sizes=\"auto, \" srcset=\"\" alt=\"L\u00f6schen Sie eine Tabelle mit einem Rechtsklick\" width=\"467\" height=\"477\"><\/figure><\/div><div class=\"gb-container gb-container-3044ba66 gb-container-mt\"><p class=\"gb-headline gb-headline-b5bb6270 gb-headline-text\"> <strong><a href=\"https:\/\/exceladvisor.org\/de\/excel-grundlagen\/\">Excel-Grundlagen<\/a><\/strong> \/ <strong><a href=\"https:\/\/exceladvisor.org\/de\/arbeitsblatt\/\" data-wpil=\"url\">Excel-Tabelle<\/a><\/strong><\/p><h2 class=\"gb-headline gb-headline-819d540d gb-headline-text gb-headline-mt-heading\"> Weitere Tutorials <\/h2><div class=\"gb-grid-wrapper gb-grid-wrapper-7f3d805a gb-grid-wrapper-mt-grid\"><div class=\"gb-grid-column gb-grid-column-7495e031\"><div class=\"gb-container gb-container-7495e031\"><ul><li> <a href=\"https:\/\/exceladvisor.org\/de\/hinzufugen\/\">F\u00fcgen Sie eine Tabelle in Excel hinzu<\/a><\/li><li> <a href=\"https:\/\/exceladvisor.org\/de\/tab-farbe-andern\/\">Tab-Farbe in Excel \u00e4ndern (Arbeitsblatt-Tab)<\/a><\/li><li> <a href=\"https:\/\/exceladvisor.org\/de\/fuge-einen-titel-hinzu\/\">F\u00fcgen Sie einem Arbeitsblatt in Excel einen Titel hinzu<\/a><\/li><li> <a href=\"https:\/\/exceladvisor.org\/de\/kopie-1\/\">Ein Blatt (Tabellenkalkulation) kopieren oder verschieben<\/a><\/li><li> <a href=\"https:\/\/exceladvisor.org\/de\/alles-auswahlen-1\/\">Alle Arbeitsbl\u00e4tter (Bl\u00e4tter) ausw\u00e4hlen<\/a> <\/li><\/ul><\/div><\/div><div class=\"gb-grid-column gb-grid-column-530ab33a\"><div class=\"gb-container gb-container-530ab33a\"><\/div><\/div><\/div><\/div>","protected":false},"excerpt":{"rendered":"","protected":false},"author":1,"featured_media":0,"parent":0,"menu_order":0,"comment_status":"open","ping_status":"closed","template":"","meta":{"ub_ctt_via":"","footnotes":""},"class_list":["post-3327","page","type-page","status-publish","hentry"],"featured_image_src":null,"yoast_head":"<!-- This site is optimized with the Yoast SEO plugin v25.4 - https:\/\/yoast.com\/wordpress\/plugins\/seo\/ -->\n<title>Wie l\u00f6sche ich ein Blatt in Excel? (Tutorial 2023)<\/title>\n<meta name=\"description\" content=\"In diesem kurzen Tutorial erfahren Sie, wie Sie ein Blatt in Excel l\u00f6schen. Es gibt drei verschiedene Methoden, die Sie verwenden k\u00f6nnen.\" \/>\n<meta name=\"robots\" content=\"index, follow, max-snippet:-1, max-image-preview:large, max-video-preview:-1\" \/>\n<link rel=\"canonical\" href=\"https:\/\/exceladvisor.org\/de\/1-loschen\/\" \/>\n<meta property=\"og:locale\" content=\"de_DE\" \/>\n<meta property=\"og:type\" content=\"article\" \/>\n<meta property=\"og:title\" content=\"Wie l\u00f6sche ich ein Blatt in Excel? (Tutorial 2023)\" \/>\n<meta property=\"og:description\" content=\"In diesem kurzen Tutorial erfahren Sie, wie Sie ein Blatt in Excel l\u00f6schen. Es gibt drei verschiedene Methoden, die Sie verwenden k\u00f6nnen.\" \/>\n<meta property=\"og:url\" content=\"https:\/\/exceladvisor.org\/de\/1-loschen\/\" \/>\n<meta property=\"og:site_name\" content=\"Excel Advisor\" \/>\n<meta property=\"article:modified_time\" content=\"2023-12-03T13:04:10+00:00\" \/>\n<meta property=\"og:image\" content=\"https:\/\/exceladvisor.org\/wp-content\/uploads\/2023\/08\/raccourci-clavier-supprimer-une-feuille.png\" \/>\n<meta name=\"twitter:card\" content=\"summary_large_image\" \/>\n<meta name=\"twitter:label1\" content=\"Gesch\u00e4tzte Lesezeit\" \/>\n\t<meta name=\"twitter:data1\" content=\"1\u00a0Minute\" \/>\n<script type=\"application\/ld+json\" class=\"yoast-schema-graph\">{\"@context\":\"https:\/\/schema.org\",\"@graph\":[{\"@type\":\"WebPage\",\"@id\":\"https:\/\/exceladvisor.org\/de\/1-loschen\/\",\"url\":\"https:\/\/exceladvisor.org\/de\/1-loschen\/\",\"name\":\"Wie l\u00f6sche ich ein Blatt in Excel? (Tutorial 2023)\",\"isPartOf\":{\"@id\":\"https:\/\/exceladvisor.org\/de\/#website\"},\"primaryImageOfPage\":{\"@id\":\"https:\/\/exceladvisor.org\/de\/1-loschen\/#primaryimage\"},\"image\":{\"@id\":\"https:\/\/exceladvisor.org\/de\/1-loschen\/#primaryimage\"},\"thumbnailUrl\":\"https:\/\/exceladvisor.org\/wp-content\/uploads\/2023\/08\/raccourci-clavier-supprimer-une-feuille.png\",\"datePublished\":\"2023-10-31T22:06:07+00:00\",\"dateModified\":\"2023-12-03T13:04:10+00:00\",\"description\":\"In diesem kurzen Tutorial erfahren Sie, wie Sie ein Blatt in Excel l\u00f6schen. Es gibt drei verschiedene Methoden, die Sie verwenden k\u00f6nnen.\",\"breadcrumb\":{\"@id\":\"https:\/\/exceladvisor.org\/de\/1-loschen\/#breadcrumb\"},\"inLanguage\":\"de\",\"potentialAction\":[{\"@type\":\"ReadAction\",\"target\":[\"https:\/\/exceladvisor.org\/de\/1-loschen\/\"]}]},{\"@type\":\"ImageObject\",\"inLanguage\":\"de\",\"@id\":\"https:\/\/exceladvisor.org\/de\/1-loschen\/#primaryimage\",\"url\":\"https:\/\/exceladvisor.org\/wp-content\/uploads\/2023\/08\/raccourci-clavier-supprimer-une-feuille.png\",\"contentUrl\":\"https:\/\/exceladvisor.org\/wp-content\/uploads\/2023\/08\/raccourci-clavier-supprimer-une-feuille.png\"},{\"@type\":\"BreadcrumbList\",\"@id\":\"https:\/\/exceladvisor.org\/de\/1-loschen\/#breadcrumb\",\"itemListElement\":[{\"@type\":\"ListItem\",\"position\":1,\"name\":\"Accueil\",\"item\":\"https:\/\/exceladvisor.org\/de\/\"},{\"@type\":\"ListItem\",\"position\":2,\"name\":\"Wie l\u00f6sche ich ein blatt in excel?\"}]},{\"@type\":\"WebSite\",\"@id\":\"https:\/\/exceladvisor.org\/de\/#website\",\"url\":\"https:\/\/exceladvisor.org\/de\/\",\"name\":\"Excel Advisor\",\"description\":\"Ihr Leitfaden zur Datendominanz\",\"publisher\":{\"@id\":\"https:\/\/exceladvisor.org\/de\/#organization\"},\"potentialAction\":[{\"@type\":\"SearchAction\",\"target\":{\"@type\":\"EntryPoint\",\"urlTemplate\":\"https:\/\/exceladvisor.org\/de\/?s={search_term_string}\"},\"query-input\":{\"@type\":\"PropertyValueSpecification\",\"valueRequired\":true,\"valueName\":\"search_term_string\"}}],\"inLanguage\":\"de\"},{\"@type\":\"Organization\",\"@id\":\"https:\/\/exceladvisor.org\/de\/#organization\",\"name\":\"Excel Advisor\",\"url\":\"https:\/\/exceladvisor.org\/de\/\",\"logo\":{\"@type\":\"ImageObject\",\"inLanguage\":\"de\",\"@id\":\"https:\/\/exceladvisor.org\/de\/#\/schema\/logo\/image\/\",\"url\":\"https:\/\/exceladvisor.org\/de\/wp-content\/uploads\/2023\/11\/exceladvisor.org_.png\",\"contentUrl\":\"https:\/\/exceladvisor.org\/de\/wp-content\/uploads\/2023\/11\/exceladvisor.org_.png\",\"width\":105,\"height\":36,\"caption\":\"Excel Advisor\"},\"image\":{\"@id\":\"https:\/\/exceladvisor.org\/de\/#\/schema\/logo\/image\/\"}}]}<\/script>\n<!-- \/ Yoast SEO plugin. -->","yoast_head_json":{"title":"Wie l\u00f6sche ich ein Blatt in Excel? (Tutorial 2023)","description":"In diesem kurzen Tutorial erfahren Sie, wie Sie ein Blatt in Excel l\u00f6schen. Es gibt drei verschiedene Methoden, die Sie verwenden k\u00f6nnen.","robots":{"index":"index","follow":"follow","max-snippet":"max-snippet:-1","max-image-preview":"max-image-preview:large","max-video-preview":"max-video-preview:-1"},"canonical":"https:\/\/exceladvisor.org\/de\/1-loschen\/","og_locale":"de_DE","og_type":"article","og_title":"Wie l\u00f6sche ich ein Blatt in Excel? (Tutorial 2023)","og_description":"In diesem kurzen Tutorial erfahren Sie, wie Sie ein Blatt in Excel l\u00f6schen. Es gibt drei verschiedene Methoden, die Sie verwenden k\u00f6nnen.","og_url":"https:\/\/exceladvisor.org\/de\/1-loschen\/","og_site_name":"Excel Advisor","article_modified_time":"2023-12-03T13:04:10+00:00","og_image":[{"url":"https:\/\/exceladvisor.org\/wp-content\/uploads\/2023\/08\/raccourci-clavier-supprimer-une-feuille.png","type":"","width":"","height":""}],"twitter_card":"summary_large_image","twitter_misc":{"Gesch\u00e4tzte Lesezeit":"1\u00a0Minute"},"schema":{"@context":"https:\/\/schema.org","@graph":[{"@type":"WebPage","@id":"https:\/\/exceladvisor.org\/de\/1-loschen\/","url":"https:\/\/exceladvisor.org\/de\/1-loschen\/","name":"Wie l\u00f6sche ich ein Blatt in Excel? (Tutorial 2023)","isPartOf":{"@id":"https:\/\/exceladvisor.org\/de\/#website"},"primaryImageOfPage":{"@id":"https:\/\/exceladvisor.org\/de\/1-loschen\/#primaryimage"},"image":{"@id":"https:\/\/exceladvisor.org\/de\/1-loschen\/#primaryimage"},"thumbnailUrl":"https:\/\/exceladvisor.org\/wp-content\/uploads\/2023\/08\/raccourci-clavier-supprimer-une-feuille.png","datePublished":"2023-10-31T22:06:07+00:00","dateModified":"2023-12-03T13:04:10+00:00","description":"In diesem kurzen Tutorial erfahren Sie, wie Sie ein Blatt in Excel l\u00f6schen. Es gibt drei verschiedene Methoden, die Sie verwenden k\u00f6nnen.","breadcrumb":{"@id":"https:\/\/exceladvisor.org\/de\/1-loschen\/#breadcrumb"},"inLanguage":"de","potentialAction":[{"@type":"ReadAction","target":["https:\/\/exceladvisor.org\/de\/1-loschen\/"]}]},{"@type":"ImageObject","inLanguage":"de","@id":"https:\/\/exceladvisor.org\/de\/1-loschen\/#primaryimage","url":"https:\/\/exceladvisor.org\/wp-content\/uploads\/2023\/08\/raccourci-clavier-supprimer-une-feuille.png","contentUrl":"https:\/\/exceladvisor.org\/wp-content\/uploads\/2023\/08\/raccourci-clavier-supprimer-une-feuille.png"},{"@type":"BreadcrumbList","@id":"https:\/\/exceladvisor.org\/de\/1-loschen\/#breadcrumb","itemListElement":[{"@type":"ListItem","position":1,"name":"Accueil","item":"https:\/\/exceladvisor.org\/de\/"},{"@type":"ListItem","position":2,"name":"Wie l\u00f6sche ich ein blatt in excel?"}]},{"@type":"WebSite","@id":"https:\/\/exceladvisor.org\/de\/#website","url":"https:\/\/exceladvisor.org\/de\/","name":"Excel Advisor","description":"Ihr Leitfaden zur Datendominanz","publisher":{"@id":"https:\/\/exceladvisor.org\/de\/#organization"},"potentialAction":[{"@type":"SearchAction","target":{"@type":"EntryPoint","urlTemplate":"https:\/\/exceladvisor.org\/de\/?s={search_term_string}"},"query-input":{"@type":"PropertyValueSpecification","valueRequired":true,"valueName":"search_term_string"}}],"inLanguage":"de"},{"@type":"Organization","@id":"https:\/\/exceladvisor.org\/de\/#organization","name":"Excel Advisor","url":"https:\/\/exceladvisor.org\/de\/","logo":{"@type":"ImageObject","inLanguage":"de","@id":"https:\/\/exceladvisor.org\/de\/#\/schema\/logo\/image\/","url":"https:\/\/exceladvisor.org\/de\/wp-content\/uploads\/2023\/11\/exceladvisor.org_.png","contentUrl":"https:\/\/exceladvisor.org\/de\/wp-content\/uploads\/2023\/11\/exceladvisor.org_.png","width":105,"height":36,"caption":"Excel Advisor"},"image":{"@id":"https:\/\/exceladvisor.org\/de\/#\/schema\/logo\/image\/"}}]}},"yoast_meta":{"yoast_wpseo_title":"","yoast_wpseo_metadesc":"","yoast_wpseo_canonical":""},"_links":{"self":[{"href":"https:\/\/exceladvisor.org\/de\/wp-json\/wp\/v2\/pages\/3327","targetHints":{"allow":["GET"]}}],"collection":[{"href":"https:\/\/exceladvisor.org\/de\/wp-json\/wp\/v2\/pages"}],"about":[{"href":"https:\/\/exceladvisor.org\/de\/wp-json\/wp\/v2\/types\/page"}],"author":[{"embeddable":true,"href":"https:\/\/exceladvisor.org\/de\/wp-json\/wp\/v2\/users\/1"}],"replies":[{"embeddable":true,"href":"https:\/\/exceladvisor.org\/de\/wp-json\/wp\/v2\/comments?post=3327"}],"version-history":[{"count":1,"href":"https:\/\/exceladvisor.org\/de\/wp-json\/wp\/v2\/pages\/3327\/revisions"}],"predecessor-version":[{"id":4140,"href":"https:\/\/exceladvisor.org\/de\/wp-json\/wp\/v2\/pages\/3327\/revisions\/4140"}],"wp:attachment":[{"href":"https:\/\/exceladvisor.org\/de\/wp-json\/wp\/v2\/media?parent=3327"}],"curies":[{"name":"wp","href":"https:\/\/api.w.org\/{rel}","templated":true}]}}