{"id":3328,"date":"2023-10-31T21:51:48","date_gmt":"2023-10-31T21:51:48","guid":{"rendered":"https:\/\/exceladvisor.org\/de\/anzeige\/"},"modified":"2023-12-03T13:06:07","modified_gmt":"2023-12-03T13:06:07","slug":"anzeige","status":"publish","type":"page","link":"https:\/\/exceladvisor.org\/de\/anzeige\/","title":{"rendered":"Wie zeige ich eine excel-tabelle oder alle tabellen an?"},"content":{"rendered":"<div class=\"excel-vor-dem-inhalt\" id=\"excel-720450696\"><script type=\"text\/javascript\">\r\n\tatOptions = {\r\n\t\t'key' : 'c1158f160081d6540a8409e6925dab94',\r\n\t\t'format' : 'iframe',\r\n\t\t'height' : 250,\r\n\t\t'width' : 300,\r\n\t\t'params' : {}\r\n\t};\r\n<\/script>\r\n<script type=\"text\/javascript\" src=\"\/\/www.highperformanceformat.com\/c1158f160081d6540a8409e6925dab94\/invoke.js\"><\/script><\/div> <p>Sie k\u00f6nnen schnell ein oder mehrere Tabellenbl\u00e4tter in Excel anzeigen. Und in diesem Tutorial erfahren Sie, wie das in ein paar einfachen Schritten geht.<\/p><h2 id=\"h-unhide-a-single-sheet-in-excel\" class=\"wp-block-heading\"> Zeigen Sie ein einzelnes Blatt in Excel an<\/h2><ol><li> Bewegen Sie den Mauszeiger zun\u00e4chst \u00fcber eine der Blattregisterkarten in Ihrer Arbeitsmappe.<\/li><li> Klicken Sie nun mit der rechten Maustaste und klicken Sie dann auf die Option \u201eAnzeigen\u201c. <br><img loading=\"lazy\" decoding=\"async\" title=\"1-zeige-ein-Excel-Blatt\" src=\"https:\/\/exceladvisor.org\/wp-content\/uploads\/2023\/08\/1-afficher-une-feuille-excel.png\" sizes=\"auto, \" srcset=\"\" alt=\"1-unhide-an-excel-sheet\" width=\"372\" height=\"358\"><\/li><li> Klicken Sie anschlie\u00dfend im Dialogfeld auf den Namen des Blatts, das Sie anzeigen m\u00f6chten. <br><img loading=\"lazy\" decoding=\"async\" title=\"2-W\u00e4hlen Sie den Namen des anzuzeigenden Blatts\" src=\"https:\/\/exceladvisor.org\/wp-content\/uploads\/2023\/08\/2-choisissez-le-nom-de-la-feuille-a-afficher.png\" sizes=\"auto, \" srcset=\"\" alt=\"2-choose-sheetname-to-unhide\" width=\"378\" height=\"236\"><\/li><li> Klicken Sie am Ende auf OK, um das Blatt anzuzeigen.<\/li><\/ol><p> Wenn Sie auf \u201eOK\u201c klicken, wird das von Ihnen im Dialogfeld ausgew\u00e4hlte Blatt angezeigt. <\/p><div class=\"wp-block-image\"><figure class=\"aligncenter size-full is-resized\"><img loading=\"lazy\" decoding=\"async\" class=\"wp-image-92283\" src=\"https:\/\/exceladvisor.org\/wp-content\/uploads\/2023\/08\/3-feuilles-selectionnees-afficher.png\" sizes=\"auto, \" srcset=\"\" alt=\"ausgew\u00e4hlte Sheet-Show\" width=\"615\" height=\"180\"><\/figure><\/div><p> <strong>Hinweis:<\/strong> Sie k\u00f6nnen die gleiche Option \u201eAnzeigen\u2026\u201c auch unter \u201eStartseite\u201c &gt; \u201eFormat\u201c &gt; \u201eAusblenden und anzeigen\u201c &gt; \u201eBlatt anzeigen\u201c verwenden. <\/p><div class=\"wp-block-image\"><figure class=\"aligncenter size-full is-resized\"><img loading=\"lazy\" decoding=\"async\" class=\"wp-image-92284\" src=\"https:\/\/exceladvisor.org\/wp-content\/uploads\/2023\/08\/4-formats-masquer-afficher-les-feuilles.png\" sizes=\"auto, \" srcset=\"\" alt=\"format-hide-show-sheets\" width=\"522\" height=\"508\"><\/figure><\/div><h2 id=\"h-unhide-all-the-hidden-sheets-in-excel\" class=\"wp-block-heading\"> Alle ausgeblendeten Bl\u00e4tter in Excel anzeigen<\/h2><p> K\u00fcrzlich hat Microsoft die Option aktualisiert, mehrere Bl\u00e4tter im Dialogfeld auszuw\u00e4hlen, um sie gleichzeitig anzuzeigen.<\/p><ol type=\"1\"><li> Klicken Sie zun\u00e4chst mit der rechten Maustaste auf die Blattregisterkarte.<\/li><li> Halten Sie nun im Dialogfeld die Strg-Taste gedr\u00fcckt.<\/li><li> W\u00e4hlen Sie als N\u00e4chstes mehrere oder alle Bl\u00e4tter aus der Liste aus.<\/li><li> Klicken Sie abschlie\u00dfend auf OK, um die ausgew\u00e4hlten Bl\u00e4tter anzuzeigen. <\/li><\/ol><div class=\"wp-block-image\"><figure class=\"aligncenter size-full is-resized\"><img loading=\"lazy\" decoding=\"async\" class=\"wp-image-92285\" src=\"https:\/\/exceladvisor.org\/wp-content\/uploads\/2023\/08\/5-afficher-toutes-les-feuilles-masquees.png\" sizes=\"auto, \" srcset=\"\" alt=\"Alle ausgeblendeten Bl\u00e4tter anzeigen\" width=\"640\" height=\"348\"><\/figure><\/div><p> Sobald Sie auf \u201eOK\u201c klicken, werden alle Bl\u00e4tter, die Sie im Dialogfeld ausgew\u00e4hlt haben, auf einmal angezeigt. <\/p><div class=\"wp-block-image\"><figure class=\"aligncenter size-full is-resized\"><img loading=\"lazy\" decoding=\"async\" class=\"wp-image-92286\" src=\"https:\/\/exceladvisor.org\/wp-content\/uploads\/2023\/08\/6-toutes-les-feuilles-ont-ete-masquees.png\" sizes=\"auto, \" srcset=\"\" alt=\"Alle-Bl\u00e4tter-haben-unhide\" width=\"682\" height=\"145\"><\/figure><\/div><div class=\"gb-container gb-container-3044ba66 gb-container-mt\"><p class=\"gb-headline gb-headline-b5bb6270 gb-headline-text\"> <strong><a href=\"https:\/\/exceladvisor.org\/de\/excel-grundlagen\/\">Excel-Grundlagen<\/a><\/strong> \/ <strong><a href=\"https:\/\/exceladvisor.org\/de\/arbeitsblatt\/\" data-wpil=\"url\">Excel-Tabelle<\/a><\/strong><\/p><h2 class=\"gb-headline gb-headline-819d540d gb-headline-text gb-headline-mt-heading\"> Weitere Tutorials <\/h2><div class=\"gb-grid-wrapper gb-grid-wrapper-7f3d805a gb-grid-wrapper-mt-grid\"><div class=\"gb-grid-column gb-grid-column-530ab33a\"><div class=\"gb-container gb-container-530ab33a\"><ul><li> <a href=\"https:\/\/exceladvisor.org\/de\/duplikat\/\">Duplizieren Sie ein Blatt oder eine Tabelle in Excel<\/a><\/li><li> <a href=\"https:\/\/exceladvisor.org\/de\/link-zu-einem-anderen-blatt\/\">Erstellen Sie einen Hyperlink (Link) zu einer anderen Tabelle<\/a><\/li><li> <a href=\"https:\/\/exceladvisor.org\/de\/sperren\/\">Sperren Sie ein Blatt (Arbeitsblatt) in Excel<\/a><\/li><li> <a href=\"https:\/\/exceladvisor.org\/de\/aktualisierung\/\">Aktualisieren Sie ein Blatt (Tabelle) in Excel<\/a><\/li><li> <a href=\"https:\/\/exceladvisor.org\/de\/offen\/\">Entsperren Sie ein Blatt mit einem Passwort (ohne Passwort)<\/a><\/li><\/ul><\/div><\/div><\/div><\/div>","protected":false},"excerpt":{"rendered":"","protected":false},"author":1,"featured_media":0,"parent":0,"menu_order":0,"comment_status":"open","ping_status":"closed","template":"","meta":{"ub_ctt_via":"","footnotes":""},"class_list":["post-3328","page","type-page","status-publish","hentry"],"featured_image_src":null,"yoast_head":"<!-- This site is optimized with the Yoast SEO plugin v25.4 - https:\/\/yoast.com\/wordpress\/plugins\/seo\/ -->\n<title>Wie zeige ich versteckte Excel-Tabellen an? (Tutorial 2023)<\/title>\n<meta name=\"description\" content=\"Sie k\u00f6nnen schnell ein oder mehrere Tabellenbl\u00e4tter in Excel anzeigen. Und in diesem Tutorial werden wir in wenigen Schritten lernen, wie es geht\" \/>\n<meta name=\"robots\" content=\"index, follow, max-snippet:-1, max-image-preview:large, max-video-preview:-1\" \/>\n<link rel=\"canonical\" href=\"https:\/\/exceladvisor.org\/de\/anzeige\/\" \/>\n<meta property=\"og:locale\" content=\"de_DE\" \/>\n<meta property=\"og:type\" content=\"article\" \/>\n<meta property=\"og:title\" content=\"Wie zeige ich versteckte Excel-Tabellen an? (Tutorial 2023)\" \/>\n<meta property=\"og:description\" content=\"Sie k\u00f6nnen schnell ein oder mehrere Tabellenbl\u00e4tter in Excel anzeigen. Und in diesem Tutorial werden wir in wenigen Schritten lernen, wie es geht\" \/>\n<meta property=\"og:url\" content=\"https:\/\/exceladvisor.org\/de\/anzeige\/\" \/>\n<meta property=\"og:site_name\" content=\"Excel Advisor\" \/>\n<meta property=\"article:modified_time\" content=\"2023-12-03T13:06:07+00:00\" \/>\n<meta property=\"og:image\" content=\"https:\/\/exceladvisor.org\/wp-content\/uploads\/2023\/08\/1-afficher-une-feuille-excel.png\" \/>\n<meta name=\"twitter:card\" content=\"summary_large_image\" \/>\n<meta name=\"twitter:label1\" content=\"Gesch\u00e4tzte Lesezeit\" \/>\n\t<meta name=\"twitter:data1\" content=\"1\u00a0Minute\" \/>\n<script type=\"application\/ld+json\" class=\"yoast-schema-graph\">{\"@context\":\"https:\/\/schema.org\",\"@graph\":[{\"@type\":\"WebPage\",\"@id\":\"https:\/\/exceladvisor.org\/de\/anzeige\/\",\"url\":\"https:\/\/exceladvisor.org\/de\/anzeige\/\",\"name\":\"Wie zeige ich versteckte Excel-Tabellen an? (Tutorial 2023)\",\"isPartOf\":{\"@id\":\"https:\/\/exceladvisor.org\/de\/#website\"},\"primaryImageOfPage\":{\"@id\":\"https:\/\/exceladvisor.org\/de\/anzeige\/#primaryimage\"},\"image\":{\"@id\":\"https:\/\/exceladvisor.org\/de\/anzeige\/#primaryimage\"},\"thumbnailUrl\":\"https:\/\/exceladvisor.org\/wp-content\/uploads\/2023\/08\/1-afficher-une-feuille-excel.png\",\"datePublished\":\"2023-10-31T21:51:48+00:00\",\"dateModified\":\"2023-12-03T13:06:07+00:00\",\"description\":\"Sie k\u00f6nnen schnell ein oder mehrere Tabellenbl\u00e4tter in Excel anzeigen. Und in diesem Tutorial werden wir in wenigen Schritten lernen, wie es geht\",\"breadcrumb\":{\"@id\":\"https:\/\/exceladvisor.org\/de\/anzeige\/#breadcrumb\"},\"inLanguage\":\"de\",\"potentialAction\":[{\"@type\":\"ReadAction\",\"target\":[\"https:\/\/exceladvisor.org\/de\/anzeige\/\"]}]},{\"@type\":\"ImageObject\",\"inLanguage\":\"de\",\"@id\":\"https:\/\/exceladvisor.org\/de\/anzeige\/#primaryimage\",\"url\":\"https:\/\/exceladvisor.org\/wp-content\/uploads\/2023\/08\/1-afficher-une-feuille-excel.png\",\"contentUrl\":\"https:\/\/exceladvisor.org\/wp-content\/uploads\/2023\/08\/1-afficher-une-feuille-excel.png\"},{\"@type\":\"BreadcrumbList\",\"@id\":\"https:\/\/exceladvisor.org\/de\/anzeige\/#breadcrumb\",\"itemListElement\":[{\"@type\":\"ListItem\",\"position\":1,\"name\":\"Accueil\",\"item\":\"https:\/\/exceladvisor.org\/de\/\"},{\"@type\":\"ListItem\",\"position\":2,\"name\":\"Wie zeige ich eine excel-tabelle oder alle tabellen an?\"}]},{\"@type\":\"WebSite\",\"@id\":\"https:\/\/exceladvisor.org\/de\/#website\",\"url\":\"https:\/\/exceladvisor.org\/de\/\",\"name\":\"Excel Advisor\",\"description\":\"Ihr Leitfaden zur Datendominanz\",\"publisher\":{\"@id\":\"https:\/\/exceladvisor.org\/de\/#organization\"},\"potentialAction\":[{\"@type\":\"SearchAction\",\"target\":{\"@type\":\"EntryPoint\",\"urlTemplate\":\"https:\/\/exceladvisor.org\/de\/?s={search_term_string}\"},\"query-input\":{\"@type\":\"PropertyValueSpecification\",\"valueRequired\":true,\"valueName\":\"search_term_string\"}}],\"inLanguage\":\"de\"},{\"@type\":\"Organization\",\"@id\":\"https:\/\/exceladvisor.org\/de\/#organization\",\"name\":\"Excel Advisor\",\"url\":\"https:\/\/exceladvisor.org\/de\/\",\"logo\":{\"@type\":\"ImageObject\",\"inLanguage\":\"de\",\"@id\":\"https:\/\/exceladvisor.org\/de\/#\/schema\/logo\/image\/\",\"url\":\"https:\/\/exceladvisor.org\/de\/wp-content\/uploads\/2023\/11\/exceladvisor.org_.png\",\"contentUrl\":\"https:\/\/exceladvisor.org\/de\/wp-content\/uploads\/2023\/11\/exceladvisor.org_.png\",\"width\":105,\"height\":36,\"caption\":\"Excel Advisor\"},\"image\":{\"@id\":\"https:\/\/exceladvisor.org\/de\/#\/schema\/logo\/image\/\"}}]}<\/script>\n<!-- \/ Yoast SEO plugin. -->","yoast_head_json":{"title":"Wie zeige ich versteckte Excel-Tabellen an? (Tutorial 2023)","description":"Sie k\u00f6nnen schnell ein oder mehrere Tabellenbl\u00e4tter in Excel anzeigen. Und in diesem Tutorial werden wir in wenigen Schritten lernen, wie es geht","robots":{"index":"index","follow":"follow","max-snippet":"max-snippet:-1","max-image-preview":"max-image-preview:large","max-video-preview":"max-video-preview:-1"},"canonical":"https:\/\/exceladvisor.org\/de\/anzeige\/","og_locale":"de_DE","og_type":"article","og_title":"Wie zeige ich versteckte Excel-Tabellen an? (Tutorial 2023)","og_description":"Sie k\u00f6nnen schnell ein oder mehrere Tabellenbl\u00e4tter in Excel anzeigen. Und in diesem Tutorial werden wir in wenigen Schritten lernen, wie es geht","og_url":"https:\/\/exceladvisor.org\/de\/anzeige\/","og_site_name":"Excel Advisor","article_modified_time":"2023-12-03T13:06:07+00:00","og_image":[{"url":"https:\/\/exceladvisor.org\/wp-content\/uploads\/2023\/08\/1-afficher-une-feuille-excel.png","type":"","width":"","height":""}],"twitter_card":"summary_large_image","twitter_misc":{"Gesch\u00e4tzte Lesezeit":"1\u00a0Minute"},"schema":{"@context":"https:\/\/schema.org","@graph":[{"@type":"WebPage","@id":"https:\/\/exceladvisor.org\/de\/anzeige\/","url":"https:\/\/exceladvisor.org\/de\/anzeige\/","name":"Wie zeige ich versteckte Excel-Tabellen an? (Tutorial 2023)","isPartOf":{"@id":"https:\/\/exceladvisor.org\/de\/#website"},"primaryImageOfPage":{"@id":"https:\/\/exceladvisor.org\/de\/anzeige\/#primaryimage"},"image":{"@id":"https:\/\/exceladvisor.org\/de\/anzeige\/#primaryimage"},"thumbnailUrl":"https:\/\/exceladvisor.org\/wp-content\/uploads\/2023\/08\/1-afficher-une-feuille-excel.png","datePublished":"2023-10-31T21:51:48+00:00","dateModified":"2023-12-03T13:06:07+00:00","description":"Sie k\u00f6nnen schnell ein oder mehrere Tabellenbl\u00e4tter in Excel anzeigen. Und in diesem Tutorial werden wir in wenigen Schritten lernen, wie es geht","breadcrumb":{"@id":"https:\/\/exceladvisor.org\/de\/anzeige\/#breadcrumb"},"inLanguage":"de","potentialAction":[{"@type":"ReadAction","target":["https:\/\/exceladvisor.org\/de\/anzeige\/"]}]},{"@type":"ImageObject","inLanguage":"de","@id":"https:\/\/exceladvisor.org\/de\/anzeige\/#primaryimage","url":"https:\/\/exceladvisor.org\/wp-content\/uploads\/2023\/08\/1-afficher-une-feuille-excel.png","contentUrl":"https:\/\/exceladvisor.org\/wp-content\/uploads\/2023\/08\/1-afficher-une-feuille-excel.png"},{"@type":"BreadcrumbList","@id":"https:\/\/exceladvisor.org\/de\/anzeige\/#breadcrumb","itemListElement":[{"@type":"ListItem","position":1,"name":"Accueil","item":"https:\/\/exceladvisor.org\/de\/"},{"@type":"ListItem","position":2,"name":"Wie zeige ich eine excel-tabelle oder alle tabellen an?"}]},{"@type":"WebSite","@id":"https:\/\/exceladvisor.org\/de\/#website","url":"https:\/\/exceladvisor.org\/de\/","name":"Excel Advisor","description":"Ihr Leitfaden zur Datendominanz","publisher":{"@id":"https:\/\/exceladvisor.org\/de\/#organization"},"potentialAction":[{"@type":"SearchAction","target":{"@type":"EntryPoint","urlTemplate":"https:\/\/exceladvisor.org\/de\/?s={search_term_string}"},"query-input":{"@type":"PropertyValueSpecification","valueRequired":true,"valueName":"search_term_string"}}],"inLanguage":"de"},{"@type":"Organization","@id":"https:\/\/exceladvisor.org\/de\/#organization","name":"Excel Advisor","url":"https:\/\/exceladvisor.org\/de\/","logo":{"@type":"ImageObject","inLanguage":"de","@id":"https:\/\/exceladvisor.org\/de\/#\/schema\/logo\/image\/","url":"https:\/\/exceladvisor.org\/de\/wp-content\/uploads\/2023\/11\/exceladvisor.org_.png","contentUrl":"https:\/\/exceladvisor.org\/de\/wp-content\/uploads\/2023\/11\/exceladvisor.org_.png","width":105,"height":36,"caption":"Excel Advisor"},"image":{"@id":"https:\/\/exceladvisor.org\/de\/#\/schema\/logo\/image\/"}}]}},"yoast_meta":{"yoast_wpseo_title":"","yoast_wpseo_metadesc":"","yoast_wpseo_canonical":""},"_links":{"self":[{"href":"https:\/\/exceladvisor.org\/de\/wp-json\/wp\/v2\/pages\/3328","targetHints":{"allow":["GET"]}}],"collection":[{"href":"https:\/\/exceladvisor.org\/de\/wp-json\/wp\/v2\/pages"}],"about":[{"href":"https:\/\/exceladvisor.org\/de\/wp-json\/wp\/v2\/types\/page"}],"author":[{"embeddable":true,"href":"https:\/\/exceladvisor.org\/de\/wp-json\/wp\/v2\/users\/1"}],"replies":[{"embeddable":true,"href":"https:\/\/exceladvisor.org\/de\/wp-json\/wp\/v2\/comments?post=3328"}],"version-history":[{"count":1,"href":"https:\/\/exceladvisor.org\/de\/wp-json\/wp\/v2\/pages\/3328\/revisions"}],"predecessor-version":[{"id":4435,"href":"https:\/\/exceladvisor.org\/de\/wp-json\/wp\/v2\/pages\/3328\/revisions\/4435"}],"wp:attachment":[{"href":"https:\/\/exceladvisor.org\/de\/wp-json\/wp\/v2\/media?parent=3328"}],"curies":[{"name":"wp","href":"https:\/\/api.w.org\/{rel}","templated":true}]}}