{"id":3329,"date":"2023-10-31T21:38:48","date_gmt":"2023-10-31T21:38:48","guid":{"rendered":"https:\/\/exceladvisor.org\/de\/alles-auswahlen-1\/"},"modified":"2023-12-03T13:05:26","modified_gmt":"2023-12-03T13:05:26","slug":"alles-auswahlen-1","status":"publish","type":"page","link":"https:\/\/exceladvisor.org\/de\/alles-auswahlen-1\/","title":{"rendered":"Wie w\u00e4hle ich alle arbeitsbl\u00e4tter in excel aus?"},"content":{"rendered":"<div class=\"excel-vor-dem-inhalt\" id=\"excel-3118335094\"><script type=\"text\/javascript\">\r\n\tatOptions = {\r\n\t\t'key' : 'c1158f160081d6540a8409e6925dab94',\r\n\t\t'format' : 'iframe',\r\n\t\t'height' : 250,\r\n\t\t'width' : 300,\r\n\t\t'params' : {}\r\n\t};\r\n<\/script>\r\n<script type=\"text\/javascript\" src=\"\/\/www.highperformanceformat.com\/c1158f160081d6540a8409e6925dab94\/invoke.js\"><\/script><\/div> <p>Wenn Sie in Excel alle Bl\u00e4tter einer Arbeitsmappe ausw\u00e4hlen m\u00f6chten, gibt es zwei schnelle und einfache M\u00f6glichkeiten, dies zu tun. Und in diesem Tutorial lernen wir beide Methoden im Detail kennen.<\/p><h2 id=\"h-use-the-shift-key-mouse-to-select-all-sheets\" class=\"wp-block-heading\"> Verwenden Sie Umschalt+Maus, um alle Bl\u00e4tter auszuw\u00e4hlen.<\/h2><ol type=\"1\"><li> Aktivieren Sie das erste Blatt in der Arbeitsmappe.<\/li><li> Dr\u00fccken Sie die UMSCHALTTASTE.<\/li><li> Halten Sie die UMSCHALTTASTE gedr\u00fcckt und bewegen Sie den Mauszeiger \u00fcber das letzte Blatt der Arbeitsmappe.<\/li><li> Klicken Sie auf das letzte Blatt, um alle Bl\u00e4tter auszuw\u00e4hlen. <\/li><\/ol><div class=\"wp-block-image\"><figure class=\"aligncenter size-full is-resized\"><img loading=\"lazy\" decoding=\"async\" class=\"wp-image-92264\" src=\"https:\/\/exceladvisor.org\/wp-content\/uploads\/2023\/08\/1-selectionner-toutes-les-feuilles.png\" sizes=\"auto, \" srcset=\"\" alt=\"W\u00e4hlen Sie alle Bl\u00e4tter aus\" width=\"690\" height=\"146\"><\/figure><\/div><p> Und sobald Sie auf die Registerkarte des letzten Blatts klicken, werden alle Bl\u00e4tter zwischen dem ersten und dem letzten ausgew\u00e4hlt.<\/p><h2 id=\"h-use-the-select-all-sheets-option\" class=\"wp-block-heading\"> Verwenden Sie die Option \u201eAlle Bl\u00e4tter ausw\u00e4hlen\u201c.<\/h2><p> Jetzt gibt es in Excel auch die M\u00f6glichkeit, alle Bl\u00e4tter auszuw\u00e4hlen. Wenn Sie also mit der rechten Maustaste auf eine der Blattregisterkarten klicken, lautet die Option \u201eAlle Bl\u00e4tter ausw\u00e4hlen\u201c. <\/p><div class=\"wp-block-image\"><figure class=\"aligncenter size-full is-resized\"><img loading=\"lazy\" decoding=\"async\" class=\"wp-image-92265\" src=\"https:\/\/exceladvisor.org\/wp-content\/uploads\/2023\/08\/2-selectionnez-loption-toutes-les-feuilles.png\" sizes=\"auto, \" srcset=\"\" alt=\"Option zur Auswahl aller Bl\u00e4tter\" width=\"344\" height=\"432\"><\/figure><\/div><p> Und wenn Sie auf die Option klicken, werden alle Bl\u00e4tter, die Sie in der aktuellen Arbeitsmappe haben, auf einmal ausgew\u00e4hlt. <\/p><div class=\"wp-block-image\"><figure class=\"aligncenter size-full is-resized\"><img loading=\"lazy\" decoding=\"async\" class=\"wp-image-92266\" src=\"https:\/\/exceladvisor.org\/wp-content\/uploads\/2023\/08\/3-selectionne-toutes-les-feuilles-du-classeur.png\" sizes=\"auto, \" srcset=\"\" alt=\"Alle Bl\u00e4tter in der Arbeitsmappe ausw\u00e4hlen\" width=\"698\" height=\"167\"><\/figure><\/div><h2 id=\"h-vba-code\" class=\"wp-block-heading\"> VBA-Code<\/h2><p> Und Sie k\u00f6nnen auch VBA-Code verwenden, um alle Bl\u00e4tter in der aktuellen Arbeitsmappe auszuw\u00e4hlen. Gehen Sie zur Registerkarte \u201eEntwickler\u201c &gt; Visual Basic &gt; Modul einf\u00fcgen &gt; Code einf\u00fcgen. <\/p><div class=\"wp-block-image\"><figure class=\"aligncenter size-full is-resized\"><img loading=\"lazy\" decoding=\"async\" class=\"wp-image-92267\" src=\"https:\/\/exceladvisor.org\/wp-content\/uploads\/2023\/08\/4-vba-pour-selectionner-toutes-les-feuilles.png\" sizes=\"auto, \" srcset=\"\" alt=\"vba-um-alle-bl\u00e4tter-auszuw\u00e4hlen\" width=\"505\" height=\"210\"><\/figure><\/div><pre class=\"wp-block-code\"> <code class=\"language-visual-basic\" lang=\"visual-basic\">Sub Select_All_Sheets() Sheets.Select End Sub<\/code><\/pre><div class=\"gb-container gb-container-3044ba66 gb-container-mt\"><p class=\"gb-headline gb-headline-b5bb6270 gb-headline-text\"> <strong><a href=\"https:\/\/exceladvisor.org\/de\/excel-grundlagen\/\">Excel-Grundlagen<\/a><\/strong> \/ <strong><a href=\"https:\/\/exceladvisor.org\/de\/arbeitsblatt\/\" data-wpil=\"url\">Excel-Tabelle<\/a><\/strong><\/p><h2 class=\"gb-headline gb-headline-819d540d gb-headline-text gb-headline-mt-heading\"> Weitere Tutorials <\/h2><div class=\"gb-grid-wrapper gb-grid-wrapper-7f3d805a gb-grid-wrapper-mt-grid\"><div class=\"gb-grid-column gb-grid-column-7495e031\"><div class=\"gb-container gb-container-7495e031\"><ul><li> <a href=\"https:\/\/exceladvisor.org\/de\/konsolidieren\/\">Konsolidieren Sie Daten aus mehreren Tabellenkalkulationen<\/a><\/li><li> <a href=\"https:\/\/exceladvisor.org\/de\/umbenennen\/\">Blatt in Excel umbenennen<\/a><\/li><li> <a href=\"https:\/\/exceladvisor.org\/de\/gruppe-1\/\">Gruppenarbeitsbl\u00e4tter in Excel<\/a><\/li><li> <a href=\"https:\/\/exceladvisor.org\/de\/nebeneinander-sehen\/\">Zeigen Sie zwei Bl\u00e4tter nebeneinander in Excel an<\/a><\/li><li> <a href=\"https:\/\/exceladvisor.org\/de\/hinzufugen\/\">F\u00fcgen Sie eine Tabelle in Excel hinzu<\/a><\/li><\/ul><\/div><\/div><\/div><\/div>","protected":false},"excerpt":{"rendered":"","protected":false},"author":1,"featured_media":0,"parent":0,"menu_order":0,"comment_status":"open","ping_status":"closed","template":"","meta":{"ub_ctt_via":"","footnotes":""},"class_list":["post-3329","page","type-page","status-publish","hentry"],"featured_image_src":null,"yoast_head":"<!-- This site is optimized with the Yoast SEO plugin v25.4 - https:\/\/yoast.com\/wordpress\/plugins\/seo\/ -->\n<title>Wie w\u00e4hle ich alle Arbeitsbl\u00e4tter in Excel aus?<\/title>\n<meta name=\"description\" content=\"Dieses Tutorial hilft Ihnen, drei verschiedene Methoden zu erlernen, um alle Bl\u00e4tter auf einmal in Excel auszuw\u00e4hlen.\" \/>\n<meta name=\"robots\" content=\"index, follow, max-snippet:-1, max-image-preview:large, max-video-preview:-1\" \/>\n<link rel=\"canonical\" href=\"https:\/\/exceladvisor.org\/de\/alles-auswahlen-1\/\" \/>\n<meta property=\"og:locale\" content=\"de_DE\" \/>\n<meta property=\"og:type\" content=\"article\" \/>\n<meta property=\"og:title\" content=\"Wie w\u00e4hle ich alle Arbeitsbl\u00e4tter in Excel aus?\" \/>\n<meta property=\"og:description\" content=\"Dieses Tutorial hilft Ihnen, drei verschiedene Methoden zu erlernen, um alle Bl\u00e4tter auf einmal in Excel auszuw\u00e4hlen.\" \/>\n<meta property=\"og:url\" content=\"https:\/\/exceladvisor.org\/de\/alles-auswahlen-1\/\" \/>\n<meta property=\"og:site_name\" content=\"Excel Advisor\" \/>\n<meta property=\"article:modified_time\" content=\"2023-12-03T13:05:26+00:00\" \/>\n<meta property=\"og:image\" content=\"https:\/\/exceladvisor.org\/wp-content\/uploads\/2023\/08\/1-selectionner-toutes-les-feuilles.png\" \/>\n<meta name=\"twitter:card\" content=\"summary_large_image\" \/>\n<meta name=\"twitter:label1\" content=\"Gesch\u00e4tzte Lesezeit\" \/>\n\t<meta name=\"twitter:data1\" content=\"1\u00a0Minute\" \/>\n<script type=\"application\/ld+json\" class=\"yoast-schema-graph\">{\"@context\":\"https:\/\/schema.org\",\"@graph\":[{\"@type\":\"WebPage\",\"@id\":\"https:\/\/exceladvisor.org\/de\/alles-auswahlen-1\/\",\"url\":\"https:\/\/exceladvisor.org\/de\/alles-auswahlen-1\/\",\"name\":\"Wie w\u00e4hle ich alle Arbeitsbl\u00e4tter in Excel aus?\",\"isPartOf\":{\"@id\":\"https:\/\/exceladvisor.org\/de\/#website\"},\"primaryImageOfPage\":{\"@id\":\"https:\/\/exceladvisor.org\/de\/alles-auswahlen-1\/#primaryimage\"},\"image\":{\"@id\":\"https:\/\/exceladvisor.org\/de\/alles-auswahlen-1\/#primaryimage\"},\"thumbnailUrl\":\"https:\/\/exceladvisor.org\/wp-content\/uploads\/2023\/08\/1-selectionner-toutes-les-feuilles.png\",\"datePublished\":\"2023-10-31T21:38:48+00:00\",\"dateModified\":\"2023-12-03T13:05:26+00:00\",\"description\":\"Dieses Tutorial hilft Ihnen, drei verschiedene Methoden zu erlernen, um alle Bl\u00e4tter auf einmal in Excel auszuw\u00e4hlen.\",\"breadcrumb\":{\"@id\":\"https:\/\/exceladvisor.org\/de\/alles-auswahlen-1\/#breadcrumb\"},\"inLanguage\":\"de\",\"potentialAction\":[{\"@type\":\"ReadAction\",\"target\":[\"https:\/\/exceladvisor.org\/de\/alles-auswahlen-1\/\"]}]},{\"@type\":\"ImageObject\",\"inLanguage\":\"de\",\"@id\":\"https:\/\/exceladvisor.org\/de\/alles-auswahlen-1\/#primaryimage\",\"url\":\"https:\/\/exceladvisor.org\/wp-content\/uploads\/2023\/08\/1-selectionner-toutes-les-feuilles.png\",\"contentUrl\":\"https:\/\/exceladvisor.org\/wp-content\/uploads\/2023\/08\/1-selectionner-toutes-les-feuilles.png\"},{\"@type\":\"BreadcrumbList\",\"@id\":\"https:\/\/exceladvisor.org\/de\/alles-auswahlen-1\/#breadcrumb\",\"itemListElement\":[{\"@type\":\"ListItem\",\"position\":1,\"name\":\"Accueil\",\"item\":\"https:\/\/exceladvisor.org\/de\/\"},{\"@type\":\"ListItem\",\"position\":2,\"name\":\"Wie w\u00e4hle ich alle arbeitsbl\u00e4tter in excel aus?\"}]},{\"@type\":\"WebSite\",\"@id\":\"https:\/\/exceladvisor.org\/de\/#website\",\"url\":\"https:\/\/exceladvisor.org\/de\/\",\"name\":\"Excel Advisor\",\"description\":\"Ihr Leitfaden zur Datendominanz\",\"publisher\":{\"@id\":\"https:\/\/exceladvisor.org\/de\/#organization\"},\"potentialAction\":[{\"@type\":\"SearchAction\",\"target\":{\"@type\":\"EntryPoint\",\"urlTemplate\":\"https:\/\/exceladvisor.org\/de\/?s={search_term_string}\"},\"query-input\":{\"@type\":\"PropertyValueSpecification\",\"valueRequired\":true,\"valueName\":\"search_term_string\"}}],\"inLanguage\":\"de\"},{\"@type\":\"Organization\",\"@id\":\"https:\/\/exceladvisor.org\/de\/#organization\",\"name\":\"Excel Advisor\",\"url\":\"https:\/\/exceladvisor.org\/de\/\",\"logo\":{\"@type\":\"ImageObject\",\"inLanguage\":\"de\",\"@id\":\"https:\/\/exceladvisor.org\/de\/#\/schema\/logo\/image\/\",\"url\":\"https:\/\/exceladvisor.org\/de\/wp-content\/uploads\/2023\/11\/exceladvisor.org_.png\",\"contentUrl\":\"https:\/\/exceladvisor.org\/de\/wp-content\/uploads\/2023\/11\/exceladvisor.org_.png\",\"width\":105,\"height\":36,\"caption\":\"Excel Advisor\"},\"image\":{\"@id\":\"https:\/\/exceladvisor.org\/de\/#\/schema\/logo\/image\/\"}}]}<\/script>\n<!-- \/ Yoast SEO plugin. -->","yoast_head_json":{"title":"Wie w\u00e4hle ich alle Arbeitsbl\u00e4tter in Excel aus?","description":"Dieses Tutorial hilft Ihnen, drei verschiedene Methoden zu erlernen, um alle Bl\u00e4tter auf einmal in Excel auszuw\u00e4hlen.","robots":{"index":"index","follow":"follow","max-snippet":"max-snippet:-1","max-image-preview":"max-image-preview:large","max-video-preview":"max-video-preview:-1"},"canonical":"https:\/\/exceladvisor.org\/de\/alles-auswahlen-1\/","og_locale":"de_DE","og_type":"article","og_title":"Wie w\u00e4hle ich alle Arbeitsbl\u00e4tter in Excel aus?","og_description":"Dieses Tutorial hilft Ihnen, drei verschiedene Methoden zu erlernen, um alle Bl\u00e4tter auf einmal in Excel auszuw\u00e4hlen.","og_url":"https:\/\/exceladvisor.org\/de\/alles-auswahlen-1\/","og_site_name":"Excel Advisor","article_modified_time":"2023-12-03T13:05:26+00:00","og_image":[{"url":"https:\/\/exceladvisor.org\/wp-content\/uploads\/2023\/08\/1-selectionner-toutes-les-feuilles.png","type":"","width":"","height":""}],"twitter_card":"summary_large_image","twitter_misc":{"Gesch\u00e4tzte Lesezeit":"1\u00a0Minute"},"schema":{"@context":"https:\/\/schema.org","@graph":[{"@type":"WebPage","@id":"https:\/\/exceladvisor.org\/de\/alles-auswahlen-1\/","url":"https:\/\/exceladvisor.org\/de\/alles-auswahlen-1\/","name":"Wie w\u00e4hle ich alle Arbeitsbl\u00e4tter in Excel aus?","isPartOf":{"@id":"https:\/\/exceladvisor.org\/de\/#website"},"primaryImageOfPage":{"@id":"https:\/\/exceladvisor.org\/de\/alles-auswahlen-1\/#primaryimage"},"image":{"@id":"https:\/\/exceladvisor.org\/de\/alles-auswahlen-1\/#primaryimage"},"thumbnailUrl":"https:\/\/exceladvisor.org\/wp-content\/uploads\/2023\/08\/1-selectionner-toutes-les-feuilles.png","datePublished":"2023-10-31T21:38:48+00:00","dateModified":"2023-12-03T13:05:26+00:00","description":"Dieses Tutorial hilft Ihnen, drei verschiedene Methoden zu erlernen, um alle Bl\u00e4tter auf einmal in Excel auszuw\u00e4hlen.","breadcrumb":{"@id":"https:\/\/exceladvisor.org\/de\/alles-auswahlen-1\/#breadcrumb"},"inLanguage":"de","potentialAction":[{"@type":"ReadAction","target":["https:\/\/exceladvisor.org\/de\/alles-auswahlen-1\/"]}]},{"@type":"ImageObject","inLanguage":"de","@id":"https:\/\/exceladvisor.org\/de\/alles-auswahlen-1\/#primaryimage","url":"https:\/\/exceladvisor.org\/wp-content\/uploads\/2023\/08\/1-selectionner-toutes-les-feuilles.png","contentUrl":"https:\/\/exceladvisor.org\/wp-content\/uploads\/2023\/08\/1-selectionner-toutes-les-feuilles.png"},{"@type":"BreadcrumbList","@id":"https:\/\/exceladvisor.org\/de\/alles-auswahlen-1\/#breadcrumb","itemListElement":[{"@type":"ListItem","position":1,"name":"Accueil","item":"https:\/\/exceladvisor.org\/de\/"},{"@type":"ListItem","position":2,"name":"Wie w\u00e4hle ich alle arbeitsbl\u00e4tter in excel aus?"}]},{"@type":"WebSite","@id":"https:\/\/exceladvisor.org\/de\/#website","url":"https:\/\/exceladvisor.org\/de\/","name":"Excel Advisor","description":"Ihr Leitfaden zur Datendominanz","publisher":{"@id":"https:\/\/exceladvisor.org\/de\/#organization"},"potentialAction":[{"@type":"SearchAction","target":{"@type":"EntryPoint","urlTemplate":"https:\/\/exceladvisor.org\/de\/?s={search_term_string}"},"query-input":{"@type":"PropertyValueSpecification","valueRequired":true,"valueName":"search_term_string"}}],"inLanguage":"de"},{"@type":"Organization","@id":"https:\/\/exceladvisor.org\/de\/#organization","name":"Excel Advisor","url":"https:\/\/exceladvisor.org\/de\/","logo":{"@type":"ImageObject","inLanguage":"de","@id":"https:\/\/exceladvisor.org\/de\/#\/schema\/logo\/image\/","url":"https:\/\/exceladvisor.org\/de\/wp-content\/uploads\/2023\/11\/exceladvisor.org_.png","contentUrl":"https:\/\/exceladvisor.org\/de\/wp-content\/uploads\/2023\/11\/exceladvisor.org_.png","width":105,"height":36,"caption":"Excel Advisor"},"image":{"@id":"https:\/\/exceladvisor.org\/de\/#\/schema\/logo\/image\/"}}]}},"yoast_meta":{"yoast_wpseo_title":"","yoast_wpseo_metadesc":"","yoast_wpseo_canonical":""},"_links":{"self":[{"href":"https:\/\/exceladvisor.org\/de\/wp-json\/wp\/v2\/pages\/3329","targetHints":{"allow":["GET"]}}],"collection":[{"href":"https:\/\/exceladvisor.org\/de\/wp-json\/wp\/v2\/pages"}],"about":[{"href":"https:\/\/exceladvisor.org\/de\/wp-json\/wp\/v2\/types\/page"}],"author":[{"embeddable":true,"href":"https:\/\/exceladvisor.org\/de\/wp-json\/wp\/v2\/users\/1"}],"replies":[{"embeddable":true,"href":"https:\/\/exceladvisor.org\/de\/wp-json\/wp\/v2\/comments?post=3329"}],"version-history":[{"count":1,"href":"https:\/\/exceladvisor.org\/de\/wp-json\/wp\/v2\/pages\/3329\/revisions"}],"predecessor-version":[{"id":4394,"href":"https:\/\/exceladvisor.org\/de\/wp-json\/wp\/v2\/pages\/3329\/revisions\/4394"}],"wp:attachment":[{"href":"https:\/\/exceladvisor.org\/de\/wp-json\/wp\/v2\/media?parent=3329"}],"curies":[{"name":"wp","href":"https:\/\/api.w.org\/{rel}","templated":true}]}}