{"id":3330,"date":"2023-10-31T21:28:51","date_gmt":"2023-10-31T21:28:51","guid":{"rendered":"https:\/\/exceladvisor.org\/de\/fugen-sie-eine-fusszeile-hinzu\/"},"modified":"2023-12-03T11:21:11","modified_gmt":"2023-12-03T11:21:11","slug":"fugen-sie-eine-fusszeile-hinzu","status":"publish","type":"page","link":"https:\/\/exceladvisor.org\/de\/fugen-sie-eine-fusszeile-hinzu\/","title":{"rendered":"Wie f\u00fcge ich kopf- und fu\u00dfzeilen in excel hinzu?"},"content":{"rendered":"<div class=\"excel-vor-dem-inhalt\" id=\"excel-2100822204\"><script type=\"text\/javascript\">\r\n\tatOptions = {\r\n\t\t'key' : 'c1158f160081d6540a8409e6925dab94',\r\n\t\t'format' : 'iframe',\r\n\t\t'height' : 250,\r\n\t\t'width' : 300,\r\n\t\t'params' : {}\r\n\t};\r\n<\/script>\r\n<script type=\"text\/javascript\" src=\"\/\/www.highperformanceformat.com\/c1158f160081d6540a8409e6925dab94\/invoke.js\"><\/script><\/div> <p>Um Ihre Arbeitsblattdaten zu drucken, m\u00fcssen Sie manchmal grundlegende Informationen wie Seitenzahlen, Druckdatum, Arbeitsmappenname usw. anzeigen. Im Zusammenhang mit Ihrer Tabelle verwenden Sie die Kopf- und Fu\u00dfzeilenfunktion von Excel.<\/p><p> Sie k\u00f6nnen die vordefinierten Kopf- und Fu\u00dfzeilen von Excel verwenden oder diese nach Ihren W\u00fcnschen anpassen.<\/p><h2 id=\"steps-to-insert-a-header-in-excel\" class=\"wp-block-heading\"> Schritte zum Einf\u00fcgen einer Kopfzeile in Excel<\/h2><ol><li> Gehen Sie zun\u00e4chst auf die Registerkarte \u201eEinf\u00fcgen\u201c.<\/li><li> Klicken Sie anschlie\u00dfend auf die Gruppe \u201eText\u201c und dann auf die Option \u201eKopf- und Fu\u00dfzeile\u201c. <br><img loading=\"lazy\" decoding=\"async\" title=\"1-Einsatzlasche\" src=\"https:\/\/exceladvisor.org\/wp-content\/uploads\/2023\/08\/1-onglet-dinsertion.png\" sizes=\"auto, \" srcset=\"\" alt=\"insert-tab\" width=\"931\" height=\"156\"><\/li><li> Sobald Sie auf \u201eKopf- und Fu\u00dfzeile\u201c klicken, zeigt Excel den Kopfzeilenabschnitt des aktuellen Arbeitsblatts an, um die Kopfzeilenelemente hinzuzuf\u00fcgen. <br><img loading=\"lazy\" decoding=\"async\" title=\"2-Excel-Header\" src=\"https:\/\/exceladvisor.org\/wp-content\/uploads\/2023\/08\/2-en-tete-excel.png\" sizes=\"auto, \" srcset=\"\" alt=\"excel header\" width=\"618\" height=\"304\"><\/li><li> Sobald Sie mit der Kopfzeile fertig sind, tippen Sie einfach auf eine beliebige Stelle im Blatt. Sie verlassen den Kopfzeilenbereich und Ihre Kopfzeile wird aktiv.<\/li><\/ol><h2 id=\"steps-to-insert-a-footer-in-excel\" class=\"wp-block-heading\"> Schritte zum Einf\u00fcgen einer Fu\u00dfzeile in Excel<\/h2><ol><li> Gehen Sie zun\u00e4chst auf die Registerkarte \u201eEinf\u00fcgen\u201c.<\/li><li> Klicken Sie anschlie\u00dfend auf die Gruppe \u201eText\u201c und dann auf die Option \u201eKopf- und Fu\u00dfzeile\u201c. <br><img decoding=\"async\" title=\"Gruppe von 3 Texten\" src=\"https:\/\/exceladvisor.org\/wp-content\/uploads\/2023\/08\/3-groupe-de-texte.png\" sizes=\"\" srcset=\"\" alt=\"text group\"><\/li><li> Jetzt erhalten Sie das Symbol \u201eGehe zur Fu\u00dfzeile\u201c in der Navigationsgruppe des Men\u00fcbands und klicken einfach darauf. <br><img loading=\"lazy\" decoding=\"async\" title=\"4-go-to-footer\" src=\"https:\/\/exceladvisor.org\/wp-content\/uploads\/2023\/08\/4-aller-au-pied-de-page.png\" sizes=\"auto, \" srcset=\"\" alt=\"go-to-footer\" width=\"961\" height=\"136\"><\/li><li> Sobald Sie auf das Symbol \u201eGehe zur Fu\u00dfzeile\u201c klicken, zeigt Excel den Fu\u00dfzeilenabschnitt des aktuellen Arbeitsblatts an, um die Fu\u00dfzeilenelemente hinzuzuf\u00fcgen. <br><img loading=\"lazy\" decoding=\"async\" title=\"5 Excel-Fu\u00dfzeilen\" src=\"https:\/\/exceladvisor.org\/wp-content\/uploads\/2023\/08\/5-pied-de-page-excel.png\" sizes=\"auto, \" srcset=\"\" alt=\"excel-footer\" width=\"711\" height=\"324\"><\/li><li> Wenn Sie mit der Fu\u00dfzeile fertig sind, tippen Sie einfach irgendwo auf das Blatt. Sie verlassen den Fu\u00dfzeilenbereich und Ihre Fu\u00dfzeile wird aktiv.<\/li><\/ol><p class=\"formula\"> In \u201eKopf- und Fu\u00dfzeile\u201c stehen Ihnen immer drei Felder (rechts, in der Mitte und links) zur Eingabe von Text, Werten, Bildern usw. zur Verf\u00fcgung. f\u00fcr Ihre Kopf- und Fu\u00dfzeile. Und je nachdem, auf welcher Seite Sie Ihre Kopf- und Fu\u00dfzeilenelemente anzeigen m\u00f6chten, k\u00f6nnen Sie in diesem Feld die Daten eingeben.<\/p><h2 id=\"steps-to-insert-predefined-headers-and-footers-in-excel\" class=\"wp-block-heading\"> Schritte zum Einf\u00fcgen vordefinierter Kopf- und Fu\u00dfzeilen in Excel<\/h2><p> Excel verf\u00fcgt \u00fcber mehrere vordefinierte \u201eKopf- und Fu\u00dfzeilen\u201c-Elemente, die mit einem einzigen Mausklick f\u00fcr Ihr Dokument verwendet werden k\u00f6nnen.<\/p><ol><li> Gehen Sie zun\u00e4chst auf die Registerkarte \u201eEinf\u00fcgen\u201c.<\/li><li> Klicken Sie anschlie\u00dfend auf die Gruppe \u201eText\u201c und dann auf die Option \u201eKopf- und Fu\u00dfzeile\u201c. <br><img loading=\"lazy\" decoding=\"async\" title=\"Option 6 Kopf- und Fu\u00dfzeilen\" src=\"https:\/\/exceladvisor.org\/wp-content\/uploads\/2023\/08\/6-options-den-tete-et-de-pied-de-page.png\" sizes=\"auto, \" srcset=\"\" alt=\"header-and-footer-option\" width=\"1004\" height=\"168\"><\/li><li> Sobald Sie auf die Option \u201eKopf- und Fu\u00dfzeile\u201c klicken, finden Sie die neue Registerkarte \u201eKopf- und Fu\u00dfzeile\u201c mit mehreren vordefinierten Elementen.<\/li><li> Jetzt k\u00f6nnen Sie eine davon ausw\u00e4hlen, die Sie als Kopfzeile verwenden m\u00f6chten. <br><img loading=\"lazy\" decoding=\"async\" title=\"7 Kopf- und Fu\u00dfzeilenelemente\" src=\"https:\/\/exceladvisor.org\/wp-content\/uploads\/2023\/08\/7-elements-den-tete-de-pied-de-page.png\" sizes=\"auto, \" srcset=\"\" alt=\"header-footer-elements\" width=\"1021\" height=\"145\"><\/li><li> Wenn Sie beispielsweise den Punkt \u201eAnzahl der Seiten\u201c verwenden m\u00f6chten, klicken Sie einfach darauf und er erscheint als Kopfzeile in Ihrer Tabelle. <br><img loading=\"lazy\" decoding=\"async\" title=\"8-Seiten-Artikel\" src=\"https:\/\/exceladvisor.org\/wp-content\/uploads\/2023\/08\/8-element-de-nombre-de-pages.png\" sizes=\"auto, \" srcset=\"\" alt=\"number-of-pages-element\" width=\"756\" height=\"347\"><\/li><li> Sie k\u00f6nnen auch die vordefinierten Elemente \u201eKopf- und Fu\u00dfzeile\u201c ausw\u00e4hlen, indem Sie auf die Optionen \u201eKopfzeile\u201c und \u201eFu\u00dfzeile\u201c klicken.<\/li><li> Sobald Sie auf \u201eKopfzeile\u201c und \u201eFu\u00dfzeile\u201c klicken, wird Ihnen die Liste der vordefinierten Elemente angezeigt, aus denen Sie ausw\u00e4hlen k\u00f6nnen. <br><img loading=\"lazy\" decoding=\"async\" title=\"Vordefinierte Liste mit 9 Fu\u00dfzeilen\" src=\"https:\/\/exceladvisor.org\/wp-content\/uploads\/2023\/08\/Liste-predefinie-de-9-pieds-de-page.png\" sizes=\"auto, \" srcset=\"\" alt=\"footer-predefined-list\" width=\"656\" height=\"438\"><\/li><\/ol><p> Um zu sehen, wie Ihre \u201eKopf-\u201c und \u201eFu\u00dfzeile\u201c-Auswahl nach der Auswahl einer Voreinstellung aussieht, klicken Sie einfach irgendwo in das Blatt. Sie verlassen die Seite mit dem Kopf- und Fu\u00dfzeilenabschnitt und k\u00f6nnen die von Ihnen ausgew\u00e4hlte Kopf- und Fu\u00dfzeile sehen.<\/p><h2 id=\"edit-or-format-the-header-and-footer\" class=\"wp-block-heading\"> Bearbeiten oder formatieren Sie die Kopf- und Fu\u00dfzeile<\/h2><p> Excel bietet die M\u00f6glichkeit, die Schriftgr\u00f6\u00dfe, den Stil, die Farbe und den Effekt Ihrer \u201eKopf- und Fu\u00dfzeile\u201c nach Ihren W\u00fcnschen zu formatieren und anzupassen.<\/p><ol><li> Gehen Sie zun\u00e4chst zur Registerkarte \u201eSeitenlayout\u201c und klicken Sie auf das Symbol f\u00fcr das Dialogfeld \u201eSeite einrichten\u201c. <br><img loading=\"lazy\" decoding=\"async\" title=\"10-seitige Layout-Registerkarte\" src=\"https:\/\/exceladvisor.org\/wp-content\/uploads\/2023\/08\/Onglet-de-mise-en-page-de-10-pages.png\" sizes=\"auto, \" srcset=\"\" alt=\"page-layout-tab\" width=\"739\" height=\"148\"><\/li><li> Klicken Sie anschlie\u00dfend auf die Option \u201eKopf-\/Fu\u00dfzeile\u201c und Sie erhalten die Optionen \u201eBenutzerdefinierte Kopfzeile\u201c und \u201eBenutzerdefinierte Fu\u00dfzeile\u201c.<\/li><li> Klicken Sie nun auf die Option \u201eBenutzerdefinierte Kopfzeile\u201c oder \u201eBenutzerdefinierte Fu\u00dfzeile\u201c, die Sie anpassen, bearbeiten oder bearbeiten m\u00f6chten. <br><img loading=\"lazy\" decoding=\"async\" title=\"11 benutzerdefinierte Kopf- und Fu\u00dfzeilen\" src=\"https:\/\/exceladvisor.org\/wp-content\/uploads\/2023\/08\/11-pied-de-page-den-tete-personnalise.png\" sizes=\"auto, \" srcset=\"\" alt=\"custom-header-footer\" width=\"502\" height=\"426\"><\/li><li> Klicken Sie nun auf das Schriftartensymbol und Sie erhalten das ge\u00f6ffnete Kontextmen\u00fc, in dem Sie die Schriftgr\u00f6\u00dfe, Farbe, den Stil und die Effekte f\u00fcr Ihre \u201eKopf- und Fu\u00dfzeile\u201c \u00e4ndern oder ausw\u00e4hlen k\u00f6nnen. <br><img loading=\"lazy\" decoding=\"async\" title=\"12-custom-footer-header-font\" src=\"https:\/\/exceladvisor.org\/wp-content\/uploads\/2023\/08\/12-polices-den-tete-de-pied-de-page-personnalisees.png\" sizes=\"auto, \" srcset=\"\" alt=\"custom-header-footer-font\" width=\"613\" height=\"331\"><br><img decoding=\"async\" style=\"display: block; margin-left: auto; margin-right: auto;\" title=\"13 benutzerdefinierte Optionen f\u00fcr Kopf- und Fu\u00dfzeilenschriftarten\" src=\"https:\/\/exceladvisor.org\/wp-content\/uploads\/2023\/08\/13-options-de-police-den-tete-de-pied-de-page-personnalisees.png\" sizes=\"\" srcset=\"\" alt=\"custom-header-footer-font-options\"><\/li><\/ol><h2 id=\"remove-the-header-and-footer-in-excel\" class=\"wp-block-heading\"> Kopf- und Fu\u00dfzeile in Excel entfernen<\/h2><ol><li> Um die vorhandene Kopf- und Fu\u00dfzeile zu entfernen, gehen Sie zur Registerkarte \u201eAnsicht\u201c und klicken Sie auf das Symbol \u201eNormal\u201c. <br><img decoding=\"async\" title=\"14-Tab-Ansicht-Excel\" src=\"https:\/\/exceladvisor.org\/wp-content\/uploads\/2023\/08\/14-onglet-vue-excel.png\" sizes=\"\" srcset=\"\" alt=\"excel-view-tab\"><\/li><li> Sie k\u00f6nnen die \u201eKopf- und Fu\u00dfzeile\u201c auch entfernen, indem Sie einfach auf das Symbol \u201eNormal\u201c in der Statusleiste klicken. <br><img decoding=\"async\" title=\"Normale Statusleiste mit 15 Symbolen\" src=\"https:\/\/exceladvisor.org\/wp-content\/uploads\/2023\/08\/15-barre-detat-dicone-normale.png\" sizes=\"\" srcset=\"\" alt=\"normal-icon-status-bar\"><\/li><\/ol><div class=\"gb-container gb-container-4db6181c gb-container-mt\"> <a class=\"gb-button gb-button-c5897111 gb-button-text gb-button-mt-button\" href=\"https:\/\/exceladvisor.org\/de\/excel-grundlagen\/\">Microsoft Excel-Grundlagen (Komponenten, Teile und Wissenshinweise)<\/a><h2 class=\"gb-headline gb-headline-665e5f6b gb-headline-text gb-headline-mt-heading\"> Verwandte Tutorials <\/h2><div class=\"gb-grid-wrapper gb-grid-wrapper-a20baf7c gb-grid-wrapper-mt-grid\"><div class=\"gb-grid-column gb-grid-column-65ddf67e\"><div class=\"gb-container gb-container-65ddf67e\"><ul><li> <a href=\"https:\/\/exceladvisor.org\/de\/vollig-rechtfertigen\/\">F\u00fcllen Sie \u201eAusrichten\u201c in Excel aus<\/a><\/li><li> <a href=\"https:\/\/exceladvisor.org\/de\/excel-formelleiste\/\">Formelleiste in Excel<\/a><\/li><li> <a href=\"https:\/\/exceladvisor.org\/de\/herrscher\/\">Lineal in Excel anzeigen<\/a><\/li><li> <a href=\"https:\/\/exceladvisor.org\/de\/fullgriff\/\">Handle in Excel ausf\u00fcllen<\/a><\/li><li> <a href=\"https:\/\/exceladvisor.org\/de\/malerformat\/\">Format Painter in Excel<\/a> <\/li><\/ul><\/div><\/div><div class=\"gb-grid-column gb-grid-column-50067b57\"><div class=\"gb-container gb-container-50067b57\"><\/div><\/div><\/div><\/div>","protected":false},"excerpt":{"rendered":"","protected":false},"author":1,"featured_media":0,"parent":0,"menu_order":0,"comment_status":"open","ping_status":"closed","template":"","meta":{"ub_ctt_via":"","footnotes":""},"class_list":["post-3330","page","type-page","status-publish","hentry"],"featured_image_src":null,"yoast_head":"<!-- This site is optimized with the Yoast SEO plugin v25.4 - https:\/\/yoast.com\/wordpress\/plugins\/seo\/ -->\n<title>Wie f\u00fcge ich Kopf- und Fu\u00dfzeilen in Excel hinzu?<\/title>\n<meta name=\"description\" content=\"In diesem Tutorial werden wir uns alle Methoden ansehen, um alle Methoden zum Hinzuf\u00fcgen von Headern und zu betrachten\" \/>\n<meta name=\"robots\" content=\"index, follow, max-snippet:-1, max-image-preview:large, max-video-preview:-1\" \/>\n<link rel=\"canonical\" href=\"https:\/\/exceladvisor.org\/de\/fugen-sie-eine-fusszeile-hinzu\/\" \/>\n<meta property=\"og:locale\" content=\"de_DE\" \/>\n<meta property=\"og:type\" content=\"article\" \/>\n<meta property=\"og:title\" content=\"Wie f\u00fcge ich Kopf- und Fu\u00dfzeilen in Excel hinzu?\" \/>\n<meta property=\"og:description\" content=\"In diesem Tutorial werden wir uns alle Methoden ansehen, um alle Methoden zum Hinzuf\u00fcgen von Headern und zu betrachten\" \/>\n<meta property=\"og:url\" content=\"https:\/\/exceladvisor.org\/de\/fugen-sie-eine-fusszeile-hinzu\/\" \/>\n<meta property=\"og:site_name\" content=\"Excel Advisor\" \/>\n<meta property=\"article:modified_time\" content=\"2023-12-03T11:21:11+00:00\" \/>\n<meta property=\"og:image\" content=\"https:\/\/exceladvisor.org\/wp-content\/uploads\/2023\/08\/1-onglet-dinsertion.png\" \/>\n<meta name=\"twitter:card\" content=\"summary_large_image\" \/>\n<meta name=\"twitter:label1\" content=\"Gesch\u00e4tzte Lesezeit\" \/>\n\t<meta name=\"twitter:data1\" content=\"4\u00a0Minuten\" \/>\n<script type=\"application\/ld+json\" class=\"yoast-schema-graph\">{\"@context\":\"https:\/\/schema.org\",\"@graph\":[{\"@type\":\"WebPage\",\"@id\":\"https:\/\/exceladvisor.org\/de\/fugen-sie-eine-fusszeile-hinzu\/\",\"url\":\"https:\/\/exceladvisor.org\/de\/fugen-sie-eine-fusszeile-hinzu\/\",\"name\":\"Wie f\u00fcge ich Kopf- und Fu\u00dfzeilen in Excel hinzu?\",\"isPartOf\":{\"@id\":\"https:\/\/exceladvisor.org\/de\/#website\"},\"primaryImageOfPage\":{\"@id\":\"https:\/\/exceladvisor.org\/de\/fugen-sie-eine-fusszeile-hinzu\/#primaryimage\"},\"image\":{\"@id\":\"https:\/\/exceladvisor.org\/de\/fugen-sie-eine-fusszeile-hinzu\/#primaryimage\"},\"thumbnailUrl\":\"https:\/\/exceladvisor.org\/wp-content\/uploads\/2023\/08\/1-onglet-dinsertion.png\",\"datePublished\":\"2023-10-31T21:28:51+00:00\",\"dateModified\":\"2023-12-03T11:21:11+00:00\",\"description\":\"In diesem Tutorial werden wir uns alle Methoden ansehen, um alle Methoden zum Hinzuf\u00fcgen von Headern und zu betrachten\",\"breadcrumb\":{\"@id\":\"https:\/\/exceladvisor.org\/de\/fugen-sie-eine-fusszeile-hinzu\/#breadcrumb\"},\"inLanguage\":\"de\",\"potentialAction\":[{\"@type\":\"ReadAction\",\"target\":[\"https:\/\/exceladvisor.org\/de\/fugen-sie-eine-fusszeile-hinzu\/\"]}]},{\"@type\":\"ImageObject\",\"inLanguage\":\"de\",\"@id\":\"https:\/\/exceladvisor.org\/de\/fugen-sie-eine-fusszeile-hinzu\/#primaryimage\",\"url\":\"https:\/\/exceladvisor.org\/wp-content\/uploads\/2023\/08\/1-onglet-dinsertion.png\",\"contentUrl\":\"https:\/\/exceladvisor.org\/wp-content\/uploads\/2023\/08\/1-onglet-dinsertion.png\"},{\"@type\":\"BreadcrumbList\",\"@id\":\"https:\/\/exceladvisor.org\/de\/fugen-sie-eine-fusszeile-hinzu\/#breadcrumb\",\"itemListElement\":[{\"@type\":\"ListItem\",\"position\":1,\"name\":\"Accueil\",\"item\":\"https:\/\/exceladvisor.org\/de\/\"},{\"@type\":\"ListItem\",\"position\":2,\"name\":\"Wie f\u00fcge ich kopf- und fu\u00dfzeilen in excel hinzu?\"}]},{\"@type\":\"WebSite\",\"@id\":\"https:\/\/exceladvisor.org\/de\/#website\",\"url\":\"https:\/\/exceladvisor.org\/de\/\",\"name\":\"Excel Advisor\",\"description\":\"Ihr Leitfaden zur Datendominanz\",\"publisher\":{\"@id\":\"https:\/\/exceladvisor.org\/de\/#organization\"},\"potentialAction\":[{\"@type\":\"SearchAction\",\"target\":{\"@type\":\"EntryPoint\",\"urlTemplate\":\"https:\/\/exceladvisor.org\/de\/?s={search_term_string}\"},\"query-input\":{\"@type\":\"PropertyValueSpecification\",\"valueRequired\":true,\"valueName\":\"search_term_string\"}}],\"inLanguage\":\"de\"},{\"@type\":\"Organization\",\"@id\":\"https:\/\/exceladvisor.org\/de\/#organization\",\"name\":\"Excel Advisor\",\"url\":\"https:\/\/exceladvisor.org\/de\/\",\"logo\":{\"@type\":\"ImageObject\",\"inLanguage\":\"de\",\"@id\":\"https:\/\/exceladvisor.org\/de\/#\/schema\/logo\/image\/\",\"url\":\"https:\/\/exceladvisor.org\/de\/wp-content\/uploads\/2023\/11\/exceladvisor.org_.png\",\"contentUrl\":\"https:\/\/exceladvisor.org\/de\/wp-content\/uploads\/2023\/11\/exceladvisor.org_.png\",\"width\":105,\"height\":36,\"caption\":\"Excel Advisor\"},\"image\":{\"@id\":\"https:\/\/exceladvisor.org\/de\/#\/schema\/logo\/image\/\"}}]}<\/script>\n<!-- \/ Yoast SEO plugin. -->","yoast_head_json":{"title":"Wie f\u00fcge ich Kopf- und Fu\u00dfzeilen in Excel hinzu?","description":"In diesem Tutorial werden wir uns alle Methoden ansehen, um alle Methoden zum Hinzuf\u00fcgen von Headern und zu betrachten","robots":{"index":"index","follow":"follow","max-snippet":"max-snippet:-1","max-image-preview":"max-image-preview:large","max-video-preview":"max-video-preview:-1"},"canonical":"https:\/\/exceladvisor.org\/de\/fugen-sie-eine-fusszeile-hinzu\/","og_locale":"de_DE","og_type":"article","og_title":"Wie f\u00fcge ich Kopf- und Fu\u00dfzeilen in Excel hinzu?","og_description":"In diesem Tutorial werden wir uns alle Methoden ansehen, um alle Methoden zum Hinzuf\u00fcgen von Headern und zu betrachten","og_url":"https:\/\/exceladvisor.org\/de\/fugen-sie-eine-fusszeile-hinzu\/","og_site_name":"Excel Advisor","article_modified_time":"2023-12-03T11:21:11+00:00","og_image":[{"url":"https:\/\/exceladvisor.org\/wp-content\/uploads\/2023\/08\/1-onglet-dinsertion.png","type":"","width":"","height":""}],"twitter_card":"summary_large_image","twitter_misc":{"Gesch\u00e4tzte Lesezeit":"4\u00a0Minuten"},"schema":{"@context":"https:\/\/schema.org","@graph":[{"@type":"WebPage","@id":"https:\/\/exceladvisor.org\/de\/fugen-sie-eine-fusszeile-hinzu\/","url":"https:\/\/exceladvisor.org\/de\/fugen-sie-eine-fusszeile-hinzu\/","name":"Wie f\u00fcge ich Kopf- und Fu\u00dfzeilen in Excel hinzu?","isPartOf":{"@id":"https:\/\/exceladvisor.org\/de\/#website"},"primaryImageOfPage":{"@id":"https:\/\/exceladvisor.org\/de\/fugen-sie-eine-fusszeile-hinzu\/#primaryimage"},"image":{"@id":"https:\/\/exceladvisor.org\/de\/fugen-sie-eine-fusszeile-hinzu\/#primaryimage"},"thumbnailUrl":"https:\/\/exceladvisor.org\/wp-content\/uploads\/2023\/08\/1-onglet-dinsertion.png","datePublished":"2023-10-31T21:28:51+00:00","dateModified":"2023-12-03T11:21:11+00:00","description":"In diesem Tutorial werden wir uns alle Methoden ansehen, um alle Methoden zum Hinzuf\u00fcgen von Headern und zu betrachten","breadcrumb":{"@id":"https:\/\/exceladvisor.org\/de\/fugen-sie-eine-fusszeile-hinzu\/#breadcrumb"},"inLanguage":"de","potentialAction":[{"@type":"ReadAction","target":["https:\/\/exceladvisor.org\/de\/fugen-sie-eine-fusszeile-hinzu\/"]}]},{"@type":"ImageObject","inLanguage":"de","@id":"https:\/\/exceladvisor.org\/de\/fugen-sie-eine-fusszeile-hinzu\/#primaryimage","url":"https:\/\/exceladvisor.org\/wp-content\/uploads\/2023\/08\/1-onglet-dinsertion.png","contentUrl":"https:\/\/exceladvisor.org\/wp-content\/uploads\/2023\/08\/1-onglet-dinsertion.png"},{"@type":"BreadcrumbList","@id":"https:\/\/exceladvisor.org\/de\/fugen-sie-eine-fusszeile-hinzu\/#breadcrumb","itemListElement":[{"@type":"ListItem","position":1,"name":"Accueil","item":"https:\/\/exceladvisor.org\/de\/"},{"@type":"ListItem","position":2,"name":"Wie f\u00fcge ich kopf- und fu\u00dfzeilen in excel hinzu?"}]},{"@type":"WebSite","@id":"https:\/\/exceladvisor.org\/de\/#website","url":"https:\/\/exceladvisor.org\/de\/","name":"Excel Advisor","description":"Ihr Leitfaden zur Datendominanz","publisher":{"@id":"https:\/\/exceladvisor.org\/de\/#organization"},"potentialAction":[{"@type":"SearchAction","target":{"@type":"EntryPoint","urlTemplate":"https:\/\/exceladvisor.org\/de\/?s={search_term_string}"},"query-input":{"@type":"PropertyValueSpecification","valueRequired":true,"valueName":"search_term_string"}}],"inLanguage":"de"},{"@type":"Organization","@id":"https:\/\/exceladvisor.org\/de\/#organization","name":"Excel Advisor","url":"https:\/\/exceladvisor.org\/de\/","logo":{"@type":"ImageObject","inLanguage":"de","@id":"https:\/\/exceladvisor.org\/de\/#\/schema\/logo\/image\/","url":"https:\/\/exceladvisor.org\/de\/wp-content\/uploads\/2023\/11\/exceladvisor.org_.png","contentUrl":"https:\/\/exceladvisor.org\/de\/wp-content\/uploads\/2023\/11\/exceladvisor.org_.png","width":105,"height":36,"caption":"Excel Advisor"},"image":{"@id":"https:\/\/exceladvisor.org\/de\/#\/schema\/logo\/image\/"}}]}},"yoast_meta":{"yoast_wpseo_title":"","yoast_wpseo_metadesc":"","yoast_wpseo_canonical":""},"_links":{"self":[{"href":"https:\/\/exceladvisor.org\/de\/wp-json\/wp\/v2\/pages\/3330","targetHints":{"allow":["GET"]}}],"collection":[{"href":"https:\/\/exceladvisor.org\/de\/wp-json\/wp\/v2\/pages"}],"about":[{"href":"https:\/\/exceladvisor.org\/de\/wp-json\/wp\/v2\/types\/page"}],"author":[{"embeddable":true,"href":"https:\/\/exceladvisor.org\/de\/wp-json\/wp\/v2\/users\/1"}],"replies":[{"embeddable":true,"href":"https:\/\/exceladvisor.org\/de\/wp-json\/wp\/v2\/comments?post=3330"}],"version-history":[{"count":1,"href":"https:\/\/exceladvisor.org\/de\/wp-json\/wp\/v2\/pages\/3330\/revisions"}],"predecessor-version":[{"id":4050,"href":"https:\/\/exceladvisor.org\/de\/wp-json\/wp\/v2\/pages\/3330\/revisions\/4050"}],"wp:attachment":[{"href":"https:\/\/exceladvisor.org\/de\/wp-json\/wp\/v2\/media?parent=3330"}],"curies":[{"name":"wp","href":"https:\/\/api.w.org\/{rel}","templated":true}]}}