{"id":3331,"date":"2023-10-31T21:14:17","date_gmt":"2023-10-31T21:14:17","guid":{"rendered":"https:\/\/exceladvisor.org\/de\/kopie-1\/"},"modified":"2023-12-03T13:04:05","modified_gmt":"2023-12-03T13:04:05","slug":"kopie-1","status":"publish","type":"page","link":"https:\/\/exceladvisor.org\/de\/kopie-1\/","title":{"rendered":"Wie kopiere\/verschiebe ich eine tabelle in excel?"},"content":{"rendered":"<div class=\"excel-vor-dem-inhalt\" id=\"excel-3070847791\"><script type=\"text\/javascript\">\r\n\tatOptions = {\r\n\t\t'key' : 'c1158f160081d6540a8409e6925dab94',\r\n\t\t'format' : 'iframe',\r\n\t\t'height' : 250,\r\n\t\t'width' : 300,\r\n\t\t'params' : {}\r\n\t};\r\n<\/script>\r\n<script type=\"text\/javascript\" src=\"\/\/www.highperformanceformat.com\/c1158f160081d6540a8409e6925dab94\/invoke.js\"><\/script><\/div> <p>In Excel k\u00f6nnen Sie ein Blatt in eine neue Arbeitsmappe oder eine bereits ge\u00f6ffnete Arbeitsmappe kopieren oder verschieben. Und in diesem Tutorial werden wir dies im Detail lernen.<\/p><ul><li> Kopieren \u2013 Es wird eine neue Kopie erstellt und in eine andere Arbeitsmappe verschoben.<\/li><li> Verschieben \u2013 Das Originalblatt wird verschoben.<\/li><\/ul><p> Lasst uns das lernen.<\/p><h2 id=\"h-copy-a-sheet-to-an-existing-sheet\" class=\"wp-block-heading\"> Kopieren Sie ein Blatt in ein vorhandenes Blatt<\/h2><ol><li> Klicken Sie mit der rechten Maustaste auf die Registerkarte \u201eBlatt\u201c und klicken Sie auf \u201eKopieren oder verschieben\u201c. <br><img loading=\"lazy\" decoding=\"async\" title=\"1 Exemplar pro Blatt\" src=\"https:\/\/exceladvisor.org\/wp-content\/uploads\/2023\/08\/1-copier-une-feuille.png\" sizes=\"auto, \" srcset=\"\" alt=\"1-copy-a-sheet\" width=\"415\" height=\"451\"><\/li><li> Verwenden Sie im Dialogfeld das Dropdown-Men\u00fc \u201eZu buchen\u201c, um die Arbeitsmappe auszuw\u00e4hlen. W\u00e4hlen Sie unter \u201eVor Blatt\u201c das Blatt aus, vor das Sie es kopieren m\u00f6chten.<\/li><li> Aktivieren Sie als N\u00e4chstes das Kontrollk\u00e4stchen \u201eKopie erstellen\u201c. <br><img loading=\"lazy\" decoding=\"async\" title=\"2 H\u00e4kchen \u2013 Kopie erstellen\" src=\"https:\/\/exceladvisor.org\/wp-content\/uploads\/2023\/08\/2-coche-creer-une-copie.png\" sizes=\"auto, \" srcset=\"\" alt=\"2-tickmark-create-a-copy\" width=\"320\" height=\"326\"><\/li><li> Klicken Sie am Ende auf OK.<\/li><\/ol><p> In diesem Beispiel haben wir das Blatt \u201ePuneet\u201c von Buch2 nach Buch1 kopiert. <\/p><div class=\"wp-block-image\"><figure class=\"aligncenter size-full is-resized\"><img loading=\"lazy\" decoding=\"async\" class=\"wp-image-92247\" src=\"https:\/\/exceladvisor.org\/wp-content\/uploads\/2023\/08\/3-feuilles-copiees-dans-un-autre-classeur.png\" sizes=\"auto, \" srcset=\"\" alt=\"Blatt in eine andere Arbeitsmappe kopiert\" width=\"576\" height=\"371\"><\/figure><\/div><p class=\"qt-tip\"> <strong>Hinweis<\/strong> : Wenn Sie das Blatt verschieben statt kopieren m\u00f6chten, aktivieren Sie das Kontrollk\u00e4stchen \u201eKopie erstellen\u201c.<\/p><h2 id=\"h-copy-a-sheet-to-a-new-sheet\" class=\"wp-block-heading\"> Kopieren Sie ein Blatt in ein neues Blatt<\/h2><p> Auf die gleiche Weise k\u00f6nnen Sie mit derselben Option eine neue Arbeitsmappe erstellen und ein Blatt in diese Arbeitsmappe kopieren oder verschieben. Beim \u00d6ffnen des Dialogfelds \u201eVerschieben oder Kopieren\u201c wird unter \u201eZu reservieren; \u00bb Dropdown-Liste, w\u00e4hlen Sie (neues Buch) und klicken Sie dann auf OK. <\/p><div class=\"wp-block-image\"><figure class=\"aligncenter size-full is-resized\"><img loading=\"lazy\" decoding=\"async\" class=\"wp-image-92248\" src=\"https:\/\/exceladvisor.org\/wp-content\/uploads\/2023\/08\/4-copier-une-feuille-vers-une-nouvelle-feuille.png\" sizes=\"auto, \" srcset=\"\" alt=\"ein-Blatt-auf-ein-neues-Blatt kopieren\" width=\"287\" height=\"266\"><\/figure><\/div><p> Und wenn Sie auf \u201eOK\u201c klicken, \u00f6ffnet Excel sofort eine neue Arbeitsmappe und kopiert das Blatt in diese neue Arbeitsmappe. <\/p><div class=\"wp-block-image\"><figure class=\"aligncenter size-full is-resized\"><img loading=\"lazy\" decoding=\"async\" class=\"wp-image-92249\" src=\"https:\/\/exceladvisor.org\/wp-content\/uploads\/2023\/08\/4-feuilles-copiees-dans-un-nouveau-classeur.png\" sizes=\"auto, \" srcset=\"\" alt=\"Blatt in neue Arbeitsmappe kopiert\" width=\"227\" height=\"286\"><\/figure><\/div><p class=\"qt-tip\"> <strong>Hinweis:<\/strong> Wenn Sie keine Kopie des Blattes erstellen m\u00f6chten und das Blatt in eine neue Arbeitsmappe verschieben m\u00f6chten, wechseln Sie zum H\u00e4kchen \u201eKopie erstellen\u201c. <\/p><div class=\"gb-container gb-container-3044ba66 gb-container-mt\"><p class=\"gb-headline gb-headline-b5bb6270 gb-headline-text\"> <strong><a href=\"https:\/\/exceladvisor.org\/de\/excel-grundlagen\/\">Excel-Grundlagen<\/a><\/strong> \/ <strong><a href=\"https:\/\/exceladvisor.org\/de\/arbeitsblatt\/\" data-wpil=\"url\">Excel-Tabelle<\/a><\/strong><\/p><h2 class=\"gb-headline gb-headline-819d540d gb-headline-text gb-headline-mt-heading\"> Weitere Tutorials <\/h2><div class=\"gb-grid-wrapper gb-grid-wrapper-7f3d805a gb-grid-wrapper-mt-grid\"><div class=\"gb-grid-column gb-grid-column-530ab33a\"><div class=\"gb-container gb-container-530ab33a\"><ul><li> <a href=\"https:\/\/exceladvisor.org\/de\/anzeige\/\">Eine Excel-Tabelle oder alle Bl\u00e4tter (Tabellenkalkulation) anzeigen<\/a><\/li><li> <a href=\"https:\/\/exceladvisor.org\/de\/1-loschen\/\">L\u00f6schen Sie ein Blatt (Arbeitsblatt) in Excel<\/a><\/li><li> <a href=\"https:\/\/exceladvisor.org\/de\/duplikat\/\">Duplizieren Sie ein Blatt oder eine Tabelle in Excel<\/a><\/li><li> <a href=\"https:\/\/exceladvisor.org\/de\/link-zu-einem-anderen-blatt\/\">Erstellen Sie einen Hyperlink (Link) zu einer anderen Tabelle<\/a><\/li><li> <a href=\"https:\/\/exceladvisor.org\/de\/sperren\/\">Sperren Sie ein Blatt (Arbeitsblatt) in Excel<\/a><\/li><\/ul><\/div><\/div><\/div><\/div>","protected":false},"excerpt":{"rendered":"","protected":false},"author":1,"featured_media":0,"parent":0,"menu_order":0,"comment_status":"open","ping_status":"closed","template":"","meta":{"ub_ctt_via":"","footnotes":""},"class_list":["post-3331","page","type-page","status-publish","hentry"],"featured_image_src":null,"yoast_head":"<!-- This site is optimized with the Yoast SEO plugin v25.4 - https:\/\/yoast.com\/wordpress\/plugins\/seo\/ -->\n<title>Wie kopiere\/verschiebe ich eine Tabelle in Excel?<\/title>\n<meta name=\"description\" content=\"In diesem Tutorial lernen Sie zwei verschiedene Methoden zum Kopieren oder Verschieben eines Blatts in eine neue Arbeitsmappe kennen.\" \/>\n<meta name=\"robots\" content=\"index, follow, max-snippet:-1, max-image-preview:large, max-video-preview:-1\" \/>\n<link rel=\"canonical\" href=\"https:\/\/exceladvisor.org\/de\/kopie-1\/\" \/>\n<meta property=\"og:locale\" content=\"de_DE\" \/>\n<meta property=\"og:type\" content=\"article\" \/>\n<meta property=\"og:title\" content=\"Wie kopiere\/verschiebe ich eine Tabelle in Excel?\" \/>\n<meta property=\"og:description\" content=\"In diesem Tutorial lernen Sie zwei verschiedene Methoden zum Kopieren oder Verschieben eines Blatts in eine neue Arbeitsmappe kennen.\" \/>\n<meta property=\"og:url\" content=\"https:\/\/exceladvisor.org\/de\/kopie-1\/\" \/>\n<meta property=\"og:site_name\" content=\"Excel Advisor\" \/>\n<meta property=\"article:modified_time\" content=\"2023-12-03T13:04:05+00:00\" \/>\n<meta property=\"og:image\" content=\"https:\/\/exceladvisor.org\/wp-content\/uploads\/2023\/08\/1-copier-une-feuille.png\" \/>\n<meta name=\"twitter:card\" content=\"summary_large_image\" \/>\n<meta name=\"twitter:label1\" content=\"Gesch\u00e4tzte Lesezeit\" \/>\n\t<meta name=\"twitter:data1\" content=\"1\u00a0Minute\" \/>\n<script type=\"application\/ld+json\" class=\"yoast-schema-graph\">{\"@context\":\"https:\/\/schema.org\",\"@graph\":[{\"@type\":\"WebPage\",\"@id\":\"https:\/\/exceladvisor.org\/de\/kopie-1\/\",\"url\":\"https:\/\/exceladvisor.org\/de\/kopie-1\/\",\"name\":\"Wie kopiere\/verschiebe ich eine Tabelle in Excel?\",\"isPartOf\":{\"@id\":\"https:\/\/exceladvisor.org\/de\/#website\"},\"primaryImageOfPage\":{\"@id\":\"https:\/\/exceladvisor.org\/de\/kopie-1\/#primaryimage\"},\"image\":{\"@id\":\"https:\/\/exceladvisor.org\/de\/kopie-1\/#primaryimage\"},\"thumbnailUrl\":\"https:\/\/exceladvisor.org\/wp-content\/uploads\/2023\/08\/1-copier-une-feuille.png\",\"datePublished\":\"2023-10-31T21:14:17+00:00\",\"dateModified\":\"2023-12-03T13:04:05+00:00\",\"description\":\"In diesem Tutorial lernen Sie zwei verschiedene Methoden zum Kopieren oder Verschieben eines Blatts in eine neue Arbeitsmappe kennen.\",\"breadcrumb\":{\"@id\":\"https:\/\/exceladvisor.org\/de\/kopie-1\/#breadcrumb\"},\"inLanguage\":\"de\",\"potentialAction\":[{\"@type\":\"ReadAction\",\"target\":[\"https:\/\/exceladvisor.org\/de\/kopie-1\/\"]}]},{\"@type\":\"ImageObject\",\"inLanguage\":\"de\",\"@id\":\"https:\/\/exceladvisor.org\/de\/kopie-1\/#primaryimage\",\"url\":\"https:\/\/exceladvisor.org\/wp-content\/uploads\/2023\/08\/1-copier-une-feuille.png\",\"contentUrl\":\"https:\/\/exceladvisor.org\/wp-content\/uploads\/2023\/08\/1-copier-une-feuille.png\"},{\"@type\":\"BreadcrumbList\",\"@id\":\"https:\/\/exceladvisor.org\/de\/kopie-1\/#breadcrumb\",\"itemListElement\":[{\"@type\":\"ListItem\",\"position\":1,\"name\":\"Accueil\",\"item\":\"https:\/\/exceladvisor.org\/de\/\"},{\"@type\":\"ListItem\",\"position\":2,\"name\":\"Wie kopiere\/verschiebe ich eine tabelle in excel?\"}]},{\"@type\":\"WebSite\",\"@id\":\"https:\/\/exceladvisor.org\/de\/#website\",\"url\":\"https:\/\/exceladvisor.org\/de\/\",\"name\":\"Excel Advisor\",\"description\":\"Ihr Leitfaden zur Datendominanz\",\"publisher\":{\"@id\":\"https:\/\/exceladvisor.org\/de\/#organization\"},\"potentialAction\":[{\"@type\":\"SearchAction\",\"target\":{\"@type\":\"EntryPoint\",\"urlTemplate\":\"https:\/\/exceladvisor.org\/de\/?s={search_term_string}\"},\"query-input\":{\"@type\":\"PropertyValueSpecification\",\"valueRequired\":true,\"valueName\":\"search_term_string\"}}],\"inLanguage\":\"de\"},{\"@type\":\"Organization\",\"@id\":\"https:\/\/exceladvisor.org\/de\/#organization\",\"name\":\"Excel Advisor\",\"url\":\"https:\/\/exceladvisor.org\/de\/\",\"logo\":{\"@type\":\"ImageObject\",\"inLanguage\":\"de\",\"@id\":\"https:\/\/exceladvisor.org\/de\/#\/schema\/logo\/image\/\",\"url\":\"https:\/\/exceladvisor.org\/de\/wp-content\/uploads\/2023\/11\/exceladvisor.org_.png\",\"contentUrl\":\"https:\/\/exceladvisor.org\/de\/wp-content\/uploads\/2023\/11\/exceladvisor.org_.png\",\"width\":105,\"height\":36,\"caption\":\"Excel Advisor\"},\"image\":{\"@id\":\"https:\/\/exceladvisor.org\/de\/#\/schema\/logo\/image\/\"}}]}<\/script>\n<!-- \/ Yoast SEO plugin. -->","yoast_head_json":{"title":"Wie kopiere\/verschiebe ich eine Tabelle in Excel?","description":"In diesem Tutorial lernen Sie zwei verschiedene Methoden zum Kopieren oder Verschieben eines Blatts in eine neue Arbeitsmappe kennen.","robots":{"index":"index","follow":"follow","max-snippet":"max-snippet:-1","max-image-preview":"max-image-preview:large","max-video-preview":"max-video-preview:-1"},"canonical":"https:\/\/exceladvisor.org\/de\/kopie-1\/","og_locale":"de_DE","og_type":"article","og_title":"Wie kopiere\/verschiebe ich eine Tabelle in Excel?","og_description":"In diesem Tutorial lernen Sie zwei verschiedene Methoden zum Kopieren oder Verschieben eines Blatts in eine neue Arbeitsmappe kennen.","og_url":"https:\/\/exceladvisor.org\/de\/kopie-1\/","og_site_name":"Excel Advisor","article_modified_time":"2023-12-03T13:04:05+00:00","og_image":[{"url":"https:\/\/exceladvisor.org\/wp-content\/uploads\/2023\/08\/1-copier-une-feuille.png","type":"","width":"","height":""}],"twitter_card":"summary_large_image","twitter_misc":{"Gesch\u00e4tzte Lesezeit":"1\u00a0Minute"},"schema":{"@context":"https:\/\/schema.org","@graph":[{"@type":"WebPage","@id":"https:\/\/exceladvisor.org\/de\/kopie-1\/","url":"https:\/\/exceladvisor.org\/de\/kopie-1\/","name":"Wie kopiere\/verschiebe ich eine Tabelle in Excel?","isPartOf":{"@id":"https:\/\/exceladvisor.org\/de\/#website"},"primaryImageOfPage":{"@id":"https:\/\/exceladvisor.org\/de\/kopie-1\/#primaryimage"},"image":{"@id":"https:\/\/exceladvisor.org\/de\/kopie-1\/#primaryimage"},"thumbnailUrl":"https:\/\/exceladvisor.org\/wp-content\/uploads\/2023\/08\/1-copier-une-feuille.png","datePublished":"2023-10-31T21:14:17+00:00","dateModified":"2023-12-03T13:04:05+00:00","description":"In diesem Tutorial lernen Sie zwei verschiedene Methoden zum Kopieren oder Verschieben eines Blatts in eine neue Arbeitsmappe kennen.","breadcrumb":{"@id":"https:\/\/exceladvisor.org\/de\/kopie-1\/#breadcrumb"},"inLanguage":"de","potentialAction":[{"@type":"ReadAction","target":["https:\/\/exceladvisor.org\/de\/kopie-1\/"]}]},{"@type":"ImageObject","inLanguage":"de","@id":"https:\/\/exceladvisor.org\/de\/kopie-1\/#primaryimage","url":"https:\/\/exceladvisor.org\/wp-content\/uploads\/2023\/08\/1-copier-une-feuille.png","contentUrl":"https:\/\/exceladvisor.org\/wp-content\/uploads\/2023\/08\/1-copier-une-feuille.png"},{"@type":"BreadcrumbList","@id":"https:\/\/exceladvisor.org\/de\/kopie-1\/#breadcrumb","itemListElement":[{"@type":"ListItem","position":1,"name":"Accueil","item":"https:\/\/exceladvisor.org\/de\/"},{"@type":"ListItem","position":2,"name":"Wie kopiere\/verschiebe ich eine tabelle in excel?"}]},{"@type":"WebSite","@id":"https:\/\/exceladvisor.org\/de\/#website","url":"https:\/\/exceladvisor.org\/de\/","name":"Excel Advisor","description":"Ihr Leitfaden zur Datendominanz","publisher":{"@id":"https:\/\/exceladvisor.org\/de\/#organization"},"potentialAction":[{"@type":"SearchAction","target":{"@type":"EntryPoint","urlTemplate":"https:\/\/exceladvisor.org\/de\/?s={search_term_string}"},"query-input":{"@type":"PropertyValueSpecification","valueRequired":true,"valueName":"search_term_string"}}],"inLanguage":"de"},{"@type":"Organization","@id":"https:\/\/exceladvisor.org\/de\/#organization","name":"Excel Advisor","url":"https:\/\/exceladvisor.org\/de\/","logo":{"@type":"ImageObject","inLanguage":"de","@id":"https:\/\/exceladvisor.org\/de\/#\/schema\/logo\/image\/","url":"https:\/\/exceladvisor.org\/de\/wp-content\/uploads\/2023\/11\/exceladvisor.org_.png","contentUrl":"https:\/\/exceladvisor.org\/de\/wp-content\/uploads\/2023\/11\/exceladvisor.org_.png","width":105,"height":36,"caption":"Excel Advisor"},"image":{"@id":"https:\/\/exceladvisor.org\/de\/#\/schema\/logo\/image\/"}}]}},"yoast_meta":{"yoast_wpseo_title":"","yoast_wpseo_metadesc":"","yoast_wpseo_canonical":""},"_links":{"self":[{"href":"https:\/\/exceladvisor.org\/de\/wp-json\/wp\/v2\/pages\/3331","targetHints":{"allow":["GET"]}}],"collection":[{"href":"https:\/\/exceladvisor.org\/de\/wp-json\/wp\/v2\/pages"}],"about":[{"href":"https:\/\/exceladvisor.org\/de\/wp-json\/wp\/v2\/types\/page"}],"author":[{"embeddable":true,"href":"https:\/\/exceladvisor.org\/de\/wp-json\/wp\/v2\/users\/1"}],"replies":[{"embeddable":true,"href":"https:\/\/exceladvisor.org\/de\/wp-json\/wp\/v2\/comments?post=3331"}],"version-history":[{"count":1,"href":"https:\/\/exceladvisor.org\/de\/wp-json\/wp\/v2\/pages\/3331\/revisions"}],"predecessor-version":[{"id":4135,"href":"https:\/\/exceladvisor.org\/de\/wp-json\/wp\/v2\/pages\/3331\/revisions\/4135"}],"wp:attachment":[{"href":"https:\/\/exceladvisor.org\/de\/wp-json\/wp\/v2\/media?parent=3331"}],"curies":[{"name":"wp","href":"https:\/\/api.w.org\/{rel}","templated":true}]}}