{"id":3332,"date":"2023-10-31T20:56:18","date_gmt":"2023-10-31T20:56:18","guid":{"rendered":"https:\/\/exceladvisor.org\/de\/fuge-einen-titel-hinzu\/"},"modified":"2023-12-03T11:20:52","modified_gmt":"2023-12-03T11:20:52","slug":"fuge-einen-titel-hinzu","status":"publish","type":"page","link":"https:\/\/exceladvisor.org\/de\/fuge-einen-titel-hinzu\/","title":{"rendered":"Wie f\u00fcge ich einer tabelle in excel einen titel hinzu?"},"content":{"rendered":"<div class=\"excel-vor-dem-inhalt\" id=\"excel-4077975891\"><script type=\"text\/javascript\">\r\n\tatOptions = {\r\n\t\t'key' : 'c1158f160081d6540a8409e6925dab94',\r\n\t\t'format' : 'iframe',\r\n\t\t'height' : 250,\r\n\t\t'width' : 300,\r\n\t\t'params' : {}\r\n\t};\r\n<\/script>\r\n<script type=\"text\/javascript\" src=\"\/\/www.highperformanceformat.com\/c1158f160081d6540a8409e6925dab94\/invoke.js\"><\/script><\/div> <p>Wenn Sie in Excel einem Arbeitsblatt einen Titel hinzuf\u00fcgen m\u00f6chten, verwenden Sie am besten die Zellenstiloptionen, bei denen es sich um einen vordefinierten Titelstil handelt, der auf eine Zelle angewendet werden kann. In diesem Tutorial lernen wir, wie man es verwendet und seine Formatierung \u00e4ndert.<\/p><h2 id=\"h-steps-to-add-a-title-in-a-worksheet\" class=\"wp-block-heading\"> Schritte zum Hinzuf\u00fcgen eines Titels zu einer Tabelle<\/h2><ol type=\"1\"><li> Geben Sie einen Wert in eine Zelle ein, den Sie in einen Titel umwandeln m\u00f6chten.<\/li><li> Gehen Sie zur Registerkarte \u201eStartseite\u201c &gt; \u201eZellenstile\u201c.<\/li><li> Bewegen Sie den Mauszeiger unter \u201eZellenstile\u201c \u00fcber den Stil \u201eTitel\u201c.<\/li><li> Klicken Sie darauf, um es auf die Zelle anzuwenden. <\/li><\/ol><div class=\"wp-block-image\"><figure class=\"aligncenter size-full is-resized\"><img loading=\"lazy\" decoding=\"async\" class=\"wp-image-92236\" src=\"https:\/\/exceladvisor.org\/wp-content\/uploads\/2023\/08\/1-ajouter-un-titre-a-une-feuille-de-calcul.png\" sizes=\"auto, \" srcset=\"\" alt=\"Einen Titel zu einer Tabelle hinzuf\u00fcgen\" width=\"552\" height=\"395\"><\/figure><\/div><p> Wie Sie im obigen Beispiel sehen k\u00f6nnen, wird dadurch der Zellenstil der ausgew\u00e4hlten Zelle in einen Titel ge\u00e4ndert.<\/p><h2 id=\"h-modify-the-formatting-of-the-cell\" class=\"wp-block-heading\"> Zellenformatierung \u00e4ndern<\/h2><p> Anstatt das Format in der Zelle zu \u00e4ndern, k\u00f6nnen Sie die Formatierung des \u00dcberschriftenstils \u00e4ndern. Der Vorteil dieser Optionen besteht darin, dass Sie das Format nicht immer wieder anwenden m\u00fcssen. Gehen Sie zu Start &gt; Zellenstile &gt; Titel und klicken Sie dann mit der rechten Maustaste darauf. <\/p><div class=\"wp-block-image\"><figure class=\"aligncenter size-full is-resized\"><img loading=\"lazy\" decoding=\"async\" class=\"wp-image-92237\" src=\"https:\/\/exceladvisor.org\/wp-content\/uploads\/2023\/08\/2-formatage-de-la-cellule.png\" sizes=\"auto, \" srcset=\"\" alt=\"Zellenformatierung\" width=\"493\" height=\"405\"><\/figure><\/div><p> Sobald Sie auf Bearbeiten klicken, wird das Dialogfeld \u201eStil\u201c angezeigt. <\/p><div class=\"wp-block-image\"><figure class=\"aligncenter size-full is-resized\"><img loading=\"lazy\" decoding=\"async\" class=\"wp-image-92238\" src=\"https:\/\/exceladvisor.org\/wp-content\/uploads\/2023\/08\/boite-de-dialogue-style-image3.png\" sizes=\"auto, \" srcset=\"\" alt=\"Dialogstil\" width=\"320\" height=\"401\"><\/figure><\/div><p> In diesem Dialogfeld k\u00f6nnen Sie die Formatierung, die Sie in das Layout aufnehmen m\u00f6chten, aktivieren und deaktivieren. Und wenn Sie auf die Schaltfl\u00e4che \u201eFormatieren\u201c klicken, erscheint das Dialogfeld mit den Formatoptionen, in dem Sie die Formatierung \u00e4ndern k\u00f6nnen. <\/p><div class=\"gb-container gb-container-3044ba66 gb-container-mt\"><p class=\"gb-headline gb-headline-b5bb6270 gb-headline-text\"> <strong><a href=\"https:\/\/exceladvisor.org\/de\/excel-grundlagen\/\">Excel-Grundlagen<\/a><\/strong> \/ <strong><a href=\"https:\/\/exceladvisor.org\/de\/arbeitsblatt\/\" data-wpil=\"url\">Excel-Tabelle<\/a><\/strong><\/p><h2 class=\"gb-headline gb-headline-819d540d gb-headline-text gb-headline-mt-heading\"> Weitere Tutorials <\/h2><div class=\"gb-grid-wrapper gb-grid-wrapper-7f3d805a gb-grid-wrapper-mt-grid\"><div class=\"gb-grid-column gb-grid-column-7495e031\"><div class=\"gb-container gb-container-7495e031\"><ul><li> <a href=\"https:\/\/exceladvisor.org\/de\/konsolidieren\/\">Konsolidieren Sie Daten aus mehreren Tabellenkalkulationen<\/a><\/li><li> <a href=\"https:\/\/exceladvisor.org\/de\/umbenennen\/\">Blatt in Excel umbenennen<\/a><\/li><li> <a href=\"https:\/\/exceladvisor.org\/de\/gruppe-1\/\">Gruppenarbeitsbl\u00e4tter in Excel<\/a><\/li><li> <a href=\"https:\/\/exceladvisor.org\/de\/nebeneinander-sehen\/\">Zeigen Sie zwei Bl\u00e4tter nebeneinander in Excel an<\/a><\/li><li> <a href=\"https:\/\/exceladvisor.org\/de\/hinzufugen\/\">F\u00fcgen Sie eine Tabelle in Excel hinzu<\/a><\/li><\/ul><\/div><\/div><\/div><\/div>","protected":false},"excerpt":{"rendered":"","protected":false},"author":1,"featured_media":0,"parent":0,"menu_order":0,"comment_status":"open","ping_status":"closed","template":"","meta":{"ub_ctt_via":"","footnotes":""},"class_list":["post-3332","page","type-page","status-publish","hentry"],"featured_image_src":null,"yoast_head":"<!-- This site is optimized with the Yoast SEO plugin v25.4 - https:\/\/yoast.com\/wordpress\/plugins\/seo\/ -->\n<title>Wie f\u00fcge ich einer Excel-Tabelle einen Titel hinzu?<\/title>\n<meta name=\"description\" content=\"In diesem Tutorial erfahren Sie, wie Sie mithilfe der Zellenstiloption einen Titel zu einem Arbeitsblatt hinzuf\u00fcgen.\" \/>\n<meta name=\"robots\" content=\"index, follow, max-snippet:-1, max-image-preview:large, max-video-preview:-1\" \/>\n<link rel=\"canonical\" href=\"https:\/\/exceladvisor.org\/de\/fuge-einen-titel-hinzu\/\" \/>\n<meta property=\"og:locale\" content=\"de_DE\" \/>\n<meta property=\"og:type\" content=\"article\" \/>\n<meta property=\"og:title\" content=\"Wie f\u00fcge ich einer Excel-Tabelle einen Titel hinzu?\" \/>\n<meta property=\"og:description\" content=\"In diesem Tutorial erfahren Sie, wie Sie mithilfe der Zellenstiloption einen Titel zu einem Arbeitsblatt hinzuf\u00fcgen.\" \/>\n<meta property=\"og:url\" content=\"https:\/\/exceladvisor.org\/de\/fuge-einen-titel-hinzu\/\" \/>\n<meta property=\"og:site_name\" content=\"Excel Advisor\" \/>\n<meta property=\"article:modified_time\" content=\"2023-12-03T11:20:52+00:00\" \/>\n<meta property=\"og:image\" content=\"https:\/\/exceladvisor.org\/wp-content\/uploads\/2023\/08\/1-ajouter-un-titre-a-une-feuille-de-calcul.png\" \/>\n<meta name=\"twitter:card\" content=\"summary_large_image\" \/>\n<meta name=\"twitter:label1\" content=\"Gesch\u00e4tzte Lesezeit\" \/>\n\t<meta name=\"twitter:data1\" content=\"1\u00a0Minute\" \/>\n<script type=\"application\/ld+json\" class=\"yoast-schema-graph\">{\"@context\":\"https:\/\/schema.org\",\"@graph\":[{\"@type\":\"WebPage\",\"@id\":\"https:\/\/exceladvisor.org\/de\/fuge-einen-titel-hinzu\/\",\"url\":\"https:\/\/exceladvisor.org\/de\/fuge-einen-titel-hinzu\/\",\"name\":\"Wie f\u00fcge ich einer Excel-Tabelle einen Titel hinzu?\",\"isPartOf\":{\"@id\":\"https:\/\/exceladvisor.org\/de\/#website\"},\"primaryImageOfPage\":{\"@id\":\"https:\/\/exceladvisor.org\/de\/fuge-einen-titel-hinzu\/#primaryimage\"},\"image\":{\"@id\":\"https:\/\/exceladvisor.org\/de\/fuge-einen-titel-hinzu\/#primaryimage\"},\"thumbnailUrl\":\"https:\/\/exceladvisor.org\/wp-content\/uploads\/2023\/08\/1-ajouter-un-titre-a-une-feuille-de-calcul.png\",\"datePublished\":\"2023-10-31T20:56:18+00:00\",\"dateModified\":\"2023-12-03T11:20:52+00:00\",\"description\":\"In diesem Tutorial erfahren Sie, wie Sie mithilfe der Zellenstiloption einen Titel zu einem Arbeitsblatt hinzuf\u00fcgen.\",\"breadcrumb\":{\"@id\":\"https:\/\/exceladvisor.org\/de\/fuge-einen-titel-hinzu\/#breadcrumb\"},\"inLanguage\":\"de\",\"potentialAction\":[{\"@type\":\"ReadAction\",\"target\":[\"https:\/\/exceladvisor.org\/de\/fuge-einen-titel-hinzu\/\"]}]},{\"@type\":\"ImageObject\",\"inLanguage\":\"de\",\"@id\":\"https:\/\/exceladvisor.org\/de\/fuge-einen-titel-hinzu\/#primaryimage\",\"url\":\"https:\/\/exceladvisor.org\/wp-content\/uploads\/2023\/08\/1-ajouter-un-titre-a-une-feuille-de-calcul.png\",\"contentUrl\":\"https:\/\/exceladvisor.org\/wp-content\/uploads\/2023\/08\/1-ajouter-un-titre-a-une-feuille-de-calcul.png\"},{\"@type\":\"BreadcrumbList\",\"@id\":\"https:\/\/exceladvisor.org\/de\/fuge-einen-titel-hinzu\/#breadcrumb\",\"itemListElement\":[{\"@type\":\"ListItem\",\"position\":1,\"name\":\"Accueil\",\"item\":\"https:\/\/exceladvisor.org\/de\/\"},{\"@type\":\"ListItem\",\"position\":2,\"name\":\"Wie f\u00fcge ich einer tabelle in excel einen titel hinzu?\"}]},{\"@type\":\"WebSite\",\"@id\":\"https:\/\/exceladvisor.org\/de\/#website\",\"url\":\"https:\/\/exceladvisor.org\/de\/\",\"name\":\"Excel Advisor\",\"description\":\"Ihr Leitfaden zur Datendominanz\",\"publisher\":{\"@id\":\"https:\/\/exceladvisor.org\/de\/#organization\"},\"potentialAction\":[{\"@type\":\"SearchAction\",\"target\":{\"@type\":\"EntryPoint\",\"urlTemplate\":\"https:\/\/exceladvisor.org\/de\/?s={search_term_string}\"},\"query-input\":{\"@type\":\"PropertyValueSpecification\",\"valueRequired\":true,\"valueName\":\"search_term_string\"}}],\"inLanguage\":\"de\"},{\"@type\":\"Organization\",\"@id\":\"https:\/\/exceladvisor.org\/de\/#organization\",\"name\":\"Excel Advisor\",\"url\":\"https:\/\/exceladvisor.org\/de\/\",\"logo\":{\"@type\":\"ImageObject\",\"inLanguage\":\"de\",\"@id\":\"https:\/\/exceladvisor.org\/de\/#\/schema\/logo\/image\/\",\"url\":\"https:\/\/exceladvisor.org\/de\/wp-content\/uploads\/2023\/11\/exceladvisor.org_.png\",\"contentUrl\":\"https:\/\/exceladvisor.org\/de\/wp-content\/uploads\/2023\/11\/exceladvisor.org_.png\",\"width\":105,\"height\":36,\"caption\":\"Excel Advisor\"},\"image\":{\"@id\":\"https:\/\/exceladvisor.org\/de\/#\/schema\/logo\/image\/\"}}]}<\/script>\n<!-- \/ Yoast SEO plugin. -->","yoast_head_json":{"title":"Wie f\u00fcge ich einer Excel-Tabelle einen Titel hinzu?","description":"In diesem Tutorial erfahren Sie, wie Sie mithilfe der Zellenstiloption einen Titel zu einem Arbeitsblatt hinzuf\u00fcgen.","robots":{"index":"index","follow":"follow","max-snippet":"max-snippet:-1","max-image-preview":"max-image-preview:large","max-video-preview":"max-video-preview:-1"},"canonical":"https:\/\/exceladvisor.org\/de\/fuge-einen-titel-hinzu\/","og_locale":"de_DE","og_type":"article","og_title":"Wie f\u00fcge ich einer Excel-Tabelle einen Titel hinzu?","og_description":"In diesem Tutorial erfahren Sie, wie Sie mithilfe der Zellenstiloption einen Titel zu einem Arbeitsblatt hinzuf\u00fcgen.","og_url":"https:\/\/exceladvisor.org\/de\/fuge-einen-titel-hinzu\/","og_site_name":"Excel Advisor","article_modified_time":"2023-12-03T11:20:52+00:00","og_image":[{"url":"https:\/\/exceladvisor.org\/wp-content\/uploads\/2023\/08\/1-ajouter-un-titre-a-une-feuille-de-calcul.png","type":"","width":"","height":""}],"twitter_card":"summary_large_image","twitter_misc":{"Gesch\u00e4tzte Lesezeit":"1\u00a0Minute"},"schema":{"@context":"https:\/\/schema.org","@graph":[{"@type":"WebPage","@id":"https:\/\/exceladvisor.org\/de\/fuge-einen-titel-hinzu\/","url":"https:\/\/exceladvisor.org\/de\/fuge-einen-titel-hinzu\/","name":"Wie f\u00fcge ich einer Excel-Tabelle einen Titel hinzu?","isPartOf":{"@id":"https:\/\/exceladvisor.org\/de\/#website"},"primaryImageOfPage":{"@id":"https:\/\/exceladvisor.org\/de\/fuge-einen-titel-hinzu\/#primaryimage"},"image":{"@id":"https:\/\/exceladvisor.org\/de\/fuge-einen-titel-hinzu\/#primaryimage"},"thumbnailUrl":"https:\/\/exceladvisor.org\/wp-content\/uploads\/2023\/08\/1-ajouter-un-titre-a-une-feuille-de-calcul.png","datePublished":"2023-10-31T20:56:18+00:00","dateModified":"2023-12-03T11:20:52+00:00","description":"In diesem Tutorial erfahren Sie, wie Sie mithilfe der Zellenstiloption einen Titel zu einem Arbeitsblatt hinzuf\u00fcgen.","breadcrumb":{"@id":"https:\/\/exceladvisor.org\/de\/fuge-einen-titel-hinzu\/#breadcrumb"},"inLanguage":"de","potentialAction":[{"@type":"ReadAction","target":["https:\/\/exceladvisor.org\/de\/fuge-einen-titel-hinzu\/"]}]},{"@type":"ImageObject","inLanguage":"de","@id":"https:\/\/exceladvisor.org\/de\/fuge-einen-titel-hinzu\/#primaryimage","url":"https:\/\/exceladvisor.org\/wp-content\/uploads\/2023\/08\/1-ajouter-un-titre-a-une-feuille-de-calcul.png","contentUrl":"https:\/\/exceladvisor.org\/wp-content\/uploads\/2023\/08\/1-ajouter-un-titre-a-une-feuille-de-calcul.png"},{"@type":"BreadcrumbList","@id":"https:\/\/exceladvisor.org\/de\/fuge-einen-titel-hinzu\/#breadcrumb","itemListElement":[{"@type":"ListItem","position":1,"name":"Accueil","item":"https:\/\/exceladvisor.org\/de\/"},{"@type":"ListItem","position":2,"name":"Wie f\u00fcge ich einer tabelle in excel einen titel hinzu?"}]},{"@type":"WebSite","@id":"https:\/\/exceladvisor.org\/de\/#website","url":"https:\/\/exceladvisor.org\/de\/","name":"Excel Advisor","description":"Ihr Leitfaden zur Datendominanz","publisher":{"@id":"https:\/\/exceladvisor.org\/de\/#organization"},"potentialAction":[{"@type":"SearchAction","target":{"@type":"EntryPoint","urlTemplate":"https:\/\/exceladvisor.org\/de\/?s={search_term_string}"},"query-input":{"@type":"PropertyValueSpecification","valueRequired":true,"valueName":"search_term_string"}}],"inLanguage":"de"},{"@type":"Organization","@id":"https:\/\/exceladvisor.org\/de\/#organization","name":"Excel Advisor","url":"https:\/\/exceladvisor.org\/de\/","logo":{"@type":"ImageObject","inLanguage":"de","@id":"https:\/\/exceladvisor.org\/de\/#\/schema\/logo\/image\/","url":"https:\/\/exceladvisor.org\/de\/wp-content\/uploads\/2023\/11\/exceladvisor.org_.png","contentUrl":"https:\/\/exceladvisor.org\/de\/wp-content\/uploads\/2023\/11\/exceladvisor.org_.png","width":105,"height":36,"caption":"Excel Advisor"},"image":{"@id":"https:\/\/exceladvisor.org\/de\/#\/schema\/logo\/image\/"}}]}},"yoast_meta":{"yoast_wpseo_title":"","yoast_wpseo_metadesc":"","yoast_wpseo_canonical":""},"_links":{"self":[{"href":"https:\/\/exceladvisor.org\/de\/wp-json\/wp\/v2\/pages\/3332","targetHints":{"allow":["GET"]}}],"collection":[{"href":"https:\/\/exceladvisor.org\/de\/wp-json\/wp\/v2\/pages"}],"about":[{"href":"https:\/\/exceladvisor.org\/de\/wp-json\/wp\/v2\/types\/page"}],"author":[{"embeddable":true,"href":"https:\/\/exceladvisor.org\/de\/wp-json\/wp\/v2\/users\/1"}],"replies":[{"embeddable":true,"href":"https:\/\/exceladvisor.org\/de\/wp-json\/wp\/v2\/comments?post=3332"}],"version-history":[{"count":1,"href":"https:\/\/exceladvisor.org\/de\/wp-json\/wp\/v2\/pages\/3332\/revisions"}],"predecessor-version":[{"id":4032,"href":"https:\/\/exceladvisor.org\/de\/wp-json\/wp\/v2\/pages\/3332\/revisions\/4032"}],"wp:attachment":[{"href":"https:\/\/exceladvisor.org\/de\/wp-json\/wp\/v2\/media?parent=3332"}],"curies":[{"name":"wp","href":"https:\/\/api.w.org\/{rel}","templated":true}]}}