{"id":3333,"date":"2023-10-31T20:37:21","date_gmt":"2023-10-31T20:37:21","guid":{"rendered":"https:\/\/exceladvisor.org\/de\/vorschau-vor-dem-drucken\/"},"modified":"2023-12-03T11:19:20","modified_gmt":"2023-12-03T11:19:20","slug":"vorschau-vor-dem-drucken","status":"publish","type":"page","link":"https:\/\/exceladvisor.org\/de\/vorschau-vor-dem-drucken\/","title":{"rendered":"Wie erhalte ich eine druckvorschau in excel?"},"content":{"rendered":"<div class=\"excel-vor-dem-inhalt\" id=\"excel-3909726370\"><script type=\"text\/javascript\">\r\n\tatOptions = {\r\n\t\t'key' : 'c1158f160081d6540a8409e6925dab94',\r\n\t\t'format' : 'iframe',\r\n\t\t'height' : 250,\r\n\t\t'width' : 300,\r\n\t\t'params' : {}\r\n\t};\r\n<\/script>\r\n<script type=\"text\/javascript\" src=\"\/\/www.highperformanceformat.com\/c1158f160081d6540a8409e6925dab94\/invoke.js\"><\/script><\/div> <p>Die Druckvorschau-Option ist in Excel 2010 verf\u00fcgbar und hei\u00dft jetzt Drucken. Um den Ausdruck zu erhalten, m\u00fcssen Sie die Tastenkombination Strg + P verwenden.<\/p><p> Es erm\u00f6glicht Ihnen, die Vorschau der aktuellen Seite anzuzeigen und vor dem Drucken \u00c4nderungen vorzunehmen. <\/p><div class=\"wp-block-image\"><figure class=\"aligncenter size-full is-resized\"><img loading=\"lazy\" decoding=\"async\" class=\"wp-image-82070\" src=\"https:\/\/exceladvisor.org\/wp-content\/uploads\/2023\/08\/1-page-dapercu-avant-impression.png\" sizes=\"auto, \" srcset=\"\" alt=\"Vorschauseite drucken\" width=\"719\" height=\"478\"><\/figure><\/div><p> In diesem Tutorial lernen wir die Verwendung der Druckvorschaufunktion und ihre Einstellungen und Optionen in Excel kennen.<\/p><h2 class=\"wp-block-heading\"> Schritte zum Anzeigen der Druckvorschau<\/h2><h3 class=\"wp-block-heading\"> <strong>Auf der Registerkarte \u201eDatei\u201c.<\/strong><\/h3><ul><li> Zun\u00e4chst m\u00fcssen Sie alle Daten ausw\u00e4hlen, die Sie drucken m\u00f6chten. <\/li><\/ul><div class=\"wp-block-image\"><figure class=\"aligncenter size-full is-resized\"><img loading=\"lazy\" decoding=\"async\" class=\"wp-image-82071\" src=\"https:\/\/exceladvisor.org\/wp-content\/uploads\/2023\/08\/2-selectionner-les-donnees-a-imprimer.png\" sizes=\"auto, \" srcset=\"\" alt=\"W\u00e4hlen Sie die zu druckenden Daten aus\" width=\"691\" height=\"311\"><\/figure><\/div><ul><li> Klicken Sie anschlie\u00dfend auf die Registerkarte \u201eDatei\u201c und w\u00e4hlen Sie aus der Liste der Optionen die Option \u201eDrucken\u201c aus. <\/li><\/ul><div class=\"wp-block-image\"><figure class=\"aligncenter size-full is-resized\"><img loading=\"lazy\" decoding=\"async\" class=\"wp-image-82072\" src=\"https:\/\/exceladvisor.org\/wp-content\/uploads\/2023\/08\/3-cliquez-sur-longlet-fichier-et-selectionnez-imprimer.png\" sizes=\"auto, \" srcset=\"\" alt=\"Klicken Sie auf die Registerkarte \u201eDatei\u201c und w\u00e4hlen Sie \u201eDrucken\u201c.\" width=\"543\" height=\"466\"><\/figure><\/div><h3 class=\"wp-block-heading\"> <strong>Verwenden einer Tastenkombination<\/strong><\/h3><p> Sie k\u00f6nnen die Daten auch drucken, indem Sie die Tastenkombination STRG + P dr\u00fccken. Sobald Sie diese Tasten dr\u00fccken, wird direkt die Druckvorschauseite ge\u00f6ffnet.<\/p><h2 class=\"wp-block-heading\"> Seiteneinstellungen<\/h2><ul><li> Schaltfl\u00e4che \u201eDrucken\u201c: Sie befindet sich oben links auf der Seite. Und wenn Sie darauf klicken, wird die von Ihnen angezeigte Seite auf der rechten Seite ausgedruckt. <\/li><\/ul><div class=\"wp-block-image\"><figure class=\"aligncenter size-full is-resized\"><img loading=\"lazy\" decoding=\"async\" class=\"wp-image-82073\" src=\"https:\/\/exceladvisor.org\/wp-content\/uploads\/2023\/08\/4-bouton-dimpression.png\" sizes=\"auto, \" srcset=\"\" alt=\"Drucken-Taste\" width=\"364\" height=\"325\"><\/figure><\/div><ul><li> Kopien: Hier k\u00f6nnen Sie die Anzahl der Kopien angeben, die Sie drucken m\u00f6chten. <\/li><\/ul><div class=\"wp-block-image\"><figure class=\"aligncenter size-full is-resized\"><img loading=\"lazy\" decoding=\"async\" class=\"wp-image-82074\" src=\"https:\/\/exceladvisor.org\/wp-content\/uploads\/2023\/08\/5-ajouter-le-nombre-dexemplaires.png\" sizes=\"auto, \" srcset=\"\" alt=\"Anzahl der Kopien hinzuf\u00fcgen\" width=\"349\" height=\"312\"><\/figure><\/div><ul><li> Drucker: W\u00e4hlen Sie den Drucker aus und geben Sie den Befehl zum Drucken der Seite. Wenn der Drucker nicht in der Liste verf\u00fcgbar ist, f\u00fcgen Sie ihn zuerst hinzu. <\/li><\/ul><div class=\"wp-block-image\"><figure class=\"aligncenter size-full is-resized\"><img loading=\"lazy\" decoding=\"async\" class=\"wp-image-82114\" src=\"https:\/\/exceladvisor.org\/wp-content\/uploads\/2023\/08\/12-selectionner-limprimante.png\" sizes=\"auto, \" srcset=\"\" alt=\"\" width=\"351\" height=\"559\"><\/figure><\/div><ul><li> Dropdown-Liste \u201eDruckbereich\u201c.<\/li><\/ul><p> Aktives Blatt: Um ein aktives Blatt zu drucken, w\u00e4hlen Sie die zu druckenden aktiven Bl\u00e4tter aus der Dropdown-Liste \u201eDruckbereich\u201c aus und klicken Sie dann auf \u201eDrucken\u201c. <\/p><div class=\"wp-block-image\"><figure class=\"aligncenter size-full is-resized\"><img loading=\"lazy\" decoding=\"async\" class=\"wp-image-82075\" src=\"https:\/\/exceladvisor.org\/wp-content\/uploads\/2023\/08\/6-selectionnez-imprimer-la-feuille-active.png\" sizes=\"auto, \" srcset=\"\" alt=\"Select-Print-Active-Sheet\" width=\"328\" height=\"331\"><\/figure><\/div><p> Gesamte Arbeitsmappe drucken: Sie k\u00f6nnen mehrere Arbeitsbl\u00e4tter aus einer einzigen Arbeitsmappe drucken. Dazu m\u00fcssen Sie die gesamte Druckarbeitsmappe ausw\u00e4hlen, wie Sie unten sehen. <\/p><div class=\"wp-block-image\"><figure class=\"aligncenter size-full is-resized\"><img loading=\"lazy\" decoding=\"async\" class=\"wp-image-82077\" src=\"https:\/\/exceladvisor.org\/wp-content\/uploads\/2023\/08\/7-clic-lors-de-limpression-du-classeur-entier.png\" sizes=\"auto, \" srcset=\"\" alt=\"Click-When-Print-Ganze-Arbeitsmappe\" width=\"335\" height=\"332\"><\/figure><\/div><p> Auswahl drucken: Diese Option wird speziell verwendet, wenn Sie einen bestimmten Zellbereich anstelle eines gesamten Blatts drucken m\u00f6chten. F\u00fcr die Druckauswahl m\u00fcssen Sie zun\u00e4chst die Zellen ausw\u00e4hlen und dann in der Dropdown-Liste auf Druckauswahl klicken. <\/p><div class=\"wp-block-image\"><figure class=\"aligncenter size-full is-resized\"><img loading=\"lazy\" decoding=\"async\" class=\"wp-image-82081\" src=\"https:\/\/exceladvisor.org\/wp-content\/uploads\/2023\/08\/8-selectionnez-la-zone-a-imprimer.png\" sizes=\"auto, \" srcset=\"\" alt=\"W\u00e4hlen Sie den zu druckenden Bereich aus\" width=\"342\" height=\"338\"><\/figure><\/div><ul><li> Orientierungsseite<\/li><\/ul><p> Hochformat: Wenn Sie Daten mit mehr Zeilen im Arbeitsblatt haben, w\u00e4hlen Sie die Hochformatausrichtung, da Sie so alle Zeilen auf einer Seite unterbringen k\u00f6nnen. <\/p><div class=\"wp-block-image\"><figure class=\"aligncenter size-full is-resized\"><img loading=\"lazy\" decoding=\"async\" class=\"wp-image-82082\" src=\"https:\/\/exceladvisor.org\/wp-content\/uploads\/2023\/08\/9-page-dorientation-portrait.png\" sizes=\"auto, \" srcset=\"\" alt=\"Seitenausrichtung im Hochformat\" width=\"800\" height=\"444\"><\/figure><\/div><p> Querformat: Wie bei anderen Zeilen hilft Ihnen auch die Querformatausrichtung dabei, eine gro\u00dfe Anzahl von Spalten auf einer Seite unterzubringen. <\/p><div class=\"wp-block-image\"><figure class=\"aligncenter size-full is-resized\"><img loading=\"lazy\" decoding=\"async\" class=\"wp-image-82085\" src=\"https:\/\/exceladvisor.org\/wp-content\/uploads\/2023\/08\/10-selectionner-lorientation-paysage-pour-sadapter-aux-colonnes.png\" sizes=\"auto, \" srcset=\"\" alt=\"Select-Querformat-Ausrichtung-zu-passen-Spalten\" width=\"314\" height=\"200\"><\/figure><\/div><ul><li> Papierformat: Nach der Auswahl der Seitenausrichtung m\u00fcssen Sie als N\u00e4chstes das Papierformat ausw\u00e4hlen. Die Angabe erfolgt in Zentimetern und in verschiedenen Formen wie Buchstaben, A4, Rechtsbl\u00e4ttern, Umschl\u00e4gen usw. <\/li><\/ul><div class=\"wp-block-image\"><figure class=\"aligncenter size-full is-resized\"><img loading=\"lazy\" decoding=\"async\" class=\"wp-image-82086\" src=\"https:\/\/exceladvisor.org\/wp-content\/uploads\/2023\/08\/11-selectionner-le-format-de-papier.png\" sizes=\"auto, \" srcset=\"\" alt=\"Papiergr\u00f6\u00dfe ausw\u00e4hlen\" width=\"336\" height=\"725\"><\/figure><\/div><ul><li> R\u00e4nder: Es ist n\u00fctzlich, die Blattr\u00e4nder sowie die Daten oben, unten, links, rechts, Kopf- und Fu\u00dfzeile festzulegen. Es ist in die drei Kategorien \u201eNormal\u201c, \u201eBreit\u201c und \u201eSchmal\u201c unterteilt und kann auch individuell an Ihre Bed\u00fcrfnisse angepasst werden. <\/li><\/ul><div class=\"wp-block-image\"><figure class=\"aligncenter size-full is-resized\"><img loading=\"lazy\" decoding=\"async\" class=\"wp-image-82087\" src=\"https:\/\/exceladvisor.org\/wp-content\/uploads\/2023\/08\/12-marges-de-la-page.png\" sizes=\"auto, \" srcset=\"\" alt=\"Seitenr\u00e4nder\" width=\"365\" height=\"410\"><\/figure><\/div><ul><li> Skalierung: Diese Funktion wird verwendet, um bestimmte Anpassungen vorzunehmen, damit Ihre Daten auf der Seite angezeigt werden, sodass sie beim Drucken nicht vom Drucker abgeschnitten werden. In der Dropdown-Liste \u201eSkalierung\u201c k\u00f6nnen Sie die gew\u00fcnschte Option ausw\u00e4hlen.<\/li><\/ul><p> Im folgenden Beispiel haben wir die Option \u201eTabelle auf einer Seite anpassen\u201c ausgew\u00e4hlt, um alle Daten auf einer einzigen Seite unterzubringen. Aber Ihre Daten haben sich hierdurch verringert und sind sehr schwer zu lesen. <\/p><figure class=\"wp-block-image size-full is-resized\"><img loading=\"lazy\" decoding=\"async\" class=\"wp-image-82088\" src=\"https:\/\/exceladvisor.org\/wp-content\/uploads\/2023\/08\/13-mise-a-lechelle-pour-sadapter-a-la-feuille-sur-une-page.png\" sizes=\"auto, \" srcset=\"\" alt=\"Skalierung des Fitsheets auf einer Seite\" width=\"866\" height=\"468\"><\/figure><div class=\"gb-container gb-container-4db6181c gb-container-mt\"> <a class=\"gb-button gb-button-c5897111 gb-button-text gb-button-mt-button\" href=\"https:\/\/exceladvisor.org\/de\/excel-grundlagen\/\">Microsoft Excel-Grundlagen (Komponenten, Teile und Wissenshinweise)<\/a><h2 class=\"gb-headline gb-headline-665e5f6b gb-headline-text gb-headline-mt-heading\"> Verwandte Tutorials <\/h2><div class=\"gb-grid-wrapper gb-grid-wrapper-a20baf7c gb-grid-wrapper-mt-grid\"><div class=\"gb-grid-column gb-grid-column-65ddf67e\"><div class=\"gb-container gb-container-65ddf67e\"><ul><li> <a href=\"https:\/\/exceladvisor.org\/de\/titel-drucken\/\">Anwenden von Drucktiteln in Excel (Zeile 1 so einstellen, dass sie auf jeder Seite gedruckt wird)<\/a><\/li><li> <a href=\"https:\/\/exceladvisor.org\/de\/millimeterpapier\/\">Drucken Sie ein Millimeterpapier in Excel (quadratische Rastervorlage)<\/a><\/li><li> <a href=\"https:\/\/exceladvisor.org\/de\/seitenumbruch-entfernen\/\">Seitenumbruch in Excel entfernen<\/a><\/li><li> <a href=\"https:\/\/exceladvisor.org\/de\/druckbereich-festlegen\/\">Legen Sie den Druckbereich in Excel fest<\/a><\/li><li> <a href=\"https:\/\/exceladvisor.org\/de\/zentrieren-sie-das-arbeitsblatt-horizontal\/\">Zentrieren Sie ein Arbeitsblatt in Excel horizontal und vertikal<\/a> <\/li><\/ul><\/div><\/div><div class=\"gb-grid-column gb-grid-column-50067b57\"><div class=\"gb-container gb-container-50067b57\"><\/div><\/div><\/div><\/div>","protected":false},"excerpt":{"rendered":"","protected":false},"author":1,"featured_media":0,"parent":0,"menu_order":0,"comment_status":"open","ping_status":"closed","template":"","meta":{"ub_ctt_via":"","footnotes":""},"class_list":["post-3333","page","type-page","status-publish","hentry"],"featured_image_src":null,"yoast_head":"<!-- This site is optimized with the Yoast SEO plugin v25.4 - https:\/\/yoast.com\/wordpress\/plugins\/seo\/ -->\n<title>\u25b7 Wie erhalte ich eine Druckvorschau in Excel?<\/title>\n<meta name=\"description\" content=\"In diesem Tutorial lernen wir die Verwendung der Druckvorschaufunktion und ihre Einstellungen und Optionen in Excel kennen.\" \/>\n<meta name=\"robots\" content=\"index, follow, max-snippet:-1, max-image-preview:large, max-video-preview:-1\" \/>\n<link rel=\"canonical\" href=\"https:\/\/exceladvisor.org\/de\/vorschau-vor-dem-drucken\/\" \/>\n<meta property=\"og:locale\" content=\"de_DE\" \/>\n<meta property=\"og:type\" content=\"article\" \/>\n<meta property=\"og:title\" content=\"\u25b7 Wie erhalte ich eine Druckvorschau in Excel?\" \/>\n<meta property=\"og:description\" content=\"In diesem Tutorial lernen wir die Verwendung der Druckvorschaufunktion und ihre Einstellungen und Optionen in Excel kennen.\" \/>\n<meta property=\"og:url\" content=\"https:\/\/exceladvisor.org\/de\/vorschau-vor-dem-drucken\/\" \/>\n<meta property=\"og:site_name\" content=\"Excel Advisor\" \/>\n<meta property=\"article:modified_time\" content=\"2023-12-03T11:19:20+00:00\" \/>\n<meta property=\"og:image\" content=\"https:\/\/exceladvisor.org\/wp-content\/uploads\/2023\/08\/1-page-dapercu-avant-impression.png\" \/>\n<meta name=\"twitter:card\" content=\"summary_large_image\" \/>\n<meta name=\"twitter:label1\" content=\"Gesch\u00e4tzte Lesezeit\" \/>\n\t<meta name=\"twitter:data1\" content=\"3\u00a0Minuten\" \/>\n<script type=\"application\/ld+json\" class=\"yoast-schema-graph\">{\"@context\":\"https:\/\/schema.org\",\"@graph\":[{\"@type\":\"WebPage\",\"@id\":\"https:\/\/exceladvisor.org\/de\/vorschau-vor-dem-drucken\/\",\"url\":\"https:\/\/exceladvisor.org\/de\/vorschau-vor-dem-drucken\/\",\"name\":\"\u25b7 Wie erhalte ich eine Druckvorschau in Excel?\",\"isPartOf\":{\"@id\":\"https:\/\/exceladvisor.org\/de\/#website\"},\"primaryImageOfPage\":{\"@id\":\"https:\/\/exceladvisor.org\/de\/vorschau-vor-dem-drucken\/#primaryimage\"},\"image\":{\"@id\":\"https:\/\/exceladvisor.org\/de\/vorschau-vor-dem-drucken\/#primaryimage\"},\"thumbnailUrl\":\"https:\/\/exceladvisor.org\/wp-content\/uploads\/2023\/08\/1-page-dapercu-avant-impression.png\",\"datePublished\":\"2023-10-31T20:37:21+00:00\",\"dateModified\":\"2023-12-03T11:19:20+00:00\",\"description\":\"In diesem Tutorial lernen wir die Verwendung der Druckvorschaufunktion und ihre Einstellungen und Optionen in Excel kennen.\",\"breadcrumb\":{\"@id\":\"https:\/\/exceladvisor.org\/de\/vorschau-vor-dem-drucken\/#breadcrumb\"},\"inLanguage\":\"de\",\"potentialAction\":[{\"@type\":\"ReadAction\",\"target\":[\"https:\/\/exceladvisor.org\/de\/vorschau-vor-dem-drucken\/\"]}]},{\"@type\":\"ImageObject\",\"inLanguage\":\"de\",\"@id\":\"https:\/\/exceladvisor.org\/de\/vorschau-vor-dem-drucken\/#primaryimage\",\"url\":\"https:\/\/exceladvisor.org\/wp-content\/uploads\/2023\/08\/1-page-dapercu-avant-impression.png\",\"contentUrl\":\"https:\/\/exceladvisor.org\/wp-content\/uploads\/2023\/08\/1-page-dapercu-avant-impression.png\"},{\"@type\":\"BreadcrumbList\",\"@id\":\"https:\/\/exceladvisor.org\/de\/vorschau-vor-dem-drucken\/#breadcrumb\",\"itemListElement\":[{\"@type\":\"ListItem\",\"position\":1,\"name\":\"Accueil\",\"item\":\"https:\/\/exceladvisor.org\/de\/\"},{\"@type\":\"ListItem\",\"position\":2,\"name\":\"Wie erhalte ich eine druckvorschau in excel?\"}]},{\"@type\":\"WebSite\",\"@id\":\"https:\/\/exceladvisor.org\/de\/#website\",\"url\":\"https:\/\/exceladvisor.org\/de\/\",\"name\":\"Excel Advisor\",\"description\":\"Ihr Leitfaden zur Datendominanz\",\"publisher\":{\"@id\":\"https:\/\/exceladvisor.org\/de\/#organization\"},\"potentialAction\":[{\"@type\":\"SearchAction\",\"target\":{\"@type\":\"EntryPoint\",\"urlTemplate\":\"https:\/\/exceladvisor.org\/de\/?s={search_term_string}\"},\"query-input\":{\"@type\":\"PropertyValueSpecification\",\"valueRequired\":true,\"valueName\":\"search_term_string\"}}],\"inLanguage\":\"de\"},{\"@type\":\"Organization\",\"@id\":\"https:\/\/exceladvisor.org\/de\/#organization\",\"name\":\"Excel Advisor\",\"url\":\"https:\/\/exceladvisor.org\/de\/\",\"logo\":{\"@type\":\"ImageObject\",\"inLanguage\":\"de\",\"@id\":\"https:\/\/exceladvisor.org\/de\/#\/schema\/logo\/image\/\",\"url\":\"https:\/\/exceladvisor.org\/de\/wp-content\/uploads\/2023\/11\/exceladvisor.org_.png\",\"contentUrl\":\"https:\/\/exceladvisor.org\/de\/wp-content\/uploads\/2023\/11\/exceladvisor.org_.png\",\"width\":105,\"height\":36,\"caption\":\"Excel Advisor\"},\"image\":{\"@id\":\"https:\/\/exceladvisor.org\/de\/#\/schema\/logo\/image\/\"}}]}<\/script>\n<!-- \/ Yoast SEO plugin. -->","yoast_head_json":{"title":"\u25b7 Wie erhalte ich eine Druckvorschau in Excel?","description":"In diesem Tutorial lernen wir die Verwendung der Druckvorschaufunktion und ihre Einstellungen und Optionen in Excel kennen.","robots":{"index":"index","follow":"follow","max-snippet":"max-snippet:-1","max-image-preview":"max-image-preview:large","max-video-preview":"max-video-preview:-1"},"canonical":"https:\/\/exceladvisor.org\/de\/vorschau-vor-dem-drucken\/","og_locale":"de_DE","og_type":"article","og_title":"\u25b7 Wie erhalte ich eine Druckvorschau in Excel?","og_description":"In diesem Tutorial lernen wir die Verwendung der Druckvorschaufunktion und ihre Einstellungen und Optionen in Excel kennen.","og_url":"https:\/\/exceladvisor.org\/de\/vorschau-vor-dem-drucken\/","og_site_name":"Excel Advisor","article_modified_time":"2023-12-03T11:19:20+00:00","og_image":[{"url":"https:\/\/exceladvisor.org\/wp-content\/uploads\/2023\/08\/1-page-dapercu-avant-impression.png","type":"","width":"","height":""}],"twitter_card":"summary_large_image","twitter_misc":{"Gesch\u00e4tzte Lesezeit":"3\u00a0Minuten"},"schema":{"@context":"https:\/\/schema.org","@graph":[{"@type":"WebPage","@id":"https:\/\/exceladvisor.org\/de\/vorschau-vor-dem-drucken\/","url":"https:\/\/exceladvisor.org\/de\/vorschau-vor-dem-drucken\/","name":"\u25b7 Wie erhalte ich eine Druckvorschau in Excel?","isPartOf":{"@id":"https:\/\/exceladvisor.org\/de\/#website"},"primaryImageOfPage":{"@id":"https:\/\/exceladvisor.org\/de\/vorschau-vor-dem-drucken\/#primaryimage"},"image":{"@id":"https:\/\/exceladvisor.org\/de\/vorschau-vor-dem-drucken\/#primaryimage"},"thumbnailUrl":"https:\/\/exceladvisor.org\/wp-content\/uploads\/2023\/08\/1-page-dapercu-avant-impression.png","datePublished":"2023-10-31T20:37:21+00:00","dateModified":"2023-12-03T11:19:20+00:00","description":"In diesem Tutorial lernen wir die Verwendung der Druckvorschaufunktion und ihre Einstellungen und Optionen in Excel kennen.","breadcrumb":{"@id":"https:\/\/exceladvisor.org\/de\/vorschau-vor-dem-drucken\/#breadcrumb"},"inLanguage":"de","potentialAction":[{"@type":"ReadAction","target":["https:\/\/exceladvisor.org\/de\/vorschau-vor-dem-drucken\/"]}]},{"@type":"ImageObject","inLanguage":"de","@id":"https:\/\/exceladvisor.org\/de\/vorschau-vor-dem-drucken\/#primaryimage","url":"https:\/\/exceladvisor.org\/wp-content\/uploads\/2023\/08\/1-page-dapercu-avant-impression.png","contentUrl":"https:\/\/exceladvisor.org\/wp-content\/uploads\/2023\/08\/1-page-dapercu-avant-impression.png"},{"@type":"BreadcrumbList","@id":"https:\/\/exceladvisor.org\/de\/vorschau-vor-dem-drucken\/#breadcrumb","itemListElement":[{"@type":"ListItem","position":1,"name":"Accueil","item":"https:\/\/exceladvisor.org\/de\/"},{"@type":"ListItem","position":2,"name":"Wie erhalte ich eine druckvorschau in excel?"}]},{"@type":"WebSite","@id":"https:\/\/exceladvisor.org\/de\/#website","url":"https:\/\/exceladvisor.org\/de\/","name":"Excel Advisor","description":"Ihr Leitfaden zur Datendominanz","publisher":{"@id":"https:\/\/exceladvisor.org\/de\/#organization"},"potentialAction":[{"@type":"SearchAction","target":{"@type":"EntryPoint","urlTemplate":"https:\/\/exceladvisor.org\/de\/?s={search_term_string}"},"query-input":{"@type":"PropertyValueSpecification","valueRequired":true,"valueName":"search_term_string"}}],"inLanguage":"de"},{"@type":"Organization","@id":"https:\/\/exceladvisor.org\/de\/#organization","name":"Excel Advisor","url":"https:\/\/exceladvisor.org\/de\/","logo":{"@type":"ImageObject","inLanguage":"de","@id":"https:\/\/exceladvisor.org\/de\/#\/schema\/logo\/image\/","url":"https:\/\/exceladvisor.org\/de\/wp-content\/uploads\/2023\/11\/exceladvisor.org_.png","contentUrl":"https:\/\/exceladvisor.org\/de\/wp-content\/uploads\/2023\/11\/exceladvisor.org_.png","width":105,"height":36,"caption":"Excel Advisor"},"image":{"@id":"https:\/\/exceladvisor.org\/de\/#\/schema\/logo\/image\/"}}]}},"yoast_meta":{"yoast_wpseo_title":"","yoast_wpseo_metadesc":"","yoast_wpseo_canonical":""},"_links":{"self":[{"href":"https:\/\/exceladvisor.org\/de\/wp-json\/wp\/v2\/pages\/3333","targetHints":{"allow":["GET"]}}],"collection":[{"href":"https:\/\/exceladvisor.org\/de\/wp-json\/wp\/v2\/pages"}],"about":[{"href":"https:\/\/exceladvisor.org\/de\/wp-json\/wp\/v2\/types\/page"}],"author":[{"embeddable":true,"href":"https:\/\/exceladvisor.org\/de\/wp-json\/wp\/v2\/users\/1"}],"replies":[{"embeddable":true,"href":"https:\/\/exceladvisor.org\/de\/wp-json\/wp\/v2\/comments?post=3333"}],"version-history":[{"count":1,"href":"https:\/\/exceladvisor.org\/de\/wp-json\/wp\/v2\/pages\/3333\/revisions"}],"predecessor-version":[{"id":3929,"href":"https:\/\/exceladvisor.org\/de\/wp-json\/wp\/v2\/pages\/3333\/revisions\/3929"}],"wp:attachment":[{"href":"https:\/\/exceladvisor.org\/de\/wp-json\/wp\/v2\/media?parent=3333"}],"curies":[{"name":"wp","href":"https:\/\/api.w.org\/{rel}","templated":true}]}}