{"id":3334,"date":"2023-10-31T18:49:50","date_gmt":"2023-10-31T18:49:50","guid":{"rendered":"https:\/\/exceladvisor.org\/de\/fugen-sie-eine-spalte-hinzu\/"},"modified":"2023-12-03T11:20:38","modified_gmt":"2023-12-03T11:20:38","slug":"fugen-sie-eine-spalte-hinzu","status":"publish","type":"page","link":"https:\/\/exceladvisor.org\/de\/fugen-sie-eine-spalte-hinzu\/","title":{"rendered":"Wie f\u00fcge ich eine spalte in excel hinzu?"},"content":{"rendered":"<div class=\"excel-vor-dem-inhalt\" id=\"excel-58345522\"><script type=\"text\/javascript\">\r\n\tatOptions = {\r\n\t\t'key' : 'c1158f160081d6540a8409e6925dab94',\r\n\t\t'format' : 'iframe',\r\n\t\t'height' : 250,\r\n\t\t'width' : 300,\r\n\t\t'params' : {}\r\n\t};\r\n<\/script>\r\n<script type=\"text\/javascript\" src=\"\/\/www.highperformanceformat.com\/c1158f160081d6540a8409e6925dab94\/invoke.js\"><\/script><\/div> <p>Beim Arbeiten in Excel ist das Hinzuf\u00fcgen oder Entfernen von Spalten eine h\u00e4ufige Aufgabe, und es gibt verschiedene M\u00f6glichkeiten, Spalten in Excel-Tabellen hinzuzuf\u00fcgen oder einzuf\u00fcgen.<\/p><p> Sie k\u00f6nnen je nach Ihren Vorlieben eine der M\u00f6glichkeiten zum Hinzuf\u00fcgen oder Einf\u00fcgen der Spalten w\u00e4hlen.<\/p><h2 id=\"steps-to-insert-a-single-column\" class=\"wp-block-heading\"> Schritte zum Einf\u00fcgen einer einzelnen Spalte<\/h2><ol><li> Klicken Sie zun\u00e4chst mit der rechten Maustaste auf eine beliebige Zelle in der Spalte.<\/li><li> Danach erhalten Sie ein Popup-Fenster mit mehreren Optionen.<\/li><li> Klicken Sie nun auf die Option <strong>\u201eEinf\u00fcgen\u201c<\/strong> . <br><img loading=\"lazy\" decoding=\"async\" title=\"\" src=\"https:\/\/exceladvisor.org\/wp-content\/uploads\/2023\/08\/1-option-dinsertion.png\" sizes=\"auto, \" srcset=\"\" alt=\"insert-option\" width=\"599\" height=\"201\"><\/li><li> Klicken Sie anschlie\u00dfend mit der rechten Maustaste und Sie erhalten ein Popup-Fenster mit mehreren Optionen.<\/li><li> W\u00e4hlen Sie nun die Option <strong>\u201eGesamte Spalte\u201c<\/strong> und klicken Sie auf \u201eOK\u201c. <br><img loading=\"lazy\" decoding=\"async\" title=\"\u00e4h\" src=\"https:\/\/exceladvisor.org\/wp-content\/uploads\/2023\/08\/2-selectionner-la-colonne-entiere.png\" sizes=\"auto, \" srcset=\"\" alt=\"select-entire-column\" width=\"192\" height=\"183\"><\/li><li> Zu diesem Zeitpunkt wurde die Spalte links von der ausgew\u00e4hlten Zelle eingef\u00fcgt. <br><img loading=\"lazy\" decoding=\"async\" title=\"Mindest\" src=\"https:\/\/exceladvisor.org\/wp-content\/uploads\/2023\/08\/3-nouvelle-colonne-inseree.png\" sizes=\"auto, \" srcset=\"\" alt=\"new-inserted-column\" width=\"705\" height=\"162\"><\/li><\/ol><p class=\"qt-tip\"> <strong>Tipp<\/strong> : Sie k\u00f6nnen alle einzelnen oder mehrere Spalten ausw\u00e4hlen, indem Sie die Buchstaben der Spalten\u00fcberschriften ausw\u00e4hlen, mit der rechten Maustaste klicken und dann in der Popup-Option <strong>\u201eEinf\u00fcgen\u201c<\/strong> ausw\u00e4hlen. Die Anzahl der eingef\u00fcgten Spalten h\u00e4ngt immer von der Anzahl der ausgew\u00e4hlten Spalten ab. <\/p><div class=\"wp-block-image\"><figure class=\"aligncenter size-full is-resized\"><img loading=\"lazy\" decoding=\"async\" class=\"wp-image-63688\" src=\"https:\/\/exceladvisor.org\/wp-content\/uploads\/2023\/08\/4-inserer-plusieurs-colonnes-simples.gif\" sizes=\"auto, \" srcset=\"\" alt=\"Einzelne-mehrere-Spalten einf\u00fcgen\" width=\"635\" height=\"223\"><\/figure><\/div><p> Sie k\u00f6nnen die Spalte auch aus dem Men\u00fcband auf der Registerkarte \u201eStartseite\u201c einf\u00fcgen.<\/p><ol><li> Stellen Sie zun\u00e4chst sicher, dass Sie sich auf der <strong>Registerkarte \u201eStartseite\u201c<\/strong> befinden, und klicken Sie dann auf eine beliebige Zelle in der Spalte. <br><img loading=\"lazy\" decoding=\"async\" title=\"5-Home-Registerkarte\" src=\"https:\/\/exceladvisor.org\/wp-content\/uploads\/2023\/08\/5-onglet-daccueil.png\" sizes=\"auto, \" srcset=\"\" alt=\"home-tab-sheet\" width=\"554\" height=\"297\"><\/li><li> Hier finden Sie das Symbol <strong>\u201eEinf\u00fcgen\u201c<\/strong> in der Gruppe <strong>\u201eZellen\u201c<\/strong> des Men\u00fcbands. <br><img loading=\"lazy\" decoding=\"async\" title=\"6-Zellen-Gruppe-im-Men\u00fcband-Registerkarte\" src=\"https:\/\/exceladvisor.org\/wp-content\/uploads\/2023\/08\/Groupe-de-6-cellules-dans-longlet-du-ruban.png\" sizes=\"auto, \" srcset=\"\" alt=\"cells-group-in-ribbon-tab\" width=\"1081\" height=\"110\"><\/li><li> Klicken Sie nun auf das Symbol <strong>\u201eEinf\u00fcgen\u201c<\/strong> und w\u00e4hlen Sie <strong>\u201eBlattspalte einf\u00fcgen\u201c<\/strong> aus dem aufgelisteten Dropdown-Men\u00fc. <br><img loading=\"lazy\" decoding=\"async\" title=\"7 Spalten einf\u00fcgen\" src=\"https:\/\/exceladvisor.org\/wp-content\/uploads\/2023\/08\/7-colonnes-de-feuille-dinsertion.png\" sizes=\"auto, \" srcset=\"\" alt=\"insert-sheet-columns\" width=\"173\" height=\"186\"><\/li><li> Zu diesem Zeitpunkt wurde die Spalte links von der ausgew\u00e4hlten Spaltenzelle eingef\u00fcgt. <br><img loading=\"lazy\" decoding=\"async\" title=\"8-neue-Spalte-eingef\u00fcgt\" src=\"https:\/\/exceladvisor.org\/wp-content\/uploads\/2023\/08\/8-nouvelle-colonne-inseree.png\" sizes=\"auto, \" srcset=\"\" alt=\"new-inserted-column\" width=\"657\" height=\"151\"><\/li><\/ol><h2 id=\"add-multiple-columns\" class=\"wp-block-heading\"> F\u00fcgen Sie mehrere Spalten hinzu<\/h2><ul><li> Um mehrere Spalten hinzuzuf\u00fcgen, m\u00fcssen Sie zun\u00e4chst mehrere Zellen anstelle einer einzelnen Zelle ausw\u00e4hlen. <br><img loading=\"lazy\" decoding=\"async\" title=\"die Ellen\" src=\"https:\/\/exceladvisor.org\/wp-content\/uploads\/2023\/08\/9-selectionner-plusieurs-cellules.png\" sizes=\"auto, \" srcset=\"\" alt=\"select-multiple-cells\" width=\"603\" height=\"164\"><\/li><li> Klicken Sie anschlie\u00dfend mit der rechten Maustaste und Sie erhalten ein Popup-Fenster mit mehreren Optionen.<\/li><li> Klicken Sie nun auf die Option <strong>\u201eEinf\u00fcgen\u201c<\/strong> . <br><img loading=\"lazy\" decoding=\"async\" title=\"G\" src=\"https:\/\/exceladvisor.org\/wp-content\/uploads\/2023\/08\/10-options-dinsertion.png\" sizes=\"auto, \" srcset=\"\" alt=\"insert-option\" width=\"557\" height=\"187\"><\/li><li> Sobald Sie auf die Option <strong>\u201eEinf\u00fcgen\u201c<\/strong> klicken, wird erneut eine Popup-Option angezeigt.<\/li><li> W\u00e4hlen Sie nun die Option <strong>\u201eGesamte Spalte\u201c<\/strong> und klicken Sie auf \u201eOK\u201c. <br><img decoding=\"async\" title=\"Licht\" src=\"https:\/\/exceladvisor.org\/wp-content\/uploads\/2023\/08\/11-selectionner-la-colonne-entiere.png\" sizes=\"\" srcset=\"\" alt=\"select-entire-column\"><\/li><li> Zu diesem Zeitpunkt wurden drei Spalten links von Ihren ausgew\u00e4hlten Zellen eingef\u00fcgt, da Sie drei Zellen ausgew\u00e4hlt hatten. <br><img loading=\"lazy\" decoding=\"async\" title=\"d-Spalten\" src=\"https:\/\/exceladvisor.org\/wp-content\/uploads\/2023\/08\/12-colonnes-inserees-multiples.png\" sizes=\"auto, \" srcset=\"\" alt=\"multiple-inserted-columns\" width=\"917\" height=\"162\"><\/li><li> Um mehrere \u201enicht benachbarte\u201c Spalten hinzuzuf\u00fcgen, m\u00fcssen Sie zun\u00e4chst die Zellen einzeln ausw\u00e4hlen, indem Sie die STRG-Taste auf der Tastatur gedr\u00fcckt halten. <br><img loading=\"lazy\" decoding=\"async\" title=\"ls\" src=\"https:\/\/exceladvisor.org\/wp-content\/uploads\/2023\/08\/13-cellules-non-adjacentes.png\" sizes=\"auto, \" srcset=\"\" alt=\"non-adjacent-cells\" width=\"613\" height=\"167\"><\/li><li> Nachdem Sie die Zellen ausgew\u00e4hlt haben, lassen Sie die STRG-Taste los<\/li><li> Klicken Sie anschlie\u00dfend mit der rechten Maustaste und klicken Sie in den Popup-Optionen auf die Option <strong>\u201eEinf\u00fcgen\u201c<\/strong> . <br><img loading=\"lazy\" decoding=\"async\" title=\"Ion\" src=\"https:\/\/exceladvisor.org\/wp-content\/uploads\/2023\/08\/Option-dinsertion-en-14-clics.png\" sizes=\"auto, \" srcset=\"\" alt=\"click-insert-option\" width=\"586\" height=\"196\"><\/li><li> W\u00e4hlen Sie nun die Option <strong>\u201eGesamte Spalte\u201c<\/strong> und klicken Sie auf \u201eOK\u201c.<\/li><li> Zu diesem Zeitpunkt wurden links von Ihren ausgew\u00e4hlten Zellen \u201enicht benachbarte\u201c Spalten eingef\u00fcgt. <br><img loading=\"lazy\" decoding=\"async\" title=\"\u00e4hm\" src=\"https:\/\/exceladvisor.org\/wp-content\/uploads\/2023\/08\/16-colonnes-non-adjacentes.png\" sizes=\"auto, \" srcset=\"\" alt=\"non-adjacent-columns\" width=\"863\" height=\"170\"><\/li><\/ul><h2 id=\"insert-a-column-in-excel-table\" class=\"wp-block-heading\"> F\u00fcgen Sie eine Spalte in eine Excel-Tabelle ein<\/h2><p> Wenn Sie Ihren Datensatz in einen Tabellenbereich konvertieren, verliert die Methode zum Einf\u00fcgen von Spalten einen Teil ihrer Funktionalit\u00e4t.<\/p><p> Sie k\u00f6nnen beispielsweise nicht alle nicht benachbarten Spalten auf einmal einf\u00fcgen, wie Sie es in einem normalen Datensatz tun w\u00fcrden, indem Sie die nicht benachbarten Spalten ausw\u00e4hlen, um links davon Spalten einzuf\u00fcgen.<\/p><p> Wenn Sie im Tabellenbereich mehrere nicht benachbarte Spalten einf\u00fcgen m\u00f6chten, m\u00fcssen Sie dies einzeln tun.<\/p><ul><li> Klicken Sie zun\u00e4chst auf eine beliebige Zelle in der Spalte und klicken Sie mit der rechten Maustaste.<\/li><li> Klicken Sie nun im Popup-Fenster auf die Option <strong>\u201eEinf\u00fcgen\u201c<\/strong> und w\u00e4hlen Sie dann \u201eTabellenspalten links\u201c. <br><img loading=\"lazy\" decoding=\"async\" title=\"-links\" src=\"https:\/\/exceladvisor.org\/wp-content\/uploads\/2023\/08\/17-colonnes-de-tableau-a-gauche.png\" sizes=\"auto, \" srcset=\"\" alt=\"table-columns-to-the-left\" width=\"688\" height=\"197\"><\/li><li> Zu diesem Zeitpunkt wurde die Spalte links von der ausgew\u00e4hlten Zelle eingef\u00fcgt. <br><img loading=\"lazy\" decoding=\"async\" title=\"In dem Bild\" src=\"https:\/\/exceladvisor.org\/wp-content\/uploads\/2023\/08\/18-colonne-inseree-dans-le-tableau.png\" sizes=\"auto, \" srcset=\"\" alt=\"inserted-column-in-table\" width=\"690\" height=\"192\"><\/li><li> Um mehrere benachbarte Zellen einzuf\u00fcgen, m\u00fcssen Sie zun\u00e4chst mehrere benachbarte Spalten ausw\u00e4hlen.<\/li><li> Klicken Sie nun im Popup-Fenster auf die Option <strong>\u201eEinf\u00fcgen\u201c<\/strong> und w\u00e4hlen Sie dann \u201eTabellenspalten links\u201c. <br><img loading=\"lazy\" decoding=\"async\" title=\"Spalten-auf-der-linken Seite\" src=\"https:\/\/exceladvisor.org\/wp-content\/uploads\/2023\/08\/19-colonnes-de-tableau-multiples-a-gauche.png\" sizes=\"auto, \" srcset=\"\" alt=\"multiple-table-columns-to-the-left\" width=\"814\" height=\"207\"><\/li><li> Zu diesem Zeitpunkt wurden links von Ihren ausgew\u00e4hlten Zellen zwei Spalten eingef\u00fcgt. <br><img loading=\"lazy\" decoding=\"async\" title=\"d-Spalten\" src=\"https:\/\/exceladvisor.org\/wp-content\/uploads\/2023\/08\/20-colonnes-inserees-multiples.png\" sizes=\"auto, \" srcset=\"\" alt=\"multiple-inserted-columns\" width=\"818\" height=\"197\"><\/li><\/ul><h2 id=\"add-a-column-using-a-keyword-shortcut\" class=\"wp-block-heading\"> F\u00fcgen Sie eine Spalte mithilfe einer Schl\u00fcsselwortverkn\u00fcpfung hinzu<\/h2><ul><li> Klicken Sie zun\u00e4chst auf die Zelle, links neben der Sie die Spalte einf\u00fcgen m\u00f6chten. <br><img loading=\"lazy\" decoding=\"async\" title=\"ICH\" src=\"https:\/\/exceladvisor.org\/wp-content\/uploads\/2023\/08\/21-cliquez-sur-la-cellule.png\" sizes=\"auto, \" srcset=\"\" alt=\"click-on-the-cell\" width=\"619\" height=\"168\"><\/li><li> Dr\u00fccken Sie anschlie\u00dfend die Tastenkombination STRG+UMSCHALT++(Plus) auf Ihrer Tastatur und Sie erhalten ein Popup-Fenster.<\/li><li> W\u00e4hlen Sie nun die Option <strong>\u201eGesamte Spalte\u201c<\/strong> und klicken Sie auf \u201eOK\u201c. <br><img decoding=\"async\" title=\"Lumen-Option\" src=\"https:\/\/exceladvisor.org\/wp-content\/uploads\/2023\/08\/22-selectionner-loption-de-colonne-entiere.png\" sizes=\"\" srcset=\"\" alt=\"select-entire-column-option\"><\/li><li> Zu diesem Zeitpunkt wurde die Spalte links von der ausgew\u00e4hlten Spaltenzelle eingef\u00fcgt. <br><img loading=\"lazy\" decoding=\"async\" title=\"ted\" src=\"https:\/\/exceladvisor.org\/wp-content\/uploads\/2023\/08\/23-nouvelle-colonne-inseree.png\" sizes=\"auto, \" srcset=\"\" alt=\"new-column-inserted\" width=\"741\" height=\"170\"><\/li><\/ul><p> Meine bevorzugte Shortcut-Methode zum Einf\u00fcgen der Spalte(n) besteht darin, mit einer Shortcut-Taste die gesamte Spalte auszuw\u00e4hlen, links von der Sie die Spalte einf\u00fcgen m\u00f6chten.<\/p><ul><li> Klicken Sie dazu zun\u00e4chst auf eine beliebige Zelle in der Spalte und dr\u00fccken Sie STRG + LEERTASTE auf der Tastatur. Sie werden feststellen, dass nun Ihre gesamte Spalte ausgew\u00e4hlt ist. <br><img loading=\"lazy\" decoding=\"async\" title=\"Licht\" src=\"https:\/\/exceladvisor.org\/wp-content\/uploads\/2023\/08\/24-selectionner-la-colonne-entiere.png\" sizes=\"auto, \" srcset=\"\" alt=\"select-entire-column\" width=\"598\" height=\"208\"><\/li><li> Lassen Sie nun STRG + LEERTASTE los, halten Sie UMSCHALT + STRG gedr\u00fcckt und dr\u00fccken Sie + (Pluszeichen) auf der Tastatur.<\/li><li> Zu diesem Zeitpunkt wurde die Spalte links von der ausgew\u00e4hlten Zelle eingef\u00fcgt. <br><img loading=\"lazy\" decoding=\"async\" title=\"nicht\" src=\"https:\/\/exceladvisor.org\/wp-content\/uploads\/2023\/08\/25-inserer-une-nouvelle-colonne.png\" sizes=\"auto, \" srcset=\"\" alt=\"insert-new-column\" width=\"712\" height=\"213\"><\/li><\/ul><p class=\"qt-tip\"> <strong>Tipp:<\/strong> Sie k\u00f6nnen + (Pluszeichen) mehrmals dr\u00fccken, um mehrere Spalten einzuf\u00fcgen, w\u00e4hrend Sie UMSCHALT+Strg gedr\u00fcckt halten.<\/p><div class=\"gb-container gb-container-4db6181c gb-container-mt\"> <a class=\"gb-button gb-button-c5897111 gb-button-text gb-button-mt-button\" href=\"https:\/\/exceladvisor.org\/de\/excel-grundlagen\/\">Microsoft Excel-Grundlagen (Komponenten, Teile und Wissenshinweise)<\/a><h2 class=\"gb-headline gb-headline-665e5f6b gb-headline-text gb-headline-mt-heading\"> Verwandte Tutorials <\/h2><div class=\"gb-grid-wrapper gb-grid-wrapper-a20baf7c gb-grid-wrapper-mt-grid\"><div class=\"gb-grid-column gb-grid-column-65ddf67e\"><div class=\"gb-container gb-container-65ddf67e\"><ul><li> <a href=\"https:\/\/exceladvisor.org\/de\/hyperlinks-hinzufugen-und-entfernen\/\">F\u00fcgen Sie Hyperlinks in Excel hinzu und entfernen Sie sie<\/a><\/li><li> <a href=\"https:\/\/exceladvisor.org\/de\/wasserzeichen-hinzufugen\/\">F\u00fcgen Sie in Excel ein Wasserzeichen hinzu<\/a><\/li><li> <a href=\"https:\/\/exceladvisor.org\/de\/entfernen-sie-ausgeblendete-zeilenspalten\/\">L\u00f6schen Sie ausgeblendete Zeilen in Excel<\/a><\/li><li> <a href=\"https:\/\/exceladvisor.org\/de\/zellen-abwahlen\/\">Zellen in Excel abw\u00e4hlen<\/a> <\/li><\/ul><\/div><\/div><div class=\"gb-grid-column gb-grid-column-50067b57\"><div class=\"gb-container gb-container-50067b57\"><ul><li> <a href=\"https:\/\/exceladvisor.org\/de\/zeilen-loschen\/\">L\u00f6schen Sie eine Zeile oder mehrere Zeilen in Excel<\/a><\/li><li> <a href=\"https:\/\/exceladvisor.org\/de\/spalte-kopieren\/\">Kopieren Sie eine Spalte und f\u00fcgen Sie sie in Excel ein<\/a><\/li><li> <a href=\"https:\/\/exceladvisor.org\/de\/zeilenspalte-verschieben\/\">Verschieben Sie eine Zeile und Spalte in Excel<\/a><\/li><li> <a href=\"https:\/\/exceladvisor.org\/de\/spaltenbreite\/\">So \u00e4ndern Sie die Spaltenbreite in Excel<\/a><\/li><\/ul><\/div><\/div><\/div><\/div>","protected":false},"excerpt":{"rendered":"","protected":false},"author":1,"featured_media":0,"parent":0,"menu_order":0,"comment_status":"open","ping_status":"closed","template":"","meta":{"ub_ctt_via":"","footnotes":""},"class_list":["post-3334","page","type-page","status-publish","hentry"],"featured_image_src":null,"yoast_head":"<!-- This site is optimized with the Yoast SEO plugin v25.4 - https:\/\/yoast.com\/wordpress\/plugins\/seo\/ -->\n<title>\u25b7 Wie f\u00fcge ich eine Spalte in Excel hinzu? (Tutorial 2023)<\/title>\n<meta name=\"description\" content=\"In diesem Tutorial erfahren Sie, wie Sie einzelne und mehrere Spalten in Excel hinzuf\u00fcgen. Und wir werden auch alle kennenlernen\" \/>\n<meta name=\"robots\" content=\"index, follow, max-snippet:-1, max-image-preview:large, max-video-preview:-1\" \/>\n<link rel=\"canonical\" href=\"https:\/\/exceladvisor.org\/de\/fugen-sie-eine-spalte-hinzu\/\" \/>\n<meta property=\"og:locale\" content=\"de_DE\" \/>\n<meta property=\"og:type\" content=\"article\" \/>\n<meta property=\"og:title\" content=\"\u25b7 Wie f\u00fcge ich eine Spalte in Excel hinzu? (Tutorial 2023)\" \/>\n<meta property=\"og:description\" content=\"In diesem Tutorial erfahren Sie, wie Sie einzelne und mehrere Spalten in Excel hinzuf\u00fcgen. Und wir werden auch alle kennenlernen\" \/>\n<meta property=\"og:url\" content=\"https:\/\/exceladvisor.org\/de\/fugen-sie-eine-spalte-hinzu\/\" \/>\n<meta property=\"og:site_name\" content=\"Excel Advisor\" \/>\n<meta property=\"article:modified_time\" content=\"2023-12-03T11:20:38+00:00\" \/>\n<meta property=\"og:image\" content=\"https:\/\/exceladvisor.org\/wp-content\/uploads\/2023\/08\/1-option-dinsertion.png\" \/>\n<meta name=\"twitter:card\" content=\"summary_large_image\" \/>\n<meta name=\"twitter:label1\" content=\"Gesch\u00e4tzte Lesezeit\" \/>\n\t<meta name=\"twitter:data1\" content=\"4\u00a0Minuten\" \/>\n<script type=\"application\/ld+json\" class=\"yoast-schema-graph\">{\"@context\":\"https:\/\/schema.org\",\"@graph\":[{\"@type\":\"WebPage\",\"@id\":\"https:\/\/exceladvisor.org\/de\/fugen-sie-eine-spalte-hinzu\/\",\"url\":\"https:\/\/exceladvisor.org\/de\/fugen-sie-eine-spalte-hinzu\/\",\"name\":\"\u25b7 Wie f\u00fcge ich eine Spalte in Excel hinzu? (Tutorial 2023)\",\"isPartOf\":{\"@id\":\"https:\/\/exceladvisor.org\/de\/#website\"},\"primaryImageOfPage\":{\"@id\":\"https:\/\/exceladvisor.org\/de\/fugen-sie-eine-spalte-hinzu\/#primaryimage\"},\"image\":{\"@id\":\"https:\/\/exceladvisor.org\/de\/fugen-sie-eine-spalte-hinzu\/#primaryimage\"},\"thumbnailUrl\":\"https:\/\/exceladvisor.org\/wp-content\/uploads\/2023\/08\/1-option-dinsertion.png\",\"datePublished\":\"2023-10-31T18:49:50+00:00\",\"dateModified\":\"2023-12-03T11:20:38+00:00\",\"description\":\"In diesem Tutorial erfahren Sie, wie Sie einzelne und mehrere Spalten in Excel hinzuf\u00fcgen. Und wir werden auch alle kennenlernen\",\"breadcrumb\":{\"@id\":\"https:\/\/exceladvisor.org\/de\/fugen-sie-eine-spalte-hinzu\/#breadcrumb\"},\"inLanguage\":\"de\",\"potentialAction\":[{\"@type\":\"ReadAction\",\"target\":[\"https:\/\/exceladvisor.org\/de\/fugen-sie-eine-spalte-hinzu\/\"]}]},{\"@type\":\"ImageObject\",\"inLanguage\":\"de\",\"@id\":\"https:\/\/exceladvisor.org\/de\/fugen-sie-eine-spalte-hinzu\/#primaryimage\",\"url\":\"https:\/\/exceladvisor.org\/wp-content\/uploads\/2023\/08\/1-option-dinsertion.png\",\"contentUrl\":\"https:\/\/exceladvisor.org\/wp-content\/uploads\/2023\/08\/1-option-dinsertion.png\"},{\"@type\":\"BreadcrumbList\",\"@id\":\"https:\/\/exceladvisor.org\/de\/fugen-sie-eine-spalte-hinzu\/#breadcrumb\",\"itemListElement\":[{\"@type\":\"ListItem\",\"position\":1,\"name\":\"Accueil\",\"item\":\"https:\/\/exceladvisor.org\/de\/\"},{\"@type\":\"ListItem\",\"position\":2,\"name\":\"Wie f\u00fcge ich eine spalte in excel hinzu?\"}]},{\"@type\":\"WebSite\",\"@id\":\"https:\/\/exceladvisor.org\/de\/#website\",\"url\":\"https:\/\/exceladvisor.org\/de\/\",\"name\":\"Excel Advisor\",\"description\":\"Ihr Leitfaden zur Datendominanz\",\"publisher\":{\"@id\":\"https:\/\/exceladvisor.org\/de\/#organization\"},\"potentialAction\":[{\"@type\":\"SearchAction\",\"target\":{\"@type\":\"EntryPoint\",\"urlTemplate\":\"https:\/\/exceladvisor.org\/de\/?s={search_term_string}\"},\"query-input\":{\"@type\":\"PropertyValueSpecification\",\"valueRequired\":true,\"valueName\":\"search_term_string\"}}],\"inLanguage\":\"de\"},{\"@type\":\"Organization\",\"@id\":\"https:\/\/exceladvisor.org\/de\/#organization\",\"name\":\"Excel Advisor\",\"url\":\"https:\/\/exceladvisor.org\/de\/\",\"logo\":{\"@type\":\"ImageObject\",\"inLanguage\":\"de\",\"@id\":\"https:\/\/exceladvisor.org\/de\/#\/schema\/logo\/image\/\",\"url\":\"https:\/\/exceladvisor.org\/de\/wp-content\/uploads\/2023\/11\/exceladvisor.org_.png\",\"contentUrl\":\"https:\/\/exceladvisor.org\/de\/wp-content\/uploads\/2023\/11\/exceladvisor.org_.png\",\"width\":105,\"height\":36,\"caption\":\"Excel Advisor\"},\"image\":{\"@id\":\"https:\/\/exceladvisor.org\/de\/#\/schema\/logo\/image\/\"}}]}<\/script>\n<!-- \/ Yoast SEO plugin. -->","yoast_head_json":{"title":"\u25b7 Wie f\u00fcge ich eine Spalte in Excel hinzu? (Tutorial 2023)","description":"In diesem Tutorial erfahren Sie, wie Sie einzelne und mehrere Spalten in Excel hinzuf\u00fcgen. Und wir werden auch alle kennenlernen","robots":{"index":"index","follow":"follow","max-snippet":"max-snippet:-1","max-image-preview":"max-image-preview:large","max-video-preview":"max-video-preview:-1"},"canonical":"https:\/\/exceladvisor.org\/de\/fugen-sie-eine-spalte-hinzu\/","og_locale":"de_DE","og_type":"article","og_title":"\u25b7 Wie f\u00fcge ich eine Spalte in Excel hinzu? (Tutorial 2023)","og_description":"In diesem Tutorial erfahren Sie, wie Sie einzelne und mehrere Spalten in Excel hinzuf\u00fcgen. Und wir werden auch alle kennenlernen","og_url":"https:\/\/exceladvisor.org\/de\/fugen-sie-eine-spalte-hinzu\/","og_site_name":"Excel Advisor","article_modified_time":"2023-12-03T11:20:38+00:00","og_image":[{"url":"https:\/\/exceladvisor.org\/wp-content\/uploads\/2023\/08\/1-option-dinsertion.png","type":"","width":"","height":""}],"twitter_card":"summary_large_image","twitter_misc":{"Gesch\u00e4tzte Lesezeit":"4\u00a0Minuten"},"schema":{"@context":"https:\/\/schema.org","@graph":[{"@type":"WebPage","@id":"https:\/\/exceladvisor.org\/de\/fugen-sie-eine-spalte-hinzu\/","url":"https:\/\/exceladvisor.org\/de\/fugen-sie-eine-spalte-hinzu\/","name":"\u25b7 Wie f\u00fcge ich eine Spalte in Excel hinzu? (Tutorial 2023)","isPartOf":{"@id":"https:\/\/exceladvisor.org\/de\/#website"},"primaryImageOfPage":{"@id":"https:\/\/exceladvisor.org\/de\/fugen-sie-eine-spalte-hinzu\/#primaryimage"},"image":{"@id":"https:\/\/exceladvisor.org\/de\/fugen-sie-eine-spalte-hinzu\/#primaryimage"},"thumbnailUrl":"https:\/\/exceladvisor.org\/wp-content\/uploads\/2023\/08\/1-option-dinsertion.png","datePublished":"2023-10-31T18:49:50+00:00","dateModified":"2023-12-03T11:20:38+00:00","description":"In diesem Tutorial erfahren Sie, wie Sie einzelne und mehrere Spalten in Excel hinzuf\u00fcgen. Und wir werden auch alle kennenlernen","breadcrumb":{"@id":"https:\/\/exceladvisor.org\/de\/fugen-sie-eine-spalte-hinzu\/#breadcrumb"},"inLanguage":"de","potentialAction":[{"@type":"ReadAction","target":["https:\/\/exceladvisor.org\/de\/fugen-sie-eine-spalte-hinzu\/"]}]},{"@type":"ImageObject","inLanguage":"de","@id":"https:\/\/exceladvisor.org\/de\/fugen-sie-eine-spalte-hinzu\/#primaryimage","url":"https:\/\/exceladvisor.org\/wp-content\/uploads\/2023\/08\/1-option-dinsertion.png","contentUrl":"https:\/\/exceladvisor.org\/wp-content\/uploads\/2023\/08\/1-option-dinsertion.png"},{"@type":"BreadcrumbList","@id":"https:\/\/exceladvisor.org\/de\/fugen-sie-eine-spalte-hinzu\/#breadcrumb","itemListElement":[{"@type":"ListItem","position":1,"name":"Accueil","item":"https:\/\/exceladvisor.org\/de\/"},{"@type":"ListItem","position":2,"name":"Wie f\u00fcge ich eine spalte in excel hinzu?"}]},{"@type":"WebSite","@id":"https:\/\/exceladvisor.org\/de\/#website","url":"https:\/\/exceladvisor.org\/de\/","name":"Excel Advisor","description":"Ihr Leitfaden zur Datendominanz","publisher":{"@id":"https:\/\/exceladvisor.org\/de\/#organization"},"potentialAction":[{"@type":"SearchAction","target":{"@type":"EntryPoint","urlTemplate":"https:\/\/exceladvisor.org\/de\/?s={search_term_string}"},"query-input":{"@type":"PropertyValueSpecification","valueRequired":true,"valueName":"search_term_string"}}],"inLanguage":"de"},{"@type":"Organization","@id":"https:\/\/exceladvisor.org\/de\/#organization","name":"Excel Advisor","url":"https:\/\/exceladvisor.org\/de\/","logo":{"@type":"ImageObject","inLanguage":"de","@id":"https:\/\/exceladvisor.org\/de\/#\/schema\/logo\/image\/","url":"https:\/\/exceladvisor.org\/de\/wp-content\/uploads\/2023\/11\/exceladvisor.org_.png","contentUrl":"https:\/\/exceladvisor.org\/de\/wp-content\/uploads\/2023\/11\/exceladvisor.org_.png","width":105,"height":36,"caption":"Excel Advisor"},"image":{"@id":"https:\/\/exceladvisor.org\/de\/#\/schema\/logo\/image\/"}}]}},"yoast_meta":{"yoast_wpseo_title":"","yoast_wpseo_metadesc":"","yoast_wpseo_canonical":""},"_links":{"self":[{"href":"https:\/\/exceladvisor.org\/de\/wp-json\/wp\/v2\/pages\/3334","targetHints":{"allow":["GET"]}}],"collection":[{"href":"https:\/\/exceladvisor.org\/de\/wp-json\/wp\/v2\/pages"}],"about":[{"href":"https:\/\/exceladvisor.org\/de\/wp-json\/wp\/v2\/types\/page"}],"author":[{"embeddable":true,"href":"https:\/\/exceladvisor.org\/de\/wp-json\/wp\/v2\/users\/1"}],"replies":[{"embeddable":true,"href":"https:\/\/exceladvisor.org\/de\/wp-json\/wp\/v2\/comments?post=3334"}],"version-history":[{"count":1,"href":"https:\/\/exceladvisor.org\/de\/wp-json\/wp\/v2\/pages\/3334\/revisions"}],"predecessor-version":[{"id":4018,"href":"https:\/\/exceladvisor.org\/de\/wp-json\/wp\/v2\/pages\/3334\/revisions\/4018"}],"wp:attachment":[{"href":"https:\/\/exceladvisor.org\/de\/wp-json\/wp\/v2\/media?parent=3334"}],"curies":[{"name":"wp","href":"https:\/\/api.w.org\/{rel}","templated":true}]}}