{"id":3336,"date":"2023-10-31T17:48:54","date_gmt":"2023-10-31T17:48:54","guid":{"rendered":"https:\/\/exceladvisor.org\/de\/fugen-sie-eine-seitenzahl-hinzu\/"},"modified":"2023-12-03T11:20:37","modified_gmt":"2023-12-03T11:20:37","slug":"fugen-sie-eine-seitenzahl-hinzu","status":"publish","type":"page","link":"https:\/\/exceladvisor.org\/de\/fugen-sie-eine-seitenzahl-hinzu\/","title":{"rendered":"Wie f\u00fcge ich eine seitenzahl in excel hinzu?"},"content":{"rendered":"<div class=\"excel-vor-dem-inhalt\" id=\"excel-2061796595\"><script type=\"text\/javascript\">\r\n\tatOptions = {\r\n\t\t'key' : 'c1158f160081d6540a8409e6925dab94',\r\n\t\t'format' : 'iframe',\r\n\t\t'height' : 250,\r\n\t\t'width' : 300,\r\n\t\t'params' : {}\r\n\t};\r\n<\/script>\r\n<script type=\"text\/javascript\" src=\"\/\/www.highperformanceformat.com\/c1158f160081d6540a8409e6925dab94\/invoke.js\"><\/script><\/div> <p>Wie andere Microsoft Office-Anwendungen wie Word oder PowerPoint verf\u00fcgt auch Excel \u00fcber die M\u00f6glichkeit, beim Drucken von Excel-Tabellen Seitenzahlen einzuf\u00fcgen.<\/p><p> Benutzer k\u00f6nnen Seitenzahlen pro Blatt oder auf mehreren Bl\u00e4ttern gleichzeitig in Excel einf\u00fcgen und diese auch anpassen.<\/p><p> Wir haben einige schnelle und einfache Schritte zum Hinzuf\u00fcgen oder Entfernen von Seitenzahlen in Excel erw\u00e4hnt.<\/p><h2 class=\"wp-block-heading\"> F\u00fcgen Sie Seitenzahlen mithilfe der Kopf- und Fu\u00dfzeile hinzu<\/h2><ol><li> Gehen Sie zun\u00e4chst zur Registerkarte \u201eAnsicht\u201c und klicken Sie dann auf das Symbol \u201eSeitenlayout\u201c unter der Gruppe \u201eArbeitsmappenansichten\u201c. <br><img loading=\"lazy\" decoding=\"async\" title=\"1-Seiten-Layout-Symbol\" src=\"https:\/\/exceladvisor.org\/wp-content\/uploads\/2023\/08\/1-icone-de-mise-en-page.png\" sizes=\"auto, \" srcset=\"\" alt=\"page-layout-icon\" width=\"685\" height=\"118\"><\/li><li> Scrollen Sie anschlie\u00dfend im Blatt nach unten und klicken Sie in die Spalte \u201eFu\u00dfzeile\u201c (Links, Mitte, Rechts), je nachdem, auf welcher Seite der Seite Sie die Seitenzahlen anzeigen m\u00f6chten. <br><img loading=\"lazy\" decoding=\"async\" title=\"Spalte mit 2 Fu\u00dfzeilen\" src=\"https:\/\/exceladvisor.org\/wp-content\/uploads\/2023\/08\/2-colonnes-de-pied-de-page.png\" sizes=\"auto, \" srcset=\"\" alt=\"footer-column\" width=\"721\" height=\"170\"><\/li><li> Gehen Sie nun zur Registerkarte \u201eDesign\u201c und klicken Sie auf das Symbol \u201eSeitenzahl\u201c oder \u201eAnzahl der Seiten\u201c, um die Seitenzahlen hinzuzuf\u00fcgen.<\/li><li> Oder klicken Sie auf das Symbol \u201eFu\u00dfzeile\u201c und w\u00e4hlen Sie den Druckstil f\u00fcr die Seitenzahl aus, den Sie hinzuf\u00fcgen m\u00f6chten. <br><img loading=\"lazy\" decoding=\"async\" class=\"alignnone  wp-image-12919\" src=\"https:\/\/exceladvisor.org\/wp-content\/uploads\/2023\/11\/icone-de-numeros-de-3-page.png\" alt=\"Symbol mit 3 Seitenzahlen\" width=\"675\" height=\"488\" srcset=\"https:\/\/exceladvisor.org\/wp-content\/uploads\/2023\/11\/icone-de-numeros-de-3-page.png 1076w, https:\/\/exceladvisor.org\/wp-content\/uploads\/2023\/11\/icone-de-numeros-de-3-page-300x217.png 300w, https:\/\/exceladvisor.org\/wp-content\/uploads\/2023\/11\/icone-de-numeros-de-3-page-1024x740.png 1024w, https:\/\/exceladvisor.org\/wp-content\/uploads\/2023\/11\/icone-de-numeros-de-3-page-768x555.png 768w\" sizes=\"auto, (max-width: 675px) 100vw, 675px\"><\/li><li> Sobald Sie die Option f\u00fcr die Seitenzahl ausgew\u00e4hlt haben, die Sie hinzuf\u00fcgen und drucken m\u00f6chten, f\u00fcgt Excel diese Seitenzahl in Form von Codes zum Arbeitsblatt hinzu. <br><img loading=\"lazy\" decoding=\"async\" title=\"4-Codepage-Nummern1\" src=\"https:\/\/exceladvisor.org\/wp-content\/uploads\/2023\/08\/4-numeros-de-page-code1.png\" sizes=\"auto, \" srcset=\"\" alt=\"page-numbers-code\" width=\"677\" height=\"164\"><\/li><li> Klicken Sie am Ende auf eine beliebige Stelle au\u00dferhalb der \u201eFu\u00dfzeile\u201c, um die Seitenzahlen anzuzeigen. <br><img loading=\"lazy\" decoding=\"async\" title=\"5 Seitenzahlen anzeigen\" src=\"https:\/\/exceladvisor.org\/wp-content\/uploads\/2023\/08\/5-numeros-de-page-daffichage.png\" sizes=\"auto, \" srcset=\"\" alt=\"display-page-numbers\" width=\"645\" height=\"181\"><\/li><\/ol><p> Um zur Normalansicht zur\u00fcckzukehren, nachdem Sie Seitenzahlen mit der Option \u201eKopf- und Fu\u00dfzeile\u201c hinzugef\u00fcgt haben, klicken Sie auf das Symbol \u201eNormalansicht\u201c in der Statusleiste unten in der Excel-Tabelle. <\/p><div class=\"wp-block-image\"><figure class=\"aligncenter size-full is-resized\"><img loading=\"lazy\" decoding=\"async\" class=\"wp-image-64746\" src=\"https:\/\/exceladvisor.org\/wp-content\/uploads\/2023\/08\/6-barre-detat-excel.png\" sizes=\"auto, \" srcset=\"\" alt=\"Excel-Statusleiste\" width=\"774\" height=\"96\"><\/figure><\/div><h2 class=\"wp-block-heading\"> F\u00fcgen Sie Seitenzahlen \u00fcber das Dialogfeld \u201eSeite einrichten\u201c hinzu<\/h2><p> Wenn Benutzer Daten in mehreren Bl\u00e4ttern einer Arbeitsmappe haben und diese Daten in einer fortlaufenden Serie drucken m\u00f6chten, k\u00f6nnen sie mithilfe der Option \u201eDialogfeld\u201c allen Bl\u00e4ttern gleichzeitig Seitenzahlen hinzuf\u00fcgen. Layout&#8220;.<\/p><ol><li> \u00d6ffnen Sie zun\u00e4chst die Arbeitsmappe und w\u00e4hlen Sie die Bl\u00e4tter aus, die Sie drucken m\u00f6chten <strong>(w\u00e4hlen Sie mehrere Bl\u00e4tter aus). <br><img loading=\"lazy\" decoding=\"async\" title=\"7-mehrere Bl\u00e4tter ausw\u00e4hlen\" src=\"https:\/\/exceladvisor.org\/wp-content\/uploads\/2023\/08\/7-selectionner-plusieurs-feuilles.png\" sizes=\"auto, \" srcset=\"\" alt=\"select-multiple-sheets\" width=\"727\" height=\"126\"><\/strong><\/li><li> Gehen Sie anschlie\u00dfend zur Registerkarte \u201eSeitenlayout\u201c und klicken Sie auf den Dialogstarter \u201eSeite einrichten\u201c. <br><img loading=\"lazy\" decoding=\"async\" title=\"8 Registerkarte \u201eSeitenlayout\u201c.\" src=\"https:\/\/exceladvisor.org\/wp-content\/uploads\/2023\/08\/Onglet-de-mise-en-page-de-8-pages.png\" sizes=\"auto, \" srcset=\"\" alt=\"page-layout-tab\" width=\"444\" height=\"133\"><\/li><li> W\u00e4hlen Sie nun im Fenster \u201eSeite einrichten\u201c die Registerkarte \u201eKopf-\/Fu\u00dfzeile\u201c.<\/li><li> Klicken Sie am Ende auf den Dropdown-Pfeil \u201eFu\u00dfzeile\u201c, w\u00e4hlen Sie den Druckstil f\u00fcr die Seitenzahl aus, den Sie anzeigen m\u00f6chten, und klicken Sie dann auf \u201eOK\u201c.<\/li><li> Um die Vorschau anzuzeigen, klicken Sie auf die Schaltfl\u00e4che \u201eDruckvorschau\u201c. <br><img loading=\"lazy\" decoding=\"async\" title=\"9-seitiges Konfigurationsfenster\" src=\"https:\/\/exceladvisor.org\/wp-content\/uploads\/2023\/08\/Fenetre-de-configuration-de-9-pages.png\" sizes=\"auto, \" srcset=\"\" alt=\"page-setup-window\" width=\"414\" height=\"452\"><\/li><li> Sobald Sie auf \u201eOK\u201c klicken, erhalten alle ausgew\u00e4hlten Bl\u00e4tter der Reihe nach Seitenzahlen, beginnend mit der ersten Seite des ersten Blattes<\/li><\/ol><h2 class=\"wp-block-heading\"> Passen Sie die Startseitenzahl an<\/h2><p> In Excel beginnt die Seitenzahl standardm\u00e4\u00dfig mit Seite 1, Benutzer haben jedoch die M\u00f6glichkeit, die Anfangszahl der ersten Seite zu \u00e4ndern.<\/p><ol><li> Gehen Sie zun\u00e4chst zur Registerkarte \u201eSeitenlayout\u201c und klicken Sie auf den Dialogstarter \u201eSeite einrichten\u201c. <br><img loading=\"lazy\" decoding=\"async\" title=\"10-Seiten-Setup-Dialouge-Launcher\" src=\"https:\/\/exceladvisor.org\/wp-content\/uploads\/2023\/08\/Lanceur-de-dialogue-de-configuration-de-10-pages.png\" sizes=\"auto, \" srcset=\"\" alt=\"page-setup-dialogue-launcher\" width=\"458\" height=\"137\"><\/li><li> W\u00e4hlen Sie anschlie\u00dfend im Fenster \u201eSeite einrichten\u201c die Registerkarte \u201eSeite\u201c.<\/li><li> Geben Sie nun in der Spalte \u201eErste Seitenzahl\u201c die Zahl ein, bei der Sie Ihre erste Seitenzahl beginnen m\u00f6chten, und klicken Sie auf \u201eOK\u201c. <br><img loading=\"lazy\" decoding=\"async\" title=\"11-benutzerdefinierte Seitenzahl\" src=\"https:\/\/exceladvisor.org\/wp-content\/uploads\/2023\/08\/11-personnaliser-le-numero-de-page.png\" sizes=\"auto, \" srcset=\"\" alt=\"customize-page-number\" width=\"430\" height=\"470\"><\/li><\/ol><h2 class=\"wp-block-heading\"> F\u00fcgen Sie einen anderen Seitenzahlenstil f\u00fcr gerade und ungerade Seiten hinzu<\/h2><ol><li> Gehen Sie zun\u00e4chst zur Registerkarte \u201eAnsicht\u201c und klicken Sie dann auf das Symbol \u201eSeitenlayout\u201c unter der Gruppe \u201eArbeitsmappenansichten\u201c. <br><img loading=\"lazy\" decoding=\"async\" title=\"12-Tab-Layout\" src=\"https:\/\/exceladvisor.org\/wp-content\/uploads\/2023\/08\/Disposition-de-la-page-a-12-onglets-de-vue.png\" sizes=\"auto, \" srcset=\"\" alt=\"view-tab-page-layout\" width=\"760\" height=\"131\"><\/li><li> Scrollen Sie anschlie\u00dfend auf dem Blatt nach unten und klicken Sie in die Spalte \u201eFu\u00dfzeile\u201c des ersten Blatts.<\/li><li> Gehen Sie nun zur Registerkarte \u201eDesign\u201c und aktivieren Sie das Symbol \u201eUnterschiedliche gerade und ungerade Seiten\u201c im Men\u00fcband<\/li><li> W\u00e4hlen Sie am Ende den Druckstil f\u00fcr die Seitenzahl aus, den Sie f\u00fcr ungerade Seiten anzeigen m\u00f6chten. <br><img loading=\"lazy\" decoding=\"async\" class=\"alignnone  wp-image-12920\" src=\"https:\/\/exceladvisor.org\/wp-content\/uploads\/2023\/11\/Liste-deroulante-de-13-pied-de-page.png\" alt=\"13 Fu\u00dfzeilen-Dropdown\" width=\"701\" height=\"398\" srcset=\"https:\/\/exceladvisor.org\/wp-content\/uploads\/2023\/11\/Liste-deroulante-de-13-pied-de-page.png 1185w, https:\/\/exceladvisor.org\/wp-content\/uploads\/2023\/11\/Liste-deroulante-de-13-pied-de-page-300x170.png 300w, https:\/\/exceladvisor.org\/wp-content\/uploads\/2023\/11\/Liste-deroulante-de-13-pied-de-page-1024x582.png 1024w, https:\/\/exceladvisor.org\/wp-content\/uploads\/2023\/11\/Liste-deroulante-de-13-pied-de-page-768x436.png 768w\" sizes=\"auto, (max-width: 701px) 100vw, 701px\"><\/li><li> Zu diesem Zeitpunkt werden Ihre Seitenzahlen mit dem von Ihnen ausgew\u00e4hlten Druckstil f\u00fcr Seitenzahlen f\u00fcr ungerade Seiten hinzugef\u00fcgt. <br><img loading=\"lazy\" decoding=\"async\" title=\"14 ungerade Seitenzahlen\" src=\"https:\/\/exceladvisor.org\/wp-content\/uploads\/2023\/08\/14-numero-de-page-impair.png\" sizes=\"auto, \" srcset=\"\" alt=\"odd-page-number\" width=\"703\" height=\"142\"><\/li><li> Scrollen Sie erneut im Blatt nach unten zur n\u00e4chsten Seite, z. B. Seite Nummer 2, und w\u00e4hlen Sie die Spalte \u201eFu\u00dfzeile\u201c dieses Blattes aus.<\/li><li> Wiederholen Sie anschlie\u00dfend den gleichen Vorgang, den Sie gerade f\u00fcr die Spalte \u201eFu\u00dfzeile\u201c der ersten Seite f\u00fcr ungerade Seiten durchgef\u00fchrt haben.<\/li><li> Zu diesem Zeitpunkt werden Ihre Seitenzahlen mit dem von Ihnen ausgew\u00e4hlten Druckstil f\u00fcr Seitenzahlen f\u00fcr gerade Seiten hinzugef\u00fcgt. <br><img loading=\"lazy\" decoding=\"async\" title=\"15 gerade Seitenzahlen\" src=\"https:\/\/exceladvisor.org\/wp-content\/uploads\/2023\/08\/15-numero-de-page-pair.png\" sizes=\"auto, \" srcset=\"\" alt=\"even-page-number\" width=\"738\" height=\"145\"><\/li><li> Sobald Sie mit den geraden und ungeraden Fu\u00dfzeilen fertig sind, werden Ihre geraden und ungeraden Zahlen in zwei verschiedenen Stilen gedruckt, je nachdem, welche Stile Sie f\u00fcr den Druck der Seitenzahlen ausgew\u00e4hlt haben.<\/li><\/ol><h2 class=\"wp-block-heading\"> Entfernen Sie Seitenzahlen mithilfe der Kopf- und Fu\u00dfzeile<\/h2><ol><li> \u00d6ffnen Sie zun\u00e4chst die Optionen \u201eKopf- und Fu\u00dfzeile\u201c.<\/li><li> Scrollen Sie anschlie\u00dfend in der Excel-Tabelle nach unten und klicken Sie in die Spalte \u201eFu\u00dfzeile\u201c, in der Sie den Seitenzahlencode hinzugef\u00fcgt haben.<\/li><li> W\u00e4hlen Sie nun den gesamten Seitenzahlencode aus und klicken Sie auf \u201eL\u00f6schen\u201c. <\/li><\/ol><div class=\"wp-block-image\"><figure class=\"aligncenter size-full is-resized\"><img loading=\"lazy\" decoding=\"async\" class=\"wp-image-64756\" src=\"https:\/\/exceladvisor.org\/wp-content\/uploads\/2023\/08\/16-supprimer-le-numero-de-page.png\" sizes=\"auto, \" srcset=\"\" alt=\"Seitennummer entfernen\" width=\"728\" height=\"135\"><\/figure><\/div><h2 class=\"wp-block-heading\"> Entfernen Sie Seitenzahlen mithilfe des Dialogfelds \u201eSeite einrichten\u201c.<\/h2><ol><li> Gehen Sie zun\u00e4chst zur Registerkarte \u201eSeitenlayout\u201c und klicken Sie auf den Dialogstarter \u201eSeite einrichten\u201c.<\/li><li> W\u00e4hlen Sie anschlie\u00dfend die Registerkarte \u201eKopf-\/Fu\u00dfzeile\u201c und klicken Sie auf die Option \u201eBenutzerdefinierte Fu\u00dfzeile\u201c. <br><img loading=\"lazy\" decoding=\"async\" title=\"Option mit 17 benutzerdefinierten Fu\u00dfzeilen\" src=\"https:\/\/exceladvisor.org\/wp-content\/uploads\/2023\/08\/17-option-de-pied-de-page-personnalise.png\" sizes=\"auto, \" srcset=\"\" alt=\"custom-footer-option\" width=\"397\" height=\"436\"><\/li><li> W\u00e4hlen Sie nun \u201eUngerade Fu\u00dfzeile\u201c oder \u201eGerade Fu\u00dfzeile\u201c, wenn Sie unterschiedliche Seitenzahlenstile f\u00fcr gerade und ungerade Seiten hinzugef\u00fcgt haben.<\/li><li> W\u00e4hlen Sie am Ende den gesamten Seitenzahlencode aus, dr\u00fccken Sie die Entf-Taste und klicken Sie dann auf \u201eOK\u201c. <br><img loading=\"lazy\" decoding=\"async\" title=\"Fu\u00dfzeile mit 18 ungeraden geraden Seiten\" src=\"https:\/\/exceladvisor.org\/wp-content\/uploads\/2023\/08\/18-pied-de-page-pair-impair.png\" sizes=\"auto, \" srcset=\"\" alt=\"odd-even-page-footer\" width=\"647\" height=\"336\"><\/li><\/ol><div class=\"gb-container gb-container-4db6181c gb-container-mt\"> <a class=\"gb-button gb-button-c5897111 gb-button-text gb-button-mt-button\" href=\"https:\/\/exceladvisor.org\/de\/excel-grundlagen\/\">Microsoft Excel-Grundlagen (Komponenten, Teile und Wissenshinweise)<\/a><h2 class=\"gb-headline gb-headline-665e5f6b gb-headline-text gb-headline-mt-heading\"> Verwandte Tutorials <\/h2><div class=\"gb-grid-wrapper gb-grid-wrapper-a20baf7c gb-grid-wrapper-mt-grid\"><div class=\"gb-grid-column gb-grid-column-65ddf67e\"><div class=\"gb-container gb-container-65ddf67e\"><ul><li> <a href=\"https:\/\/exceladvisor.org\/de\/buchhaltungsnummernformat\/\">Wenden Sie das Buchhaltungsnummernformat in Excel an<\/a><\/li><li> <a href=\"https:\/\/exceladvisor.org\/de\/zellfarbe\/\">Wenden Sie eine Hintergrundfarbe auf eine Zelle oder das gesamte Blatt in Excel an<\/a><\/li><li> <a href=\"https:\/\/exceladvisor.org\/de\/das-gitter\/\">Excel-Gitternetzlinien drucken (l\u00f6schen, k\u00fcrzen und Farbe \u00e4ndern)<\/a><\/li><li> <a href=\"https:\/\/exceladvisor.org\/de\/komma-stil-anwenden\/\">Wenden Sie den Kommastil in Excel an<\/a><\/li><\/ul><\/div><\/div><\/div><\/div>","protected":false},"excerpt":{"rendered":"","protected":false},"author":1,"featured_media":0,"parent":0,"menu_order":0,"comment_status":"open","ping_status":"closed","template":"","meta":{"ub_ctt_via":"","footnotes":""},"class_list":["post-3336","page","type-page","status-publish","hentry"],"featured_image_src":null,"yoast_head":"<!-- This site is optimized with the Yoast SEO plugin v25.4 - https:\/\/yoast.com\/wordpress\/plugins\/seo\/ -->\n<title>Wie f\u00fcge ich eine Seitenzahl in Excel hinzu? (Tutorial 2023)<\/title>\n<meta name=\"description\" content=\"In diesem Tutorial erfahren Sie, wie Sie Seitenzahlen in Excel hinzuf\u00fcgen und entfernen. Wir werden uns verschiedene M\u00f6glichkeiten ansehen\" \/>\n<meta name=\"robots\" content=\"index, follow, max-snippet:-1, max-image-preview:large, max-video-preview:-1\" \/>\n<link rel=\"canonical\" href=\"https:\/\/exceladvisor.org\/de\/fugen-sie-eine-seitenzahl-hinzu\/\" \/>\n<meta property=\"og:locale\" content=\"de_DE\" \/>\n<meta property=\"og:type\" content=\"article\" \/>\n<meta property=\"og:title\" content=\"Wie f\u00fcge ich eine Seitenzahl in Excel hinzu? (Tutorial 2023)\" \/>\n<meta property=\"og:description\" content=\"In diesem Tutorial erfahren Sie, wie Sie Seitenzahlen in Excel hinzuf\u00fcgen und entfernen. Wir werden uns verschiedene M\u00f6glichkeiten ansehen\" \/>\n<meta property=\"og:url\" content=\"https:\/\/exceladvisor.org\/de\/fugen-sie-eine-seitenzahl-hinzu\/\" \/>\n<meta property=\"og:site_name\" content=\"Excel Advisor\" \/>\n<meta property=\"article:modified_time\" content=\"2023-12-03T11:20:37+00:00\" \/>\n<meta property=\"og:image\" content=\"https:\/\/exceladvisor.org\/wp-content\/uploads\/2023\/08\/1-icone-de-mise-en-page.png\" \/>\n<meta name=\"twitter:card\" content=\"summary_large_image\" \/>\n<meta name=\"twitter:label1\" content=\"Gesch\u00e4tzte Lesezeit\" \/>\n\t<meta name=\"twitter:data1\" content=\"5\u00a0Minuten\" \/>\n<script type=\"application\/ld+json\" class=\"yoast-schema-graph\">{\"@context\":\"https:\/\/schema.org\",\"@graph\":[{\"@type\":\"WebPage\",\"@id\":\"https:\/\/exceladvisor.org\/de\/fugen-sie-eine-seitenzahl-hinzu\/\",\"url\":\"https:\/\/exceladvisor.org\/de\/fugen-sie-eine-seitenzahl-hinzu\/\",\"name\":\"Wie f\u00fcge ich eine Seitenzahl in Excel hinzu? (Tutorial 2023)\",\"isPartOf\":{\"@id\":\"https:\/\/exceladvisor.org\/de\/#website\"},\"primaryImageOfPage\":{\"@id\":\"https:\/\/exceladvisor.org\/de\/fugen-sie-eine-seitenzahl-hinzu\/#primaryimage\"},\"image\":{\"@id\":\"https:\/\/exceladvisor.org\/de\/fugen-sie-eine-seitenzahl-hinzu\/#primaryimage\"},\"thumbnailUrl\":\"https:\/\/exceladvisor.org\/wp-content\/uploads\/2023\/08\/1-icone-de-mise-en-page.png\",\"datePublished\":\"2023-10-31T17:48:54+00:00\",\"dateModified\":\"2023-12-03T11:20:37+00:00\",\"description\":\"In diesem Tutorial erfahren Sie, wie Sie Seitenzahlen in Excel hinzuf\u00fcgen und entfernen. Wir werden uns verschiedene M\u00f6glichkeiten ansehen\",\"breadcrumb\":{\"@id\":\"https:\/\/exceladvisor.org\/de\/fugen-sie-eine-seitenzahl-hinzu\/#breadcrumb\"},\"inLanguage\":\"de\",\"potentialAction\":[{\"@type\":\"ReadAction\",\"target\":[\"https:\/\/exceladvisor.org\/de\/fugen-sie-eine-seitenzahl-hinzu\/\"]}]},{\"@type\":\"ImageObject\",\"inLanguage\":\"de\",\"@id\":\"https:\/\/exceladvisor.org\/de\/fugen-sie-eine-seitenzahl-hinzu\/#primaryimage\",\"url\":\"https:\/\/exceladvisor.org\/wp-content\/uploads\/2023\/08\/1-icone-de-mise-en-page.png\",\"contentUrl\":\"https:\/\/exceladvisor.org\/wp-content\/uploads\/2023\/08\/1-icone-de-mise-en-page.png\"},{\"@type\":\"BreadcrumbList\",\"@id\":\"https:\/\/exceladvisor.org\/de\/fugen-sie-eine-seitenzahl-hinzu\/#breadcrumb\",\"itemListElement\":[{\"@type\":\"ListItem\",\"position\":1,\"name\":\"Accueil\",\"item\":\"https:\/\/exceladvisor.org\/de\/\"},{\"@type\":\"ListItem\",\"position\":2,\"name\":\"Wie f\u00fcge ich eine seitenzahl in excel hinzu?\"}]},{\"@type\":\"WebSite\",\"@id\":\"https:\/\/exceladvisor.org\/de\/#website\",\"url\":\"https:\/\/exceladvisor.org\/de\/\",\"name\":\"Excel Advisor\",\"description\":\"Ihr Leitfaden zur Datendominanz\",\"publisher\":{\"@id\":\"https:\/\/exceladvisor.org\/de\/#organization\"},\"potentialAction\":[{\"@type\":\"SearchAction\",\"target\":{\"@type\":\"EntryPoint\",\"urlTemplate\":\"https:\/\/exceladvisor.org\/de\/?s={search_term_string}\"},\"query-input\":{\"@type\":\"PropertyValueSpecification\",\"valueRequired\":true,\"valueName\":\"search_term_string\"}}],\"inLanguage\":\"de\"},{\"@type\":\"Organization\",\"@id\":\"https:\/\/exceladvisor.org\/de\/#organization\",\"name\":\"Excel Advisor\",\"url\":\"https:\/\/exceladvisor.org\/de\/\",\"logo\":{\"@type\":\"ImageObject\",\"inLanguage\":\"de\",\"@id\":\"https:\/\/exceladvisor.org\/de\/#\/schema\/logo\/image\/\",\"url\":\"https:\/\/exceladvisor.org\/de\/wp-content\/uploads\/2023\/11\/exceladvisor.org_.png\",\"contentUrl\":\"https:\/\/exceladvisor.org\/de\/wp-content\/uploads\/2023\/11\/exceladvisor.org_.png\",\"width\":105,\"height\":36,\"caption\":\"Excel Advisor\"},\"image\":{\"@id\":\"https:\/\/exceladvisor.org\/de\/#\/schema\/logo\/image\/\"}}]}<\/script>\n<!-- \/ Yoast SEO plugin. -->","yoast_head_json":{"title":"Wie f\u00fcge ich eine Seitenzahl in Excel hinzu? (Tutorial 2023)","description":"In diesem Tutorial erfahren Sie, wie Sie Seitenzahlen in Excel hinzuf\u00fcgen und entfernen. Wir werden uns verschiedene M\u00f6glichkeiten ansehen","robots":{"index":"index","follow":"follow","max-snippet":"max-snippet:-1","max-image-preview":"max-image-preview:large","max-video-preview":"max-video-preview:-1"},"canonical":"https:\/\/exceladvisor.org\/de\/fugen-sie-eine-seitenzahl-hinzu\/","og_locale":"de_DE","og_type":"article","og_title":"Wie f\u00fcge ich eine Seitenzahl in Excel hinzu? (Tutorial 2023)","og_description":"In diesem Tutorial erfahren Sie, wie Sie Seitenzahlen in Excel hinzuf\u00fcgen und entfernen. Wir werden uns verschiedene M\u00f6glichkeiten ansehen","og_url":"https:\/\/exceladvisor.org\/de\/fugen-sie-eine-seitenzahl-hinzu\/","og_site_name":"Excel Advisor","article_modified_time":"2023-12-03T11:20:37+00:00","og_image":[{"url":"https:\/\/exceladvisor.org\/wp-content\/uploads\/2023\/08\/1-icone-de-mise-en-page.png","type":"","width":"","height":""}],"twitter_card":"summary_large_image","twitter_misc":{"Gesch\u00e4tzte Lesezeit":"5\u00a0Minuten"},"schema":{"@context":"https:\/\/schema.org","@graph":[{"@type":"WebPage","@id":"https:\/\/exceladvisor.org\/de\/fugen-sie-eine-seitenzahl-hinzu\/","url":"https:\/\/exceladvisor.org\/de\/fugen-sie-eine-seitenzahl-hinzu\/","name":"Wie f\u00fcge ich eine Seitenzahl in Excel hinzu? (Tutorial 2023)","isPartOf":{"@id":"https:\/\/exceladvisor.org\/de\/#website"},"primaryImageOfPage":{"@id":"https:\/\/exceladvisor.org\/de\/fugen-sie-eine-seitenzahl-hinzu\/#primaryimage"},"image":{"@id":"https:\/\/exceladvisor.org\/de\/fugen-sie-eine-seitenzahl-hinzu\/#primaryimage"},"thumbnailUrl":"https:\/\/exceladvisor.org\/wp-content\/uploads\/2023\/08\/1-icone-de-mise-en-page.png","datePublished":"2023-10-31T17:48:54+00:00","dateModified":"2023-12-03T11:20:37+00:00","description":"In diesem Tutorial erfahren Sie, wie Sie Seitenzahlen in Excel hinzuf\u00fcgen und entfernen. Wir werden uns verschiedene M\u00f6glichkeiten ansehen","breadcrumb":{"@id":"https:\/\/exceladvisor.org\/de\/fugen-sie-eine-seitenzahl-hinzu\/#breadcrumb"},"inLanguage":"de","potentialAction":[{"@type":"ReadAction","target":["https:\/\/exceladvisor.org\/de\/fugen-sie-eine-seitenzahl-hinzu\/"]}]},{"@type":"ImageObject","inLanguage":"de","@id":"https:\/\/exceladvisor.org\/de\/fugen-sie-eine-seitenzahl-hinzu\/#primaryimage","url":"https:\/\/exceladvisor.org\/wp-content\/uploads\/2023\/08\/1-icone-de-mise-en-page.png","contentUrl":"https:\/\/exceladvisor.org\/wp-content\/uploads\/2023\/08\/1-icone-de-mise-en-page.png"},{"@type":"BreadcrumbList","@id":"https:\/\/exceladvisor.org\/de\/fugen-sie-eine-seitenzahl-hinzu\/#breadcrumb","itemListElement":[{"@type":"ListItem","position":1,"name":"Accueil","item":"https:\/\/exceladvisor.org\/de\/"},{"@type":"ListItem","position":2,"name":"Wie f\u00fcge ich eine seitenzahl in excel hinzu?"}]},{"@type":"WebSite","@id":"https:\/\/exceladvisor.org\/de\/#website","url":"https:\/\/exceladvisor.org\/de\/","name":"Excel Advisor","description":"Ihr Leitfaden zur Datendominanz","publisher":{"@id":"https:\/\/exceladvisor.org\/de\/#organization"},"potentialAction":[{"@type":"SearchAction","target":{"@type":"EntryPoint","urlTemplate":"https:\/\/exceladvisor.org\/de\/?s={search_term_string}"},"query-input":{"@type":"PropertyValueSpecification","valueRequired":true,"valueName":"search_term_string"}}],"inLanguage":"de"},{"@type":"Organization","@id":"https:\/\/exceladvisor.org\/de\/#organization","name":"Excel Advisor","url":"https:\/\/exceladvisor.org\/de\/","logo":{"@type":"ImageObject","inLanguage":"de","@id":"https:\/\/exceladvisor.org\/de\/#\/schema\/logo\/image\/","url":"https:\/\/exceladvisor.org\/de\/wp-content\/uploads\/2023\/11\/exceladvisor.org_.png","contentUrl":"https:\/\/exceladvisor.org\/de\/wp-content\/uploads\/2023\/11\/exceladvisor.org_.png","width":105,"height":36,"caption":"Excel Advisor"},"image":{"@id":"https:\/\/exceladvisor.org\/de\/#\/schema\/logo\/image\/"}}]}},"yoast_meta":{"yoast_wpseo_title":"","yoast_wpseo_metadesc":"","yoast_wpseo_canonical":""},"_links":{"self":[{"href":"https:\/\/exceladvisor.org\/de\/wp-json\/wp\/v2\/pages\/3336","targetHints":{"allow":["GET"]}}],"collection":[{"href":"https:\/\/exceladvisor.org\/de\/wp-json\/wp\/v2\/pages"}],"about":[{"href":"https:\/\/exceladvisor.org\/de\/wp-json\/wp\/v2\/types\/page"}],"author":[{"embeddable":true,"href":"https:\/\/exceladvisor.org\/de\/wp-json\/wp\/v2\/users\/1"}],"replies":[{"embeddable":true,"href":"https:\/\/exceladvisor.org\/de\/wp-json\/wp\/v2\/comments?post=3336"}],"version-history":[{"count":1,"href":"https:\/\/exceladvisor.org\/de\/wp-json\/wp\/v2\/pages\/3336\/revisions"}],"predecessor-version":[{"id":4017,"href":"https:\/\/exceladvisor.org\/de\/wp-json\/wp\/v2\/pages\/3336\/revisions\/4017"}],"wp:attachment":[{"href":"https:\/\/exceladvisor.org\/de\/wp-json\/wp\/v2\/media?parent=3336"}],"curies":[{"name":"wp","href":"https:\/\/api.w.org\/{rel}","templated":true}]}}