{"id":3337,"date":"2023-10-31T17:10:51","date_gmt":"2023-10-31T17:10:51","guid":{"rendered":"https:\/\/exceladvisor.org\/de\/ende-des-monats\/"},"modified":"2023-12-03T11:19:15","modified_gmt":"2023-12-03T11:19:15","slug":"ende-des-monats","status":"publish","type":"page","link":"https:\/\/exceladvisor.org\/de\/ende-des-monats\/","title":{"rendered":"Wie erhalte ich das enddatum des monats in excel?"},"content":{"rendered":"<div class=\"excel-vor-dem-inhalt\" id=\"excel-4214581989\"><script type=\"text\/javascript\">\r\n\tatOptions = {\r\n\t\t'key' : 'c1158f160081d6540a8409e6925dab94',\r\n\t\t'format' : 'iframe',\r\n\t\t'height' : 250,\r\n\t\t'width' : 300,\r\n\t\t'params' : {}\r\n\t};\r\n<\/script>\r\n<script type=\"text\/javascript\" src=\"\/\/www.highperformanceformat.com\/c1158f160081d6540a8409e6925dab94\/invoke.js\"><\/script><\/div> <p>Manchmal ben\u00f6tigen wir ein Monatsenddatum, das wir als Abschlussdatum, F\u00e4lligkeitsdatum oder Zieldatum verwenden k\u00f6nnen, oder manchmal ben\u00f6tigen wir es, um die Tage zwischen zwei Daten zu berechnen.<\/p><p> Wir k\u00f6nnen es problemlos manuell hinzuf\u00fcgen, aber einige Formeln <span style=\"font-size: revert;\">k\u00f6nnen uns bei der Berechnung helfen.<\/span><\/p><p> Der beste Weg, das letzte Datum des Monats zu berechnen, ist die Verwendung der Funktion EOMONTH. Abgesehen davon k\u00f6nnen Sie aber auch andere Methoden (VBA) verwenden.<\/p><p> Der Vorteil der Verwendung einer Formel oder einer anderen dynamischen Methode besteht darin, dass Sie sie nicht immer wieder berechnen m\u00fcssen. Heute m\u00f6chte ich Ihnen in diesem Artikel drei einfache und dynamische M\u00f6glichkeiten vorstellen, das Monatsenddatum in Excel zu erhalten.<\/p><p> Also fangen wir an und laden Sie bitte dieselbe Datei hier herunter, um mitzumachen.<\/p><h2 id=\"tab-con-1\" class=\"wp-block-heading\"> Ermitteln Sie den letzten Tag des Monats mit der Funktion EOMONTH<\/h2><p> EOMONTH ist meine Lieblingsfunktion zur Berechnung des letzten Tages eines Monats. Diese Funktion ist speziell f\u00fcr diese Art von Berechnungen konzipiert.<\/p><p> Sie m\u00fcssen lediglich ein aktuelles Datum sowie die Anzahl der Monate angeben, in denen Sie das letzte Datum vor und nach dem Startdatum berechnen m\u00f6chten. Hier ist die Syntax:<\/p><p class=\"formula\"> EOMONTH(start_date, Monat)<\/p><p> In dieser Syntax ist das Startdatum das aktuelle Datum und die Monate sind eine Zahl, die die Anzahl der Monate vorw\u00e4rts oder r\u00fcckw\u00e4rts angibt.<\/p><h2 id=\"tab-con-2\" class=\"wp-block-heading\"> Enddatum desselben Monats<\/h2><p> Nehmen wir an, Sie haben das Datum \u201e06. Februar 2017\u201c und m\u00f6chten den letzten Tag des \u201eFebruar\u201c erhalten. In diesem Fall sollten Sie folgende Formeln verwenden: <\/p><pre class=\"wp-block-code\"> <code class=\"language-excel-formula\" lang=\"excel-formula\">=EOMONTH(\"22-Feb-2017\",0)<\/code><\/pre><div class=\"wp-block-image\"><figure class=\"aligncenter\"><img decoding=\"async\" src=\"https:\/\/exceladvisor.org\/wp-content\/uploads\/2023\/08\/obtenir-le-dernier-jour-dun-mois-en-cours-en-utilisant-eomonth-min-1.png\" sizes=\"\" srcset=\"\" alt=\"Mit eomonth das Tagesende f\u00fcr den aktuellen Monat abrufen\"><\/figure><\/div><p> Im obigen Beispiel wurde bei Verwendung von EOMONTH der 28. Februar 2017 zur\u00fcckgegeben, was das letzte Datum im Februar ist.<\/p><p> <strong>So funktioniert es<\/strong> : Hier haben Sie \u201e0\u201c als numerisches Argument verwendet, da das von Ihnen verwendete Startdatum Februar ist und Sie nicht den letzten Tag desselben Monats haben. Wenn Sie \u201e0\u201c verwenden, wird einfach das letzte Datum f\u00fcr denselben Monat zur\u00fcckgegeben, f\u00fcr den Sie das Startdatum haben.<\/p><p> Um eine dynamische Formel zu erstellen, k\u00f6nnen Sie die Funktion TODAY im Argument <code>start_date<\/code> verwenden.<\/p><h2 id=\"tab-con-3\" class=\"wp-block-heading\"> Enddatum des zuk\u00fcnftigen Monats<\/h2><p> Nehmen wir nun an, dass Sie ab demselben Datum den letzten Tag im \u201eApril\u201c erhalten m\u00f6chten. In diesem Fall sollten Sie folgende Formeln verwenden: <\/p><pre class=\"wp-block-code\"> <code class=\"language-excel-formula\" lang=\"excel-formula\">=EOMONTH(\"22-Feb-2017\",2)<\/code><\/pre><div class=\"wp-block-image\"><figure class=\"aligncenter\"><img decoding=\"async\" src=\"https:\/\/exceladvisor.org\/wp-content\/uploads\/2023\/08\/obtenir-le-dernier-jour-du-mois-futur-en-utilisant-eomonth-min-1.png\" sizes=\"\" srcset=\"\" alt=\"Holen Sie sich mit eomonth das Monatsenddatum f\u00fcr den zuk\u00fcnftigen Monat\"><\/figure><\/div><p> Im obigen Beispiel gab die Formel den 30. April 2017 zur\u00fcck, also das letzte Datum im April.<\/p><h3 class=\"wp-block-heading\"> Wie es funktioniert<\/h3><p> Hier haben Sie \u201e2\u201c als numerisches Argument verwendet und als Startdatum haben Sie Februar verwendet. Wenn Sie nun schauen, liegt der April genau zwei Monate nach Februar, deshalb kam er am 30. April 2017 zur\u00fcck.<\/p><h2 id=\"tab-con-4\" class=\"wp-block-heading\"> Enddatum des Vormonats<\/h2><p> Und wenn Sie das letzte Datum eines vorherigen Monats erhalten m\u00f6chten, k\u00f6nnen Sie daf\u00fcr eine negative Zahl verwenden. Nehmen wir an, Sie m\u00f6chten den letzten Tag im Januar. Die Formel, die Sie verwenden sollten: <\/p><pre class=\"wp-block-code\"> <code class=\"language-excel-formula\" lang=\"excel-formula\">=EOMONTH(\"22-Feb-2017\",-1)<\/code><\/pre><div class=\"wp-block-image\"><figure class=\"aligncenter size-full\"><img loading=\"lazy\" decoding=\"async\" class=\"wp-image-11929\" src=\"https:\/\/exceladvisor.org\/wp-content\/uploads\/2023\/08\/obtenir-le-dernier-jour-du-mois-precedent-en-utilisant-eomonth-min-1.png\" sizes=\"auto, \" srcset=\"\" alt=\"Holen Sie sich mit eomonth das Monatsenddatum f\u00fcr den vorherigen Monat\" width=\"524\" height=\"143\"><\/figure><\/div><p> Im obigen Beispiel gab die Formel den 31. Januar 2017 zur\u00fcck, also das letzte Datum im Januar.<\/p><p> <strong>So funktioniert es:<\/strong> Hier haben Sie \u201e-1\u201c f\u00fcr das numerische Argument verwendet und Jan liegt genau 1 Monat vor Feb.<\/p><h2 id=\"tab-con-5\" class=\"wp-block-heading\"> DATE-Funktion zum Abrufen des letzten Datums des Monats<\/h2><p> Die DATE-Funktion ist ein weiterer Ansatz, um den letzten Tag in Excel zu ermitteln. Die Datumsfunktion hilft Ihnen, ein g\u00fcltiges Excel-Datum zu erstellen, indem Sie Jahr, Monat und Tag angeben. Hier ist die Syntax:<\/p><p> DATUM (Jahr, Monat, Tag)<\/p><p> Wie ich bereits erw\u00e4hnt habe, m\u00fcssen Sie in der Datumsfunktion das Jahr, den Monat und den Tag eingeben, woraufhin sie ein g\u00fcltiges Datum zur\u00fcckgibt. Nun gibt es einen kleinen Trick, den Sie mit dem heutigen Argument machen k\u00f6nnen. <\/p><div class=\"su-note\" style=\"border-color: #bdc7a7; border-radius: 3px; -moz-border-radius: 3px; -webkit-border-radius: 3px;\"><div class=\"su-note-inner su-u-clearfix su-u-trim\" style=\"background-color: #d7e1c1; border-color: #ffffff; color: #3a3a3a; border-radius: 3px; -moz-border-radius: 3px; -webkit-border-radius: 3px;\"> <strong>Kleiner Tipp:<\/strong> Wenn Sie als Tag 0 verwenden, wird das letzte Datum des Vormonats zur\u00fcckgegeben. Wenn Sie beispielsweise Jahr: 2017, Monat: 4 (z. B. Mai) und Tag: 0 angeben, wird als Ergebnis der 30. April 2017 zur\u00fcckgegeben.<\/div><\/div><p> Und wenn Sie den letzten Tag des aktuellen Monats berechnen m\u00f6chten, lautet die Formel: <\/p><div class=\"wp-block-image\"><figure class=\"aligncenter\"><img decoding=\"async\" src=\"https:\/\/exceladvisor.org\/wp-content\/uploads\/2023\/08\/obtenir-le-dernier-jour-du-mois-en-utilisant-la-date-min-1.png\" sizes=\"\" srcset=\"\" alt=\"Ermitteln Sie das Enddatum des Monats mithilfe der Datumsfunktion\"><\/figure><\/div><pre class=\"wp-block-code\"> <code class=\"language-excel-formula\" lang=\"excel-formula\">=DATE(CurrentYear,CurrentMonth + 1,0)<\/code><\/pre><p> Oder, wenn Sie nur ein Datum haben, auf das Sie sich beziehen k\u00f6nnen, lautet die Formel:<\/p><pre class=\"wp-block-code\"> <code class=\"language-excel-formula\" lang=\"excel-formula\">=DATE(YEAR(date),MONTH(date)+1,0)<\/code><\/pre><h2 id=\"tab-con-6\" class=\"wp-block-heading\"> Holen Sie sich den letzten Tag mit einem UDF<\/h2><p> Ein tolles VBA-Beispiel. Dies ist ein Makrocode f\u00fcr die Verwendung einer <a href=\"https:\/\/exceladvisor.org\/de\/benutzerdefinierte-funktion-2\/\">VBA-UDF<\/a> , um den letzten Tag des Monats abzurufen. Kopieren Sie es einfach in Ihren VBA-Editor. <\/p><pre class=\"wp-block-code\"> <code class=\"language-Visual Basic\" lang=\"Visual Basic\">Function LastD(Optional sd As Date = 0) As Date If sd = 0 Then sd = VBA.DateLastD = VBA.DateSerial(VBA.Year(sd), VBA.Month(sd) + 1, 0) End Function<\/code><\/pre><div class=\"wp-block-image\"><figure class=\"aligncenter\"><img decoding=\"async\" src=\"https:\/\/exceladvisor.org\/wp-content\/uploads\/2023\/08\/obtenir-le-dernier-jour-dun-mois-en-utilisant-vba-min-1.png\" sizes=\"\" srcset=\"\" alt=\"Holen Sie sich das Enddatum des Monats mit VBA\"><\/figure><\/div><p> Geben Sie in Ihrer Tabelle \u201e=LastD(\u201c ein und f\u00fcgen Sie das Datum des Monats oder einen Verweis auf eine Zelle ein. Wenn Sie den letzten Tag des aktuellen Monats m\u00f6chten, lassen Sie das Feld einfach in Klammern leer.<\/p><h2 class=\"wp-block-heading\"> Abschluss<\/h2><p> Wie ich bereits sagte, kann Ihnen der letzte Tag des Monats bei der Berechnung von Zielterminen, F\u00e4lligkeitsterminen oder Fertigstellungsterminen hilfreich sein. Und jetzt haben wir drei verschiedene M\u00f6glichkeiten, es zu bekommen.<\/p><p> Wenn Sie EOMONTH verwenden, ist es sehr einfach, eine dynamische Formel zu erstellen, die Ihnen dabei helfen kann, vergangene oder zuk\u00fcnftige Monate zu datieren, und ich denke, dass dies der beste Weg ist, dies zu tun.<\/p><p> Ich hoffe, dass Sie es n\u00fctzlich fanden und dass es Ihnen hilft, Ihre F\u00e4higkeiten auf die n\u00e4chste Stufe zu bringen.<\/p><p> Jetzt sag mir eins. Was ist vor allem deine Lieblingsmethode? Oder hast du eine andere Methode? Bitte teilen Sie es mir im Kommentarfeld mit, ich w\u00fcrde mich freuen, von Ihnen zu h\u00f6ren. Und vergessen Sie nicht, es mit Ihren Freunden zu teilen.<\/p><div class=\"gb-container gb-container-0df56012 gb-container-mt\"> <a class=\"gb-button gb-button-f9f432f4 gb-button-text gb-button-mt-button\" href=\"https:\/\/exceladvisor.org\/de\/formeln\/\">Liste der Excel-Formeln<\/a><h2 class=\"gb-headline gb-headline-233444e8 gb-headline-text gb-headline-mt-heading\"> Verwandte Formeln <\/h2><div class=\"gb-grid-wrapper gb-grid-wrapper-a16fa65c gb-grid-wrapper-mt-grid\"><div class=\"gb-grid-column gb-grid-column-50d07e0d\"><div class=\"gb-container gb-container-50d07e0d\"><ul><li> <a href=\"https:\/\/exceladvisor.org\/de\/einem-datum-einen-monat-hinzufugen-2\/\">F\u00fcgen Sie einem Datum in Excel einen Monat hinzu<\/a><\/li><li> <a href=\"https:\/\/exceladvisor.org\/de\/erster-tag-des-2.-monats\/\">Erhalten Sie den ersten Tag des Monats in Excel (Monatsanfang)<\/a><\/li><li> <a href=\"https:\/\/exceladvisor.org\/de\/name-des-monats\/\">Monat aus einem Datum in Excel abrufen (Auszug)<\/a><\/li><li> <a href=\"https:\/\/exceladvisor.org\/de\/quartal\/\">Erhalten Sie ein Quartal aus einem Datum [Fiskal + Kalender] in Excel<\/a> <\/li><\/ul><\/div><\/div><div class=\"gb-grid-column gb-grid-column-5b4a0cf9\"><div class=\"gb-container gb-container-5b4a0cf9\"><ul><li> <a href=\"https:\/\/exceladvisor.org\/de\/monat-zwischen-zwei-daten\/\">Anzahl der Monate zwischen zwei Daten in Excel<\/a><\/li><li> <a href=\"https:\/\/exceladvisor.org\/de\/name-des-monats-auf-platz-2\/\">Konvertieren Sie den Monatsnamen in eine Zahl<\/a><\/li><li> <a href=\"https:\/\/exceladvisor.org\/de\/datum-im-monat-jahr\/\">Konvertieren Sie ein Datum in Monat und Jahr<\/a><\/li><\/ul><\/div><\/div><\/div><\/div>","protected":false},"excerpt":{"rendered":"","protected":false},"author":1,"featured_media":0,"parent":0,"menu_order":0,"comment_status":"open","ping_status":"closed","template":"","meta":{"ub_ctt_via":"","footnotes":""},"class_list":["post-3337","page","type-page","status-publish","hentry"],"featured_image_src":null,"yoast_head":"<!-- This site is optimized with the Yoast SEO plugin v25.4 - https:\/\/yoast.com\/wordpress\/plugins\/seo\/ -->\n<title>\u25b7 Wie erhalte ich das Enddatum des Monats in Excel?<\/title>\n<meta name=\"description\" content=\"Manchmal ben\u00f6tigen wir ein Monatsenddatum, das wir als Abschlussdatum, F\u00e4lligkeitsdatum, als Zieldatum verwenden k\u00f6nnen, oder manchmal ...\" \/>\n<meta name=\"robots\" content=\"index, follow, max-snippet:-1, max-image-preview:large, max-video-preview:-1\" \/>\n<link rel=\"canonical\" href=\"https:\/\/exceladvisor.org\/de\/ende-des-monats\/\" \/>\n<meta property=\"og:locale\" content=\"de_DE\" \/>\n<meta property=\"og:type\" content=\"article\" \/>\n<meta property=\"og:title\" content=\"\u25b7 Wie erhalte ich das Enddatum des Monats in Excel?\" \/>\n<meta property=\"og:description\" content=\"Manchmal ben\u00f6tigen wir ein Monatsenddatum, das wir als Abschlussdatum, F\u00e4lligkeitsdatum, als Zieldatum verwenden k\u00f6nnen, oder manchmal ...\" \/>\n<meta property=\"og:url\" content=\"https:\/\/exceladvisor.org\/de\/ende-des-monats\/\" \/>\n<meta property=\"og:site_name\" content=\"Excel Advisor\" \/>\n<meta property=\"article:modified_time\" content=\"2023-12-03T11:19:15+00:00\" \/>\n<meta property=\"og:image\" content=\"https:\/\/exceladvisor.org\/wp-content\/uploads\/2023\/08\/obtenir-le-dernier-jour-dun-mois-en-cours-en-utilisant-eomonth-min-1.png\" \/>\n<meta name=\"twitter:card\" content=\"summary_large_image\" \/>\n<meta name=\"twitter:label1\" content=\"Gesch\u00e4tzte Lesezeit\" \/>\n\t<meta name=\"twitter:data1\" content=\"5\u00a0Minuten\" \/>\n<script type=\"application\/ld+json\" class=\"yoast-schema-graph\">{\"@context\":\"https:\/\/schema.org\",\"@graph\":[{\"@type\":\"WebPage\",\"@id\":\"https:\/\/exceladvisor.org\/de\/ende-des-monats\/\",\"url\":\"https:\/\/exceladvisor.org\/de\/ende-des-monats\/\",\"name\":\"\u25b7 Wie erhalte ich das Enddatum des Monats in Excel?\",\"isPartOf\":{\"@id\":\"https:\/\/exceladvisor.org\/de\/#website\"},\"primaryImageOfPage\":{\"@id\":\"https:\/\/exceladvisor.org\/de\/ende-des-monats\/#primaryimage\"},\"image\":{\"@id\":\"https:\/\/exceladvisor.org\/de\/ende-des-monats\/#primaryimage\"},\"thumbnailUrl\":\"https:\/\/exceladvisor.org\/wp-content\/uploads\/2023\/08\/obtenir-le-dernier-jour-dun-mois-en-cours-en-utilisant-eomonth-min-1.png\",\"datePublished\":\"2023-10-31T17:10:51+00:00\",\"dateModified\":\"2023-12-03T11:19:15+00:00\",\"description\":\"Manchmal ben\u00f6tigen wir ein Monatsenddatum, das wir als Abschlussdatum, F\u00e4lligkeitsdatum, als Zieldatum verwenden k\u00f6nnen, oder manchmal ...\",\"breadcrumb\":{\"@id\":\"https:\/\/exceladvisor.org\/de\/ende-des-monats\/#breadcrumb\"},\"inLanguage\":\"de\",\"potentialAction\":[{\"@type\":\"ReadAction\",\"target\":[\"https:\/\/exceladvisor.org\/de\/ende-des-monats\/\"]}]},{\"@type\":\"ImageObject\",\"inLanguage\":\"de\",\"@id\":\"https:\/\/exceladvisor.org\/de\/ende-des-monats\/#primaryimage\",\"url\":\"https:\/\/exceladvisor.org\/wp-content\/uploads\/2023\/08\/obtenir-le-dernier-jour-dun-mois-en-cours-en-utilisant-eomonth-min-1.png\",\"contentUrl\":\"https:\/\/exceladvisor.org\/wp-content\/uploads\/2023\/08\/obtenir-le-dernier-jour-dun-mois-en-cours-en-utilisant-eomonth-min-1.png\"},{\"@type\":\"BreadcrumbList\",\"@id\":\"https:\/\/exceladvisor.org\/de\/ende-des-monats\/#breadcrumb\",\"itemListElement\":[{\"@type\":\"ListItem\",\"position\":1,\"name\":\"Accueil\",\"item\":\"https:\/\/exceladvisor.org\/de\/\"},{\"@type\":\"ListItem\",\"position\":2,\"name\":\"Wie erhalte ich das enddatum des monats in excel?\"}]},{\"@type\":\"WebSite\",\"@id\":\"https:\/\/exceladvisor.org\/de\/#website\",\"url\":\"https:\/\/exceladvisor.org\/de\/\",\"name\":\"Excel Advisor\",\"description\":\"Ihr Leitfaden zur Datendominanz\",\"publisher\":{\"@id\":\"https:\/\/exceladvisor.org\/de\/#organization\"},\"potentialAction\":[{\"@type\":\"SearchAction\",\"target\":{\"@type\":\"EntryPoint\",\"urlTemplate\":\"https:\/\/exceladvisor.org\/de\/?s={search_term_string}\"},\"query-input\":{\"@type\":\"PropertyValueSpecification\",\"valueRequired\":true,\"valueName\":\"search_term_string\"}}],\"inLanguage\":\"de\"},{\"@type\":\"Organization\",\"@id\":\"https:\/\/exceladvisor.org\/de\/#organization\",\"name\":\"Excel Advisor\",\"url\":\"https:\/\/exceladvisor.org\/de\/\",\"logo\":{\"@type\":\"ImageObject\",\"inLanguage\":\"de\",\"@id\":\"https:\/\/exceladvisor.org\/de\/#\/schema\/logo\/image\/\",\"url\":\"https:\/\/exceladvisor.org\/de\/wp-content\/uploads\/2023\/11\/exceladvisor.org_.png\",\"contentUrl\":\"https:\/\/exceladvisor.org\/de\/wp-content\/uploads\/2023\/11\/exceladvisor.org_.png\",\"width\":105,\"height\":36,\"caption\":\"Excel Advisor\"},\"image\":{\"@id\":\"https:\/\/exceladvisor.org\/de\/#\/schema\/logo\/image\/\"}}]}<\/script>\n<!-- \/ Yoast SEO plugin. -->","yoast_head_json":{"title":"\u25b7 Wie erhalte ich das Enddatum des Monats in Excel?","description":"Manchmal ben\u00f6tigen wir ein Monatsenddatum, das wir als Abschlussdatum, F\u00e4lligkeitsdatum, als Zieldatum verwenden k\u00f6nnen, oder manchmal ...","robots":{"index":"index","follow":"follow","max-snippet":"max-snippet:-1","max-image-preview":"max-image-preview:large","max-video-preview":"max-video-preview:-1"},"canonical":"https:\/\/exceladvisor.org\/de\/ende-des-monats\/","og_locale":"de_DE","og_type":"article","og_title":"\u25b7 Wie erhalte ich das Enddatum des Monats in Excel?","og_description":"Manchmal ben\u00f6tigen wir ein Monatsenddatum, das wir als Abschlussdatum, F\u00e4lligkeitsdatum, als Zieldatum verwenden k\u00f6nnen, oder manchmal ...","og_url":"https:\/\/exceladvisor.org\/de\/ende-des-monats\/","og_site_name":"Excel Advisor","article_modified_time":"2023-12-03T11:19:15+00:00","og_image":[{"url":"https:\/\/exceladvisor.org\/wp-content\/uploads\/2023\/08\/obtenir-le-dernier-jour-dun-mois-en-cours-en-utilisant-eomonth-min-1.png","type":"","width":"","height":""}],"twitter_card":"summary_large_image","twitter_misc":{"Gesch\u00e4tzte Lesezeit":"5\u00a0Minuten"},"schema":{"@context":"https:\/\/schema.org","@graph":[{"@type":"WebPage","@id":"https:\/\/exceladvisor.org\/de\/ende-des-monats\/","url":"https:\/\/exceladvisor.org\/de\/ende-des-monats\/","name":"\u25b7 Wie erhalte ich das Enddatum des Monats in Excel?","isPartOf":{"@id":"https:\/\/exceladvisor.org\/de\/#website"},"primaryImageOfPage":{"@id":"https:\/\/exceladvisor.org\/de\/ende-des-monats\/#primaryimage"},"image":{"@id":"https:\/\/exceladvisor.org\/de\/ende-des-monats\/#primaryimage"},"thumbnailUrl":"https:\/\/exceladvisor.org\/wp-content\/uploads\/2023\/08\/obtenir-le-dernier-jour-dun-mois-en-cours-en-utilisant-eomonth-min-1.png","datePublished":"2023-10-31T17:10:51+00:00","dateModified":"2023-12-03T11:19:15+00:00","description":"Manchmal ben\u00f6tigen wir ein Monatsenddatum, das wir als Abschlussdatum, F\u00e4lligkeitsdatum, als Zieldatum verwenden k\u00f6nnen, oder manchmal ...","breadcrumb":{"@id":"https:\/\/exceladvisor.org\/de\/ende-des-monats\/#breadcrumb"},"inLanguage":"de","potentialAction":[{"@type":"ReadAction","target":["https:\/\/exceladvisor.org\/de\/ende-des-monats\/"]}]},{"@type":"ImageObject","inLanguage":"de","@id":"https:\/\/exceladvisor.org\/de\/ende-des-monats\/#primaryimage","url":"https:\/\/exceladvisor.org\/wp-content\/uploads\/2023\/08\/obtenir-le-dernier-jour-dun-mois-en-cours-en-utilisant-eomonth-min-1.png","contentUrl":"https:\/\/exceladvisor.org\/wp-content\/uploads\/2023\/08\/obtenir-le-dernier-jour-dun-mois-en-cours-en-utilisant-eomonth-min-1.png"},{"@type":"BreadcrumbList","@id":"https:\/\/exceladvisor.org\/de\/ende-des-monats\/#breadcrumb","itemListElement":[{"@type":"ListItem","position":1,"name":"Accueil","item":"https:\/\/exceladvisor.org\/de\/"},{"@type":"ListItem","position":2,"name":"Wie erhalte ich das enddatum des monats in excel?"}]},{"@type":"WebSite","@id":"https:\/\/exceladvisor.org\/de\/#website","url":"https:\/\/exceladvisor.org\/de\/","name":"Excel Advisor","description":"Ihr Leitfaden zur Datendominanz","publisher":{"@id":"https:\/\/exceladvisor.org\/de\/#organization"},"potentialAction":[{"@type":"SearchAction","target":{"@type":"EntryPoint","urlTemplate":"https:\/\/exceladvisor.org\/de\/?s={search_term_string}"},"query-input":{"@type":"PropertyValueSpecification","valueRequired":true,"valueName":"search_term_string"}}],"inLanguage":"de"},{"@type":"Organization","@id":"https:\/\/exceladvisor.org\/de\/#organization","name":"Excel Advisor","url":"https:\/\/exceladvisor.org\/de\/","logo":{"@type":"ImageObject","inLanguage":"de","@id":"https:\/\/exceladvisor.org\/de\/#\/schema\/logo\/image\/","url":"https:\/\/exceladvisor.org\/de\/wp-content\/uploads\/2023\/11\/exceladvisor.org_.png","contentUrl":"https:\/\/exceladvisor.org\/de\/wp-content\/uploads\/2023\/11\/exceladvisor.org_.png","width":105,"height":36,"caption":"Excel Advisor"},"image":{"@id":"https:\/\/exceladvisor.org\/de\/#\/schema\/logo\/image\/"}}]}},"yoast_meta":{"yoast_wpseo_title":"","yoast_wpseo_metadesc":"","yoast_wpseo_canonical":""},"_links":{"self":[{"href":"https:\/\/exceladvisor.org\/de\/wp-json\/wp\/v2\/pages\/3337","targetHints":{"allow":["GET"]}}],"collection":[{"href":"https:\/\/exceladvisor.org\/de\/wp-json\/wp\/v2\/pages"}],"about":[{"href":"https:\/\/exceladvisor.org\/de\/wp-json\/wp\/v2\/types\/page"}],"author":[{"embeddable":true,"href":"https:\/\/exceladvisor.org\/de\/wp-json\/wp\/v2\/users\/1"}],"replies":[{"embeddable":true,"href":"https:\/\/exceladvisor.org\/de\/wp-json\/wp\/v2\/comments?post=3337"}],"version-history":[{"count":1,"href":"https:\/\/exceladvisor.org\/de\/wp-json\/wp\/v2\/pages\/3337\/revisions"}],"predecessor-version":[{"id":3922,"href":"https:\/\/exceladvisor.org\/de\/wp-json\/wp\/v2\/pages\/3337\/revisions\/3922"}],"wp:attachment":[{"href":"https:\/\/exceladvisor.org\/de\/wp-json\/wp\/v2\/media?parent=3337"}],"curies":[{"name":"wp","href":"https:\/\/api.w.org\/{rel}","templated":true}]}}