{"id":3338,"date":"2023-10-31T16:41:03","date_gmt":"2023-10-31T16:41:03","guid":{"rendered":"https:\/\/exceladvisor.org\/de\/buchhaltungsnummernformat\/"},"modified":"2023-12-03T13:04:06","modified_gmt":"2023-12-03T13:04:06","slug":"buchhaltungsnummernformat","status":"publish","type":"page","link":"https:\/\/exceladvisor.org\/de\/buchhaltungsnummernformat\/","title":{"rendered":"Wie lege ich das buchhaltungsnummernformat in excel fest?"},"content":{"rendered":"<div class=\"excel-vor-dem-inhalt\" id=\"excel-229436957\"><script type=\"text\/javascript\">\r\n\tatOptions = {\r\n\t\t'key' : 'c1158f160081d6540a8409e6925dab94',\r\n\t\t'format' : 'iframe',\r\n\t\t'height' : 250,\r\n\t\t'width' : 300,\r\n\t\t'params' : {}\r\n\t};\r\n<\/script>\r\n<script type=\"text\/javascript\" src=\"\/\/www.highperformanceformat.com\/c1158f160081d6540a8409e6925dab94\/invoke.js\"><\/script><\/div> <p>Microsoft Excel wird h\u00e4ufig f\u00fcr Gesch\u00e4fts- und Buchhaltungszwecke verwendet. Wenn Benutzer Excel f\u00fcr Buchhaltungszwecke verwenden, enthalten ihre Datens\u00e4tze normalerweise eine Reihe von Zahlen.<\/p><p> Und sie m\u00f6chten m\u00f6glicherweise Zahlen vom Standardzahlenformat in das Buchhaltungszahlenformat konvertieren, um den Datensatz klarer und f\u00fcr die Buchhaltung besser geeignet zu machen.<\/p><p> Das Buchhaltungszahlenformat wandelt das allgemeine Zahlenformat um, indem das W\u00e4hrungssymbol ganz links in der Zelle, Tausendertrennzeichen und zwei Dezimalstellen (0,00) am Ende jeder Zahl hinzugef\u00fcgt werden.<\/p><p> Das Buchhaltungsnummernformat zeigt den Wert Null (0) auch als Bindestrich \u201e-\u201c an. <\/p><div class=\"wp-block-image\"><figure class=\"aligncenter size-full is-resized\"><img loading=\"lazy\" decoding=\"async\" class=\"wp-image-65916\" src=\"https:\/\/exceladvisor.org\/wp-content\/uploads\/2023\/08\/1-comptabilite-vs-format-numerique-general-2.png\" sizes=\"auto, \" srcset=\"\" alt=\"Buchhaltung-vs-allgemeines-numerisches-Format\" width=\"585\" height=\"130\"><\/figure><\/div><p> Im Folgenden finden Sie einige schnelle und einfache Schritte zum Anwenden des Buchhaltungsnummernformats in Excel.<\/p><h2 class=\"wp-block-heading\"> Wenden Sie das Buchhaltungsnummernformat \u00fcber die Schaltfl\u00e4che \u201eBuchhaltungsnummernformat\u201c an<\/h2><ol><li> W\u00e4hlen Sie zun\u00e4chst die Zellen oder den Bereich mit den Zahlen aus, die Sie formatieren m\u00f6chten.<\/li><li> Gehen Sie anschlie\u00dfend zur Registerkarte \u201eStartseite\u201c und klicken Sie dann auf die Schaltfl\u00e4che \u201eKontonummernformat\u201c.<\/li><li> Klicken Sie nun in der Dropdown-Liste auf das Buchhaltungsformat mit W\u00e4hrungssymbol, das Sie hinzuf\u00fcgen m\u00f6chten. <br><img loading=\"lazy\" decoding=\"async\" title=\"2-Button-Format-Buchhaltungsnummer-1\" src=\"https:\/\/exceladvisor.org\/wp-content\/uploads\/2023\/08\/2-bouton-de-format-de-numero-comptable-2.png\" sizes=\"auto, \" srcset=\"\" alt=\"accounting-number-format-button\" width=\"770\" height=\"297\"><\/li><li> Zu diesem Zeitpunkt werden die ausgew\u00e4hlten Zellen oder Bereiche in das \u201eBuchhaltungszahlenformat\u201c ge\u00e4ndert, indem den numerischen Werten ein W\u00e4hrungssymbol, Tausendertrennzeichen und zwei Dezimalstellen hinzugef\u00fcgt werden. <br><img loading=\"lazy\" decoding=\"async\" title=\"3-Werte-im-Buchhaltungsnummer-1-Format\" src=\"https:\/\/exceladvisor.org\/wp-content\/uploads\/2023\/08\/3-valeurs-au-format-numero-comptable-2.png\" sizes=\"auto, \" srcset=\"\" alt=\"\" width=\"201\" height=\"273\"><\/li><li> Um die Dezimalwerte von Zahlen zu erh\u00f6hen oder zu verringern, k\u00f6nnen Sie die Symbole zum Erh\u00f6hen und Verringern der Dezimalzahl unter der Gruppe \u201eZahl\u201c im Men\u00fcband verwenden. <br><img loading=\"lazy\" decoding=\"async\" title=\"4-dezimalwerte-erh\u00f6hen-verringern-1\" src=\"https:\/\/exceladvisor.org\/wp-content\/uploads\/2023\/08\/4-augmenter-diminuer-les-valeurs-decimales-2.png\" sizes=\"auto, \" srcset=\"\" alt=\"increase-decrease-decimal-values\" width=\"305\" height=\"114\"><\/li><\/ol><h2 class=\"wp-block-heading\"> Wenden Sie das Buchhaltungsnummernformat mithilfe der Dropdown-Liste \u201eNummerngruppe\u201c an<\/h2><ol><li> W\u00e4hlen Sie zun\u00e4chst die Zellen oder den Bereich mit den Zahlen aus, die Sie formatieren m\u00f6chten.<\/li><li> Gehen Sie anschlie\u00dfend zur Registerkarte \u201eStartseite\u201c und klicken Sie dann auf den Dropdown-Pfeil unter der Gruppe \u201eNummer\u201c im Men\u00fcband. <br><img loading=\"lazy\" decoding=\"async\" title=\"Dropdown-Liste mit 5 Buchhaltungsnummern 1\" src=\"https:\/\/exceladvisor.org\/wp-content\/uploads\/2023\/08\/5-numero-de-comptabilite-deroulant-2.png\" sizes=\"auto, \" srcset=\"\" alt=\"accounting-number-drop-down\" width=\"771\" height=\"121\"><\/li><li> Klicken Sie nun in der Dropdown-Liste auf die Option \u201eBuchhaltung\u201c. <br><img loading=\"lazy\" decoding=\"async\" title=\"6-Buchhaltungsoption-1 ausw\u00e4hlen\" src=\"https:\/\/exceladvisor.org\/wp-content\/uploads\/2023\/08\/6-selectionnez-loption-comptable-2.png\" sizes=\"auto, \" srcset=\"\" alt=\"select-accounting-option\" width=\"563\" height=\"444\"><\/li><li> Zu diesem Zeitpunkt werden die ausgew\u00e4hlten Zellen oder Bereiche in das \u201eBuchhaltungszahlenformat\u201c ge\u00e4ndert, indem den numerischen Werten ein W\u00e4hrungssymbol, Tausendertrennzeichen und zwei Dezimalstellen hinzugef\u00fcgt werden. <br><img loading=\"lazy\" decoding=\"async\" title=\"7-Werte-konvertiert-in-Buchhaltungsnummer-1-Format\" src=\"https:\/\/exceladvisor.org\/wp-content\/uploads\/2023\/08\/7-valeurs-converties-au-format-de-numero-comptable-2.png\" sizes=\"auto, \" srcset=\"\" alt=\"values-converted-in-accounting-number-format\" width=\"203\" height=\"276\"><\/li><\/ol><p class=\"content-box-green\"> Wie Sie bei dieser Methode gesehen haben, haben wir bei der Auswahl der W\u00e4hrungssymbole keine M\u00f6glichkeit, das Buchhaltungsformat auszuw\u00e4hlen.<\/p><p class=\"content-box-green\"> Daher ist es m\u00f6glich, dass das Format der Buchhaltungsnummer, die diese Dropdown-Option verwendet, das W\u00e4hrungssymbol der W\u00e4hrung Ihres Landes anzeigt, bei der es sich m\u00f6glicherweise um die Standardw\u00e4hrung Ihres Systems handelt.<\/p><h2 class=\"wp-block-heading\"> Wenden Sie das Buchhaltungsnummernformat mit der Option \u201eZellen formatieren\u201c an<\/h2><p> Mit dieser Formatierungsmethode f\u00fcr Buchhaltungsnummern k\u00f6nnen Benutzer das Standardw\u00e4hrungssymbol Ihres Systems \u00e4ndern und das W\u00e4hrungssymbol aus mehreren W\u00e4hrungssymbolen ausw\u00e4hlen, die auf den W\u00e4hrungen verschiedener L\u00e4nder basieren.<\/p><ol><li> W\u00e4hlen Sie zun\u00e4chst die Zellen oder den Bereich mit den Zahlen aus, die Sie formatieren m\u00f6chten, und klicken Sie dann mit der rechten Maustaste auf Ihre Auswahl.<\/li><li> W\u00e4hlen Sie anschlie\u00dfend im Dropdown-Men\u00fc die Option \u201eZellen formatieren\u201c und das Dialogfeld \u201eZellen formatieren\u201c wird ge\u00f6ffnet. <br><img loading=\"lazy\" decoding=\"async\" title=\"8-Zellen-Format-Option-1\" src=\"https:\/\/exceladvisor.org\/wp-content\/uploads\/2023\/08\/8-cellules-de-format-option-2.png\" sizes=\"auto, \" srcset=\"\" alt=\"format-cells-option\" width=\"340\" height=\"593\"><\/li><li> W\u00e4hlen Sie nun die Registerkarte \u201eNummer\u201c und w\u00e4hlen Sie unter \u201eKategorie\u201c die Option \u201eBuchhaltung\u201c.<\/li><li> Klicken Sie nun auf den Dropdown-Pfeil \u201eSymbol\u201c, scrollen Sie durch die W\u00e4hrungsoptionen und w\u00e4hlen Sie die gew\u00fcnschte W\u00e4hrung aus.<\/li><li> Wenn Sie die Dezimalwerte von Zahlen erh\u00f6hen oder verringern m\u00f6chten, k\u00f6nnen Sie das Gleiche mit den Auf- und Abw\u00e4rtspfeilen \u201eDezimalstellen\u201c tun.<\/li><li> Wenn Sie fertig sind, klicken Sie auf OK. <br><img loading=\"lazy\" decoding=\"async\" title=\"9-Zellen-Format-Diloag-Box-1\" src=\"https:\/\/exceladvisor.org\/wp-content\/uploads\/2023\/08\/9-cellules-format-diloag-box-2.png\" sizes=\"auto, \" srcset=\"\" alt=\"format-cells-dialog-box\" width=\"494\" height=\"456\"><\/li><li> Zu diesem Zeitpunkt werden die ausgew\u00e4hlten Zellen oder der ausgew\u00e4hlte Bereich in das \u201eBuchhaltungszahlenformat\u201c ge\u00e4ndert, indem das gerade ausgew\u00e4hlte W\u00e4hrungssymbol mit Tausendertrennzeichen und zwei Dezimalstellen zu den numerischen Werten hinzugef\u00fcgt wird. <br><img loading=\"lazy\" decoding=\"async\" title=\"10-Werte-im-Buchhaltungszahlen-Symbolformat-1\" src=\"https:\/\/exceladvisor.org\/wp-content\/uploads\/2023\/08\/10-valeurs-dans-le-symbole-de-format-de-numero-comptable-2.png\" sizes=\"auto, \" srcset=\"\" alt=\"values-in-accounting-number-format-symbol\" width=\"212\" height=\"288\"><\/li><\/ol><div class=\"gb-container gb-container-4db6181c gb-container-mt\"> <a class=\"gb-button gb-button-c5897111 gb-button-text gb-button-mt-button\" href=\"https:\/\/exceladvisor.org\/de\/excel-grundlagen\/\">Microsoft Excel-Grundlagen (Komponenten, Teile und Wissenshinweise)<\/a><h2 class=\"gb-headline gb-headline-665e5f6b gb-headline-text gb-headline-mt-heading\"> Verwandte Tutorials <\/h2><div class=\"gb-grid-wrapper gb-grid-wrapper-a20baf7c gb-grid-wrapper-mt-grid\"><div class=\"gb-grid-column gb-grid-column-65ddf67e\"><div class=\"gb-container gb-container-65ddf67e\"><ul><li> <a href=\"https:\/\/exceladvisor.org\/de\/fugen-sie-eine-seitenzahl-hinzu\/\">F\u00fcgen Sie in Excel eine Seitenzahl hinzu<\/a><\/li><li> <a href=\"https:\/\/exceladvisor.org\/de\/komma-stil-anwenden\/\">Wenden Sie den Kommastil in Excel an<\/a><\/li><li> <a href=\"https:\/\/exceladvisor.org\/de\/stange\/\">Durchstreichen in Excel anwenden<\/a><\/li><li> <a href=\"https:\/\/exceladvisor.org\/de\/markieren-sie-leere-zellen\/\">Markieren Sie leere Zellen in Excel<\/a><\/li><li> <a href=\"https:\/\/exceladvisor.org\/de\/pi-symbol\/\">F\u00fcgen Sie das PI-Symbol (\u03c0) in Excel ein<\/a> <\/li><\/ul><\/div><\/div><div class=\"gb-grid-column gb-grid-column-50067b57\"><div class=\"gb-container gb-container-50067b57\"><\/div><\/div><\/div><\/div>","protected":false},"excerpt":{"rendered":"","protected":false},"author":1,"featured_media":0,"parent":0,"menu_order":0,"comment_status":"open","ping_status":"closed","template":"","meta":{"ub_ctt_via":"","footnotes":""},"class_list":["post-3338","page","type-page","status-publish","hentry"],"featured_image_src":null,"yoast_head":"<!-- This site is optimized with the Yoast SEO plugin v25.4 - https:\/\/yoast.com\/wordpress\/plugins\/seo\/ -->\n<title>Wie lege ich das Buchhaltungsnummernformat in Excel fest?<\/title>\n<meta name=\"description\" content=\"In diesem Tutorial lernen Sie verschiedene M\u00f6glichkeiten kennen, das Buchhaltungsnummernformat in Excel mithilfe von drei Methoden anzuwenden\" \/>\n<meta name=\"robots\" content=\"index, follow, max-snippet:-1, max-image-preview:large, max-video-preview:-1\" \/>\n<link rel=\"canonical\" href=\"https:\/\/exceladvisor.org\/de\/buchhaltungsnummernformat\/\" \/>\n<meta property=\"og:locale\" content=\"de_DE\" \/>\n<meta property=\"og:type\" content=\"article\" \/>\n<meta property=\"og:title\" content=\"Wie lege ich das Buchhaltungsnummernformat in Excel fest?\" \/>\n<meta property=\"og:description\" content=\"In diesem Tutorial lernen Sie verschiedene M\u00f6glichkeiten kennen, das Buchhaltungsnummernformat in Excel mithilfe von drei Methoden anzuwenden\" \/>\n<meta property=\"og:url\" content=\"https:\/\/exceladvisor.org\/de\/buchhaltungsnummernformat\/\" \/>\n<meta property=\"og:site_name\" content=\"Excel Advisor\" \/>\n<meta property=\"article:modified_time\" content=\"2023-12-03T13:04:06+00:00\" \/>\n<meta property=\"og:image\" content=\"https:\/\/exceladvisor.org\/wp-content\/uploads\/2023\/08\/1-comptabilite-vs-format-numerique-general-2.png\" \/>\n<meta name=\"twitter:card\" content=\"summary_large_image\" \/>\n<meta name=\"twitter:label1\" content=\"Gesch\u00e4tzte Lesezeit\" \/>\n\t<meta name=\"twitter:data1\" content=\"3\u00a0Minuten\" \/>\n<script type=\"application\/ld+json\" class=\"yoast-schema-graph\">{\"@context\":\"https:\/\/schema.org\",\"@graph\":[{\"@type\":\"WebPage\",\"@id\":\"https:\/\/exceladvisor.org\/de\/buchhaltungsnummernformat\/\",\"url\":\"https:\/\/exceladvisor.org\/de\/buchhaltungsnummernformat\/\",\"name\":\"Wie lege ich das Buchhaltungsnummernformat in Excel fest?\",\"isPartOf\":{\"@id\":\"https:\/\/exceladvisor.org\/de\/#website\"},\"primaryImageOfPage\":{\"@id\":\"https:\/\/exceladvisor.org\/de\/buchhaltungsnummernformat\/#primaryimage\"},\"image\":{\"@id\":\"https:\/\/exceladvisor.org\/de\/buchhaltungsnummernformat\/#primaryimage\"},\"thumbnailUrl\":\"https:\/\/exceladvisor.org\/wp-content\/uploads\/2023\/08\/1-comptabilite-vs-format-numerique-general-2.png\",\"datePublished\":\"2023-10-31T16:41:03+00:00\",\"dateModified\":\"2023-12-03T13:04:06+00:00\",\"description\":\"In diesem Tutorial lernen Sie verschiedene M\u00f6glichkeiten kennen, das Buchhaltungsnummernformat in Excel mithilfe von drei Methoden anzuwenden\",\"breadcrumb\":{\"@id\":\"https:\/\/exceladvisor.org\/de\/buchhaltungsnummernformat\/#breadcrumb\"},\"inLanguage\":\"de\",\"potentialAction\":[{\"@type\":\"ReadAction\",\"target\":[\"https:\/\/exceladvisor.org\/de\/buchhaltungsnummernformat\/\"]}]},{\"@type\":\"ImageObject\",\"inLanguage\":\"de\",\"@id\":\"https:\/\/exceladvisor.org\/de\/buchhaltungsnummernformat\/#primaryimage\",\"url\":\"https:\/\/exceladvisor.org\/wp-content\/uploads\/2023\/08\/1-comptabilite-vs-format-numerique-general-2.png\",\"contentUrl\":\"https:\/\/exceladvisor.org\/wp-content\/uploads\/2023\/08\/1-comptabilite-vs-format-numerique-general-2.png\"},{\"@type\":\"BreadcrumbList\",\"@id\":\"https:\/\/exceladvisor.org\/de\/buchhaltungsnummernformat\/#breadcrumb\",\"itemListElement\":[{\"@type\":\"ListItem\",\"position\":1,\"name\":\"Accueil\",\"item\":\"https:\/\/exceladvisor.org\/de\/\"},{\"@type\":\"ListItem\",\"position\":2,\"name\":\"Wie lege ich das buchhaltungsnummernformat in excel fest?\"}]},{\"@type\":\"WebSite\",\"@id\":\"https:\/\/exceladvisor.org\/de\/#website\",\"url\":\"https:\/\/exceladvisor.org\/de\/\",\"name\":\"Excel Advisor\",\"description\":\"Ihr Leitfaden zur Datendominanz\",\"publisher\":{\"@id\":\"https:\/\/exceladvisor.org\/de\/#organization\"},\"potentialAction\":[{\"@type\":\"SearchAction\",\"target\":{\"@type\":\"EntryPoint\",\"urlTemplate\":\"https:\/\/exceladvisor.org\/de\/?s={search_term_string}\"},\"query-input\":{\"@type\":\"PropertyValueSpecification\",\"valueRequired\":true,\"valueName\":\"search_term_string\"}}],\"inLanguage\":\"de\"},{\"@type\":\"Organization\",\"@id\":\"https:\/\/exceladvisor.org\/de\/#organization\",\"name\":\"Excel Advisor\",\"url\":\"https:\/\/exceladvisor.org\/de\/\",\"logo\":{\"@type\":\"ImageObject\",\"inLanguage\":\"de\",\"@id\":\"https:\/\/exceladvisor.org\/de\/#\/schema\/logo\/image\/\",\"url\":\"https:\/\/exceladvisor.org\/de\/wp-content\/uploads\/2023\/11\/exceladvisor.org_.png\",\"contentUrl\":\"https:\/\/exceladvisor.org\/de\/wp-content\/uploads\/2023\/11\/exceladvisor.org_.png\",\"width\":105,\"height\":36,\"caption\":\"Excel Advisor\"},\"image\":{\"@id\":\"https:\/\/exceladvisor.org\/de\/#\/schema\/logo\/image\/\"}}]}<\/script>\n<!-- \/ Yoast SEO plugin. -->","yoast_head_json":{"title":"Wie lege ich das Buchhaltungsnummernformat in Excel fest?","description":"In diesem Tutorial lernen Sie verschiedene M\u00f6glichkeiten kennen, das Buchhaltungsnummernformat in Excel mithilfe von drei Methoden anzuwenden","robots":{"index":"index","follow":"follow","max-snippet":"max-snippet:-1","max-image-preview":"max-image-preview:large","max-video-preview":"max-video-preview:-1"},"canonical":"https:\/\/exceladvisor.org\/de\/buchhaltungsnummernformat\/","og_locale":"de_DE","og_type":"article","og_title":"Wie lege ich das Buchhaltungsnummernformat in Excel fest?","og_description":"In diesem Tutorial lernen Sie verschiedene M\u00f6glichkeiten kennen, das Buchhaltungsnummernformat in Excel mithilfe von drei Methoden anzuwenden","og_url":"https:\/\/exceladvisor.org\/de\/buchhaltungsnummernformat\/","og_site_name":"Excel Advisor","article_modified_time":"2023-12-03T13:04:06+00:00","og_image":[{"url":"https:\/\/exceladvisor.org\/wp-content\/uploads\/2023\/08\/1-comptabilite-vs-format-numerique-general-2.png","type":"","width":"","height":""}],"twitter_card":"summary_large_image","twitter_misc":{"Gesch\u00e4tzte Lesezeit":"3\u00a0Minuten"},"schema":{"@context":"https:\/\/schema.org","@graph":[{"@type":"WebPage","@id":"https:\/\/exceladvisor.org\/de\/buchhaltungsnummernformat\/","url":"https:\/\/exceladvisor.org\/de\/buchhaltungsnummernformat\/","name":"Wie lege ich das Buchhaltungsnummernformat in Excel fest?","isPartOf":{"@id":"https:\/\/exceladvisor.org\/de\/#website"},"primaryImageOfPage":{"@id":"https:\/\/exceladvisor.org\/de\/buchhaltungsnummernformat\/#primaryimage"},"image":{"@id":"https:\/\/exceladvisor.org\/de\/buchhaltungsnummernformat\/#primaryimage"},"thumbnailUrl":"https:\/\/exceladvisor.org\/wp-content\/uploads\/2023\/08\/1-comptabilite-vs-format-numerique-general-2.png","datePublished":"2023-10-31T16:41:03+00:00","dateModified":"2023-12-03T13:04:06+00:00","description":"In diesem Tutorial lernen Sie verschiedene M\u00f6glichkeiten kennen, das Buchhaltungsnummernformat in Excel mithilfe von drei Methoden anzuwenden","breadcrumb":{"@id":"https:\/\/exceladvisor.org\/de\/buchhaltungsnummernformat\/#breadcrumb"},"inLanguage":"de","potentialAction":[{"@type":"ReadAction","target":["https:\/\/exceladvisor.org\/de\/buchhaltungsnummernformat\/"]}]},{"@type":"ImageObject","inLanguage":"de","@id":"https:\/\/exceladvisor.org\/de\/buchhaltungsnummernformat\/#primaryimage","url":"https:\/\/exceladvisor.org\/wp-content\/uploads\/2023\/08\/1-comptabilite-vs-format-numerique-general-2.png","contentUrl":"https:\/\/exceladvisor.org\/wp-content\/uploads\/2023\/08\/1-comptabilite-vs-format-numerique-general-2.png"},{"@type":"BreadcrumbList","@id":"https:\/\/exceladvisor.org\/de\/buchhaltungsnummernformat\/#breadcrumb","itemListElement":[{"@type":"ListItem","position":1,"name":"Accueil","item":"https:\/\/exceladvisor.org\/de\/"},{"@type":"ListItem","position":2,"name":"Wie lege ich das buchhaltungsnummernformat in excel fest?"}]},{"@type":"WebSite","@id":"https:\/\/exceladvisor.org\/de\/#website","url":"https:\/\/exceladvisor.org\/de\/","name":"Excel Advisor","description":"Ihr Leitfaden zur Datendominanz","publisher":{"@id":"https:\/\/exceladvisor.org\/de\/#organization"},"potentialAction":[{"@type":"SearchAction","target":{"@type":"EntryPoint","urlTemplate":"https:\/\/exceladvisor.org\/de\/?s={search_term_string}"},"query-input":{"@type":"PropertyValueSpecification","valueRequired":true,"valueName":"search_term_string"}}],"inLanguage":"de"},{"@type":"Organization","@id":"https:\/\/exceladvisor.org\/de\/#organization","name":"Excel Advisor","url":"https:\/\/exceladvisor.org\/de\/","logo":{"@type":"ImageObject","inLanguage":"de","@id":"https:\/\/exceladvisor.org\/de\/#\/schema\/logo\/image\/","url":"https:\/\/exceladvisor.org\/de\/wp-content\/uploads\/2023\/11\/exceladvisor.org_.png","contentUrl":"https:\/\/exceladvisor.org\/de\/wp-content\/uploads\/2023\/11\/exceladvisor.org_.png","width":105,"height":36,"caption":"Excel Advisor"},"image":{"@id":"https:\/\/exceladvisor.org\/de\/#\/schema\/logo\/image\/"}}]}},"yoast_meta":{"yoast_wpseo_title":"","yoast_wpseo_metadesc":"","yoast_wpseo_canonical":""},"_links":{"self":[{"href":"https:\/\/exceladvisor.org\/de\/wp-json\/wp\/v2\/pages\/3338","targetHints":{"allow":["GET"]}}],"collection":[{"href":"https:\/\/exceladvisor.org\/de\/wp-json\/wp\/v2\/pages"}],"about":[{"href":"https:\/\/exceladvisor.org\/de\/wp-json\/wp\/v2\/types\/page"}],"author":[{"embeddable":true,"href":"https:\/\/exceladvisor.org\/de\/wp-json\/wp\/v2\/users\/1"}],"replies":[{"embeddable":true,"href":"https:\/\/exceladvisor.org\/de\/wp-json\/wp\/v2\/comments?post=3338"}],"version-history":[{"count":1,"href":"https:\/\/exceladvisor.org\/de\/wp-json\/wp\/v2\/pages\/3338\/revisions"}],"predecessor-version":[{"id":4136,"href":"https:\/\/exceladvisor.org\/de\/wp-json\/wp\/v2\/pages\/3338\/revisions\/4136"}],"wp:attachment":[{"href":"https:\/\/exceladvisor.org\/de\/wp-json\/wp\/v2\/media?parent=3338"}],"curies":[{"name":"wp","href":"https:\/\/api.w.org\/{rel}","templated":true}]}}