{"id":3339,"date":"2023-10-31T16:15:04","date_gmt":"2023-10-31T16:15:04","guid":{"rendered":"https:\/\/exceladvisor.org\/de\/komma-stil-anwenden\/"},"modified":"2023-12-03T13:05:38","modified_gmt":"2023-12-03T13:05:38","slug":"komma-stil-anwenden","status":"publish","type":"page","link":"https:\/\/exceladvisor.org\/de\/komma-stil-anwenden\/","title":{"rendered":"Wie wende ich den kommastil in excel an?"},"content":{"rendered":"<div class=\"excel-vor-dem-inhalt\" id=\"excel-3073659113\"><script type=\"text\/javascript\">\r\n\tatOptions = {\r\n\t\t'key' : 'c1158f160081d6540a8409e6925dab94',\r\n\t\t'format' : 'iframe',\r\n\t\t'height' : 250,\r\n\t\t'width' : 300,\r\n\t\t'params' : {}\r\n\t};\r\n<\/script>\r\n<script type=\"text\/javascript\" src=\"\/\/www.highperformanceformat.com\/c1158f160081d6540a8409e6925dab94\/invoke.js\"><\/script><\/div> <p>Der Kommastil in Excel wird auch als Tausendertrennzeichenformat bezeichnet, das gro\u00dfe numerische Werte mit Kommas als Trennzeichen umwandelt, um die L\u00e4nge des numerischen Werts in Tausender, Hunderttausender, Millionen usw. zu unterscheiden.<\/p><p> Wenn der Benutzer das Kommaformat anwendet, f\u00fcgt er den Zahlen auch Dezimalwerte hinzu. Kurz gesagt funktioniert es genauso wie ein Buchhaltungssystemformat, f\u00fcgt der Zahl jedoch keine W\u00e4hrungssymbole hinzu, wie es das Buchhaltungssystemformat tut.<\/p><p> Das Komma-Trennzeichen kann getrennte numerische Werte im Lakh- oder Millionen-Format anzeigen, abh\u00e4ngig von der Region und dem in Ihrem System ausgew\u00e4hlten Standardw\u00e4hrungsformat. Sie k\u00f6nnen es jedoch von Lakh in Millionen und umgekehrt \u00e4ndern.<\/p><p> W\u00e4hrend Indien dem numerischen Wertrechnungssystem in Lakhs folgt und die USA dem in Millionen folgen. Im Folgenden finden Sie schnelle und einfache Schritte, mit denen Sie den Komma-Stil in Excel anwenden k\u00f6nnen.<\/p><h2 class=\"wp-block-heading\"> Wenden Sie den Kommastil \u00fcber die Registerkarte \u201eStartseite\u201c an<\/h2><ol><li> W\u00e4hlen Sie zun\u00e4chst die Zellen, den Zellbereich oder die gesamte Spalte aus, auf die der Kommastil angewendet werden soll. <br><img loading=\"lazy\" decoding=\"async\" title=\"1-Zellenbereich ausw\u00e4hlen\" src=\"https:\/\/exceladvisor.org\/wp-content\/uploads\/2023\/08\/1-selectionner-la-plage-de-cellules.png\" sizes=\"auto, \" srcset=\"\" alt=\"select-the-cells-range\" width=\"351\" height=\"281\"><\/li><li> Gehen Sie anschlie\u00dfend zur Registerkarte \u201eStartseite\u201c und klicken Sie auf das Komma-Symbol (,) unter der Gruppe \u201eZahl\u201c im Men\u00fcband. <br><img loading=\"lazy\" decoding=\"async\" title=\"2-Komma-Symbol-Untergruppennummer\" src=\"https:\/\/exceladvisor.org\/wp-content\/uploads\/2023\/08\/2-icone-virgule-sous-le-groupe-de-numeros.png\" sizes=\"auto, \" srcset=\"\" alt=\"comma-icon-under-number-group\" width=\"690\" height=\"123\"><\/li><li> Sobald Sie auf das Komma-Symbol (,) klicken, wird Ihr ausgew\u00e4hlter Bereich mit Komma-Trennzeichen in den numerischen Werten angewendet. <br><img loading=\"lazy\" decoding=\"async\" title=\"3-Bereich-mit-Komma-Trennzeichen\" src=\"https:\/\/exceladvisor.org\/wp-content\/uploads\/2023\/08\/3-plages-avec-separateurs-virgule.png\" sizes=\"auto, \" srcset=\"\" alt=\"range-with-comma-seperators\" width=\"368\" height=\"276\"><\/li><\/ol><p> Um Dezimalwerte von Zahlen zu erh\u00f6hen oder zu entfernen, w\u00e4hlen Sie einfach den Bereich aus und klicken Sie dann auf das Symbol \u201eDezimalwert erh\u00f6hen oder verringern\u201c unter derselben \u201eZahlen\u201c-Gruppe im Men\u00fcband. <\/p><div class=\"wp-block-image\"><figure class=\"aligncenter size-full is-resized\"><img loading=\"lazy\" decoding=\"async\" class=\"wp-image-66737\" src=\"https:\/\/exceladvisor.org\/wp-content\/uploads\/2023\/08\/4-augmenter-diminuer-les-valeurs-decimales.png\" sizes=\"auto, \" srcset=\"\" alt=\"Dezimalwerte erh\u00f6hen-verringern\" width=\"317\" height=\"370\"><\/figure><\/div><h2 class=\"wp-block-heading\"> Wenden Sie den Kommastil mit der Option \u201eZellen formatieren\u201c an<\/h2><ol><li> W\u00e4hlen Sie zun\u00e4chst die Zellen, den Zellbereich oder die gesamte Spalte aus, auf die der Kommastil angewendet werden soll.<\/li><li> Klicken Sie anschlie\u00dfend mit der rechten Maustaste und w\u00e4hlen Sie aus der Dropdown-Liste die Option \u201eZellen formatieren\u201c. <br><img loading=\"lazy\" decoding=\"async\" title=\"5-Zellen-Formatoptionen\" src=\"https:\/\/exceladvisor.org\/wp-content\/uploads\/2023\/08\/5-options-de-format-de-cellule.png\" sizes=\"auto, \" srcset=\"\" alt=\"format-cells-options\" width=\"450\" height=\"419\"><\/li><li> Sobald Sie auf \u201eZellen formatieren\u201c klicken, wird das Dialogfeld \u201eZellen formatieren\u201c ge\u00f6ffnet.<\/li><li> W\u00e4hlen Sie nun auf der Registerkarte \u201eZahl\u201c die Option \u201eZahl\u201c und aktivieren Sie dann das Kontrollk\u00e4stchen \u201e1000er-Trennzeichen verwenden\u201c.<\/li><li> Klicken Sie abschlie\u00dfend auf \u201eOK\u201c und Ihr ausgew\u00e4hlter Bereich wird mit Komma-Trennzeichen in den numerischen Werten angewendet.<\/li><li> Um Dezimalwerte zu entfernen, geben Sie im Feld \u201eDezimalstellen\u201c eine Null (0) ein. <br><img loading=\"lazy\" decoding=\"async\" title=\"Dialogfeld \u201e6-Format-Zellen\u201c.\" src=\"https:\/\/exceladvisor.org\/wp-content\/uploads\/2023\/08\/Boite-de-dialogue-6-cellules-de-format.png\" sizes=\"auto, \" srcset=\"\" alt=\"format-cells-dialog-box\" width=\"498\" height=\"459\"><\/li><\/ol><h2 class=\"wp-block-heading\"> \u00c4ndern Sie die Trennzeichen im Kommastil vom Lakhs-Format in das Million-Format<\/h2><p> Aufgrund der Standardregion und des W\u00e4hrungsformats Ihres Systems werden mit Kommatrennzeichen manchmal getrennte numerische Werte in Lakh angezeigt. Sie k\u00f6nnen das W\u00e4hrungsformat jedoch in das Millionenformat \u00e4ndern, indem Sie die folgenden Schritte ausf\u00fchren:<\/p><ol><li> Gehen Sie zun\u00e4chst zur \u201eSystemsteuerung\u201c Ihres Systems und klicken Sie unter der Option \u201eUhr und Region\u201c oder \u201eRegion und Sprache\u201c auf den Link \u201eDatums-, Uhrzeit- oder Zahlenformate \u00e4ndern\u201c. <em>(Optionsnamen k\u00f6nnen je nach Windows-Version unterschiedlich sein) <br><img loading=\"lazy\" decoding=\"async\" title=\"7-Nummernformat \u00e4ndern\" src=\"https:\/\/exceladvisor.org\/wp-content\/uploads\/2023\/08\/7-changer-le-format-des-nombres.png\" sizes=\"auto, \" srcset=\"\" alt=\"change-number-format\" width=\"631\" height=\"312\"><\/em><\/li><li> Klicken Sie anschlie\u00dfend im Dialogfeld \u201eRegion\u201c auf \u201eZus\u00e4tzliche Einstellungen\u201c. <br><img loading=\"lazy\" decoding=\"async\" title=\"8-zus\u00e4tzliche-Einstellungen-im-Regionaldialog\" src=\"https:\/\/exceladvisor.org\/wp-content\/uploads\/2023\/08\/8-parametres-supplementaires-dans-la-boite-de-dialogue-regionale.png\" sizes=\"auto, \" srcset=\"\" alt=\"additional-settings-within-regional-dialog-box\" width=\"369\" height=\"474\"><\/li><li> Sobald Sie auf \u201eZus\u00e4tzliche Einstellungen\u201c klicken, wird das Dialogfeld \u201eFormat anpassen\u201c ge\u00f6ffnet.<\/li><li> W\u00e4hlen Sie nun die \u00dcberschrift \u201eW\u00e4hrung\u201c und dann das Millionen-Komma-Trennzeichenformat in der Zahlengruppierung aus.<\/li><li> Klicken Sie abschlie\u00dfend im Dialogfeld \u201eFormat anpassen\u201c und dann im Dialogfeld \u201eRegion\u201c auf \u201e\u00dcbernehmen\u201c und dann auf \u201eOK\u201c. <br><img loading=\"lazy\" decoding=\"async\" title=\"9-Dialogfeld f\u00fcr benutzerdefiniertes Format\" src=\"https:\/\/exceladvisor.org\/wp-content\/uploads\/2023\/08\/9-personnaliser-la-boite-de-dialogue-du-format.png\" sizes=\"auto, \" srcset=\"\" alt=\"customize-format-dialog-box\" width=\"406\" height=\"575\"><\/li><li> Wenn Sie fertig sind, schlie\u00dfen Sie die Excel-Datei, \u00f6ffnen Sie sie erneut und wenden Sie den Komma-Stil an. Der ausgew\u00e4hlte Bereich wird mit Komma-Trennzeichen in Tausender, Hunderttausender und Millionen auf die numerischen Werte angewendet. <br><img loading=\"lazy\" decoding=\"async\" title=\"10-Komma-Stil im Millionenformat\" src=\"https:\/\/exceladvisor.org\/wp-content\/uploads\/2023\/08\/Style-de-10-virgules-au-format-million.png\" sizes=\"auto, \" srcset=\"\" alt=\"comma-style-in-million-format\" width=\"401\" height=\"308\"><\/li><\/ol><h2 class=\"wp-block-heading\"> Wenden Sie den Kommastil mithilfe der Tastenkombination an<\/h2><p> W\u00e4hlen Sie die gesamte Spalte oder den gesamten Bereich aus, auf den der Kommastil angewendet werden soll, und dr\u00fccken Sie dann die Tasten <kbd>Alt<\/kbd> + <kbd>H<\/kbd> + <kbd>K.<\/kbd> Daraufhin wird der ausgew\u00e4hlte Bereich mit Kommatrennzeichen angewendet. <\/p><div class=\"wp-block-image\"><figure class=\"aligncenter size-full is-resized\"><img loading=\"lazy\" decoding=\"async\" class=\"wp-image-66744\" src=\"https:\/\/exceladvisor.org\/wp-content\/uploads\/2023\/08\/11-raccourci-vers-le-style-virgule.png\" sizes=\"auto, \" srcset=\"\" alt=\"Verkn\u00fcpfung zum Kommastil\" width=\"714\" height=\"167\"><\/figure><\/div><div class=\"gb-container gb-container-4db6181c gb-container-mt\"> <a class=\"gb-button gb-button-c5897111 gb-button-text gb-button-mt-button\" href=\"https:\/\/exceladvisor.org\/de\/excel-grundlagen\/\">Microsoft Excel-Grundlagen (Komponenten, Teile und Wissenshinweise)<\/a><h2 class=\"gb-headline gb-headline-665e5f6b gb-headline-text gb-headline-mt-heading\"> Verwandte Tutorials <\/h2><div class=\"gb-grid-wrapper gb-grid-wrapper-a20baf7c gb-grid-wrapper-mt-grid\"><div class=\"gb-grid-column gb-grid-column-65ddf67e\"><div class=\"gb-container gb-container-65ddf67e\"><ul><li> <a href=\"https:\/\/exceladvisor.org\/de\/fugen-sie-eine-seitenzahl-hinzu\/\">F\u00fcgen Sie in Excel eine Seitenzahl hinzu<\/a><\/li><li> <a href=\"https:\/\/exceladvisor.org\/de\/stange\/\">Durchstreichen in Excel anwenden<\/a><\/li><li> <a href=\"https:\/\/exceladvisor.org\/de\/markieren-sie-leere-zellen\/\">Markieren Sie leere Zellen in Excel<\/a><\/li><li> <a href=\"https:\/\/exceladvisor.org\/de\/pi-symbol\/\">F\u00fcgen Sie das PI-Symbol (\u03c0) in Excel ein<\/a> <\/li><\/ul><\/div><\/div><div class=\"gb-grid-column gb-grid-column-50067b57\"><div class=\"gb-container gb-container-50067b57\"><\/div><\/div><\/div><\/div>","protected":false},"excerpt":{"rendered":"","protected":false},"author":1,"featured_media":0,"parent":0,"menu_order":0,"comment_status":"open","ping_status":"closed","template":"","meta":{"ub_ctt_via":"","footnotes":""},"class_list":["post-3339","page","type-page","status-publish","hentry"],"featured_image_src":null,"yoast_head":"<!-- This site is optimized with the Yoast SEO plugin v25.4 - https:\/\/yoast.com\/wordpress\/plugins\/seo\/ -->\n<title>Wie wende ich den Kommastil in Excel an? (Tutorial 2023)<\/title>\n<meta name=\"description\" content=\"In diesem Tutorial lernen Sie mithilfe von vier benutzerfreundlichen Methoden verschiedene M\u00f6glichkeiten kennen, den Kommastil in Excel anzuwenden.\" \/>\n<meta name=\"robots\" content=\"index, follow, max-snippet:-1, max-image-preview:large, max-video-preview:-1\" \/>\n<link rel=\"canonical\" href=\"https:\/\/exceladvisor.org\/de\/komma-stil-anwenden\/\" \/>\n<meta property=\"og:locale\" content=\"de_DE\" \/>\n<meta property=\"og:type\" content=\"article\" \/>\n<meta property=\"og:title\" content=\"Wie wende ich den Kommastil in Excel an? (Tutorial 2023)\" \/>\n<meta property=\"og:description\" content=\"In diesem Tutorial lernen Sie mithilfe von vier benutzerfreundlichen Methoden verschiedene M\u00f6glichkeiten kennen, den Kommastil in Excel anzuwenden.\" \/>\n<meta property=\"og:url\" content=\"https:\/\/exceladvisor.org\/de\/komma-stil-anwenden\/\" \/>\n<meta property=\"og:site_name\" content=\"Excel Advisor\" \/>\n<meta property=\"article:modified_time\" content=\"2023-12-03T13:05:38+00:00\" \/>\n<meta property=\"og:image\" content=\"https:\/\/exceladvisor.org\/wp-content\/uploads\/2023\/08\/1-selectionner-la-plage-de-cellules.png\" \/>\n<meta name=\"twitter:card\" content=\"summary_large_image\" \/>\n<meta name=\"twitter:label1\" content=\"Gesch\u00e4tzte Lesezeit\" \/>\n\t<meta name=\"twitter:data1\" content=\"3\u00a0Minuten\" \/>\n<script type=\"application\/ld+json\" class=\"yoast-schema-graph\">{\"@context\":\"https:\/\/schema.org\",\"@graph\":[{\"@type\":\"WebPage\",\"@id\":\"https:\/\/exceladvisor.org\/de\/komma-stil-anwenden\/\",\"url\":\"https:\/\/exceladvisor.org\/de\/komma-stil-anwenden\/\",\"name\":\"Wie wende ich den Kommastil in Excel an? (Tutorial 2023)\",\"isPartOf\":{\"@id\":\"https:\/\/exceladvisor.org\/de\/#website\"},\"primaryImageOfPage\":{\"@id\":\"https:\/\/exceladvisor.org\/de\/komma-stil-anwenden\/#primaryimage\"},\"image\":{\"@id\":\"https:\/\/exceladvisor.org\/de\/komma-stil-anwenden\/#primaryimage\"},\"thumbnailUrl\":\"https:\/\/exceladvisor.org\/wp-content\/uploads\/2023\/08\/1-selectionner-la-plage-de-cellules.png\",\"datePublished\":\"2023-10-31T16:15:04+00:00\",\"dateModified\":\"2023-12-03T13:05:38+00:00\",\"description\":\"In diesem Tutorial lernen Sie mithilfe von vier benutzerfreundlichen Methoden verschiedene M\u00f6glichkeiten kennen, den Kommastil in Excel anzuwenden.\",\"breadcrumb\":{\"@id\":\"https:\/\/exceladvisor.org\/de\/komma-stil-anwenden\/#breadcrumb\"},\"inLanguage\":\"de\",\"potentialAction\":[{\"@type\":\"ReadAction\",\"target\":[\"https:\/\/exceladvisor.org\/de\/komma-stil-anwenden\/\"]}]},{\"@type\":\"ImageObject\",\"inLanguage\":\"de\",\"@id\":\"https:\/\/exceladvisor.org\/de\/komma-stil-anwenden\/#primaryimage\",\"url\":\"https:\/\/exceladvisor.org\/wp-content\/uploads\/2023\/08\/1-selectionner-la-plage-de-cellules.png\",\"contentUrl\":\"https:\/\/exceladvisor.org\/wp-content\/uploads\/2023\/08\/1-selectionner-la-plage-de-cellules.png\"},{\"@type\":\"BreadcrumbList\",\"@id\":\"https:\/\/exceladvisor.org\/de\/komma-stil-anwenden\/#breadcrumb\",\"itemListElement\":[{\"@type\":\"ListItem\",\"position\":1,\"name\":\"Accueil\",\"item\":\"https:\/\/exceladvisor.org\/de\/\"},{\"@type\":\"ListItem\",\"position\":2,\"name\":\"Wie wende ich den kommastil in excel an?\"}]},{\"@type\":\"WebSite\",\"@id\":\"https:\/\/exceladvisor.org\/de\/#website\",\"url\":\"https:\/\/exceladvisor.org\/de\/\",\"name\":\"Excel Advisor\",\"description\":\"Ihr Leitfaden zur Datendominanz\",\"publisher\":{\"@id\":\"https:\/\/exceladvisor.org\/de\/#organization\"},\"potentialAction\":[{\"@type\":\"SearchAction\",\"target\":{\"@type\":\"EntryPoint\",\"urlTemplate\":\"https:\/\/exceladvisor.org\/de\/?s={search_term_string}\"},\"query-input\":{\"@type\":\"PropertyValueSpecification\",\"valueRequired\":true,\"valueName\":\"search_term_string\"}}],\"inLanguage\":\"de\"},{\"@type\":\"Organization\",\"@id\":\"https:\/\/exceladvisor.org\/de\/#organization\",\"name\":\"Excel Advisor\",\"url\":\"https:\/\/exceladvisor.org\/de\/\",\"logo\":{\"@type\":\"ImageObject\",\"inLanguage\":\"de\",\"@id\":\"https:\/\/exceladvisor.org\/de\/#\/schema\/logo\/image\/\",\"url\":\"https:\/\/exceladvisor.org\/de\/wp-content\/uploads\/2023\/11\/exceladvisor.org_.png\",\"contentUrl\":\"https:\/\/exceladvisor.org\/de\/wp-content\/uploads\/2023\/11\/exceladvisor.org_.png\",\"width\":105,\"height\":36,\"caption\":\"Excel Advisor\"},\"image\":{\"@id\":\"https:\/\/exceladvisor.org\/de\/#\/schema\/logo\/image\/\"}}]}<\/script>\n<!-- \/ Yoast SEO plugin. -->","yoast_head_json":{"title":"Wie wende ich den Kommastil in Excel an? (Tutorial 2023)","description":"In diesem Tutorial lernen Sie mithilfe von vier benutzerfreundlichen Methoden verschiedene M\u00f6glichkeiten kennen, den Kommastil in Excel anzuwenden.","robots":{"index":"index","follow":"follow","max-snippet":"max-snippet:-1","max-image-preview":"max-image-preview:large","max-video-preview":"max-video-preview:-1"},"canonical":"https:\/\/exceladvisor.org\/de\/komma-stil-anwenden\/","og_locale":"de_DE","og_type":"article","og_title":"Wie wende ich den Kommastil in Excel an? (Tutorial 2023)","og_description":"In diesem Tutorial lernen Sie mithilfe von vier benutzerfreundlichen Methoden verschiedene M\u00f6glichkeiten kennen, den Kommastil in Excel anzuwenden.","og_url":"https:\/\/exceladvisor.org\/de\/komma-stil-anwenden\/","og_site_name":"Excel Advisor","article_modified_time":"2023-12-03T13:05:38+00:00","og_image":[{"url":"https:\/\/exceladvisor.org\/wp-content\/uploads\/2023\/08\/1-selectionner-la-plage-de-cellules.png","type":"","width":"","height":""}],"twitter_card":"summary_large_image","twitter_misc":{"Gesch\u00e4tzte Lesezeit":"3\u00a0Minuten"},"schema":{"@context":"https:\/\/schema.org","@graph":[{"@type":"WebPage","@id":"https:\/\/exceladvisor.org\/de\/komma-stil-anwenden\/","url":"https:\/\/exceladvisor.org\/de\/komma-stil-anwenden\/","name":"Wie wende ich den Kommastil in Excel an? (Tutorial 2023)","isPartOf":{"@id":"https:\/\/exceladvisor.org\/de\/#website"},"primaryImageOfPage":{"@id":"https:\/\/exceladvisor.org\/de\/komma-stil-anwenden\/#primaryimage"},"image":{"@id":"https:\/\/exceladvisor.org\/de\/komma-stil-anwenden\/#primaryimage"},"thumbnailUrl":"https:\/\/exceladvisor.org\/wp-content\/uploads\/2023\/08\/1-selectionner-la-plage-de-cellules.png","datePublished":"2023-10-31T16:15:04+00:00","dateModified":"2023-12-03T13:05:38+00:00","description":"In diesem Tutorial lernen Sie mithilfe von vier benutzerfreundlichen Methoden verschiedene M\u00f6glichkeiten kennen, den Kommastil in Excel anzuwenden.","breadcrumb":{"@id":"https:\/\/exceladvisor.org\/de\/komma-stil-anwenden\/#breadcrumb"},"inLanguage":"de","potentialAction":[{"@type":"ReadAction","target":["https:\/\/exceladvisor.org\/de\/komma-stil-anwenden\/"]}]},{"@type":"ImageObject","inLanguage":"de","@id":"https:\/\/exceladvisor.org\/de\/komma-stil-anwenden\/#primaryimage","url":"https:\/\/exceladvisor.org\/wp-content\/uploads\/2023\/08\/1-selectionner-la-plage-de-cellules.png","contentUrl":"https:\/\/exceladvisor.org\/wp-content\/uploads\/2023\/08\/1-selectionner-la-plage-de-cellules.png"},{"@type":"BreadcrumbList","@id":"https:\/\/exceladvisor.org\/de\/komma-stil-anwenden\/#breadcrumb","itemListElement":[{"@type":"ListItem","position":1,"name":"Accueil","item":"https:\/\/exceladvisor.org\/de\/"},{"@type":"ListItem","position":2,"name":"Wie wende ich den kommastil in excel an?"}]},{"@type":"WebSite","@id":"https:\/\/exceladvisor.org\/de\/#website","url":"https:\/\/exceladvisor.org\/de\/","name":"Excel Advisor","description":"Ihr Leitfaden zur Datendominanz","publisher":{"@id":"https:\/\/exceladvisor.org\/de\/#organization"},"potentialAction":[{"@type":"SearchAction","target":{"@type":"EntryPoint","urlTemplate":"https:\/\/exceladvisor.org\/de\/?s={search_term_string}"},"query-input":{"@type":"PropertyValueSpecification","valueRequired":true,"valueName":"search_term_string"}}],"inLanguage":"de"},{"@type":"Organization","@id":"https:\/\/exceladvisor.org\/de\/#organization","name":"Excel Advisor","url":"https:\/\/exceladvisor.org\/de\/","logo":{"@type":"ImageObject","inLanguage":"de","@id":"https:\/\/exceladvisor.org\/de\/#\/schema\/logo\/image\/","url":"https:\/\/exceladvisor.org\/de\/wp-content\/uploads\/2023\/11\/exceladvisor.org_.png","contentUrl":"https:\/\/exceladvisor.org\/de\/wp-content\/uploads\/2023\/11\/exceladvisor.org_.png","width":105,"height":36,"caption":"Excel Advisor"},"image":{"@id":"https:\/\/exceladvisor.org\/de\/#\/schema\/logo\/image\/"}}]}},"yoast_meta":{"yoast_wpseo_title":"","yoast_wpseo_metadesc":"","yoast_wpseo_canonical":""},"_links":{"self":[{"href":"https:\/\/exceladvisor.org\/de\/wp-json\/wp\/v2\/pages\/3339","targetHints":{"allow":["GET"]}}],"collection":[{"href":"https:\/\/exceladvisor.org\/de\/wp-json\/wp\/v2\/pages"}],"about":[{"href":"https:\/\/exceladvisor.org\/de\/wp-json\/wp\/v2\/types\/page"}],"author":[{"embeddable":true,"href":"https:\/\/exceladvisor.org\/de\/wp-json\/wp\/v2\/users\/1"}],"replies":[{"embeddable":true,"href":"https:\/\/exceladvisor.org\/de\/wp-json\/wp\/v2\/comments?post=3339"}],"version-history":[{"count":1,"href":"https:\/\/exceladvisor.org\/de\/wp-json\/wp\/v2\/pages\/3339\/revisions"}],"predecessor-version":[{"id":4406,"href":"https:\/\/exceladvisor.org\/de\/wp-json\/wp\/v2\/pages\/3339\/revisions\/4406"}],"wp:attachment":[{"href":"https:\/\/exceladvisor.org\/de\/wp-json\/wp\/v2\/media?parent=3339"}],"curies":[{"name":"wp","href":"https:\/\/api.w.org\/{rel}","templated":true}]}}