{"id":3340,"date":"2023-10-31T16:00:11","date_gmt":"2023-10-31T16:00:11","guid":{"rendered":"https:\/\/exceladvisor.org\/de\/zeilenumbruch\/"},"modified":"2023-12-03T11:20:49","modified_gmt":"2023-12-03T11:20:49","slug":"zeilenumbruch","status":"publish","type":"page","link":"https:\/\/exceladvisor.org\/de\/zeilenumbruch\/","title":{"rendered":"Wie f\u00fcge ich einen zeilenumbruch im vba-code hinzu?"},"content":{"rendered":"<div class=\"excel-vor-dem-inhalt\" id=\"excel-2808881130\"><script type=\"text\/javascript\">\r\n\tatOptions = {\r\n\t\t'key' : 'c1158f160081d6540a8409e6925dab94',\r\n\t\t'format' : 'iframe',\r\n\t\t'height' : 250,\r\n\t\t'width' : 300,\r\n\t\t'params' : {}\r\n\t};\r\n<\/script>\r\n<script type=\"text\/javascript\" src=\"\/\/www.highperformanceformat.com\/c1158f160081d6540a8409e6925dab94\/invoke.js\"><\/script><\/div> <p>Beim Schreiben von VBA-Codes kann es vorkommen, dass Sie eine lange Codezeile haben, die f\u00fcr alle schwer lesbar ist. In diesem Fall verwenden Sie am besten das <strong>VBA-Zeilenumbruchzeichen<\/strong> , das Sie im folgenden Beispiel verwenden. <\/p><div class=\"wp-block-image\"><figure class=\"aligncenter size-large is-resized\"><img loading=\"lazy\" decoding=\"async\" class=\"wp-image-51730\" src=\"https:\/\/exceladvisor.org\/wp-content\/uploads\/2023\/08\/1-caractere-de-saut-de-ligne-vba.png\" sizes=\"auto, \" srcset=\"\" alt=\"vba-Neuzeilenzeichen\" width=\"695\" height=\"298\"><\/figure><\/div><p> Im ersten Makro haben Sie nur eine lange Zeile, aber im zweiten Makro wird dieselbe Zeile in drei Zeilen mit Zeilenfortsetzungszeichen aufgeteilt.<\/p><p> Wenn Sie genau hinschauen, haben die ersten beiden Zeilen am Ende einen Unterstrich.<\/p><p> Wenn Sie eine Zeile in zwei oder mehr Zeilen aufteilen m\u00f6chten, m\u00fcssen Sie <strong>ein Leerzeichen gefolgt von einem Unterstrich eingeben<\/strong> . <\/p><div class=\"wp-block-image\"><figure class=\"aligncenter size-large is-resized\"><img loading=\"lazy\" decoding=\"async\" class=\"wp-image-51731\" src=\"https:\/\/exceladvisor.org\/wp-content\/uploads\/2023\/08\/2-utiliser-un-trait-de-soulignement.png\" sizes=\"auto, \" srcset=\"\" alt=\"Verwenden Sie einen Unterstrich\" width=\"414\" height=\"91\"><\/figure><\/div><p> Einer der wichtigsten Vorteile der Verwendung eines Zeilenumbruchs besteht darin, strukturierten, leicht lesbaren Code zu erstellen.<\/p><h2 class=\"wp-block-heading\"> Zeilenumbruch im VBA-Code<\/h2><p> Um einen VBA-Zeilenumbruch einzugeben, k\u00f6nnen Sie die folgenden Schritte ausf\u00fchren.<\/p><ol type=\"1\"><li> Klicken Sie zun\u00e4chst auf das Zeichen, von dem Sie die Linie abschneiden m\u00f6chten.<\/li><li> <strong>Geben Sie dann ein Leerzeichen<\/strong> ( ) ein.<\/li><li> <strong>Geben Sie anschlie\u00dfend einen Unterstrich<\/strong> (_) ein.<\/li><li> <strong>Dr\u00fccken Sie am Ende die Eingabetaste<\/strong> , um die Linie auszuschneiden.<\/li><\/ol><p> Aber es gibt eine Sache, auf die Sie achten m\u00fcssen; Sie k\u00f6nnen in der Mitte des Arguments keinen Zeilenumbruch einf\u00fcgen. <\/p><div class=\"wp-block-image\"><figure class=\"aligncenter size-large is-resized\"><img loading=\"lazy\" decoding=\"async\" class=\"wp-image-51732\" src=\"https:\/\/exceladvisor.org\/wp-content\/uploads\/2023\/08\/3-etapes-de-saut-de-ligne-vba.png\" sizes=\"auto, \" srcset=\"\" alt=\"VBA-Zeilenumbruchschritte\" width=\"334\" height=\"109\"><\/figure><\/div><h2 class=\"wp-block-heading\"> Mehrere Codezeilen in einer einzigen Zeile<\/h2><p> Mit VBA k\u00f6nnen Sie auch mehrere Codezeilen in dieselbe Zeile schreiben. Angenommen, Sie m\u00f6chten unten zwei Codezeilen in einer einzigen Zeile kombinieren. Sie k\u00f6nnen hierf\u00fcr einen Doppelpunkt (:) verwenden. <\/p><div class=\"wp-block-image\"><figure class=\"aligncenter size-large is-resized\"><img loading=\"lazy\" decoding=\"async\" class=\"wp-image-51733\" src=\"https:\/\/exceladvisor.org\/wp-content\/uploads\/2023\/08\/4-lignes-de-code-multiples.png\" sizes=\"auto, \" srcset=\"\" alt=\"mehrere Zeilen Code\" width=\"372\" height=\"189\"><\/figure><\/div><p> Dann wird es sein: <\/p><div class=\"wp-block-image\"><figure class=\"aligncenter size-large is-resized\"><img loading=\"lazy\" decoding=\"async\" class=\"wp-image-51734\" src=\"https:\/\/exceladvisor.org\/wp-content\/uploads\/2023\/08\/5-utiliser-un-colon.png\" sizes=\"auto, \" srcset=\"\" alt=\"Verwenden Sie einen Doppelpunkt\" width=\"440\" height=\"149\"><\/figure><\/div><div class=\"gb-container gb-container-4db6181c gb-container-mt\"> <a class=\"gb-button gb-button-c5897111 gb-button-text gb-button-mt-button\" href=\"https:\/\/exceladvisor.org\/de\/vba\/\">Was ist VBA<\/a><h2 class=\"gb-headline gb-headline-665e5f6b gb-headline-text gb-headline-mt-heading\"> Verwandte Tutorials <\/h2><div class=\"gb-grid-wrapper gb-grid-wrapper-a20baf7c gb-grid-wrapper-mt-grid\"><div class=\"gb-grid-column gb-grid-column-65ddf67e\"><div class=\"gb-container gb-container-65ddf67e\"><ul><li> <a href=\"https:\/\/exceladvisor.org\/de\/interview-fragen\/\">Fragen zum VBA-Interview<\/a><\/li><li> <a href=\"https:\/\/exceladvisor.org\/de\/kommentar\/\">F\u00fcgen Sie einen Kommentar im VBA-Code hinzu<\/a><\/li><li> <a href=\"https:\/\/exceladvisor.org\/de\/neue-zeile\/\">F\u00fcgen Sie in VBA eine neue Zeile (Wagenr\u00fccklauf) in eine Zeichenfolge ein<\/a><\/li><li> <a href=\"https:\/\/exceladvisor.org\/de\/ein-makro-ausfuhren-2\/\">F\u00fchren Sie ein Makro in Excel aus (VBA-Code ausf\u00fchren)<\/a><\/li><li> <a href=\"https:\/\/exceladvisor.org\/de\/personliches-makro-notizbuch\/\">Pers\u00f6nliche Makro-Arbeitsmappe (personal.xlsb)<\/a> <\/li><\/ul><\/div><\/div><div class=\"gb-grid-column gb-grid-column-50067b57\"><div class=\"gb-container gb-container-50067b57\"><\/div><\/div><\/div><\/div>","protected":false},"excerpt":{"rendered":"","protected":false},"author":1,"featured_media":0,"parent":0,"menu_order":0,"comment_status":"open","ping_status":"closed","template":"","meta":{"ub_ctt_via":"","footnotes":""},"class_list":["post-3340","page","type-page","status-publish","hentry"],"featured_image_src":null,"yoast_head":"<!-- This site is optimized with the Yoast SEO plugin v25.4 - https:\/\/yoast.com\/wordpress\/plugins\/seo\/ -->\n<title>\u25b7 Wie f\u00fcge ich einen Zeilenumbruch im VBA-Code hinzu?<\/title>\n<meta name=\"description\" content=\"Dieses Tutorial stellt eine einfache M\u00f6glichkeit vor, eine neue Zeile in eine Codezeile einzuf\u00fcgen, und zeigt auch eine M\u00f6glichkeit, mehrere zu schreiben\" \/>\n<meta name=\"robots\" content=\"index, follow, max-snippet:-1, max-image-preview:large, max-video-preview:-1\" \/>\n<link rel=\"canonical\" href=\"https:\/\/exceladvisor.org\/de\/zeilenumbruch\/\" \/>\n<meta property=\"og:locale\" content=\"de_DE\" \/>\n<meta property=\"og:type\" content=\"article\" \/>\n<meta property=\"og:title\" content=\"\u25b7 Wie f\u00fcge ich einen Zeilenumbruch im VBA-Code hinzu?\" \/>\n<meta property=\"og:description\" content=\"Dieses Tutorial stellt eine einfache M\u00f6glichkeit vor, eine neue Zeile in eine Codezeile einzuf\u00fcgen, und zeigt auch eine M\u00f6glichkeit, mehrere zu schreiben\" \/>\n<meta property=\"og:url\" content=\"https:\/\/exceladvisor.org\/de\/zeilenumbruch\/\" \/>\n<meta property=\"og:site_name\" content=\"Excel Advisor\" \/>\n<meta property=\"article:modified_time\" content=\"2023-12-03T11:20:49+00:00\" \/>\n<meta property=\"og:image\" content=\"https:\/\/exceladvisor.org\/wp-content\/uploads\/2023\/08\/1-caractere-de-saut-de-ligne-vba.png\" \/>\n<meta name=\"twitter:card\" content=\"summary_large_image\" \/>\n<meta name=\"twitter:label1\" content=\"Gesch\u00e4tzte Lesezeit\" \/>\n\t<meta name=\"twitter:data1\" content=\"1\u00a0Minute\" \/>\n<script type=\"application\/ld+json\" class=\"yoast-schema-graph\">{\"@context\":\"https:\/\/schema.org\",\"@graph\":[{\"@type\":\"WebPage\",\"@id\":\"https:\/\/exceladvisor.org\/de\/zeilenumbruch\/\",\"url\":\"https:\/\/exceladvisor.org\/de\/zeilenumbruch\/\",\"name\":\"\u25b7 Wie f\u00fcge ich einen Zeilenumbruch im VBA-Code hinzu?\",\"isPartOf\":{\"@id\":\"https:\/\/exceladvisor.org\/de\/#website\"},\"primaryImageOfPage\":{\"@id\":\"https:\/\/exceladvisor.org\/de\/zeilenumbruch\/#primaryimage\"},\"image\":{\"@id\":\"https:\/\/exceladvisor.org\/de\/zeilenumbruch\/#primaryimage\"},\"thumbnailUrl\":\"https:\/\/exceladvisor.org\/wp-content\/uploads\/2023\/08\/1-caractere-de-saut-de-ligne-vba.png\",\"datePublished\":\"2023-10-31T16:00:11+00:00\",\"dateModified\":\"2023-12-03T11:20:49+00:00\",\"description\":\"Dieses Tutorial stellt eine einfache M\u00f6glichkeit vor, eine neue Zeile in eine Codezeile einzuf\u00fcgen, und zeigt auch eine M\u00f6glichkeit, mehrere zu schreiben\",\"breadcrumb\":{\"@id\":\"https:\/\/exceladvisor.org\/de\/zeilenumbruch\/#breadcrumb\"},\"inLanguage\":\"de\",\"potentialAction\":[{\"@type\":\"ReadAction\",\"target\":[\"https:\/\/exceladvisor.org\/de\/zeilenumbruch\/\"]}]},{\"@type\":\"ImageObject\",\"inLanguage\":\"de\",\"@id\":\"https:\/\/exceladvisor.org\/de\/zeilenumbruch\/#primaryimage\",\"url\":\"https:\/\/exceladvisor.org\/wp-content\/uploads\/2023\/08\/1-caractere-de-saut-de-ligne-vba.png\",\"contentUrl\":\"https:\/\/exceladvisor.org\/wp-content\/uploads\/2023\/08\/1-caractere-de-saut-de-ligne-vba.png\"},{\"@type\":\"BreadcrumbList\",\"@id\":\"https:\/\/exceladvisor.org\/de\/zeilenumbruch\/#breadcrumb\",\"itemListElement\":[{\"@type\":\"ListItem\",\"position\":1,\"name\":\"Accueil\",\"item\":\"https:\/\/exceladvisor.org\/de\/\"},{\"@type\":\"ListItem\",\"position\":2,\"name\":\"Wie f\u00fcge ich einen zeilenumbruch im vba-code hinzu?\"}]},{\"@type\":\"WebSite\",\"@id\":\"https:\/\/exceladvisor.org\/de\/#website\",\"url\":\"https:\/\/exceladvisor.org\/de\/\",\"name\":\"Excel Advisor\",\"description\":\"Ihr Leitfaden zur Datendominanz\",\"publisher\":{\"@id\":\"https:\/\/exceladvisor.org\/de\/#organization\"},\"potentialAction\":[{\"@type\":\"SearchAction\",\"target\":{\"@type\":\"EntryPoint\",\"urlTemplate\":\"https:\/\/exceladvisor.org\/de\/?s={search_term_string}\"},\"query-input\":{\"@type\":\"PropertyValueSpecification\",\"valueRequired\":true,\"valueName\":\"search_term_string\"}}],\"inLanguage\":\"de\"},{\"@type\":\"Organization\",\"@id\":\"https:\/\/exceladvisor.org\/de\/#organization\",\"name\":\"Excel Advisor\",\"url\":\"https:\/\/exceladvisor.org\/de\/\",\"logo\":{\"@type\":\"ImageObject\",\"inLanguage\":\"de\",\"@id\":\"https:\/\/exceladvisor.org\/de\/#\/schema\/logo\/image\/\",\"url\":\"https:\/\/exceladvisor.org\/de\/wp-content\/uploads\/2023\/11\/exceladvisor.org_.png\",\"contentUrl\":\"https:\/\/exceladvisor.org\/de\/wp-content\/uploads\/2023\/11\/exceladvisor.org_.png\",\"width\":105,\"height\":36,\"caption\":\"Excel Advisor\"},\"image\":{\"@id\":\"https:\/\/exceladvisor.org\/de\/#\/schema\/logo\/image\/\"}}]}<\/script>\n<!-- \/ Yoast SEO plugin. -->","yoast_head_json":{"title":"\u25b7 Wie f\u00fcge ich einen Zeilenumbruch im VBA-Code hinzu?","description":"Dieses Tutorial stellt eine einfache M\u00f6glichkeit vor, eine neue Zeile in eine Codezeile einzuf\u00fcgen, und zeigt auch eine M\u00f6glichkeit, mehrere zu schreiben","robots":{"index":"index","follow":"follow","max-snippet":"max-snippet:-1","max-image-preview":"max-image-preview:large","max-video-preview":"max-video-preview:-1"},"canonical":"https:\/\/exceladvisor.org\/de\/zeilenumbruch\/","og_locale":"de_DE","og_type":"article","og_title":"\u25b7 Wie f\u00fcge ich einen Zeilenumbruch im VBA-Code hinzu?","og_description":"Dieses Tutorial stellt eine einfache M\u00f6glichkeit vor, eine neue Zeile in eine Codezeile einzuf\u00fcgen, und zeigt auch eine M\u00f6glichkeit, mehrere zu schreiben","og_url":"https:\/\/exceladvisor.org\/de\/zeilenumbruch\/","og_site_name":"Excel Advisor","article_modified_time":"2023-12-03T11:20:49+00:00","og_image":[{"url":"https:\/\/exceladvisor.org\/wp-content\/uploads\/2023\/08\/1-caractere-de-saut-de-ligne-vba.png","type":"","width":"","height":""}],"twitter_card":"summary_large_image","twitter_misc":{"Gesch\u00e4tzte Lesezeit":"1\u00a0Minute"},"schema":{"@context":"https:\/\/schema.org","@graph":[{"@type":"WebPage","@id":"https:\/\/exceladvisor.org\/de\/zeilenumbruch\/","url":"https:\/\/exceladvisor.org\/de\/zeilenumbruch\/","name":"\u25b7 Wie f\u00fcge ich einen Zeilenumbruch im VBA-Code hinzu?","isPartOf":{"@id":"https:\/\/exceladvisor.org\/de\/#website"},"primaryImageOfPage":{"@id":"https:\/\/exceladvisor.org\/de\/zeilenumbruch\/#primaryimage"},"image":{"@id":"https:\/\/exceladvisor.org\/de\/zeilenumbruch\/#primaryimage"},"thumbnailUrl":"https:\/\/exceladvisor.org\/wp-content\/uploads\/2023\/08\/1-caractere-de-saut-de-ligne-vba.png","datePublished":"2023-10-31T16:00:11+00:00","dateModified":"2023-12-03T11:20:49+00:00","description":"Dieses Tutorial stellt eine einfache M\u00f6glichkeit vor, eine neue Zeile in eine Codezeile einzuf\u00fcgen, und zeigt auch eine M\u00f6glichkeit, mehrere zu schreiben","breadcrumb":{"@id":"https:\/\/exceladvisor.org\/de\/zeilenumbruch\/#breadcrumb"},"inLanguage":"de","potentialAction":[{"@type":"ReadAction","target":["https:\/\/exceladvisor.org\/de\/zeilenumbruch\/"]}]},{"@type":"ImageObject","inLanguage":"de","@id":"https:\/\/exceladvisor.org\/de\/zeilenumbruch\/#primaryimage","url":"https:\/\/exceladvisor.org\/wp-content\/uploads\/2023\/08\/1-caractere-de-saut-de-ligne-vba.png","contentUrl":"https:\/\/exceladvisor.org\/wp-content\/uploads\/2023\/08\/1-caractere-de-saut-de-ligne-vba.png"},{"@type":"BreadcrumbList","@id":"https:\/\/exceladvisor.org\/de\/zeilenumbruch\/#breadcrumb","itemListElement":[{"@type":"ListItem","position":1,"name":"Accueil","item":"https:\/\/exceladvisor.org\/de\/"},{"@type":"ListItem","position":2,"name":"Wie f\u00fcge ich einen zeilenumbruch im vba-code hinzu?"}]},{"@type":"WebSite","@id":"https:\/\/exceladvisor.org\/de\/#website","url":"https:\/\/exceladvisor.org\/de\/","name":"Excel Advisor","description":"Ihr Leitfaden zur Datendominanz","publisher":{"@id":"https:\/\/exceladvisor.org\/de\/#organization"},"potentialAction":[{"@type":"SearchAction","target":{"@type":"EntryPoint","urlTemplate":"https:\/\/exceladvisor.org\/de\/?s={search_term_string}"},"query-input":{"@type":"PropertyValueSpecification","valueRequired":true,"valueName":"search_term_string"}}],"inLanguage":"de"},{"@type":"Organization","@id":"https:\/\/exceladvisor.org\/de\/#organization","name":"Excel Advisor","url":"https:\/\/exceladvisor.org\/de\/","logo":{"@type":"ImageObject","inLanguage":"de","@id":"https:\/\/exceladvisor.org\/de\/#\/schema\/logo\/image\/","url":"https:\/\/exceladvisor.org\/de\/wp-content\/uploads\/2023\/11\/exceladvisor.org_.png","contentUrl":"https:\/\/exceladvisor.org\/de\/wp-content\/uploads\/2023\/11\/exceladvisor.org_.png","width":105,"height":36,"caption":"Excel Advisor"},"image":{"@id":"https:\/\/exceladvisor.org\/de\/#\/schema\/logo\/image\/"}}]}},"yoast_meta":{"yoast_wpseo_title":"","yoast_wpseo_metadesc":"","yoast_wpseo_canonical":""},"_links":{"self":[{"href":"https:\/\/exceladvisor.org\/de\/wp-json\/wp\/v2\/pages\/3340","targetHints":{"allow":["GET"]}}],"collection":[{"href":"https:\/\/exceladvisor.org\/de\/wp-json\/wp\/v2\/pages"}],"about":[{"href":"https:\/\/exceladvisor.org\/de\/wp-json\/wp\/v2\/types\/page"}],"author":[{"embeddable":true,"href":"https:\/\/exceladvisor.org\/de\/wp-json\/wp\/v2\/users\/1"}],"replies":[{"embeddable":true,"href":"https:\/\/exceladvisor.org\/de\/wp-json\/wp\/v2\/comments?post=3340"}],"version-history":[{"count":1,"href":"https:\/\/exceladvisor.org\/de\/wp-json\/wp\/v2\/pages\/3340\/revisions"}],"predecessor-version":[{"id":4029,"href":"https:\/\/exceladvisor.org\/de\/wp-json\/wp\/v2\/pages\/3340\/revisions\/4029"}],"wp:attachment":[{"href":"https:\/\/exceladvisor.org\/de\/wp-json\/wp\/v2\/media?parent=3340"}],"curies":[{"name":"wp","href":"https:\/\/api.w.org\/{rel}","templated":true}]}}