{"id":3341,"date":"2023-10-31T15:55:47","date_gmt":"2023-10-31T15:55:47","guid":{"rendered":"https:\/\/exceladvisor.org\/de\/neue-zeile\/"},"modified":"2023-12-03T11:20:35","modified_gmt":"2023-12-03T11:20:35","slug":"neue-zeile","status":"publish","type":"page","link":"https:\/\/exceladvisor.org\/de\/neue-zeile\/","title":{"rendered":"Wie f\u00fcge ich eine neue zeile im vba-code hinzu?"},"content":{"rendered":"<div class=\"excel-vor-dem-inhalt\" id=\"excel-1401097050\"><script type=\"text\/javascript\">\r\n\tatOptions = {\r\n\t\t'key' : 'c1158f160081d6540a8409e6925dab94',\r\n\t\t'format' : 'iframe',\r\n\t\t'height' : 250,\r\n\t\t'width' : 300,\r\n\t\t'params' : {}\r\n\t};\r\n<\/script>\r\n<script type=\"text\/javascript\" src=\"\/\/www.highperformanceformat.com\/c1158f160081d6540a8409e6925dab94\/invoke.js\"><\/script><\/div> <p>In VBA gibt es drei verschiedene (Konstanten) zum Einf\u00fcgen eines Zeilenumbruchs.<\/p><ol><li> vbNewLine<\/li><li> vbCrLf<\/li><li> vbLf<\/li><\/ol><h2 class=\"wp-block-heading\"> vbNewLine<\/h2><p> vbNewLine f\u00fcgt ein Newline-Zeichen ein, das in eine Newline eingef\u00fcgt wird. In der folgenden Codezeile haben Sie zwei Zeichenfolgen kombiniert.<\/p><pre class=\"wp-block-code\"> <code class=\"language-visual-basic\" lang=\"visual-basic\">Range(\"A1\") = \"Line1\" &amp; vbNewLine &amp; \"Line2\"<\/code><\/pre><p> Wenn Sie <a href=\"https:\/\/exceladvisor.org\/de\/ein-makro-ausfuhren-2\/\">dieses Makro ausf\u00fchren<\/a> , wird die Zeichenfolge in zwei Zeilen zur\u00fcckgegeben. <\/p><div class=\"wp-block-image\"><figure class=\"aligncenter size-large is-resized\"><img loading=\"lazy\" decoding=\"async\" class=\"wp-image-51775\" src=\"https:\/\/exceladvisor.org\/wp-content\/uploads\/2023\/08\/1-vba-nouvelle-ligne.png\" sizes=\"auto, \" srcset=\"\" alt=\"vba-neue-zeile\" width=\"644\" height=\"281\"><\/figure><\/div><p> Es werden die Zeichen 13 und 10 zur\u00fcckgegeben (Chr(13) + Chr(10)). Sie k\u00f6nnen Code auch auf die folgende Weise verwenden, um das gleiche Ergebnis zu erzielen.<\/p><pre class=\"wp-block-code\"> <code class=\"language-visual-basic\" lang=\"visual-basic\">Range(\"A1\") = \"Line1\" &amp; Chr(13) &amp; Chr(10) &amp; \"Line2\"<\/code><\/pre><p> Wenn Sie jedoch vbNewLine verwenden, m\u00fcssen Sie die CHAR-Funktion nicht verwenden.<\/p><h2 class=\"wp-block-heading\"> vbCrLf<\/h2><p> Die Konstante vbCrLf steht f\u00fcr Wagenr\u00fccklauf und Zeilenvorschub, was bedeutet, dass Cr den Cursor an den Zeilenanfang und Lf an die n\u00e4chste Zeile bewegt.<\/p><p> Wenn Sie vbCrLf in zwei Zeichenfolgen oder Werten verwenden, wie im folgenden Code, wird eine neue Zeile eingef\u00fcgt. <\/p><pre class=\"wp-block-code\"> <code class=\"language-visual-basic\" lang=\"visual-basic\">Range(\"A1\") = \"Line1\" &amp; vbCrLf &amp; \"Line2\"<\/code><\/pre><div class=\"wp-block-image\"><figure class=\"aligncenter size-large is-resized\"><img loading=\"lazy\" decoding=\"async\" class=\"wp-image-51776\" src=\"https:\/\/exceladvisor.org\/wp-content\/uploads\/2023\/08\/2-retour-chariot-et-saut-de-ligne.png\" sizes=\"auto, \" srcset=\"\" alt=\"Wagenr\u00fccklauf und Zeilenvorschub\" width=\"655\" height=\"294\"><\/figure><\/div><h2 class=\"wp-block-heading\"> vbLf<\/h2><p> Die vbLf-Konstante steht f\u00fcr Newline-Zeichen. Wenn Sie sie in zwei Zeichenfolgen verwenden, gibt sie ein Newline-Zeichen zur\u00fcck, das eine neue Zeile f\u00fcr die zweite Zeichenfolge hinzuf\u00fcgt. <\/p><pre class=\"wp-block-code\"> <code class=\"language-visual-basic\" lang=\"visual-basic\">Range(\"A1\") = \"Line1\" &amp; vbLf &amp; \"Line2\"<\/code><\/pre><div class=\"wp-block-image\"><figure class=\"aligncenter size-large is-resized\"><img loading=\"lazy\" decoding=\"async\" class=\"wp-image-51777\" src=\"https:\/\/exceladvisor.org\/wp-content\/uploads\/2023\/08\/3-vblf-qui-ajoutent-une-nouvelle-ligne.png\" sizes=\"auto, \" srcset=\"\" alt=\"vblf-das-eine-neue-Zeile hinzuf\u00fcgt\" width=\"659\" height=\"307\"><\/figure><\/div><h2 class=\"wp-block-heading\"> Neue Zeile in VBA MsgBox hinzuf\u00fcgen<\/h2><p> Wenn Sie bei Verwendung <a href=\"https:\/\/exceladvisor.org\/de\/vba-nachrichtenbox\/\">von VBA MsgBox eine neue Zeile hinzuf\u00fcgen m\u00f6chten,<\/a> k\u00f6nnen Sie eine der drei oben besprochenen Konstanten verwenden.<\/p><pre class=\"wp-block-code\"> <code class=\"language-visual-basic\" lang=\"visual-basic\">MsgBox \"Line1\" &amp; vbNewLine &amp; \"Line2\" MsgBox \"Line1\" &amp; vbCrLf &amp; \"Line2\" MsgBox \"Line1\" &amp; vbLf &amp; \"Line2\"<\/code><\/pre><p> Es gibt auch eine vbCr-Konstante, die ein Wagenr\u00fccklaufzeichen zur\u00fcckgibt, mit dem Sie eine neue Zeile in ein Meldungsfeld einf\u00fcgen k\u00f6nnen.<\/p><pre class=\"wp-block-code\"> <code class=\"language-visual-basic\" lang=\"visual-basic\">MsgBox \"Line1\" &amp; vbCr &amp; \"Line2\"<\/code><\/pre><p> vbCr funktioniert nicht, wenn Sie <a href=\"https:\/\/exceladvisor.org\/de\/zellenwert\/\">einen Zellenwert eingeben<\/a> m\u00f6chten, bis Sie <a href=\"https:\/\/exceladvisor.org\/de\/text-umbrechen-1\/\">Umbruchtext darauf anwenden<\/a> .<\/p><div class=\"gb-container gb-container-4db6181c gb-container-mt\"> <a class=\"gb-button gb-button-c5897111 gb-button-text gb-button-mt-button\" href=\"https:\/\/exceladvisor.org\/de\/vba\/\">Was ist VBA<\/a><h2 class=\"gb-headline gb-headline-665e5f6b gb-headline-text gb-headline-mt-heading\"> Verwandte Tutorials <\/h2><div class=\"gb-grid-wrapper gb-grid-wrapper-a20baf7c gb-grid-wrapper-mt-grid\"><div class=\"gb-grid-column gb-grid-column-65ddf67e\"><div class=\"gb-container gb-container-65ddf67e\"><ul><li> <a href=\"https:\/\/exceladvisor.org\/de\/interview-fragen\/\">Fragen zum VBA-Interview<\/a><\/li><li> <a href=\"https:\/\/exceladvisor.org\/de\/kommentar\/\">F\u00fcgen Sie einen Kommentar im VBA-Code hinzu<\/a><\/li><li> <a href=\"https:\/\/exceladvisor.org\/de\/zeilenumbruch\/\">F\u00fcgen Sie einen Zeilenumbruch im VBA-Code hinzu<\/a><\/li><li> <a href=\"https:\/\/exceladvisor.org\/de\/ein-makro-ausfuhren-2\/\">F\u00fchren Sie ein Makro in Excel aus (VBA-Code ausf\u00fchren)<\/a> <\/li><\/ul><\/div><\/div><div class=\"gb-grid-column gb-grid-column-50067b57\"><div class=\"gb-container gb-container-50067b57\"><ul><li> <a href=\"https:\/\/exceladvisor.org\/de\/sofortiger-fenster-debugging-druck\/\">VBA-Sofortfenster (Debug.Print)<\/a><\/li><li> <a href=\"https:\/\/exceladvisor.org\/de\/modul\/\">VBA-Modul<\/a><\/li><li> <a href=\"https:\/\/exceladvisor.org\/de\/vba-nachrichtenbox\/\">VBA-MsgBox<\/a><\/li><li> <a href=\"https:\/\/exceladvisor.org\/de\/objekte\/\">VBA-Objekte<\/a><\/li><\/ul><\/div><\/div><\/div><\/div>","protected":false},"excerpt":{"rendered":"","protected":false},"author":1,"featured_media":0,"parent":0,"menu_order":0,"comment_status":"open","ping_status":"closed","template":"","meta":{"ub_ctt_via":"","footnotes":""},"class_list":["post-3341","page","type-page","status-publish","hentry"],"featured_image_src":null,"yoast_head":"<!-- This site is optimized with the Yoast SEO plugin v25.4 - https:\/\/yoast.com\/wordpress\/plugins\/seo\/ -->\n<title>\u25b7 Wie f\u00fcge ich eine neue Zeile im VBA-Code hinzu?<\/title>\n<meta name=\"description\" content=\"Dieses Tutorial behandelt verschiedene M\u00f6glichkeiten zum Hinzuf\u00fcgen einer neuen Zeile (Wagenr\u00fccklauf), die Sie beim Kombinieren mehrerer verwenden k\u00f6nnen\" \/>\n<meta name=\"robots\" content=\"index, follow, max-snippet:-1, max-image-preview:large, max-video-preview:-1\" \/>\n<link rel=\"canonical\" href=\"https:\/\/exceladvisor.org\/de\/neue-zeile\/\" \/>\n<meta property=\"og:locale\" content=\"de_DE\" \/>\n<meta property=\"og:type\" content=\"article\" \/>\n<meta property=\"og:title\" content=\"\u25b7 Wie f\u00fcge ich eine neue Zeile im VBA-Code hinzu?\" \/>\n<meta property=\"og:description\" content=\"Dieses Tutorial behandelt verschiedene M\u00f6glichkeiten zum Hinzuf\u00fcgen einer neuen Zeile (Wagenr\u00fccklauf), die Sie beim Kombinieren mehrerer verwenden k\u00f6nnen\" \/>\n<meta property=\"og:url\" content=\"https:\/\/exceladvisor.org\/de\/neue-zeile\/\" \/>\n<meta property=\"og:site_name\" content=\"Excel Advisor\" \/>\n<meta property=\"article:modified_time\" content=\"2023-12-03T11:20:35+00:00\" \/>\n<meta property=\"og:image\" content=\"https:\/\/exceladvisor.org\/wp-content\/uploads\/2023\/08\/1-vba-nouvelle-ligne.png\" \/>\n<meta name=\"twitter:card\" content=\"summary_large_image\" \/>\n<meta name=\"twitter:label1\" content=\"Gesch\u00e4tzte Lesezeit\" \/>\n\t<meta name=\"twitter:data1\" content=\"2\u00a0Minuten\" \/>\n<script type=\"application\/ld+json\" class=\"yoast-schema-graph\">{\"@context\":\"https:\/\/schema.org\",\"@graph\":[{\"@type\":\"WebPage\",\"@id\":\"https:\/\/exceladvisor.org\/de\/neue-zeile\/\",\"url\":\"https:\/\/exceladvisor.org\/de\/neue-zeile\/\",\"name\":\"\u25b7 Wie f\u00fcge ich eine neue Zeile im VBA-Code hinzu?\",\"isPartOf\":{\"@id\":\"https:\/\/exceladvisor.org\/de\/#website\"},\"primaryImageOfPage\":{\"@id\":\"https:\/\/exceladvisor.org\/de\/neue-zeile\/#primaryimage\"},\"image\":{\"@id\":\"https:\/\/exceladvisor.org\/de\/neue-zeile\/#primaryimage\"},\"thumbnailUrl\":\"https:\/\/exceladvisor.org\/wp-content\/uploads\/2023\/08\/1-vba-nouvelle-ligne.png\",\"datePublished\":\"2023-10-31T15:55:47+00:00\",\"dateModified\":\"2023-12-03T11:20:35+00:00\",\"description\":\"Dieses Tutorial behandelt verschiedene M\u00f6glichkeiten zum Hinzuf\u00fcgen einer neuen Zeile (Wagenr\u00fccklauf), die Sie beim Kombinieren mehrerer verwenden k\u00f6nnen\",\"breadcrumb\":{\"@id\":\"https:\/\/exceladvisor.org\/de\/neue-zeile\/#breadcrumb\"},\"inLanguage\":\"de\",\"potentialAction\":[{\"@type\":\"ReadAction\",\"target\":[\"https:\/\/exceladvisor.org\/de\/neue-zeile\/\"]}]},{\"@type\":\"ImageObject\",\"inLanguage\":\"de\",\"@id\":\"https:\/\/exceladvisor.org\/de\/neue-zeile\/#primaryimage\",\"url\":\"https:\/\/exceladvisor.org\/wp-content\/uploads\/2023\/08\/1-vba-nouvelle-ligne.png\",\"contentUrl\":\"https:\/\/exceladvisor.org\/wp-content\/uploads\/2023\/08\/1-vba-nouvelle-ligne.png\"},{\"@type\":\"BreadcrumbList\",\"@id\":\"https:\/\/exceladvisor.org\/de\/neue-zeile\/#breadcrumb\",\"itemListElement\":[{\"@type\":\"ListItem\",\"position\":1,\"name\":\"Accueil\",\"item\":\"https:\/\/exceladvisor.org\/de\/\"},{\"@type\":\"ListItem\",\"position\":2,\"name\":\"Wie f\u00fcge ich eine neue zeile im vba-code hinzu?\"}]},{\"@type\":\"WebSite\",\"@id\":\"https:\/\/exceladvisor.org\/de\/#website\",\"url\":\"https:\/\/exceladvisor.org\/de\/\",\"name\":\"Excel Advisor\",\"description\":\"Ihr Leitfaden zur Datendominanz\",\"publisher\":{\"@id\":\"https:\/\/exceladvisor.org\/de\/#organization\"},\"potentialAction\":[{\"@type\":\"SearchAction\",\"target\":{\"@type\":\"EntryPoint\",\"urlTemplate\":\"https:\/\/exceladvisor.org\/de\/?s={search_term_string}\"},\"query-input\":{\"@type\":\"PropertyValueSpecification\",\"valueRequired\":true,\"valueName\":\"search_term_string\"}}],\"inLanguage\":\"de\"},{\"@type\":\"Organization\",\"@id\":\"https:\/\/exceladvisor.org\/de\/#organization\",\"name\":\"Excel Advisor\",\"url\":\"https:\/\/exceladvisor.org\/de\/\",\"logo\":{\"@type\":\"ImageObject\",\"inLanguage\":\"de\",\"@id\":\"https:\/\/exceladvisor.org\/de\/#\/schema\/logo\/image\/\",\"url\":\"https:\/\/exceladvisor.org\/de\/wp-content\/uploads\/2023\/11\/exceladvisor.org_.png\",\"contentUrl\":\"https:\/\/exceladvisor.org\/de\/wp-content\/uploads\/2023\/11\/exceladvisor.org_.png\",\"width\":105,\"height\":36,\"caption\":\"Excel Advisor\"},\"image\":{\"@id\":\"https:\/\/exceladvisor.org\/de\/#\/schema\/logo\/image\/\"}}]}<\/script>\n<!-- \/ Yoast SEO plugin. -->","yoast_head_json":{"title":"\u25b7 Wie f\u00fcge ich eine neue Zeile im VBA-Code hinzu?","description":"Dieses Tutorial behandelt verschiedene M\u00f6glichkeiten zum Hinzuf\u00fcgen einer neuen Zeile (Wagenr\u00fccklauf), die Sie beim Kombinieren mehrerer verwenden k\u00f6nnen","robots":{"index":"index","follow":"follow","max-snippet":"max-snippet:-1","max-image-preview":"max-image-preview:large","max-video-preview":"max-video-preview:-1"},"canonical":"https:\/\/exceladvisor.org\/de\/neue-zeile\/","og_locale":"de_DE","og_type":"article","og_title":"\u25b7 Wie f\u00fcge ich eine neue Zeile im VBA-Code hinzu?","og_description":"Dieses Tutorial behandelt verschiedene M\u00f6glichkeiten zum Hinzuf\u00fcgen einer neuen Zeile (Wagenr\u00fccklauf), die Sie beim Kombinieren mehrerer verwenden k\u00f6nnen","og_url":"https:\/\/exceladvisor.org\/de\/neue-zeile\/","og_site_name":"Excel Advisor","article_modified_time":"2023-12-03T11:20:35+00:00","og_image":[{"url":"https:\/\/exceladvisor.org\/wp-content\/uploads\/2023\/08\/1-vba-nouvelle-ligne.png","type":"","width":"","height":""}],"twitter_card":"summary_large_image","twitter_misc":{"Gesch\u00e4tzte Lesezeit":"2\u00a0Minuten"},"schema":{"@context":"https:\/\/schema.org","@graph":[{"@type":"WebPage","@id":"https:\/\/exceladvisor.org\/de\/neue-zeile\/","url":"https:\/\/exceladvisor.org\/de\/neue-zeile\/","name":"\u25b7 Wie f\u00fcge ich eine neue Zeile im VBA-Code hinzu?","isPartOf":{"@id":"https:\/\/exceladvisor.org\/de\/#website"},"primaryImageOfPage":{"@id":"https:\/\/exceladvisor.org\/de\/neue-zeile\/#primaryimage"},"image":{"@id":"https:\/\/exceladvisor.org\/de\/neue-zeile\/#primaryimage"},"thumbnailUrl":"https:\/\/exceladvisor.org\/wp-content\/uploads\/2023\/08\/1-vba-nouvelle-ligne.png","datePublished":"2023-10-31T15:55:47+00:00","dateModified":"2023-12-03T11:20:35+00:00","description":"Dieses Tutorial behandelt verschiedene M\u00f6glichkeiten zum Hinzuf\u00fcgen einer neuen Zeile (Wagenr\u00fccklauf), die Sie beim Kombinieren mehrerer verwenden k\u00f6nnen","breadcrumb":{"@id":"https:\/\/exceladvisor.org\/de\/neue-zeile\/#breadcrumb"},"inLanguage":"de","potentialAction":[{"@type":"ReadAction","target":["https:\/\/exceladvisor.org\/de\/neue-zeile\/"]}]},{"@type":"ImageObject","inLanguage":"de","@id":"https:\/\/exceladvisor.org\/de\/neue-zeile\/#primaryimage","url":"https:\/\/exceladvisor.org\/wp-content\/uploads\/2023\/08\/1-vba-nouvelle-ligne.png","contentUrl":"https:\/\/exceladvisor.org\/wp-content\/uploads\/2023\/08\/1-vba-nouvelle-ligne.png"},{"@type":"BreadcrumbList","@id":"https:\/\/exceladvisor.org\/de\/neue-zeile\/#breadcrumb","itemListElement":[{"@type":"ListItem","position":1,"name":"Accueil","item":"https:\/\/exceladvisor.org\/de\/"},{"@type":"ListItem","position":2,"name":"Wie f\u00fcge ich eine neue zeile im vba-code hinzu?"}]},{"@type":"WebSite","@id":"https:\/\/exceladvisor.org\/de\/#website","url":"https:\/\/exceladvisor.org\/de\/","name":"Excel Advisor","description":"Ihr Leitfaden zur Datendominanz","publisher":{"@id":"https:\/\/exceladvisor.org\/de\/#organization"},"potentialAction":[{"@type":"SearchAction","target":{"@type":"EntryPoint","urlTemplate":"https:\/\/exceladvisor.org\/de\/?s={search_term_string}"},"query-input":{"@type":"PropertyValueSpecification","valueRequired":true,"valueName":"search_term_string"}}],"inLanguage":"de"},{"@type":"Organization","@id":"https:\/\/exceladvisor.org\/de\/#organization","name":"Excel Advisor","url":"https:\/\/exceladvisor.org\/de\/","logo":{"@type":"ImageObject","inLanguage":"de","@id":"https:\/\/exceladvisor.org\/de\/#\/schema\/logo\/image\/","url":"https:\/\/exceladvisor.org\/de\/wp-content\/uploads\/2023\/11\/exceladvisor.org_.png","contentUrl":"https:\/\/exceladvisor.org\/de\/wp-content\/uploads\/2023\/11\/exceladvisor.org_.png","width":105,"height":36,"caption":"Excel Advisor"},"image":{"@id":"https:\/\/exceladvisor.org\/de\/#\/schema\/logo\/image\/"}}]}},"yoast_meta":{"yoast_wpseo_title":"","yoast_wpseo_metadesc":"","yoast_wpseo_canonical":""},"_links":{"self":[{"href":"https:\/\/exceladvisor.org\/de\/wp-json\/wp\/v2\/pages\/3341","targetHints":{"allow":["GET"]}}],"collection":[{"href":"https:\/\/exceladvisor.org\/de\/wp-json\/wp\/v2\/pages"}],"about":[{"href":"https:\/\/exceladvisor.org\/de\/wp-json\/wp\/v2\/types\/page"}],"author":[{"embeddable":true,"href":"https:\/\/exceladvisor.org\/de\/wp-json\/wp\/v2\/users\/1"}],"replies":[{"embeddable":true,"href":"https:\/\/exceladvisor.org\/de\/wp-json\/wp\/v2\/comments?post=3341"}],"version-history":[{"count":1,"href":"https:\/\/exceladvisor.org\/de\/wp-json\/wp\/v2\/pages\/3341\/revisions"}],"predecessor-version":[{"id":4015,"href":"https:\/\/exceladvisor.org\/de\/wp-json\/wp\/v2\/pages\/3341\/revisions\/4015"}],"wp:attachment":[{"href":"https:\/\/exceladvisor.org\/de\/wp-json\/wp\/v2\/media?parent=3341"}],"curies":[{"name":"wp","href":"https:\/\/api.w.org\/{rel}","templated":true}]}}