{"id":3342,"date":"2023-10-31T13:17:03","date_gmt":"2023-10-31T13:17:03","guid":{"rendered":"https:\/\/exceladvisor.org\/de\/fugen-sie-eine-schaltflache-hinzu\/"},"modified":"2023-12-03T11:20:36","modified_gmt":"2023-12-03T11:20:36","slug":"fugen-sie-eine-schaltflache-hinzu","status":"publish","type":"page","link":"https:\/\/exceladvisor.org\/de\/fugen-sie-eine-schaltflache-hinzu\/","title":{"rendered":"Wie f\u00fcge ich eine schaltfl\u00e4che in excel hinzu?"},"content":{"rendered":"<div class=\"excel-vor-dem-inhalt\" id=\"excel-1691496639\"><script type=\"text\/javascript\">\r\n\tatOptions = {\r\n\t\t'key' : 'c1158f160081d6540a8409e6925dab94',\r\n\t\t'format' : 'iframe',\r\n\t\t'height' : 250,\r\n\t\t'width' : 300,\r\n\t\t'params' : {}\r\n\t};\r\n<\/script>\r\n<script type=\"text\/javascript\" src=\"\/\/www.highperformanceformat.com\/c1158f160081d6540a8409e6925dab94\/invoke.js\"><\/script><\/div> <p>In Excel k\u00f6nnen Benutzer makrof\u00e4hige Schaltfl\u00e4chen zu Arbeitsbl\u00e4ttern hinzuf\u00fcgen und Makros ausf\u00fchren, indem sie einfach darauf klicken.<\/p><p> Benutzer k\u00f6nnen diese makroaktivierten Schaltfl\u00e4chen verwenden, um verschiedene Aufgaben auszuf\u00fchren, z. B. Daten filtern, Daten ausw\u00e4hlen, eine Tabelle drucken, Formeln und Berechnungen ausf\u00fchren, indem sie einfach auf die Schaltfl\u00e4chen klicken.<\/p><p> Es ist einfacher, Schaltfl\u00e4chen hinzuzuf\u00fcgen und Makros zu integrieren. Excel bietet mehrere M\u00f6glichkeiten, dem Arbeitsblatt makrof\u00e4hige Schaltfl\u00e4chen hinzuzuf\u00fcgen. Im Folgenden finden Sie einige schnelle und einfache M\u00f6glichkeiten, die Makroschaltfl\u00e4chen in Excel hinzuzuf\u00fcgen.<\/p><h2 class=\"wp-block-heading\"> F\u00fcgen Sie Makroschaltfl\u00e4chen mithilfe von Formen hinzu<\/h2><p> Benutzer k\u00f6nnen Schaltfl\u00e4chen in Excel mithilfe von Formen erstellen. Das Erstellen von Schaltfl\u00e4chen mithilfe von Formen bietet mehr Formatierungsoptionen als Schaltfl\u00e4chen, die aus Steuerschaltfl\u00e4chen oder ActiveX-Schaltfl\u00e4chen erstellt werden. Benutzer k\u00f6nnen das Design, die Farbe, die Schriftart und den Stil der mithilfe von Formen erstellten Schaltfl\u00e4che \u00e4ndern.<\/p><ol><li> Gehen Sie zun\u00e4chst zur Registerkarte \u201eEinf\u00fcgen\u201c, klicken Sie dann auf das Symbol \u201eIllustrationen\u201c, dann auf die Option \u201eFormen\u201c und w\u00e4hlen Sie eine beliebige Rechteckschaltfl\u00e4che aus. <br><img loading=\"lazy\" decoding=\"async\" title=\"1-Illustration-Formen-Symbol\" src=\"https:\/\/exceladvisor.org\/wp-content\/uploads\/2023\/08\/1-icone-de-formes-dillustration.png\" sizes=\"auto, \" srcset=\"\" alt=\"illustration-shapes-icon\" width=\"406\" height=\"282\"><\/li><li> Zeichnen Sie anschlie\u00dfend mit der Maus die rechteckige Schaltfl\u00e4che auf das Arbeitsblatt. <br><img loading=\"lazy\" decoding=\"async\" title=\"2-Zeichne einen rechteckigen Knopf\" src=\"https:\/\/exceladvisor.org\/wp-content\/uploads\/2023\/08\/2-dessiner-un-bouton-rectangulaire.png\" sizes=\"auto, \" srcset=\"\" alt=\"draw-a-rectangular-button\" width=\"618\" height=\"225\"><\/li><li> Um nun den Text in die Schaltfl\u00e4che einzugeben, doppelklicken Sie auf die Schaltfl\u00e4che und f\u00fcgen Sie den Text ein. <br><img loading=\"lazy\" decoding=\"async\" title=\"3-Text-Eingabe-Schaltfl\u00e4che\" src=\"https:\/\/exceladvisor.org\/wp-content\/uploads\/2023\/08\/3-saisir-du-texte-sur-le-bouton.png\" sizes=\"auto, \" srcset=\"\" alt=\"enter-text-to-the-button\" width=\"242\" height=\"127\"><\/li><li> Gehen Sie zum Formatieren auf die Registerkarte \u201eForm formatieren\u201c. Dort erhalten Sie mehrere Optionen zum Formatieren der Schaltfl\u00e4che.<\/li><li> Von hier aus k\u00f6nnen Sie den Schriftstil, die Schriftfarbe, die Schaltfl\u00e4chenfarbe, die Schaltfl\u00e4cheneffekte und vieles mehr formatieren. <br><img loading=\"lazy\" decoding=\"async\" title=\"Tab-Format mit 4 Formen\" src=\"https:\/\/exceladvisor.org\/wp-content\/uploads\/2023\/08\/4-onglet-de-format-de-forme.png\" sizes=\"auto, \" srcset=\"\" alt=\"shape-format-tab\" width=\"696\" height=\"237\"><\/li><li> Um den Text zu bearbeiten, den Hyperlink oder das Makro hinzuzuf\u00fcgen, klicken Sie einfach mit der rechten Maustaste auf die Schaltfl\u00e4che und Sie erhalten das Kontextmen\u00fc mit mehreren Optionen.<\/li><li> Von hier aus k\u00f6nnen Sie den Text bearbeiten, den Hyperlink hinzuf\u00fcgen und das Makro zur Schaltfl\u00e4che hinzuf\u00fcgen.<\/li><li> W\u00e4hlen Sie nun die Option \u201eMakro zuweisen\u201c, um das Makro zur Schaltfl\u00e4che hinzuzuf\u00fcgen. <br><img loading=\"lazy\" decoding=\"async\" title=\"5-Rechtsklick auf die Schaltfl\u00e4che\" src=\"https:\/\/exceladvisor.org\/wp-content\/uploads\/2023\/08\/5-clic-droit-sur-le-bouton.png\" sizes=\"auto, \" srcset=\"\" alt=\"right-click-on-the-button\" width=\"264\" height=\"398\"><\/li><li> Sobald Sie die Option \u201eMakro zuweisen\u201c ausw\u00e4hlen, wird das Dialogfeld \u201eMakro zuweisen\u201c ge\u00f6ffnet.<\/li><li> W\u00e4hlen Sie dort das Makro aus und klicken Sie auf OK. <br><img loading=\"lazy\" decoding=\"async\" title=\"6-Zuweisungs-Makro-Fenster\" src=\"https:\/\/exceladvisor.org\/wp-content\/uploads\/2023\/08\/6-attribuer-une-fenetre-de-macro.png\" sizes=\"auto, \" srcset=\"\" alt=\"assign-macro-window\" width=\"388\" height=\"369\"><\/li><li> Zu diesem Zeitpunkt ist die Schaltfl\u00e4che mikrofonaktiviert und wenn Sie den Cursor \u00fcber die Schaltfl\u00e4che bewegen, verwandelt sich der Cursor in einen Handpunktcursor. <br><img decoding=\"async\" title=\"7 aktivierte Mikrotasten\" src=\"https:\/\/exceladvisor.org\/wp-content\/uploads\/2023\/08\/7-micro-boutons-actives.png\" sizes=\"\" srcset=\"\" alt=\"micro-enabled-button\"><\/li><li> Um die Schaltfl\u00e4chenbewegung einzufrieren, klicken Sie mit der rechten Maustaste auf die Schaltfl\u00e4che, w\u00e4hlen Sie \u201eForm formatieren\u201c und w\u00e4hlen Sie die Option \u201eMit Zellen nicht verschieben oder deren Gr\u00f6\u00dfe \u00e4ndern\u201c. <br><img loading=\"lazy\" decoding=\"async\" title=\"8-Freeze-the-Button\" src=\"https:\/\/exceladvisor.org\/wp-content\/uploads\/2023\/08\/8-geler-le-bouton.png\" sizes=\"auto, \" srcset=\"\" alt=\"freeze-the-button\" width=\"551\" height=\"390\"><\/li><\/ol><h2 class=\"wp-block-heading\"> F\u00fcgen Sie Makroschaltfl\u00e4chen mithilfe von Formularsteuerelementen hinzu<\/h2><ol><li> Gehen Sie zun\u00e4chst zur Registerkarte \u201eEntwickler\u201c und klicken Sie im Men\u00fcband unter der Gruppe \u201eSteuerung\u201c auf das Symbol \u201eEinf\u00fcgen\u201c. <br><img loading=\"lazy\" decoding=\"async\" title=\"9-Tab-Entwickler\" src=\"https:\/\/exceladvisor.org\/wp-content\/uploads\/2023\/08\/9-onglet-developpeur.png\" sizes=\"auto, \" srcset=\"\" alt=\"developer-tab\" width=\"716\" height=\"118\"><\/li><li> W\u00e4hlen Sie anschlie\u00dfend die erste Schaltfl\u00e4chenoption aus dem Men\u00fc \u201eFormularsteuerelemente\u201c und zeichnen Sie eine Schaltfl\u00e4che auf dem Arbeitsblatt. <br><img decoding=\"async\" title=\"10-Form-Steuertaste\" src=\"https:\/\/exceladvisor.org\/wp-content\/uploads\/2023\/08\/10-bouton-de-controle-de-formulaire.png\" sizes=\"\" srcset=\"\" alt=\"form-controls-button\"><\/li><li> W\u00e4hlen Sie nun im Dialogfeld \u201eMakro zuweisen\u201c den Makronamen aus oder geben Sie ihn ein und klicken Sie auf \u201eOK\u201c.<\/li><li> Wenn Sie noch kein Makro erstellt haben, k\u00f6nnen Sie auf \u201eAbbrechen\u201c klicken, um das Makro sp\u00e4ter hinzuzuf\u00fcgen. <br><img loading=\"lazy\" decoding=\"async\" title=\"11-Makro-Dialogfeld zuweisen-\" src=\"https:\/\/exceladvisor.org\/wp-content\/uploads\/2023\/08\/11-boite-de-dialogue-daffectation-de-macro.png\" sizes=\"auto, \" srcset=\"\" alt=\"assign-macro-dialogue-box\" width=\"338\" height=\"329\"><\/li><li> Klicken Sie dort mit der rechten Maustaste auf die Schaltfl\u00e4che und w\u00e4hlen Sie \u201eMakro zuweisen\u201c, um das Makro der Schaltfl\u00e4che hinzuzuf\u00fcgen, sofern es noch nicht zugewiesen wurde.<\/li><li> Zum Formatieren von Schriftgr\u00f6\u00dfe, Stil, Farbe usw. Klicken Sie auf die Schaltfl\u00e4che und w\u00e4hlen Sie die Option \u201eFormatsteuerung\u201c. <br><img loading=\"lazy\" decoding=\"async\" title=\"12-Rechtsklick auf die Schaltfl\u00e4che\" src=\"https:\/\/exceladvisor.org\/wp-content\/uploads\/2023\/08\/12-clic-droit-sur-le-bouton.png\" sizes=\"auto, \" srcset=\"\" alt=\"right-click-the-button\" width=\"244\" height=\"423\"><\/li><li> Sobald Sie auf \u201eFormatsteuerung\u201c klicken, \u00f6ffnet sich das Fenster \u201eFormatsteuerung\u201c und Sie k\u00f6nnen dann die Schriftart der Schaltfl\u00e4che formatieren. <br><img loading=\"lazy\" decoding=\"async\" title=\"13 Formatkontrollfenster\" src=\"https:\/\/exceladvisor.org\/wp-content\/uploads\/2023\/08\/Fenetre-de-controle-13-formats.png\" sizes=\"auto, \" srcset=\"\" alt=\"format-control-window\" width=\"404\" height=\"401\"><\/li><li> Um die Schaltfl\u00e4chenbewegung einzufrieren, w\u00e4hlen Sie auf der Registerkarte \u201eEigenschaften\u201c die Option \u201eNicht mit Zellen verschieben oder anpassen\u201c und klicken Sie auf \u201eOK\u201c. <br><img loading=\"lazy\" decoding=\"async\" title=\"14-Freeze-the-Motion-Taste\" src=\"https:\/\/exceladvisor.org\/wp-content\/uploads\/2023\/08\/14-geler-le-mouvement-du-bouton.png\" sizes=\"auto, \" srcset=\"\" alt=\"freeze-the-button-movement\" width=\"403\" height=\"398\"><\/li><\/ol><h2 class=\"wp-block-heading\"> F\u00fcgen Sie Makroschaltfl\u00e4chen mithilfe von ActiveX-Steuerelementen hinzu<\/h2><ol><li> Gehen Sie zun\u00e4chst zur Registerkarte \u201eEntwickler\u201c und klicken Sie im Men\u00fcband unter der Gruppe \u201eSteuerung\u201c auf das Symbol \u201eEinf\u00fcgen\u201c. <br><img loading=\"lazy\" decoding=\"async\" title=\"15-Entwickler-Tab-Symbol einf\u00fcgen\" src=\"https:\/\/exceladvisor.org\/wp-content\/uploads\/2023\/08\/15-icone-dinsertion-de-longlet-developpeur.png\" sizes=\"auto, \" srcset=\"\" alt=\"developer-tab-insert-icon\" width=\"246\" height=\"306\"><\/li><li> W\u00e4hlen Sie anschlie\u00dfend die erste Schaltfl\u00e4chenoption aus dem Men\u00fc \u201eActiveX-Steuerelemente\u201c und zeichnen Sie eine Schaltfl\u00e4che auf dem Arbeitsblatt. <br><img loading=\"lazy\" decoding=\"async\" title=\"16 ActiveX-Steuertasten\" src=\"https:\/\/exceladvisor.org\/wp-content\/uploads\/2023\/08\/16-boutons-de-commandes-activex.png\" sizes=\"auto, \" srcset=\"\" alt=\"activex-controls-button\" width=\"248\" height=\"309\"><\/li><li> Um nun das Makro zu erstellen und in die Schaltfl\u00e4che einzuf\u00fcgen, klicken Sie auf das Symbol \u201eCode anzeigen\u201c, um den VBA-Editor zu starten. <br><img loading=\"lazy\" decoding=\"async\" title=\"Code 17-Ansichten\" src=\"https:\/\/exceladvisor.org\/wp-content\/uploads\/2023\/08\/17-codes-de-vue.png\" sizes=\"auto, \" srcset=\"\" alt=\"view-code\" width=\"353\" height=\"258\"><\/li><li> W\u00e4hlen Sie nun \u201eCommandButton1\u201c in der Unterprozedur aus und w\u00e4hlen Sie die Option \u201eKlicken\u201c aus der Dropdown-Liste auf der rechten Seite des Editors. <br><img loading=\"lazy\" decoding=\"async\" title=\"18-VBA-Editor\" src=\"https:\/\/exceladvisor.org\/wp-content\/uploads\/2023\/08\/18-editeur-vba.png\" sizes=\"auto, \" srcset=\"\" alt=\"vba-editor\" width=\"793\" height=\"357\"><\/li><\/ol><div class=\"gb-container gb-container-4db6181c gb-container-mt\"> <a class=\"gb-button gb-button-c5897111 gb-button-text gb-button-mt-button\" href=\"https:\/\/exceladvisor.org\/de\/excel-grundlagen\/\">Microsoft Excel-Grundlagen (Komponenten, Teile und Wissenshinweise)<\/a><h2 class=\"gb-headline gb-headline-665e5f6b gb-headline-text gb-headline-mt-heading\"> Verwandte Tutorials <\/h2><div class=\"gb-grid-wrapper gb-grid-wrapper-a20baf7c gb-grid-wrapper-mt-grid\"><div class=\"gb-grid-column gb-grid-column-65ddf67e\"><div class=\"gb-container gb-container-65ddf67e\"><ul><li> <a href=\"https:\/\/exceladvisor.org\/de\/zeichne-eine-linie\/\">Zeichnen Sie eine Linie in Excel<\/a><\/li><li> <a href=\"https:\/\/exceladvisor.org\/de\/verschmelzen-dissoziieren-zellen\/\">Zusammenf\u00fchren \u2013 Gruppierung von Zellen in Excel aufheben<\/a><\/li><li> <a href=\"https:\/\/exceladvisor.org\/de\/rechtschreibprufung\/\">Rechtschreibpr\u00fcfung in Excel<\/a><\/li><li> <a href=\"https:\/\/exceladvisor.org\/de\/ruckzug\/\">Einzug in Excel vergr\u00f6\u00dfern und verkleinern<\/a><\/li><li> <a href=\"https:\/\/exceladvisor.org\/de\/text-drehen\/\">Text in Excel drehen (Textausrichtung)<\/a> <\/li><\/ul><\/div><\/div><div class=\"gb-grid-column gb-grid-column-50067b57\"><div class=\"gb-container gb-container-50067b57\"><\/div><\/div><\/div><\/div>","protected":false},"excerpt":{"rendered":"","protected":false},"author":1,"featured_media":0,"parent":0,"menu_order":0,"comment_status":"open","ping_status":"closed","template":"","meta":{"ub_ctt_via":"","footnotes":""},"class_list":["post-3342","page","type-page","status-publish","hentry"],"featured_image_src":null,"yoast_head":"<!-- This site is optimized with the Yoast SEO plugin v25.4 - https:\/\/yoast.com\/wordpress\/plugins\/seo\/ -->\n<title>\u25b7 Wie f\u00fcge ich eine Schaltfl\u00e4che in Excel hinzu? (Tutorial 2023)<\/title>\n<meta name=\"description\" content=\"In diesem Tutorial erfahren Sie, wie Sie eine Schaltfl\u00e4che in Excel hinzuf\u00fcgen (Verwenden von Formularsteuerelementen, Verwenden von Formen usw.).\" \/>\n<meta name=\"robots\" content=\"index, follow, max-snippet:-1, max-image-preview:large, max-video-preview:-1\" \/>\n<link rel=\"canonical\" href=\"https:\/\/exceladvisor.org\/de\/fugen-sie-eine-schaltflache-hinzu\/\" \/>\n<meta property=\"og:locale\" content=\"de_DE\" \/>\n<meta property=\"og:type\" content=\"article\" \/>\n<meta property=\"og:title\" content=\"\u25b7 Wie f\u00fcge ich eine Schaltfl\u00e4che in Excel hinzu? (Tutorial 2023)\" \/>\n<meta property=\"og:description\" content=\"In diesem Tutorial erfahren Sie, wie Sie eine Schaltfl\u00e4che in Excel hinzuf\u00fcgen (Verwenden von Formularsteuerelementen, Verwenden von Formen usw.).\" \/>\n<meta property=\"og:url\" content=\"https:\/\/exceladvisor.org\/de\/fugen-sie-eine-schaltflache-hinzu\/\" \/>\n<meta property=\"og:site_name\" content=\"Excel Advisor\" \/>\n<meta property=\"article:modified_time\" content=\"2023-12-03T11:20:36+00:00\" \/>\n<meta property=\"og:image\" content=\"https:\/\/exceladvisor.org\/wp-content\/uploads\/2023\/08\/1-icone-de-formes-dillustration.png\" \/>\n<meta name=\"twitter:card\" content=\"summary_large_image\" \/>\n<meta name=\"twitter:label1\" content=\"Gesch\u00e4tzte Lesezeit\" \/>\n\t<meta name=\"twitter:data1\" content=\"4\u00a0Minuten\" \/>\n<script type=\"application\/ld+json\" class=\"yoast-schema-graph\">{\"@context\":\"https:\/\/schema.org\",\"@graph\":[{\"@type\":\"WebPage\",\"@id\":\"https:\/\/exceladvisor.org\/de\/fugen-sie-eine-schaltflache-hinzu\/\",\"url\":\"https:\/\/exceladvisor.org\/de\/fugen-sie-eine-schaltflache-hinzu\/\",\"name\":\"\u25b7 Wie f\u00fcge ich eine Schaltfl\u00e4che in Excel hinzu? (Tutorial 2023)\",\"isPartOf\":{\"@id\":\"https:\/\/exceladvisor.org\/de\/#website\"},\"primaryImageOfPage\":{\"@id\":\"https:\/\/exceladvisor.org\/de\/fugen-sie-eine-schaltflache-hinzu\/#primaryimage\"},\"image\":{\"@id\":\"https:\/\/exceladvisor.org\/de\/fugen-sie-eine-schaltflache-hinzu\/#primaryimage\"},\"thumbnailUrl\":\"https:\/\/exceladvisor.org\/wp-content\/uploads\/2023\/08\/1-icone-de-formes-dillustration.png\",\"datePublished\":\"2023-10-31T13:17:03+00:00\",\"dateModified\":\"2023-12-03T11:20:36+00:00\",\"description\":\"In diesem Tutorial erfahren Sie, wie Sie eine Schaltfl\u00e4che in Excel hinzuf\u00fcgen (Verwenden von Formularsteuerelementen, Verwenden von Formen usw.).\",\"breadcrumb\":{\"@id\":\"https:\/\/exceladvisor.org\/de\/fugen-sie-eine-schaltflache-hinzu\/#breadcrumb\"},\"inLanguage\":\"de\",\"potentialAction\":[{\"@type\":\"ReadAction\",\"target\":[\"https:\/\/exceladvisor.org\/de\/fugen-sie-eine-schaltflache-hinzu\/\"]}]},{\"@type\":\"ImageObject\",\"inLanguage\":\"de\",\"@id\":\"https:\/\/exceladvisor.org\/de\/fugen-sie-eine-schaltflache-hinzu\/#primaryimage\",\"url\":\"https:\/\/exceladvisor.org\/wp-content\/uploads\/2023\/08\/1-icone-de-formes-dillustration.png\",\"contentUrl\":\"https:\/\/exceladvisor.org\/wp-content\/uploads\/2023\/08\/1-icone-de-formes-dillustration.png\"},{\"@type\":\"BreadcrumbList\",\"@id\":\"https:\/\/exceladvisor.org\/de\/fugen-sie-eine-schaltflache-hinzu\/#breadcrumb\",\"itemListElement\":[{\"@type\":\"ListItem\",\"position\":1,\"name\":\"Accueil\",\"item\":\"https:\/\/exceladvisor.org\/de\/\"},{\"@type\":\"ListItem\",\"position\":2,\"name\":\"Wie f\u00fcge ich eine schaltfl\u00e4che in excel hinzu?\"}]},{\"@type\":\"WebSite\",\"@id\":\"https:\/\/exceladvisor.org\/de\/#website\",\"url\":\"https:\/\/exceladvisor.org\/de\/\",\"name\":\"Excel Advisor\",\"description\":\"Ihr Leitfaden zur Datendominanz\",\"publisher\":{\"@id\":\"https:\/\/exceladvisor.org\/de\/#organization\"},\"potentialAction\":[{\"@type\":\"SearchAction\",\"target\":{\"@type\":\"EntryPoint\",\"urlTemplate\":\"https:\/\/exceladvisor.org\/de\/?s={search_term_string}\"},\"query-input\":{\"@type\":\"PropertyValueSpecification\",\"valueRequired\":true,\"valueName\":\"search_term_string\"}}],\"inLanguage\":\"de\"},{\"@type\":\"Organization\",\"@id\":\"https:\/\/exceladvisor.org\/de\/#organization\",\"name\":\"Excel Advisor\",\"url\":\"https:\/\/exceladvisor.org\/de\/\",\"logo\":{\"@type\":\"ImageObject\",\"inLanguage\":\"de\",\"@id\":\"https:\/\/exceladvisor.org\/de\/#\/schema\/logo\/image\/\",\"url\":\"https:\/\/exceladvisor.org\/de\/wp-content\/uploads\/2023\/11\/exceladvisor.org_.png\",\"contentUrl\":\"https:\/\/exceladvisor.org\/de\/wp-content\/uploads\/2023\/11\/exceladvisor.org_.png\",\"width\":105,\"height\":36,\"caption\":\"Excel Advisor\"},\"image\":{\"@id\":\"https:\/\/exceladvisor.org\/de\/#\/schema\/logo\/image\/\"}}]}<\/script>\n<!-- \/ Yoast SEO plugin. -->","yoast_head_json":{"title":"\u25b7 Wie f\u00fcge ich eine Schaltfl\u00e4che in Excel hinzu? (Tutorial 2023)","description":"In diesem Tutorial erfahren Sie, wie Sie eine Schaltfl\u00e4che in Excel hinzuf\u00fcgen (Verwenden von Formularsteuerelementen, Verwenden von Formen usw.).","robots":{"index":"index","follow":"follow","max-snippet":"max-snippet:-1","max-image-preview":"max-image-preview:large","max-video-preview":"max-video-preview:-1"},"canonical":"https:\/\/exceladvisor.org\/de\/fugen-sie-eine-schaltflache-hinzu\/","og_locale":"de_DE","og_type":"article","og_title":"\u25b7 Wie f\u00fcge ich eine Schaltfl\u00e4che in Excel hinzu? (Tutorial 2023)","og_description":"In diesem Tutorial erfahren Sie, wie Sie eine Schaltfl\u00e4che in Excel hinzuf\u00fcgen (Verwenden von Formularsteuerelementen, Verwenden von Formen usw.).","og_url":"https:\/\/exceladvisor.org\/de\/fugen-sie-eine-schaltflache-hinzu\/","og_site_name":"Excel Advisor","article_modified_time":"2023-12-03T11:20:36+00:00","og_image":[{"url":"https:\/\/exceladvisor.org\/wp-content\/uploads\/2023\/08\/1-icone-de-formes-dillustration.png","type":"","width":"","height":""}],"twitter_card":"summary_large_image","twitter_misc":{"Gesch\u00e4tzte Lesezeit":"4\u00a0Minuten"},"schema":{"@context":"https:\/\/schema.org","@graph":[{"@type":"WebPage","@id":"https:\/\/exceladvisor.org\/de\/fugen-sie-eine-schaltflache-hinzu\/","url":"https:\/\/exceladvisor.org\/de\/fugen-sie-eine-schaltflache-hinzu\/","name":"\u25b7 Wie f\u00fcge ich eine Schaltfl\u00e4che in Excel hinzu? (Tutorial 2023)","isPartOf":{"@id":"https:\/\/exceladvisor.org\/de\/#website"},"primaryImageOfPage":{"@id":"https:\/\/exceladvisor.org\/de\/fugen-sie-eine-schaltflache-hinzu\/#primaryimage"},"image":{"@id":"https:\/\/exceladvisor.org\/de\/fugen-sie-eine-schaltflache-hinzu\/#primaryimage"},"thumbnailUrl":"https:\/\/exceladvisor.org\/wp-content\/uploads\/2023\/08\/1-icone-de-formes-dillustration.png","datePublished":"2023-10-31T13:17:03+00:00","dateModified":"2023-12-03T11:20:36+00:00","description":"In diesem Tutorial erfahren Sie, wie Sie eine Schaltfl\u00e4che in Excel hinzuf\u00fcgen (Verwenden von Formularsteuerelementen, Verwenden von Formen usw.).","breadcrumb":{"@id":"https:\/\/exceladvisor.org\/de\/fugen-sie-eine-schaltflache-hinzu\/#breadcrumb"},"inLanguage":"de","potentialAction":[{"@type":"ReadAction","target":["https:\/\/exceladvisor.org\/de\/fugen-sie-eine-schaltflache-hinzu\/"]}]},{"@type":"ImageObject","inLanguage":"de","@id":"https:\/\/exceladvisor.org\/de\/fugen-sie-eine-schaltflache-hinzu\/#primaryimage","url":"https:\/\/exceladvisor.org\/wp-content\/uploads\/2023\/08\/1-icone-de-formes-dillustration.png","contentUrl":"https:\/\/exceladvisor.org\/wp-content\/uploads\/2023\/08\/1-icone-de-formes-dillustration.png"},{"@type":"BreadcrumbList","@id":"https:\/\/exceladvisor.org\/de\/fugen-sie-eine-schaltflache-hinzu\/#breadcrumb","itemListElement":[{"@type":"ListItem","position":1,"name":"Accueil","item":"https:\/\/exceladvisor.org\/de\/"},{"@type":"ListItem","position":2,"name":"Wie f\u00fcge ich eine schaltfl\u00e4che in excel hinzu?"}]},{"@type":"WebSite","@id":"https:\/\/exceladvisor.org\/de\/#website","url":"https:\/\/exceladvisor.org\/de\/","name":"Excel Advisor","description":"Ihr Leitfaden zur Datendominanz","publisher":{"@id":"https:\/\/exceladvisor.org\/de\/#organization"},"potentialAction":[{"@type":"SearchAction","target":{"@type":"EntryPoint","urlTemplate":"https:\/\/exceladvisor.org\/de\/?s={search_term_string}"},"query-input":{"@type":"PropertyValueSpecification","valueRequired":true,"valueName":"search_term_string"}}],"inLanguage":"de"},{"@type":"Organization","@id":"https:\/\/exceladvisor.org\/de\/#organization","name":"Excel Advisor","url":"https:\/\/exceladvisor.org\/de\/","logo":{"@type":"ImageObject","inLanguage":"de","@id":"https:\/\/exceladvisor.org\/de\/#\/schema\/logo\/image\/","url":"https:\/\/exceladvisor.org\/de\/wp-content\/uploads\/2023\/11\/exceladvisor.org_.png","contentUrl":"https:\/\/exceladvisor.org\/de\/wp-content\/uploads\/2023\/11\/exceladvisor.org_.png","width":105,"height":36,"caption":"Excel Advisor"},"image":{"@id":"https:\/\/exceladvisor.org\/de\/#\/schema\/logo\/image\/"}}]}},"yoast_meta":{"yoast_wpseo_title":"","yoast_wpseo_metadesc":"","yoast_wpseo_canonical":""},"_links":{"self":[{"href":"https:\/\/exceladvisor.org\/de\/wp-json\/wp\/v2\/pages\/3342","targetHints":{"allow":["GET"]}}],"collection":[{"href":"https:\/\/exceladvisor.org\/de\/wp-json\/wp\/v2\/pages"}],"about":[{"href":"https:\/\/exceladvisor.org\/de\/wp-json\/wp\/v2\/types\/page"}],"author":[{"embeddable":true,"href":"https:\/\/exceladvisor.org\/de\/wp-json\/wp\/v2\/users\/1"}],"replies":[{"embeddable":true,"href":"https:\/\/exceladvisor.org\/de\/wp-json\/wp\/v2\/comments?post=3342"}],"version-history":[{"count":1,"href":"https:\/\/exceladvisor.org\/de\/wp-json\/wp\/v2\/pages\/3342\/revisions"}],"predecessor-version":[{"id":4016,"href":"https:\/\/exceladvisor.org\/de\/wp-json\/wp\/v2\/pages\/3342\/revisions\/4016"}],"wp:attachment":[{"href":"https:\/\/exceladvisor.org\/de\/wp-json\/wp\/v2\/media?parent=3342"}],"curies":[{"name":"wp","href":"https:\/\/api.w.org\/{rel}","templated":true}]}}