{"id":3343,"date":"2023-10-31T12:32:23","date_gmt":"2023-10-31T12:32:23","guid":{"rendered":"https:\/\/exceladvisor.org\/de\/das-blatt-schutzen\/"},"modified":"2023-12-03T11:21:50","modified_gmt":"2023-12-03T11:21:50","slug":"das-blatt-schutzen","status":"publish","type":"page","link":"https:\/\/exceladvisor.org\/de\/das-blatt-schutzen\/","title":{"rendered":"Wie kann ich ein blatt mit vba sch\u00fctzen\/unsch\u00fctzen?"},"content":{"rendered":"<div class=\"excel-vor-dem-inhalt\" id=\"excel-3774986960\"><script type=\"text\/javascript\">\r\n\tatOptions = {\r\n\t\t'key' : 'c1158f160081d6540a8409e6925dab94',\r\n\t\t'format' : 'iframe',\r\n\t\t'height' : 250,\r\n\t\t'width' : 300,\r\n\t\t'params' : {}\r\n\t};\r\n<\/script>\r\n<script type=\"text\/javascript\" src=\"\/\/www.highperformanceformat.com\/c1158f160081d6540a8409e6925dab94\/invoke.js\"><\/script><\/div> <p>In VBA gibt es die PROTECT-Methode, die Sie mit einem Blatt verwenden k\u00f6nnen. Bei dieser Methode haben Sie die M\u00f6glichkeit, ein Blatt mit oder ohne Passwort zu sch\u00fctzen. Und Sie k\u00f6nnen auch ein Objekt vor dem Blatt sch\u00fctzen. All dies werden wir in diesem Tutorial im Detail sehen.<\/p><p> Im Tutorial erfahren Sie, wie Sie mit VBA-Code ein einzelnes Blatt oder mehrere Bl\u00e4tter sch\u00fctzen und den Schutz aufheben.<\/p><h2 class=\"wp-block-heading\"> Schreiben Sie VBA-Code, um ein Blatt zu sch\u00fctzen<\/h2><p> Um ein Blatt zu sch\u00fctzen, m\u00fcssen Sie zun\u00e4chst das Blatt angeben und dann die Schutzmethode verwenden. Hier sind die Schritte.<\/p><ol type=\"1\"><li> Verwenden Sie das Sheets-Objekt, um das Blatt anzugeben.<\/li><li> Geben Sie den Namen des Blattes ein, das Sie sch\u00fctzen m\u00f6chten.<\/li><li> Geben Sie einen Punkt ein, um eine Liste der Methoden und Eigenschaften zu erhalten.<\/li><li> W\u00e4hlen Sie die Projektmethode aus oder geben Sie sie ein. <\/li><\/ol><div class=\"wp-block-image\"><figure class=\"aligncenter size-large is-resized\"><img loading=\"lazy\" decoding=\"async\" class=\"wp-image-52410\" src=\"https:\/\/exceladvisor.org\/wp-content\/uploads\/2023\/08\/1-utiliser-lobjet-feuille-pour-specifier-la-feuille-a-proteger.png\" sizes=\"auto, \" srcset=\"\" alt=\"Verwenden Sie das Blattobjekt, um das zu sch\u00fctzende Blatt anzugeben\" width=\"339\" height=\"190\"><\/figure><\/div><pre class=\"wp-block-code\"> <code class=\"language-visual-basic\" lang=\"visual-basic\">Sheets(\"Sheet1\").Protect<\/code><\/pre><p class=\"content-box-grey\"> <em>N\u00fctzliche Links: <a href=\"https:\/\/exceladvisor.org\/de\/ein-makro-ausfuhren-2\/\">Ausf\u00fchren eines Makros<\/a> \u2013 <a href=\"https:\/\/exceladvisor.org\/de\/ein-makro-aufzeichnen\/\">Makrorecorder<\/a> \u2013 <a href=\"https:\/\/exceladvisor.org\/de\/einfacher-visueller-editor\/\">Visual Basic Editor<\/a> \u2013 <a href=\"https:\/\/exceladvisor.org\/de\/personliches-makro-notizbuch\/\">Handbuch zu pers\u00f6nlichen Makros<\/a><\/em><\/p><h2 class=\"wp-block-heading\"> Schreiben Sie VBA-Code, um den Schutz eines Blatts aufzuheben<\/h2><p> Um ein Blatt zu sch\u00fctzen, m\u00fcssen Sie zun\u00e4chst das Blatt angeben und dann die Methode zum Aufheben des Schutzes verwenden. Hier sind die Schritte.<\/p><ol type=\"1\"><li> Geben Sie das Blatt mithilfe des Blattobjekts an.<\/li><li> Geben Sie dann den Namen des Blatts ein, das Sie sch\u00fctzen m\u00f6chten.<\/li><li> Geben Sie einen Punkt ein, um eine Liste der Methoden und Eigenschaften zu erhalten.<\/li><li> W\u00e4hlen Sie die Methode \u201eSchutz aufheben\u201c oder geben Sie sie ein. <\/li><\/ol><div class=\"wp-block-image\"><figure class=\"aligncenter size-large is-resized\"><img loading=\"lazy\" decoding=\"async\" class=\"wp-image-52411\" src=\"https:\/\/exceladvisor.org\/wp-content\/uploads\/2023\/08\/2-utilisez-lobjet-feuille-pour-specifier-la-feuille-a-deproteger.png\" sizes=\"auto, \" srcset=\"\" alt=\"Verwenden Sie das Blattobjekt, um anzugeben, dass das Blatt nicht gesch\u00fctzt sein soll\" width=\"393\" height=\"189\"><\/figure><\/div><pre class=\"wp-block-code\"> <code class=\"language-visual-basic\" lang=\"visual-basic\">Sheets(\"Sheet1\").Unprotect<\/code><\/pre><h2 class=\"wp-block-heading\"> Sch\u00fctzen Sie ein Blatt mit einem Passwort<\/h2><p> Wenn Sie beim Schutz eines Blattes ein Passwort festlegen m\u00f6chten, m\u00fcssen Sie in diesem Fall das Passwortargument verwenden, um ein Passwort anzugeben. Angenommen, Sie m\u00f6chten auf dem Blatt ein Passwort \u201etest123\u201c festlegen, um es zu sch\u00fctzen. Der Code sieht wie folgt aus. <\/p><div class=\"wp-block-image\"><figure class=\"aligncenter size-large is-resized\"><img loading=\"lazy\" decoding=\"async\" class=\"wp-image-52412\" src=\"https:\/\/exceladvisor.org\/wp-content\/uploads\/2023\/08\/3-proteger-une-feuille-avec-un-mot-de-passe.png\" sizes=\"auto, \" srcset=\"\" alt=\"Sch\u00fctzen Sie ein Blatt mit einem Passwort\" width=\"480\" height=\"174\"><\/figure><\/div><pre class=\"wp-block-code\"> <code class=\"language-visual-basic\" lang=\"visual-basic\">Sheets(\"Sheet1\").Protect Password:=\"test123\"<\/code><\/pre><h2 class=\"wp-block-heading\"> Heben Sie den Schutz eines Blattes mit einem Passwort auf<\/h2><p> Wenn Sie den Schutz eines Blatts aufheben m\u00f6chten, m\u00fcssen Sie das Kennwort ebenfalls im Kennwortargument angeben. Nehmen wir an, das Passwort, das Sie zum Schutz des Blatts verwendet haben, lautet \u201eADSBP\u201c, sodass der Code zum Aufheben des Schutzes wie folgt aussieht.<\/p><pre class=\"wp-block-code\"> <code class=\"language-visual-basic\" lang=\"visual-basic\">Sheets(\"Sheet1\").Unprotect Password:=\"ADSBP\"<\/code><\/pre><p> Auf eines m\u00fcssen Sie achten: Achten Sie auf die Gro\u00dfschreibung, denn VBA unterscheidet zwischen Gro\u00df- und Kleinschreibung.<\/p><h2 class=\"wp-block-heading\"> Andere Dinge, die Sie wissen sollten<\/h2><p> Wie gesagt, wir verwenden die \u201eProtect\u201c-Methode von VBA, und es gibt andere Argumente als \u201ePassword\u201c, die Sie bei dieser Methode verwenden k\u00f6nnen.<\/p><pre class=\"wp-block-code\"> <code class=\"language-visual-basic\" lang=\"visual-basic\">expression.Protect (Password, DrawingObjects, Contents, Scenarios, UserInterfaceOnly, AllowFormattingCells, AllowFormattingColumns, AllowFormattingRows, AllowInsertingColumns, AllowInsertingRows, AllowInsertingHyperlinks, AllowDeletingColumns, AllowDeletingRows, AllowSorting, AllowFiltering, AllowUsingPivotTables)<\/code><\/pre><ol type=\"1\"><li> <strong>DrawingObjects<\/strong> : Zum Sch\u00fctzen und Aufheben des Schutzes von Formen.<\/li><li> <strong>Inhalt<\/strong> : Zum Schutz gesperrter Zellen und des gesamten Diagramms.<\/li><li> <strong>Szenarien<\/strong> : Zum Schutz von Szenarien in der Tabelle.<\/li><li> <strong>UserInterfaceOnly<\/strong> : Zum Schutz nur der Benutzeroberfl\u00e4che, nicht von Makros.<\/li><li> <strong>AllowFormattingCells<\/strong> : Damit der Benutzer Formatierungen auf Zellen anwenden kann.<\/li><li> <strong>AllowFormattingColumns<\/strong> : Damit der Benutzer Formatierungen auf Spalten anwenden kann.<\/li><li> <strong>AllowFormattingRows<\/strong> : Damit der Benutzer Formatierungen auf Zeilen anwenden kann.<\/li><li> <strong>AllowInsertingColumns<\/strong> : um dem Benutzer das Einf\u00fcgen neuer Spalten zu erm\u00f6glichen.<\/li><li> <strong>AllowInsertingRows<\/strong> : Damit der Benutzer neue Zeilen einf\u00fcgen kann.<\/li><li> <strong>AllowInsertingHyperlinks<\/strong> : Damit der Benutzer Hyperlinks erstellen kann.<\/li><li> <strong>AllowDeletingColumns<\/strong> : um dem Benutzer das L\u00f6schen von Spalten zu erm\u00f6glichen.<\/li><li> <strong>AllowDeletingRows<\/strong> : um dem Benutzer das L\u00f6schen von Zeilen zu erm\u00f6glichen.<\/li><li> <strong>Sortieren zulassen<\/strong> : um dem Benutzer das Sortieren von Zeilen, Spalten und Tabellen zu erm\u00f6glichen.<\/li><li> <strong>AllowFiltering<\/strong> : Um das Filtern von Spalten zu erm\u00f6glichen.<\/li><li> <strong>AllowUsingPivotTables<\/strong> : um dem Benutzer die Verwendung einer Pivot-Tabelle zu erm\u00f6glichen.<\/li><\/ol><h2 class=\"wp-block-heading\"> Kommentare<\/h2><ul><li> Achten Sie darauf, sichere Passw\u00f6rter zu verwenden, die Gro\u00df- und Kleinbuchstaben, Zahlen und Symbole kombinieren.<\/li><li> Wenn Sie Ihr Passwort vergessen, kann Microsoft es nicht wiederherstellen. Stellen Sie daher sicher, dass Sie Ihr Passwort an einem sicheren Ort notieren.<\/li><li> Wenn ein Blatt ohne Passwort gesch\u00fctzt ist und Sie es nun mit einem Passwort sch\u00fctzen m\u00f6chten, m\u00fcssen Sie den Schutz zun\u00e4chst aufheben. Und sch\u00fctzen Sie es dann erneut mit einem Passwort, indem Sie den Code verwenden, den Sie oben gesehen haben.<\/li><\/ul><div class=\"gb-container gb-container-4db6181c gb-container-mt\"> <a class=\"gb-button gb-button-c5897111 gb-button-text gb-button-mt-button\" href=\"https:\/\/exceladvisor.org\/de\/vba\/\">Was ist VBA<\/a><h2 class=\"gb-headline gb-headline-665e5f6b gb-headline-text gb-headline-mt-heading\"> Verwandte Tutorials <\/h2><div class=\"gb-grid-wrapper gb-grid-wrapper-a20baf7c gb-grid-wrapper-mt-grid\"><div class=\"gb-grid-column gb-grid-column-65ddf67e\"><div class=\"gb-container gb-container-65ddf67e\"><ul><li> <a href=\"https:\/\/exceladvisor.org\/de\/klares-blatt\/\">L\u00d6SCHEN Sie ein ganzes Blatt mit VBA in Excel<\/a><\/li><li> <a href=\"https:\/\/exceladvisor.org\/de\/kopierblatt\/\">Kopieren und verschieben Sie ein Blatt in Excel mit VBA<\/a><\/li><li> <a href=\"https:\/\/exceladvisor.org\/de\/zahle-die-blatter\/\">COUNT Sheets mit VBA in Excel<\/a><\/li><li> <a href=\"https:\/\/exceladvisor.org\/de\/ein-blatt-loschen-1\/\">L\u00d6SCHEN Sie ein BLATT mit VBA in Excel<\/a><\/li><li> <a href=\"https:\/\/exceladvisor.org\/de\/blatt-ausblenden\/\">Blenden Sie ein Blatt mit VBA in Excel ein und aus<\/a> <\/li><\/ul><\/div><\/div><div class=\"gb-grid-column gb-grid-column-50067b57\"><div class=\"gb-container gb-container-50067b57\"><\/div><\/div><\/div><\/div>","protected":false},"excerpt":{"rendered":"","protected":false},"author":1,"featured_media":0,"parent":0,"menu_order":0,"comment_status":"open","ping_status":"closed","template":"","meta":{"ub_ctt_via":"","footnotes":""},"class_list":["post-3343","page","type-page","status-publish","hentry"],"featured_image_src":null,"yoast_head":"<!-- This site is optimized with the Yoast SEO plugin v25.4 - https:\/\/yoast.com\/wordpress\/plugins\/seo\/ -->\n<title>So sch\u00fctzen Sie ein Blatt mit VBA bzw. heben den Schutz auf<\/title>\n<meta name=\"description\" content=\"In diesem Tutorial lernen Sie, wie Sie ein Blatt mithilfe von VBA-Code sch\u00fctzen und den Schutz aufheben. Sie haben die M\u00f6glichkeit, a\" \/>\n<meta name=\"robots\" content=\"index, follow, max-snippet:-1, max-image-preview:large, max-video-preview:-1\" \/>\n<link rel=\"canonical\" href=\"https:\/\/exceladvisor.org\/de\/das-blatt-schutzen\/\" \/>\n<meta property=\"og:locale\" content=\"de_DE\" \/>\n<meta property=\"og:type\" content=\"article\" \/>\n<meta property=\"og:title\" content=\"So sch\u00fctzen Sie ein Blatt mit VBA bzw. heben den Schutz auf\" \/>\n<meta property=\"og:description\" content=\"In diesem Tutorial lernen Sie, wie Sie ein Blatt mithilfe von VBA-Code sch\u00fctzen und den Schutz aufheben. Sie haben die M\u00f6glichkeit, a\" \/>\n<meta property=\"og:url\" content=\"https:\/\/exceladvisor.org\/de\/das-blatt-schutzen\/\" \/>\n<meta property=\"og:site_name\" content=\"Excel Advisor\" \/>\n<meta property=\"article:modified_time\" content=\"2023-12-03T11:21:50+00:00\" \/>\n<meta property=\"og:image\" content=\"https:\/\/exceladvisor.org\/wp-content\/uploads\/2023\/08\/1-utiliser-lobjet-feuille-pour-specifier-la-feuille-a-proteger.png\" \/>\n<meta name=\"twitter:card\" content=\"summary_large_image\" \/>\n<meta name=\"twitter:label1\" content=\"Gesch\u00e4tzte Lesezeit\" \/>\n\t<meta name=\"twitter:data1\" content=\"4\u00a0Minuten\" \/>\n<script type=\"application\/ld+json\" class=\"yoast-schema-graph\">{\"@context\":\"https:\/\/schema.org\",\"@graph\":[{\"@type\":\"WebPage\",\"@id\":\"https:\/\/exceladvisor.org\/de\/das-blatt-schutzen\/\",\"url\":\"https:\/\/exceladvisor.org\/de\/das-blatt-schutzen\/\",\"name\":\"So sch\u00fctzen Sie ein Blatt mit VBA bzw. heben den Schutz auf\",\"isPartOf\":{\"@id\":\"https:\/\/exceladvisor.org\/de\/#website\"},\"primaryImageOfPage\":{\"@id\":\"https:\/\/exceladvisor.org\/de\/das-blatt-schutzen\/#primaryimage\"},\"image\":{\"@id\":\"https:\/\/exceladvisor.org\/de\/das-blatt-schutzen\/#primaryimage\"},\"thumbnailUrl\":\"https:\/\/exceladvisor.org\/wp-content\/uploads\/2023\/08\/1-utiliser-lobjet-feuille-pour-specifier-la-feuille-a-proteger.png\",\"datePublished\":\"2023-10-31T12:32:23+00:00\",\"dateModified\":\"2023-12-03T11:21:50+00:00\",\"description\":\"In diesem Tutorial lernen Sie, wie Sie ein Blatt mithilfe von VBA-Code sch\u00fctzen und den Schutz aufheben. Sie haben die M\u00f6glichkeit, a\",\"breadcrumb\":{\"@id\":\"https:\/\/exceladvisor.org\/de\/das-blatt-schutzen\/#breadcrumb\"},\"inLanguage\":\"de\",\"potentialAction\":[{\"@type\":\"ReadAction\",\"target\":[\"https:\/\/exceladvisor.org\/de\/das-blatt-schutzen\/\"]}]},{\"@type\":\"ImageObject\",\"inLanguage\":\"de\",\"@id\":\"https:\/\/exceladvisor.org\/de\/das-blatt-schutzen\/#primaryimage\",\"url\":\"https:\/\/exceladvisor.org\/wp-content\/uploads\/2023\/08\/1-utiliser-lobjet-feuille-pour-specifier-la-feuille-a-proteger.png\",\"contentUrl\":\"https:\/\/exceladvisor.org\/wp-content\/uploads\/2023\/08\/1-utiliser-lobjet-feuille-pour-specifier-la-feuille-a-proteger.png\"},{\"@type\":\"BreadcrumbList\",\"@id\":\"https:\/\/exceladvisor.org\/de\/das-blatt-schutzen\/#breadcrumb\",\"itemListElement\":[{\"@type\":\"ListItem\",\"position\":1,\"name\":\"Accueil\",\"item\":\"https:\/\/exceladvisor.org\/de\/\"},{\"@type\":\"ListItem\",\"position\":2,\"name\":\"Wie kann ich ein blatt mit vba sch\u00fctzen\/unsch\u00fctzen?\"}]},{\"@type\":\"WebSite\",\"@id\":\"https:\/\/exceladvisor.org\/de\/#website\",\"url\":\"https:\/\/exceladvisor.org\/de\/\",\"name\":\"Excel Advisor\",\"description\":\"Ihr Leitfaden zur Datendominanz\",\"publisher\":{\"@id\":\"https:\/\/exceladvisor.org\/de\/#organization\"},\"potentialAction\":[{\"@type\":\"SearchAction\",\"target\":{\"@type\":\"EntryPoint\",\"urlTemplate\":\"https:\/\/exceladvisor.org\/de\/?s={search_term_string}\"},\"query-input\":{\"@type\":\"PropertyValueSpecification\",\"valueRequired\":true,\"valueName\":\"search_term_string\"}}],\"inLanguage\":\"de\"},{\"@type\":\"Organization\",\"@id\":\"https:\/\/exceladvisor.org\/de\/#organization\",\"name\":\"Excel Advisor\",\"url\":\"https:\/\/exceladvisor.org\/de\/\",\"logo\":{\"@type\":\"ImageObject\",\"inLanguage\":\"de\",\"@id\":\"https:\/\/exceladvisor.org\/de\/#\/schema\/logo\/image\/\",\"url\":\"https:\/\/exceladvisor.org\/de\/wp-content\/uploads\/2023\/11\/exceladvisor.org_.png\",\"contentUrl\":\"https:\/\/exceladvisor.org\/de\/wp-content\/uploads\/2023\/11\/exceladvisor.org_.png\",\"width\":105,\"height\":36,\"caption\":\"Excel Advisor\"},\"image\":{\"@id\":\"https:\/\/exceladvisor.org\/de\/#\/schema\/logo\/image\/\"}}]}<\/script>\n<!-- \/ Yoast SEO plugin. -->","yoast_head_json":{"title":"So sch\u00fctzen Sie ein Blatt mit VBA bzw. heben den Schutz auf","description":"In diesem Tutorial lernen Sie, wie Sie ein Blatt mithilfe von VBA-Code sch\u00fctzen und den Schutz aufheben. Sie haben die M\u00f6glichkeit, a","robots":{"index":"index","follow":"follow","max-snippet":"max-snippet:-1","max-image-preview":"max-image-preview:large","max-video-preview":"max-video-preview:-1"},"canonical":"https:\/\/exceladvisor.org\/de\/das-blatt-schutzen\/","og_locale":"de_DE","og_type":"article","og_title":"So sch\u00fctzen Sie ein Blatt mit VBA bzw. heben den Schutz auf","og_description":"In diesem Tutorial lernen Sie, wie Sie ein Blatt mithilfe von VBA-Code sch\u00fctzen und den Schutz aufheben. Sie haben die M\u00f6glichkeit, a","og_url":"https:\/\/exceladvisor.org\/de\/das-blatt-schutzen\/","og_site_name":"Excel Advisor","article_modified_time":"2023-12-03T11:21:50+00:00","og_image":[{"url":"https:\/\/exceladvisor.org\/wp-content\/uploads\/2023\/08\/1-utiliser-lobjet-feuille-pour-specifier-la-feuille-a-proteger.png","type":"","width":"","height":""}],"twitter_card":"summary_large_image","twitter_misc":{"Gesch\u00e4tzte Lesezeit":"4\u00a0Minuten"},"schema":{"@context":"https:\/\/schema.org","@graph":[{"@type":"WebPage","@id":"https:\/\/exceladvisor.org\/de\/das-blatt-schutzen\/","url":"https:\/\/exceladvisor.org\/de\/das-blatt-schutzen\/","name":"So sch\u00fctzen Sie ein Blatt mit VBA bzw. heben den Schutz auf","isPartOf":{"@id":"https:\/\/exceladvisor.org\/de\/#website"},"primaryImageOfPage":{"@id":"https:\/\/exceladvisor.org\/de\/das-blatt-schutzen\/#primaryimage"},"image":{"@id":"https:\/\/exceladvisor.org\/de\/das-blatt-schutzen\/#primaryimage"},"thumbnailUrl":"https:\/\/exceladvisor.org\/wp-content\/uploads\/2023\/08\/1-utiliser-lobjet-feuille-pour-specifier-la-feuille-a-proteger.png","datePublished":"2023-10-31T12:32:23+00:00","dateModified":"2023-12-03T11:21:50+00:00","description":"In diesem Tutorial lernen Sie, wie Sie ein Blatt mithilfe von VBA-Code sch\u00fctzen und den Schutz aufheben. Sie haben die M\u00f6glichkeit, a","breadcrumb":{"@id":"https:\/\/exceladvisor.org\/de\/das-blatt-schutzen\/#breadcrumb"},"inLanguage":"de","potentialAction":[{"@type":"ReadAction","target":["https:\/\/exceladvisor.org\/de\/das-blatt-schutzen\/"]}]},{"@type":"ImageObject","inLanguage":"de","@id":"https:\/\/exceladvisor.org\/de\/das-blatt-schutzen\/#primaryimage","url":"https:\/\/exceladvisor.org\/wp-content\/uploads\/2023\/08\/1-utiliser-lobjet-feuille-pour-specifier-la-feuille-a-proteger.png","contentUrl":"https:\/\/exceladvisor.org\/wp-content\/uploads\/2023\/08\/1-utiliser-lobjet-feuille-pour-specifier-la-feuille-a-proteger.png"},{"@type":"BreadcrumbList","@id":"https:\/\/exceladvisor.org\/de\/das-blatt-schutzen\/#breadcrumb","itemListElement":[{"@type":"ListItem","position":1,"name":"Accueil","item":"https:\/\/exceladvisor.org\/de\/"},{"@type":"ListItem","position":2,"name":"Wie kann ich ein blatt mit vba sch\u00fctzen\/unsch\u00fctzen?"}]},{"@type":"WebSite","@id":"https:\/\/exceladvisor.org\/de\/#website","url":"https:\/\/exceladvisor.org\/de\/","name":"Excel Advisor","description":"Ihr Leitfaden zur Datendominanz","publisher":{"@id":"https:\/\/exceladvisor.org\/de\/#organization"},"potentialAction":[{"@type":"SearchAction","target":{"@type":"EntryPoint","urlTemplate":"https:\/\/exceladvisor.org\/de\/?s={search_term_string}"},"query-input":{"@type":"PropertyValueSpecification","valueRequired":true,"valueName":"search_term_string"}}],"inLanguage":"de"},{"@type":"Organization","@id":"https:\/\/exceladvisor.org\/de\/#organization","name":"Excel Advisor","url":"https:\/\/exceladvisor.org\/de\/","logo":{"@type":"ImageObject","inLanguage":"de","@id":"https:\/\/exceladvisor.org\/de\/#\/schema\/logo\/image\/","url":"https:\/\/exceladvisor.org\/de\/wp-content\/uploads\/2023\/11\/exceladvisor.org_.png","contentUrl":"https:\/\/exceladvisor.org\/de\/wp-content\/uploads\/2023\/11\/exceladvisor.org_.png","width":105,"height":36,"caption":"Excel Advisor"},"image":{"@id":"https:\/\/exceladvisor.org\/de\/#\/schema\/logo\/image\/"}}]}},"yoast_meta":{"yoast_wpseo_title":"","yoast_wpseo_metadesc":"","yoast_wpseo_canonical":""},"_links":{"self":[{"href":"https:\/\/exceladvisor.org\/de\/wp-json\/wp\/v2\/pages\/3343","targetHints":{"allow":["GET"]}}],"collection":[{"href":"https:\/\/exceladvisor.org\/de\/wp-json\/wp\/v2\/pages"}],"about":[{"href":"https:\/\/exceladvisor.org\/de\/wp-json\/wp\/v2\/types\/page"}],"author":[{"embeddable":true,"href":"https:\/\/exceladvisor.org\/de\/wp-json\/wp\/v2\/users\/1"}],"replies":[{"embeddable":true,"href":"https:\/\/exceladvisor.org\/de\/wp-json\/wp\/v2\/comments?post=3343"}],"version-history":[{"count":1,"href":"https:\/\/exceladvisor.org\/de\/wp-json\/wp\/v2\/pages\/3343\/revisions"}],"predecessor-version":[{"id":4086,"href":"https:\/\/exceladvisor.org\/de\/wp-json\/wp\/v2\/pages\/3343\/revisions\/4086"}],"wp:attachment":[{"href":"https:\/\/exceladvisor.org\/de\/wp-json\/wp\/v2\/media?parent=3343"}],"curies":[{"name":"wp","href":"https:\/\/api.w.org\/{rel}","templated":true}]}}