{"id":3344,"date":"2023-10-31T11:46:31","date_gmt":"2023-10-31T11:46:31","guid":{"rendered":"https:\/\/exceladvisor.org\/de\/was-ist-eine-funktion-in-excel\/"},"modified":"2023-12-03T11:13:17","modified_gmt":"2023-12-03T11:13:17","slug":"was-ist-eine-funktion-in-excel","status":"publish","type":"page","link":"https:\/\/exceladvisor.org\/de\/was-ist-eine-funktion-in-excel\/","title":{"rendered":"Was ist eine funktion in excel?"},"content":{"rendered":"<div class=\"excel-vor-dem-inhalt\" id=\"excel-3010806640\"><script type=\"text\/javascript\">\r\n\tatOptions = {\r\n\t\t'key' : 'c1158f160081d6540a8409e6925dab94',\r\n\t\t'format' : 'iframe',\r\n\t\t'height' : 250,\r\n\t\t'width' : 300,\r\n\t\t'params' : {}\r\n\t};\r\n<\/script>\r\n<script type=\"text\/javascript\" src=\"\/\/www.highperformanceformat.com\/c1158f160081d6540a8409e6925dab94\/invoke.js\"><\/script><\/div> <p>In Excel ist eine Funktion eine vordefinierte Formel, die eine bestimmte Berechnung unter Verwendung vom Benutzer eingegebener Werte als Argumente durchf\u00fchrt. Jede Excel-Funktion hat einen bestimmten Zweck, in einfachen Worten, sie berechnet einen bestimmten Wert. Jede Funktion hat ihre Argumente (den einzugebenden Wert), um den Wert des Ergebnisses in der Zelle zu erhalten.<\/p><h2> Komponenten<\/h2><p> Jede Funktion besteht aus zwei Hauptkomponenten. Kurz gesagt, jede Funktion (mit Ausnahme einiger weniger) besteht aus den folgenden zwei Elementen:<\/p><ul><li> Funktionsname<\/li><li> Argumente<\/li><\/ul><p> Lassen Sie mich Ihnen ein Beispiel zeigen. Schauen wir uns die Funktion unten an, die wir in Zelle A1 eingef\u00fcgt haben.<\/p><p> Wenn Sie sich nun die Formelleiste ansehen, k\u00f6nnen Sie die Struktur der Funktion verstehen, indem Sie sie in zwei Teile teilen, n\u00e4mlich den Namen und die Argumente.<\/p><h3> Funktionsargumente<\/h3><p> Wie ich bereits erw\u00e4hnt habe, m\u00fcssen Sie in einer Funktion Eingabewerte angeben, um das gew\u00fcnschte Ergebnis zu erhalten. Ein Argument ist der Wert, den Sie angeben m\u00fcssen. Wenn Sie sich die Syntax einer Funktion ansehen, k\u00f6nnen Sie erkennen, dass es innerhalb jeder Funktion definierte Argumente gibt, die angegeben werden m\u00fcssen.<\/p><p> Hier sind die Argumenttypen:<\/p><ul><li> Obligatorisch: Ein obligatorisches Argument muss vom Benutzer angegeben werden und ohne dieses Argument kann eine Funktion ihr Ergebnis nicht berechnen.<\/li><li> Optional: Wenn Sie die Angabe dieser Argumente \u00fcberspringen, wird eine Funktion nicht daran gehindert, ihren Ergebniswert zu berechnen.<\/li><li> Keine Argumente: Es gibt wenige Funktionen (wie NOW), f\u00fcr die Sie kein Argument angeben m\u00fcssen.<\/li><\/ul><h2> So f\u00fcgen Sie eine Funktion in Excel ein<\/h2><p> Der einfachste Weg, eine Funktion in eine Zelle in Excel einzuf\u00fcgen, besteht darin, den Namen der einzuf\u00fcgenden Funktion beginnend mit einem Gleichheitszeichen einzugeben.<\/p><p> Angenommen, Sie m\u00f6chten die SUM-Funktion einf\u00fcgen:<\/p><ul><li> Zuerst m\u00fcssen Sie = und dann SUM eingeben.<\/li><li> Geben Sie anschlie\u00dfend die \u00f6ffnenden Klammern ein.<\/li><li> Geben Sie die Argumente an (beziehen Sie sich auf eine Zelle oder geben Sie Werte direkt in die Funktion ein).<\/li><li> Geben Sie am Ende schlie\u00dfende Klammern ein und dr\u00fccken Sie die Eingabetaste.<\/li><\/ul><h2> Haupttypen<\/h2><p> Hier sind die Haupttypen:<\/p><ul><li> <strong>Textfunktionen<\/strong> : Wenn Sie mit Daten arbeiten, die Text enthalten, finden Sie hier einige der Funktionen, die Sie lernen m\u00fcssen, um effektiv arbeiten zu k\u00f6nnen.<\/li><li> <strong>Datumsfunktionen<\/strong> : Datumsangaben sind einer der Hauptbestandteile der Daten, die Sie t\u00e4glich verwenden, und helfen Ihnen, Ihre Daten besser zu analysieren.<\/li><li> <strong>Zeitfunktionen<\/strong> : Genau wie Datumsangaben kann auch Zeit in Daten vorhanden sein, und Sie k\u00f6nnen Zeitfunktionen verwenden, um Daten zu verarbeiten, in denen Sie Zeitwerte haben.<\/li><li> <strong>Logikfunktionen<\/strong> : Mithilfe von Logikfunktionen k\u00f6nnen Sie einige der n\u00fctzlichsten Formeln in Ihrer Tabellenkalkulation erstellen.<\/li><li> <strong>Mathematische Funktionen<\/strong> : In Excel dreht sich alles um Berechnungen und Analysen sowie um mathematische Funktionen, und Sie k\u00f6nnen diese Funktionen verwenden, um Ihre Berechnungen und Analysen zu verbessern.<\/li><li> <strong>Statistische Funktionen<\/strong> : Eines der besten Dinge an Excel ist, dass es eine Reihe statistischer Funktionen gibt, mit denen Sie Daten einfach analysieren k\u00f6nnen.<\/li><li> <strong>Suchfunktionen<\/strong> : In Excel gibt es spezielle Funktionen, die Ihnen bei der Suche nach einem bestimmten Wert oder Informationen zu einer Zelle oder einem Zellbereich helfen k\u00f6nnen.<\/li><li> <strong>Informationsfunktion<\/strong> : Dies sind einige spezifische Funktionen, mit denen Sie Informationen zu den von Ihnen angegebenen Werten abrufen k\u00f6nnen.<\/li><li> <strong>Finanzfunktionen<\/strong> : Mit diesen Funktionen k\u00f6nnen Sie einige der g\u00e4ngigen, aber wichtigen Finanzberechnungen einfach berechnen.<\/li><\/ul>","protected":false},"excerpt":{"rendered":"","protected":false},"author":1,"featured_media":0,"parent":0,"menu_order":0,"comment_status":"open","ping_status":"closed","template":"","meta":{"ub_ctt_via":"","footnotes":""},"class_list":["post-3344","page","type-page","status-publish","hentry"],"featured_image_src":null,"yoast_head":"<!-- This site is optimized with the Yoast SEO plugin v25.4 - https:\/\/yoast.com\/wordpress\/plugins\/seo\/ -->\n<title>Was ist eine Funktion in Excel? \u2013 Excel-Berater<\/title>\n<meta name=\"description\" content=\"Eine Funktion ist eine vordefinierte Formel, die eine bestimmte Berechnung unter Verwendung vom Benutzer eingegebener Werte als Argumente durchf\u00fchrt.\" \/>\n<meta name=\"robots\" content=\"index, follow, max-snippet:-1, max-image-preview:large, max-video-preview:-1\" \/>\n<link rel=\"canonical\" href=\"https:\/\/exceladvisor.org\/de\/was-ist-eine-funktion-in-excel\/\" \/>\n<meta property=\"og:locale\" content=\"de_DE\" \/>\n<meta property=\"og:type\" content=\"article\" \/>\n<meta property=\"og:title\" content=\"Was ist eine Funktion in Excel? \u2013 Excel-Berater\" \/>\n<meta property=\"og:description\" content=\"Eine Funktion ist eine vordefinierte Formel, die eine bestimmte Berechnung unter Verwendung vom Benutzer eingegebener Werte als Argumente durchf\u00fchrt.\" \/>\n<meta property=\"og:url\" content=\"https:\/\/exceladvisor.org\/de\/was-ist-eine-funktion-in-excel\/\" \/>\n<meta property=\"og:site_name\" content=\"Excel Advisor\" \/>\n<meta property=\"article:modified_time\" content=\"2023-12-03T11:13:17+00:00\" \/>\n<meta name=\"twitter:card\" content=\"summary_large_image\" \/>\n<meta name=\"twitter:label1\" content=\"Gesch\u00e4tzte Lesezeit\" \/>\n\t<meta name=\"twitter:data1\" content=\"3\u00a0Minuten\" \/>\n<script type=\"application\/ld+json\" class=\"yoast-schema-graph\">{\"@context\":\"https:\/\/schema.org\",\"@graph\":[{\"@type\":\"WebPage\",\"@id\":\"https:\/\/exceladvisor.org\/de\/was-ist-eine-funktion-in-excel\/\",\"url\":\"https:\/\/exceladvisor.org\/de\/was-ist-eine-funktion-in-excel\/\",\"name\":\"Was ist eine Funktion in Excel? \u2013 Excel-Berater\",\"isPartOf\":{\"@id\":\"https:\/\/exceladvisor.org\/de\/#website\"},\"datePublished\":\"2023-10-31T11:46:31+00:00\",\"dateModified\":\"2023-12-03T11:13:17+00:00\",\"description\":\"Eine Funktion ist eine vordefinierte Formel, die eine bestimmte Berechnung unter Verwendung vom Benutzer eingegebener Werte als Argumente durchf\u00fchrt.\",\"breadcrumb\":{\"@id\":\"https:\/\/exceladvisor.org\/de\/was-ist-eine-funktion-in-excel\/#breadcrumb\"},\"inLanguage\":\"de\",\"potentialAction\":[{\"@type\":\"ReadAction\",\"target\":[\"https:\/\/exceladvisor.org\/de\/was-ist-eine-funktion-in-excel\/\"]}]},{\"@type\":\"BreadcrumbList\",\"@id\":\"https:\/\/exceladvisor.org\/de\/was-ist-eine-funktion-in-excel\/#breadcrumb\",\"itemListElement\":[{\"@type\":\"ListItem\",\"position\":1,\"name\":\"Accueil\",\"item\":\"https:\/\/exceladvisor.org\/de\/\"},{\"@type\":\"ListItem\",\"position\":2,\"name\":\"Was ist eine funktion in excel?\"}]},{\"@type\":\"WebSite\",\"@id\":\"https:\/\/exceladvisor.org\/de\/#website\",\"url\":\"https:\/\/exceladvisor.org\/de\/\",\"name\":\"Excel Advisor\",\"description\":\"Ihr Leitfaden zur Datendominanz\",\"publisher\":{\"@id\":\"https:\/\/exceladvisor.org\/de\/#organization\"},\"potentialAction\":[{\"@type\":\"SearchAction\",\"target\":{\"@type\":\"EntryPoint\",\"urlTemplate\":\"https:\/\/exceladvisor.org\/de\/?s={search_term_string}\"},\"query-input\":{\"@type\":\"PropertyValueSpecification\",\"valueRequired\":true,\"valueName\":\"search_term_string\"}}],\"inLanguage\":\"de\"},{\"@type\":\"Organization\",\"@id\":\"https:\/\/exceladvisor.org\/de\/#organization\",\"name\":\"Excel Advisor\",\"url\":\"https:\/\/exceladvisor.org\/de\/\",\"logo\":{\"@type\":\"ImageObject\",\"inLanguage\":\"de\",\"@id\":\"https:\/\/exceladvisor.org\/de\/#\/schema\/logo\/image\/\",\"url\":\"https:\/\/exceladvisor.org\/de\/wp-content\/uploads\/2023\/11\/exceladvisor.org_.png\",\"contentUrl\":\"https:\/\/exceladvisor.org\/de\/wp-content\/uploads\/2023\/11\/exceladvisor.org_.png\",\"width\":105,\"height\":36,\"caption\":\"Excel Advisor\"},\"image\":{\"@id\":\"https:\/\/exceladvisor.org\/de\/#\/schema\/logo\/image\/\"}}]}<\/script>\n<!-- \/ Yoast SEO plugin. -->","yoast_head_json":{"title":"Was ist eine Funktion in Excel? \u2013 Excel-Berater","description":"Eine Funktion ist eine vordefinierte Formel, die eine bestimmte Berechnung unter Verwendung vom Benutzer eingegebener Werte als Argumente durchf\u00fchrt.","robots":{"index":"index","follow":"follow","max-snippet":"max-snippet:-1","max-image-preview":"max-image-preview:large","max-video-preview":"max-video-preview:-1"},"canonical":"https:\/\/exceladvisor.org\/de\/was-ist-eine-funktion-in-excel\/","og_locale":"de_DE","og_type":"article","og_title":"Was ist eine Funktion in Excel? \u2013 Excel-Berater","og_description":"Eine Funktion ist eine vordefinierte Formel, die eine bestimmte Berechnung unter Verwendung vom Benutzer eingegebener Werte als Argumente durchf\u00fchrt.","og_url":"https:\/\/exceladvisor.org\/de\/was-ist-eine-funktion-in-excel\/","og_site_name":"Excel Advisor","article_modified_time":"2023-12-03T11:13:17+00:00","twitter_card":"summary_large_image","twitter_misc":{"Gesch\u00e4tzte Lesezeit":"3\u00a0Minuten"},"schema":{"@context":"https:\/\/schema.org","@graph":[{"@type":"WebPage","@id":"https:\/\/exceladvisor.org\/de\/was-ist-eine-funktion-in-excel\/","url":"https:\/\/exceladvisor.org\/de\/was-ist-eine-funktion-in-excel\/","name":"Was ist eine Funktion in Excel? \u2013 Excel-Berater","isPartOf":{"@id":"https:\/\/exceladvisor.org\/de\/#website"},"datePublished":"2023-10-31T11:46:31+00:00","dateModified":"2023-12-03T11:13:17+00:00","description":"Eine Funktion ist eine vordefinierte Formel, die eine bestimmte Berechnung unter Verwendung vom Benutzer eingegebener Werte als Argumente durchf\u00fchrt.","breadcrumb":{"@id":"https:\/\/exceladvisor.org\/de\/was-ist-eine-funktion-in-excel\/#breadcrumb"},"inLanguage":"de","potentialAction":[{"@type":"ReadAction","target":["https:\/\/exceladvisor.org\/de\/was-ist-eine-funktion-in-excel\/"]}]},{"@type":"BreadcrumbList","@id":"https:\/\/exceladvisor.org\/de\/was-ist-eine-funktion-in-excel\/#breadcrumb","itemListElement":[{"@type":"ListItem","position":1,"name":"Accueil","item":"https:\/\/exceladvisor.org\/de\/"},{"@type":"ListItem","position":2,"name":"Was ist eine funktion in excel?"}]},{"@type":"WebSite","@id":"https:\/\/exceladvisor.org\/de\/#website","url":"https:\/\/exceladvisor.org\/de\/","name":"Excel Advisor","description":"Ihr Leitfaden zur Datendominanz","publisher":{"@id":"https:\/\/exceladvisor.org\/de\/#organization"},"potentialAction":[{"@type":"SearchAction","target":{"@type":"EntryPoint","urlTemplate":"https:\/\/exceladvisor.org\/de\/?s={search_term_string}"},"query-input":{"@type":"PropertyValueSpecification","valueRequired":true,"valueName":"search_term_string"}}],"inLanguage":"de"},{"@type":"Organization","@id":"https:\/\/exceladvisor.org\/de\/#organization","name":"Excel Advisor","url":"https:\/\/exceladvisor.org\/de\/","logo":{"@type":"ImageObject","inLanguage":"de","@id":"https:\/\/exceladvisor.org\/de\/#\/schema\/logo\/image\/","url":"https:\/\/exceladvisor.org\/de\/wp-content\/uploads\/2023\/11\/exceladvisor.org_.png","contentUrl":"https:\/\/exceladvisor.org\/de\/wp-content\/uploads\/2023\/11\/exceladvisor.org_.png","width":105,"height":36,"caption":"Excel Advisor"},"image":{"@id":"https:\/\/exceladvisor.org\/de\/#\/schema\/logo\/image\/"}}]}},"yoast_meta":{"yoast_wpseo_title":"","yoast_wpseo_metadesc":"","yoast_wpseo_canonical":""},"_links":{"self":[{"href":"https:\/\/exceladvisor.org\/de\/wp-json\/wp\/v2\/pages\/3344","targetHints":{"allow":["GET"]}}],"collection":[{"href":"https:\/\/exceladvisor.org\/de\/wp-json\/wp\/v2\/pages"}],"about":[{"href":"https:\/\/exceladvisor.org\/de\/wp-json\/wp\/v2\/types\/page"}],"author":[{"embeddable":true,"href":"https:\/\/exceladvisor.org\/de\/wp-json\/wp\/v2\/users\/1"}],"replies":[{"embeddable":true,"href":"https:\/\/exceladvisor.org\/de\/wp-json\/wp\/v2\/comments?post=3344"}],"version-history":[{"count":1,"href":"https:\/\/exceladvisor.org\/de\/wp-json\/wp\/v2\/pages\/3344\/revisions"}],"predecessor-version":[{"id":3823,"href":"https:\/\/exceladvisor.org\/de\/wp-json\/wp\/v2\/pages\/3344\/revisions\/3823"}],"wp:attachment":[{"href":"https:\/\/exceladvisor.org\/de\/wp-json\/wp\/v2\/media?parent=3344"}],"curies":[{"name":"wp","href":"https:\/\/api.w.org\/{rel}","templated":true}]}}