{"id":3345,"date":"2023-10-31T09:02:59","date_gmt":"2023-10-31T09:02:59","guid":{"rendered":"https:\/\/exceladvisor.org\/de\/zentrieren-sie-das-arbeitsblatt-horizontal\/"},"modified":"2023-12-03T13:06:11","modified_gmt":"2023-12-03T13:06:11","slug":"zentrieren-sie-das-arbeitsblatt-horizontal","status":"publish","type":"page","link":"https:\/\/exceladvisor.org\/de\/zentrieren-sie-das-arbeitsblatt-horizontal\/","title":{"rendered":"Wie zentriere ich eine tabelle in excel?"},"content":{"rendered":"<div class=\"excel-vor-dem-inhalt\" id=\"excel-3930784913\"><script type=\"text\/javascript\">\r\n\tatOptions = {\r\n\t\t'key' : 'c1158f160081d6540a8409e6925dab94',\r\n\t\t'format' : 'iframe',\r\n\t\t'height' : 250,\r\n\t\t'width' : 300,\r\n\t\t'params' : {}\r\n\t};\r\n<\/script>\r\n<script type=\"text\/javascript\" src=\"\/\/www.highperformanceformat.com\/c1158f160081d6540a8409e6925dab94\/invoke.js\"><\/script><\/div> <p>Wenn Sie in Excel eine Tabelle \u00f6ffnen, k\u00f6nnen Sie Daten von links nach rechts eingeben. Ein Arbeitsblatt wird links horizontal und oben vertikal ausgerichtet.<\/p><p> Sie k\u00f6nnen Daten auf einem Arbeitsblatt jedoch horizontal in der Mitte und vertikal in der Mitte ausrichten. <\/p><div class=\"wp-block-image\"><figure class=\"aligncenter size-full is-resized\"><img loading=\"lazy\" decoding=\"async\" class=\"wp-image-72534\" src=\"https:\/\/exceladvisor.org\/wp-content\/uploads\/2023\/08\/1-boite-de-dialogue-de-mise-en-page.png\" sizes=\"auto, \" srcset=\"\" alt=\"Layout-Dialog\" width=\"485\" height=\"468\"><\/figure><\/div><h2 class=\"wp-block-heading\"> Schritte zum Erstellen einer horizontal zentrierten Tabelle<\/h2><ol><li> Gehen Sie zun\u00e4chst zur Registerkarte \u201eLayout\u201c und klicken Sie auf das Dropdown-Men\u00fc \u201eRandoptionen\u201c. <br><img loading=\"lazy\" decoding=\"async\" title=\"2-Klicken Sie auf das Dropdown-Men\u00fc \u201eRandoptionen\u201c.\" src=\"https:\/\/exceladvisor.org\/wp-content\/uploads\/2023\/08\/Liste-deroulante-des-options-de-marge-en-2-clics.png\" sizes=\"auto, \" srcset=\"\" alt=\"click-margin-option-dropdown\" width=\"506\" height=\"209\"><\/li><li> Klicken Sie nun unter \u201eR\u00e4nder\u201c auf die Option \u201eBenutzerdefinierte R\u00e4nder\u201c. Dadurch wird das Layout-Dialogfeld ge\u00f6ffnet. <br><img loading=\"lazy\" decoding=\"async\" title=\"Benutzerdefinierte Randoptionen mit 3 Klicks\" src=\"https:\/\/exceladvisor.org\/wp-content\/uploads\/2023\/08\/Options-de-marge-personnalisees-en-3-clics.png\" sizes=\"auto, \" srcset=\"\" alt=\"click-custom-margin-options\" width=\"549\" height=\"537\"><\/li><li> \u00dcberpr\u00fcfen Sie anschlie\u00dfend im Dialogfeld \u201eSeite einrichten\u201c die Optionen f\u00fcr die Mitte der Seite (horizontal und vertikal). Sobald Sie dies tun, werden Sie sehen, dass die Daten im Arbeitsblatt jetzt horizontal in der Mitte und vertikal in der Mitte liegen. <br><img loading=\"lazy\" decoding=\"async\" title=\"4 H\u00e4kchenoptionen horizontal und vertikal\" src=\"https:\/\/exceladvisor.org\/wp-content\/uploads\/2023\/08\/4-options-de-coche-horizontalement-et-verticalement.png\" sizes=\"auto, \" srcset=\"\" alt=\"tickmark-horizontally-and-vertically-options\" width=\"536\" height=\"517\"><\/li><li> Klicken Sie abschlie\u00dfend auf OK, um diese Einstellungen zu speichern.<\/li><\/ol><p> Dadurch werden die Daten, die Sie in der Tabelle haben, nicht ver\u00e4ndert, aber wenn Sie einen Ausdruck erstellen, erfolgt dieser horizontal in der Mitte und vertikal in der Mitte.<\/p><h2 class=\"wp-block-heading\"> Verwenden der Option \u201eDruckvorschau\u201c zum Erstellen einer horizontal zentrierten Tabelle<\/h2><p> Die gleiche Option kann \u00fcber die Druckvorschau-Option ge\u00e4ndert werden.<\/p><ol type=\"1\"><li> Gehen Sie zur Registerkarte \u201eDatei\u201c und klicken Sie auf die Option \u201eDrucken\u201c.<\/li><li> Klicken Sie anschlie\u00dfend auf \u201eSeite einrichten\u201c.<\/li><li> Klicken Sie nun auf die Registerkarte Rand.<\/li><li> Als n\u00e4chstes aktivieren Sie die Kontrollk\u00e4stchen horizontal und vertikal.<\/li><li> Klicken Sie abschlie\u00dfend auf OK, um die Einstellungen zu speichern. <\/li><\/ol><div class=\"wp-block-image\"><figure class=\"aligncenter size-full is-resized\"><img loading=\"lazy\" decoding=\"async\" class=\"wp-image-72538\" src=\"https:\/\/exceladvisor.org\/wp-content\/uploads\/2023\/08\/5-creer-une-feuille-de-calcul-horizontalement.png\" sizes=\"auto, \" srcset=\"\" alt=\"make-worksheet-horizontally\" width=\"710\" height=\"510\"><\/figure><\/div><p> Dies ist dieselbe Option, die wir in der ersten Methode verwendet haben, aber es ist nur eine andere Art, sie zu \u00f6ffnen.<\/p><h2 class=\"wp-block-heading\"> Tastaturk\u00fcrzel<\/h2><p> Wenn Sie eine Tabelle horizontal in der Mitte erstellen m\u00f6chten, \u00f6ffnen Sie das Layout mit einer <a href=\"https:\/\/exceladvisor.org\/de\/tastaturkurzel\/\">Tastenkombination<\/a> und \u00fcbernehmen dann die Einstellungen:<\/p><p> <kbd>Alt<\/kbd> \u21e2 <kbd>P<\/kbd> \u21e2 <kbd>S<\/kbd> \u21e2 <kbd>P<\/kbd> \u21e2 <kbd>M<\/kbd><\/p><p> Wenn Sie diese Tastenkombination dr\u00fccken, werden das Dialogfeld \u201eLayout\u201c und die Registerkarte \u201eRand\u201c ge\u00f6ffnet.<\/p><p> Und von dort aus k\u00f6nnen Sie die Einstellung anwenden, um Ihr Arbeitsblatt horizontal in der Mitte und vertikal in der Mitte auszurichten.<\/p><p> Wie ich bereits sagte, werden beim Anwenden dieser Einstellungen keine \u00c4nderungen an den Daten im Arbeitsblatt vorgenommen, wohl aber die Ausrichtung, die Sie beim Drucken haben.<\/p><p> Diese Einstellung sehen Sie auch in der <a href=\"https:\/\/exceladvisor.org\/de\/druckvorschau-1\/\">Druckvorschau<\/a> .<\/p><div class=\"gb-container gb-container-4db6181c gb-container-mt\"> <a class=\"gb-button gb-button-c5897111 gb-button-text gb-button-mt-button\" href=\"https:\/\/exceladvisor.org\/de\/excel-grundlagen\/\">Microsoft Excel-Grundlagen (Komponenten, Teile und Wissenshinweise)<\/a><h2 class=\"gb-headline gb-headline-665e5f6b gb-headline-text gb-headline-mt-heading\"> Verwandte Tutorials <\/h2><div class=\"gb-grid-wrapper gb-grid-wrapper-a20baf7c gb-grid-wrapper-mt-grid\"><div class=\"gb-grid-column gb-grid-column-65ddf67e\"><div class=\"gb-container gb-container-65ddf67e\"><ul><li> <a href=\"https:\/\/exceladvisor.org\/de\/titel-drucken\/\">Anwenden von Drucktiteln in Excel (Zeile 1 so einstellen, dass sie auf jeder Seite gedruckt wird)<\/a><\/li><li> <a href=\"https:\/\/exceladvisor.org\/de\/millimeterpapier\/\">Drucken Sie ein Millimeterpapier in Excel (quadratische Rastervorlage)<\/a><\/li><li> <a href=\"https:\/\/exceladvisor.org\/de\/seitenumbruch-entfernen\/\">Seitenumbruch in Excel entfernen<\/a><\/li><li> <a href=\"https:\/\/exceladvisor.org\/de\/druckbereich-festlegen\/\">Legen Sie den Druckbereich in Excel fest<\/a> <\/li><\/ul><\/div><\/div><div class=\"gb-grid-column gb-grid-column-50067b57\"><div class=\"gb-container gb-container-50067b57\"><\/div><\/div><\/div><\/div>","protected":false},"excerpt":{"rendered":"","protected":false},"author":1,"featured_media":0,"parent":0,"menu_order":0,"comment_status":"open","ping_status":"closed","template":"","meta":{"ub_ctt_via":"","footnotes":""},"class_list":["post-3345","page","type-page","status-publish","hentry"],"featured_image_src":null,"yoast_head":"<!-- This site is optimized with the Yoast SEO plugin v25.4 - https:\/\/yoast.com\/wordpress\/plugins\/seo\/ -->\n<title>Wie zentriere ich eine Tabelle in Excel? (Tutorial 2023)<\/title>\n<meta name=\"description\" content=\"In diesem Tutorial lernen wir, wie man eine Tabelle horizontal in der Mitte und vertikal in der Mitte erstellt\" \/>\n<meta name=\"robots\" content=\"index, follow, max-snippet:-1, max-image-preview:large, max-video-preview:-1\" \/>\n<link rel=\"canonical\" href=\"https:\/\/exceladvisor.org\/de\/zentrieren-sie-das-arbeitsblatt-horizontal\/\" \/>\n<meta property=\"og:locale\" content=\"de_DE\" \/>\n<meta property=\"og:type\" content=\"article\" \/>\n<meta property=\"og:title\" content=\"Wie zentriere ich eine Tabelle in Excel? (Tutorial 2023)\" \/>\n<meta property=\"og:description\" content=\"In diesem Tutorial lernen wir, wie man eine Tabelle horizontal in der Mitte und vertikal in der Mitte erstellt\" \/>\n<meta property=\"og:url\" content=\"https:\/\/exceladvisor.org\/de\/zentrieren-sie-das-arbeitsblatt-horizontal\/\" \/>\n<meta property=\"og:site_name\" content=\"Excel Advisor\" \/>\n<meta property=\"article:modified_time\" content=\"2023-12-03T13:06:11+00:00\" \/>\n<meta property=\"og:image\" content=\"https:\/\/exceladvisor.org\/wp-content\/uploads\/2023\/08\/1-boite-de-dialogue-de-mise-en-page.png\" \/>\n<meta name=\"twitter:card\" content=\"summary_large_image\" \/>\n<meta name=\"twitter:label1\" content=\"Gesch\u00e4tzte Lesezeit\" \/>\n\t<meta name=\"twitter:data1\" content=\"2\u00a0Minuten\" \/>\n<script type=\"application\/ld+json\" class=\"yoast-schema-graph\">{\"@context\":\"https:\/\/schema.org\",\"@graph\":[{\"@type\":\"WebPage\",\"@id\":\"https:\/\/exceladvisor.org\/de\/zentrieren-sie-das-arbeitsblatt-horizontal\/\",\"url\":\"https:\/\/exceladvisor.org\/de\/zentrieren-sie-das-arbeitsblatt-horizontal\/\",\"name\":\"Wie zentriere ich eine Tabelle in Excel? (Tutorial 2023)\",\"isPartOf\":{\"@id\":\"https:\/\/exceladvisor.org\/de\/#website\"},\"primaryImageOfPage\":{\"@id\":\"https:\/\/exceladvisor.org\/de\/zentrieren-sie-das-arbeitsblatt-horizontal\/#primaryimage\"},\"image\":{\"@id\":\"https:\/\/exceladvisor.org\/de\/zentrieren-sie-das-arbeitsblatt-horizontal\/#primaryimage\"},\"thumbnailUrl\":\"https:\/\/exceladvisor.org\/wp-content\/uploads\/2023\/08\/1-boite-de-dialogue-de-mise-en-page.png\",\"datePublished\":\"2023-10-31T09:02:59+00:00\",\"dateModified\":\"2023-12-03T13:06:11+00:00\",\"description\":\"In diesem Tutorial lernen wir, wie man eine Tabelle horizontal in der Mitte und vertikal in der Mitte erstellt\",\"breadcrumb\":{\"@id\":\"https:\/\/exceladvisor.org\/de\/zentrieren-sie-das-arbeitsblatt-horizontal\/#breadcrumb\"},\"inLanguage\":\"de\",\"potentialAction\":[{\"@type\":\"ReadAction\",\"target\":[\"https:\/\/exceladvisor.org\/de\/zentrieren-sie-das-arbeitsblatt-horizontal\/\"]}]},{\"@type\":\"ImageObject\",\"inLanguage\":\"de\",\"@id\":\"https:\/\/exceladvisor.org\/de\/zentrieren-sie-das-arbeitsblatt-horizontal\/#primaryimage\",\"url\":\"https:\/\/exceladvisor.org\/wp-content\/uploads\/2023\/08\/1-boite-de-dialogue-de-mise-en-page.png\",\"contentUrl\":\"https:\/\/exceladvisor.org\/wp-content\/uploads\/2023\/08\/1-boite-de-dialogue-de-mise-en-page.png\"},{\"@type\":\"BreadcrumbList\",\"@id\":\"https:\/\/exceladvisor.org\/de\/zentrieren-sie-das-arbeitsblatt-horizontal\/#breadcrumb\",\"itemListElement\":[{\"@type\":\"ListItem\",\"position\":1,\"name\":\"Accueil\",\"item\":\"https:\/\/exceladvisor.org\/de\/\"},{\"@type\":\"ListItem\",\"position\":2,\"name\":\"Wie zentriere ich eine tabelle in excel?\"}]},{\"@type\":\"WebSite\",\"@id\":\"https:\/\/exceladvisor.org\/de\/#website\",\"url\":\"https:\/\/exceladvisor.org\/de\/\",\"name\":\"Excel Advisor\",\"description\":\"Ihr Leitfaden zur Datendominanz\",\"publisher\":{\"@id\":\"https:\/\/exceladvisor.org\/de\/#organization\"},\"potentialAction\":[{\"@type\":\"SearchAction\",\"target\":{\"@type\":\"EntryPoint\",\"urlTemplate\":\"https:\/\/exceladvisor.org\/de\/?s={search_term_string}\"},\"query-input\":{\"@type\":\"PropertyValueSpecification\",\"valueRequired\":true,\"valueName\":\"search_term_string\"}}],\"inLanguage\":\"de\"},{\"@type\":\"Organization\",\"@id\":\"https:\/\/exceladvisor.org\/de\/#organization\",\"name\":\"Excel Advisor\",\"url\":\"https:\/\/exceladvisor.org\/de\/\",\"logo\":{\"@type\":\"ImageObject\",\"inLanguage\":\"de\",\"@id\":\"https:\/\/exceladvisor.org\/de\/#\/schema\/logo\/image\/\",\"url\":\"https:\/\/exceladvisor.org\/de\/wp-content\/uploads\/2023\/11\/exceladvisor.org_.png\",\"contentUrl\":\"https:\/\/exceladvisor.org\/de\/wp-content\/uploads\/2023\/11\/exceladvisor.org_.png\",\"width\":105,\"height\":36,\"caption\":\"Excel Advisor\"},\"image\":{\"@id\":\"https:\/\/exceladvisor.org\/de\/#\/schema\/logo\/image\/\"}}]}<\/script>\n<!-- \/ Yoast SEO plugin. -->","yoast_head_json":{"title":"Wie zentriere ich eine Tabelle in Excel? (Tutorial 2023)","description":"In diesem Tutorial lernen wir, wie man eine Tabelle horizontal in der Mitte und vertikal in der Mitte erstellt","robots":{"index":"index","follow":"follow","max-snippet":"max-snippet:-1","max-image-preview":"max-image-preview:large","max-video-preview":"max-video-preview:-1"},"canonical":"https:\/\/exceladvisor.org\/de\/zentrieren-sie-das-arbeitsblatt-horizontal\/","og_locale":"de_DE","og_type":"article","og_title":"Wie zentriere ich eine Tabelle in Excel? (Tutorial 2023)","og_description":"In diesem Tutorial lernen wir, wie man eine Tabelle horizontal in der Mitte und vertikal in der Mitte erstellt","og_url":"https:\/\/exceladvisor.org\/de\/zentrieren-sie-das-arbeitsblatt-horizontal\/","og_site_name":"Excel Advisor","article_modified_time":"2023-12-03T13:06:11+00:00","og_image":[{"url":"https:\/\/exceladvisor.org\/wp-content\/uploads\/2023\/08\/1-boite-de-dialogue-de-mise-en-page.png","type":"","width":"","height":""}],"twitter_card":"summary_large_image","twitter_misc":{"Gesch\u00e4tzte Lesezeit":"2\u00a0Minuten"},"schema":{"@context":"https:\/\/schema.org","@graph":[{"@type":"WebPage","@id":"https:\/\/exceladvisor.org\/de\/zentrieren-sie-das-arbeitsblatt-horizontal\/","url":"https:\/\/exceladvisor.org\/de\/zentrieren-sie-das-arbeitsblatt-horizontal\/","name":"Wie zentriere ich eine Tabelle in Excel? (Tutorial 2023)","isPartOf":{"@id":"https:\/\/exceladvisor.org\/de\/#website"},"primaryImageOfPage":{"@id":"https:\/\/exceladvisor.org\/de\/zentrieren-sie-das-arbeitsblatt-horizontal\/#primaryimage"},"image":{"@id":"https:\/\/exceladvisor.org\/de\/zentrieren-sie-das-arbeitsblatt-horizontal\/#primaryimage"},"thumbnailUrl":"https:\/\/exceladvisor.org\/wp-content\/uploads\/2023\/08\/1-boite-de-dialogue-de-mise-en-page.png","datePublished":"2023-10-31T09:02:59+00:00","dateModified":"2023-12-03T13:06:11+00:00","description":"In diesem Tutorial lernen wir, wie man eine Tabelle horizontal in der Mitte und vertikal in der Mitte erstellt","breadcrumb":{"@id":"https:\/\/exceladvisor.org\/de\/zentrieren-sie-das-arbeitsblatt-horizontal\/#breadcrumb"},"inLanguage":"de","potentialAction":[{"@type":"ReadAction","target":["https:\/\/exceladvisor.org\/de\/zentrieren-sie-das-arbeitsblatt-horizontal\/"]}]},{"@type":"ImageObject","inLanguage":"de","@id":"https:\/\/exceladvisor.org\/de\/zentrieren-sie-das-arbeitsblatt-horizontal\/#primaryimage","url":"https:\/\/exceladvisor.org\/wp-content\/uploads\/2023\/08\/1-boite-de-dialogue-de-mise-en-page.png","contentUrl":"https:\/\/exceladvisor.org\/wp-content\/uploads\/2023\/08\/1-boite-de-dialogue-de-mise-en-page.png"},{"@type":"BreadcrumbList","@id":"https:\/\/exceladvisor.org\/de\/zentrieren-sie-das-arbeitsblatt-horizontal\/#breadcrumb","itemListElement":[{"@type":"ListItem","position":1,"name":"Accueil","item":"https:\/\/exceladvisor.org\/de\/"},{"@type":"ListItem","position":2,"name":"Wie zentriere ich eine tabelle in excel?"}]},{"@type":"WebSite","@id":"https:\/\/exceladvisor.org\/de\/#website","url":"https:\/\/exceladvisor.org\/de\/","name":"Excel Advisor","description":"Ihr Leitfaden zur Datendominanz","publisher":{"@id":"https:\/\/exceladvisor.org\/de\/#organization"},"potentialAction":[{"@type":"SearchAction","target":{"@type":"EntryPoint","urlTemplate":"https:\/\/exceladvisor.org\/de\/?s={search_term_string}"},"query-input":{"@type":"PropertyValueSpecification","valueRequired":true,"valueName":"search_term_string"}}],"inLanguage":"de"},{"@type":"Organization","@id":"https:\/\/exceladvisor.org\/de\/#organization","name":"Excel Advisor","url":"https:\/\/exceladvisor.org\/de\/","logo":{"@type":"ImageObject","inLanguage":"de","@id":"https:\/\/exceladvisor.org\/de\/#\/schema\/logo\/image\/","url":"https:\/\/exceladvisor.org\/de\/wp-content\/uploads\/2023\/11\/exceladvisor.org_.png","contentUrl":"https:\/\/exceladvisor.org\/de\/wp-content\/uploads\/2023\/11\/exceladvisor.org_.png","width":105,"height":36,"caption":"Excel Advisor"},"image":{"@id":"https:\/\/exceladvisor.org\/de\/#\/schema\/logo\/image\/"}}]}},"yoast_meta":{"yoast_wpseo_title":"","yoast_wpseo_metadesc":"","yoast_wpseo_canonical":""},"_links":{"self":[{"href":"https:\/\/exceladvisor.org\/de\/wp-json\/wp\/v2\/pages\/3345","targetHints":{"allow":["GET"]}}],"collection":[{"href":"https:\/\/exceladvisor.org\/de\/wp-json\/wp\/v2\/pages"}],"about":[{"href":"https:\/\/exceladvisor.org\/de\/wp-json\/wp\/v2\/types\/page"}],"author":[{"embeddable":true,"href":"https:\/\/exceladvisor.org\/de\/wp-json\/wp\/v2\/users\/1"}],"replies":[{"embeddable":true,"href":"https:\/\/exceladvisor.org\/de\/wp-json\/wp\/v2\/comments?post=3345"}],"version-history":[{"count":1,"href":"https:\/\/exceladvisor.org\/de\/wp-json\/wp\/v2\/pages\/3345\/revisions"}],"predecessor-version":[{"id":4439,"href":"https:\/\/exceladvisor.org\/de\/wp-json\/wp\/v2\/pages\/3345\/revisions\/4439"}],"wp:attachment":[{"href":"https:\/\/exceladvisor.org\/de\/wp-json\/wp\/v2\/media?parent=3345"}],"curies":[{"name":"wp","href":"https:\/\/api.w.org\/{rel}","templated":true}]}}