{"id":3346,"date":"2023-10-31T06:42:12","date_gmt":"2023-10-31T06:42:12","guid":{"rendered":"https:\/\/exceladvisor.org\/de\/datenquelle-andern\/"},"modified":"2023-12-03T11:13:43","modified_gmt":"2023-12-03T11:13:43","slug":"datenquelle-andern","status":"publish","type":"page","link":"https:\/\/exceladvisor.org\/de\/datenquelle-andern\/","title":{"rendered":"Wie \u00e4ndere ich die pivottable-datenquelle?"},"content":{"rendered":"<div class=\"excel-vor-dem-inhalt\" id=\"excel-3962820435\"><script type=\"text\/javascript\">\r\n\tatOptions = {\r\n\t\t'key' : 'c1158f160081d6540a8409e6925dab94',\r\n\t\t'format' : 'iframe',\r\n\t\t'height' : 250,\r\n\t\t'width' : 300,\r\n\t\t'params' : {}\r\n\t};\r\n<\/script>\r\n<script type=\"text\/javascript\" src=\"\/\/www.highperformanceformat.com\/c1158f160081d6540a8409e6925dab94\/invoke.js\"><\/script><\/div> <p>In diesem Artikel besprechen wir das \u00c4ndern der Datenquelle oder das Auffinden der Datenquelle f\u00fcr eine bestimmte Pivot-Tabelle. Dies ist \u00e4u\u00dferst n\u00fctzlich, wenn sich Ihre Daten st\u00e4ndig \u00e4ndern.<\/p><p> Sie k\u00f6nnen die folgenden Schritte ausf\u00fchren:<\/p><ol><li> Klicken Sie zun\u00e4chst irgendwo auf die Pivot-Tabelle, um die Registerkarte \u201eAnalyse\u201c zu aktivieren.<\/li><li> Gehen Sie danach zur Registerkarte \u201eAnalysieren\u201c. <br><img loading=\"lazy\" decoding=\"async\" title=\"1-Go-to-analyze-Registerkarte\" src=\"https:\/\/exceladvisor.org\/wp-content\/uploads\/2023\/08\/1-allez-dans-longlet-analyse.png\" sizes=\"auto, \" srcset=\"\" alt=\"go-to-analyze-tab\" width=\"739\" height=\"131\"><\/li><li> Hier m\u00fcssen Sie unter Daten auf die Option \u201eDatenquelle \u00e4ndern\u201c klicken. <br><img loading=\"lazy\" decoding=\"async\" title=\"Option 2 \u2013 Datenquelle \u00e4ndern\" src=\"https:\/\/exceladvisor.org\/wp-content\/uploads\/2023\/08\/2-option-de-changement-de-source-de-donnees.png\" sizes=\"auto, \" srcset=\"\" alt=\"change-data-source-option\" width=\"1025\" height=\"162\"><\/li><li> Jetzt erhalten Sie ein Dialogfeld \u201ePivotTable-Datenquelle \u00e4ndern\u201c wie unten. <br><img loading=\"lazy\" decoding=\"async\" title=\"3-Pivot-Tabellen-Datenquelle \u00e4ndern\" src=\"https:\/\/exceladvisor.org\/wp-content\/uploads\/2023\/08\/3-changer-la-source-de-donnees-du-tableau-croise-dynamique.png\" sizes=\"auto, \" srcset=\"\" alt=\"change-pivot-table-data-source\" width=\"700\" height=\"240\"><\/li><li> Hier in diesem Beispiel ist der Datenbereich der Pivot-Tabelle <strong>Sheet1!$A$1:$F$8,<\/strong> was bedeutet, dass die Zeilen A9 bis A13 nicht in der Pivot-Tabelle enthalten sind.<\/li><li> W\u00e4hlen Sie nun die vollst\u00e4ndigen Daten aus, z <strong>. B. Sheet1!$A$1:$F$13<\/strong> , oder verwenden Sie den Tabellennamensbereich, um Ihre Pivot-Tabelle\/Datenquelle zu aktualisieren.<\/li><li> Klicken Sie abschlie\u00dfend auf OK, um die Datenquelle zu aktualisieren.<\/li><\/ol><p> Dar\u00fcber hinaus k\u00f6nnen Sie auch die Tastenkombination Alt \u21e2 J \u21e2 T \u21e2 I \u21e2 D verwenden, um das Dialogfeld \u201ePivotTable-Datenquelle bearbeiten\u201c direkt zu \u00f6ffnen.<\/p><p class=\"tips\"> Konvertieren Sie die Quelldaten immer in eine Excel-Tabelle, indem Sie die <a href=\"https:\/\/exceladvisor.org\/de\/tastaturkurzel\/\">Tastenkombination Strg+T dr\u00fccken.<\/a><\/p><p> Dadurch ist es nicht notwendig, Ihre Datenquelle immer wieder zu aktualisieren. Durch einfaches Aktualisieren der Pivot-Tabelle wird der Datenbereich aktualisiert. <\/p><div class=\"wp-block-group main-page-bottom is-layout-flow\"><div class=\"wp-block-group__inner-container\"><h2 class=\"wp-block-heading\"> Weitere PivotTable-Tutorials <\/h2><div class=\"wp-block-columns is-layout-flex wp-container-20\"><div class=\"wp-block-column is-layout-flow\"><ul><li> <a href=\"https:\/\/exceladvisor.org\/de\/hinzufugen-gesamtsumme-loschen\/\">Gesamtsumme in einer Pivot-Tabelle hinzuf\u00fcgen oder entfernen<\/a><\/li><li> <a href=\"https:\/\/exceladvisor.org\/de\/kumulative-gesamt\/\">F\u00fcgen Sie einer Pivot-Tabelle eine laufende Summe hinzu<\/a><\/li><li> <a href=\"https:\/\/exceladvisor.org\/de\/automatischer-aktualisierungsbereich\/\">Aktualisieren Sie eine Pivot-Tabelle automatisch<\/a><\/li><li> <a href=\"https:\/\/exceladvisor.org\/de\/berechnung-in-der-pivot-tabelle\/\">Formeln in einer Pivot-Tabelle (berechnetes Feld und Element)<\/a><\/li><\/ul><\/div><div class=\"wp-block-column is-layout-flow\"><ul><li> <a href=\"https:\/\/exceladvisor.org\/de\/gruppentermine\/\">Gruppieren Sie Daten in einem Pivot in Excel<\/a><\/li><li> <a href=\"https:\/\/exceladvisor.org\/de\/verknupfen-sie-den-slicer-mit-mehreren-pivot-tabellen\/\">Verbinden Sie einen einzelnen Slicer mit mehreren Pivot-Tabellen in Excel<\/a><\/li><li> <a href=\"https:\/\/exceladvisor.org\/de\/bewegen-sie-den-pivot-tisch\/\">Verschieben Sie eine PivotTable in Excel<\/a><\/li><li> <a href=\"https:\/\/exceladvisor.org\/de\/layout\/\">PivotTables in Excel formatieren<\/a><\/li><\/ul><\/div><\/div><p> \u21e0 Zur\u00fcck zum <a href=\"https:\/\/exceladvisor.org\/de\/pivot-tisch\/\"><strong>Pivot-Table-Tutorial<\/strong><\/a><\/p><\/div><\/div>","protected":false},"excerpt":{"rendered":"","protected":false},"author":1,"featured_media":0,"parent":0,"menu_order":0,"comment_status":"open","ping_status":"closed","template":"","meta":{"ub_ctt_via":"","footnotes":""},"class_list":["post-3346","page","type-page","status-publish","hentry"],"featured_image_src":null,"yoast_head":"<!-- This site is optimized with the Yoast SEO plugin v25.4 - https:\/\/yoast.com\/wordpress\/plugins\/seo\/ -->\n<title>Wie \u00e4ndere ich die PivotTable-Datenquelle in Excel?<\/title>\n<meta name=\"description\" content=\"In diesem Tutorial erfahren Sie, wie Sie die Datenquelle der Pivot-Tabelle \u00e4ndern.\" \/>\n<meta name=\"robots\" content=\"index, follow, max-snippet:-1, max-image-preview:large, max-video-preview:-1\" \/>\n<link rel=\"canonical\" href=\"https:\/\/exceladvisor.org\/de\/datenquelle-andern\/\" \/>\n<meta property=\"og:locale\" content=\"de_DE\" \/>\n<meta property=\"og:type\" content=\"article\" \/>\n<meta property=\"og:title\" content=\"Wie \u00e4ndere ich die PivotTable-Datenquelle in Excel?\" \/>\n<meta property=\"og:description\" content=\"In diesem Tutorial erfahren Sie, wie Sie die Datenquelle der Pivot-Tabelle \u00e4ndern.\" \/>\n<meta property=\"og:url\" content=\"https:\/\/exceladvisor.org\/de\/datenquelle-andern\/\" \/>\n<meta property=\"og:site_name\" content=\"Excel Advisor\" \/>\n<meta property=\"article:modified_time\" content=\"2023-12-03T11:13:43+00:00\" \/>\n<meta property=\"og:image\" content=\"https:\/\/exceladvisor.org\/wp-content\/uploads\/2023\/08\/1-allez-dans-longlet-analyse.png\" \/>\n<meta name=\"twitter:card\" content=\"summary_large_image\" \/>\n<meta name=\"twitter:label1\" content=\"Gesch\u00e4tzte Lesezeit\" \/>\n\t<meta name=\"twitter:data1\" content=\"1\u00a0Minute\" \/>\n<script type=\"application\/ld+json\" class=\"yoast-schema-graph\">{\"@context\":\"https:\/\/schema.org\",\"@graph\":[{\"@type\":\"WebPage\",\"@id\":\"https:\/\/exceladvisor.org\/de\/datenquelle-andern\/\",\"url\":\"https:\/\/exceladvisor.org\/de\/datenquelle-andern\/\",\"name\":\"Wie \u00e4ndere ich die PivotTable-Datenquelle in Excel?\",\"isPartOf\":{\"@id\":\"https:\/\/exceladvisor.org\/de\/#website\"},\"primaryImageOfPage\":{\"@id\":\"https:\/\/exceladvisor.org\/de\/datenquelle-andern\/#primaryimage\"},\"image\":{\"@id\":\"https:\/\/exceladvisor.org\/de\/datenquelle-andern\/#primaryimage\"},\"thumbnailUrl\":\"https:\/\/exceladvisor.org\/wp-content\/uploads\/2023\/08\/1-allez-dans-longlet-analyse.png\",\"datePublished\":\"2023-10-31T06:42:12+00:00\",\"dateModified\":\"2023-12-03T11:13:43+00:00\",\"description\":\"In diesem Tutorial erfahren Sie, wie Sie die Datenquelle der Pivot-Tabelle \u00e4ndern.\",\"breadcrumb\":{\"@id\":\"https:\/\/exceladvisor.org\/de\/datenquelle-andern\/#breadcrumb\"},\"inLanguage\":\"de\",\"potentialAction\":[{\"@type\":\"ReadAction\",\"target\":[\"https:\/\/exceladvisor.org\/de\/datenquelle-andern\/\"]}]},{\"@type\":\"ImageObject\",\"inLanguage\":\"de\",\"@id\":\"https:\/\/exceladvisor.org\/de\/datenquelle-andern\/#primaryimage\",\"url\":\"https:\/\/exceladvisor.org\/wp-content\/uploads\/2023\/08\/1-allez-dans-longlet-analyse.png\",\"contentUrl\":\"https:\/\/exceladvisor.org\/wp-content\/uploads\/2023\/08\/1-allez-dans-longlet-analyse.png\"},{\"@type\":\"BreadcrumbList\",\"@id\":\"https:\/\/exceladvisor.org\/de\/datenquelle-andern\/#breadcrumb\",\"itemListElement\":[{\"@type\":\"ListItem\",\"position\":1,\"name\":\"Accueil\",\"item\":\"https:\/\/exceladvisor.org\/de\/\"},{\"@type\":\"ListItem\",\"position\":2,\"name\":\"Wie \u00e4ndere ich die pivottable-datenquelle?\"}]},{\"@type\":\"WebSite\",\"@id\":\"https:\/\/exceladvisor.org\/de\/#website\",\"url\":\"https:\/\/exceladvisor.org\/de\/\",\"name\":\"Excel Advisor\",\"description\":\"Ihr Leitfaden zur Datendominanz\",\"publisher\":{\"@id\":\"https:\/\/exceladvisor.org\/de\/#organization\"},\"potentialAction\":[{\"@type\":\"SearchAction\",\"target\":{\"@type\":\"EntryPoint\",\"urlTemplate\":\"https:\/\/exceladvisor.org\/de\/?s={search_term_string}\"},\"query-input\":{\"@type\":\"PropertyValueSpecification\",\"valueRequired\":true,\"valueName\":\"search_term_string\"}}],\"inLanguage\":\"de\"},{\"@type\":\"Organization\",\"@id\":\"https:\/\/exceladvisor.org\/de\/#organization\",\"name\":\"Excel Advisor\",\"url\":\"https:\/\/exceladvisor.org\/de\/\",\"logo\":{\"@type\":\"ImageObject\",\"inLanguage\":\"de\",\"@id\":\"https:\/\/exceladvisor.org\/de\/#\/schema\/logo\/image\/\",\"url\":\"https:\/\/exceladvisor.org\/de\/wp-content\/uploads\/2023\/11\/exceladvisor.org_.png\",\"contentUrl\":\"https:\/\/exceladvisor.org\/de\/wp-content\/uploads\/2023\/11\/exceladvisor.org_.png\",\"width\":105,\"height\":36,\"caption\":\"Excel Advisor\"},\"image\":{\"@id\":\"https:\/\/exceladvisor.org\/de\/#\/schema\/logo\/image\/\"}}]}<\/script>\n<!-- \/ Yoast SEO plugin. -->","yoast_head_json":{"title":"Wie \u00e4ndere ich die PivotTable-Datenquelle in Excel?","description":"In diesem Tutorial erfahren Sie, wie Sie die Datenquelle der Pivot-Tabelle \u00e4ndern.","robots":{"index":"index","follow":"follow","max-snippet":"max-snippet:-1","max-image-preview":"max-image-preview:large","max-video-preview":"max-video-preview:-1"},"canonical":"https:\/\/exceladvisor.org\/de\/datenquelle-andern\/","og_locale":"de_DE","og_type":"article","og_title":"Wie \u00e4ndere ich die PivotTable-Datenquelle in Excel?","og_description":"In diesem Tutorial erfahren Sie, wie Sie die Datenquelle der Pivot-Tabelle \u00e4ndern.","og_url":"https:\/\/exceladvisor.org\/de\/datenquelle-andern\/","og_site_name":"Excel Advisor","article_modified_time":"2023-12-03T11:13:43+00:00","og_image":[{"url":"https:\/\/exceladvisor.org\/wp-content\/uploads\/2023\/08\/1-allez-dans-longlet-analyse.png","type":"","width":"","height":""}],"twitter_card":"summary_large_image","twitter_misc":{"Gesch\u00e4tzte Lesezeit":"1\u00a0Minute"},"schema":{"@context":"https:\/\/schema.org","@graph":[{"@type":"WebPage","@id":"https:\/\/exceladvisor.org\/de\/datenquelle-andern\/","url":"https:\/\/exceladvisor.org\/de\/datenquelle-andern\/","name":"Wie \u00e4ndere ich die PivotTable-Datenquelle in Excel?","isPartOf":{"@id":"https:\/\/exceladvisor.org\/de\/#website"},"primaryImageOfPage":{"@id":"https:\/\/exceladvisor.org\/de\/datenquelle-andern\/#primaryimage"},"image":{"@id":"https:\/\/exceladvisor.org\/de\/datenquelle-andern\/#primaryimage"},"thumbnailUrl":"https:\/\/exceladvisor.org\/wp-content\/uploads\/2023\/08\/1-allez-dans-longlet-analyse.png","datePublished":"2023-10-31T06:42:12+00:00","dateModified":"2023-12-03T11:13:43+00:00","description":"In diesem Tutorial erfahren Sie, wie Sie die Datenquelle der Pivot-Tabelle \u00e4ndern.","breadcrumb":{"@id":"https:\/\/exceladvisor.org\/de\/datenquelle-andern\/#breadcrumb"},"inLanguage":"de","potentialAction":[{"@type":"ReadAction","target":["https:\/\/exceladvisor.org\/de\/datenquelle-andern\/"]}]},{"@type":"ImageObject","inLanguage":"de","@id":"https:\/\/exceladvisor.org\/de\/datenquelle-andern\/#primaryimage","url":"https:\/\/exceladvisor.org\/wp-content\/uploads\/2023\/08\/1-allez-dans-longlet-analyse.png","contentUrl":"https:\/\/exceladvisor.org\/wp-content\/uploads\/2023\/08\/1-allez-dans-longlet-analyse.png"},{"@type":"BreadcrumbList","@id":"https:\/\/exceladvisor.org\/de\/datenquelle-andern\/#breadcrumb","itemListElement":[{"@type":"ListItem","position":1,"name":"Accueil","item":"https:\/\/exceladvisor.org\/de\/"},{"@type":"ListItem","position":2,"name":"Wie \u00e4ndere ich die pivottable-datenquelle?"}]},{"@type":"WebSite","@id":"https:\/\/exceladvisor.org\/de\/#website","url":"https:\/\/exceladvisor.org\/de\/","name":"Excel Advisor","description":"Ihr Leitfaden zur Datendominanz","publisher":{"@id":"https:\/\/exceladvisor.org\/de\/#organization"},"potentialAction":[{"@type":"SearchAction","target":{"@type":"EntryPoint","urlTemplate":"https:\/\/exceladvisor.org\/de\/?s={search_term_string}"},"query-input":{"@type":"PropertyValueSpecification","valueRequired":true,"valueName":"search_term_string"}}],"inLanguage":"de"},{"@type":"Organization","@id":"https:\/\/exceladvisor.org\/de\/#organization","name":"Excel Advisor","url":"https:\/\/exceladvisor.org\/de\/","logo":{"@type":"ImageObject","inLanguage":"de","@id":"https:\/\/exceladvisor.org\/de\/#\/schema\/logo\/image\/","url":"https:\/\/exceladvisor.org\/de\/wp-content\/uploads\/2023\/11\/exceladvisor.org_.png","contentUrl":"https:\/\/exceladvisor.org\/de\/wp-content\/uploads\/2023\/11\/exceladvisor.org_.png","width":105,"height":36,"caption":"Excel Advisor"},"image":{"@id":"https:\/\/exceladvisor.org\/de\/#\/schema\/logo\/image\/"}}]}},"yoast_meta":{"yoast_wpseo_title":"","yoast_wpseo_metadesc":"","yoast_wpseo_canonical":""},"_links":{"self":[{"href":"https:\/\/exceladvisor.org\/de\/wp-json\/wp\/v2\/pages\/3346","targetHints":{"allow":["GET"]}}],"collection":[{"href":"https:\/\/exceladvisor.org\/de\/wp-json\/wp\/v2\/pages"}],"about":[{"href":"https:\/\/exceladvisor.org\/de\/wp-json\/wp\/v2\/types\/page"}],"author":[{"embeddable":true,"href":"https:\/\/exceladvisor.org\/de\/wp-json\/wp\/v2\/users\/1"}],"replies":[{"embeddable":true,"href":"https:\/\/exceladvisor.org\/de\/wp-json\/wp\/v2\/comments?post=3346"}],"version-history":[{"count":1,"href":"https:\/\/exceladvisor.org\/de\/wp-json\/wp\/v2\/pages\/3346\/revisions"}],"predecessor-version":[{"id":3852,"href":"https:\/\/exceladvisor.org\/de\/wp-json\/wp\/v2\/pages\/3346\/revisions\/3852"}],"wp:attachment":[{"href":"https:\/\/exceladvisor.org\/de\/wp-json\/wp\/v2\/media?parent=3346"}],"curies":[{"name":"wp","href":"https:\/\/api.w.org\/{rel}","templated":true}]}}