{"id":3347,"date":"2023-10-31T04:19:27","date_gmt":"2023-10-31T04:19:27","guid":{"rendered":"https:\/\/exceladvisor.org\/de\/grenze\/"},"modified":"2023-12-03T11:20:49","modified_gmt":"2023-12-03T11:20:49","slug":"grenze","status":"publish","type":"page","link":"https:\/\/exceladvisor.org\/de\/grenze\/","title":{"rendered":"Wie f\u00fcge ich einen rahmen in excel hinzu?"},"content":{"rendered":"<div class=\"excel-vor-dem-inhalt\" id=\"excel-2373589077\"><script type=\"text\/javascript\">\r\n\tatOptions = {\r\n\t\t'key' : 'c1158f160081d6540a8409e6925dab94',\r\n\t\t'format' : 'iframe',\r\n\t\t'height' : 250,\r\n\t\t'width' : 300,\r\n\t\t'params' : {}\r\n\t};\r\n<\/script>\r\n<script type=\"text\/javascript\" src=\"\/\/www.highperformanceformat.com\/c1158f160081d6540a8409e6925dab94\/invoke.js\"><\/script><\/div> <p>In Excel ist ein Rahmen wie eine vierseitige Linie, die um die Zelle oder den Zellbereich herum hinzugef\u00fcgt wird. Es wird verwendet, um einen bestimmten Bereich hervorzuheben und ihn von den \u00fcbrigen Werten im Arbeitsblatt zu trennen.<\/p><p> Das Einf\u00fcgen einer Umrandung lenkt die Aufmerksamkeit des Lesers auf den jeweiligen Abschnitt und steigert so sein Interesse daran.<\/p><p> In diesem Tutorial werden wir uns mit M\u00f6glichkeiten zum Hinzuf\u00fcgen von Rahmen und ihren verschiedenen Typen in Excel befassen.<\/p><h2 class=\"wp-block-heading\"> Schritte zum Anwenden von Rahmen auf eine Zelle in Excel<\/h2><ol><li> W\u00e4hlen Sie zun\u00e4chst die Zelle oder Zellgruppe aus, der Sie einen Rahmen in Ihrem Arbeitsblatt hinzuf\u00fcgen m\u00f6chten. <br><img loading=\"lazy\" decoding=\"async\" title=\"1-Zellen ausw\u00e4hlen\" src=\"https:\/\/exceladvisor.org\/wp-content\/uploads\/2023\/08\/1-selectionner-des-cellules.png\" sizes=\"auto, \" srcset=\"\" alt=\"select-cells\" width=\"429\" height=\"261\"><\/li><li> Gehen Sie als N\u00e4chstes zur Registerkarte \u201eStartseite\u201c und klicken Sie in der Gruppe \u201eSchriftart\u201c auf die Rahmenschaltfl\u00e4che, die sich direkt neben den Optionen \u201eFett\u201c, \u201eKursiv\u201c und \u201eUnterstrichen\u201c befindet. <br><img loading=\"lazy\" decoding=\"async\" title=\"2-Home-Tab-Schriftgruppe\" src=\"https:\/\/exceladvisor.org\/wp-content\/uploads\/2023\/08\/2-groupe-de-polices-de-longlet-daccueil.png\" sizes=\"auto, \" srcset=\"\" alt=\"home-tab-font-group\" width=\"427\" height=\"326\"><\/li><li> Sobald Sie auf den Dropdown-Pfeil der Schaltfl\u00e4che \u201eRahmen\u201c klicken, wird die Liste der Rahmen angezeigt. <br><img loading=\"lazy\" decoding=\"async\" title=\"3-Liste der Grenzen\" src=\"https:\/\/exceladvisor.org\/wp-content\/uploads\/2023\/08\/3-liste-des-frontieres.png\" sizes=\"auto, \" srcset=\"\" alt=\"list-of-borders\" width=\"231\" height=\"532\"><\/li><li> W\u00e4hlen Sie nun eine aus der Liste aus, die Sie um die ausgew\u00e4hlten Zellen herum anwenden m\u00f6chten.<\/li><\/ol><h2 class=\"wp-block-heading\"> Arten von Rahmen in Excel<\/h2><p> Hier entdecken Sie die verschiedenen Grenzen, die in <strong>4 Abschnitte<\/strong> unterteilt sind. <\/p><div class=\"wp-block-image\"><figure class=\"aligncenter size-full is-resized\"><img loading=\"lazy\" decoding=\"async\" class=\"wp-image-77614\" src=\"https:\/\/exceladvisor.org\/wp-content\/uploads\/2023\/08\/4-sections-de-bordure-differentes.png\" sizes=\"auto, \" srcset=\"\" alt=\"Verschiedene Grenzabschnitte\" width=\"271\" height=\"183\"><\/figure><\/div><p> Im ersten Abschnitt gibt es einen unteren, oberen, linken und rechten Rand. Mithilfe dieser R\u00e4nder k\u00f6nnen Sie nur einen Seitenrand um eine oder mehrere Zellen anwenden.<\/p><p> Um es auf die ausgew\u00e4hlten Werte anzuwenden, klicken Sie einfach auf einen beliebigen Rahmentyp. Im folgenden Beispiel sehen Sie den <strong>unteren Rand<\/strong> <strong>unterhalb der Skala<\/strong> . <\/p><div class=\"wp-block-image\"><figure class=\"aligncenter size-full is-resized\"><img loading=\"lazy\" decoding=\"async\" class=\"wp-image-77615\" src=\"https:\/\/exceladvisor.org\/wp-content\/uploads\/2023\/08\/5-bordure-inferieure-sous-echelle.png\" sizes=\"auto, \" srcset=\"\" alt=\"untere-Grenze-Subskala\" width=\"373\" height=\"152\"><\/figure><\/div><p> Der zweite Abschnitt hat keinen Rand, alle Optionen f\u00fcr Rand, Au\u00dfenrand und dicken Au\u00dfenrand. Sie k\u00f6nnen den Rand der ausgew\u00e4hlten Zelle ganz einfach entfernen, indem Sie auf die Option \u201eRandlos\u201c klicken. <\/p><div class=\"wp-block-image\"><figure class=\"aligncenter size-full is-resized\"><img loading=\"lazy\" decoding=\"async\" class=\"wp-image-77616\" src=\"https:\/\/exceladvisor.org\/wp-content\/uploads\/2023\/08\/6-pas-de-section-de-bordure.png\" sizes=\"auto, \" srcset=\"\" alt=\"randloser Abschnitt\" width=\"312\" height=\"170\"><\/figure><\/div><p> Als N\u00e4chstes haben Sie die M\u00f6glichkeit, an allen vier Seiten der ausgew\u00e4hlten Zellen einen Rahmen hinzuzuf\u00fcgen. Aber bei allen R\u00e4ndern trennen die Randlinien die Zelle nacheinander, wie im Bild unten gezeigt. <\/p><div class=\"wp-block-image\"><figure class=\"aligncenter size-full is-resized\"><img loading=\"lazy\" decoding=\"async\" class=\"wp-image-77617\" src=\"https:\/\/exceladvisor.org\/wp-content\/uploads\/2023\/08\/7-option-pour-ajouter-une-bordure-a-tous-les-cotes.png\" sizes=\"auto, \" srcset=\"\" alt=\"Option zum Hinzuf\u00fcgen eines Randes auf allen Seiten\" width=\"476\" height=\"209\"><\/figure><\/div><p> Der dritte Abschnitt enth\u00e4lt viele untere R\u00e4nder. Zum Beispiel doppelter unterer Rand, dicker Boden, oberer und unterer Rand, dicker oberer und unterer Rand und oberer und doppelter unterer Rand. <\/p><div class=\"wp-block-image\"><figure class=\"aligncenter size-full is-resized\"><img loading=\"lazy\" decoding=\"async\" class=\"wp-image-77618\" src=\"https:\/\/exceladvisor.org\/wp-content\/uploads\/2023\/08\/8-nombreuses-bordures-inferieures.png\" sizes=\"auto, \" srcset=\"\" alt=\"mehrere untere R\u00e4nder\" width=\"300\" height=\"198\"><\/figure><\/div><p> Mit diesen Optionen k\u00f6nnen Sie wichtige Texte oder Titel hervorheben oder unterstreichen. <\/p><div class=\"wp-block-image\"><figure class=\"aligncenter size-full is-resized\"><img loading=\"lazy\" decoding=\"async\" class=\"wp-image-77619\" src=\"https:\/\/exceladvisor.org\/wp-content\/uploads\/2023\/08\/9-titres-phares.png\" sizes=\"auto, \" srcset=\"\" alt=\"Highlights\" width=\"440\" height=\"134\"><\/figure><\/div><h2 class=\"wp-block-heading\"> Zeichne den Rand<\/h2><p> Im letzten Abschnitt haben Sie die M\u00f6glichkeit, den gew\u00fcnschten Rahmen mithilfe von Zeichenwerkzeugen anzupassen oder zu erstellen. Sie k\u00f6nnen hiermit auch den bestehenden Rand bearbeiten. <\/p><div class=\"wp-block-image\"><figure class=\"aligncenter size-full is-resized\"><img loading=\"lazy\" decoding=\"async\" class=\"wp-image-77620\" src=\"https:\/\/exceladvisor.org\/wp-content\/uploads\/2023\/08\/10-dessiner-la-bordure1.png\" sizes=\"auto, \" srcset=\"\" alt=\"Rand zeichnen\" width=\"286\" height=\"228\"><\/figure><\/div><ol><li> <strong>Rahmen zeichnen:<\/strong> Sobald Sie auf die Option \u201eRahmen zeichnen\u201c klicken, wird Ihr Cursor in einen Zeichenstift umgewandelt. Klicken Sie nun auf die Zelle und ziehen Sie die linke Maustaste, um den Rahmen einzuf\u00fcgen. Es wendet R\u00e4nder in beide Richtungen horizontal und vertikal an. <br><img loading=\"lazy\" decoding=\"async\" title=\"11-Cursor-im-Bleistift\" src=\"https:\/\/exceladvisor.org\/wp-content\/uploads\/2023\/08\/11-curseur-dans-le-crayon.png\" sizes=\"auto, \" srcset=\"\" alt=\"cursor-into-pencil\" width=\"288\" height=\"227\"><\/li><li> <strong>Rahmengitter zeichnen:<\/strong> Wie der Name schon sagt, wird es auch zum Zeichnen eines Rahmens um ausgew\u00e4hlte Zellen verwendet. Der Hauptunterschied zwischen \u201eDraw Border\u201c und \u201eDraw Border Grid\u201c besteht jedoch darin, dass Border Grid Grenzen in Gitterform zeichnet (\u00fcber mehrere Zellen hinweg). <br><img loading=\"lazy\" decoding=\"async\" title=\"12 Design-Randgitter\" src=\"https:\/\/exceladvisor.org\/wp-content\/uploads\/2023\/08\/Grille-de-bordure-a-12-tirages.png\" sizes=\"auto, \" srcset=\"\" alt=\"draw-border-grid\" width=\"423\" height=\"188\"><\/li><li> <strong>Rand l\u00f6schen:<\/strong> Mit dem Radiergummi k\u00f6nnen Sie unerw\u00fcnschte Randlinien aus Ihren Zellen l\u00f6schen. Um den Rand zu l\u00f6schen, ziehen Sie einfach den Radierer \u00fcber die Linie, um ihn zu entfernen. <br><img loading=\"lazy\" decoding=\"async\" title=\"13-klarer Rand\" src=\"https:\/\/exceladvisor.org\/wp-content\/uploads\/2023\/08\/13-effacer-la-bordure.png\" sizes=\"auto, \" srcset=\"\" alt=\"erase-border\" width=\"457\" height=\"153\"><\/li><li> <strong>Linienfarbe:<\/strong> Das Erstaunlichste ist, dass Sie auch die Rahmenfarbe \u00e4ndern k\u00f6nnen, um sie attraktiver zu gestalten. Wenn Sie auf die Zeilenfarbe klicken, \u00f6ffnet sich das Popup-Fenster mit verschiedenen Farben. Wenn Sie jemanden ausgew\u00e4hlt haben, zeichnen Sie mit dem Bleistift den farbigen Rand. <br><img loading=\"lazy\" decoding=\"async\" title=\"14 farbige Linien\" src=\"https:\/\/exceladvisor.org\/wp-content\/uploads\/2023\/08\/14-lignes-de-couleur.png\" sizes=\"auto, \" srcset=\"\" alt=\"line-color\" width=\"428\" height=\"178\"><\/li><li> <strong>Linienstil:<\/strong> Um den Rahmenstil zu \u00e4ndern, klicken Sie auf den Linienstil und w\u00e4hlen Sie einen der folgenden Stile aus. <br><img loading=\"lazy\" decoding=\"async\" title=\"15-zeiliger Stil\" src=\"https:\/\/exceladvisor.org\/wp-content\/uploads\/2023\/08\/Style-15-lignes.png\" sizes=\"auto, \" srcset=\"\" alt=\"line-style\" width=\"257\" height=\"145\"><\/li><\/ol><h2 class=\"wp-block-heading\"> Erweiterte Randoptionen<\/h2><p> W\u00e4hlen Sie erweiterte Rahmen f\u00fcr Ihre ausgew\u00e4hlten Zellen. Folgen Sie den unteren Schritten:<\/p><ol><li> Gehen Sie zun\u00e4chst zur Option \u201eWeitere Rahmen\u201c, die sich am Ende der Rahmenliste befindet.<\/li><li> Wenn Sie darauf klicken, wird ein neues Dialogfeld mit dem Namen \u201e <strong>Zellen formatieren<\/strong> \u201c ge\u00f6ffnet. <br><img loading=\"lazy\" decoding=\"async\" title=\"16 erweiterte Randoptionen\" src=\"https:\/\/exceladvisor.org\/wp-content\/uploads\/2023\/08\/16-options-de-bordure-avancees.png\" sizes=\"auto, \" srcset=\"\" alt=\"advanced-border-options\" width=\"526\" height=\"514\"><\/li><li> Hier haben Sie weitere Randoptionen zum Einf\u00fcgen auf dem Blatt.<\/li><li> Und sobald Sie eine bestimmte Voreinstellung ausgew\u00e4hlt haben, wird Ihnen auch angezeigt, wie diese nach der Anwendung in der Box aussieht. <br><img loading=\"lazy\" decoding=\"async\" title=\"17-Border-Vorschau\" src=\"https:\/\/exceladvisor.org\/wp-content\/uploads\/2023\/08\/17-apercu-de-la-bordure.png\" sizes=\"auto, \" srcset=\"\" alt=\"border-preview\" width=\"524\" height=\"518\"><\/li><li> Klicken Sie abschlie\u00dfend auf \u201eOK\u201c, um den ausgew\u00e4hlten Zellbereich zu \u00fcbernehmen. <br><img loading=\"lazy\" decoding=\"async\" title=\"Applikation mit 18 R\u00e4ndern\" src=\"https:\/\/exceladvisor.org\/wp-content\/uploads\/2023\/08\/18-appliquer-les-bordures.png\" sizes=\"auto, \" srcset=\"\" alt=\"apply-borders\" width=\"475\" height=\"137\"><\/li><\/ol><h2 class=\"wp-block-heading\"> Entfernen Sie R\u00e4nder in Excel<\/h2><ol><li> Zuerst m\u00fcssen Sie nur den Bereich ausw\u00e4hlen, von dem Sie den Rand entfernen m\u00f6chten.<\/li><li> Gehen Sie als N\u00e4chstes zur Liste der R\u00e4nder und w\u00e4hlen Sie dort die Option \u201eKein Rand\u201c. <br><img loading=\"lazy\" decoding=\"async\" title=\"19-Grenzen entfernen\" src=\"https:\/\/exceladvisor.org\/wp-content\/uploads\/2023\/08\/19-supprimer-les-bordures.png\" sizes=\"auto, \" srcset=\"\" alt=\"remove-borders\" width=\"504\" height=\"212\"><\/li><li> Jetzt verschwinden die Randlinien um die ausgew\u00e4hlten Zellen. <br><img loading=\"lazy\" decoding=\"async\" title=\"20-Grenzlinien-entfernt1\" src=\"https:\/\/exceladvisor.org\/wp-content\/uploads\/2023\/08\/20-lignes-de-bordure-supprimees1.png\" sizes=\"auto, \" srcset=\"\" alt=\"border-lines-removed\" width=\"438\" height=\"123\"><\/li><\/ol><h2 class=\"wp-block-heading\"> Verkn\u00fcpfung zum Hinzuf\u00fcgen eines Rahmens<\/h2><p> Es gibt eine andere M\u00f6glichkeit, mithilfe der Verkn\u00fcpfung einen Rahmen hinzuzuf\u00fcgen. Bevor Sie die Verkn\u00fcpfung verwenden, m\u00fcssen Sie jedoch zun\u00e4chst den Bereich ausw\u00e4hlen, in den Sie den Rahmen einf\u00fcgen m\u00f6chten.<\/p><p> Dr\u00fccken Sie dann gleichzeitig ALT \u21e2 H \u21e2 B. Sobald Sie dies getan haben, erhalten Sie die Liste der R\u00e4nder. Dar\u00fcber hinaus gibt es spezielle Optionen zum Festlegen beliebiger Rahmentypen f\u00fcr eine Zelle oder einen Bereich. <\/p><div class=\"wp-block-image\"><figure class=\"aligncenter size-full is-resized\"><img loading=\"lazy\" decoding=\"async\" class=\"wp-image-77631\" src=\"https:\/\/exceladvisor.org\/wp-content\/uploads\/2023\/08\/21-raccourci-pour-ajouter-des-bordures.png\" sizes=\"auto, \" srcset=\"\" alt=\"Verkn\u00fcpfung zum Hinzuf\u00fcgen von R\u00e4ndern\" width=\"395\" height=\"589\"><\/figure><\/div><p> Sie m\u00f6chten den unteren Rand dick einstellen und die Tastenkombination hierf\u00fcr ist H, wie Sie im Screenshot oben sehen. Dr\u00fccken Sie dann in diesem Fall ALT \u21e2 H \u21e2 B \u21e2 H, nachdem Sie die Daten ausgew\u00e4hlt haben. <\/p><div class=\"wp-block-image\"><figure class=\"aligncenter size-full is-resized\"><img loading=\"lazy\" decoding=\"async\" class=\"wp-image-77632\" src=\"https:\/\/exceladvisor.org\/wp-content\/uploads\/2023\/08\/22-bordure-inferieure-epaisse.png\" sizes=\"auto, \" srcset=\"\" alt=\"dicker unterer Rand\" width=\"521\" height=\"187\"><\/figure><\/div><div class=\"gb-container gb-container-4db6181c gb-container-mt\"> <a class=\"gb-button gb-button-c5897111 gb-button-text gb-button-mt-button\" href=\"https:\/\/exceladvisor.org\/de\/excel-grundlagen\/\">Microsoft Excel-Grundlagen (Komponenten, Teile und Wissenshinweise)<\/a><h2 class=\"gb-headline gb-headline-665e5f6b gb-headline-text gb-headline-mt-heading\"> Verwandte Tutorials <\/h2><div class=\"gb-grid-wrapper gb-grid-wrapper-a20baf7c gb-grid-wrapper-mt-grid\"><div class=\"gb-grid-column gb-grid-column-65ddf67e\"><div class=\"gb-container gb-container-65ddf67e\"><ul><li> <a href=\"https:\/\/exceladvisor.org\/de\/buchhaltungsnummernformat\/\">Wenden Sie das Buchhaltungsnummernformat in Excel an<\/a><\/li><li> <a href=\"https:\/\/exceladvisor.org\/de\/zellfarbe\/\">Wenden Sie eine Hintergrundfarbe auf eine Zelle oder das gesamte Blatt in Excel an<\/a><\/li><li> <a href=\"https:\/\/exceladvisor.org\/de\/das-gitter\/\">Excel-Gitternetzlinien drucken (l\u00f6schen, k\u00fcrzen und Farbe \u00e4ndern)<\/a><\/li><li> <a href=\"https:\/\/exceladvisor.org\/de\/fugen-sie-eine-seitenzahl-hinzu\/\">F\u00fcgen Sie in Excel eine Seitenzahl hinzu<\/a> <\/li><\/ul><\/div><\/div><div class=\"gb-grid-column gb-grid-column-50067b57\"><div class=\"gb-container gb-container-50067b57\"><\/div><\/div><\/div><\/div>","protected":false},"excerpt":{"rendered":"","protected":false},"author":1,"featured_media":0,"parent":0,"menu_order":0,"comment_status":"open","ping_status":"closed","template":"","meta":{"ub_ctt_via":"","footnotes":""},"class_list":["post-3347","page","type-page","status-publish","hentry"],"featured_image_src":null,"yoast_head":"<!-- This site is optimized with the Yoast SEO plugin v25.4 - https:\/\/yoast.com\/wordpress\/plugins\/seo\/ -->\n<title>\u25b7 Wie f\u00fcge ich einen Rahmen in Excel hinzu? (Tutorial 2023)<\/title>\n<meta name=\"description\" content=\"In diesem Tutorial erfahren Sie, wie Sie einen Rahmen auf eine Zelle oder mehrere Zellbereiche anwenden. Wir werden auch lernen\" \/>\n<meta name=\"robots\" content=\"index, follow, max-snippet:-1, max-image-preview:large, max-video-preview:-1\" \/>\n<link rel=\"canonical\" href=\"https:\/\/exceladvisor.org\/de\/grenze\/\" \/>\n<meta property=\"og:locale\" content=\"de_DE\" \/>\n<meta property=\"og:type\" content=\"article\" \/>\n<meta property=\"og:title\" content=\"\u25b7 Wie f\u00fcge ich einen Rahmen in Excel hinzu? (Tutorial 2023)\" \/>\n<meta property=\"og:description\" content=\"In diesem Tutorial erfahren Sie, wie Sie einen Rahmen auf eine Zelle oder mehrere Zellbereiche anwenden. Wir werden auch lernen\" \/>\n<meta property=\"og:url\" content=\"https:\/\/exceladvisor.org\/de\/grenze\/\" \/>\n<meta property=\"og:site_name\" content=\"Excel Advisor\" \/>\n<meta property=\"article:modified_time\" content=\"2023-12-03T11:20:49+00:00\" \/>\n<meta property=\"og:image\" content=\"https:\/\/exceladvisor.org\/wp-content\/uploads\/2023\/08\/1-selectionner-des-cellules.png\" \/>\n<meta name=\"twitter:card\" content=\"summary_large_image\" \/>\n<meta name=\"twitter:label1\" content=\"Gesch\u00e4tzte Lesezeit\" \/>\n\t<meta name=\"twitter:data1\" content=\"4\u00a0Minuten\" \/>\n<script type=\"application\/ld+json\" class=\"yoast-schema-graph\">{\"@context\":\"https:\/\/schema.org\",\"@graph\":[{\"@type\":\"WebPage\",\"@id\":\"https:\/\/exceladvisor.org\/de\/grenze\/\",\"url\":\"https:\/\/exceladvisor.org\/de\/grenze\/\",\"name\":\"\u25b7 Wie f\u00fcge ich einen Rahmen in Excel hinzu? (Tutorial 2023)\",\"isPartOf\":{\"@id\":\"https:\/\/exceladvisor.org\/de\/#website\"},\"primaryImageOfPage\":{\"@id\":\"https:\/\/exceladvisor.org\/de\/grenze\/#primaryimage\"},\"image\":{\"@id\":\"https:\/\/exceladvisor.org\/de\/grenze\/#primaryimage\"},\"thumbnailUrl\":\"https:\/\/exceladvisor.org\/wp-content\/uploads\/2023\/08\/1-selectionner-des-cellules.png\",\"datePublished\":\"2023-10-31T04:19:27+00:00\",\"dateModified\":\"2023-12-03T11:20:49+00:00\",\"description\":\"In diesem Tutorial erfahren Sie, wie Sie einen Rahmen auf eine Zelle oder mehrere Zellbereiche anwenden. Wir werden auch lernen\",\"breadcrumb\":{\"@id\":\"https:\/\/exceladvisor.org\/de\/grenze\/#breadcrumb\"},\"inLanguage\":\"de\",\"potentialAction\":[{\"@type\":\"ReadAction\",\"target\":[\"https:\/\/exceladvisor.org\/de\/grenze\/\"]}]},{\"@type\":\"ImageObject\",\"inLanguage\":\"de\",\"@id\":\"https:\/\/exceladvisor.org\/de\/grenze\/#primaryimage\",\"url\":\"https:\/\/exceladvisor.org\/wp-content\/uploads\/2023\/08\/1-selectionner-des-cellules.png\",\"contentUrl\":\"https:\/\/exceladvisor.org\/wp-content\/uploads\/2023\/08\/1-selectionner-des-cellules.png\"},{\"@type\":\"BreadcrumbList\",\"@id\":\"https:\/\/exceladvisor.org\/de\/grenze\/#breadcrumb\",\"itemListElement\":[{\"@type\":\"ListItem\",\"position\":1,\"name\":\"Accueil\",\"item\":\"https:\/\/exceladvisor.org\/de\/\"},{\"@type\":\"ListItem\",\"position\":2,\"name\":\"Wie f\u00fcge ich einen rahmen in excel hinzu?\"}]},{\"@type\":\"WebSite\",\"@id\":\"https:\/\/exceladvisor.org\/de\/#website\",\"url\":\"https:\/\/exceladvisor.org\/de\/\",\"name\":\"Excel Advisor\",\"description\":\"Ihr Leitfaden zur Datendominanz\",\"publisher\":{\"@id\":\"https:\/\/exceladvisor.org\/de\/#organization\"},\"potentialAction\":[{\"@type\":\"SearchAction\",\"target\":{\"@type\":\"EntryPoint\",\"urlTemplate\":\"https:\/\/exceladvisor.org\/de\/?s={search_term_string}\"},\"query-input\":{\"@type\":\"PropertyValueSpecification\",\"valueRequired\":true,\"valueName\":\"search_term_string\"}}],\"inLanguage\":\"de\"},{\"@type\":\"Organization\",\"@id\":\"https:\/\/exceladvisor.org\/de\/#organization\",\"name\":\"Excel Advisor\",\"url\":\"https:\/\/exceladvisor.org\/de\/\",\"logo\":{\"@type\":\"ImageObject\",\"inLanguage\":\"de\",\"@id\":\"https:\/\/exceladvisor.org\/de\/#\/schema\/logo\/image\/\",\"url\":\"https:\/\/exceladvisor.org\/de\/wp-content\/uploads\/2023\/11\/exceladvisor.org_.png\",\"contentUrl\":\"https:\/\/exceladvisor.org\/de\/wp-content\/uploads\/2023\/11\/exceladvisor.org_.png\",\"width\":105,\"height\":36,\"caption\":\"Excel Advisor\"},\"image\":{\"@id\":\"https:\/\/exceladvisor.org\/de\/#\/schema\/logo\/image\/\"}}]}<\/script>\n<!-- \/ Yoast SEO plugin. -->","yoast_head_json":{"title":"\u25b7 Wie f\u00fcge ich einen Rahmen in Excel hinzu? (Tutorial 2023)","description":"In diesem Tutorial erfahren Sie, wie Sie einen Rahmen auf eine Zelle oder mehrere Zellbereiche anwenden. Wir werden auch lernen","robots":{"index":"index","follow":"follow","max-snippet":"max-snippet:-1","max-image-preview":"max-image-preview:large","max-video-preview":"max-video-preview:-1"},"canonical":"https:\/\/exceladvisor.org\/de\/grenze\/","og_locale":"de_DE","og_type":"article","og_title":"\u25b7 Wie f\u00fcge ich einen Rahmen in Excel hinzu? (Tutorial 2023)","og_description":"In diesem Tutorial erfahren Sie, wie Sie einen Rahmen auf eine Zelle oder mehrere Zellbereiche anwenden. Wir werden auch lernen","og_url":"https:\/\/exceladvisor.org\/de\/grenze\/","og_site_name":"Excel Advisor","article_modified_time":"2023-12-03T11:20:49+00:00","og_image":[{"url":"https:\/\/exceladvisor.org\/wp-content\/uploads\/2023\/08\/1-selectionner-des-cellules.png","type":"","width":"","height":""}],"twitter_card":"summary_large_image","twitter_misc":{"Gesch\u00e4tzte Lesezeit":"4\u00a0Minuten"},"schema":{"@context":"https:\/\/schema.org","@graph":[{"@type":"WebPage","@id":"https:\/\/exceladvisor.org\/de\/grenze\/","url":"https:\/\/exceladvisor.org\/de\/grenze\/","name":"\u25b7 Wie f\u00fcge ich einen Rahmen in Excel hinzu? (Tutorial 2023)","isPartOf":{"@id":"https:\/\/exceladvisor.org\/de\/#website"},"primaryImageOfPage":{"@id":"https:\/\/exceladvisor.org\/de\/grenze\/#primaryimage"},"image":{"@id":"https:\/\/exceladvisor.org\/de\/grenze\/#primaryimage"},"thumbnailUrl":"https:\/\/exceladvisor.org\/wp-content\/uploads\/2023\/08\/1-selectionner-des-cellules.png","datePublished":"2023-10-31T04:19:27+00:00","dateModified":"2023-12-03T11:20:49+00:00","description":"In diesem Tutorial erfahren Sie, wie Sie einen Rahmen auf eine Zelle oder mehrere Zellbereiche anwenden. Wir werden auch lernen","breadcrumb":{"@id":"https:\/\/exceladvisor.org\/de\/grenze\/#breadcrumb"},"inLanguage":"de","potentialAction":[{"@type":"ReadAction","target":["https:\/\/exceladvisor.org\/de\/grenze\/"]}]},{"@type":"ImageObject","inLanguage":"de","@id":"https:\/\/exceladvisor.org\/de\/grenze\/#primaryimage","url":"https:\/\/exceladvisor.org\/wp-content\/uploads\/2023\/08\/1-selectionner-des-cellules.png","contentUrl":"https:\/\/exceladvisor.org\/wp-content\/uploads\/2023\/08\/1-selectionner-des-cellules.png"},{"@type":"BreadcrumbList","@id":"https:\/\/exceladvisor.org\/de\/grenze\/#breadcrumb","itemListElement":[{"@type":"ListItem","position":1,"name":"Accueil","item":"https:\/\/exceladvisor.org\/de\/"},{"@type":"ListItem","position":2,"name":"Wie f\u00fcge ich einen rahmen in excel hinzu?"}]},{"@type":"WebSite","@id":"https:\/\/exceladvisor.org\/de\/#website","url":"https:\/\/exceladvisor.org\/de\/","name":"Excel Advisor","description":"Ihr Leitfaden zur Datendominanz","publisher":{"@id":"https:\/\/exceladvisor.org\/de\/#organization"},"potentialAction":[{"@type":"SearchAction","target":{"@type":"EntryPoint","urlTemplate":"https:\/\/exceladvisor.org\/de\/?s={search_term_string}"},"query-input":{"@type":"PropertyValueSpecification","valueRequired":true,"valueName":"search_term_string"}}],"inLanguage":"de"},{"@type":"Organization","@id":"https:\/\/exceladvisor.org\/de\/#organization","name":"Excel Advisor","url":"https:\/\/exceladvisor.org\/de\/","logo":{"@type":"ImageObject","inLanguage":"de","@id":"https:\/\/exceladvisor.org\/de\/#\/schema\/logo\/image\/","url":"https:\/\/exceladvisor.org\/de\/wp-content\/uploads\/2023\/11\/exceladvisor.org_.png","contentUrl":"https:\/\/exceladvisor.org\/de\/wp-content\/uploads\/2023\/11\/exceladvisor.org_.png","width":105,"height":36,"caption":"Excel Advisor"},"image":{"@id":"https:\/\/exceladvisor.org\/de\/#\/schema\/logo\/image\/"}}]}},"yoast_meta":{"yoast_wpseo_title":"","yoast_wpseo_metadesc":"","yoast_wpseo_canonical":""},"_links":{"self":[{"href":"https:\/\/exceladvisor.org\/de\/wp-json\/wp\/v2\/pages\/3347","targetHints":{"allow":["GET"]}}],"collection":[{"href":"https:\/\/exceladvisor.org\/de\/wp-json\/wp\/v2\/pages"}],"about":[{"href":"https:\/\/exceladvisor.org\/de\/wp-json\/wp\/v2\/types\/page"}],"author":[{"embeddable":true,"href":"https:\/\/exceladvisor.org\/de\/wp-json\/wp\/v2\/users\/1"}],"replies":[{"embeddable":true,"href":"https:\/\/exceladvisor.org\/de\/wp-json\/wp\/v2\/comments?post=3347"}],"version-history":[{"count":1,"href":"https:\/\/exceladvisor.org\/de\/wp-json\/wp\/v2\/pages\/3347\/revisions"}],"predecessor-version":[{"id":4028,"href":"https:\/\/exceladvisor.org\/de\/wp-json\/wp\/v2\/pages\/3347\/revisions\/4028"}],"wp:attachment":[{"href":"https:\/\/exceladvisor.org\/de\/wp-json\/wp\/v2\/media?parent=3347"}],"curies":[{"name":"wp","href":"https:\/\/api.w.org\/{rel}","templated":true}]}}