{"id":3348,"date":"2023-10-31T03:53:22","date_gmt":"2023-10-31T03:53:22","guid":{"rendered":"https:\/\/exceladvisor.org\/de\/die-fensterladen-einfrieren\/"},"modified":"2023-12-03T11:20:21","modified_gmt":"2023-12-03T11:20:21","slug":"die-fensterladen-einfrieren","status":"publish","type":"page","link":"https:\/\/exceladvisor.org\/de\/die-fensterladen-einfrieren\/","title":{"rendered":"Wie friere ich fenster in excel ein?"},"content":{"rendered":"<div class=\"excel-vor-dem-inhalt\" id=\"excel-667279035\"><script type=\"text\/javascript\">\r\n\tatOptions = {\r\n\t\t'key' : 'c1158f160081d6540a8409e6925dab94',\r\n\t\t'format' : 'iframe',\r\n\t\t'height' : 250,\r\n\t\t'width' : 300,\r\n\t\t'params' : {}\r\n\t};\r\n<\/script>\r\n<script type=\"text\/javascript\" src=\"\/\/www.highperformanceformat.com\/c1158f160081d6540a8409e6925dab94\/invoke.js\"><\/script><\/div> <p>Mit der Option \u201eFenster einfrieren\u201c k\u00f6nnen Sie Zeilen und Spalten sperren, w\u00e4hrend Sie im Arbeitsblatt an eine beliebige Stelle scrollen. Bei der Arbeit mit Big Data ist es schwierig, diese miteinander zu vergleichen.<\/p><p> Sie k\u00f6nnen jedoch die Kopfzeile oder bestimmte Zeilen und Spalten einfrieren, damit sie immer oben sichtbar sind.<\/p><p> In diesem Tutorial m\u00f6chte ich die Schritte zum Einfrieren der obersten Zeile oder ersten Spalte und der entsprechenden Kombination von Zeilen und Spalten vorstellen.<\/p><h2 class=\"wp-block-heading\"> Schritte zum Einfrieren der obersten Zeile in Excel<\/h2><ol><li> W\u00e4hlen Sie zun\u00e4chst die \u201eKopfzeile\u201c aus, die Sie einfrieren m\u00f6chten.<\/li><li> Gehen Sie anschlie\u00dfend im Men\u00fcband auf die Registerkarte \u201eAnsicht\u201c und klicken Sie in der Gruppe \u201eFenster\u201c auf den Befehl \u201eFenster einfrieren\u201c. <br><img loading=\"lazy\" decoding=\"async\" title=\"1-Header zum Einfrieren\" src=\"https:\/\/exceladvisor.org\/wp-content\/uploads\/2023\/08\/1-en-tete-a-figer.png\" sizes=\"auto, \" srcset=\"\" alt=\"header-to-freeze\" width=\"979\" height=\"261\"><\/li><li> W\u00e4hlen Sie nun aus der Dropdown-Liste des Bereichs \u201eEinfrieren\u201c die Option \u201eObere Zeile einfrieren\u201c, um die Zeile zu sperren. <br><img loading=\"lazy\" decoding=\"async\" title=\"2-w\u00e4hle-frei-obere Reihe\" src=\"https:\/\/exceladvisor.org\/wp-content\/uploads\/2023\/08\/2-choisissez-la-rangee-superieure-libre.png\" sizes=\"auto, \" srcset=\"\" alt=\"choose-freeze-top-row\" width=\"393\" height=\"259\"><\/li><li> Hier sehen Sie unterhalb der Kopfzeile eine d\u00fcnne horizontale Linie, die anzeigt, dass der obere Bereich des Blattes gesperrt ist. <br><img loading=\"lazy\" decoding=\"async\" title=\"3 obere Reihen eingefroren\" src=\"https:\/\/exceladvisor.org\/wp-content\/uploads\/2023\/08\/3-rangees-du-haut-gelees.png\" sizes=\"auto, \" srcset=\"\" alt=\"top-row-freezed\" width=\"405\" height=\"194\"><\/li><\/ol><p> Die Tastenkombination ist Alt \u21e2 W \u21e2 F \u21e2 R, um die obere Zeile einzufrieren.<\/p><h2 class=\"wp-block-heading\"> Frieren Sie mehrere Zeilen oben in Excel ein<\/h2><p> Dabei k\u00f6nnen Sie je nach Bedarf auch mehrere Zeilen in der Tabelle einfrieren. Im Folgenden finden Sie die folgenden Schritte:<\/p><ol><li> Bewegen Sie zun\u00e4chst den Cursor \u00fcber die Zeilenkopfnummer der Zielzeile, um den Bereich dar\u00fcber einzufrieren. (Wenn Sie beispielsweise die ersten drei Zeilen einfrieren m\u00f6chten, m\u00fcssen Sie daf\u00fcr die <sup>4.<\/sup> Zeile ausw\u00e4hlen.)<\/li><li> Klicken Sie anschlie\u00dfend auf der Registerkarte \u201eAnsicht\u201c auf die Dropdown-Liste \u201eFenster einfrieren\u201c und w\u00e4hlen Sie die erste Option \u201eFenster sperren\u201c aus. <br><img loading=\"lazy\" decoding=\"async\" title=\"4-Eis\" src=\"https:\/\/exceladvisor.org\/wp-content\/uploads\/2023\/08\/4-volets-de-gel.png\" sizes=\"auto, \" srcset=\"\" alt=\"freeze-panes\" width=\"670\" height=\"250\"><\/li><li> Scrollen Sie nun im Blatt nach unten und Sie werden feststellen, dass alle Zeilen \u00fcber der <sup>4.<\/sup> Zeile oben unver\u00e4ndert sichtbar sind. <br><img loading=\"lazy\" decoding=\"async\" title=\"5-above-selected-lines-visible1\" src=\"https:\/\/exceladvisor.org\/wp-content\/uploads\/2023\/08\/5-lignes-selectionnees-au-dessus-visibles1.png\" sizes=\"auto, \" srcset=\"\" alt=\"above-selected-rows-visible\" width=\"408\" height=\"171\"><\/li><\/ol><h2 class=\"wp-block-heading\"> Frieren Sie die erste Spalte in Excel ein<\/h2><p> Um zu erfahren, wie Sie die erste Spalte des Arbeitsblatts einfrieren, m\u00fcssen Sie die folgenden Schritte ausf\u00fchren:<\/p><ol><li> W\u00e4hlen Sie die obere alphabetische Spalte \u201eA\u201c, die Spalte A des Blattes bezeichnet.<\/li><li> Klicken Sie erneut in der Gruppe \u201eFenster\u201c auf das Dropdown-Men\u00fc \u201eFenster einfrieren\u201c.<\/li><li> Im n\u00e4chsten Schritt m\u00fcssen Sie auf die Option \u201eErste Spalte einfrieren\u201c klicken. <br><img loading=\"lazy\" decoding=\"async\" title=\"6-Gel-erste-S\u00e4ule1\" src=\"https:\/\/exceladvisor.org\/wp-content\/uploads\/2023\/08\/6-geler-la-premiere-colonne1.png\" sizes=\"auto, \" srcset=\"\" alt=\"freeze-first-column\" width=\"626\" height=\"275\"><\/li><li> Am Ende friert die erste Spalte ein und zeigt eine dunkle vertikale Linie. <br><img loading=\"lazy\" decoding=\"async\" title=\"7 dunkle vertikale Linien\" src=\"https:\/\/exceladvisor.org\/wp-content\/uploads\/2023\/08\/7-ligne-verticale-sombre.png\" sizes=\"auto, \" srcset=\"\" alt=\"dark-vertical-line\" width=\"341\" height=\"237\"><\/li><\/ol><p> Die Tastenkombination zum Einfrieren der ersten Spalte ist Alt \u21e2 W \u21e2 F \u21e2 C.<\/p><h2 class=\"wp-block-heading\"> Mehrere Spalten einfrieren<\/h2><ol><li> Zuerst m\u00fcssen Sie die erste Spalte anhand ihrer \u00dcberschrift ausw\u00e4hlen und dann die Strg-Taste gedr\u00fcckt halten, um die mehreren zu sperrenden Spalten auszuw\u00e4hlen. Wenn Sie beispielsweise die ersten beiden Spalten (A, B) Ihres Blattes einfrieren m\u00f6chten, m\u00fcssen Sie hierf\u00fcr auch Spalte C ausw\u00e4hlen.<\/li><li> Gehen Sie anschlie\u00dfend zur Registerkarte \u201eAnsicht\u201c &gt; \u201eFenster einfrieren\u201c &gt; und klicken Sie in der Dropdown-Liste erneut auf \u201eFenster einfrieren\u201c. <br><img loading=\"lazy\" decoding=\"async\" title=\"8-Freeze-Multiple-Spalten\" src=\"https:\/\/exceladvisor.org\/wp-content\/uploads\/2023\/08\/8-geler-plusieurs-colonnes.png\" sizes=\"auto, \" srcset=\"\" alt=\"freeze-multiple-columns\" width=\"645\" height=\"264\"><\/li><li> Sobald Sie auf die Gefrierwannen klicken, werden die ersten beiden Spalten (A und B) gesperrt und diese Spalten werden durch eine gerade vertikale Linie von den anderen getrennt. <br><img loading=\"lazy\" decoding=\"async\" title=\"9-erste-zwei-gefrorene-Spalten\" src=\"https:\/\/exceladvisor.org\/wp-content\/uploads\/2023\/08\/9-deux-premieres-colonnes-figees.png\" sizes=\"auto, \" srcset=\"\" alt=\"first-two-columns-freezed\" width=\"327\" height=\"266\"><\/li><\/ol><h2 class=\"wp-block-heading\"> Fixieren Sie Fenster in Excel<\/h2><ol><li> Gehen Sie einfach im Men\u00fcband auf die Registerkarte \u201eAnsicht\u201c.<\/li><li> Klicken Sie anschlie\u00dfend in den Einfrierpfannen auf die Schaltfl\u00e4che \u201eFenster freigeben\u201c. <br><img loading=\"lazy\" decoding=\"async\" title=\"10 aufgetaute Fenster\" src=\"https:\/\/exceladvisor.org\/wp-content\/uploads\/2023\/08\/10-vitres-degelees.png\" sizes=\"auto, \" srcset=\"\" alt=\"unfreeze-panes\" width=\"625\" height=\"257\"><\/li><li> Innerhalb einer Sekunde werden alle gesperrten Zeilen und Spalten wieder normal. <br><img loading=\"lazy\" decoding=\"async\" title=\"11-unfixierte-Zeilen-und-Spalten\" src=\"https:\/\/exceladvisor.org\/wp-content\/uploads\/2023\/08\/11-lignes-et-colonnes-non-figees.png\" sizes=\"auto, \" srcset=\"\" alt=\"rows-and-columns-unfreezed\" width=\"314\" height=\"217\"><\/li><\/ol><h2 class=\"wp-block-heading\"> Wegbringen<\/h2><ul><li> Gesperrte Spalten oder Zeilen beginnen immer mit der obersten Zeile und der ersten Spalte. Da es nicht m\u00f6glich ist, die mittlere Zeile oder Spalte im Blatt zu sperren.<\/li><li> Stellen Sie sicher, dass alle Zeilen und Spalten, die Sie sperren m\u00f6chten, im Arbeitsblatt sichtbar sind.<\/li><\/ul><div class=\"gb-container gb-container-4db6181c gb-container-mt\"> <a class=\"gb-button gb-button-c5897111 gb-button-text gb-button-mt-button\" href=\"https:\/\/exceladvisor.org\/de\/excel-grundlagen\/\">Microsoft Excel-Grundlagen (Komponenten, Teile und Wissenshinweise)<\/a><h2 class=\"gb-headline gb-headline-665e5f6b gb-headline-text gb-headline-mt-heading\"> Verwandte Tutorials <\/h2><div class=\"gb-grid-wrapper gb-grid-wrapper-a20baf7c gb-grid-wrapper-mt-grid\"><div class=\"gb-grid-column gb-grid-column-65ddf67e\"><div class=\"gb-container gb-container-65ddf67e\"><ul><li> <a href=\"https:\/\/exceladvisor.org\/de\/vollig-rechtfertigen\/\">F\u00fcllen Sie \u201eAusrichten\u201c in Excel aus<\/a><\/li><li> <a href=\"https:\/\/exceladvisor.org\/de\/excel-formelleiste\/\">Formelleiste in Excel<\/a><\/li><li> <a href=\"https:\/\/exceladvisor.org\/de\/fugen-sie-eine-fusszeile-hinzu\/\">F\u00fcgen Sie in Excel eine Kopf- und Fu\u00dfzeile hinzu<\/a><\/li><li> <a href=\"https:\/\/exceladvisor.org\/de\/herrscher\/\">Lineal in Excel anzeigen<\/a><\/li><li> <a href=\"https:\/\/exceladvisor.org\/de\/fullgriff\/\">Handle in Excel ausf\u00fcllen<\/a> <\/li><\/ul><\/div><\/div><div class=\"gb-grid-column gb-grid-column-50067b57\"><div class=\"gb-container gb-container-50067b57\"><\/div><\/div><\/div><\/div>","protected":false},"excerpt":{"rendered":"","protected":false},"author":1,"featured_media":0,"parent":0,"menu_order":0,"comment_status":"open","ping_status":"closed","template":"","meta":{"ub_ctt_via":"","footnotes":""},"class_list":["post-3348","page","type-page","status-publish","hentry"],"featured_image_src":null,"yoast_head":"<!-- This site is optimized with the Yoast SEO plugin v25.4 - https:\/\/yoast.com\/wordpress\/plugins\/seo\/ -->\n<title>\u25b7 Wie friere ich Fenster in Excel ein? (Tutorial 2023)<\/title>\n<meta name=\"description\" content=\"In diesem Tutorial erfahren Sie, wie Sie die Option zum Einfrieren des Bereichs in Excel verwenden. Mit dieser Option k\u00f6nnen Sie die erste Zeile einfrieren oder\" \/>\n<meta name=\"robots\" content=\"index, follow, max-snippet:-1, max-image-preview:large, max-video-preview:-1\" \/>\n<link rel=\"canonical\" href=\"https:\/\/exceladvisor.org\/de\/die-fensterladen-einfrieren\/\" \/>\n<meta property=\"og:locale\" content=\"de_DE\" \/>\n<meta property=\"og:type\" content=\"article\" \/>\n<meta property=\"og:title\" content=\"\u25b7 Wie friere ich Fenster in Excel ein? (Tutorial 2023)\" \/>\n<meta property=\"og:description\" content=\"In diesem Tutorial erfahren Sie, wie Sie die Option zum Einfrieren des Bereichs in Excel verwenden. Mit dieser Option k\u00f6nnen Sie die erste Zeile einfrieren oder\" \/>\n<meta property=\"og:url\" content=\"https:\/\/exceladvisor.org\/de\/die-fensterladen-einfrieren\/\" \/>\n<meta property=\"og:site_name\" content=\"Excel Advisor\" \/>\n<meta property=\"article:modified_time\" content=\"2023-12-03T11:20:21+00:00\" \/>\n<meta property=\"og:image\" content=\"https:\/\/exceladvisor.org\/wp-content\/uploads\/2023\/08\/1-en-tete-a-figer.png\" \/>\n<meta name=\"twitter:card\" content=\"summary_large_image\" \/>\n<meta name=\"twitter:label1\" content=\"Gesch\u00e4tzte Lesezeit\" \/>\n\t<meta name=\"twitter:data1\" content=\"3\u00a0Minuten\" \/>\n<script type=\"application\/ld+json\" class=\"yoast-schema-graph\">{\"@context\":\"https:\/\/schema.org\",\"@graph\":[{\"@type\":\"WebPage\",\"@id\":\"https:\/\/exceladvisor.org\/de\/die-fensterladen-einfrieren\/\",\"url\":\"https:\/\/exceladvisor.org\/de\/die-fensterladen-einfrieren\/\",\"name\":\"\u25b7 Wie friere ich Fenster in Excel ein? (Tutorial 2023)\",\"isPartOf\":{\"@id\":\"https:\/\/exceladvisor.org\/de\/#website\"},\"primaryImageOfPage\":{\"@id\":\"https:\/\/exceladvisor.org\/de\/die-fensterladen-einfrieren\/#primaryimage\"},\"image\":{\"@id\":\"https:\/\/exceladvisor.org\/de\/die-fensterladen-einfrieren\/#primaryimage\"},\"thumbnailUrl\":\"https:\/\/exceladvisor.org\/wp-content\/uploads\/2023\/08\/1-en-tete-a-figer.png\",\"datePublished\":\"2023-10-31T03:53:22+00:00\",\"dateModified\":\"2023-12-03T11:20:21+00:00\",\"description\":\"In diesem Tutorial erfahren Sie, wie Sie die Option zum Einfrieren des Bereichs in Excel verwenden. Mit dieser Option k\u00f6nnen Sie die erste Zeile einfrieren oder\",\"breadcrumb\":{\"@id\":\"https:\/\/exceladvisor.org\/de\/die-fensterladen-einfrieren\/#breadcrumb\"},\"inLanguage\":\"de\",\"potentialAction\":[{\"@type\":\"ReadAction\",\"target\":[\"https:\/\/exceladvisor.org\/de\/die-fensterladen-einfrieren\/\"]}]},{\"@type\":\"ImageObject\",\"inLanguage\":\"de\",\"@id\":\"https:\/\/exceladvisor.org\/de\/die-fensterladen-einfrieren\/#primaryimage\",\"url\":\"https:\/\/exceladvisor.org\/wp-content\/uploads\/2023\/08\/1-en-tete-a-figer.png\",\"contentUrl\":\"https:\/\/exceladvisor.org\/wp-content\/uploads\/2023\/08\/1-en-tete-a-figer.png\"},{\"@type\":\"BreadcrumbList\",\"@id\":\"https:\/\/exceladvisor.org\/de\/die-fensterladen-einfrieren\/#breadcrumb\",\"itemListElement\":[{\"@type\":\"ListItem\",\"position\":1,\"name\":\"Accueil\",\"item\":\"https:\/\/exceladvisor.org\/de\/\"},{\"@type\":\"ListItem\",\"position\":2,\"name\":\"Wie friere ich fenster in excel ein?\"}]},{\"@type\":\"WebSite\",\"@id\":\"https:\/\/exceladvisor.org\/de\/#website\",\"url\":\"https:\/\/exceladvisor.org\/de\/\",\"name\":\"Excel Advisor\",\"description\":\"Ihr Leitfaden zur Datendominanz\",\"publisher\":{\"@id\":\"https:\/\/exceladvisor.org\/de\/#organization\"},\"potentialAction\":[{\"@type\":\"SearchAction\",\"target\":{\"@type\":\"EntryPoint\",\"urlTemplate\":\"https:\/\/exceladvisor.org\/de\/?s={search_term_string}\"},\"query-input\":{\"@type\":\"PropertyValueSpecification\",\"valueRequired\":true,\"valueName\":\"search_term_string\"}}],\"inLanguage\":\"de\"},{\"@type\":\"Organization\",\"@id\":\"https:\/\/exceladvisor.org\/de\/#organization\",\"name\":\"Excel Advisor\",\"url\":\"https:\/\/exceladvisor.org\/de\/\",\"logo\":{\"@type\":\"ImageObject\",\"inLanguage\":\"de\",\"@id\":\"https:\/\/exceladvisor.org\/de\/#\/schema\/logo\/image\/\",\"url\":\"https:\/\/exceladvisor.org\/de\/wp-content\/uploads\/2023\/11\/exceladvisor.org_.png\",\"contentUrl\":\"https:\/\/exceladvisor.org\/de\/wp-content\/uploads\/2023\/11\/exceladvisor.org_.png\",\"width\":105,\"height\":36,\"caption\":\"Excel Advisor\"},\"image\":{\"@id\":\"https:\/\/exceladvisor.org\/de\/#\/schema\/logo\/image\/\"}}]}<\/script>\n<!-- \/ Yoast SEO plugin. -->","yoast_head_json":{"title":"\u25b7 Wie friere ich Fenster in Excel ein? (Tutorial 2023)","description":"In diesem Tutorial erfahren Sie, wie Sie die Option zum Einfrieren des Bereichs in Excel verwenden. Mit dieser Option k\u00f6nnen Sie die erste Zeile einfrieren oder","robots":{"index":"index","follow":"follow","max-snippet":"max-snippet:-1","max-image-preview":"max-image-preview:large","max-video-preview":"max-video-preview:-1"},"canonical":"https:\/\/exceladvisor.org\/de\/die-fensterladen-einfrieren\/","og_locale":"de_DE","og_type":"article","og_title":"\u25b7 Wie friere ich Fenster in Excel ein? (Tutorial 2023)","og_description":"In diesem Tutorial erfahren Sie, wie Sie die Option zum Einfrieren des Bereichs in Excel verwenden. Mit dieser Option k\u00f6nnen Sie die erste Zeile einfrieren oder","og_url":"https:\/\/exceladvisor.org\/de\/die-fensterladen-einfrieren\/","og_site_name":"Excel Advisor","article_modified_time":"2023-12-03T11:20:21+00:00","og_image":[{"url":"https:\/\/exceladvisor.org\/wp-content\/uploads\/2023\/08\/1-en-tete-a-figer.png","type":"","width":"","height":""}],"twitter_card":"summary_large_image","twitter_misc":{"Gesch\u00e4tzte Lesezeit":"3\u00a0Minuten"},"schema":{"@context":"https:\/\/schema.org","@graph":[{"@type":"WebPage","@id":"https:\/\/exceladvisor.org\/de\/die-fensterladen-einfrieren\/","url":"https:\/\/exceladvisor.org\/de\/die-fensterladen-einfrieren\/","name":"\u25b7 Wie friere ich Fenster in Excel ein? (Tutorial 2023)","isPartOf":{"@id":"https:\/\/exceladvisor.org\/de\/#website"},"primaryImageOfPage":{"@id":"https:\/\/exceladvisor.org\/de\/die-fensterladen-einfrieren\/#primaryimage"},"image":{"@id":"https:\/\/exceladvisor.org\/de\/die-fensterladen-einfrieren\/#primaryimage"},"thumbnailUrl":"https:\/\/exceladvisor.org\/wp-content\/uploads\/2023\/08\/1-en-tete-a-figer.png","datePublished":"2023-10-31T03:53:22+00:00","dateModified":"2023-12-03T11:20:21+00:00","description":"In diesem Tutorial erfahren Sie, wie Sie die Option zum Einfrieren des Bereichs in Excel verwenden. Mit dieser Option k\u00f6nnen Sie die erste Zeile einfrieren oder","breadcrumb":{"@id":"https:\/\/exceladvisor.org\/de\/die-fensterladen-einfrieren\/#breadcrumb"},"inLanguage":"de","potentialAction":[{"@type":"ReadAction","target":["https:\/\/exceladvisor.org\/de\/die-fensterladen-einfrieren\/"]}]},{"@type":"ImageObject","inLanguage":"de","@id":"https:\/\/exceladvisor.org\/de\/die-fensterladen-einfrieren\/#primaryimage","url":"https:\/\/exceladvisor.org\/wp-content\/uploads\/2023\/08\/1-en-tete-a-figer.png","contentUrl":"https:\/\/exceladvisor.org\/wp-content\/uploads\/2023\/08\/1-en-tete-a-figer.png"},{"@type":"BreadcrumbList","@id":"https:\/\/exceladvisor.org\/de\/die-fensterladen-einfrieren\/#breadcrumb","itemListElement":[{"@type":"ListItem","position":1,"name":"Accueil","item":"https:\/\/exceladvisor.org\/de\/"},{"@type":"ListItem","position":2,"name":"Wie friere ich fenster in excel ein?"}]},{"@type":"WebSite","@id":"https:\/\/exceladvisor.org\/de\/#website","url":"https:\/\/exceladvisor.org\/de\/","name":"Excel Advisor","description":"Ihr Leitfaden zur Datendominanz","publisher":{"@id":"https:\/\/exceladvisor.org\/de\/#organization"},"potentialAction":[{"@type":"SearchAction","target":{"@type":"EntryPoint","urlTemplate":"https:\/\/exceladvisor.org\/de\/?s={search_term_string}"},"query-input":{"@type":"PropertyValueSpecification","valueRequired":true,"valueName":"search_term_string"}}],"inLanguage":"de"},{"@type":"Organization","@id":"https:\/\/exceladvisor.org\/de\/#organization","name":"Excel Advisor","url":"https:\/\/exceladvisor.org\/de\/","logo":{"@type":"ImageObject","inLanguage":"de","@id":"https:\/\/exceladvisor.org\/de\/#\/schema\/logo\/image\/","url":"https:\/\/exceladvisor.org\/de\/wp-content\/uploads\/2023\/11\/exceladvisor.org_.png","contentUrl":"https:\/\/exceladvisor.org\/de\/wp-content\/uploads\/2023\/11\/exceladvisor.org_.png","width":105,"height":36,"caption":"Excel Advisor"},"image":{"@id":"https:\/\/exceladvisor.org\/de\/#\/schema\/logo\/image\/"}}]}},"yoast_meta":{"yoast_wpseo_title":"","yoast_wpseo_metadesc":"","yoast_wpseo_canonical":""},"_links":{"self":[{"href":"https:\/\/exceladvisor.org\/de\/wp-json\/wp\/v2\/pages\/3348","targetHints":{"allow":["GET"]}}],"collection":[{"href":"https:\/\/exceladvisor.org\/de\/wp-json\/wp\/v2\/pages"}],"about":[{"href":"https:\/\/exceladvisor.org\/de\/wp-json\/wp\/v2\/types\/page"}],"author":[{"embeddable":true,"href":"https:\/\/exceladvisor.org\/de\/wp-json\/wp\/v2\/users\/1"}],"replies":[{"embeddable":true,"href":"https:\/\/exceladvisor.org\/de\/wp-json\/wp\/v2\/comments?post=3348"}],"version-history":[{"count":1,"href":"https:\/\/exceladvisor.org\/de\/wp-json\/wp\/v2\/pages\/3348\/revisions"}],"predecessor-version":[{"id":4001,"href":"https:\/\/exceladvisor.org\/de\/wp-json\/wp\/v2\/pages\/3348\/revisions\/4001"}],"wp:attachment":[{"href":"https:\/\/exceladvisor.org\/de\/wp-json\/wp\/v2\/media?parent=3348"}],"curies":[{"name":"wp","href":"https:\/\/api.w.org\/{rel}","templated":true}]}}