{"id":3349,"date":"2023-10-31T03:21:49","date_gmt":"2023-10-31T03:21:49","guid":{"rendered":"https:\/\/exceladvisor.org\/de\/spaltenbreite\/"},"modified":"2023-12-03T11:13:46","modified_gmt":"2023-12-03T11:13:46","slug":"spaltenbreite","status":"publish","type":"page","link":"https:\/\/exceladvisor.org\/de\/spaltenbreite\/","title":{"rendered":"Wie \u00e4ndere ich die spaltenbreite in excel?"},"content":{"rendered":"<div class=\"excel-vor-dem-inhalt\" id=\"excel-2709975663\"><script type=\"text\/javascript\">\r\n\tatOptions = {\r\n\t\t'key' : 'c1158f160081d6540a8409e6925dab94',\r\n\t\t'format' : 'iframe',\r\n\t\t'height' : 250,\r\n\t\t'width' : 300,\r\n\t\t'params' : {}\r\n\t};\r\n<\/script>\r\n<script type=\"text\/javascript\" src=\"\/\/www.highperformanceformat.com\/c1158f160081d6540a8409e6925dab94\/invoke.js\"><\/script><\/div> <p>In Excel hat ein Blatt mehrere Zellen gleicher Gr\u00f6\u00dfe und jede Zelle enth\u00e4lt 8,43 Zeichen.<\/p><p> Insbesondere beim Vorbereiten von Berichten, Erstellen von Datentabellen oder anderen Berechnungen m\u00fcssen Sie h\u00e4ufig die Breite einer Spalte \u00e4ndern. Und indem Sie Ihre Spalten erweitern, erhalten Sie ganz einfach einen \u00dcberblick \u00fcber alle Daten in Ihrem Blatt.<\/p><p> In diesem Tutorial lernen wir mehrere effektive M\u00f6glichkeiten zum Anpassen der Spaltenbreite kennen.<\/p><h2 class=\"wp-block-heading\"> Spaltenbreite mit der Maus anpassen<\/h2><p> Das Anpassen der Spaltenbreite durch Klicken und Ziehen ist sehr einfach und verst\u00e4ndlich. Jetzt machen wir es Schritt f\u00fcr Schritt.<\/p><ol><li> Um die Breite \u201eEinzelner oder mehrerer Spalten\u201c zu \u00e4ndern, w\u00e4hlen Sie zun\u00e4chst die entsprechende Spalte im Arbeitsblatt aus. <br><img loading=\"lazy\" decoding=\"async\" title=\"1-Spalte ausw\u00e4hlen\" src=\"https:\/\/exceladvisor.org\/wp-content\/uploads\/2023\/08\/1-selectionner-la-colonne.png\" sizes=\"auto, \" srcset=\"\" alt=\"select-the-column\" width=\"337\" height=\"200\"><\/li><li> Bewegen Sie anschlie\u00dfend den Mauszeiger an den Rand der ausgew\u00e4hlten Spalte im Spaltenkopf. <br><img loading=\"lazy\" decoding=\"async\" title=\"2-Mauszeiger-auf-Spaltenrand\" src=\"https:\/\/exceladvisor.org\/wp-content\/uploads\/2023\/08\/2-pointeur-de-souris-en-bordure-de-colonne.png\" sizes=\"auto, \" srcset=\"\" alt=\"mouse-pointer-on-column-border\" width=\"331\" height=\"197\"><\/li><li> Sobald es wie ein vierseitiger Pfeil aussieht, halten Sie die linke Maustaste gedr\u00fcckt und ziehen Sie es nach rechts, um seine Breite zu vergr\u00f6\u00dfern. <br><img loading=\"lazy\" decoding=\"async\" title=\"3-Ziehen mit der Maus\" src=\"https:\/\/exceladvisor.org\/wp-content\/uploads\/2023\/08\/3-faites-glisser-vers-avec-la-souris.png\" sizes=\"auto, \" srcset=\"\" alt=\"drag-towards-with-mouse\" width=\"343\" height=\"171\"><\/li><li> Um die Breite von \u201eAlle Spalten\u201c zu \u00e4ndern, dr\u00fccken Sie zun\u00e4chst Strg + A, um alle Spalten auf dem Blatt auszuw\u00e4hlen, und ziehen Sie dann eine beliebige Spalten\u00fcberschrift, um sie nach Bedarf anzupassen. <br><img loading=\"lazy\" decoding=\"async\" title=\"4-Blatt ausw\u00e4hlen, um alle Spalten zu erweitern\" src=\"https:\/\/exceladvisor.org\/wp-content\/uploads\/2023\/08\/4-selectionnez-la-feuille-pour-developper-toutes-les-colonnes.png\" sizes=\"auto, \" srcset=\"\" alt=\"select-the-sheet-to-expand-all-columns\" width=\"433\" height=\"209\"><\/li><\/ol><p class=\"mynote\"> Sie k\u00f6nnen die aktuelle Spaltenbreite auch anzeigen, indem Sie im Spaltenkopf auf den Spaltenrand mit seinen Pixeln klicken. <\/p><div class=\"wp-block-image\"><figure class=\"aligncenter size-full is-resized\"><img loading=\"lazy\" decoding=\"async\" class=\"wp-image-77652\" src=\"https:\/\/exceladvisor.org\/wp-content\/uploads\/2023\/08\/5-largeur-actuelle-de-la-colonne.png\" sizes=\"auto, \" srcset=\"\" alt=\"aktuelle-Spaltenbreite\" width=\"532\" height=\"214\"><\/figure><\/div><h2 class=\"wp-block-heading\"> Legen Sie die Spaltenbreite auf eine bestimmte Zahl fest<\/h2><ol><li> Auch hier m\u00fcssen Sie zun\u00e4chst die Spalte ausw\u00e4hlen, um deren Breite auf eine bestimmte Zahl zu \u00e4ndern. <br><img loading=\"lazy\" decoding=\"async\" title=\"6-Spaltenbreite-auf-spezifische-Nummer festlegen\" src=\"https:\/\/exceladvisor.org\/wp-content\/uploads\/2023\/08\/6-definir-la-largeur-de-la-colonne-sur-un-nombre-specifique.png\" sizes=\"auto, \" srcset=\"\" alt=\"set-column-width-to-specific-number\" width=\"334\" height=\"179\"><\/li><li> Gehen Sie dann auf der Registerkarte \u201eStartseite\u201c zur Gruppe \u201eZellen\u201c und klicken Sie nun auf \u201eFormatieren\u201c. <br><img loading=\"lazy\" decoding=\"async\" title=\"7-Home-Tab-Zellen-Symbol\" src=\"https:\/\/exceladvisor.org\/wp-content\/uploads\/2023\/08\/7-icone-des-cellules-de-longlet-daccueil.png\" sizes=\"auto, \" srcset=\"\" alt=\"home-tab-cells-icon\" width=\"817\" height=\"117\"><\/li><li> W\u00e4hlen Sie als N\u00e4chstes \u201eSpaltenbreite\u201c aus der Dropdown-Liste. <br><img loading=\"lazy\" decoding=\"async\" title=\"8-Spaltenbreite ausw\u00e4hlen\" src=\"https:\/\/exceladvisor.org\/wp-content\/uploads\/2023\/08\/8-choisir-la-largeur-de-colonne.png\" sizes=\"auto, \" srcset=\"\" alt=\"choose-column-width\" width=\"185\" height=\"500\"><\/li><li> Sobald Sie darauf klicken, wird das Dialogfeld \u201eSpaltenbreite\u201c ge\u00f6ffnet. Geben Sie nun den genauen Wert f\u00fcr die gew\u00fcnschte Breite in das Feld ein und klicken Sie zur \u00dcbernahme auf \u201eOK\u201c. <br><img loading=\"lazy\" decoding=\"async\" title=\"9-Spalten-Dialogfeld\" src=\"https:\/\/exceladvisor.org\/wp-content\/uploads\/2023\/08\/Boite-de-dialogue-a-9-largeurs-de-colonne.png\" sizes=\"auto, \" srcset=\"\" alt=\"column-width-dialog-box\" width=\"485\" height=\"213\"><\/li><\/ol><h2 class=\"wp-block-heading\"> Spaltenbreite per Rechtsklick festlegen<\/h2><p> Sie k\u00f6nnen das gleiche Dialogfeld \u201eSpaltenbreite\u201c auch \u00f6ffnen, indem Sie mit der rechten Maustaste auf die ausgew\u00e4hlte Zeile klicken. <\/p><div class=\"wp-block-image\"><figure class=\"aligncenter size-full is-resized\"><img loading=\"lazy\" decoding=\"async\" class=\"wp-image-77658\" src=\"https:\/\/exceladvisor.org\/wp-content\/uploads\/2023\/08\/10-largeur-de-colonne-par-clic-droit.png\" sizes=\"auto, \" srcset=\"\" alt=\"Spaltenbreite pro Rechtsklick\" width=\"311\" height=\"368\"><\/figure><\/div><p> Im Feld \u201eSpaltenbreite\u201c k\u00f6nnen Sie den gew\u00fcnschten Wert eingeben und dann auf \u201eOK\u201c klicken. <\/p><div class=\"wp-block-image\"><figure class=\"aligncenter size-full is-resized\"><img loading=\"lazy\" decoding=\"async\" class=\"wp-image-77659\" src=\"https:\/\/exceladvisor.org\/wp-content\/uploads\/2023\/08\/11-boite-de-dialogue-de-largeur-de-colonne.png\" sizes=\"auto, \" srcset=\"\" alt=\"Dialog zur Spaltenbreite\" width=\"361\" height=\"263\"><\/figure><\/div><h2 class=\"wp-block-heading\"> Passen Sie die Spaltenbreite mit der Option zur automatischen Anpassung an<\/h2><p> Wenn Ihre Daten in den Spalten nicht sichtbar sind, k\u00f6nnen Sie die Option zur automatischen Anpassung verwenden, um die Breite der Spalten insgesamt anzupassen. Hier sind die Schritte, die Sie befolgen m\u00fcssen:<\/p><ol><li> Hierzu m\u00fcssen Sie zun\u00e4chst einzelne, mehrere oder alle Spalten ausw\u00e4hlen, um die Breite festzulegen. <br><img loading=\"lazy\" decoding=\"async\" title=\"12-Spalten-Breite-Autofit\" src=\"https:\/\/exceladvisor.org\/wp-content\/uploads\/2023\/08\/Ajustement-automatique-de-la-largeur-de-12-colonnes.png\" sizes=\"auto, \" srcset=\"\" alt=\"column-width-autofit\" width=\"301\" height=\"190\"><\/li><li> Gehen Sie als N\u00e4chstes in der Zellengruppe auf der Registerkarte \u201eStartseite\u201c auf \u201eFormat\u201c. W\u00e4hlen Sie aus der Liste der Optionen die Option \u201e <strong>Spaltenbreite automatisch anpassen<\/strong> \u201c. <br><img loading=\"lazy\" decoding=\"async\" title=\"13-select-autofit-column-width\" src=\"https:\/\/exceladvisor.org\/wp-content\/uploads\/2023\/08\/13-selectionner-la-largeur-de-colonne-dajustement-automatique.png\" sizes=\"auto, \" srcset=\"\" alt=\"select-autofit-column-width\" width=\"199\" height=\"289\"><\/li><li> Anschlie\u00dfend wird die Breite aller ausgew\u00e4hlten Spalten automatisch angepasst, sodass Sie alle Daten problemlos sehen k\u00f6nnen, wie im folgenden Bild dargestellt. <br><img loading=\"lazy\" decoding=\"async\" title=\"14 Spalten in der Breite angepasst\" src=\"https:\/\/exceladvisor.org\/wp-content\/uploads\/2023\/08\/14-colonnes-largeur-ajustee.png\" sizes=\"auto, \" srcset=\"\" alt=\"columns-width-adjusted\" width=\"315\" height=\"173\"><\/li><\/ol><h2 class=\"wp-block-heading\"> Festlegen der Standardbreite von Spalten<\/h2><p> Mit der Standardspaltenbreite k\u00f6nnen Sie die Breite ganzer Arbeitsblattspalten \u00e4ndern und auch die Breite aller Arbeitsbl\u00e4tter in einer Arbeitsmappe gleichzeitig festlegen.<\/p><ol><li> W\u00e4hlen Sie das einzelne oder mehrere Arbeitsbl\u00e4tter aus, deren Standardbreite Sie anpassen m\u00f6chten. Hier w\u00e4hlen wir als Beispiel die einzelne Tabellenkalkulation aus. <br><img loading=\"lazy\" decoding=\"async\" title=\"15-Standard-Spaltenbreite\" src=\"https:\/\/exceladvisor.org\/wp-content\/uploads\/2023\/08\/15-largeur-par-defaut-des-colonnes.png\" sizes=\"auto, \" srcset=\"\" alt=\"default-width-of-the-columns\" width=\"565\" height=\"240\"><\/li><li> Gehen Sie nun zu \u201eFormat\u201c und klicken Sie auf die Option \u201eStandardbreite\u201c. <br><img loading=\"lazy\" decoding=\"async\" title=\"16-Option-Breite-Standard\" src=\"https:\/\/exceladvisor.org\/wp-content\/uploads\/2023\/08\/16-option-de-largeur-par-defaut.png\" sizes=\"auto, \" srcset=\"\" alt=\"default-width-option\" width=\"203\" height=\"242\"><\/li><li> Anschlie\u00dfend wird das Dialogfeld \u201eStandardbreite\u201c ge\u00f6ffnet. Dort sehen Sie die aktuelle Breite der leeren Spalten, sie betr\u00e4gt 20. <br><img loading=\"lazy\" decoding=\"async\" title=\"17-Standard-Breite-Dialogfeld\" src=\"https:\/\/exceladvisor.org\/wp-content\/uploads\/2023\/08\/17-boite-de-dialogue-de-largeur-standard.png\" sizes=\"auto, \" srcset=\"\" alt=\"standard-width-dialog-box\" width=\"548\" height=\"217\"><\/li><li> Abschlie\u00dfend m\u00fcssen Sie die \u201eStandardspaltenbreite\u201c in das Feld eingeben und auf \u201eOK\u201c klicken, um sie anzuwenden. <br><img loading=\"lazy\" decoding=\"async\" title=\"Standarddialogfeld mit 18 Spaltenbreiten\" src=\"https:\/\/exceladvisor.org\/wp-content\/uploads\/2023\/08\/18-boite-de-dialogue-de-largeur-de-colonne-standard.png\" sizes=\"auto, \" srcset=\"\" alt=\"standard-column-width-dialog-box\" width=\"253\" height=\"120\"><\/li><\/ol><h2 class=\"wp-block-heading\"> Wegbringen<\/h2><ul><li> Die standardm\u00e4\u00dfige Standardbreite gilt f\u00fcr alle leeren Zellen im Arbeitsblatt und nicht f\u00fcr Zellen, die bereits Daten enthalten.<\/li><li> Die Option \u201eSpaltenbreite automatisch anpassen\u201c wird nicht angewendet, wenn die Spaltenbreite f\u00fcr die Spaltendaten ausreicht.<\/li><\/ul><div class=\"gb-container gb-container-4db6181c gb-container-mt\"> <a class=\"gb-button gb-button-c5897111 gb-button-text gb-button-mt-button\" href=\"https:\/\/exceladvisor.org\/de\/excel-grundlagen\/\">Microsoft Excel-Grundlagen (Komponenten, Teile und Wissenshinweise)<\/a><h2 class=\"gb-headline gb-headline-665e5f6b gb-headline-text gb-headline-mt-heading\"> Verwandte Tutorials <\/h2><div class=\"gb-grid-wrapper gb-grid-wrapper-a20baf7c gb-grid-wrapper-mt-grid\"><div class=\"gb-grid-column gb-grid-column-65ddf67e\"><div class=\"gb-container gb-container-65ddf67e\"><ul><li> <a href=\"https:\/\/exceladvisor.org\/de\/hyperlinks-hinzufugen-und-entfernen\/\">F\u00fcgen Sie Hyperlinks in Excel hinzu und entfernen Sie sie<\/a><\/li><li> <a href=\"https:\/\/exceladvisor.org\/de\/wasserzeichen-hinzufugen\/\">F\u00fcgen Sie in Excel ein Wasserzeichen hinzu<\/a><\/li><li> <a href=\"https:\/\/exceladvisor.org\/de\/entfernen-sie-ausgeblendete-zeilenspalten\/\">L\u00f6schen Sie ausgeblendete Zeilen in Excel<\/a><\/li><li> <a href=\"https:\/\/exceladvisor.org\/de\/zellen-abwahlen\/\">Zellen in Excel abw\u00e4hlen<\/a> <\/li><\/ul><\/div><\/div><div class=\"gb-grid-column gb-grid-column-50067b57\"><div class=\"gb-container gb-container-50067b57\"><ul><li> <a href=\"https:\/\/exceladvisor.org\/de\/zeilen-loschen\/\">L\u00f6schen Sie eine Zeile oder mehrere Zeilen in Excel<\/a><\/li><li> <a href=\"https:\/\/exceladvisor.org\/de\/spalte-kopieren\/\">Kopieren Sie eine Spalte und f\u00fcgen Sie sie in Excel ein<\/a><\/li><li> <a href=\"https:\/\/exceladvisor.org\/de\/zeilenspalte-verschieben\/\">Verschieben Sie eine Zeile und Spalte in Excel<\/a><\/li><li> <a href=\"https:\/\/exceladvisor.org\/de\/die-zelle-austauschen\/\">Tauschen Sie schnell zwei Zellen in Excel aus<\/a><\/li><\/ul><\/div><\/div><\/div><\/div>","protected":false},"excerpt":{"rendered":"","protected":false},"author":1,"featured_media":0,"parent":0,"menu_order":0,"comment_status":"open","ping_status":"closed","template":"","meta":{"ub_ctt_via":"","footnotes":""},"class_list":["post-3349","page","type-page","status-publish","hentry"],"featured_image_src":null,"yoast_head":"<!-- This site is optimized with the Yoast SEO plugin v25.4 - https:\/\/yoast.com\/wordpress\/plugins\/seo\/ -->\n<title>\u25b7 Wie \u00e4ndere ich die Spaltenbreite in Excel?<\/title>\n<meta name=\"description\" content=\"In diesem kurzen Excel-Tutorial erfahren Sie, wie Sie die Spaltenbreite in einem Arbeitsblatt \u00e4ndern. Wir werden diskutieren\" \/>\n<meta name=\"robots\" content=\"index, follow, max-snippet:-1, max-image-preview:large, max-video-preview:-1\" \/>\n<link rel=\"canonical\" href=\"https:\/\/exceladvisor.org\/de\/spaltenbreite\/\" \/>\n<meta property=\"og:locale\" content=\"de_DE\" \/>\n<meta property=\"og:type\" content=\"article\" \/>\n<meta property=\"og:title\" content=\"\u25b7 Wie \u00e4ndere ich die Spaltenbreite in Excel?\" \/>\n<meta property=\"og:description\" content=\"In diesem kurzen Excel-Tutorial erfahren Sie, wie Sie die Spaltenbreite in einem Arbeitsblatt \u00e4ndern. Wir werden diskutieren\" \/>\n<meta property=\"og:url\" content=\"https:\/\/exceladvisor.org\/de\/spaltenbreite\/\" \/>\n<meta property=\"og:site_name\" content=\"Excel Advisor\" \/>\n<meta property=\"article:modified_time\" content=\"2023-12-03T11:13:46+00:00\" \/>\n<meta property=\"og:image\" content=\"https:\/\/exceladvisor.org\/wp-content\/uploads\/2023\/08\/1-selectionner-la-colonne.png\" \/>\n<meta name=\"twitter:card\" content=\"summary_large_image\" \/>\n<meta name=\"twitter:label1\" content=\"Gesch\u00e4tzte Lesezeit\" \/>\n\t<meta name=\"twitter:data1\" content=\"3\u00a0Minuten\" \/>\n<script type=\"application\/ld+json\" class=\"yoast-schema-graph\">{\"@context\":\"https:\/\/schema.org\",\"@graph\":[{\"@type\":\"WebPage\",\"@id\":\"https:\/\/exceladvisor.org\/de\/spaltenbreite\/\",\"url\":\"https:\/\/exceladvisor.org\/de\/spaltenbreite\/\",\"name\":\"\u25b7 Wie \u00e4ndere ich die Spaltenbreite in Excel?\",\"isPartOf\":{\"@id\":\"https:\/\/exceladvisor.org\/de\/#website\"},\"primaryImageOfPage\":{\"@id\":\"https:\/\/exceladvisor.org\/de\/spaltenbreite\/#primaryimage\"},\"image\":{\"@id\":\"https:\/\/exceladvisor.org\/de\/spaltenbreite\/#primaryimage\"},\"thumbnailUrl\":\"https:\/\/exceladvisor.org\/wp-content\/uploads\/2023\/08\/1-selectionner-la-colonne.png\",\"datePublished\":\"2023-10-31T03:21:49+00:00\",\"dateModified\":\"2023-12-03T11:13:46+00:00\",\"description\":\"In diesem kurzen Excel-Tutorial erfahren Sie, wie Sie die Spaltenbreite in einem Arbeitsblatt \u00e4ndern. Wir werden diskutieren\",\"breadcrumb\":{\"@id\":\"https:\/\/exceladvisor.org\/de\/spaltenbreite\/#breadcrumb\"},\"inLanguage\":\"de\",\"potentialAction\":[{\"@type\":\"ReadAction\",\"target\":[\"https:\/\/exceladvisor.org\/de\/spaltenbreite\/\"]}]},{\"@type\":\"ImageObject\",\"inLanguage\":\"de\",\"@id\":\"https:\/\/exceladvisor.org\/de\/spaltenbreite\/#primaryimage\",\"url\":\"https:\/\/exceladvisor.org\/wp-content\/uploads\/2023\/08\/1-selectionner-la-colonne.png\",\"contentUrl\":\"https:\/\/exceladvisor.org\/wp-content\/uploads\/2023\/08\/1-selectionner-la-colonne.png\"},{\"@type\":\"BreadcrumbList\",\"@id\":\"https:\/\/exceladvisor.org\/de\/spaltenbreite\/#breadcrumb\",\"itemListElement\":[{\"@type\":\"ListItem\",\"position\":1,\"name\":\"Accueil\",\"item\":\"https:\/\/exceladvisor.org\/de\/\"},{\"@type\":\"ListItem\",\"position\":2,\"name\":\"Wie \u00e4ndere ich die spaltenbreite in excel?\"}]},{\"@type\":\"WebSite\",\"@id\":\"https:\/\/exceladvisor.org\/de\/#website\",\"url\":\"https:\/\/exceladvisor.org\/de\/\",\"name\":\"Excel Advisor\",\"description\":\"Ihr Leitfaden zur Datendominanz\",\"publisher\":{\"@id\":\"https:\/\/exceladvisor.org\/de\/#organization\"},\"potentialAction\":[{\"@type\":\"SearchAction\",\"target\":{\"@type\":\"EntryPoint\",\"urlTemplate\":\"https:\/\/exceladvisor.org\/de\/?s={search_term_string}\"},\"query-input\":{\"@type\":\"PropertyValueSpecification\",\"valueRequired\":true,\"valueName\":\"search_term_string\"}}],\"inLanguage\":\"de\"},{\"@type\":\"Organization\",\"@id\":\"https:\/\/exceladvisor.org\/de\/#organization\",\"name\":\"Excel Advisor\",\"url\":\"https:\/\/exceladvisor.org\/de\/\",\"logo\":{\"@type\":\"ImageObject\",\"inLanguage\":\"de\",\"@id\":\"https:\/\/exceladvisor.org\/de\/#\/schema\/logo\/image\/\",\"url\":\"https:\/\/exceladvisor.org\/de\/wp-content\/uploads\/2023\/11\/exceladvisor.org_.png\",\"contentUrl\":\"https:\/\/exceladvisor.org\/de\/wp-content\/uploads\/2023\/11\/exceladvisor.org_.png\",\"width\":105,\"height\":36,\"caption\":\"Excel Advisor\"},\"image\":{\"@id\":\"https:\/\/exceladvisor.org\/de\/#\/schema\/logo\/image\/\"}}]}<\/script>\n<!-- \/ Yoast SEO plugin. -->","yoast_head_json":{"title":"\u25b7 Wie \u00e4ndere ich die Spaltenbreite in Excel?","description":"In diesem kurzen Excel-Tutorial erfahren Sie, wie Sie die Spaltenbreite in einem Arbeitsblatt \u00e4ndern. Wir werden diskutieren","robots":{"index":"index","follow":"follow","max-snippet":"max-snippet:-1","max-image-preview":"max-image-preview:large","max-video-preview":"max-video-preview:-1"},"canonical":"https:\/\/exceladvisor.org\/de\/spaltenbreite\/","og_locale":"de_DE","og_type":"article","og_title":"\u25b7 Wie \u00e4ndere ich die Spaltenbreite in Excel?","og_description":"In diesem kurzen Excel-Tutorial erfahren Sie, wie Sie die Spaltenbreite in einem Arbeitsblatt \u00e4ndern. Wir werden diskutieren","og_url":"https:\/\/exceladvisor.org\/de\/spaltenbreite\/","og_site_name":"Excel Advisor","article_modified_time":"2023-12-03T11:13:46+00:00","og_image":[{"url":"https:\/\/exceladvisor.org\/wp-content\/uploads\/2023\/08\/1-selectionner-la-colonne.png","type":"","width":"","height":""}],"twitter_card":"summary_large_image","twitter_misc":{"Gesch\u00e4tzte Lesezeit":"3\u00a0Minuten"},"schema":{"@context":"https:\/\/schema.org","@graph":[{"@type":"WebPage","@id":"https:\/\/exceladvisor.org\/de\/spaltenbreite\/","url":"https:\/\/exceladvisor.org\/de\/spaltenbreite\/","name":"\u25b7 Wie \u00e4ndere ich die Spaltenbreite in Excel?","isPartOf":{"@id":"https:\/\/exceladvisor.org\/de\/#website"},"primaryImageOfPage":{"@id":"https:\/\/exceladvisor.org\/de\/spaltenbreite\/#primaryimage"},"image":{"@id":"https:\/\/exceladvisor.org\/de\/spaltenbreite\/#primaryimage"},"thumbnailUrl":"https:\/\/exceladvisor.org\/wp-content\/uploads\/2023\/08\/1-selectionner-la-colonne.png","datePublished":"2023-10-31T03:21:49+00:00","dateModified":"2023-12-03T11:13:46+00:00","description":"In diesem kurzen Excel-Tutorial erfahren Sie, wie Sie die Spaltenbreite in einem Arbeitsblatt \u00e4ndern. Wir werden diskutieren","breadcrumb":{"@id":"https:\/\/exceladvisor.org\/de\/spaltenbreite\/#breadcrumb"},"inLanguage":"de","potentialAction":[{"@type":"ReadAction","target":["https:\/\/exceladvisor.org\/de\/spaltenbreite\/"]}]},{"@type":"ImageObject","inLanguage":"de","@id":"https:\/\/exceladvisor.org\/de\/spaltenbreite\/#primaryimage","url":"https:\/\/exceladvisor.org\/wp-content\/uploads\/2023\/08\/1-selectionner-la-colonne.png","contentUrl":"https:\/\/exceladvisor.org\/wp-content\/uploads\/2023\/08\/1-selectionner-la-colonne.png"},{"@type":"BreadcrumbList","@id":"https:\/\/exceladvisor.org\/de\/spaltenbreite\/#breadcrumb","itemListElement":[{"@type":"ListItem","position":1,"name":"Accueil","item":"https:\/\/exceladvisor.org\/de\/"},{"@type":"ListItem","position":2,"name":"Wie \u00e4ndere ich die spaltenbreite in excel?"}]},{"@type":"WebSite","@id":"https:\/\/exceladvisor.org\/de\/#website","url":"https:\/\/exceladvisor.org\/de\/","name":"Excel Advisor","description":"Ihr Leitfaden zur Datendominanz","publisher":{"@id":"https:\/\/exceladvisor.org\/de\/#organization"},"potentialAction":[{"@type":"SearchAction","target":{"@type":"EntryPoint","urlTemplate":"https:\/\/exceladvisor.org\/de\/?s={search_term_string}"},"query-input":{"@type":"PropertyValueSpecification","valueRequired":true,"valueName":"search_term_string"}}],"inLanguage":"de"},{"@type":"Organization","@id":"https:\/\/exceladvisor.org\/de\/#organization","name":"Excel Advisor","url":"https:\/\/exceladvisor.org\/de\/","logo":{"@type":"ImageObject","inLanguage":"de","@id":"https:\/\/exceladvisor.org\/de\/#\/schema\/logo\/image\/","url":"https:\/\/exceladvisor.org\/de\/wp-content\/uploads\/2023\/11\/exceladvisor.org_.png","contentUrl":"https:\/\/exceladvisor.org\/de\/wp-content\/uploads\/2023\/11\/exceladvisor.org_.png","width":105,"height":36,"caption":"Excel Advisor"},"image":{"@id":"https:\/\/exceladvisor.org\/de\/#\/schema\/logo\/image\/"}}]}},"yoast_meta":{"yoast_wpseo_title":"","yoast_wpseo_metadesc":"","yoast_wpseo_canonical":""},"_links":{"self":[{"href":"https:\/\/exceladvisor.org\/de\/wp-json\/wp\/v2\/pages\/3349","targetHints":{"allow":["GET"]}}],"collection":[{"href":"https:\/\/exceladvisor.org\/de\/wp-json\/wp\/v2\/pages"}],"about":[{"href":"https:\/\/exceladvisor.org\/de\/wp-json\/wp\/v2\/types\/page"}],"author":[{"embeddable":true,"href":"https:\/\/exceladvisor.org\/de\/wp-json\/wp\/v2\/users\/1"}],"replies":[{"embeddable":true,"href":"https:\/\/exceladvisor.org\/de\/wp-json\/wp\/v2\/comments?post=3349"}],"version-history":[{"count":1,"href":"https:\/\/exceladvisor.org\/de\/wp-json\/wp\/v2\/pages\/3349\/revisions"}],"predecessor-version":[{"id":3855,"href":"https:\/\/exceladvisor.org\/de\/wp-json\/wp\/v2\/pages\/3349\/revisions\/3855"}],"wp:attachment":[{"href":"https:\/\/exceladvisor.org\/de\/wp-json\/wp\/v2\/media?parent=3349"}],"curies":[{"name":"wp","href":"https:\/\/api.w.org\/{rel}","templated":true}]}}