{"id":3350,"date":"2023-10-31T03:03:59","date_gmt":"2023-10-31T03:03:59","guid":{"rendered":"https:\/\/exceladvisor.org\/de\/randfarbe-andern\/"},"modified":"2023-12-03T11:13:44","modified_gmt":"2023-12-03T11:13:44","slug":"randfarbe-andern","status":"publish","type":"page","link":"https:\/\/exceladvisor.org\/de\/randfarbe-andern\/","title":{"rendered":"Wie \u00e4ndere ich die rahmenfarbe in excel?"},"content":{"rendered":"<div class=\"excel-vor-dem-inhalt\" id=\"excel-120306117\"><script type=\"text\/javascript\">\r\n\tatOptions = {\r\n\t\t'key' : 'c1158f160081d6540a8409e6925dab94',\r\n\t\t'format' : 'iframe',\r\n\t\t'height' : 250,\r\n\t\t'width' : 300,\r\n\t\t'params' : {}\r\n\t};\r\n<\/script>\r\n<script type=\"text\/javascript\" src=\"\/\/www.highperformanceformat.com\/c1158f160081d6540a8409e6925dab94\/invoke.js\"><\/script><\/div> <p>In Excel ist die Zellenrandfarbe standardm\u00e4\u00dfig grau und Sie k\u00f6nnen ganz einfach einen schwarzen Farbrand in den ausgew\u00e4hlten Bereich Ihrer Wahl einf\u00fcgen. Aber manchmal braucht man eine andere Randfarbe.<\/p><p> In diesem Tutorial sehen wir uns schnelle Schritte zum \u00c4ndern der Rahmenfarbe ausgew\u00e4hlter Zellen und der Farbe aller Zellen im gesamten Arbeitsblatt (Raster) an.<\/p><h2 class=\"wp-block-heading\"> Schritte zum \u00c4ndern der Bandrandfarbe<\/h2><p> In manchen F\u00e4llen m\u00f6chten Sie die Farbe des Zellrahmens \u00e4ndern. Die erste M\u00f6glichkeit, dies zu \u00e4ndern, ist die Verwendung der Rahmen-Dropdown-Liste.<\/p><ol><li> Gehen Sie zun\u00e4chst zur Registerkarte \u201eStartseite\u201c und klicken Sie in der Gruppe \u201eSchriftart\u201c auf das Dropdown-Men\u00fc \u201eAlle R\u00e4nder\u201c.<\/li><li> Danach erhalten Sie eine Liste mit Optionen und k\u00f6nnen dort eine Linienfarbe ausw\u00e4hlen. <br><img loading=\"lazy\" decoding=\"async\" title=\"1-Rand-Dropdown-Linienfarbe ausw\u00e4hlen\" src=\"https:\/\/exceladvisor.org\/wp-content\/uploads\/2023\/08\/1-bordure-deroulante-selectionner-la-couleur-de-la-ligne.png\" sizes=\"auto, \" srcset=\"\" alt=\"border-drop-down-select-line-color\" width=\"441\" height=\"515\"><\/li><li> Nun erscheint eine Liste mit verschiedenen Farboptionen und Sie k\u00f6nnen die Farbe Ihrer Wahl ausw\u00e4hlen. <br><img loading=\"lazy\" decoding=\"async\" title=\"2-Farben-Liste \u2013 w\u00e4hlen Sie eine aus\" src=\"https:\/\/exceladvisor.org\/wp-content\/uploads\/2023\/08\/2-liste-de-couleur-choisir-un.png\" sizes=\"auto, \" srcset=\"\" alt=\"list-of-color-choose-one\" width=\"429\" height=\"317\"><\/li><li> Sobald Sie die Farbe ausgew\u00e4hlt haben, k\u00f6nnen Sie sehen, dass Ihr Cursor in einen Zeichenstift umgewandelt wird.<\/li><li> Und jetzt k\u00f6nnen Sie mit einem Bleistift den Rand der gew\u00fcnschten Zellen in der gew\u00e4hlten Farbe zeichnen.<\/li><\/ol><p> Wie Sie sehen, hat sich die Randfarbe der oberen Reihe ge\u00e4ndert. <\/p><div class=\"wp-block-image\"><figure class=\"aligncenter size-full is-resized\"><img loading=\"lazy\" decoding=\"async\" class=\"wp-image-78010\" src=\"https:\/\/exceladvisor.org\/wp-content\/uploads\/2023\/08\/3-bordure-de-la-rangee-du-haut-a-change.png\" sizes=\"auto, \" srcset=\"\" alt=\"die-grenze-der-oberen-linie-hat-sich-ge\u00e4ndert\" width=\"390\" height=\"220\"><\/figure><\/div><p class=\"qt-tip\"> Hinweis: Mit dieser Methode k\u00f6nnen Sie die Rahmenfarbe \u00e4ndern, ohne zuerst die Zellen auszuw\u00e4hlen.<\/p><h2 class=\"wp-block-heading\"> \u00c4ndern Sie die Rahmenfarbe mit der Option \u201eZellen formatieren\u201c.<\/h2><p> Es gibt mehrere Schritte, um die Rahmenfarbe im Dialogfeld \u201eZellen formatieren\u201c zu \u00e4ndern.<\/p><ol><li> Bei dieser Methode m\u00fcssen Sie den Zellbereich ausw\u00e4hlen, dessen Rahmenfarben Sie \u00e4ndern m\u00f6chten.<\/li><li> Klicken Sie anschlie\u00dfend mit der rechten Maustaste auf die ausgew\u00e4hlten Zellen und w\u00e4hlen Sie die Option \u201eZellen formatieren\u201c. <br><img loading=\"lazy\" decoding=\"async\" title=\"4-W\u00e4hlen Sie das Formatieren von Zellen aus, indem Sie mit der rechten Maustaste auf die ausgew\u00e4hlte Zelle klicken\" src=\"https:\/\/exceladvisor.org\/wp-content\/uploads\/2023\/08\/4-selectionnez-les-cellules-de-format-par-un-clic-droit-sur-la-cellule-selectionnee.png\" sizes=\"auto, \" srcset=\"\" alt=\"select-format-cells-by-right-click-on-selected-cell\" width=\"472\" height=\"335\"><\/li><li> Klicken Sie im ge\u00f6ffneten Dialogfeld \u201eZellen formatieren\u201c auf die Registerkarte \u201eRahmen\u201c, um die Farbe der Rahmenzelle anzupassen.<\/li><li> Klicken Sie nun auf die Dropdown-Liste \u201eFarbe\u201c und w\u00e4hlen Sie aus der folgenden Liste die Farbe aus, mit der der Zellenrand ge\u00e4ndert werden soll. <br><img loading=\"lazy\" decoding=\"async\" title=\"Dialogfeld 5: W\u00e4hlen Sie eine beliebige Farbe im Format der Zellen aus\" src=\"https:\/\/exceladvisor.org\/wp-content\/uploads\/2023\/08\/5-choisissez-nimporte-quelle-couleur-dans-la-boite-de-dialogue-Formater-les-cellules.png\" sizes=\"auto, \" srcset=\"\" alt=\"pick-any-color-from-format-cells-dialog-box\" width=\"463\" height=\"459\"><\/li><li> W\u00e4hlen Sie dann einen der Rahmenstile aus den besten Voreinstellungen.<\/li><li> Nachdem Sie die Rahmen- und Farbeinstellungen ge\u00e4ndert haben, klicken Sie zum \u00dcbernehmen auf die Schaltfl\u00e4che \u201eOK\u201c. <br><img loading=\"lazy\" decoding=\"async\" title=\"6-Rahmen-aus-Voreinstellungen ausw\u00e4hlen\" src=\"https:\/\/exceladvisor.org\/wp-content\/uploads\/2023\/08\/6-selectionner-la-bordure-a-partir-des-prereglages.png\" sizes=\"auto, \" srcset=\"\" alt=\"select-border-from-presets\" width=\"446\" height=\"434\"><\/li><li> Am Ende sehen Sie, dass sich die Randfarbe der ausgew\u00e4hlten Zellen der Spalte C im Arbeitsblatt von Schwarz auf Rot ge\u00e4ndert hat. <br><img loading=\"lazy\" decoding=\"async\" title=\"7-Rahmenfarbe-der-Spalte-C-Zellen \u00e4ndern\" src=\"https:\/\/exceladvisor.org\/wp-content\/uploads\/2023\/08\/7-changer-la-couleur-de-la-bordure-des-cellules-de-la-colonne-c.png\" sizes=\"auto, \" srcset=\"\" alt=\"change-border-color-of-column-C-cells\" width=\"343\" height=\"192\"><\/li><\/ol><h2 class=\"wp-block-heading\"> \u00c4ndern Sie die Rasterfarbe, um sie als Rahmen zu verwenden<\/h2><p> Wenn Sie in einem Arbeitsblatt keinen Rahmen verwenden m\u00f6chten, gibt es eine weitere praktische Option: \u00c4ndern Sie die Rasterfarbe f\u00fcr das gesamte Arbeitsblatt.<\/p><p> Mit dieser Methode k\u00f6nnen Sie die Rasterfarbe des gesamten Arbeitsblatts \u00e4ndern, anstatt eine bestimmte Anzahl von Zellen auszuw\u00e4hlen, indem Sie die folgenden Schritte ausf\u00fchren:<\/p><ol><li> Klicken Sie zun\u00e4chst auf die Registerkarte \u201eDatei\u201c und w\u00e4hlen Sie \u201eOptionen\u201c unter \u201eMehr\u201c. <br><img loading=\"lazy\" decoding=\"async\" title=\"8-Klick-auf-Datei-Auswahloptionen\" src=\"https:\/\/exceladvisor.org\/wp-content\/uploads\/2023\/08\/8-cliquez-sur-le-fichier-choisissez-les-options.png\" sizes=\"auto, \" srcset=\"\" alt=\"click-on-file-choose-options\" width=\"452\" height=\"461\"><\/li><li> Das Fenster <a href=\"https:\/\/exceladvisor.org\/de\/optionen\/\">\u201eExcel-Optionen\u201c<\/a> wird angezeigt. Klicken Sie dann im Men\u00fc auf die Option \u201eErweitert\u201c.<\/li><li> Scrollen Sie nun in der Liste der Optionen auf der rechten Seite nach unten und sehen Sie sich die Anzeigeoptionen f\u00fcr diese Tabelle an.<\/li><li> Darin sehen Sie die Option \u201eRasterfarbe\u201c in der Kategorie \u201eRaster anzeigen\u201c. <br><img loading=\"lazy\" decoding=\"async\" title=\"9-in-Excel-Optionen-Dialogfeld-Auswahl-erweiterter-Einstellungen\" src=\"https:\/\/exceladvisor.org\/wp-content\/uploads\/2023\/08\/9-dans-la-boite-de-dialogue-des-options-Excel-selectionnez-les-parametres-avances.png\" sizes=\"auto, \" srcset=\"\" alt=\"in-Excel-options-dialog-box-select-advanced-settings\" width=\"556\" height=\"302\"><\/li><li> Klicken Sie auf die Dropdown-Liste \u201eRasterfarbe\u201c, um die gew\u00fcnschte Farbe auszuw\u00e4hlen, und dr\u00fccken Sie dann \u201eOK\u201c. <br><img loading=\"lazy\" decoding=\"async\" title=\"10-Gitterlinienfarbe ausw\u00e4hlen und auf OK klicken\" src=\"https:\/\/exceladvisor.org\/wp-content\/uploads\/2023\/08\/10-selectionnez-la-couleur-du-quadrillage-et-cliquez-sur-OK.png\" sizes=\"auto, \" srcset=\"\" alt=\"select-gridline-color-and-click-ok\" width=\"531\" height=\"337\"><\/li><li> Schlie\u00dflich k\u00f6nnen Sie sehen, dass sich die Rahmenfarbe des gesamten Arbeitsblatts in Rot ge\u00e4ndert hat. <br><img loading=\"lazy\" decoding=\"async\" title=\"11-Gitterlinienfarbe-des-gesamten-Blatts-hat-sich-ge\u00e4ndert\" src=\"https:\/\/exceladvisor.org\/wp-content\/uploads\/2023\/08\/11-la-couleur-du-quadrillage-de-la-feuille-entiere-a-change.png\" sizes=\"auto, \" srcset=\"\" alt=\"gridline-color-of-entire-sheet-has-changed\" width=\"381\" height=\"198\"><\/li><\/ol><div class=\"gb-container gb-container-4db6181c gb-container-mt\"> <a class=\"gb-button gb-button-c5897111 gb-button-text gb-button-mt-button\" href=\"https:\/\/exceladvisor.org\/de\/excel-grundlagen\/\">Microsoft Excel-Grundlagen (Komponenten, Teile und Wissenshinweise)<\/a><h2 class=\"gb-headline gb-headline-665e5f6b gb-headline-text gb-headline-mt-heading\"> Verwandte Tutorials <\/h2><div class=\"gb-grid-wrapper gb-grid-wrapper-a20baf7c gb-grid-wrapper-mt-grid\"><div class=\"gb-grid-column gb-grid-column-65ddf67e\"><div class=\"gb-container gb-container-65ddf67e\"><ul><li> <a href=\"https:\/\/exceladvisor.org\/de\/buchhaltungsnummernformat\/\">Wenden Sie das Buchhaltungsnummernformat in Excel an<\/a><\/li><li> <a href=\"https:\/\/exceladvisor.org\/de\/zellfarbe\/\">Wenden Sie eine Hintergrundfarbe auf eine Zelle oder das gesamte Blatt in Excel an<\/a><\/li><li> <a href=\"https:\/\/exceladvisor.org\/de\/das-gitter\/\">Excel-Gitternetzlinien drucken (l\u00f6schen, k\u00fcrzen und Farbe \u00e4ndern)<\/a><\/li><li> <a href=\"https:\/\/exceladvisor.org\/de\/fugen-sie-eine-seitenzahl-hinzu\/\">F\u00fcgen Sie in Excel eine Seitenzahl hinzu<\/a><\/li><li> <a href=\"https:\/\/exceladvisor.org\/de\/komma-stil-anwenden\/\">Wenden Sie den Kommastil in Excel an<\/a> <\/li><\/ul><\/div><\/div><div class=\"gb-grid-column gb-grid-column-50067b57\"><div class=\"gb-container gb-container-50067b57\"><\/div><\/div><\/div><\/div>","protected":false},"excerpt":{"rendered":"","protected":false},"author":1,"featured_media":0,"parent":0,"menu_order":0,"comment_status":"open","ping_status":"closed","template":"","meta":{"ub_ctt_via":"","footnotes":""},"class_list":["post-3350","page","type-page","status-publish","hentry"],"featured_image_src":null,"yoast_head":"<!-- This site is optimized with the Yoast SEO plugin v25.4 - https:\/\/yoast.com\/wordpress\/plugins\/seo\/ -->\n<title>\u25b7 Wie \u00e4ndere ich die Rahmenfarbe in Excel?<\/title>\n<meta name=\"description\" content=\"In diesem Tutorial sehen wir uns die Schritte zum \u00c4ndern der Rahmenfarbe ausgew\u00e4hlter Zellen sowie zum \u00c4ndern an\" \/>\n<meta name=\"robots\" content=\"index, follow, max-snippet:-1, max-image-preview:large, max-video-preview:-1\" \/>\n<link rel=\"canonical\" href=\"https:\/\/exceladvisor.org\/de\/randfarbe-andern\/\" \/>\n<meta property=\"og:locale\" content=\"de_DE\" \/>\n<meta property=\"og:type\" content=\"article\" \/>\n<meta property=\"og:title\" content=\"\u25b7 Wie \u00e4ndere ich die Rahmenfarbe in Excel?\" \/>\n<meta property=\"og:description\" content=\"In diesem Tutorial sehen wir uns die Schritte zum \u00c4ndern der Rahmenfarbe ausgew\u00e4hlter Zellen sowie zum \u00c4ndern an\" \/>\n<meta property=\"og:url\" content=\"https:\/\/exceladvisor.org\/de\/randfarbe-andern\/\" \/>\n<meta property=\"og:site_name\" content=\"Excel Advisor\" \/>\n<meta property=\"article:modified_time\" content=\"2023-12-03T11:13:44+00:00\" \/>\n<meta property=\"og:image\" content=\"https:\/\/exceladvisor.org\/wp-content\/uploads\/2023\/08\/1-bordure-deroulante-selectionner-la-couleur-de-la-ligne.png\" \/>\n<meta name=\"twitter:card\" content=\"summary_large_image\" \/>\n<meta name=\"twitter:label1\" content=\"Gesch\u00e4tzte Lesezeit\" \/>\n\t<meta name=\"twitter:data1\" content=\"3\u00a0Minuten\" \/>\n<script type=\"application\/ld+json\" class=\"yoast-schema-graph\">{\"@context\":\"https:\/\/schema.org\",\"@graph\":[{\"@type\":\"WebPage\",\"@id\":\"https:\/\/exceladvisor.org\/de\/randfarbe-andern\/\",\"url\":\"https:\/\/exceladvisor.org\/de\/randfarbe-andern\/\",\"name\":\"\u25b7 Wie \u00e4ndere ich die Rahmenfarbe in Excel?\",\"isPartOf\":{\"@id\":\"https:\/\/exceladvisor.org\/de\/#website\"},\"primaryImageOfPage\":{\"@id\":\"https:\/\/exceladvisor.org\/de\/randfarbe-andern\/#primaryimage\"},\"image\":{\"@id\":\"https:\/\/exceladvisor.org\/de\/randfarbe-andern\/#primaryimage\"},\"thumbnailUrl\":\"https:\/\/exceladvisor.org\/wp-content\/uploads\/2023\/08\/1-bordure-deroulante-selectionner-la-couleur-de-la-ligne.png\",\"datePublished\":\"2023-10-31T03:03:59+00:00\",\"dateModified\":\"2023-12-03T11:13:44+00:00\",\"description\":\"In diesem Tutorial sehen wir uns die Schritte zum \u00c4ndern der Rahmenfarbe ausgew\u00e4hlter Zellen sowie zum \u00c4ndern an\",\"breadcrumb\":{\"@id\":\"https:\/\/exceladvisor.org\/de\/randfarbe-andern\/#breadcrumb\"},\"inLanguage\":\"de\",\"potentialAction\":[{\"@type\":\"ReadAction\",\"target\":[\"https:\/\/exceladvisor.org\/de\/randfarbe-andern\/\"]}]},{\"@type\":\"ImageObject\",\"inLanguage\":\"de\",\"@id\":\"https:\/\/exceladvisor.org\/de\/randfarbe-andern\/#primaryimage\",\"url\":\"https:\/\/exceladvisor.org\/wp-content\/uploads\/2023\/08\/1-bordure-deroulante-selectionner-la-couleur-de-la-ligne.png\",\"contentUrl\":\"https:\/\/exceladvisor.org\/wp-content\/uploads\/2023\/08\/1-bordure-deroulante-selectionner-la-couleur-de-la-ligne.png\"},{\"@type\":\"BreadcrumbList\",\"@id\":\"https:\/\/exceladvisor.org\/de\/randfarbe-andern\/#breadcrumb\",\"itemListElement\":[{\"@type\":\"ListItem\",\"position\":1,\"name\":\"Accueil\",\"item\":\"https:\/\/exceladvisor.org\/de\/\"},{\"@type\":\"ListItem\",\"position\":2,\"name\":\"Wie \u00e4ndere ich die rahmenfarbe in excel?\"}]},{\"@type\":\"WebSite\",\"@id\":\"https:\/\/exceladvisor.org\/de\/#website\",\"url\":\"https:\/\/exceladvisor.org\/de\/\",\"name\":\"Excel Advisor\",\"description\":\"Ihr Leitfaden zur Datendominanz\",\"publisher\":{\"@id\":\"https:\/\/exceladvisor.org\/de\/#organization\"},\"potentialAction\":[{\"@type\":\"SearchAction\",\"target\":{\"@type\":\"EntryPoint\",\"urlTemplate\":\"https:\/\/exceladvisor.org\/de\/?s={search_term_string}\"},\"query-input\":{\"@type\":\"PropertyValueSpecification\",\"valueRequired\":true,\"valueName\":\"search_term_string\"}}],\"inLanguage\":\"de\"},{\"@type\":\"Organization\",\"@id\":\"https:\/\/exceladvisor.org\/de\/#organization\",\"name\":\"Excel Advisor\",\"url\":\"https:\/\/exceladvisor.org\/de\/\",\"logo\":{\"@type\":\"ImageObject\",\"inLanguage\":\"de\",\"@id\":\"https:\/\/exceladvisor.org\/de\/#\/schema\/logo\/image\/\",\"url\":\"https:\/\/exceladvisor.org\/de\/wp-content\/uploads\/2023\/11\/exceladvisor.org_.png\",\"contentUrl\":\"https:\/\/exceladvisor.org\/de\/wp-content\/uploads\/2023\/11\/exceladvisor.org_.png\",\"width\":105,\"height\":36,\"caption\":\"Excel Advisor\"},\"image\":{\"@id\":\"https:\/\/exceladvisor.org\/de\/#\/schema\/logo\/image\/\"}}]}<\/script>\n<!-- \/ Yoast SEO plugin. -->","yoast_head_json":{"title":"\u25b7 Wie \u00e4ndere ich die Rahmenfarbe in Excel?","description":"In diesem Tutorial sehen wir uns die Schritte zum \u00c4ndern der Rahmenfarbe ausgew\u00e4hlter Zellen sowie zum \u00c4ndern an","robots":{"index":"index","follow":"follow","max-snippet":"max-snippet:-1","max-image-preview":"max-image-preview:large","max-video-preview":"max-video-preview:-1"},"canonical":"https:\/\/exceladvisor.org\/de\/randfarbe-andern\/","og_locale":"de_DE","og_type":"article","og_title":"\u25b7 Wie \u00e4ndere ich die Rahmenfarbe in Excel?","og_description":"In diesem Tutorial sehen wir uns die Schritte zum \u00c4ndern der Rahmenfarbe ausgew\u00e4hlter Zellen sowie zum \u00c4ndern an","og_url":"https:\/\/exceladvisor.org\/de\/randfarbe-andern\/","og_site_name":"Excel Advisor","article_modified_time":"2023-12-03T11:13:44+00:00","og_image":[{"url":"https:\/\/exceladvisor.org\/wp-content\/uploads\/2023\/08\/1-bordure-deroulante-selectionner-la-couleur-de-la-ligne.png","type":"","width":"","height":""}],"twitter_card":"summary_large_image","twitter_misc":{"Gesch\u00e4tzte Lesezeit":"3\u00a0Minuten"},"schema":{"@context":"https:\/\/schema.org","@graph":[{"@type":"WebPage","@id":"https:\/\/exceladvisor.org\/de\/randfarbe-andern\/","url":"https:\/\/exceladvisor.org\/de\/randfarbe-andern\/","name":"\u25b7 Wie \u00e4ndere ich die Rahmenfarbe in Excel?","isPartOf":{"@id":"https:\/\/exceladvisor.org\/de\/#website"},"primaryImageOfPage":{"@id":"https:\/\/exceladvisor.org\/de\/randfarbe-andern\/#primaryimage"},"image":{"@id":"https:\/\/exceladvisor.org\/de\/randfarbe-andern\/#primaryimage"},"thumbnailUrl":"https:\/\/exceladvisor.org\/wp-content\/uploads\/2023\/08\/1-bordure-deroulante-selectionner-la-couleur-de-la-ligne.png","datePublished":"2023-10-31T03:03:59+00:00","dateModified":"2023-12-03T11:13:44+00:00","description":"In diesem Tutorial sehen wir uns die Schritte zum \u00c4ndern der Rahmenfarbe ausgew\u00e4hlter Zellen sowie zum \u00c4ndern an","breadcrumb":{"@id":"https:\/\/exceladvisor.org\/de\/randfarbe-andern\/#breadcrumb"},"inLanguage":"de","potentialAction":[{"@type":"ReadAction","target":["https:\/\/exceladvisor.org\/de\/randfarbe-andern\/"]}]},{"@type":"ImageObject","inLanguage":"de","@id":"https:\/\/exceladvisor.org\/de\/randfarbe-andern\/#primaryimage","url":"https:\/\/exceladvisor.org\/wp-content\/uploads\/2023\/08\/1-bordure-deroulante-selectionner-la-couleur-de-la-ligne.png","contentUrl":"https:\/\/exceladvisor.org\/wp-content\/uploads\/2023\/08\/1-bordure-deroulante-selectionner-la-couleur-de-la-ligne.png"},{"@type":"BreadcrumbList","@id":"https:\/\/exceladvisor.org\/de\/randfarbe-andern\/#breadcrumb","itemListElement":[{"@type":"ListItem","position":1,"name":"Accueil","item":"https:\/\/exceladvisor.org\/de\/"},{"@type":"ListItem","position":2,"name":"Wie \u00e4ndere ich die rahmenfarbe in excel?"}]},{"@type":"WebSite","@id":"https:\/\/exceladvisor.org\/de\/#website","url":"https:\/\/exceladvisor.org\/de\/","name":"Excel Advisor","description":"Ihr Leitfaden zur Datendominanz","publisher":{"@id":"https:\/\/exceladvisor.org\/de\/#organization"},"potentialAction":[{"@type":"SearchAction","target":{"@type":"EntryPoint","urlTemplate":"https:\/\/exceladvisor.org\/de\/?s={search_term_string}"},"query-input":{"@type":"PropertyValueSpecification","valueRequired":true,"valueName":"search_term_string"}}],"inLanguage":"de"},{"@type":"Organization","@id":"https:\/\/exceladvisor.org\/de\/#organization","name":"Excel Advisor","url":"https:\/\/exceladvisor.org\/de\/","logo":{"@type":"ImageObject","inLanguage":"de","@id":"https:\/\/exceladvisor.org\/de\/#\/schema\/logo\/image\/","url":"https:\/\/exceladvisor.org\/de\/wp-content\/uploads\/2023\/11\/exceladvisor.org_.png","contentUrl":"https:\/\/exceladvisor.org\/de\/wp-content\/uploads\/2023\/11\/exceladvisor.org_.png","width":105,"height":36,"caption":"Excel Advisor"},"image":{"@id":"https:\/\/exceladvisor.org\/de\/#\/schema\/logo\/image\/"}}]}},"yoast_meta":{"yoast_wpseo_title":"","yoast_wpseo_metadesc":"","yoast_wpseo_canonical":""},"_links":{"self":[{"href":"https:\/\/exceladvisor.org\/de\/wp-json\/wp\/v2\/pages\/3350","targetHints":{"allow":["GET"]}}],"collection":[{"href":"https:\/\/exceladvisor.org\/de\/wp-json\/wp\/v2\/pages"}],"about":[{"href":"https:\/\/exceladvisor.org\/de\/wp-json\/wp\/v2\/types\/page"}],"author":[{"embeddable":true,"href":"https:\/\/exceladvisor.org\/de\/wp-json\/wp\/v2\/users\/1"}],"replies":[{"embeddable":true,"href":"https:\/\/exceladvisor.org\/de\/wp-json\/wp\/v2\/comments?post=3350"}],"version-history":[{"count":1,"href":"https:\/\/exceladvisor.org\/de\/wp-json\/wp\/v2\/pages\/3350\/revisions"}],"predecessor-version":[{"id":3853,"href":"https:\/\/exceladvisor.org\/de\/wp-json\/wp\/v2\/pages\/3350\/revisions\/3853"}],"wp:attachment":[{"href":"https:\/\/exceladvisor.org\/de\/wp-json\/wp\/v2\/media?parent=3350"}],"curies":[{"name":"wp","href":"https:\/\/api.w.org\/{rel}","templated":true}]}}