{"id":3351,"date":"2023-10-31T02:53:41","date_gmt":"2023-10-31T02:53:41","guid":{"rendered":"https:\/\/exceladvisor.org\/de\/stange\/"},"modified":"2023-12-03T11:22:10","modified_gmt":"2023-12-03T11:22:10","slug":"stange","status":"publish","type":"page","link":"https:\/\/exceladvisor.org\/de\/stange\/","title":{"rendered":"Wie kann ich \u00fcberall in excel eine durchstreichung anwenden?"},"content":{"rendered":"<div class=\"excel-vor-dem-inhalt\" id=\"excel-2182600897\"><script type=\"text\/javascript\">\r\n\tatOptions = {\r\n\t\t'key' : 'c1158f160081d6540a8409e6925dab94',\r\n\t\t'format' : 'iframe',\r\n\t\t'height' : 250,\r\n\t\t'width' : 300,\r\n\t\t'params' : {}\r\n\t};\r\n<\/script>\r\n<script type=\"text\/javascript\" src=\"\/\/www.highperformanceformat.com\/c1158f160081d6540a8409e6925dab94\/invoke.js\"><\/script><\/div> <p>Vor ein paar Tagen habe ich \u00fcber verschiedene M\u00f6glichkeiten geschrieben <a style=\"outline: none;\" href=\"https:\/\/exceladvisor.org\/de\/hakchen-2\/\" data-wpil=\"url\">, in Excel ein H\u00e4kchen<\/a> f\u00fcr erledigte Aufgaben hinzuzuf\u00fcgen. Aber sie sind auch etwas anderes, was wir nutzen k\u00f6nnen:<\/p><p> Es ist \u279c <strong>Durchgestrichen<\/strong><\/p><p> Das bedeutet, eine Linie durch einen Wert in einer Zelle zu ziehen. In Microsoft Word befindet sich die Option zum Durchstreichen von Text auf der Registerkarte \u201eStartseite\u201c der Multifunktionsleiste. Daher ist die Anwendung sehr einfach.<\/p><p> In Excel haben wir keine direkte M\u00f6glichkeit, eine Zelle durchzustreichen. Im Men\u00fcband sind keine Schaltfl\u00e4chen oder Optionen vorhanden. Das hei\u00dft aber nicht, dass wir das nicht schaffen k\u00f6nnen.<\/p><p> Tats\u00e4chlich haben wir daf\u00fcr mehr als eine Methode. Deshalb m\u00f6chte ich Ihnen heute in diesem Artikel f\u00fcnf verschiedene Methoden vorstellen, die Sie zum Durchstreichen in Excel verwenden k\u00f6nnen.<\/p><h2 id=\"tab-con-3\" class=\"wp-block-heading\"> 1. Tastenkombination zum Durchstreichen einer Zelle<\/h2><p> Nehmen wir an, Sie haben es eilig und m\u00f6chten keine Zeit verschwenden, dann ist eine Tastenkombination die perfekte Option f\u00fcr Sie. Um eine Zelle durchzustreichen, k\u00f6nnen Sie Folgendes verwenden: <\/p><div class=\"wp-block-image\"><figure class=\"aligncenter\"><img decoding=\"async\" src=\"https:\/\/exceladvisor.org\/wp-content\/uploads\/2023\/08\/raccourci-clavier-barre-windows-excel-1.png\" sizes=\"\" srcset=\"\" alt=\"Gesperrte Tastenkombination f\u00fcr Windows Excel\"><\/figure><\/div><p> Und wenn Sie einen Mac verwenden, k\u00f6nnen Sie die <a href=\"https:\/\/exceladvisor.org\/de\/tastaturkurzel\/\">Tastenkombination<\/a> verwenden: <\/p><div class=\"wp-block-image\"><figure class=\"aligncenter\"><img decoding=\"async\" src=\"https:\/\/exceladvisor.org\/wp-content\/uploads\/2023\/08\/raccourci-clavier-barre-mac-excel-1.png\" sizes=\"\" srcset=\"\" alt=\"Gesperrte Tastenkombination f\u00fcr Mac Excel\"><\/figure><\/div><p> Aber hier ist der Clou:<\/p><p> Wenn Sie es auf einen bestimmten Teil des Textes in einer Zelle anwenden m\u00f6chten, k\u00f6nnen Sie die Zelle bearbeiten, nur diesen Teil des Textes ausw\u00e4hlen und dann die Tastenkombination verwenden.<\/p><p> Und wenn Sie es auf mehrere Zellen anwenden m\u00f6chten, w\u00e4hlen Sie den gesamten Bereich oder <a style=\"outline: none;\" href=\"https:\/\/exceladvisor.org\/de\/wahlen-sie-nicht-zusammenhangende-zellen-aus\/\" data-wpel-link=\"internal\">den nicht kontinuierlichen Zellbereich aus<\/a> und verwenden Sie dann die Verkn\u00fcpfung.<\/p><h2 id=\"tab-con-4\" class=\"wp-block-heading\"> 2. F\u00fcgen Sie dem QAT eine durchgestrichene Schaltfl\u00e4che hinzu<\/h2><p> Sie fragen sich vielleicht. Ja, richtig, wir k\u00f6nnen auf QAT eine Schaltfl\u00e4che zum Durchstreichen hinzuf\u00fcgen und dann jedes Mal einen einzigen Klick ausf\u00fchren. Hier sind die Schritte f\u00fcr dieses einzigartige Setup.<\/p><ol><li> Gehen Sie zun\u00e4chst zu Datei \u279c Optionen \u279c <a href=\"https:\/\/exceladvisor.org\/de\/schnellzugriffsleiste\/\" data-wpel-link=\"internal\">Symbolleiste f\u00fcr den Schnellzugriff<\/a> . <br><img loading=\"lazy\" decoding=\"async\" title=\"gesperrtes Excel-Open-Qat\" src=\"https:\/\/exceladvisor.org\/wp-content\/uploads\/2023\/08\/barre-excel-ouvert-qat-1.png\" sizes=\"auto, \" srcset=\"\" alt=\"\" width=\"249\" height=\"249\"><\/li><li> W\u00e4hlen Sie anschlie\u00dfend unter \u201eBefehle ausw\u00e4hlen aus\u201c die Option \u201eBefehle nicht im Men\u00fcband\u201c aus.<\/li><li> W\u00e4hlen Sie nun \u201eDurchgestrichen\u201c aus der Liste aus und f\u00fcgen Sie es dem QAT hinzu. <br><img loading=\"lazy\" decoding=\"async\" title=\"durchgestrichen-Excel-zu-Qat hinzuf\u00fcgen\" src=\"https:\/\/exceladvisor.org\/wp-content\/uploads\/2023\/08\/barre-excel-ajouter-a-qat-1.png\" sizes=\"auto, \" srcset=\"\" alt=\"\" width=\"461\" height=\"470\"><\/li><li> OK klicken.<\/li><\/ol><p> Sie haben jetzt ein QAT-Symbol und k\u00f6nnen mit einem Klick die Durchstreichung anwenden. <\/p><div class=\"wp-block-image\"><figure class=\"aligncenter\"><img decoding=\"async\" src=\"https:\/\/exceladvisor.org\/wp-content\/uploads\/2023\/08\/barre-excel-qat-1.png\" sizes=\"\" srcset=\"\" alt=\"\"><\/figure><\/div><p> Diese Schaltfl\u00e4che funktioniert auch, wenn Sie sie auf einen bestimmten Teil eines Textes und auf mehrere Zellen anwenden m\u00f6chten.<\/p><h2 id=\"tab-con-5\" class=\"wp-block-heading\"> 3. Wenden Sie die Option \u201eDurchgestrichen vom Format\u201c an<\/h2><p> Wie gesagt, es gibt in Excel keine direkte Option zum Durchstreichen, aber tats\u00e4chlich gibt es eine Option, auf die Sie \u00fcber die Formatoptionen zugreifen k\u00f6nnen. Das m\u00fcssen Sie tun.<\/p><ol><li> W\u00e4hlen Sie alle Zellen aus, auf die Sie es anwenden m\u00f6chten.<\/li><li> Verwenden Sie die Tastenkombination Strg + 1, um die Formatoptionen zu \u00f6ffnen.<\/li><li> Aktivieren Sie auf der Registerkarte \u201eSchriftart\u201c die Option \u201eDurchgestrichen\u201c. <br><img loading=\"lazy\" decoding=\"async\" title=\"Excel-Formatoption durchgestrichen\" src=\"https:\/\/exceladvisor.org\/wp-content\/uploads\/2023\/08\/option-de-format-Excel-barre-1.png\" sizes=\"auto, \" srcset=\"\" alt=\"\" width=\"484\" height=\"424\"><\/li><li> OK klicken.<\/li><\/ol><p> Dies funktioniert genauso wie die anderen Optionen. Sie k\u00f6nnen es auf mehrere Zellen und Teiltext anwenden. <strong>M\u00f6chten Sie das Beste wissen?<\/strong> Dar\u00fcber k\u00f6nnen Sie auch auf andere Formatierungsoptionen zugreifen, die Sie nirgendwo im Men\u00fcband finden.<\/p><h2 id=\"tab-con-6\" class=\"wp-block-heading\"> 4. F\u00fchren Sie einen VBA-Code aus, um die Durchstreichung anzuwenden<\/h2><p> Die Makrocodes funktionieren hervorragend und wenn Sie VBA zum Durchstreichen verwenden m\u00f6chten, finden Sie hier den Code f\u00fcr Sie.<\/p><pre class=\"wp-block-code\"> <code class=\"language-visual-basic line-numbers\" lang=\"visual-basic\">Sub addstrikethrough() Dim rng As Range For Each rng In Selection rng.Font.Strikethrough = True Next rng End Sub<\/code><\/pre><p> Der obige Code hilft Ihnen dabei, ausgew\u00e4hlte Zellen durchzustreichen. Sie k\u00f6nnen es auch einer Form zuweisen, um eine Schaltfl\u00e4che zu erstellen.<\/p><h2 id=\"tab-con-7\" class=\"wp-block-heading\"> 5. Verwenden Sie die bedingte Formatierung, um Durchgestrichen anzuwenden<\/h2><p> <a style=\"outline: none;\" href=\"https:\/\/exceladvisor.org\/de\/formeln-1\/\" data-wpel-link=\"internal\" data-wpil=\"url\">Die bedingte Formatierung ist eine der besten M\u00f6glichkeiten, Formatierungen intelligent anzuwenden<\/a> . Schauen Sie sich die Checkliste unten an, in der ich ein <a style=\"outline: none;\" href=\"https:\/\/exceladvisor.org\/de\/kontrollkastchen\/\" data-wpel-link=\"internal\">Kontrollk\u00e4stchen<\/a> mit bedingter Formatierung verwendet habe, um Durchstreichen anzuwenden. <\/p><div class=\"wp-block-image\"><figure class=\"aligncenter\"><img decoding=\"async\" src=\"https:\/\/exceladvisor.org\/wp-content\/uploads\/2023\/08\/Inserer-une-case-a-cocher-dans-Excel-pour-creer-une-liste-de-controle-1.gif\" sizes=\"\" srcset=\"\" alt=\"\"><\/figure><\/div><p> Jedes Mal, wenn Sie ein K\u00e4stchen markieren, wird der Text in der entsprechenden Zelle durchgestrichen. Hier erfahren Sie, wie es geht.<\/p><ol><li> F\u00fcgen Sie zun\u00e4chst ein Kontrollk\u00e4stchen in die Tabelle ein. <br><img decoding=\"async\" title=\"Durchgestrichenes Excel-Einf\u00fcge-Kontrollk\u00e4stchen\" src=\"https:\/\/exceladvisor.org\/wp-content\/uploads\/2023\/08\/case-a-cocher-dinsertion-excel-barree-1.png\" sizes=\"\" srcset=\"\" alt=\"\"><\/li><li> Erstellen Sie anschlie\u00dfend einen Link zur Zelle A1 und \u00e4ndern Sie die Schriftfarbe von A1 in Wei\u00df. <br><img decoding=\"async\" title=\"Kontrollk\u00e4stchen Excel-Link durchgestrichen\" src=\"https:\/\/exceladvisor.org\/wp-content\/uploads\/2023\/08\/case-a-cocher-lien-excel-barre-1.png\" sizes=\"\" srcset=\"\" alt=\"\"><\/li><li> W\u00e4hlen Sie Zelle B1 aus und gehen Sie zur Registerkarte \u201eStartseite\u201c \u2192 \u201eStile\u201c \u2192 \u201eBedingte Formatierung\u201c \u2192 \u201eNeue Regel\u201c.<\/li><li> W\u00e4hlen Sie die Option \u201eEine Formel verwenden, um zu bestimmen, welche Zelle formatiert werden soll\u201c.<\/li><li> Geben Sie =IF(A1=TRUE,TRUE,FALSE) in die Formeleingabeleiste ein.<\/li><li> Klicken Sie nun auf die Formatierungsoption und \u00fcberpr\u00fcfen Sie die Durchstreichung. <br><img decoding=\"async\" title=\"Durchgestrichene-bedingte-Formatierung-Excel-Formel\" src=\"https:\/\/exceladvisor.org\/wp-content\/uploads\/2023\/08\/formule-de-mise-en-forme-conditionnelle-excel-barree.png\" sizes=\"\" srcset=\"\" alt=\"\"><\/li><li> Klicken Sie zweimal auf OK.<\/li><\/ol><p> Wenn Sie nun das Kontrollk\u00e4stchen aktivieren, wird der Text in der Zelle mit einer Schnittlinie markiert. <\/p><div class=\"wp-block-image\"><figure class=\"aligncenter\"><img decoding=\"async\" src=\"https:\/\/exceladvisor.org\/wp-content\/uploads\/2023\/08\/ajouter-Excel-barre-avec-une-case-a-cocher-1.gif\" sizes=\"\" srcset=\"\" alt=\"\"><\/figure><\/div><h2 id=\"tab-con-8\" class=\"wp-block-heading\"> [Bonus-Tipp] Durchgestrichen in Excel Online anwenden<\/h2><p> Wenn Sie die Excel-Webanwendung verwenden, m\u00fcssen Sie zufrieden sein, denn im Men\u00fcband gibt es eine Option, mit der Sie Durchstreichen anwenden k\u00f6nnen. <\/p><div class=\"wp-block-image\"><figure class=\"aligncenter\"><img decoding=\"async\" src=\"https:\/\/exceladvisor.org\/wp-content\/uploads\/2023\/08\/barre-excel-en-ligne-1.png\" sizes=\"\" srcset=\"\" alt=\"\"><\/figure><\/div><h2 id=\"tab-con-1\" class=\"wp-block-heading\"> Entfernen Sie die Durchstreichung einer Zelle<\/h2><p> Es ist sehr einfach, den Durchschlag von einer Zelle zu entfernen. Sie m\u00fcssen nur noch einmal den Hotkey (Strg + 5) verwenden.<\/p><p class=\"qt-tip\"> <span style=\"color: #ea493f;\"><strong>Wichtiger Hinweis:<\/strong><\/span> Wenn Sie es \u00fcber die bedingte Formatierung angewendet haben, k\u00f6nnen Sie es nicht mit der Tastenkombination entfernen, es sei denn, Sie entfernen die gesamte Formatierung aus der Zelle.<\/p><h2 id=\"tab-con-2\" class=\"wp-block-heading\"> Abschluss<\/h2><p> Sie k\u00f6nnen die Durchstreichung auch mit <a href=\"https:\/\/exceladvisor.org\/de\/malerformat\/\" data-wpel-link=\"internal\">dem Format Painter<\/a> von einer Zelle in eine andere kopieren und einf\u00fcgen. Das ist also die ganze Geschichte der Durchstreichung in Excel. Daf\u00fcr stehen Ihnen 5+1 verschiedene Methoden zur Verf\u00fcgung und alle sind einfach anzuwenden. Ich hoffe, dieser Tipp wird Ihnen helfen, Excel zu verbessern.<\/p><p> Jetzt sag mir eins. <span style=\"color: #ea493f;\">Haben Sie eine andere Methode zum Durchstreichen?<\/span> Und was ist Ihre bevorzugte Methode? Teilen Sie es mir im Kommentarbereich mit, ich w\u00fcrde mich freuen, von Ihnen zu h\u00f6ren. Und vergessen Sie nicht, diesen Tipp mit Ihren Freunden zu teilen.<\/p><p> Dieses Tutorial ist Teil unserer <a href=\"https:\/\/exceladvisor.org\/de\/hervorragende-fahigkeiten\/\" data-wpel-link=\"internal\">Excel-Grundkenntnisse<\/a> . Wenn Sie Ihre vorhandenen Excel-Kenntnisse verbessern m\u00f6chten, sehen Sie sich diese <a style=\"outline: none;\" href=\"https:\/\/exceladvisor.org\/de\/beratung\/\" data-wpel-link=\"internal\" data-wpil=\"url\">Excel-Tipps und -Tricks<\/a> an.<\/p><div class=\"gb-container gb-container-4db6181c gb-container-mt\"> <a class=\"gb-button gb-button-c5897111 gb-button-text gb-button-mt-button\" href=\"https:\/\/exceladvisor.org\/de\/excel-grundlagen\/\">Microsoft Excel-Grundlagen (Komponenten, Teile und Wissenshinweise)<\/a><h2 class=\"gb-headline gb-headline-665e5f6b gb-headline-text gb-headline-mt-heading\"> Verwandte Tutorials <\/h2><div class=\"gb-grid-wrapper gb-grid-wrapper-a20baf7c gb-grid-wrapper-mt-grid\"><div class=\"gb-grid-column gb-grid-column-65ddf67e\"><div class=\"gb-container gb-container-65ddf67e\"><ul><li> <a href=\"https:\/\/exceladvisor.org\/de\/buchhaltungsnummernformat\/\">Wenden Sie das Buchhaltungsnummernformat in Excel an<\/a><\/li><li> <a href=\"https:\/\/exceladvisor.org\/de\/zellfarbe\/\">Wenden Sie eine Hintergrundfarbe auf eine Zelle oder das gesamte Blatt in Excel an<\/a><\/li><li> <a href=\"https:\/\/exceladvisor.org\/de\/das-gitter\/\">Excel-Gitternetzlinien drucken (l\u00f6schen, k\u00fcrzen und Farbe \u00e4ndern)<\/a><\/li><li> <a href=\"https:\/\/exceladvisor.org\/de\/fugen-sie-eine-seitenzahl-hinzu\/\">F\u00fcgen Sie in Excel eine Seitenzahl hinzu<\/a><\/li><li> <a href=\"https:\/\/exceladvisor.org\/de\/pi-symbol\/\">F\u00fcgen Sie das PI-Symbol (\u03c0) in Excel ein<\/a> <\/li><\/ul><\/div><\/div><div class=\"gb-grid-column gb-grid-column-50067b57\"><div class=\"gb-container gb-container-50067b57\"><\/div><\/div><\/div><\/div>","protected":false},"excerpt":{"rendered":"","protected":false},"author":1,"featured_media":0,"parent":0,"menu_order":0,"comment_status":"open","ping_status":"closed","template":"","meta":{"ub_ctt_via":"","footnotes":""},"class_list":["post-3351","page","type-page","status-publish","hentry"],"featured_image_src":null,"yoast_head":"<!-- This site is optimized with the Yoast SEO plugin v25.4 - https:\/\/yoast.com\/wordpress\/plugins\/seo\/ -->\n<title>\u25b7 Wie kann ich irgendwo in Excel eine Durchstreichung anwenden?<\/title>\n<meta name=\"description\" content=\"In Excel gibt es keine direkte M\u00f6glichkeit, eine Zelle durchzustreichen. Im Men\u00fcband sind keine Schaltfl\u00e4chen oder Optionen vorhanden.\" \/>\n<meta name=\"robots\" content=\"index, follow, max-snippet:-1, max-image-preview:large, max-video-preview:-1\" \/>\n<link rel=\"canonical\" href=\"https:\/\/exceladvisor.org\/de\/stange\/\" \/>\n<meta property=\"og:locale\" content=\"de_DE\" \/>\n<meta property=\"og:type\" content=\"article\" \/>\n<meta property=\"og:title\" content=\"\u25b7 Wie kann ich irgendwo in Excel eine Durchstreichung anwenden?\" \/>\n<meta property=\"og:description\" content=\"In Excel gibt es keine direkte M\u00f6glichkeit, eine Zelle durchzustreichen. Im Men\u00fcband sind keine Schaltfl\u00e4chen oder Optionen vorhanden.\" \/>\n<meta property=\"og:url\" content=\"https:\/\/exceladvisor.org\/de\/stange\/\" \/>\n<meta property=\"og:site_name\" content=\"Excel Advisor\" \/>\n<meta property=\"article:modified_time\" content=\"2023-12-03T11:22:10+00:00\" \/>\n<meta property=\"og:image\" content=\"https:\/\/exceladvisor.org\/wp-content\/uploads\/2023\/08\/raccourci-clavier-barre-windows-excel-1.png\" \/>\n<meta name=\"twitter:card\" content=\"summary_large_image\" \/>\n<meta name=\"twitter:label1\" content=\"Gesch\u00e4tzte Lesezeit\" \/>\n\t<meta name=\"twitter:data1\" content=\"5\u00a0Minuten\" \/>\n<script type=\"application\/ld+json\" class=\"yoast-schema-graph\">{\"@context\":\"https:\/\/schema.org\",\"@graph\":[{\"@type\":\"WebPage\",\"@id\":\"https:\/\/exceladvisor.org\/de\/stange\/\",\"url\":\"https:\/\/exceladvisor.org\/de\/stange\/\",\"name\":\"\u25b7 Wie kann ich irgendwo in Excel eine Durchstreichung anwenden?\",\"isPartOf\":{\"@id\":\"https:\/\/exceladvisor.org\/de\/#website\"},\"primaryImageOfPage\":{\"@id\":\"https:\/\/exceladvisor.org\/de\/stange\/#primaryimage\"},\"image\":{\"@id\":\"https:\/\/exceladvisor.org\/de\/stange\/#primaryimage\"},\"thumbnailUrl\":\"https:\/\/exceladvisor.org\/wp-content\/uploads\/2023\/08\/raccourci-clavier-barre-windows-excel-1.png\",\"datePublished\":\"2023-10-31T02:53:41+00:00\",\"dateModified\":\"2023-12-03T11:22:10+00:00\",\"description\":\"In Excel gibt es keine direkte M\u00f6glichkeit, eine Zelle durchzustreichen. Im Men\u00fcband sind keine Schaltfl\u00e4chen oder Optionen vorhanden.\",\"breadcrumb\":{\"@id\":\"https:\/\/exceladvisor.org\/de\/stange\/#breadcrumb\"},\"inLanguage\":\"de\",\"potentialAction\":[{\"@type\":\"ReadAction\",\"target\":[\"https:\/\/exceladvisor.org\/de\/stange\/\"]}]},{\"@type\":\"ImageObject\",\"inLanguage\":\"de\",\"@id\":\"https:\/\/exceladvisor.org\/de\/stange\/#primaryimage\",\"url\":\"https:\/\/exceladvisor.org\/wp-content\/uploads\/2023\/08\/raccourci-clavier-barre-windows-excel-1.png\",\"contentUrl\":\"https:\/\/exceladvisor.org\/wp-content\/uploads\/2023\/08\/raccourci-clavier-barre-windows-excel-1.png\"},{\"@type\":\"BreadcrumbList\",\"@id\":\"https:\/\/exceladvisor.org\/de\/stange\/#breadcrumb\",\"itemListElement\":[{\"@type\":\"ListItem\",\"position\":1,\"name\":\"Accueil\",\"item\":\"https:\/\/exceladvisor.org\/de\/\"},{\"@type\":\"ListItem\",\"position\":2,\"name\":\"Wie kann ich \u00fcberall in excel eine durchstreichung anwenden?\"}]},{\"@type\":\"WebSite\",\"@id\":\"https:\/\/exceladvisor.org\/de\/#website\",\"url\":\"https:\/\/exceladvisor.org\/de\/\",\"name\":\"Excel Advisor\",\"description\":\"Ihr Leitfaden zur Datendominanz\",\"publisher\":{\"@id\":\"https:\/\/exceladvisor.org\/de\/#organization\"},\"potentialAction\":[{\"@type\":\"SearchAction\",\"target\":{\"@type\":\"EntryPoint\",\"urlTemplate\":\"https:\/\/exceladvisor.org\/de\/?s={search_term_string}\"},\"query-input\":{\"@type\":\"PropertyValueSpecification\",\"valueRequired\":true,\"valueName\":\"search_term_string\"}}],\"inLanguage\":\"de\"},{\"@type\":\"Organization\",\"@id\":\"https:\/\/exceladvisor.org\/de\/#organization\",\"name\":\"Excel Advisor\",\"url\":\"https:\/\/exceladvisor.org\/de\/\",\"logo\":{\"@type\":\"ImageObject\",\"inLanguage\":\"de\",\"@id\":\"https:\/\/exceladvisor.org\/de\/#\/schema\/logo\/image\/\",\"url\":\"https:\/\/exceladvisor.org\/de\/wp-content\/uploads\/2023\/11\/exceladvisor.org_.png\",\"contentUrl\":\"https:\/\/exceladvisor.org\/de\/wp-content\/uploads\/2023\/11\/exceladvisor.org_.png\",\"width\":105,\"height\":36,\"caption\":\"Excel Advisor\"},\"image\":{\"@id\":\"https:\/\/exceladvisor.org\/de\/#\/schema\/logo\/image\/\"}}]}<\/script>\n<!-- \/ Yoast SEO plugin. -->","yoast_head_json":{"title":"\u25b7 Wie kann ich irgendwo in Excel eine Durchstreichung anwenden?","description":"In Excel gibt es keine direkte M\u00f6glichkeit, eine Zelle durchzustreichen. Im Men\u00fcband sind keine Schaltfl\u00e4chen oder Optionen vorhanden.","robots":{"index":"index","follow":"follow","max-snippet":"max-snippet:-1","max-image-preview":"max-image-preview:large","max-video-preview":"max-video-preview:-1"},"canonical":"https:\/\/exceladvisor.org\/de\/stange\/","og_locale":"de_DE","og_type":"article","og_title":"\u25b7 Wie kann ich irgendwo in Excel eine Durchstreichung anwenden?","og_description":"In Excel gibt es keine direkte M\u00f6glichkeit, eine Zelle durchzustreichen. Im Men\u00fcband sind keine Schaltfl\u00e4chen oder Optionen vorhanden.","og_url":"https:\/\/exceladvisor.org\/de\/stange\/","og_site_name":"Excel Advisor","article_modified_time":"2023-12-03T11:22:10+00:00","og_image":[{"url":"https:\/\/exceladvisor.org\/wp-content\/uploads\/2023\/08\/raccourci-clavier-barre-windows-excel-1.png","type":"","width":"","height":""}],"twitter_card":"summary_large_image","twitter_misc":{"Gesch\u00e4tzte Lesezeit":"5\u00a0Minuten"},"schema":{"@context":"https:\/\/schema.org","@graph":[{"@type":"WebPage","@id":"https:\/\/exceladvisor.org\/de\/stange\/","url":"https:\/\/exceladvisor.org\/de\/stange\/","name":"\u25b7 Wie kann ich irgendwo in Excel eine Durchstreichung anwenden?","isPartOf":{"@id":"https:\/\/exceladvisor.org\/de\/#website"},"primaryImageOfPage":{"@id":"https:\/\/exceladvisor.org\/de\/stange\/#primaryimage"},"image":{"@id":"https:\/\/exceladvisor.org\/de\/stange\/#primaryimage"},"thumbnailUrl":"https:\/\/exceladvisor.org\/wp-content\/uploads\/2023\/08\/raccourci-clavier-barre-windows-excel-1.png","datePublished":"2023-10-31T02:53:41+00:00","dateModified":"2023-12-03T11:22:10+00:00","description":"In Excel gibt es keine direkte M\u00f6glichkeit, eine Zelle durchzustreichen. Im Men\u00fcband sind keine Schaltfl\u00e4chen oder Optionen vorhanden.","breadcrumb":{"@id":"https:\/\/exceladvisor.org\/de\/stange\/#breadcrumb"},"inLanguage":"de","potentialAction":[{"@type":"ReadAction","target":["https:\/\/exceladvisor.org\/de\/stange\/"]}]},{"@type":"ImageObject","inLanguage":"de","@id":"https:\/\/exceladvisor.org\/de\/stange\/#primaryimage","url":"https:\/\/exceladvisor.org\/wp-content\/uploads\/2023\/08\/raccourci-clavier-barre-windows-excel-1.png","contentUrl":"https:\/\/exceladvisor.org\/wp-content\/uploads\/2023\/08\/raccourci-clavier-barre-windows-excel-1.png"},{"@type":"BreadcrumbList","@id":"https:\/\/exceladvisor.org\/de\/stange\/#breadcrumb","itemListElement":[{"@type":"ListItem","position":1,"name":"Accueil","item":"https:\/\/exceladvisor.org\/de\/"},{"@type":"ListItem","position":2,"name":"Wie kann ich \u00fcberall in excel eine durchstreichung anwenden?"}]},{"@type":"WebSite","@id":"https:\/\/exceladvisor.org\/de\/#website","url":"https:\/\/exceladvisor.org\/de\/","name":"Excel Advisor","description":"Ihr Leitfaden zur Datendominanz","publisher":{"@id":"https:\/\/exceladvisor.org\/de\/#organization"},"potentialAction":[{"@type":"SearchAction","target":{"@type":"EntryPoint","urlTemplate":"https:\/\/exceladvisor.org\/de\/?s={search_term_string}"},"query-input":{"@type":"PropertyValueSpecification","valueRequired":true,"valueName":"search_term_string"}}],"inLanguage":"de"},{"@type":"Organization","@id":"https:\/\/exceladvisor.org\/de\/#organization","name":"Excel Advisor","url":"https:\/\/exceladvisor.org\/de\/","logo":{"@type":"ImageObject","inLanguage":"de","@id":"https:\/\/exceladvisor.org\/de\/#\/schema\/logo\/image\/","url":"https:\/\/exceladvisor.org\/de\/wp-content\/uploads\/2023\/11\/exceladvisor.org_.png","contentUrl":"https:\/\/exceladvisor.org\/de\/wp-content\/uploads\/2023\/11\/exceladvisor.org_.png","width":105,"height":36,"caption":"Excel Advisor"},"image":{"@id":"https:\/\/exceladvisor.org\/de\/#\/schema\/logo\/image\/"}}]}},"yoast_meta":{"yoast_wpseo_title":"","yoast_wpseo_metadesc":"","yoast_wpseo_canonical":""},"_links":{"self":[{"href":"https:\/\/exceladvisor.org\/de\/wp-json\/wp\/v2\/pages\/3351","targetHints":{"allow":["GET"]}}],"collection":[{"href":"https:\/\/exceladvisor.org\/de\/wp-json\/wp\/v2\/pages"}],"about":[{"href":"https:\/\/exceladvisor.org\/de\/wp-json\/wp\/v2\/types\/page"}],"author":[{"embeddable":true,"href":"https:\/\/exceladvisor.org\/de\/wp-json\/wp\/v2\/users\/1"}],"replies":[{"embeddable":true,"href":"https:\/\/exceladvisor.org\/de\/wp-json\/wp\/v2\/comments?post=3351"}],"version-history":[{"count":1,"href":"https:\/\/exceladvisor.org\/de\/wp-json\/wp\/v2\/pages\/3351\/revisions"}],"predecessor-version":[{"id":4104,"href":"https:\/\/exceladvisor.org\/de\/wp-json\/wp\/v2\/pages\/3351\/revisions\/4104"}],"wp:attachment":[{"href":"https:\/\/exceladvisor.org\/de\/wp-json\/wp\/v2\/media?parent=3351"}],"curies":[{"name":"wp","href":"https:\/\/api.w.org\/{rel}","templated":true}]}}