{"id":3352,"date":"2023-10-30T22:32:19","date_gmt":"2023-10-30T22:32:19","guid":{"rendered":"https:\/\/exceladvisor.org\/de\/kombinieren-sie-datum-und-uhrzeit\/"},"modified":"2023-12-03T11:22:19","modified_gmt":"2023-12-03T11:22:19","slug":"kombinieren-sie-datum-und-uhrzeit","status":"publish","type":"page","link":"https:\/\/exceladvisor.org\/de\/kombinieren-sie-datum-und-uhrzeit\/","title":{"rendered":"Wie kombiniere ich datum und uhrzeit in excel?"},"content":{"rendered":"<div class=\"excel-vor-dem-inhalt\" id=\"excel-2653120098\"><script type=\"text\/javascript\">\r\n\tatOptions = {\r\n\t\t'key' : 'c1158f160081d6540a8409e6925dab94',\r\n\t\t'format' : 'iframe',\r\n\t\t'height' : 250,\r\n\t\t'width' : 300,\r\n\t\t'params' : {}\r\n\t};\r\n<\/script>\r\n<script type=\"text\/javascript\" src=\"\/\/www.highperformanceformat.com\/c1158f160081d6540a8409e6925dab94\/invoke.js\"><\/script><\/div> <p>Excel speichert ein Datum als Zahl und die Uhrzeit als Dezimalzahl. Sie k\u00f6nnen Datum und Uhrzeit kombinieren, wenn Sie m\u00f6chten, und beide in einer einzigen Zelle anzeigen. <\/p><div class=\"wp-block-image\"><figure class=\"aligncenter size-full is-resized\"><img loading=\"lazy\" decoding=\"async\" class=\"wp-image-74859\" src=\"https:\/\/exceladvisor.org\/wp-content\/uploads\/2023\/08\/1-combiner-date-et-heure.png\" sizes=\"auto, \" srcset=\"\" alt=\"Datum und Uhrzeit kombinieren\" width=\"700\" height=\"150\"><\/figure><\/div><p> In diesem Tutorial lernen Sie zwei einfach zu befolgende Methoden kennen:<\/p><ul><li> Verwenden Sie das kaufm\u00e4nnische Und, um Datum und Zeit zu kombinieren.<\/li><li> Verwenden Sie die TEXT-Funktion, um die beiden zu verketten.<\/li><\/ul><h2 class=\"wp-block-heading\"> Hinzugef\u00fcgt, um Datum und Uhrzeit in einer einzigen Zelle zu kombinieren<\/h2><p> Wie gesagt, in Excel ist ein Datum eine ganze Zahl und eine Zeit eine Dezimalzahl. Wenn Sie beide in einer einzigen Zelle kombinieren, werden sie zu einer reellen Zahl und anschlie\u00dfend m\u00fcssen Sie nur noch das Datums- und Uhrzeitformat auf die Zelle anwenden. <\/p><div class=\"wp-block-image\"><figure class=\"aligncenter size-full is-resized\"><img loading=\"lazy\" decoding=\"async\" class=\"wp-image-74860\" src=\"https:\/\/exceladvisor.org\/wp-content\/uploads\/2023\/08\/2-combiner-la-date-et-lheure-dans-une-cellule.png\" sizes=\"auto, \" srcset=\"\" alt=\"Kombinieren Sie Datum und Uhrzeit in einer Zelle\" width=\"623\" height=\"173\"><\/figure><\/div><ol type=\"1\"><li> Bearbeiten Sie zun\u00e4chst die Zelle und geben Sie \u201e=\u201c ein.<\/li><li> Beziehen Sie sich anschlie\u00dfend auf die Zelle mit dem Datum (A2).<\/li><li> Als n\u00e4chstes geben Sie das Zusatzzeichen ein.<\/li><li> Beziehen Sie sich nun auf die Zelle mit der Zeit (B2).<\/li><li> Dr\u00fccken Sie am Ende die Eingabetaste, um das kombinierte Datum und die Uhrzeit zu erhalten. <\/li><\/ol><div class=\"wp-block-image\"><figure class=\"aligncenter size-full is-resized\"><img loading=\"lazy\" decoding=\"async\" class=\"wp-image-74861\" src=\"https:\/\/exceladvisor.org\/wp-content\/uploads\/2023\/08\/3-valeur-de-date-et-dheure-dans-une-cellule.png\" sizes=\"auto, \" srcset=\"\" alt=\"Datum-Uhrzeit-Wert-in-einer-Zelle\" width=\"728\" height=\"276\"><\/figure><\/div><p> Sobald Sie die Eingabetaste dr\u00fccken, wird in der Zelle ein Datums- und Uhrzeitwert angezeigt, genau wie im obigen Beispiel. Sie k\u00f6nnen in der Formatierungs-Dropdown-Liste sehen, dass Sie \u00fcber ein benutzerdefiniertes Format verf\u00fcgen.<\/p><p> Dies liegt daran, dass Datum und Uhrzeit in einer einzigen Zelle zusammengefasst sind und Excel daf\u00fcr eine benutzerdefinierte Formatierung angewendet hat. Und wenn Sie das Dialogfeld mit den Formatoptionen \u00f6ffnen, k\u00f6nnen Sie sehen, dass eine benutzerdefinierte Formatierung vorhanden ist. <\/p><div class=\"wp-block-image\"><figure class=\"aligncenter size-full is-resized\"><img loading=\"lazy\" decoding=\"async\" class=\"wp-image-74862\" src=\"https:\/\/exceladvisor.org\/wp-content\/uploads\/2023\/08\/4-formatage-personnalise.png\" sizes=\"auto, \" srcset=\"\" alt=\"benutzerdefinierte Formatierung\" width=\"717\" height=\"355\"><\/figure><\/div><h2 class=\"wp-block-heading\"> TEXT-Funktion zum Verkn\u00fcpfen von Datum und Uhrzeit<\/h2><p> Um Datum und Uhrzeit zu kombinieren, m\u00fcssen Sie die Textfunktion zweimal mit CONCAT verwenden:<\/p><ol><li> Im ersten Teil m\u00fcssen Sie auf die Zelle mit dem Datum verweisen und das gew\u00fcnschte Format angeben.<\/li><li> Und im zweiten Teil m\u00fcssen Sie sich auf die Uhrzeit beziehen und das gew\u00fcnschte Format angeben.<\/li><li> Im dritten Teil m\u00fcssen Sie CONCAT verwenden, um die beiden mit einem Leerzeichen dazwischen zu kombinieren. <\/li><\/ol><div class=\"wp-block-image\"><figure class=\"aligncenter size-full is-resized\"><img loading=\"lazy\" decoding=\"async\" class=\"wp-image-74863\" src=\"https:\/\/exceladvisor.org\/wp-content\/uploads\/2023\/08\/5-fonction-de-texte-pour-combiner-la-date-et-lheure.png\" sizes=\"auto, \" srcset=\"\" alt=\"Textfunktion zum Kombinieren von Datum und Uhrzeit\" width=\"677\" height=\"312\"><\/figure><\/div><pre class=\"wp-block-code\"> <code class=\"language-excel-formula\" lang=\"excel-formula\">=TEXT(A2,\"DD-MMM-YYYY\")&amp;\" \"&amp;TEXT(B2,\"HH:MM:SS\")<\/code><\/pre><div class=\"wp-block-image\"><figure class=\"aligncenter size-full is-resized\"><img loading=\"lazy\" decoding=\"async\" class=\"wp-image-74864\" src=\"https:\/\/exceladvisor.org\/wp-content\/uploads\/2023\/08\/6-fonction-de-texte-avec-concat.png\" sizes=\"auto, \" srcset=\"\" alt=\"Textfunktion mit Konkat\" width=\"577\" height=\"141\"><\/figure><\/div><p> Bei Verwendung von CONCAT m\u00fcssen Sie die Werte in den Argumenten angeben, die Sie <a href=\"https:\/\/exceladvisor.org\/de\/eine-reihe-von-zellen-verketten\/\">kombinieren<\/a> m\u00f6chten. Und Sie haben die drei Werte, die Sie hier kombinieren k\u00f6nnen.<\/p><ol type=\"1\"><li> Die erste Textfunktion besteht darin, das Datum abzurufen und ein Format anzuwenden.<\/li><li> Ein Raum dazwischen<\/li><li> Die zweite Textfunktion besteht darin, den Zeitwert abzurufen und ein Format anzuwenden.<\/li><\/ol><p> Und wenn Sie ein anderes Format f\u00fcr Datum und Uhrzeit w\u00fcnschen, k\u00f6nnen Sie es \u00fcber die Funktion \u00e4ndern. <\/p><div class=\"wp-block-image\"><figure class=\"aligncenter size-full is-resized\"><img loading=\"lazy\" decoding=\"async\" class=\"wp-image-74865\" src=\"https:\/\/exceladvisor.org\/wp-content\/uploads\/2023\/08\/7-appliquer-le-texte-et-la-fonction-concat-ensemble.png\" sizes=\"auto, \" srcset=\"\" alt=\"Text- und Concat-Funktion gemeinsam anwenden\" width=\"616\" height=\"150\"><\/figure><\/div><div class=\"gb-container gb-container-52dfcee1 gb-container-sample-file\"><h2 class=\"gb-headline gb-headline-e289c143 gb-headline-text gb-headline-4f7959c2\"> Holen Sie sich die Excel-Datei<\/h2> <a class=\"gb-button gb-button-e88d6bee gb-button-text gb-button-button1\" href=\"https:\/\/exceladvisor.org\/wp-content\/uploads\/2023\/11\/combiner-date-et-heure.xlsx\" rel=\"nofollow\">Herunterladen<\/a><\/div><div class=\"gb-container gb-container-0df56012 gb-container-mt\"> <a class=\"gb-button gb-button-f9f432f4 gb-button-text gb-button-mt-button\" href=\"https:\/\/exceladvisor.org\/de\/formeln\/\">Liste der Excel-Formeln<\/a><h2 class=\"gb-headline gb-headline-233444e8 gb-headline-text gb-headline-mt-heading\"> Verwandte Formeln <\/h2><div class=\"gb-grid-wrapper gb-grid-wrapper-a16fa65c gb-grid-wrapper-mt-grid\"><div class=\"gb-grid-column gb-grid-column-50d07e0d\"><div class=\"gb-container gb-container-50d07e0d\"><ul><li> <a href=\"https:\/\/exceladvisor.org\/de\/vergleichen-sie-zwei-daten\/\">Vergleichen Sie zwei Daten in Excel<\/a><\/li><li> <a href=\"https:\/\/exceladvisor.org\/de\/datum-in-zahl-umwandeln\/\">Konvertieren Sie ein Datum in eine Zahl in Excel<\/a><\/li><li> <a href=\"https:\/\/exceladvisor.org\/de\/text-bis-heute\/\">Konvertieren Sie Text in Excel in ein Datum<\/a><\/li><li> <a href=\"https:\/\/exceladvisor.org\/de\/datumsbereich\/\">Erstellen Sie einen Datumsbereich in Excel<\/a><\/li><li> <a href=\"https:\/\/exceladvisor.org\/de\/benutzerdefinierte-datumsformate\/\">Benutzerdefinierte Datumsformate in Excel<\/a><\/li><li> <a href=\"https:\/\/exceladvisor.org\/de\/datum-wenn\/\">DATEDIF-Funktion in Excel<\/a> <\/li><\/ul><\/div><\/div><div class=\"gb-grid-column gb-grid-column-5b4a0cf9\"><div class=\"gb-container gb-container-5b4a0cf9\"><\/div><\/div><\/div><\/div>","protected":false},"excerpt":{"rendered":"","protected":false},"author":1,"featured_media":0,"parent":0,"menu_order":0,"comment_status":"open","ping_status":"closed","template":"","meta":{"ub_ctt_via":"","footnotes":""},"class_list":["post-3352","page","type-page","status-publish","hentry"],"featured_image_src":null,"yoast_head":"<!-- This site is optimized with the Yoast SEO plugin v25.4 - https:\/\/yoast.com\/wordpress\/plugins\/seo\/ -->\n<title>Wie kombiniere ich Datum und Uhrzeit in Excel im Jahr 2023?<\/title>\n<meta name=\"description\" content=\"In diesem Formel-Tutorial lernen wir zwei verschiedene M\u00f6glichkeiten kennen, Datum und Uhrzeit in einer einzigen Zelle zu kombinieren.\" \/>\n<meta name=\"robots\" content=\"index, follow, max-snippet:-1, max-image-preview:large, max-video-preview:-1\" \/>\n<link rel=\"canonical\" href=\"https:\/\/exceladvisor.org\/de\/kombinieren-sie-datum-und-uhrzeit\/\" \/>\n<meta property=\"og:locale\" content=\"de_DE\" \/>\n<meta property=\"og:type\" content=\"article\" \/>\n<meta property=\"og:title\" content=\"Wie kombiniere ich Datum und Uhrzeit in Excel im Jahr 2023?\" \/>\n<meta property=\"og:description\" content=\"In diesem Formel-Tutorial lernen wir zwei verschiedene M\u00f6glichkeiten kennen, Datum und Uhrzeit in einer einzigen Zelle zu kombinieren.\" \/>\n<meta property=\"og:url\" content=\"https:\/\/exceladvisor.org\/de\/kombinieren-sie-datum-und-uhrzeit\/\" \/>\n<meta property=\"og:site_name\" content=\"Excel Advisor\" \/>\n<meta property=\"article:modified_time\" content=\"2023-12-03T11:22:19+00:00\" \/>\n<meta property=\"og:image\" content=\"https:\/\/exceladvisor.org\/wp-content\/uploads\/2023\/08\/1-combiner-date-et-heure.png\" \/>\n<meta name=\"twitter:card\" content=\"summary_large_image\" \/>\n<meta name=\"twitter:label1\" content=\"Gesch\u00e4tzte Lesezeit\" \/>\n\t<meta name=\"twitter:data1\" content=\"2\u00a0Minuten\" \/>\n<script type=\"application\/ld+json\" class=\"yoast-schema-graph\">{\"@context\":\"https:\/\/schema.org\",\"@graph\":[{\"@type\":\"WebPage\",\"@id\":\"https:\/\/exceladvisor.org\/de\/kombinieren-sie-datum-und-uhrzeit\/\",\"url\":\"https:\/\/exceladvisor.org\/de\/kombinieren-sie-datum-und-uhrzeit\/\",\"name\":\"Wie kombiniere ich Datum und Uhrzeit in Excel im Jahr 2023?\",\"isPartOf\":{\"@id\":\"https:\/\/exceladvisor.org\/de\/#website\"},\"primaryImageOfPage\":{\"@id\":\"https:\/\/exceladvisor.org\/de\/kombinieren-sie-datum-und-uhrzeit\/#primaryimage\"},\"image\":{\"@id\":\"https:\/\/exceladvisor.org\/de\/kombinieren-sie-datum-und-uhrzeit\/#primaryimage\"},\"thumbnailUrl\":\"https:\/\/exceladvisor.org\/wp-content\/uploads\/2023\/08\/1-combiner-date-et-heure.png\",\"datePublished\":\"2023-10-30T22:32:19+00:00\",\"dateModified\":\"2023-12-03T11:22:19+00:00\",\"description\":\"In diesem Formel-Tutorial lernen wir zwei verschiedene M\u00f6glichkeiten kennen, Datum und Uhrzeit in einer einzigen Zelle zu kombinieren.\",\"breadcrumb\":{\"@id\":\"https:\/\/exceladvisor.org\/de\/kombinieren-sie-datum-und-uhrzeit\/#breadcrumb\"},\"inLanguage\":\"de\",\"potentialAction\":[{\"@type\":\"ReadAction\",\"target\":[\"https:\/\/exceladvisor.org\/de\/kombinieren-sie-datum-und-uhrzeit\/\"]}]},{\"@type\":\"ImageObject\",\"inLanguage\":\"de\",\"@id\":\"https:\/\/exceladvisor.org\/de\/kombinieren-sie-datum-und-uhrzeit\/#primaryimage\",\"url\":\"https:\/\/exceladvisor.org\/wp-content\/uploads\/2023\/08\/1-combiner-date-et-heure.png\",\"contentUrl\":\"https:\/\/exceladvisor.org\/wp-content\/uploads\/2023\/08\/1-combiner-date-et-heure.png\"},{\"@type\":\"BreadcrumbList\",\"@id\":\"https:\/\/exceladvisor.org\/de\/kombinieren-sie-datum-und-uhrzeit\/#breadcrumb\",\"itemListElement\":[{\"@type\":\"ListItem\",\"position\":1,\"name\":\"Accueil\",\"item\":\"https:\/\/exceladvisor.org\/de\/\"},{\"@type\":\"ListItem\",\"position\":2,\"name\":\"Wie kombiniere ich datum und uhrzeit in excel?\"}]},{\"@type\":\"WebSite\",\"@id\":\"https:\/\/exceladvisor.org\/de\/#website\",\"url\":\"https:\/\/exceladvisor.org\/de\/\",\"name\":\"Excel Advisor\",\"description\":\"Ihr Leitfaden zur Datendominanz\",\"publisher\":{\"@id\":\"https:\/\/exceladvisor.org\/de\/#organization\"},\"potentialAction\":[{\"@type\":\"SearchAction\",\"target\":{\"@type\":\"EntryPoint\",\"urlTemplate\":\"https:\/\/exceladvisor.org\/de\/?s={search_term_string}\"},\"query-input\":{\"@type\":\"PropertyValueSpecification\",\"valueRequired\":true,\"valueName\":\"search_term_string\"}}],\"inLanguage\":\"de\"},{\"@type\":\"Organization\",\"@id\":\"https:\/\/exceladvisor.org\/de\/#organization\",\"name\":\"Excel Advisor\",\"url\":\"https:\/\/exceladvisor.org\/de\/\",\"logo\":{\"@type\":\"ImageObject\",\"inLanguage\":\"de\",\"@id\":\"https:\/\/exceladvisor.org\/de\/#\/schema\/logo\/image\/\",\"url\":\"https:\/\/exceladvisor.org\/de\/wp-content\/uploads\/2023\/11\/exceladvisor.org_.png\",\"contentUrl\":\"https:\/\/exceladvisor.org\/de\/wp-content\/uploads\/2023\/11\/exceladvisor.org_.png\",\"width\":105,\"height\":36,\"caption\":\"Excel Advisor\"},\"image\":{\"@id\":\"https:\/\/exceladvisor.org\/de\/#\/schema\/logo\/image\/\"}}]}<\/script>\n<!-- \/ Yoast SEO plugin. -->","yoast_head_json":{"title":"Wie kombiniere ich Datum und Uhrzeit in Excel im Jahr 2023?","description":"In diesem Formel-Tutorial lernen wir zwei verschiedene M\u00f6glichkeiten kennen, Datum und Uhrzeit in einer einzigen Zelle zu kombinieren.","robots":{"index":"index","follow":"follow","max-snippet":"max-snippet:-1","max-image-preview":"max-image-preview:large","max-video-preview":"max-video-preview:-1"},"canonical":"https:\/\/exceladvisor.org\/de\/kombinieren-sie-datum-und-uhrzeit\/","og_locale":"de_DE","og_type":"article","og_title":"Wie kombiniere ich Datum und Uhrzeit in Excel im Jahr 2023?","og_description":"In diesem Formel-Tutorial lernen wir zwei verschiedene M\u00f6glichkeiten kennen, Datum und Uhrzeit in einer einzigen Zelle zu kombinieren.","og_url":"https:\/\/exceladvisor.org\/de\/kombinieren-sie-datum-und-uhrzeit\/","og_site_name":"Excel Advisor","article_modified_time":"2023-12-03T11:22:19+00:00","og_image":[{"url":"https:\/\/exceladvisor.org\/wp-content\/uploads\/2023\/08\/1-combiner-date-et-heure.png","type":"","width":"","height":""}],"twitter_card":"summary_large_image","twitter_misc":{"Gesch\u00e4tzte Lesezeit":"2\u00a0Minuten"},"schema":{"@context":"https:\/\/schema.org","@graph":[{"@type":"WebPage","@id":"https:\/\/exceladvisor.org\/de\/kombinieren-sie-datum-und-uhrzeit\/","url":"https:\/\/exceladvisor.org\/de\/kombinieren-sie-datum-und-uhrzeit\/","name":"Wie kombiniere ich Datum und Uhrzeit in Excel im Jahr 2023?","isPartOf":{"@id":"https:\/\/exceladvisor.org\/de\/#website"},"primaryImageOfPage":{"@id":"https:\/\/exceladvisor.org\/de\/kombinieren-sie-datum-und-uhrzeit\/#primaryimage"},"image":{"@id":"https:\/\/exceladvisor.org\/de\/kombinieren-sie-datum-und-uhrzeit\/#primaryimage"},"thumbnailUrl":"https:\/\/exceladvisor.org\/wp-content\/uploads\/2023\/08\/1-combiner-date-et-heure.png","datePublished":"2023-10-30T22:32:19+00:00","dateModified":"2023-12-03T11:22:19+00:00","description":"In diesem Formel-Tutorial lernen wir zwei verschiedene M\u00f6glichkeiten kennen, Datum und Uhrzeit in einer einzigen Zelle zu kombinieren.","breadcrumb":{"@id":"https:\/\/exceladvisor.org\/de\/kombinieren-sie-datum-und-uhrzeit\/#breadcrumb"},"inLanguage":"de","potentialAction":[{"@type":"ReadAction","target":["https:\/\/exceladvisor.org\/de\/kombinieren-sie-datum-und-uhrzeit\/"]}]},{"@type":"ImageObject","inLanguage":"de","@id":"https:\/\/exceladvisor.org\/de\/kombinieren-sie-datum-und-uhrzeit\/#primaryimage","url":"https:\/\/exceladvisor.org\/wp-content\/uploads\/2023\/08\/1-combiner-date-et-heure.png","contentUrl":"https:\/\/exceladvisor.org\/wp-content\/uploads\/2023\/08\/1-combiner-date-et-heure.png"},{"@type":"BreadcrumbList","@id":"https:\/\/exceladvisor.org\/de\/kombinieren-sie-datum-und-uhrzeit\/#breadcrumb","itemListElement":[{"@type":"ListItem","position":1,"name":"Accueil","item":"https:\/\/exceladvisor.org\/de\/"},{"@type":"ListItem","position":2,"name":"Wie kombiniere ich datum und uhrzeit in excel?"}]},{"@type":"WebSite","@id":"https:\/\/exceladvisor.org\/de\/#website","url":"https:\/\/exceladvisor.org\/de\/","name":"Excel Advisor","description":"Ihr Leitfaden zur Datendominanz","publisher":{"@id":"https:\/\/exceladvisor.org\/de\/#organization"},"potentialAction":[{"@type":"SearchAction","target":{"@type":"EntryPoint","urlTemplate":"https:\/\/exceladvisor.org\/de\/?s={search_term_string}"},"query-input":{"@type":"PropertyValueSpecification","valueRequired":true,"valueName":"search_term_string"}}],"inLanguage":"de"},{"@type":"Organization","@id":"https:\/\/exceladvisor.org\/de\/#organization","name":"Excel Advisor","url":"https:\/\/exceladvisor.org\/de\/","logo":{"@type":"ImageObject","inLanguage":"de","@id":"https:\/\/exceladvisor.org\/de\/#\/schema\/logo\/image\/","url":"https:\/\/exceladvisor.org\/de\/wp-content\/uploads\/2023\/11\/exceladvisor.org_.png","contentUrl":"https:\/\/exceladvisor.org\/de\/wp-content\/uploads\/2023\/11\/exceladvisor.org_.png","width":105,"height":36,"caption":"Excel Advisor"},"image":{"@id":"https:\/\/exceladvisor.org\/de\/#\/schema\/logo\/image\/"}}]}},"yoast_meta":{"yoast_wpseo_title":"","yoast_wpseo_metadesc":"","yoast_wpseo_canonical":""},"_links":{"self":[{"href":"https:\/\/exceladvisor.org\/de\/wp-json\/wp\/v2\/pages\/3352","targetHints":{"allow":["GET"]}}],"collection":[{"href":"https:\/\/exceladvisor.org\/de\/wp-json\/wp\/v2\/pages"}],"about":[{"href":"https:\/\/exceladvisor.org\/de\/wp-json\/wp\/v2\/types\/page"}],"author":[{"embeddable":true,"href":"https:\/\/exceladvisor.org\/de\/wp-json\/wp\/v2\/users\/1"}],"replies":[{"embeddable":true,"href":"https:\/\/exceladvisor.org\/de\/wp-json\/wp\/v2\/comments?post=3352"}],"version-history":[{"count":1,"href":"https:\/\/exceladvisor.org\/de\/wp-json\/wp\/v2\/pages\/3352\/revisions"}],"predecessor-version":[{"id":4113,"href":"https:\/\/exceladvisor.org\/de\/wp-json\/wp\/v2\/pages\/3352\/revisions\/4113"}],"wp:attachment":[{"href":"https:\/\/exceladvisor.org\/de\/wp-json\/wp\/v2\/media?parent=3352"}],"curies":[{"name":"wp","href":"https:\/\/api.w.org\/{rel}","templated":true}]}}