{"id":3353,"date":"2023-10-30T19:52:35","date_gmt":"2023-10-30T19:52:35","guid":{"rendered":"https:\/\/exceladvisor.org\/de\/duplikat\/"},"modified":"2023-12-03T11:19:30","modified_gmt":"2023-12-03T11:19:30","slug":"duplikat","status":"publish","type":"page","link":"https:\/\/exceladvisor.org\/de\/duplikat\/","title":{"rendered":"Wie erstelle ich ein doppeltes arbeitsblatt in excel?"},"content":{"rendered":"<div class=\"excel-vor-dem-inhalt\" id=\"excel-300926326\"><script type=\"text\/javascript\">\r\n\tatOptions = {\r\n\t\t'key' : 'c1158f160081d6540a8409e6925dab94',\r\n\t\t'format' : 'iframe',\r\n\t\t'height' : 250,\r\n\t\t'width' : 300,\r\n\t\t'params' : {}\r\n\t};\r\n<\/script>\r\n<script type=\"text\/javascript\" src=\"\/\/www.highperformanceformat.com\/c1158f160081d6540a8409e6925dab94\/invoke.js\"><\/script><\/div> <p>Wenn Sie in Excel ein doppeltes Blatt erstellen m\u00f6chten, also eine Kopie des Blatts in derselben Arbeitsmappe, k\u00f6nnen Sie zwei verschiedene Methoden verwenden.<\/p><ul><li> Mit der Maus ziehen und ablegen.<\/li><li> Erstellen Sie mit Kopieren und Verschieben eine Duplikatkopie<\/li><\/ul><p> In diesem Tutorial werden wir uns beide Methoden ansehen.<\/p><h2 id=\"h-drag-and-drop-to-create-a-duplicate-sheet\" class=\"wp-block-heading\"> Ziehen Sie es per Drag-and-Drop, um ein doppeltes Blatt zu erstellen<\/h2><ol type=\"1\"><li> Aktivieren Sie zun\u00e4chst das Blatt, f\u00fcr das Sie eine Kopie erstellen m\u00f6chten.<\/li><li> Dr\u00fccken Sie nun die Strg-Taste.<\/li><li> Halten Sie anschlie\u00dfend die Strg-Taste gedr\u00fcckt und klicken Sie auf die Blattregisterkarte.<\/li><li> Ziehen Sie am Ende das Blatt per Drag &amp; Drop an eine neue Position in den Blattregistern. <\/li><\/ol><figure class=\"gb-block-image gb-block-image-b115ad26\"><img loading=\"lazy\" decoding=\"async\" class=\"gb-image gb-image-b115ad26\" title=\"Duplikat-Excel-Tabelle-Drag-Drop\" src=\"https:\/\/exceladvisor.org\/wp-content\/uploads\/2023\/08\/feuille-en-double-excel-glisser-deposer.gif\" sizes=\"auto, \" srcset=\"\" alt=\"duplicate-sheet-excel-drag-drop\" width=\"890\" height=\"306\"><\/figure><p> Es erstellt ein Duplikat des Blattes, das verschoben und abgelegt werden kann. <\/p><div class=\"wp-block-image\"><figure class=\"aligncenter size-full is-resized\"><img loading=\"lazy\" decoding=\"async\" class=\"wp-image-92667\" src=\"https:\/\/exceladvisor.org\/wp-content\/uploads\/2023\/08\/1-glisser-deposer-pour-creer-une-feuille-en-double.png\" sizes=\"auto, \" srcset=\"\" alt=\"Ziehen Sie es per Drag &amp; Drop, um ein doppeltes Blatt zu erstellen\" width=\"546\" height=\"224\"><\/figure><\/div><p> Sie k\u00f6nnen im obigen Beispiel sehen; Sie haben ein neues Duplikat von \u201eSheet3\u201c mit (2) mit dem urspr\u00fcnglichen Namen.<\/p><h2 id=\"h-use-copy-and-move-to-create-a-duplicate-copy-of-the-sheet\" class=\"wp-block-heading\"> Verwenden Sie \u201eKopieren\u201c und \u201eVerschieben\u201c, um eine Kopie des Blatts zu erstellen<\/h2><p> Wenn Sie mit der rechten Maustaste auf eine Blattregisterkarte klicken, werden dort die Optionen \u201eVerschieben\u201c oder \u201eKopieren\u201c angezeigt. Mit dieser Option k\u00f6nnen Sie das Blatt in eine neue Arbeitsmappe oder in eine vorhandene, ge\u00f6ffnete Arbeitsmappe kopieren. <\/p><div class=\"wp-block-image\"><figure class=\"aligncenter size-full is-resized\"><img loading=\"lazy\" decoding=\"async\" class=\"wp-image-92668\" src=\"https:\/\/exceladvisor.org\/wp-content\/uploads\/2023\/08\/2-copier-et-deplacer-vers-la-feuille-dupliquee.png\" sizes=\"auto, \" srcset=\"\" alt=\"Kopieren und zum Duplikatblatt verschieben\" width=\"483\" height=\"390\"><\/figure><\/div><p> Mit derselben Option k\u00f6nnen Sie jedoch eine doppelte Blattkopie in derselben Arbeitsmappe erstellen. Wenn Sie auf die Option klicken, wird ein Dialogfeld angezeigt, in dem Sie das Ziel zum Kopieren des Blatts ausw\u00e4hlen k\u00f6nnen. <\/p><div class=\"wp-block-image\"><figure class=\"aligncenter size-full is-resized\"><img loading=\"lazy\" decoding=\"async\" class=\"wp-image-92669\" src=\"https:\/\/exceladvisor.org\/wp-content\/uploads\/2023\/08\/3-copies-dans-le-meme-classeur.png\" sizes=\"auto, \" srcset=\"\" alt=\"In dieselbe Arbeitsmappe kopieren\" width=\"548\" height=\"391\"><\/figure><\/div><p> Aktivieren Sie im Dialogfeld \u201eVerschieben\u201c oder \u201eKopieren\u201c das Kontrollk\u00e4stchen \u201eKopie erstellen\u201c und stellen Sie sicher, dass Sie unter \u201eZu reservieren:\u201c denselben Arbeitsmappennamen haben. Klicken Sie am Ende auf OK, um eine Duplikatkopie zu erstellen. <\/p><div class=\"wp-block-image\"><figure class=\"aligncenter size-full is-resized\"><img loading=\"lazy\" decoding=\"async\" class=\"wp-image-92670\" src=\"https:\/\/exceladvisor.org\/wp-content\/uploads\/2023\/08\/4-coche-creer-une-copie.png\" sizes=\"auto, \" srcset=\"\" alt=\"H\u00e4kchen-Kopie erstellen\" width=\"652\" height=\"212\"><\/figure><\/div><p> In diesem Dialogfeld k\u00f6nnen Sie die Position ausw\u00e4hlen, an der das Duplikatblatt hinzugef\u00fcgt werden soll. <\/p><div class=\"wp-block-image\"><figure class=\"aligncenter size-full is-resized\"><img loading=\"lazy\" decoding=\"async\" class=\"wp-image-92671\" src=\"https:\/\/exceladvisor.org\/wp-content\/uploads\/2023\/08\/5-choisissez-la-position-pour-ajouter-une-feuille-en-double.png\" sizes=\"auto, \" srcset=\"\" alt=\"W\u00e4hlen Sie die Position, an der das Duplikatblatt hinzugef\u00fcgt werden soll\" width=\"348\" height=\"323\"><\/figure><\/div><p class=\"qt-tip\"> <strong>Hinweis:<\/strong> Von den beiden Methoden ist die erste schnell und einfach. Sie k\u00f6nnen jedoch jede davon nach Ihren W\u00fcnschen verwenden. <\/p><div class=\"gb-container gb-container-3044ba66 gb-container-mt\"><p class=\"gb-headline gb-headline-b5bb6270 gb-headline-text\"> <strong><a href=\"https:\/\/exceladvisor.org\/de\/excel-grundlagen\/\">Excel-Grundlagen<\/a><\/strong> \/ <strong><a href=\"https:\/\/exceladvisor.org\/de\/arbeitsblatt\/\" data-wpil=\"url\">Excel-Tabelle<\/a><\/strong><\/p><h2 class=\"gb-headline gb-headline-819d540d gb-headline-text gb-headline-mt-heading\"> Weitere Tutorials <\/h2><div class=\"gb-grid-wrapper gb-grid-wrapper-7f3d805a gb-grid-wrapper-mt-grid\"><div class=\"gb-grid-column gb-grid-column-530ab33a\"><div class=\"gb-container gb-container-530ab33a\"><ul><li> <a href=\"https:\/\/exceladvisor.org\/de\/1-loschen\/\">L\u00f6schen Sie ein Blatt (Arbeitsblatt) in Excel<\/a><\/li><li> <a href=\"https:\/\/exceladvisor.org\/de\/link-zu-einem-anderen-blatt\/\">Erstellen Sie einen Hyperlink (Link) zu einer anderen Tabelle<\/a><\/li><li> <a href=\"https:\/\/exceladvisor.org\/de\/sperren\/\">Sperren Sie ein Blatt (Arbeitsblatt) in Excel<\/a><\/li><li> <a href=\"https:\/\/exceladvisor.org\/de\/aktualisierung\/\">Aktualisieren Sie ein Blatt (Tabelle) in Excel<\/a><\/li><li> <a href=\"https:\/\/exceladvisor.org\/de\/offen\/\">Entsperren Sie ein Blatt mit einem Passwort (ohne Passwort)<\/a><\/li><\/ul><\/div><\/div><\/div><\/div>","protected":false},"excerpt":{"rendered":"","protected":false},"author":1,"featured_media":0,"parent":0,"menu_order":0,"comment_status":"open","ping_status":"closed","template":"","meta":{"ub_ctt_via":"","footnotes":""},"class_list":["post-3353","page","type-page","status-publish","hentry"],"featured_image_src":null,"yoast_head":"<!-- This site is optimized with the Yoast SEO plugin v25.4 - https:\/\/yoast.com\/wordpress\/plugins\/seo\/ -->\n<title>\u25b7 Wie erstelle ich ein doppeltes Arbeitsblatt in Excel?<\/title>\n<meta name=\"description\" content=\"Wenn Sie in Excel ein doppeltes Blatt erstellen m\u00f6chten, also eine Kopie des Blatts in derselben Arbeitsmappe, k\u00f6nnen Sie dies tun\" \/>\n<meta name=\"robots\" content=\"index, follow, max-snippet:-1, max-image-preview:large, max-video-preview:-1\" \/>\n<link rel=\"canonical\" href=\"https:\/\/exceladvisor.org\/de\/duplikat\/\" \/>\n<meta property=\"og:locale\" content=\"de_DE\" \/>\n<meta property=\"og:type\" content=\"article\" \/>\n<meta property=\"og:title\" content=\"\u25b7 Wie erstelle ich ein doppeltes Arbeitsblatt in Excel?\" \/>\n<meta property=\"og:description\" content=\"Wenn Sie in Excel ein doppeltes Blatt erstellen m\u00f6chten, also eine Kopie des Blatts in derselben Arbeitsmappe, k\u00f6nnen Sie dies tun\" \/>\n<meta property=\"og:url\" content=\"https:\/\/exceladvisor.org\/de\/duplikat\/\" \/>\n<meta property=\"og:site_name\" content=\"Excel Advisor\" \/>\n<meta property=\"article:modified_time\" content=\"2023-12-03T11:19:30+00:00\" \/>\n<meta property=\"og:image\" content=\"https:\/\/exceladvisor.org\/wp-content\/uploads\/2023\/08\/feuille-en-double-excel-glisser-deposer.gif\" \/>\n<meta name=\"twitter:card\" content=\"summary_large_image\" \/>\n<meta name=\"twitter:label1\" content=\"Gesch\u00e4tzte Lesezeit\" \/>\n\t<meta name=\"twitter:data1\" content=\"2\u00a0Minuten\" \/>\n<script type=\"application\/ld+json\" class=\"yoast-schema-graph\">{\"@context\":\"https:\/\/schema.org\",\"@graph\":[{\"@type\":\"WebPage\",\"@id\":\"https:\/\/exceladvisor.org\/de\/duplikat\/\",\"url\":\"https:\/\/exceladvisor.org\/de\/duplikat\/\",\"name\":\"\u25b7 Wie erstelle ich ein doppeltes Arbeitsblatt in Excel?\",\"isPartOf\":{\"@id\":\"https:\/\/exceladvisor.org\/de\/#website\"},\"primaryImageOfPage\":{\"@id\":\"https:\/\/exceladvisor.org\/de\/duplikat\/#primaryimage\"},\"image\":{\"@id\":\"https:\/\/exceladvisor.org\/de\/duplikat\/#primaryimage\"},\"thumbnailUrl\":\"https:\/\/exceladvisor.org\/wp-content\/uploads\/2023\/08\/feuille-en-double-excel-glisser-deposer.gif\",\"datePublished\":\"2023-10-30T19:52:35+00:00\",\"dateModified\":\"2023-12-03T11:19:30+00:00\",\"description\":\"Wenn Sie in Excel ein doppeltes Blatt erstellen m\u00f6chten, also eine Kopie des Blatts in derselben Arbeitsmappe, k\u00f6nnen Sie dies tun\",\"breadcrumb\":{\"@id\":\"https:\/\/exceladvisor.org\/de\/duplikat\/#breadcrumb\"},\"inLanguage\":\"de\",\"potentialAction\":[{\"@type\":\"ReadAction\",\"target\":[\"https:\/\/exceladvisor.org\/de\/duplikat\/\"]}]},{\"@type\":\"ImageObject\",\"inLanguage\":\"de\",\"@id\":\"https:\/\/exceladvisor.org\/de\/duplikat\/#primaryimage\",\"url\":\"https:\/\/exceladvisor.org\/wp-content\/uploads\/2023\/08\/feuille-en-double-excel-glisser-deposer.gif\",\"contentUrl\":\"https:\/\/exceladvisor.org\/wp-content\/uploads\/2023\/08\/feuille-en-double-excel-glisser-deposer.gif\"},{\"@type\":\"BreadcrumbList\",\"@id\":\"https:\/\/exceladvisor.org\/de\/duplikat\/#breadcrumb\",\"itemListElement\":[{\"@type\":\"ListItem\",\"position\":1,\"name\":\"Accueil\",\"item\":\"https:\/\/exceladvisor.org\/de\/\"},{\"@type\":\"ListItem\",\"position\":2,\"name\":\"Wie erstelle ich ein doppeltes arbeitsblatt in excel?\"}]},{\"@type\":\"WebSite\",\"@id\":\"https:\/\/exceladvisor.org\/de\/#website\",\"url\":\"https:\/\/exceladvisor.org\/de\/\",\"name\":\"Excel Advisor\",\"description\":\"Ihr Leitfaden zur Datendominanz\",\"publisher\":{\"@id\":\"https:\/\/exceladvisor.org\/de\/#organization\"},\"potentialAction\":[{\"@type\":\"SearchAction\",\"target\":{\"@type\":\"EntryPoint\",\"urlTemplate\":\"https:\/\/exceladvisor.org\/de\/?s={search_term_string}\"},\"query-input\":{\"@type\":\"PropertyValueSpecification\",\"valueRequired\":true,\"valueName\":\"search_term_string\"}}],\"inLanguage\":\"de\"},{\"@type\":\"Organization\",\"@id\":\"https:\/\/exceladvisor.org\/de\/#organization\",\"name\":\"Excel Advisor\",\"url\":\"https:\/\/exceladvisor.org\/de\/\",\"logo\":{\"@type\":\"ImageObject\",\"inLanguage\":\"de\",\"@id\":\"https:\/\/exceladvisor.org\/de\/#\/schema\/logo\/image\/\",\"url\":\"https:\/\/exceladvisor.org\/de\/wp-content\/uploads\/2023\/11\/exceladvisor.org_.png\",\"contentUrl\":\"https:\/\/exceladvisor.org\/de\/wp-content\/uploads\/2023\/11\/exceladvisor.org_.png\",\"width\":105,\"height\":36,\"caption\":\"Excel Advisor\"},\"image\":{\"@id\":\"https:\/\/exceladvisor.org\/de\/#\/schema\/logo\/image\/\"}}]}<\/script>\n<!-- \/ Yoast SEO plugin. -->","yoast_head_json":{"title":"\u25b7 Wie erstelle ich ein doppeltes Arbeitsblatt in Excel?","description":"Wenn Sie in Excel ein doppeltes Blatt erstellen m\u00f6chten, also eine Kopie des Blatts in derselben Arbeitsmappe, k\u00f6nnen Sie dies tun","robots":{"index":"index","follow":"follow","max-snippet":"max-snippet:-1","max-image-preview":"max-image-preview:large","max-video-preview":"max-video-preview:-1"},"canonical":"https:\/\/exceladvisor.org\/de\/duplikat\/","og_locale":"de_DE","og_type":"article","og_title":"\u25b7 Wie erstelle ich ein doppeltes Arbeitsblatt in Excel?","og_description":"Wenn Sie in Excel ein doppeltes Blatt erstellen m\u00f6chten, also eine Kopie des Blatts in derselben Arbeitsmappe, k\u00f6nnen Sie dies tun","og_url":"https:\/\/exceladvisor.org\/de\/duplikat\/","og_site_name":"Excel Advisor","article_modified_time":"2023-12-03T11:19:30+00:00","og_image":[{"url":"https:\/\/exceladvisor.org\/wp-content\/uploads\/2023\/08\/feuille-en-double-excel-glisser-deposer.gif","type":"","width":"","height":""}],"twitter_card":"summary_large_image","twitter_misc":{"Gesch\u00e4tzte Lesezeit":"2\u00a0Minuten"},"schema":{"@context":"https:\/\/schema.org","@graph":[{"@type":"WebPage","@id":"https:\/\/exceladvisor.org\/de\/duplikat\/","url":"https:\/\/exceladvisor.org\/de\/duplikat\/","name":"\u25b7 Wie erstelle ich ein doppeltes Arbeitsblatt in Excel?","isPartOf":{"@id":"https:\/\/exceladvisor.org\/de\/#website"},"primaryImageOfPage":{"@id":"https:\/\/exceladvisor.org\/de\/duplikat\/#primaryimage"},"image":{"@id":"https:\/\/exceladvisor.org\/de\/duplikat\/#primaryimage"},"thumbnailUrl":"https:\/\/exceladvisor.org\/wp-content\/uploads\/2023\/08\/feuille-en-double-excel-glisser-deposer.gif","datePublished":"2023-10-30T19:52:35+00:00","dateModified":"2023-12-03T11:19:30+00:00","description":"Wenn Sie in Excel ein doppeltes Blatt erstellen m\u00f6chten, also eine Kopie des Blatts in derselben Arbeitsmappe, k\u00f6nnen Sie dies tun","breadcrumb":{"@id":"https:\/\/exceladvisor.org\/de\/duplikat\/#breadcrumb"},"inLanguage":"de","potentialAction":[{"@type":"ReadAction","target":["https:\/\/exceladvisor.org\/de\/duplikat\/"]}]},{"@type":"ImageObject","inLanguage":"de","@id":"https:\/\/exceladvisor.org\/de\/duplikat\/#primaryimage","url":"https:\/\/exceladvisor.org\/wp-content\/uploads\/2023\/08\/feuille-en-double-excel-glisser-deposer.gif","contentUrl":"https:\/\/exceladvisor.org\/wp-content\/uploads\/2023\/08\/feuille-en-double-excel-glisser-deposer.gif"},{"@type":"BreadcrumbList","@id":"https:\/\/exceladvisor.org\/de\/duplikat\/#breadcrumb","itemListElement":[{"@type":"ListItem","position":1,"name":"Accueil","item":"https:\/\/exceladvisor.org\/de\/"},{"@type":"ListItem","position":2,"name":"Wie erstelle ich ein doppeltes arbeitsblatt in excel?"}]},{"@type":"WebSite","@id":"https:\/\/exceladvisor.org\/de\/#website","url":"https:\/\/exceladvisor.org\/de\/","name":"Excel Advisor","description":"Ihr Leitfaden zur Datendominanz","publisher":{"@id":"https:\/\/exceladvisor.org\/de\/#organization"},"potentialAction":[{"@type":"SearchAction","target":{"@type":"EntryPoint","urlTemplate":"https:\/\/exceladvisor.org\/de\/?s={search_term_string}"},"query-input":{"@type":"PropertyValueSpecification","valueRequired":true,"valueName":"search_term_string"}}],"inLanguage":"de"},{"@type":"Organization","@id":"https:\/\/exceladvisor.org\/de\/#organization","name":"Excel Advisor","url":"https:\/\/exceladvisor.org\/de\/","logo":{"@type":"ImageObject","inLanguage":"de","@id":"https:\/\/exceladvisor.org\/de\/#\/schema\/logo\/image\/","url":"https:\/\/exceladvisor.org\/de\/wp-content\/uploads\/2023\/11\/exceladvisor.org_.png","contentUrl":"https:\/\/exceladvisor.org\/de\/wp-content\/uploads\/2023\/11\/exceladvisor.org_.png","width":105,"height":36,"caption":"Excel Advisor"},"image":{"@id":"https:\/\/exceladvisor.org\/de\/#\/schema\/logo\/image\/"}}]}},"yoast_meta":{"yoast_wpseo_title":"","yoast_wpseo_metadesc":"","yoast_wpseo_canonical":""},"_links":{"self":[{"href":"https:\/\/exceladvisor.org\/de\/wp-json\/wp\/v2\/pages\/3353","targetHints":{"allow":["GET"]}}],"collection":[{"href":"https:\/\/exceladvisor.org\/de\/wp-json\/wp\/v2\/pages"}],"about":[{"href":"https:\/\/exceladvisor.org\/de\/wp-json\/wp\/v2\/types\/page"}],"author":[{"embeddable":true,"href":"https:\/\/exceladvisor.org\/de\/wp-json\/wp\/v2\/users\/1"}],"replies":[{"embeddable":true,"href":"https:\/\/exceladvisor.org\/de\/wp-json\/wp\/v2\/comments?post=3353"}],"version-history":[{"count":1,"href":"https:\/\/exceladvisor.org\/de\/wp-json\/wp\/v2\/pages\/3353\/revisions"}],"predecessor-version":[{"id":3940,"href":"https:\/\/exceladvisor.org\/de\/wp-json\/wp\/v2\/pages\/3353\/revisions\/3940"}],"wp:attachment":[{"href":"https:\/\/exceladvisor.org\/de\/wp-json\/wp\/v2\/media?parent=3353"}],"curies":[{"name":"wp","href":"https:\/\/api.w.org\/{rel}","templated":true}]}}