{"id":3354,"date":"2023-10-30T19:02:43","date_gmt":"2023-10-30T19:02:43","guid":{"rendered":"https:\/\/exceladvisor.org\/de\/icon-spiele\/"},"modified":"2023-12-03T13:05:18","modified_gmt":"2023-12-03T13:05:18","slug":"icon-spiele","status":"publish","type":"page","link":"https:\/\/exceladvisor.org\/de\/icon-spiele\/","title":{"rendered":"Wie verwende ich symbols\u00e4tze in excel?"},"content":{"rendered":"<div class=\"excel-vor-dem-inhalt\" id=\"excel-3251400726\"><script type=\"text\/javascript\">\r\n\tatOptions = {\r\n\t\t'key' : 'c1158f160081d6540a8409e6925dab94',\r\n\t\t'format' : 'iframe',\r\n\t\t'height' : 250,\r\n\t\t'width' : 300,\r\n\t\t'params' : {}\r\n\t};\r\n<\/script>\r\n<script type=\"text\/javascript\" src=\"\/\/www.highperformanceformat.com\/c1158f160081d6540a8409e6925dab94\/invoke.js\"><\/script><\/div> <p>Bei der bedingten Formatierung in Excel gibt es Symbols\u00e4tze, die Sie auf Daten anwenden k\u00f6nnen. Mithilfe dieser Symbols\u00e4tze l\u00e4sst sich ermitteln, welcher Wert am niedrigsten, h\u00f6chsten oder durchschnittlich ist. <\/p><div class=\"wp-block-image\"><figure class=\"aligncenter size-full is-resized\"><img loading=\"lazy\" decoding=\"async\" class=\"wp-image-75179\" src=\"https:\/\/exceladvisor.org\/wp-content\/uploads\/2023\/08\/1-jeux-dicones-dans-excel.png\" sizes=\"auto, \" srcset=\"\" alt=\"Symbols\u00e4tze in Excel\" width=\"211\" height=\"485\"><\/figure><\/div><p> Es gibt insgesamt 20 vordefinierte Symbols\u00e4tze in vier Kategorien, die Sie auf Daten anwenden k\u00f6nnen.<\/p><p> <a href=\"https:\/\/exceladvisor.org\/de\/tastaturkurzel\/\"><em>Tastenkombination<\/em><\/a> <em>zum \u00d6ffnen von Symbols\u00e4tzen: Alt<\/em> <em>\u21e2 H<\/em> <em>\u21e2 L<\/em> <em>\u21e2 I<\/em><\/p><h2 class=\"wp-block-heading\"> Anwenden von Symbols\u00e4tzen auf Daten<\/h2><ol type=\"1\"><li> W\u00e4hlen Sie zun\u00e4chst die Daten aus und gehen Sie zur Registerkarte \u201eStartseite\u201c.<\/li><li> Klicken Sie auf der Registerkarte \u201eStartseite\u201c auf das Dropdown-Men\u00fc \u201eBedingte Formatierung\u201c.<\/li><li> Gehen Sie anschlie\u00dfend zur Option \u201eIcon Sets\u201c.<\/li><li> W\u00e4hlen Sie abschlie\u00dfend den Symbolsatz aus, den Sie auf die ausgew\u00e4hlten Daten anwenden m\u00f6chten. <\/li><\/ol><div class=\"wp-block-image\"><figure class=\"aligncenter size-full is-resized\"><img loading=\"lazy\" decoding=\"async\" class=\"wp-image-75180\" src=\"https:\/\/exceladvisor.org\/wp-content\/uploads\/2023\/08\/2-jeux-dicones-de-mise-en-forme-conditionnelle.png\" sizes=\"auto, \" srcset=\"\" alt=\"Symbols\u00e4tze f\u00fcr bedingte Formatierung\" width=\"578\" height=\"507\"><\/figure><\/div><h2 class=\"wp-block-heading\"> Benutzerdefinierte Regeln zum Anwenden von Symbols\u00e4tzen<\/h2><p> Wenn Sie Symbols\u00e4tze auf Daten anwenden, erstellt Excel automatisch eine anzuwendende Regel. Es entscheidet, welche Werte am niedrigsten, am h\u00f6chsten und in der Mitte liegen. Sie k\u00f6nnen diese aber selbst bestimmen, wenn Sie m\u00f6chten. \u00d6ffnen Sie Symbols\u00e4tze und klicken Sie auf weitere Regeln. <\/p><div class=\"wp-block-image\"><figure class=\"aligncenter size-full is-resized\"><img loading=\"lazy\" decoding=\"async\" class=\"wp-image-75181\" src=\"https:\/\/exceladvisor.org\/wp-content\/uploads\/2023\/08\/3-regles-personnalisees-pour-appliquer-des-jeux-dicones.png\" sizes=\"auto, \" srcset=\"\" alt=\"benutzerdefinierte Regeln zum Anwenden von Symbols\u00e4tzen\" width=\"216\" height=\"496\"><\/figure><\/div><p> Dadurch wird das neue Formatierungsregel-Dialogfeld ge\u00f6ffnet (Tastenkombination zum \u00d6ffnen von Symbols\u00e4tzen: Alt \u21e2 H \u21e2 L \u21e2 I \u21e2 M). <\/p><div class=\"wp-block-image\"><figure class=\"aligncenter size-full is-resized\"><img loading=\"lazy\" decoding=\"async\" class=\"wp-image-75182\" src=\"https:\/\/exceladvisor.org\/wp-content\/uploads\/2023\/08\/4-nouvelle-boite-de-dialogue-de-regle-de-formatage.png\" sizes=\"auto, \" srcset=\"\" alt=\"Neue-Formatierungsregel-Dialog\" width=\"558\" height=\"511\"><\/figure><\/div><p> Standardm\u00e4\u00dfig haben Sie den prozentualen Regeltyp. <\/p><div class=\"wp-block-image\"><figure class=\"aligncenter size-full is-resized\"><img loading=\"lazy\" decoding=\"async\" class=\"wp-image-75183\" src=\"https:\/\/exceladvisor.org\/wp-content\/uploads\/2023\/08\/5-regles-basees-sur-le-pourcentage.png\" sizes=\"auto, \" srcset=\"\" alt=\"Prozentbasierte Regeln\" width=\"610\" height=\"309\"><\/figure><\/div><p> Es gibt jedoch vier verschiedene M\u00f6glichkeiten, eine Regel auf einen Symbolsatz anzuwenden. <\/p><div class=\"wp-block-image\"><figure class=\"aligncenter size-full is-resized\"><img loading=\"lazy\" decoding=\"async\" class=\"wp-image-75184\" src=\"https:\/\/exceladvisor.org\/wp-content\/uploads\/2023\/08\/6-quatre-facons-dappliquer-le-jeu-dicones.png\" sizes=\"auto, \" srcset=\"\" alt=\"Reihe von Symbolen mit vier M\u00f6glichkeiten zur Anwendung\" width=\"349\" height=\"171\"><\/figure><\/div><h2 class=\"wp-block-heading\"> Verwenden Sie einen benutzerdefinierten Nummernbereich, um Symbols\u00e4tze anzuwenden<\/h2><p> Im folgenden Beispiel haben wir einen benutzerdefinierten Nummernkreis verwendet: <\/p><div class=\"wp-block-image\"><figure class=\"aligncenter size-full is-resized\"><img loading=\"lazy\" decoding=\"async\" class=\"wp-image-75185\" src=\"https:\/\/exceladvisor.org\/wp-content\/uploads\/2023\/08\/7-plages-de-numeros-personnalisees.png\" sizes=\"auto, \" srcset=\"\" alt=\"benutzerdefinierter Nummernkreis\" width=\"659\" height=\"502\"><\/figure><\/div><ol type=\"1\"><li> Gr\u00fcner Aufw\u00e4rtspfeil f\u00fcr Werte gr\u00f6\u00dfer und gleich 1500.<\/li><li> Gelbes Balkensymbol f\u00fcr Werte zwischen 1500 und 1000.<\/li><li> Rotes Balkensymbol f\u00fcr Werte unter 1000.<\/li><\/ol><h2 class=\"wp-block-heading\"> Formelbasierte Symbols\u00e4tze anwenden (Wert h\u00e4ngt von einer anderen Zelle ab)<\/h2><p> Im folgenden Beispiel haben wir wertebasierte Symbols\u00e4tze basierend auf den Zellen C2 und C3 angewendet. Und im Typ haben wir eine Formel verwendet. <\/p><div class=\"wp-block-image\"><figure class=\"aligncenter size-full is-resized\"><img loading=\"lazy\" decoding=\"async\" class=\"wp-image-75186\" src=\"https:\/\/exceladvisor.org\/wp-content\/uploads\/2023\/08\/8-appliquer-des-jeux-dicones-bases-sur-la-formule.png\" sizes=\"auto, \" srcset=\"\" alt=\"Wenden Sie formelbasierte Symbols\u00e4tze an\" width=\"687\" height=\"483\"><\/figure><\/div><p> Und wenn Sie einen Wert beider Zellen \u00e4ndern, \u00e4ndern sich auch die Symbols\u00e4tze f\u00fcr die Daten. <\/p><div class=\"wp-block-image\"><figure class=\"aligncenter size-full is-resized\"><img loading=\"lazy\" decoding=\"async\" class=\"wp-image-75187\" src=\"https:\/\/exceladvisor.org\/wp-content\/uploads\/2023\/08\/9-jeux-dicones-de-changement-avec-changement-de-valeur.png\" sizes=\"auto, \" srcset=\"\" alt=\"\u00c4nderungssymbolsatz mit Wert\u00e4nderung\" width=\"395\" height=\"342\"><\/figure><\/div><h2 class=\"wp-block-heading\"> Weitere Optionen mit Symbols\u00e4tzen<\/h2><ol type=\"1\"><li> <strong>Symbolreihenfolge umkehren<\/strong> : Beim Anwenden der Symbolformatierung k\u00f6nnen Sie die Reihenfolge der Symbole in umgekehrter Reihenfolge \u00e4ndern. Das Symbol mit dem h\u00f6chsten Wert wird also zum niedrigsten Wert verschoben.<\/li><li> <strong>Nur Symbole anzeigen<\/strong> : Wenn Sie diese Option aktivieren, werden die Bereichswerte ausgeblendet und nur die Symbole angezeigt, die Sie haben.<\/li><li> <strong>Symbolstil<\/strong> : Sie k\u00f6nnen den Symbolstil \u00e4ndern. Wie Sie wissen, stehen uns 20 verschiedene Stile zur Verf\u00fcgung.<\/li><li> <strong>Verschiedene Symbole f\u00fcr jeden Wert<\/strong> : Sie k\u00f6nnen f\u00fcr jeden Wert ein anderes Symbol ausw\u00e4hlen. Ein anderes Symbol f\u00fcr mittlere, niedrige und hohe Werte. <\/li><\/ol><div class=\"wp-block-image\"><figure class=\"aligncenter size-full is-resized\"><img loading=\"lazy\" decoding=\"async\" class=\"wp-image-75188\" src=\"https:\/\/exceladvisor.org\/wp-content\/uploads\/2023\/08\/10-autres-options-avec-jeux-dicones.png\" sizes=\"auto, \" srcset=\"\" alt=\"Andere-Optionen-mit-Icon-Sets\" width=\"597\" height=\"333\"><\/figure><\/div><h2 class=\"wp-block-heading\"> Symbols\u00e4tze in Excel Mac<\/h2><p> Wenn Sie Excel f\u00fcr Mac verwenden, sind alle Optionen dieselben, genau wie bei Windows. Die oben genannten Schritte helfen Ihnen auch dabei, Symbols\u00e4tze darauf anzuwenden. <\/p><div class=\"wp-block-image\"><figure class=\"aligncenter size-full is-resized\"><img loading=\"lazy\" decoding=\"async\" class=\"wp-image-75189\" src=\"https:\/\/exceladvisor.org\/wp-content\/uploads\/2023\/08\/11-jeux-dicones-sur-mac.png\" sizes=\"auto, \" srcset=\"\" alt=\"Icon-Sets-in-Mac\" width=\"439\" height=\"502\"><\/figure><\/div><div class=\"gb-container gb-container-4db6181c gb-container-mt\"> <a class=\"gb-button gb-button-c5897111 gb-button-text gb-button-mt-button\" href=\"https:\/\/exceladvisor.org\/de\/excel-fortschritt\/\">Erweiterte Excel-Tutorials<\/a><h2 class=\"gb-headline gb-headline-665e5f6b gb-headline-text gb-headline-mt-heading\"> Verwandte Tutorials <\/h2><div class=\"gb-grid-wrapper gb-grid-wrapper-a20baf7c gb-grid-wrapper-mt-grid\"><div class=\"gb-grid-column gb-grid-column-65ddf67e\"><div class=\"gb-container gb-container-65ddf67e\"><ul><li> <a href=\"https:\/\/exceladvisor.org\/de\/formeln-1\/\" data-wpil=\"url\">Formeln in bedingter Formatierung<\/a><\/li><li> <a href=\"https:\/\/exceladvisor.org\/de\/automatisch-formatieren\/\">Automatische Formatierungsoption in Excel<\/a><\/li><li> <a href=\"https:\/\/exceladvisor.org\/de\/markieren-sie-abwechselnde-zeilen\/\">Markieren Sie alternative Zeilen in Excel mit einem Farbfeld<\/a> <\/li><\/ul><\/div><\/div><div class=\"gb-grid-column gb-grid-column-50067b57\"><div class=\"gb-container gb-container-50067b57\"><\/div><\/div><\/div><\/div>","protected":false},"excerpt":{"rendered":"","protected":false},"author":1,"featured_media":0,"parent":0,"menu_order":0,"comment_status":"open","ping_status":"closed","template":"","meta":{"ub_ctt_via":"","footnotes":""},"class_list":["post-3354","page","type-page","status-publish","hentry"],"featured_image_src":null,"yoast_head":"<!-- This site is optimized with the Yoast SEO plugin v25.4 - https:\/\/yoast.com\/wordpress\/plugins\/seo\/ -->\n<title>Wie verwende ich Symbols\u00e4tze in Excel? (Leitfaden 2023)<\/title>\n<meta name=\"description\" content=\"Wenn Sie in Excel die bedingte Formatierung verwenden, k\u00f6nnen Sie Symbole f\u00fcr Ihre Daten verwenden, um diese darzustellen\" \/>\n<meta name=\"robots\" content=\"index, follow, max-snippet:-1, max-image-preview:large, max-video-preview:-1\" \/>\n<link rel=\"canonical\" href=\"https:\/\/exceladvisor.org\/de\/icon-spiele\/\" \/>\n<meta property=\"og:locale\" content=\"de_DE\" \/>\n<meta property=\"og:type\" content=\"article\" \/>\n<meta property=\"og:title\" content=\"Wie verwende ich Symbols\u00e4tze in Excel? (Leitfaden 2023)\" \/>\n<meta property=\"og:description\" content=\"Wenn Sie in Excel die bedingte Formatierung verwenden, k\u00f6nnen Sie Symbole f\u00fcr Ihre Daten verwenden, um diese darzustellen\" \/>\n<meta property=\"og:url\" content=\"https:\/\/exceladvisor.org\/de\/icon-spiele\/\" \/>\n<meta property=\"og:site_name\" content=\"Excel Advisor\" \/>\n<meta property=\"article:modified_time\" content=\"2023-12-03T13:05:18+00:00\" \/>\n<meta property=\"og:image\" content=\"https:\/\/exceladvisor.org\/wp-content\/uploads\/2023\/08\/1-jeux-dicones-dans-excel.png\" \/>\n<meta name=\"twitter:card\" content=\"summary_large_image\" \/>\n<meta name=\"twitter:label1\" content=\"Gesch\u00e4tzte Lesezeit\" \/>\n\t<meta name=\"twitter:data1\" content=\"2\u00a0Minuten\" \/>\n<script type=\"application\/ld+json\" class=\"yoast-schema-graph\">{\"@context\":\"https:\/\/schema.org\",\"@graph\":[{\"@type\":\"WebPage\",\"@id\":\"https:\/\/exceladvisor.org\/de\/icon-spiele\/\",\"url\":\"https:\/\/exceladvisor.org\/de\/icon-spiele\/\",\"name\":\"Wie verwende ich Symbols\u00e4tze in Excel? (Leitfaden 2023)\",\"isPartOf\":{\"@id\":\"https:\/\/exceladvisor.org\/de\/#website\"},\"primaryImageOfPage\":{\"@id\":\"https:\/\/exceladvisor.org\/de\/icon-spiele\/#primaryimage\"},\"image\":{\"@id\":\"https:\/\/exceladvisor.org\/de\/icon-spiele\/#primaryimage\"},\"thumbnailUrl\":\"https:\/\/exceladvisor.org\/wp-content\/uploads\/2023\/08\/1-jeux-dicones-dans-excel.png\",\"datePublished\":\"2023-10-30T19:02:43+00:00\",\"dateModified\":\"2023-12-03T13:05:18+00:00\",\"description\":\"Wenn Sie in Excel die bedingte Formatierung verwenden, k\u00f6nnen Sie Symbole f\u00fcr Ihre Daten verwenden, um diese darzustellen\",\"breadcrumb\":{\"@id\":\"https:\/\/exceladvisor.org\/de\/icon-spiele\/#breadcrumb\"},\"inLanguage\":\"de\",\"potentialAction\":[{\"@type\":\"ReadAction\",\"target\":[\"https:\/\/exceladvisor.org\/de\/icon-spiele\/\"]}]},{\"@type\":\"ImageObject\",\"inLanguage\":\"de\",\"@id\":\"https:\/\/exceladvisor.org\/de\/icon-spiele\/#primaryimage\",\"url\":\"https:\/\/exceladvisor.org\/wp-content\/uploads\/2023\/08\/1-jeux-dicones-dans-excel.png\",\"contentUrl\":\"https:\/\/exceladvisor.org\/wp-content\/uploads\/2023\/08\/1-jeux-dicones-dans-excel.png\"},{\"@type\":\"BreadcrumbList\",\"@id\":\"https:\/\/exceladvisor.org\/de\/icon-spiele\/#breadcrumb\",\"itemListElement\":[{\"@type\":\"ListItem\",\"position\":1,\"name\":\"Accueil\",\"item\":\"https:\/\/exceladvisor.org\/de\/\"},{\"@type\":\"ListItem\",\"position\":2,\"name\":\"Wie verwende ich symbols\u00e4tze in excel?\"}]},{\"@type\":\"WebSite\",\"@id\":\"https:\/\/exceladvisor.org\/de\/#website\",\"url\":\"https:\/\/exceladvisor.org\/de\/\",\"name\":\"Excel Advisor\",\"description\":\"Ihr Leitfaden zur Datendominanz\",\"publisher\":{\"@id\":\"https:\/\/exceladvisor.org\/de\/#organization\"},\"potentialAction\":[{\"@type\":\"SearchAction\",\"target\":{\"@type\":\"EntryPoint\",\"urlTemplate\":\"https:\/\/exceladvisor.org\/de\/?s={search_term_string}\"},\"query-input\":{\"@type\":\"PropertyValueSpecification\",\"valueRequired\":true,\"valueName\":\"search_term_string\"}}],\"inLanguage\":\"de\"},{\"@type\":\"Organization\",\"@id\":\"https:\/\/exceladvisor.org\/de\/#organization\",\"name\":\"Excel Advisor\",\"url\":\"https:\/\/exceladvisor.org\/de\/\",\"logo\":{\"@type\":\"ImageObject\",\"inLanguage\":\"de\",\"@id\":\"https:\/\/exceladvisor.org\/de\/#\/schema\/logo\/image\/\",\"url\":\"https:\/\/exceladvisor.org\/de\/wp-content\/uploads\/2023\/11\/exceladvisor.org_.png\",\"contentUrl\":\"https:\/\/exceladvisor.org\/de\/wp-content\/uploads\/2023\/11\/exceladvisor.org_.png\",\"width\":105,\"height\":36,\"caption\":\"Excel Advisor\"},\"image\":{\"@id\":\"https:\/\/exceladvisor.org\/de\/#\/schema\/logo\/image\/\"}}]}<\/script>\n<!-- \/ Yoast SEO plugin. -->","yoast_head_json":{"title":"Wie verwende ich Symbols\u00e4tze in Excel? (Leitfaden 2023)","description":"Wenn Sie in Excel die bedingte Formatierung verwenden, k\u00f6nnen Sie Symbole f\u00fcr Ihre Daten verwenden, um diese darzustellen","robots":{"index":"index","follow":"follow","max-snippet":"max-snippet:-1","max-image-preview":"max-image-preview:large","max-video-preview":"max-video-preview:-1"},"canonical":"https:\/\/exceladvisor.org\/de\/icon-spiele\/","og_locale":"de_DE","og_type":"article","og_title":"Wie verwende ich Symbols\u00e4tze in Excel? (Leitfaden 2023)","og_description":"Wenn Sie in Excel die bedingte Formatierung verwenden, k\u00f6nnen Sie Symbole f\u00fcr Ihre Daten verwenden, um diese darzustellen","og_url":"https:\/\/exceladvisor.org\/de\/icon-spiele\/","og_site_name":"Excel Advisor","article_modified_time":"2023-12-03T13:05:18+00:00","og_image":[{"url":"https:\/\/exceladvisor.org\/wp-content\/uploads\/2023\/08\/1-jeux-dicones-dans-excel.png","type":"","width":"","height":""}],"twitter_card":"summary_large_image","twitter_misc":{"Gesch\u00e4tzte Lesezeit":"2\u00a0Minuten"},"schema":{"@context":"https:\/\/schema.org","@graph":[{"@type":"WebPage","@id":"https:\/\/exceladvisor.org\/de\/icon-spiele\/","url":"https:\/\/exceladvisor.org\/de\/icon-spiele\/","name":"Wie verwende ich Symbols\u00e4tze in Excel? (Leitfaden 2023)","isPartOf":{"@id":"https:\/\/exceladvisor.org\/de\/#website"},"primaryImageOfPage":{"@id":"https:\/\/exceladvisor.org\/de\/icon-spiele\/#primaryimage"},"image":{"@id":"https:\/\/exceladvisor.org\/de\/icon-spiele\/#primaryimage"},"thumbnailUrl":"https:\/\/exceladvisor.org\/wp-content\/uploads\/2023\/08\/1-jeux-dicones-dans-excel.png","datePublished":"2023-10-30T19:02:43+00:00","dateModified":"2023-12-03T13:05:18+00:00","description":"Wenn Sie in Excel die bedingte Formatierung verwenden, k\u00f6nnen Sie Symbole f\u00fcr Ihre Daten verwenden, um diese darzustellen","breadcrumb":{"@id":"https:\/\/exceladvisor.org\/de\/icon-spiele\/#breadcrumb"},"inLanguage":"de","potentialAction":[{"@type":"ReadAction","target":["https:\/\/exceladvisor.org\/de\/icon-spiele\/"]}]},{"@type":"ImageObject","inLanguage":"de","@id":"https:\/\/exceladvisor.org\/de\/icon-spiele\/#primaryimage","url":"https:\/\/exceladvisor.org\/wp-content\/uploads\/2023\/08\/1-jeux-dicones-dans-excel.png","contentUrl":"https:\/\/exceladvisor.org\/wp-content\/uploads\/2023\/08\/1-jeux-dicones-dans-excel.png"},{"@type":"BreadcrumbList","@id":"https:\/\/exceladvisor.org\/de\/icon-spiele\/#breadcrumb","itemListElement":[{"@type":"ListItem","position":1,"name":"Accueil","item":"https:\/\/exceladvisor.org\/de\/"},{"@type":"ListItem","position":2,"name":"Wie verwende ich symbols\u00e4tze in excel?"}]},{"@type":"WebSite","@id":"https:\/\/exceladvisor.org\/de\/#website","url":"https:\/\/exceladvisor.org\/de\/","name":"Excel Advisor","description":"Ihr Leitfaden zur Datendominanz","publisher":{"@id":"https:\/\/exceladvisor.org\/de\/#organization"},"potentialAction":[{"@type":"SearchAction","target":{"@type":"EntryPoint","urlTemplate":"https:\/\/exceladvisor.org\/de\/?s={search_term_string}"},"query-input":{"@type":"PropertyValueSpecification","valueRequired":true,"valueName":"search_term_string"}}],"inLanguage":"de"},{"@type":"Organization","@id":"https:\/\/exceladvisor.org\/de\/#organization","name":"Excel Advisor","url":"https:\/\/exceladvisor.org\/de\/","logo":{"@type":"ImageObject","inLanguage":"de","@id":"https:\/\/exceladvisor.org\/de\/#\/schema\/logo\/image\/","url":"https:\/\/exceladvisor.org\/de\/wp-content\/uploads\/2023\/11\/exceladvisor.org_.png","contentUrl":"https:\/\/exceladvisor.org\/de\/wp-content\/uploads\/2023\/11\/exceladvisor.org_.png","width":105,"height":36,"caption":"Excel Advisor"},"image":{"@id":"https:\/\/exceladvisor.org\/de\/#\/schema\/logo\/image\/"}}]}},"yoast_meta":{"yoast_wpseo_title":"","yoast_wpseo_metadesc":"","yoast_wpseo_canonical":""},"_links":{"self":[{"href":"https:\/\/exceladvisor.org\/de\/wp-json\/wp\/v2\/pages\/3354","targetHints":{"allow":["GET"]}}],"collection":[{"href":"https:\/\/exceladvisor.org\/de\/wp-json\/wp\/v2\/pages"}],"about":[{"href":"https:\/\/exceladvisor.org\/de\/wp-json\/wp\/v2\/types\/page"}],"author":[{"embeddable":true,"href":"https:\/\/exceladvisor.org\/de\/wp-json\/wp\/v2\/users\/1"}],"replies":[{"embeddable":true,"href":"https:\/\/exceladvisor.org\/de\/wp-json\/wp\/v2\/comments?post=3354"}],"version-history":[{"count":1,"href":"https:\/\/exceladvisor.org\/de\/wp-json\/wp\/v2\/pages\/3354\/revisions"}],"predecessor-version":[{"id":4386,"href":"https:\/\/exceladvisor.org\/de\/wp-json\/wp\/v2\/pages\/3354\/revisions\/4386"}],"wp:attachment":[{"href":"https:\/\/exceladvisor.org\/de\/wp-json\/wp\/v2\/media?parent=3354"}],"curies":[{"name":"wp","href":"https:\/\/api.w.org\/{rel}","templated":true}]}}