{"id":3355,"date":"2023-10-30T18:56:26","date_gmt":"2023-10-30T18:56:26","guid":{"rendered":"https:\/\/exceladvisor.org\/de\/zuruckziehen\/"},"modified":"2023-12-03T11:14:25","modified_gmt":"2023-12-03T11:14:25","slug":"zuruckziehen","status":"publish","type":"page","link":"https:\/\/exceladvisor.org\/de\/zuruckziehen\/","title":{"rendered":"Wie entferne ich die bedingte formatierung in excel?"},"content":{"rendered":"<div class=\"excel-vor-dem-inhalt\" id=\"excel-1697496165\"><script type=\"text\/javascript\">\r\n\tatOptions = {\r\n\t\t'key' : 'c1158f160081d6540a8409e6925dab94',\r\n\t\t'format' : 'iframe',\r\n\t\t'height' : 250,\r\n\t\t'width' : 300,\r\n\t\t'params' : {}\r\n\t};\r\n<\/script>\r\n<script type=\"text\/javascript\" src=\"\/\/www.highperformanceformat.com\/c1158f160081d6540a8409e6925dab94\/invoke.js\"><\/script><\/div> <p>Wenn Sie eine bedingte Formatierung anwenden, haben Sie auch die M\u00f6glichkeit, diese mit einem Klick zu entfernen. Im folgenden Beispiel haben Sie eine Tabelle mit bedingter Farbskalenformatierung. <\/p><div class=\"wp-block-image\"><figure class=\"aligncenter size-full is-resized\"><img loading=\"lazy\" decoding=\"async\" class=\"wp-image-85901\" src=\"https:\/\/exceladvisor.org\/wp-content\/uploads\/2023\/08\/1-supprimer-la-mise-en-forme-conditionnelle.png\" sizes=\"auto, \" srcset=\"\" alt=\"Entfernen Sie die bedingte Formatierung\" width=\"549\" height=\"451\"><\/figure><\/div><p> Um diese bedingte Formatierung zu entfernen, stehen Ihnen verschiedene Methoden zur Verf\u00fcgung, die Sie je nach Bedarf verwenden k\u00f6nnen.<\/p><h2 class=\"wp-block-heading\"> Deaktivieren Sie die Option zum Entfernen der bedingten Formatierung<\/h2><ol type=\"1\"><li> W\u00e4hlen Sie zun\u00e4chst die gesamte Tabelle aus.<\/li><li> Gehen Sie zur Registerkarte \u201eStartseite\u201c.<\/li><li> Und dann die bedingte Formatierung.<\/li><li> Klicken Sie anschlie\u00dfend auf \u201eRegeln l\u00f6schen\u201c.<\/li><li> Klicken Sie abschlie\u00dfend auf \u201eRegeln aus ausgew\u00e4hlten Zellen l\u00f6schen\u201c. <\/li><\/ol><div class=\"wp-block-image\"><figure class=\"aligncenter size-full is-resized\"><img loading=\"lazy\" decoding=\"async\" class=\"wp-image-85902\" src=\"https:\/\/exceladvisor.org\/wp-content\/uploads\/2023\/08\/2-option-claire-pour-supprimer-la-mise-en-forme-conditionnelle.png\" sizes=\"auto, \" srcset=\"\" alt=\"klare Option zum Entfernen der bedingten Formatierung\" width=\"648\" height=\"423\"><\/figure><\/div><p> Wenn Sie darauf klicken, wird die bedingte Formatierung aus dem ausgew\u00e4hlten Bereich entfernt. <\/p><div class=\"wp-block-image\"><figure class=\"aligncenter size-full is-resized\"><img loading=\"lazy\" decoding=\"async\" class=\"wp-image-85903\" src=\"https:\/\/exceladvisor.org\/wp-content\/uploads\/2023\/08\/3-mises-en-forme-conditionnelles-supprimees.png\" sizes=\"auto, \" srcset=\"\" alt=\"Bedingte Formatierung entfernt\" width=\"536\" height=\"387\"><\/figure><\/div><p> Und wenn Sie es vom gesamten Blatt entfernen m\u00f6chten, klicken Sie auf \u201eRegeln vom gesamten Blatt l\u00f6schen\u201c. <\/p><div class=\"wp-block-image\"><figure class=\"aligncenter size-full is-resized\"><img loading=\"lazy\" decoding=\"async\" class=\"wp-image-85904\" src=\"https:\/\/exceladvisor.org\/wp-content\/uploads\/2023\/08\/4-regles-claires-de-la-feuille-entiere.png\" sizes=\"auto, \" srcset=\"\" alt=\"L\u00f6schen Sie die Regeln aus dem gesamten Blatt\" width=\"466\" height=\"185\"><\/figure><\/div><h2 class=\"wp-block-heading\"> Verwenden Sie die Option \u201eRegeln verwalten\u201c, um die bedingte Formatierung zu l\u00f6schen<\/h2><p> Nachdem Sie den Bereich ausgew\u00e4hlt haben, in dem die bedingte Formatierung angewendet wird, gehen Sie zur Registerkarte \u201eStartseite\u201c \u21e2 Bedingte Formatierung \u21e2 Regeln verwalten. <\/p><div class=\"wp-block-image\"><figure class=\"aligncenter size-full is-resized\"><img loading=\"lazy\" decoding=\"async\" class=\"wp-image-85905\" src=\"https:\/\/exceladvisor.org\/wp-content\/uploads\/2023\/08\/5-gerer-les-regles-pour-effacer-le-formatage.png\" sizes=\"auto, \" srcset=\"\" alt=\"Regeln verwalten, um die Formatierung zu l\u00f6schen\" width=\"237\" height=\"425\"><\/figure><\/div><p> Sobald Sie auf \u201eRegeln verwalten\u201c klicken, wird das folgende Dialogfeld angezeigt. <\/p><div class=\"wp-block-image\"><figure class=\"aligncenter size-full is-resized\"><img loading=\"lazy\" decoding=\"async\" class=\"wp-image-85906\" src=\"https:\/\/exceladvisor.org\/wp-content\/uploads\/2023\/08\/6-boite-de-dialogue-de-gestion-des-regles.png\" sizes=\"auto, \" srcset=\"\" alt=\"Regelverwaltungsdialog\" width=\"684\" height=\"248\"><\/figure><\/div><p> Sie k\u00f6nnen hier die bedingte Formatierung ausw\u00e4hlen und auf die Schaltfl\u00e4che \u201eRegel l\u00f6schen\u201c klicken, um sie zu entfernen. <\/p><div class=\"wp-block-image\"><figure class=\"aligncenter size-full is-resized\"><img loading=\"lazy\" decoding=\"async\" class=\"wp-image-85907\" src=\"https:\/\/exceladvisor.org\/wp-content\/uploads\/2023\/08\/7-cliquez-sur-le-bouton-supprimer-la-regle.png\" sizes=\"auto, \" srcset=\"\" alt=\"Klicken Sie auf die Schaltfl\u00e4che \u201eRegel l\u00f6schen\u201c.\" width=\"514\" height=\"205\"><\/figure><\/div><p> Die bedingte Formatierung wird sofort aus der Auswahl gel\u00f6scht. Und wenn Sie es aus der gesamten Tabelle entfernen, k\u00f6nnen Sie die Dropdown-Men\u00fcauswahl in \u201eDiese Tabelle\u201c \u00e4ndern. <\/p><div class=\"wp-block-image\"><figure class=\"aligncenter size-full is-resized\"><img loading=\"lazy\" decoding=\"async\" class=\"wp-image-85908\" src=\"https:\/\/exceladvisor.org\/wp-content\/uploads\/2023\/08\/8-formatage-clair-a-partir-de-la-selection.png\" sizes=\"auto, \" srcset=\"\" alt=\"Formatierung aus Auswahl l\u00f6schen\" width=\"452\" height=\"87\"><\/figure><\/div><h2 class=\"wp-block-heading\"> Verwenden einer Tastenkombination<\/h2><p> Wenn Sie viele bedingte Formatierungen verwenden, m\u00fcssen Sie sich mit der Verkn\u00fcpfung vertraut machen, die Ihnen dabei helfen kann, diese ohne Verwendung von Optionen zu entfernen.<\/p><p> <kbd>Alt<\/kbd> \u21e2 <kbd>H<\/kbd> \u21e2 <kbd>L<\/kbd> \u21e2 <kbd>C<\/kbd> \u21e2 <kbd>S<\/kbd><\/p><p> Diese Verkn\u00fcpfung verwendet dieselbe Option wie bei der ersten Methode, nur mit den Tastaturtasten.<\/p><h2 class=\"wp-block-heading\"> Verwenden Sie die Option \u201eL\u00f6schen\u201c des Schnellscan-Tools<\/h2><p> Wenn Sie den Bereich mit bedingter Formatierung ausw\u00e4hlen, zeigt Excel Ihnen unten rechts das Schnellanalyse-Tool an. Und von dort aus verwenden Sie die Option \u201eFormat l\u00f6schen\u201c, um die bedingte Formatierung zu entfernen. <\/p><div class=\"wp-block-image\"><figure class=\"aligncenter size-full is-resized\"><img loading=\"lazy\" decoding=\"async\" class=\"wp-image-85909\" src=\"https:\/\/exceladvisor.org\/wp-content\/uploads\/2023\/08\/9-option-claire-de-loutil-danalyse-rapide.png\" sizes=\"auto, \" srcset=\"\" alt=\"klare-option-vom-schnellanalyse-tool\" width=\"716\" height=\"335\"><\/figure><\/div><h2 class=\"wp-block-heading\"> Erstellen einer Schaltfl\u00e4che in der Symbolleiste f\u00fcr den Schnellzugriff<\/h2><p> Sie k\u00f6nnen der <a href=\"https:\/\/exceladvisor.org\/de\/schnellzugriffsleiste\/\">Symbolleiste f\u00fcr den Schnellzugriff<\/a> auch eine Schaltfl\u00e4che hinzuf\u00fcgen, um die bedingte Formatierung zu l\u00f6schen. Gehen Sie zu Datei \u21e2 <a href=\"https:\/\/exceladvisor.org\/de\/optionen\/\">Excel-Optionen<\/a> \u21e2 Symbolleiste f\u00fcr den Schnellzugriff \u21e2 W\u00e4hlen Sie \u201eStartseite\u201c-Befehle \u21e2 W\u00e4hlen Sie \u201eRegeln aus ausgew\u00e4hlten Zellen l\u00f6schen\u201c \u21e2 Hinzuf\u00fcgen \u21e2 OK. <\/p><div class=\"wp-block-image\"><figure class=\"aligncenter size-full is-resized\"><img loading=\"lazy\" decoding=\"async\" class=\"wp-image-85910\" src=\"https:\/\/exceladvisor.org\/wp-content\/uploads\/2023\/08\/10-bouton-creer-sur-la-barre-doutils-dacces-rapide.png\" sizes=\"auto, \" srcset=\"\" alt=\"Schaltfl\u00e4che \u201eErstellen\u201c in der Symbolleiste f\u00fcr den Schnellzugriff\" width=\"672\" height=\"433\"><\/figure><\/div><p> In der Symbolleiste f\u00fcr den Schnellzugriff wird eine Schaltfl\u00e4che angezeigt, mit der Sie die bedingte Formatierung mit nur einem Klick l\u00f6schen k\u00f6nnen.<\/p><h2 class=\"wp-block-heading\"> L\u00f6schen Sie alle Formatierungen<\/h2><p> Sie k\u00f6nnen auch alle Formatierungen l\u00f6schen, wenn Sie nur \u00fcber bedingte Formatierungen verf\u00fcgen. Sie k\u00f6nnen die Tastenkombination verwenden:<\/p><p> <kbd>Alt<\/kbd> \u21e2 <kbd>H<\/kbd> \u21e2 <kbd>E<\/kbd> \u21e2 <kbd>F<\/kbd><\/p><p> Oder Sie k\u00f6nnen die Option zum L\u00f6schen des Formats auf der Registerkarte \u201eStartseite\u201c verwenden. <\/p><div class=\"wp-block-image\"><figure class=\"aligncenter size-full is-resized\"><img loading=\"lazy\" decoding=\"async\" class=\"wp-image-85911\" src=\"https:\/\/exceladvisor.org\/wp-content\/uploads\/2023\/08\/11-raccourci-pour-supprimer-tout-le-formatage.png\" sizes=\"auto, \" srcset=\"\" alt=\"Verkn\u00fcpfung zum Entfernen aller Formatierungen\" width=\"521\" height=\"385\"><\/figure><\/div><p> Wie gesagt, dadurch wird die Formatierung vollst\u00e4ndig aus dem ausgew\u00e4hlten Bereich oder der ausgew\u00e4hlten Zelle entfernt. <\/p><div class=\"wp-block-image\"><figure class=\"aligncenter size-full is-resized\"><img loading=\"lazy\" decoding=\"async\" class=\"wp-image-85912\" src=\"https:\/\/exceladvisor.org\/wp-content\/uploads\/2023\/08\/12-formatage-entierement-supprime.png\" sizes=\"auto, \" srcset=\"\" alt=\"Formatierung vollst\u00e4ndig gel\u00f6scht\" width=\"614\" height=\"395\"><\/figure><\/div><p> Von allen oben besprochenen Methoden ist die Verwendung der Dropdown-Option \u201eBedingte Formatierung\u201c auf der Registerkarte \u201eStartseite\u201c, der Tastenkombination und der Schaltfl\u00e4che \u201eErstellen\u201c auf der Symbolleiste der Registerkarte \u201eStartseite\u201c die beste. Schneller Zugang.<\/p><div class=\"gb-container gb-container-6076ba72 gb-container-mt\"> <a class=\"gb-button gb-button-76e6a499 gb-button-text gb-button-mt-button\" href=\"https:\/\/exceladvisor.org\/de\/excel-grundlagen\/\">Lernen Sie die Grundlagen von Excel<\/a><h2 class=\"gb-headline gb-headline-a9e9e206 gb-headline-text gb-headline-mt-heading\"> Erfahren Sie mehr \u00fcber <a href=\"https:\/\/exceladvisor.org\/de\/bedingte-formatierung\/\">bedingte Formatierung<\/a> <\/h2><div class=\"gb-grid-wrapper gb-grid-wrapper-790317cb gb-grid-wrapper-mt-grid\"><div class=\"gb-grid-column gb-grid-column-a9845ede\"><div class=\"gb-container gb-container-a9845ede\"><ul><li> <a href=\"https:\/\/exceladvisor.org\/de\/wenden-sie-eine-bedingte-formatierung-an\/\">Wenden Sie eine bedingte Formatierung auf eine Pivot-Tabelle an<\/a><\/li><li> <a href=\"https:\/\/exceladvisor.org\/de\/leere-zellen\/\">Wenden Sie bedingte Formatierung auf leere Zellen in Excel an<\/a><\/li><li> <a href=\"https:\/\/exceladvisor.org\/de\/spalten-vergleichen\/\">Vergleichen Sie zwei Spalten mithilfe der bedingten Formatierung<\/a><\/li><li> <a href=\"https:\/\/exceladvisor.org\/de\/eine-andere-zelle\/\">Wenden Sie eine bedingte Formatierung basierend auf einer anderen Zelle an<\/a><\/li><li> <a href=\"https:\/\/exceladvisor.org\/de\/eine-weitere-spalte\/\">Wenden Sie eine bedingte Formatierung basierend auf einer anderen Spalte an<\/a><\/li><\/ul><\/div><\/div><\/div><\/div>","protected":false},"excerpt":{"rendered":"","protected":false},"author":1,"featured_media":0,"parent":0,"menu_order":0,"comment_status":"open","ping_status":"closed","template":"","meta":{"ub_ctt_via":"","footnotes":""},"class_list":["post-3355","page","type-page","status-publish","hentry"],"featured_image_src":null,"yoast_head":"<!-- This site is optimized with the Yoast SEO plugin v25.4 - https:\/\/yoast.com\/wordpress\/plugins\/seo\/ -->\n<title>Wie entferne ich die bedingte Formatierung in Excel?<\/title>\n<meta name=\"description\" content=\"In diesem Tutorial erfahren Sie, wie Sie die bedingte Formatierung in Excel mit verschiedenen Methoden entfernen. Lassen Sie uns das \u00fcberpr\u00fcfen...\" \/>\n<meta name=\"robots\" content=\"index, follow, max-snippet:-1, max-image-preview:large, max-video-preview:-1\" \/>\n<link rel=\"canonical\" href=\"https:\/\/exceladvisor.org\/de\/zuruckziehen\/\" \/>\n<meta property=\"og:locale\" content=\"de_DE\" \/>\n<meta property=\"og:type\" content=\"article\" \/>\n<meta property=\"og:title\" content=\"Wie entferne ich die bedingte Formatierung in Excel?\" \/>\n<meta property=\"og:description\" content=\"In diesem Tutorial erfahren Sie, wie Sie die bedingte Formatierung in Excel mit verschiedenen Methoden entfernen. Lassen Sie uns das \u00fcberpr\u00fcfen...\" \/>\n<meta property=\"og:url\" content=\"https:\/\/exceladvisor.org\/de\/zuruckziehen\/\" \/>\n<meta property=\"og:site_name\" content=\"Excel Advisor\" \/>\n<meta property=\"article:modified_time\" content=\"2023-12-03T11:14:25+00:00\" \/>\n<meta property=\"og:image\" content=\"https:\/\/exceladvisor.org\/wp-content\/uploads\/2023\/08\/1-supprimer-la-mise-en-forme-conditionnelle.png\" \/>\n<meta name=\"twitter:card\" content=\"summary_large_image\" \/>\n<meta name=\"twitter:label1\" content=\"Gesch\u00e4tzte Lesezeit\" \/>\n\t<meta name=\"twitter:data1\" content=\"3\u00a0Minuten\" \/>\n<script type=\"application\/ld+json\" class=\"yoast-schema-graph\">{\"@context\":\"https:\/\/schema.org\",\"@graph\":[{\"@type\":\"WebPage\",\"@id\":\"https:\/\/exceladvisor.org\/de\/zuruckziehen\/\",\"url\":\"https:\/\/exceladvisor.org\/de\/zuruckziehen\/\",\"name\":\"Wie entferne ich die bedingte Formatierung in Excel?\",\"isPartOf\":{\"@id\":\"https:\/\/exceladvisor.org\/de\/#website\"},\"primaryImageOfPage\":{\"@id\":\"https:\/\/exceladvisor.org\/de\/zuruckziehen\/#primaryimage\"},\"image\":{\"@id\":\"https:\/\/exceladvisor.org\/de\/zuruckziehen\/#primaryimage\"},\"thumbnailUrl\":\"https:\/\/exceladvisor.org\/wp-content\/uploads\/2023\/08\/1-supprimer-la-mise-en-forme-conditionnelle.png\",\"datePublished\":\"2023-10-30T18:56:26+00:00\",\"dateModified\":\"2023-12-03T11:14:25+00:00\",\"description\":\"In diesem Tutorial erfahren Sie, wie Sie die bedingte Formatierung in Excel mit verschiedenen Methoden entfernen. Lassen Sie uns das \u00fcberpr\u00fcfen...\",\"breadcrumb\":{\"@id\":\"https:\/\/exceladvisor.org\/de\/zuruckziehen\/#breadcrumb\"},\"inLanguage\":\"de\",\"potentialAction\":[{\"@type\":\"ReadAction\",\"target\":[\"https:\/\/exceladvisor.org\/de\/zuruckziehen\/\"]}]},{\"@type\":\"ImageObject\",\"inLanguage\":\"de\",\"@id\":\"https:\/\/exceladvisor.org\/de\/zuruckziehen\/#primaryimage\",\"url\":\"https:\/\/exceladvisor.org\/wp-content\/uploads\/2023\/08\/1-supprimer-la-mise-en-forme-conditionnelle.png\",\"contentUrl\":\"https:\/\/exceladvisor.org\/wp-content\/uploads\/2023\/08\/1-supprimer-la-mise-en-forme-conditionnelle.png\"},{\"@type\":\"BreadcrumbList\",\"@id\":\"https:\/\/exceladvisor.org\/de\/zuruckziehen\/#breadcrumb\",\"itemListElement\":[{\"@type\":\"ListItem\",\"position\":1,\"name\":\"Accueil\",\"item\":\"https:\/\/exceladvisor.org\/de\/\"},{\"@type\":\"ListItem\",\"position\":2,\"name\":\"Wie entferne ich die bedingte formatierung in excel?\"}]},{\"@type\":\"WebSite\",\"@id\":\"https:\/\/exceladvisor.org\/de\/#website\",\"url\":\"https:\/\/exceladvisor.org\/de\/\",\"name\":\"Excel Advisor\",\"description\":\"Ihr Leitfaden zur Datendominanz\",\"publisher\":{\"@id\":\"https:\/\/exceladvisor.org\/de\/#organization\"},\"potentialAction\":[{\"@type\":\"SearchAction\",\"target\":{\"@type\":\"EntryPoint\",\"urlTemplate\":\"https:\/\/exceladvisor.org\/de\/?s={search_term_string}\"},\"query-input\":{\"@type\":\"PropertyValueSpecification\",\"valueRequired\":true,\"valueName\":\"search_term_string\"}}],\"inLanguage\":\"de\"},{\"@type\":\"Organization\",\"@id\":\"https:\/\/exceladvisor.org\/de\/#organization\",\"name\":\"Excel Advisor\",\"url\":\"https:\/\/exceladvisor.org\/de\/\",\"logo\":{\"@type\":\"ImageObject\",\"inLanguage\":\"de\",\"@id\":\"https:\/\/exceladvisor.org\/de\/#\/schema\/logo\/image\/\",\"url\":\"https:\/\/exceladvisor.org\/de\/wp-content\/uploads\/2023\/11\/exceladvisor.org_.png\",\"contentUrl\":\"https:\/\/exceladvisor.org\/de\/wp-content\/uploads\/2023\/11\/exceladvisor.org_.png\",\"width\":105,\"height\":36,\"caption\":\"Excel Advisor\"},\"image\":{\"@id\":\"https:\/\/exceladvisor.org\/de\/#\/schema\/logo\/image\/\"}}]}<\/script>\n<!-- \/ Yoast SEO plugin. -->","yoast_head_json":{"title":"Wie entferne ich die bedingte Formatierung in Excel?","description":"In diesem Tutorial erfahren Sie, wie Sie die bedingte Formatierung in Excel mit verschiedenen Methoden entfernen. Lassen Sie uns das \u00fcberpr\u00fcfen...","robots":{"index":"index","follow":"follow","max-snippet":"max-snippet:-1","max-image-preview":"max-image-preview:large","max-video-preview":"max-video-preview:-1"},"canonical":"https:\/\/exceladvisor.org\/de\/zuruckziehen\/","og_locale":"de_DE","og_type":"article","og_title":"Wie entferne ich die bedingte Formatierung in Excel?","og_description":"In diesem Tutorial erfahren Sie, wie Sie die bedingte Formatierung in Excel mit verschiedenen Methoden entfernen. Lassen Sie uns das \u00fcberpr\u00fcfen...","og_url":"https:\/\/exceladvisor.org\/de\/zuruckziehen\/","og_site_name":"Excel Advisor","article_modified_time":"2023-12-03T11:14:25+00:00","og_image":[{"url":"https:\/\/exceladvisor.org\/wp-content\/uploads\/2023\/08\/1-supprimer-la-mise-en-forme-conditionnelle.png","type":"","width":"","height":""}],"twitter_card":"summary_large_image","twitter_misc":{"Gesch\u00e4tzte Lesezeit":"3\u00a0Minuten"},"schema":{"@context":"https:\/\/schema.org","@graph":[{"@type":"WebPage","@id":"https:\/\/exceladvisor.org\/de\/zuruckziehen\/","url":"https:\/\/exceladvisor.org\/de\/zuruckziehen\/","name":"Wie entferne ich die bedingte Formatierung in Excel?","isPartOf":{"@id":"https:\/\/exceladvisor.org\/de\/#website"},"primaryImageOfPage":{"@id":"https:\/\/exceladvisor.org\/de\/zuruckziehen\/#primaryimage"},"image":{"@id":"https:\/\/exceladvisor.org\/de\/zuruckziehen\/#primaryimage"},"thumbnailUrl":"https:\/\/exceladvisor.org\/wp-content\/uploads\/2023\/08\/1-supprimer-la-mise-en-forme-conditionnelle.png","datePublished":"2023-10-30T18:56:26+00:00","dateModified":"2023-12-03T11:14:25+00:00","description":"In diesem Tutorial erfahren Sie, wie Sie die bedingte Formatierung in Excel mit verschiedenen Methoden entfernen. Lassen Sie uns das \u00fcberpr\u00fcfen...","breadcrumb":{"@id":"https:\/\/exceladvisor.org\/de\/zuruckziehen\/#breadcrumb"},"inLanguage":"de","potentialAction":[{"@type":"ReadAction","target":["https:\/\/exceladvisor.org\/de\/zuruckziehen\/"]}]},{"@type":"ImageObject","inLanguage":"de","@id":"https:\/\/exceladvisor.org\/de\/zuruckziehen\/#primaryimage","url":"https:\/\/exceladvisor.org\/wp-content\/uploads\/2023\/08\/1-supprimer-la-mise-en-forme-conditionnelle.png","contentUrl":"https:\/\/exceladvisor.org\/wp-content\/uploads\/2023\/08\/1-supprimer-la-mise-en-forme-conditionnelle.png"},{"@type":"BreadcrumbList","@id":"https:\/\/exceladvisor.org\/de\/zuruckziehen\/#breadcrumb","itemListElement":[{"@type":"ListItem","position":1,"name":"Accueil","item":"https:\/\/exceladvisor.org\/de\/"},{"@type":"ListItem","position":2,"name":"Wie entferne ich die bedingte formatierung in excel?"}]},{"@type":"WebSite","@id":"https:\/\/exceladvisor.org\/de\/#website","url":"https:\/\/exceladvisor.org\/de\/","name":"Excel Advisor","description":"Ihr Leitfaden zur Datendominanz","publisher":{"@id":"https:\/\/exceladvisor.org\/de\/#organization"},"potentialAction":[{"@type":"SearchAction","target":{"@type":"EntryPoint","urlTemplate":"https:\/\/exceladvisor.org\/de\/?s={search_term_string}"},"query-input":{"@type":"PropertyValueSpecification","valueRequired":true,"valueName":"search_term_string"}}],"inLanguage":"de"},{"@type":"Organization","@id":"https:\/\/exceladvisor.org\/de\/#organization","name":"Excel Advisor","url":"https:\/\/exceladvisor.org\/de\/","logo":{"@type":"ImageObject","inLanguage":"de","@id":"https:\/\/exceladvisor.org\/de\/#\/schema\/logo\/image\/","url":"https:\/\/exceladvisor.org\/de\/wp-content\/uploads\/2023\/11\/exceladvisor.org_.png","contentUrl":"https:\/\/exceladvisor.org\/de\/wp-content\/uploads\/2023\/11\/exceladvisor.org_.png","width":105,"height":36,"caption":"Excel Advisor"},"image":{"@id":"https:\/\/exceladvisor.org\/de\/#\/schema\/logo\/image\/"}}]}},"yoast_meta":{"yoast_wpseo_title":"","yoast_wpseo_metadesc":"","yoast_wpseo_canonical":""},"_links":{"self":[{"href":"https:\/\/exceladvisor.org\/de\/wp-json\/wp\/v2\/pages\/3355","targetHints":{"allow":["GET"]}}],"collection":[{"href":"https:\/\/exceladvisor.org\/de\/wp-json\/wp\/v2\/pages"}],"about":[{"href":"https:\/\/exceladvisor.org\/de\/wp-json\/wp\/v2\/types\/page"}],"author":[{"embeddable":true,"href":"https:\/\/exceladvisor.org\/de\/wp-json\/wp\/v2\/users\/1"}],"replies":[{"embeddable":true,"href":"https:\/\/exceladvisor.org\/de\/wp-json\/wp\/v2\/comments?post=3355"}],"version-history":[{"count":1,"href":"https:\/\/exceladvisor.org\/de\/wp-json\/wp\/v2\/pages\/3355\/revisions"}],"predecessor-version":[{"id":3909,"href":"https:\/\/exceladvisor.org\/de\/wp-json\/wp\/v2\/pages\/3355\/revisions\/3909"}],"wp:attachment":[{"href":"https:\/\/exceladvisor.org\/de\/wp-json\/wp\/v2\/media?parent=3355"}],"curies":[{"name":"wp","href":"https:\/\/api.w.org\/{rel}","templated":true}]}}