{"id":3357,"date":"2023-10-30T17:07:44","date_gmt":"2023-10-30T17:07:44","guid":{"rendered":"https:\/\/exceladvisor.org\/de\/kopieren\/"},"modified":"2023-12-03T13:03:55","modified_gmt":"2023-12-03T13:03:55","slug":"kopieren","status":"publish","type":"page","link":"https:\/\/exceladvisor.org\/de\/kopieren\/","title":{"rendered":"Wie kopiere ich bedingte formatierung in excel?"},"content":{"rendered":"<div class=\"excel-vor-dem-inhalt\" id=\"excel-545703781\"><script type=\"text\/javascript\">\r\n\tatOptions = {\r\n\t\t'key' : 'c1158f160081d6540a8409e6925dab94',\r\n\t\t'format' : 'iframe',\r\n\t\t'height' : 250,\r\n\t\t'width' : 300,\r\n\t\t'params' : {}\r\n\t};\r\n<\/script>\r\n<script type=\"text\/javascript\" src=\"\/\/www.highperformanceformat.com\/c1158f160081d6540a8409e6925dab94\/invoke.js\"><\/script><\/div> <p>In Excel ist es am einfachsten, den Format Painter zu verwenden, wenn Sie dieselbe bedingte Formatierung kopieren und in eine andere Zelle oder einen anderen Zellbereich einf\u00fcgen.<\/p><p> Aber abgesehen davon gibt es zwei weitere M\u00f6glichkeiten, die Sie nutzen k\u00f6nnen. In diesem Tutorial werden wir uns alle diese Methoden ansehen, um mehr zu erfahren. <\/p><div class=\"wp-block-image\"><figure class=\"aligncenter size-full is-resized\"><img loading=\"lazy\" decoding=\"async\" class=\"wp-image-90510\" src=\"https:\/\/exceladvisor.org\/wp-content\/uploads\/2023\/08\/1-copie-mise-en-forme-conditionnelle.png\" sizes=\"auto, \" srcset=\"\" alt=\"Bedingte Formatierung beim Kopieren\" width=\"428\" height=\"319\"><\/figure><\/div><p> Im obigen Beispiel haben wir Datenbalken auf die Mengenspalte angewendet, und jetzt m\u00fcssen wir sie von dort kopieren und in die Mengenspalte einf\u00fcgen.<\/p><h2 class=\"wp-block-heading\"> Kopieren Sie bedingte Formatierungen mit Format Painter<\/h2><ol><li> W\u00e4hlen Sie zun\u00e4chst den Bereich aus, aus dem Sie die bedingte Formatierung kopieren m\u00f6chten. <br><img loading=\"lazy\" decoding=\"async\" title=\"2-W\u00e4hlbereich\" src=\"https:\/\/exceladvisor.org\/wp-content\/uploads\/2023\/08\/2-selectionner-la-gamme-2.png\" sizes=\"auto, \" srcset=\"\" alt=\"2-select-the-range\" width=\"428\" height=\"344\"><\/li><li> Gehen Sie als N\u00e4chstes zur Registerkarte \u201eStartseite\u201c und klicken Sie auf das Symbol \u201eFormat Painter\u201c. <br><img loading=\"lazy\" decoding=\"async\" title=\"3 Klicks auf das Format-Painter-Symbol\" src=\"https:\/\/exceladvisor.org\/wp-content\/uploads\/2023\/08\/3-cliquez-sur-licone-du-peintre-de-format.png\" sizes=\"auto, \" srcset=\"\" alt=\"3-click-on-format-painter-icon\" width=\"466\" height=\"297\"><\/li><li> Ihr Cursor verwandelt sich in einen Pinsel, sobald Sie auf die Schaltfl\u00e4che \u201eFormat \u00fcbertragen\u201c klicken. <br><img loading=\"lazy\" decoding=\"async\" title=\"4-Cursor-in-Pinsel ge\u00e4ndert\" src=\"https:\/\/exceladvisor.org\/wp-content\/uploads\/2023\/08\/4-curseur-change-en-pinceau.png\" sizes=\"auto, \" srcset=\"\" alt=\"4-cursor-changed-to-paint-brush\" width=\"508\" height=\"273\"><\/li><li> W\u00e4hlen Sie nun den Bereich aus, in den Sie die bedingte Formatierung einf\u00fcgen m\u00f6chten. <br><img loading=\"lazy\" decoding=\"async\" title=\"5-Bereich-zum-Einf\u00fcgen-bedingte Formatierung ausw\u00e4hlen\" src=\"https:\/\/exceladvisor.org\/wp-content\/uploads\/2023\/08\/5-selectionnez-la-plage-pour-coller-la-mise-en-forme-conditionnelle.png\" sizes=\"auto, \" srcset=\"\" alt=\"5-select-range-to-paste-conditional-formatting\" width=\"416\" height=\"312\"><\/li><\/ol><p> Ja das ist es.<\/p><p class=\"qt-tip\"> <strong>Hinweis:<\/strong> Wenn Sie die bedingte Formatierung in mehrere Abschnitte einf\u00fcgen m\u00f6chten, k\u00f6nnen Sie auf den Format Painter doppelklicken und dann mehrere Bereiche ausw\u00e4hlen, um die kopierte bedingte Formatierung anzuwenden.<\/p><h2 class=\"wp-block-heading\"> Kopieren Sie Formate (spezielles Einf\u00fcgen), um die bedingte Formatierung zu kopieren<\/h2><p> Mit der Option \u201eInhalte einf\u00fcgen\u201c k\u00f6nnen Sie nur Formate von einer Stelle an eine andere kopieren und einf\u00fcgen. Nachdem Sie den Bereich ausgew\u00e4hlt haben, aus dem die bedingte Formatierung kopiert werden soll, verwenden Sie zum Kopieren die Kopieroption oder die Tastenkombination Strg + C. <\/p><div class=\"wp-block-image\"><figure class=\"aligncenter size-full is-resized\"><img loading=\"lazy\" decoding=\"async\" class=\"wp-image-90515\" src=\"https:\/\/exceladvisor.org\/wp-content\/uploads\/2023\/08\/6-formats-de-copie.png\" sizes=\"auto, \" srcset=\"\" alt=\"Formate kopieren\" width=\"546\" height=\"315\"><\/figure><\/div><p> W\u00e4hlen Sie als N\u00e4chstes den Bereich aus, in den Sie die bedingte Formatierung einf\u00fcgen m\u00f6chten. \u00d6ffnen Sie anschlie\u00dfend die Option \u201eInhalte einf\u00fcgen\u201c (Rechtsklick &gt; Inhalte einf\u00fcgen) und klicken Sie auf \u201eFormate\u201c. <\/p><div class=\"wp-block-image\"><figure class=\"aligncenter size-full is-resized\"><img loading=\"lazy\" decoding=\"async\" class=\"wp-image-90516\" src=\"https:\/\/exceladvisor.org\/wp-content\/uploads\/2023\/08\/7-ouvrir-loption-de-pate-speciale.png\" sizes=\"auto, \" srcset=\"\" alt=\"\u00d6ffnen Sie die spezielle Einf\u00fcgeoption\" width=\"638\" height=\"333\"><\/figure><\/div><p> Klicken Sie am Ende auf OK. Und sobald Sie auf \u201eOK\u201c klicken, wird die bedingte Formatierung (die Sie kopiert haben) auf den ausgew\u00e4hlten Bereich angewendet. <\/p><div class=\"wp-block-image\"><figure class=\"aligncenter size-full is-resized\"><img loading=\"lazy\" decoding=\"async\" class=\"wp-image-90517\" src=\"https:\/\/exceladvisor.org\/wp-content\/uploads\/2023\/08\/8-mises-en-forme-conditionnelles-appliquees-a-la-plage-selectionnee.png\" sizes=\"auto, \" srcset=\"\" alt=\"Bedingte Formatierung wird auf den ausgew\u00e4hlten Bereich angewendet\" width=\"494\" height=\"174\"><\/figure><\/div><h2 class=\"wp-block-heading\"> Erstellen Sie eine doppelte Regel f\u00fcr bedingte Formatierung.<\/h2><p> Wenn Sie zu Bedingte Formatierung &gt; Regeln verwalten gehen, k\u00f6nnen Sie eine Liste aller bedingten Formatierungen in der Arbeitsmappe sehen.<\/p><p> Sobald Sie es ge\u00f6ffnet haben, w\u00e4hlen Sie \u201eDiese Arbeitsmappe\u201c aus der Dropdown-Liste \u201eFormatierungsregeln anzeigen f\u00fcr\u201c. <\/p><div class=\"wp-block-image\"><figure class=\"aligncenter size-full is-resized\"><img loading=\"lazy\" decoding=\"async\" class=\"wp-image-90518\" src=\"https:\/\/exceladvisor.org\/wp-content\/uploads\/2023\/08\/9-choisissez-ce-classeur-dans-afficher-les-regles-de-mise-en-forme-pour.png\" sizes=\"auto, \" srcset=\"\" alt=\"W\u00e4hlen Sie diese Arbeitsmappe aus, um Formatierungsregeln anzuzeigen\" width=\"543\" height=\"227\"><\/figure><\/div><p> Es zeigt Ihnen alle Regeln in der Arbeitsmappe f\u00fcr die bedingte Formatierung. Und dann m\u00fcssen Sie die Formatierung ausw\u00e4hlen, die Sie kopieren k\u00f6nnen, und auf Duplizieren klicken. <\/p><div class=\"wp-block-image\"><figure class=\"aligncenter size-full is-resized\"><img loading=\"lazy\" decoding=\"async\" class=\"wp-image-90519\" src=\"https:\/\/exceladvisor.org\/wp-content\/uploads\/2023\/08\/10-clic-sur-dupliquer.png\" sizes=\"auto, \" srcset=\"\" alt=\"Klicken Sie auf Duplizieren\" width=\"644\" height=\"248\"><\/figure><\/div><p> Sobald Sie das getan haben, \u00e4ndern Sie die Bereichsadresse in \u201eGilt f\u00fcr\u201c. <\/p><div class=\"wp-block-image\"><figure class=\"aligncenter size-full is-resized\"><img loading=\"lazy\" decoding=\"async\" class=\"wp-image-90521\" src=\"https:\/\/exceladvisor.org\/wp-content\/uploads\/2023\/08\/11-changer-ladresse-de-sapplique-a.png\" sizes=\"auto, \" srcset=\"\" alt=\"Adresse \u00e4ndern von gilt f\u00fcr\" width=\"782\" height=\"209\"><\/figure><\/div><p> Ich habe die Bereichsadresse von B2:B13 in C2:C13 ge\u00e4ndert, um die gleiche bedingte Formatierung auf C2:C13 anzuwenden. Und am Ende klicken Sie auf OK.<\/p><h2 class=\"wp-block-heading\"> Ein Problem, mit dem Sie m\u00f6glicherweise konfrontiert sind<\/h2><p> Das Kopieren bedingter Formatierungen ist eine einfache Aufgabe. Bei der Verwendung benutzerdefinierter Formeln zum Definieren einer Regel f\u00fcr bedingte Formatierung k\u00f6nnen jedoch einige Probleme auftreten.<\/p><p> Lassen Sie mich Ihnen ein Beispiel geben. Im folgenden Beispiel verwenden wir eine bedingte Formatierung mithilfe einer benutzerdefinierten Funktion. Wenn Zelle A1 bei der Formatierung einen Wert hat, hat Zelle B1 eine gr\u00fcne <a href=\"https:\/\/exceladvisor.org\/de\/zellfarbe\/\">Zellenfarbe<\/a> . <\/p><div class=\"wp-block-image\"><figure class=\"aligncenter size-full is-resized\"><img loading=\"lazy\" decoding=\"async\" class=\"wp-image-90522\" src=\"https:\/\/exceladvisor.org\/wp-content\/uploads\/2023\/08\/12-mise-en-forme-conditionnelle-a-laide-dune-fonction-personnalisee.png\" sizes=\"auto, \" srcset=\"\" alt=\"Bedingte Formatierung mit einer benutzerdefinierten Funktion\" width=\"486\" height=\"207\"><\/figure><\/div><p> Hier ist die Regel, die wir angewendet haben (Registerkarte \u201eStartseite\u201c &gt; \u201eBedingte Formatierung\u201c &gt; \u201eRegeln verwalten\u201c &gt; \u201eRegel bearbeiten\u201c). <\/p><div class=\"wp-block-image\"><figure class=\"aligncenter size-full is-resized\"><img loading=\"lazy\" decoding=\"async\" class=\"wp-image-90523\" src=\"https:\/\/exceladvisor.org\/wp-content\/uploads\/2023\/08\/13-gerer-les-regles-modifier-la-regle.png\" sizes=\"auto, \" srcset=\"\" alt=\"Regeln verwalten-Regel bearbeiten\" width=\"688\" height=\"378\"><\/figure><\/div><p> Wenn Sie nun diese bedingte Formatierung kopieren und in Zelle B3 einf\u00fcgen. Wie Sie im folgenden Beispiel sehen k\u00f6nnen, ist Zelle B3 gr\u00fcn, auch wenn Zelle A3 keinen Wert hat. <\/p><div class=\"wp-block-image\"><figure class=\"aligncenter size-full is-resized\"><img loading=\"lazy\" decoding=\"async\" class=\"wp-image-90524\" src=\"https:\/\/exceladvisor.org\/wp-content\/uploads\/2023\/08\/14-Copier-et-coller-la-mise-en-forme-conditionnelle.png\" sizes=\"auto, \" srcset=\"\" alt=\"Bedingte Formatierung durch Kopieren und Einf\u00fcgen\" width=\"576\" height=\"260\"><\/figure><\/div><p> Wenn Sie diese bedingte Formatierung kopieren und einf\u00fcgen, \u00e4ndert Excel die Referenzzelle nicht, da die Referenz absolut ist. <\/p><div class=\"wp-block-image\"><figure class=\"aligncenter size-full is-resized\"><img loading=\"lazy\" decoding=\"async\" class=\"wp-image-90525\" src=\"https:\/\/exceladvisor.org\/wp-content\/uploads\/2023\/08\/15-la-cellule-de-reference-est-absolue.png\" sizes=\"auto, \" srcset=\"\" alt=\"Referenzzelle ist absolut\" width=\"692\" height=\"225\"><\/figure><\/div><p> Sie k\u00f6nnen oben sehen, dass die Referenzzelle in beiden Regeln A1 ist. Also ja, das ist das Problem. Um dieses Problem zu beheben, verwenden Sie am besten die relative Referenz, mit der Sie die bedingte Formatierung kopieren und in einen neuen Bereich oder eine neue Zelle einf\u00fcgen und die Referenz in der Formel \u00e4ndern k\u00f6nnen. <\/p><div class=\"wp-block-image\"><figure class=\"aligncenter size-full is-resized\"><img loading=\"lazy\" decoding=\"async\" class=\"wp-image-90526\" src=\"https:\/\/exceladvisor.org\/wp-content\/uploads\/2023\/08\/16-cellule-de-reference-est-la-meme-dans-les-deux-regles.png\" sizes=\"auto, \" srcset=\"\" alt=\"Die-Referenzzelle-ist-in-beiden-Regeln-gleich\" width=\"398\" height=\"230\"><\/figure><\/div><h2 class=\"wp-block-heading\"> Was passiert, wenn ich eine Regel zur bedingten Formatierung in ein anderes Arbeitsblatt kopieren m\u00f6chte?<\/h2><p> Sie k\u00f6nnen dieselben Methoden und Schritte wie oben verwenden, um es von einer Zelle in eine andere oder einen Zellbereich zu kopieren. Nachdem Sie es kopiert haben, k\u00f6nnen Sie es in eine andere Tabelle einf\u00fcgen.<\/p><div class=\"gb-container gb-container-6076ba72 gb-container-mt\"> <a class=\"gb-button gb-button-76e6a499 gb-button-text gb-button-mt-button\" href=\"https:\/\/exceladvisor.org\/de\/excel-grundlagen\/\">Lernen Sie die Grundlagen von Excel<\/a><h2 class=\"gb-headline gb-headline-a9e9e206 gb-headline-text gb-headline-mt-heading\"> Erfahren Sie mehr \u00fcber <a href=\"https:\/\/exceladvisor.org\/de\/bedingte-formatierung\/\">bedingte Formatierung<\/a> <\/h2><div class=\"gb-grid-wrapper gb-grid-wrapper-790317cb gb-grid-wrapper-mt-grid\"><div class=\"gb-grid-column gb-grid-column-a9845ede\"><div class=\"gb-container gb-container-a9845ede\"><ul><li> <a href=\"https:\/\/exceladvisor.org\/de\/wenden-sie-eine-bedingte-formatierung-an\/\">Wenden Sie eine bedingte Formatierung auf eine Pivot-Tabelle an<\/a><\/li><li> <a href=\"https:\/\/exceladvisor.org\/de\/zuruckziehen\/\">Bedingte Formatierung entfernen<\/a><\/li><li> <a href=\"https:\/\/exceladvisor.org\/de\/leere-zellen\/\">Wenden Sie bedingte Formatierung auf leere Zellen in Excel an<\/a><\/li><li> <a href=\"https:\/\/exceladvisor.org\/de\/spalten-vergleichen\/\">Vergleichen Sie zwei Spalten mithilfe der bedingten Formatierung<\/a><\/li><li> <a href=\"https:\/\/exceladvisor.org\/de\/eine-andere-zelle\/\">Wenden Sie eine bedingte Formatierung basierend auf einer anderen Zelle an<\/a><\/li><\/ul><\/div><\/div><\/div><\/div>","protected":false},"excerpt":{"rendered":"","protected":false},"author":1,"featured_media":0,"parent":0,"menu_order":0,"comment_status":"open","ping_status":"closed","template":"","meta":{"ub_ctt_via":"","footnotes":""},"class_list":["post-3357","page","type-page","status-publish","hentry"],"featured_image_src":null,"yoast_head":"<!-- This site is optimized with the Yoast SEO plugin v25.4 - https:\/\/yoast.com\/wordpress\/plugins\/seo\/ -->\n<title>\u25b7 Wie kopiere ich bedingte Formatierung in Excel?<\/title>\n<meta name=\"description\" content=\"In diesem Tutorial erfahren Sie, wie Sie in Excel bedingte Formatierungen von einem Bereich in einen anderen kopieren. Lassen Sie uns das \u00fcberpr\u00fcfen ...\" \/>\n<meta name=\"robots\" content=\"index, follow, max-snippet:-1, max-image-preview:large, max-video-preview:-1\" \/>\n<link rel=\"canonical\" href=\"https:\/\/exceladvisor.org\/de\/kopieren\/\" \/>\n<meta property=\"og:locale\" content=\"de_DE\" \/>\n<meta property=\"og:type\" content=\"article\" \/>\n<meta property=\"og:title\" content=\"\u25b7 Wie kopiere ich bedingte Formatierung in Excel?\" \/>\n<meta property=\"og:description\" content=\"In diesem Tutorial erfahren Sie, wie Sie in Excel bedingte Formatierungen von einem Bereich in einen anderen kopieren. Lassen Sie uns das \u00fcberpr\u00fcfen ...\" \/>\n<meta property=\"og:url\" content=\"https:\/\/exceladvisor.org\/de\/kopieren\/\" \/>\n<meta property=\"og:site_name\" content=\"Excel Advisor\" \/>\n<meta property=\"article:modified_time\" content=\"2023-12-03T13:03:55+00:00\" \/>\n<meta property=\"og:image\" content=\"https:\/\/exceladvisor.org\/wp-content\/uploads\/2023\/08\/1-copie-mise-en-forme-conditionnelle.png\" \/>\n<meta name=\"twitter:card\" content=\"summary_large_image\" \/>\n<meta name=\"twitter:label1\" content=\"Gesch\u00e4tzte Lesezeit\" \/>\n\t<meta name=\"twitter:data1\" content=\"4\u00a0Minuten\" \/>\n<script type=\"application\/ld+json\" class=\"yoast-schema-graph\">{\"@context\":\"https:\/\/schema.org\",\"@graph\":[{\"@type\":\"WebPage\",\"@id\":\"https:\/\/exceladvisor.org\/de\/kopieren\/\",\"url\":\"https:\/\/exceladvisor.org\/de\/kopieren\/\",\"name\":\"\u25b7 Wie kopiere ich bedingte Formatierung in Excel?\",\"isPartOf\":{\"@id\":\"https:\/\/exceladvisor.org\/de\/#website\"},\"primaryImageOfPage\":{\"@id\":\"https:\/\/exceladvisor.org\/de\/kopieren\/#primaryimage\"},\"image\":{\"@id\":\"https:\/\/exceladvisor.org\/de\/kopieren\/#primaryimage\"},\"thumbnailUrl\":\"https:\/\/exceladvisor.org\/wp-content\/uploads\/2023\/08\/1-copie-mise-en-forme-conditionnelle.png\",\"datePublished\":\"2023-10-30T17:07:44+00:00\",\"dateModified\":\"2023-12-03T13:03:55+00:00\",\"description\":\"In diesem Tutorial erfahren Sie, wie Sie in Excel bedingte Formatierungen von einem Bereich in einen anderen kopieren. Lassen Sie uns das \u00fcberpr\u00fcfen ...\",\"breadcrumb\":{\"@id\":\"https:\/\/exceladvisor.org\/de\/kopieren\/#breadcrumb\"},\"inLanguage\":\"de\",\"potentialAction\":[{\"@type\":\"ReadAction\",\"target\":[\"https:\/\/exceladvisor.org\/de\/kopieren\/\"]}]},{\"@type\":\"ImageObject\",\"inLanguage\":\"de\",\"@id\":\"https:\/\/exceladvisor.org\/de\/kopieren\/#primaryimage\",\"url\":\"https:\/\/exceladvisor.org\/wp-content\/uploads\/2023\/08\/1-copie-mise-en-forme-conditionnelle.png\",\"contentUrl\":\"https:\/\/exceladvisor.org\/wp-content\/uploads\/2023\/08\/1-copie-mise-en-forme-conditionnelle.png\"},{\"@type\":\"BreadcrumbList\",\"@id\":\"https:\/\/exceladvisor.org\/de\/kopieren\/#breadcrumb\",\"itemListElement\":[{\"@type\":\"ListItem\",\"position\":1,\"name\":\"Accueil\",\"item\":\"https:\/\/exceladvisor.org\/de\/\"},{\"@type\":\"ListItem\",\"position\":2,\"name\":\"Wie kopiere ich bedingte formatierung in excel?\"}]},{\"@type\":\"WebSite\",\"@id\":\"https:\/\/exceladvisor.org\/de\/#website\",\"url\":\"https:\/\/exceladvisor.org\/de\/\",\"name\":\"Excel Advisor\",\"description\":\"Ihr Leitfaden zur Datendominanz\",\"publisher\":{\"@id\":\"https:\/\/exceladvisor.org\/de\/#organization\"},\"potentialAction\":[{\"@type\":\"SearchAction\",\"target\":{\"@type\":\"EntryPoint\",\"urlTemplate\":\"https:\/\/exceladvisor.org\/de\/?s={search_term_string}\"},\"query-input\":{\"@type\":\"PropertyValueSpecification\",\"valueRequired\":true,\"valueName\":\"search_term_string\"}}],\"inLanguage\":\"de\"},{\"@type\":\"Organization\",\"@id\":\"https:\/\/exceladvisor.org\/de\/#organization\",\"name\":\"Excel Advisor\",\"url\":\"https:\/\/exceladvisor.org\/de\/\",\"logo\":{\"@type\":\"ImageObject\",\"inLanguage\":\"de\",\"@id\":\"https:\/\/exceladvisor.org\/de\/#\/schema\/logo\/image\/\",\"url\":\"https:\/\/exceladvisor.org\/de\/wp-content\/uploads\/2023\/11\/exceladvisor.org_.png\",\"contentUrl\":\"https:\/\/exceladvisor.org\/de\/wp-content\/uploads\/2023\/11\/exceladvisor.org_.png\",\"width\":105,\"height\":36,\"caption\":\"Excel Advisor\"},\"image\":{\"@id\":\"https:\/\/exceladvisor.org\/de\/#\/schema\/logo\/image\/\"}}]}<\/script>\n<!-- \/ Yoast SEO plugin. -->","yoast_head_json":{"title":"\u25b7 Wie kopiere ich bedingte Formatierung in Excel?","description":"In diesem Tutorial erfahren Sie, wie Sie in Excel bedingte Formatierungen von einem Bereich in einen anderen kopieren. Lassen Sie uns das \u00fcberpr\u00fcfen ...","robots":{"index":"index","follow":"follow","max-snippet":"max-snippet:-1","max-image-preview":"max-image-preview:large","max-video-preview":"max-video-preview:-1"},"canonical":"https:\/\/exceladvisor.org\/de\/kopieren\/","og_locale":"de_DE","og_type":"article","og_title":"\u25b7 Wie kopiere ich bedingte Formatierung in Excel?","og_description":"In diesem Tutorial erfahren Sie, wie Sie in Excel bedingte Formatierungen von einem Bereich in einen anderen kopieren. Lassen Sie uns das \u00fcberpr\u00fcfen ...","og_url":"https:\/\/exceladvisor.org\/de\/kopieren\/","og_site_name":"Excel Advisor","article_modified_time":"2023-12-03T13:03:55+00:00","og_image":[{"url":"https:\/\/exceladvisor.org\/wp-content\/uploads\/2023\/08\/1-copie-mise-en-forme-conditionnelle.png","type":"","width":"","height":""}],"twitter_card":"summary_large_image","twitter_misc":{"Gesch\u00e4tzte Lesezeit":"4\u00a0Minuten"},"schema":{"@context":"https:\/\/schema.org","@graph":[{"@type":"WebPage","@id":"https:\/\/exceladvisor.org\/de\/kopieren\/","url":"https:\/\/exceladvisor.org\/de\/kopieren\/","name":"\u25b7 Wie kopiere ich bedingte Formatierung in Excel?","isPartOf":{"@id":"https:\/\/exceladvisor.org\/de\/#website"},"primaryImageOfPage":{"@id":"https:\/\/exceladvisor.org\/de\/kopieren\/#primaryimage"},"image":{"@id":"https:\/\/exceladvisor.org\/de\/kopieren\/#primaryimage"},"thumbnailUrl":"https:\/\/exceladvisor.org\/wp-content\/uploads\/2023\/08\/1-copie-mise-en-forme-conditionnelle.png","datePublished":"2023-10-30T17:07:44+00:00","dateModified":"2023-12-03T13:03:55+00:00","description":"In diesem Tutorial erfahren Sie, wie Sie in Excel bedingte Formatierungen von einem Bereich in einen anderen kopieren. Lassen Sie uns das \u00fcberpr\u00fcfen ...","breadcrumb":{"@id":"https:\/\/exceladvisor.org\/de\/kopieren\/#breadcrumb"},"inLanguage":"de","potentialAction":[{"@type":"ReadAction","target":["https:\/\/exceladvisor.org\/de\/kopieren\/"]}]},{"@type":"ImageObject","inLanguage":"de","@id":"https:\/\/exceladvisor.org\/de\/kopieren\/#primaryimage","url":"https:\/\/exceladvisor.org\/wp-content\/uploads\/2023\/08\/1-copie-mise-en-forme-conditionnelle.png","contentUrl":"https:\/\/exceladvisor.org\/wp-content\/uploads\/2023\/08\/1-copie-mise-en-forme-conditionnelle.png"},{"@type":"BreadcrumbList","@id":"https:\/\/exceladvisor.org\/de\/kopieren\/#breadcrumb","itemListElement":[{"@type":"ListItem","position":1,"name":"Accueil","item":"https:\/\/exceladvisor.org\/de\/"},{"@type":"ListItem","position":2,"name":"Wie kopiere ich bedingte formatierung in excel?"}]},{"@type":"WebSite","@id":"https:\/\/exceladvisor.org\/de\/#website","url":"https:\/\/exceladvisor.org\/de\/","name":"Excel Advisor","description":"Ihr Leitfaden zur Datendominanz","publisher":{"@id":"https:\/\/exceladvisor.org\/de\/#organization"},"potentialAction":[{"@type":"SearchAction","target":{"@type":"EntryPoint","urlTemplate":"https:\/\/exceladvisor.org\/de\/?s={search_term_string}"},"query-input":{"@type":"PropertyValueSpecification","valueRequired":true,"valueName":"search_term_string"}}],"inLanguage":"de"},{"@type":"Organization","@id":"https:\/\/exceladvisor.org\/de\/#organization","name":"Excel Advisor","url":"https:\/\/exceladvisor.org\/de\/","logo":{"@type":"ImageObject","inLanguage":"de","@id":"https:\/\/exceladvisor.org\/de\/#\/schema\/logo\/image\/","url":"https:\/\/exceladvisor.org\/de\/wp-content\/uploads\/2023\/11\/exceladvisor.org_.png","contentUrl":"https:\/\/exceladvisor.org\/de\/wp-content\/uploads\/2023\/11\/exceladvisor.org_.png","width":105,"height":36,"caption":"Excel Advisor"},"image":{"@id":"https:\/\/exceladvisor.org\/de\/#\/schema\/logo\/image\/"}}]}},"yoast_meta":{"yoast_wpseo_title":"","yoast_wpseo_metadesc":"","yoast_wpseo_canonical":""},"_links":{"self":[{"href":"https:\/\/exceladvisor.org\/de\/wp-json\/wp\/v2\/pages\/3357","targetHints":{"allow":["GET"]}}],"collection":[{"href":"https:\/\/exceladvisor.org\/de\/wp-json\/wp\/v2\/pages"}],"about":[{"href":"https:\/\/exceladvisor.org\/de\/wp-json\/wp\/v2\/types\/page"}],"author":[{"embeddable":true,"href":"https:\/\/exceladvisor.org\/de\/wp-json\/wp\/v2\/users\/1"}],"replies":[{"embeddable":true,"href":"https:\/\/exceladvisor.org\/de\/wp-json\/wp\/v2\/comments?post=3357"}],"version-history":[{"count":1,"href":"https:\/\/exceladvisor.org\/de\/wp-json\/wp\/v2\/pages\/3357\/revisions"}],"predecessor-version":[{"id":4126,"href":"https:\/\/exceladvisor.org\/de\/wp-json\/wp\/v2\/pages\/3357\/revisions\/4126"}],"wp:attachment":[{"href":"https:\/\/exceladvisor.org\/de\/wp-json\/wp\/v2\/media?parent=3357"}],"curies":[{"name":"wp","href":"https:\/\/api.w.org\/{rel}","templated":true}]}}