{"id":3358,"date":"2023-10-30T15:22:45","date_gmt":"2023-10-30T15:22:45","guid":{"rendered":"https:\/\/exceladvisor.org\/de\/druckbereich-festlegen\/"},"modified":"2023-12-03T13:04:07","modified_gmt":"2023-12-03T13:04:07","slug":"druckbereich-festlegen","status":"publish","type":"page","link":"https:\/\/exceladvisor.org\/de\/druckbereich-festlegen\/","title":{"rendered":"Wie lege ich den druckbereich in excel fest?"},"content":{"rendered":"<div class=\"excel-vor-dem-inhalt\" id=\"excel-3964608510\"><script type=\"text\/javascript\">\r\n\tatOptions = {\r\n\t\t'key' : 'c1158f160081d6540a8409e6925dab94',\r\n\t\t'format' : 'iframe',\r\n\t\t'height' : 250,\r\n\t\t'width' : 300,\r\n\t\t'params' : {}\r\n\t};\r\n<\/script>\r\n<script type=\"text\/javascript\" src=\"\/\/www.highperformanceformat.com\/c1158f160081d6540a8409e6925dab94\/invoke.js\"><\/script><\/div> <p>In Excel ist der Druckbereich ein Bereich von Zellen, die nur aus dem Arbeitsblatt gedruckt werden sollten.<\/p><p> In Excel m\u00f6chten Benutzer h\u00e4ufig nur einen bestimmten Bereich des Arbeitsblatts drucken, anstatt das gesamte Blatt zu drucken.<\/p><p> Daf\u00fcr kann der Benutzer einen Druckauswahlbereich festlegen und erstellen. Sobald der Druckbereich ausgew\u00e4hlt ist, wird der Benutzer jedes Mal nur diesen ausgew\u00e4hlten Bereichsbereich drucken.<\/p><p> Benutzer k\u00f6nnen in der Tabelle mehrere Druckbereiche ausw\u00e4hlen, die jeweils auf einer separaten Seite gedruckt werden.<\/p><p> Im Folgenden finden Sie schnelle und einfache Schritte zum Festlegen und \u00c4ndern der Druckbereichsauswahl in Excel.<\/p><h2 class=\"wp-block-heading\"> Schritte zum Festlegen des Druckbereichs in Excel<\/h2><ol><li> W\u00e4hlen Sie zun\u00e4chst mit der \u201eStrg\u201c-Taste den einzelnen Zellbereich oder mehrere Zellbereiche aus, die Sie als Druckbereich im Blatt definieren m\u00f6chten.<\/li><li> Gehen Sie anschlie\u00dfend zur Registerkarte \u201eSeite einrichten\u201c, klicken Sie auf das Symbol \u201eDruckbereich\u201c und w\u00e4hlen Sie dann die Option \u201eDruckbereich festlegen\u201c. <br><img loading=\"lazy\" decoding=\"async\" title=\"1 Satz Druckbereich in Excel\" src=\"https:\/\/exceladvisor.org\/wp-content\/uploads\/2023\/08\/1-zone-dimpression-definie-dans-Excel.png\" sizes=\"auto, \" srcset=\"\" alt=\"set-print-area-in-excel\" width=\"378\" height=\"449\"><\/li><li> Um die Druckbereichsauswahl anzuzeigen, gehen Sie zur Registerkarte \u201eAnsicht\u201c und klicken Sie auf das Symbol \u201eSeitenumbruchanzeige\u201c. Dort finden Sie eine Vorschau der Seitenumbr\u00fcche basierend auf der Druckbereichsauswahl. &#8218;Eindruck. <br><img loading=\"lazy\" decoding=\"async\" title=\"2-Seiten-Umbruchansicht\" src=\"https:\/\/exceladvisor.org\/wp-content\/uploads\/2023\/08\/Vue-de-saut-de-2-pages.png\" sizes=\"auto, \" srcset=\"\" alt=\"page-break-view\" width=\"367\" height=\"400\"><\/li><\/ol><p> Druckbereichsauswahlen werden beim Speichern der Arbeitsmappe gespeichert und jede Druckbereichsauswahl wird auf einer separaten Seite gedruckt, d. h. eine Druckbereichsauswahl pro Seite.<\/p><h2 class=\"wp-block-heading\"> F\u00fcgen Sie dem Druckbereich Zellen und Bereiche hinzu<\/h2><p> Der Benutzer kann jederzeit Zellen hinzuf\u00fcgen, um die Druckbereichsauswahl zu erweitern oder einen zus\u00e4tzlichen Druckbereich zu erstellen.<\/p><p> Wenn ein Benutzer die Zellen neben dem vorhandenen Druckbereich hinzuf\u00fcgt, schlie\u00dft Excel diese Zellen in diese vorhandene Druckbereichsauswahl ein.<\/p><p> Diese Druckbereichsauswahl wird also erweitert, und wenn ein Benutzer einen Bereich nicht benachbarter Zellen hinzuf\u00fcgt, erstellt Excel diesen Bereich als zus\u00e4tzliche Druckbereichsauswahl, die Excel auf einer separaten Seite druckt.<\/p><ul><li> W\u00e4hlen Sie zun\u00e4chst den zus\u00e4tzlichen angrenzenden Zellbereich aus, falls Sie die Auswahl des aktuellen Druckbereichs erweitern m\u00f6chten.<\/li><li> Oder w\u00e4hlen Sie den zus\u00e4tzlichen nicht angrenzenden Zellbereich aus, falls Sie einen neuen Druckbereich mit dem vorhandenen Druckbereich im Arbeitsblatt hinzuf\u00fcgen m\u00f6chten.<\/li><li> Gehen Sie anschlie\u00dfend zur Registerkarte \u201eSeitenlayout\u201c, klicken Sie auf das Symbol \u201eDruckbereich\u201c und w\u00e4hlen Sie dann \u201eZum Druckbereich hinzuf\u00fcgen\u201c. <\/li><\/ul><div class=\"wp-block-image\"><figure class=\"aligncenter size-full is-resized\"><img loading=\"lazy\" decoding=\"async\" class=\"wp-image-66766\" src=\"https:\/\/exceladvisor.org\/wp-content\/uploads\/2023\/08\/3-modifier-la-zone-dimpression1.png\" sizes=\"auto, \" srcset=\"\" alt=\"Druckbereich \u00e4ndern\" width=\"428\" height=\"431\"><\/figure><\/div><p> In der \u201eSeitenumbruchvorschau\u201c unten k\u00f6nnen Sie sehen, dass Excel die Druckbereichsauswahl dort erweitert hat, wo wir angrenzende Zellen hinzugef\u00fcgt haben, und eine zus\u00e4tzliche Druckbereichsauswahl erstellt hat, wo wir nicht angrenzende Zellen hinzugef\u00fcgt haben.<\/p><p> In diesem Fall erhalten Sie also drei Druckbereiche, die auf drei separaten Seiten gedruckt werden. <\/p><div class=\"wp-block-image\"><figure class=\"aligncenter size-full is-resized\"><img loading=\"lazy\" decoding=\"async\" class=\"wp-image-66767\" src=\"https:\/\/exceladvisor.org\/wp-content\/uploads\/2023\/08\/Vue-de-saut-de-4-pages-pour-les-zones-dimpression.png\" sizes=\"auto, \" srcset=\"\" alt=\"Seitenumbruchansicht f\u00fcr Druckbereiche\" width=\"445\" height=\"369\"><\/figure><\/div><h2 class=\"wp-block-heading\"> Auswahl des Druckbereichs l\u00f6schen<\/h2><p> Auf der Registerkarte \u201eLayout\u201c bietet Excel nicht die M\u00f6glichkeit, einen bestimmten Druckbereich aus mehreren Druckbereichen in einem Blatt zu entfernen oder zu l\u00f6schen. Das L\u00f6schen eines Druckbereichs bedeutet daher das L\u00f6schen aller Druckbereiche.<\/p><ul><li> Klicken Sie zun\u00e4chst auf eine beliebige Stelle im Arbeitsblatt, aus der Sie den Druckbereich entfernen m\u00f6chten.<\/li><li> Gehen Sie anschlie\u00dfend zur Registerkarte \u201eSeite einrichten\u201c und klicken Sie auf das Symbol \u201eDruckbereich\u201c. W\u00e4hlen Sie dann \u201eDruckbereich l\u00f6schen\u201c. Dadurch werden alle Druckbereiche vom Blatt entfernt. <\/li><\/ul><div class=\"wp-block-image\"><figure class=\"aligncenter size-full is-resized\"><img loading=\"lazy\" decoding=\"async\" class=\"wp-image-66768\" src=\"https:\/\/exceladvisor.org\/wp-content\/uploads\/2023\/08\/5-effacer-la-zone-dimpression.png\" sizes=\"auto, \" srcset=\"\" alt=\"freier Druckbereich\" width=\"544\" height=\"161\"><\/figure><\/div><h2 class=\"wp-block-heading\"> Beim Drucken des Arbeitsblatts den Druckbereich ignorieren<\/h2><p> Benutzer k\u00f6nnen beim Drucken zu druckende Druckbereiche \u00fcberspringen, ohne die Druckbereiche zu l\u00f6schen, und jederzeit das gesamte Arbeitsblatt drucken.<\/p><ul><li> Dr\u00fccken Sie zun\u00e4chst \u201eStrg+P\u201c, um das ge\u00f6ffnete Arbeitsblatt zu drucken und das Druckdialogfeld wird ge\u00f6ffnet.<\/li><li> Klicken Sie anschlie\u00dfend auf die Option \u201eAktive Bl\u00e4tter drucken\u201c und Sie erhalten die Dropdown-Liste.<\/li><li> W\u00e4hlen Sie nun die Option \u201eDruckbereich ignorieren\u201c und Excel ignoriert die Auswahl des Druckbereichs und druckt das gesamte Arbeitsblatt. <\/li><\/ul><div class=\"wp-block-image\"><figure class=\"aligncenter size-full is-resized\"><img loading=\"lazy\" decoding=\"async\" class=\"wp-image-66769\" src=\"https:\/\/exceladvisor.org\/wp-content\/uploads\/2023\/08\/6-ignorer-la-zone-dimpression.jpg\" sizes=\"auto, \" srcset=\"\" alt=\"Druckbereich ignorieren\" width=\"261\" height=\"368\"><\/figure><\/div><div class=\"gb-container gb-container-4db6181c gb-container-mt\"> <a class=\"gb-button gb-button-c5897111 gb-button-text gb-button-mt-button\" href=\"https:\/\/exceladvisor.org\/de\/excel-grundlagen\/\">Microsoft Excel-Grundlagen (Komponenten, Teile und Wissenshinweise)<\/a><h2 class=\"gb-headline gb-headline-665e5f6b gb-headline-text gb-headline-mt-heading\"> Verwandte Tutorials <\/h2><div class=\"gb-grid-wrapper gb-grid-wrapper-a20baf7c gb-grid-wrapper-mt-grid\"><div class=\"gb-grid-column gb-grid-column-65ddf67e\"><div class=\"gb-container gb-container-65ddf67e\"><ul><li> <a href=\"https:\/\/exceladvisor.org\/de\/millimeterpapier\/\">Drucken Sie ein Millimeterpapier in Excel (quadratische Rastervorlage)<\/a><\/li><li> <a href=\"https:\/\/exceladvisor.org\/de\/seitenumbruch-entfernen\/\">Seitenumbruch in Excel entfernen<\/a><\/li><li> <a href=\"https:\/\/exceladvisor.org\/de\/zentrieren-sie-das-arbeitsblatt-horizontal\/\">Zentrieren Sie ein Arbeitsblatt in Excel horizontal und vertikal<\/a><\/li><li> <a href=\"https:\/\/exceladvisor.org\/de\/seitenausrichtung-andern\/\">\u00c4ndern Sie die Seitenausrichtung in Excel<\/a><\/li><li> <a href=\"https:\/\/exceladvisor.org\/de\/seitenrand\/\">Seitenrand in Excel (\u00c4ndern und Festlegen)<\/a> <\/li><\/ul><\/div><\/div><div class=\"gb-grid-column gb-grid-column-50067b57\"><div class=\"gb-container gb-container-50067b57\"><\/div><\/div><\/div><\/div>","protected":false},"excerpt":{"rendered":"","protected":false},"author":1,"featured_media":0,"parent":0,"menu_order":0,"comment_status":"open","ping_status":"closed","template":"","meta":{"ub_ctt_via":"","footnotes":""},"class_list":["post-3358","page","type-page","status-publish","hentry"],"featured_image_src":null,"yoast_head":"<!-- This site is optimized with the Yoast SEO plugin v25.4 - https:\/\/yoast.com\/wordpress\/plugins\/seo\/ -->\n<title>Wie lege ich den Druckbereich in Excel fest? (Tutorial 2023)<\/title>\n<meta name=\"description\" content=\"In diesem Tutorial erfahren Sie, wie Sie den Druckbereich in Excel festlegen. F\u00fcgen Sie Zellen und Bereiche zum Druckbereich hinzu und\" \/>\n<meta name=\"robots\" content=\"index, follow, max-snippet:-1, max-image-preview:large, max-video-preview:-1\" \/>\n<link rel=\"canonical\" href=\"https:\/\/exceladvisor.org\/de\/druckbereich-festlegen\/\" \/>\n<meta property=\"og:locale\" content=\"de_DE\" \/>\n<meta property=\"og:type\" content=\"article\" \/>\n<meta property=\"og:title\" content=\"Wie lege ich den Druckbereich in Excel fest? (Tutorial 2023)\" \/>\n<meta property=\"og:description\" content=\"In diesem Tutorial erfahren Sie, wie Sie den Druckbereich in Excel festlegen. F\u00fcgen Sie Zellen und Bereiche zum Druckbereich hinzu und\" \/>\n<meta property=\"og:url\" content=\"https:\/\/exceladvisor.org\/de\/druckbereich-festlegen\/\" \/>\n<meta property=\"og:site_name\" content=\"Excel Advisor\" \/>\n<meta property=\"article:modified_time\" content=\"2023-12-03T13:04:07+00:00\" \/>\n<meta property=\"og:image\" content=\"https:\/\/exceladvisor.org\/wp-content\/uploads\/2023\/08\/1-zone-dimpression-definie-dans-Excel.png\" \/>\n<meta name=\"twitter:card\" content=\"summary_large_image\" \/>\n<meta name=\"twitter:label1\" content=\"Gesch\u00e4tzte Lesezeit\" \/>\n\t<meta name=\"twitter:data1\" content=\"3\u00a0Minuten\" \/>\n<script type=\"application\/ld+json\" class=\"yoast-schema-graph\">{\"@context\":\"https:\/\/schema.org\",\"@graph\":[{\"@type\":\"WebPage\",\"@id\":\"https:\/\/exceladvisor.org\/de\/druckbereich-festlegen\/\",\"url\":\"https:\/\/exceladvisor.org\/de\/druckbereich-festlegen\/\",\"name\":\"Wie lege ich den Druckbereich in Excel fest? (Tutorial 2023)\",\"isPartOf\":{\"@id\":\"https:\/\/exceladvisor.org\/de\/#website\"},\"primaryImageOfPage\":{\"@id\":\"https:\/\/exceladvisor.org\/de\/druckbereich-festlegen\/#primaryimage\"},\"image\":{\"@id\":\"https:\/\/exceladvisor.org\/de\/druckbereich-festlegen\/#primaryimage\"},\"thumbnailUrl\":\"https:\/\/exceladvisor.org\/wp-content\/uploads\/2023\/08\/1-zone-dimpression-definie-dans-Excel.png\",\"datePublished\":\"2023-10-30T15:22:45+00:00\",\"dateModified\":\"2023-12-03T13:04:07+00:00\",\"description\":\"In diesem Tutorial erfahren Sie, wie Sie den Druckbereich in Excel festlegen. F\u00fcgen Sie Zellen und Bereiche zum Druckbereich hinzu und\",\"breadcrumb\":{\"@id\":\"https:\/\/exceladvisor.org\/de\/druckbereich-festlegen\/#breadcrumb\"},\"inLanguage\":\"de\",\"potentialAction\":[{\"@type\":\"ReadAction\",\"target\":[\"https:\/\/exceladvisor.org\/de\/druckbereich-festlegen\/\"]}]},{\"@type\":\"ImageObject\",\"inLanguage\":\"de\",\"@id\":\"https:\/\/exceladvisor.org\/de\/druckbereich-festlegen\/#primaryimage\",\"url\":\"https:\/\/exceladvisor.org\/wp-content\/uploads\/2023\/08\/1-zone-dimpression-definie-dans-Excel.png\",\"contentUrl\":\"https:\/\/exceladvisor.org\/wp-content\/uploads\/2023\/08\/1-zone-dimpression-definie-dans-Excel.png\"},{\"@type\":\"BreadcrumbList\",\"@id\":\"https:\/\/exceladvisor.org\/de\/druckbereich-festlegen\/#breadcrumb\",\"itemListElement\":[{\"@type\":\"ListItem\",\"position\":1,\"name\":\"Accueil\",\"item\":\"https:\/\/exceladvisor.org\/de\/\"},{\"@type\":\"ListItem\",\"position\":2,\"name\":\"Wie lege ich den druckbereich in excel fest?\"}]},{\"@type\":\"WebSite\",\"@id\":\"https:\/\/exceladvisor.org\/de\/#website\",\"url\":\"https:\/\/exceladvisor.org\/de\/\",\"name\":\"Excel Advisor\",\"description\":\"Ihr Leitfaden zur Datendominanz\",\"publisher\":{\"@id\":\"https:\/\/exceladvisor.org\/de\/#organization\"},\"potentialAction\":[{\"@type\":\"SearchAction\",\"target\":{\"@type\":\"EntryPoint\",\"urlTemplate\":\"https:\/\/exceladvisor.org\/de\/?s={search_term_string}\"},\"query-input\":{\"@type\":\"PropertyValueSpecification\",\"valueRequired\":true,\"valueName\":\"search_term_string\"}}],\"inLanguage\":\"de\"},{\"@type\":\"Organization\",\"@id\":\"https:\/\/exceladvisor.org\/de\/#organization\",\"name\":\"Excel Advisor\",\"url\":\"https:\/\/exceladvisor.org\/de\/\",\"logo\":{\"@type\":\"ImageObject\",\"inLanguage\":\"de\",\"@id\":\"https:\/\/exceladvisor.org\/de\/#\/schema\/logo\/image\/\",\"url\":\"https:\/\/exceladvisor.org\/de\/wp-content\/uploads\/2023\/11\/exceladvisor.org_.png\",\"contentUrl\":\"https:\/\/exceladvisor.org\/de\/wp-content\/uploads\/2023\/11\/exceladvisor.org_.png\",\"width\":105,\"height\":36,\"caption\":\"Excel Advisor\"},\"image\":{\"@id\":\"https:\/\/exceladvisor.org\/de\/#\/schema\/logo\/image\/\"}}]}<\/script>\n<!-- \/ Yoast SEO plugin. -->","yoast_head_json":{"title":"Wie lege ich den Druckbereich in Excel fest? (Tutorial 2023)","description":"In diesem Tutorial erfahren Sie, wie Sie den Druckbereich in Excel festlegen. F\u00fcgen Sie Zellen und Bereiche zum Druckbereich hinzu und","robots":{"index":"index","follow":"follow","max-snippet":"max-snippet:-1","max-image-preview":"max-image-preview:large","max-video-preview":"max-video-preview:-1"},"canonical":"https:\/\/exceladvisor.org\/de\/druckbereich-festlegen\/","og_locale":"de_DE","og_type":"article","og_title":"Wie lege ich den Druckbereich in Excel fest? (Tutorial 2023)","og_description":"In diesem Tutorial erfahren Sie, wie Sie den Druckbereich in Excel festlegen. F\u00fcgen Sie Zellen und Bereiche zum Druckbereich hinzu und","og_url":"https:\/\/exceladvisor.org\/de\/druckbereich-festlegen\/","og_site_name":"Excel Advisor","article_modified_time":"2023-12-03T13:04:07+00:00","og_image":[{"url":"https:\/\/exceladvisor.org\/wp-content\/uploads\/2023\/08\/1-zone-dimpression-definie-dans-Excel.png","type":"","width":"","height":""}],"twitter_card":"summary_large_image","twitter_misc":{"Gesch\u00e4tzte Lesezeit":"3\u00a0Minuten"},"schema":{"@context":"https:\/\/schema.org","@graph":[{"@type":"WebPage","@id":"https:\/\/exceladvisor.org\/de\/druckbereich-festlegen\/","url":"https:\/\/exceladvisor.org\/de\/druckbereich-festlegen\/","name":"Wie lege ich den Druckbereich in Excel fest? (Tutorial 2023)","isPartOf":{"@id":"https:\/\/exceladvisor.org\/de\/#website"},"primaryImageOfPage":{"@id":"https:\/\/exceladvisor.org\/de\/druckbereich-festlegen\/#primaryimage"},"image":{"@id":"https:\/\/exceladvisor.org\/de\/druckbereich-festlegen\/#primaryimage"},"thumbnailUrl":"https:\/\/exceladvisor.org\/wp-content\/uploads\/2023\/08\/1-zone-dimpression-definie-dans-Excel.png","datePublished":"2023-10-30T15:22:45+00:00","dateModified":"2023-12-03T13:04:07+00:00","description":"In diesem Tutorial erfahren Sie, wie Sie den Druckbereich in Excel festlegen. F\u00fcgen Sie Zellen und Bereiche zum Druckbereich hinzu und","breadcrumb":{"@id":"https:\/\/exceladvisor.org\/de\/druckbereich-festlegen\/#breadcrumb"},"inLanguage":"de","potentialAction":[{"@type":"ReadAction","target":["https:\/\/exceladvisor.org\/de\/druckbereich-festlegen\/"]}]},{"@type":"ImageObject","inLanguage":"de","@id":"https:\/\/exceladvisor.org\/de\/druckbereich-festlegen\/#primaryimage","url":"https:\/\/exceladvisor.org\/wp-content\/uploads\/2023\/08\/1-zone-dimpression-definie-dans-Excel.png","contentUrl":"https:\/\/exceladvisor.org\/wp-content\/uploads\/2023\/08\/1-zone-dimpression-definie-dans-Excel.png"},{"@type":"BreadcrumbList","@id":"https:\/\/exceladvisor.org\/de\/druckbereich-festlegen\/#breadcrumb","itemListElement":[{"@type":"ListItem","position":1,"name":"Accueil","item":"https:\/\/exceladvisor.org\/de\/"},{"@type":"ListItem","position":2,"name":"Wie lege ich den druckbereich in excel fest?"}]},{"@type":"WebSite","@id":"https:\/\/exceladvisor.org\/de\/#website","url":"https:\/\/exceladvisor.org\/de\/","name":"Excel Advisor","description":"Ihr Leitfaden zur Datendominanz","publisher":{"@id":"https:\/\/exceladvisor.org\/de\/#organization"},"potentialAction":[{"@type":"SearchAction","target":{"@type":"EntryPoint","urlTemplate":"https:\/\/exceladvisor.org\/de\/?s={search_term_string}"},"query-input":{"@type":"PropertyValueSpecification","valueRequired":true,"valueName":"search_term_string"}}],"inLanguage":"de"},{"@type":"Organization","@id":"https:\/\/exceladvisor.org\/de\/#organization","name":"Excel Advisor","url":"https:\/\/exceladvisor.org\/de\/","logo":{"@type":"ImageObject","inLanguage":"de","@id":"https:\/\/exceladvisor.org\/de\/#\/schema\/logo\/image\/","url":"https:\/\/exceladvisor.org\/de\/wp-content\/uploads\/2023\/11\/exceladvisor.org_.png","contentUrl":"https:\/\/exceladvisor.org\/de\/wp-content\/uploads\/2023\/11\/exceladvisor.org_.png","width":105,"height":36,"caption":"Excel Advisor"},"image":{"@id":"https:\/\/exceladvisor.org\/de\/#\/schema\/logo\/image\/"}}]}},"yoast_meta":{"yoast_wpseo_title":"","yoast_wpseo_metadesc":"","yoast_wpseo_canonical":""},"_links":{"self":[{"href":"https:\/\/exceladvisor.org\/de\/wp-json\/wp\/v2\/pages\/3358","targetHints":{"allow":["GET"]}}],"collection":[{"href":"https:\/\/exceladvisor.org\/de\/wp-json\/wp\/v2\/pages"}],"about":[{"href":"https:\/\/exceladvisor.org\/de\/wp-json\/wp\/v2\/types\/page"}],"author":[{"embeddable":true,"href":"https:\/\/exceladvisor.org\/de\/wp-json\/wp\/v2\/users\/1"}],"replies":[{"embeddable":true,"href":"https:\/\/exceladvisor.org\/de\/wp-json\/wp\/v2\/comments?post=3358"}],"version-history":[{"count":1,"href":"https:\/\/exceladvisor.org\/de\/wp-json\/wp\/v2\/pages\/3358\/revisions"}],"predecessor-version":[{"id":4137,"href":"https:\/\/exceladvisor.org\/de\/wp-json\/wp\/v2\/pages\/3358\/revisions\/4137"}],"wp:attachment":[{"href":"https:\/\/exceladvisor.org\/de\/wp-json\/wp\/v2\/media?parent=3358"}],"curies":[{"name":"wp","href":"https:\/\/api.w.org\/{rel}","templated":true}]}}