{"id":3359,"date":"2023-10-30T14:48:51","date_gmt":"2023-10-30T14:48:51","guid":{"rendered":"https:\/\/exceladvisor.org\/de\/einen-zeilenumbruch-verketten\/"},"modified":"2023-12-03T13:05:27","modified_gmt":"2023-12-03T13:05:27","slug":"einen-zeilenumbruch-verketten","status":"publish","type":"page","link":"https:\/\/exceladvisor.org\/de\/einen-zeilenumbruch-verketten\/","title":{"rendered":"Wie verkette ich mit einem zeilenumbruch in excel?"},"content":{"rendered":"<div class=\"excel-vor-dem-inhalt\" id=\"excel-2516685261\"><script type=\"text\/javascript\">\r\n\tatOptions = {\r\n\t\t'key' : 'c1158f160081d6540a8409e6925dab94',\r\n\t\t'format' : 'iframe',\r\n\t\t'height' : 250,\r\n\t\t'width' : 300,\r\n\t\t'params' : {}\r\n\t};\r\n<\/script>\r\n<script type=\"text\/javascript\" src=\"\/\/www.highperformanceformat.com\/c1158f160081d6540a8409e6925dab94\/invoke.js\"><\/script><\/div> <p>In Excel kombinieren wir normalerweise Text aus verschiedenen Zellen mit CONCATENATE. Aber manchmal m\u00fcssen wir dabei einen Zeilenumbruch zwischen dem Text einf\u00fcgen, den wir kombinieren m\u00f6chten.<\/p><p> Wie Sie wissen, <a style=\"outline: none;\" href=\"https:\/\/exceladvisor.org\/de\/eine-reihe-von-zellen-verketten\/\">gibt es mehrere Methoden<\/a> zum Verketten von Text, aber wenn es darum geht, einen Zeilenumbruch hinzuzuf\u00fcgen, m\u00fcssen wir daf\u00fcr eine bestimmte Formel verwenden.<\/p><p> Hier liegt das Problem: Um einen Zeilenumbruch zwischen Text einzuf\u00fcgen, m\u00fcssen wir die CHAR-Funktion verwenden.<\/p><p> Und im heutigen Beitrag zeige ich Ihnen genau 3 verschiedene Formeln, mit denen Sie einen Zeilenumbruch beim Kombinieren von Werten aus verschiedenen Zellen erzielen k\u00f6nnen. Und das Beste daran ist, dass diese 3 Formeln einfach anzuwenden sind.<\/p><p> In all diesen Formeln gibt es eine Sache, die h\u00e4ufig verwendet wird. Dies ist die CHAR-Funktion. Diese Funktion gibt ein bestimmtes Zeichen basierend auf der dort angegebenen Zahl zur\u00fcck.<\/p><p> Und um einen Zeilenumbruch einzugeben, m\u00fcssen wir 10 angeben, wenn Sie die Windows-Version von Excel verwenden, und 13, wenn Sie die MAC-Version von Excel verwenden. Weitere Informationen zu CHAR finden Sie <a href=\"https:\/\/support.office.com\/en-us\/article\/char-function-bbd249c8-b36e-4a91-8017-1c133f9b837a\" target=\"_blank\" rel=\"noreferrer noopener nofollow\">hier<\/a> . Kommen wir nun zu unseren Newline-Formeln.<\/p><h2 class=\"wp-block-heading\"> 1. Verwendung eines kaufm\u00e4nnischen Und-Zeichens mit CHAR<\/h2><p> Dies ist eigentlich eine einfache Formel, bei der Sie auf alle Zellen verweisen, die Sie kombinieren m\u00f6chten, aber CHAR(10) zwischen diesen Zellverweisen verwenden. Schauen Sie sich diese Formel unten an: <\/p><pre class=\"wp-block-code\"> <code class=\"language-excel-formula\" lang=\"excel-formula\">=A2&amp;CHAR(10)&amp;B2&amp;CHAR(10)&amp;C2<\/code><\/pre><div class=\"wp-block-image\"><figure class=\"aligncenter\"><img decoding=\"async\" src=\"https:\/\/exceladvisor.org\/wp-content\/uploads\/2023\/08\/concatener-avec-une-formule-simple-de-saut-de-ligne-1.png\" sizes=\"\" srcset=\"\" alt=\"mit einer einfachen Zeilenumbruchformel verketten\"><\/figure><\/div><p class=\"qt-tip\"> <strong>Wichtiger Hinweis:<\/strong> Wenn Sie diese Formel in eine Zelle eingeben, stellen Sie sicher, dass Sie \u201eText umbrechen\u201c auf diese Zelle anwenden.<\/p><h3 class=\"wp-block-heading\"> So funktioniert diese Formel&#8230;<\/h3><p> Tats\u00e4chlich haben wir in dieser Formel insgesamt f\u00fcnf Werte mithilfe eines kaufm\u00e4nnischen Und-Zeichens (&amp;) kombiniert. Drei Zellwerte und zwei CHAR-Funktionen f\u00fcr Zeilenumbr\u00fcche. Zuerst haben wir A2, dann einen Zeilenumbruch, danach B2 und einen weiteren Zeilenumbruch und am Ende C2.<\/p><p> <strong>Verwandtes Tutorial<\/strong> : <a href=\"https:\/\/exceladvisor.org\/de\/entfernen-sie-zusatzliche-leerzeichen\/\">Entfernen Sie zus\u00e4tzliche Leerzeichen in Excel<\/a><\/p><h2 class=\"wp-block-heading\"> 2. Verwendung von CHAR mit der CONCATENATE-Funktion<\/h2><p> Diese Formel ist fast die gleiche wie die, die wir oben verwendet haben, aber hier haben wir anstelle eines kaufm\u00e4nnischen Und-Zeichens (&amp;) einfach die CONCATENATE-Funktion verwendet. <a href=\"https:\/\/exceladvisor.org\/de\/zelle-bearbeiten\/\">Bearbeiten Sie die Zelle<\/a> und geben Sie die Formel unten ein. <\/p><pre class=\"wp-block-code\"> <code class=\"language-excel-formula\" lang=\"excel-formula\">=CONCATENATE(A2,CHAR(10),B2,CHAR(10),C2)<\/code><\/pre><div class=\"wp-block-image\"><figure class=\"aligncenter\"><img decoding=\"async\" src=\"https:\/\/exceladvisor.org\/wp-content\/uploads\/2023\/08\/concatener-avec-un-saut-de-ligne-en-utilisant-la-fonction-de-concatenation-1.png\" sizes=\"\" srcset=\"\" alt=\"Mit der Funktion \u201eVerketten\u201c mit einer neuen Zeile verketten\"><\/figure><\/div><p> Stellen Sie auch in dieser Formel sicher, dass Sie \u201eText umbrechen\u201c auf die Zelle anwenden.<\/p><h3 class=\"wp-block-heading\"> So funktioniert diese Formel&#8230;<\/h3><p> In dieser Formel haben wir 5 verschiedene Dinge mit CONCATENATE kombiniert. Wert von Zelle A2, Zeilenumbruch mit CHAR, Werte von Zelle B2, Zeilenumbruch und am Ende der Wert von Zelle C2.<\/p><h2 class=\"wp-block-heading\"> 3. Kombination von CHAR und TEXTJOIN, um einen Zeilenumbruch im Text zu erhalten<\/h2><p> TEXTJOIN ist die erweiterte Version von CONCATENATE. In der Funktion k\u00f6nnen Sie einen Trenner verwenden, um den Text der Zellen zusammenzufassen. Und hier ist die Formel, um beim Verketten von Text aus verschiedenen Zellen einen Zeilenumbruch zu erzielen. <\/p><pre class=\"wp-block-code\"> <code class=\"language-excel-formula\" lang=\"excel-formula\">=TEXTJOIN(CHAR(10),TRUE,A2:C2)<\/code><\/pre><div class=\"wp-block-image\"><figure class=\"aligncenter\"><img decoding=\"async\" src=\"https:\/\/exceladvisor.org\/wp-content\/uploads\/2023\/08\/concatener-avec-une-jointure-de-saut-de-ligne-1.png\" sizes=\"\" srcset=\"\" alt=\"mit einem Newline-Join verketten\"><\/figure><\/div><h3 class=\"wp-block-heading\"> So funktioniert diese Formel&#8230;<\/h3><p> In der Formel haben wir CHAR als Trennzeichen und dann TRUE verwendet, um leere Zellen zu ignorieren. Und am Ende haben wir den gesamten A2:C2-Bereich ausgew\u00e4hlt, den wir kombinieren m\u00fcssen. Was nun passiert: Da wir CHAR(10) angegeben haben, wird nach jedem Zellenwert eine neue Zeile eingef\u00fcgt.<\/p><h2 class=\"wp-block-heading\"> Abschluss<\/h2><p> Wenn Sie einen Zeilenumbruch in einer Formel verwenden, m\u00fcssen Sie zwei Dinge beachten, indem Sie die CHAR-Funktion f\u00fcr den Zeilenumbruch verwenden und \u201eZeilenumbruch\u201c auf die Zelle anwenden. Von allen oben genannten Formeln, die wir hier gelernt haben, ist die Verwendung von TEXTJOIN meiner Meinung nach die einfachste und beste Methode.<\/p><p> Ich hoffe, Sie fanden diesen Formeltipp hilfreich, aber eines m\u00fcssen Sie mir jetzt noch sagen.<\/p><p> <em><strong>Welche Formel ist Ihrer Meinung nach am besten zu verwenden?<\/strong><\/em> Teilen Sie mir Ihre Gedanken im Kommentarbereich mit. Ich w\u00fcrde gerne von Ihnen h\u00f6ren und diesen Tipp unbedingt auch mit Ihren Freunden teilen.<\/p><div class=\"gb-container gb-container-0df56012 gb-container-mt\"> <a class=\"gb-button gb-button-f9f432f4 gb-button-text gb-button-mt-button\" href=\"https:\/\/exceladvisor.org\/de\/formeln\/\">Liste der Excel-Formeln<\/a><h2 class=\"gb-headline gb-headline-233444e8 gb-headline-text gb-headline-mt-heading\"> Verwandte Formeln <\/h2><div class=\"gb-grid-wrapper gb-grid-wrapper-a16fa65c gb-grid-wrapper-mt-grid\"><div class=\"gb-grid-column gb-grid-column-50d07e0d\"><div class=\"gb-container gb-container-50d07e0d\"><ul><li> <a href=\"https:\/\/exceladvisor.org\/de\/neue-zeile-in-der-zelle\/\">Eine neue Zeile zu einer Zelle in Excel hinzuf\u00fcgen (Zeilenumbruch)<\/a><\/li><li> <a href=\"https:\/\/exceladvisor.org\/de\/fuhrende-nullen\/\">F\u00fcgen Sie f\u00fchrende Nullen in Excel hinzu<\/a><\/li><li> <a href=\"https:\/\/exceladvisor.org\/de\/verketten-sie-zellen-mit-einem-komma\/\">Verketten (kombinieren) Sie Zellen in Excel mit einem Komma<\/a><\/li><li> <a href=\"https:\/\/exceladvisor.org\/de\/eine-reihe-von-zellen-verketten\/\">Verketten (kombinieren) Sie einen Bereich von Zellen in Excel<\/a> <\/li><\/ul><\/div><\/div><div class=\"gb-grid-column gb-grid-column-5b4a0cf9\"><div class=\"gb-container gb-container-5b4a0cf9\"><\/div><\/div><\/div><\/div>","protected":false},"excerpt":{"rendered":"","protected":false},"author":1,"featured_media":0,"parent":0,"menu_order":0,"comment_status":"open","ping_status":"closed","template":"","meta":{"ub_ctt_via":"","footnotes":""},"class_list":["post-3359","page","type-page","status-publish","hentry"],"featured_image_src":null,"yoast_head":"<!-- This site is optimized with the Yoast SEO plugin v25.4 - https:\/\/yoast.com\/wordpress\/plugins\/seo\/ -->\n<title>\u25b7 Wie verkette ich mit Zeilenumbruch in Excel?<\/title>\n<meta name=\"description\" content=\"In diesem Tutorial lernen Sie drei Formeln zum Verketten mit Zeilenumbruch in Excel kennen, einschlie\u00dflich der Funktionen CHAR und CONCATENATE\" \/>\n<meta name=\"robots\" content=\"index, follow, max-snippet:-1, max-image-preview:large, max-video-preview:-1\" \/>\n<link rel=\"canonical\" href=\"https:\/\/exceladvisor.org\/de\/einen-zeilenumbruch-verketten\/\" \/>\n<meta property=\"og:locale\" content=\"de_DE\" \/>\n<meta property=\"og:type\" content=\"article\" \/>\n<meta property=\"og:title\" content=\"\u25b7 Wie verkette ich mit Zeilenumbruch in Excel?\" \/>\n<meta property=\"og:description\" content=\"In diesem Tutorial lernen Sie drei Formeln zum Verketten mit Zeilenumbruch in Excel kennen, einschlie\u00dflich der Funktionen CHAR und CONCATENATE\" \/>\n<meta property=\"og:url\" content=\"https:\/\/exceladvisor.org\/de\/einen-zeilenumbruch-verketten\/\" \/>\n<meta property=\"og:site_name\" content=\"Excel Advisor\" \/>\n<meta property=\"article:modified_time\" content=\"2023-12-03T13:05:27+00:00\" \/>\n<meta property=\"og:image\" content=\"https:\/\/exceladvisor.org\/wp-content\/uploads\/2023\/08\/concatener-avec-une-formule-simple-de-saut-de-ligne-1.png\" \/>\n<meta name=\"twitter:card\" content=\"summary_large_image\" \/>\n<meta name=\"twitter:label1\" content=\"Gesch\u00e4tzte Lesezeit\" \/>\n\t<meta name=\"twitter:data1\" content=\"3\u00a0Minuten\" \/>\n<script type=\"application\/ld+json\" class=\"yoast-schema-graph\">{\"@context\":\"https:\/\/schema.org\",\"@graph\":[{\"@type\":\"WebPage\",\"@id\":\"https:\/\/exceladvisor.org\/de\/einen-zeilenumbruch-verketten\/\",\"url\":\"https:\/\/exceladvisor.org\/de\/einen-zeilenumbruch-verketten\/\",\"name\":\"\u25b7 Wie verkette ich mit Zeilenumbruch in Excel?\",\"isPartOf\":{\"@id\":\"https:\/\/exceladvisor.org\/de\/#website\"},\"primaryImageOfPage\":{\"@id\":\"https:\/\/exceladvisor.org\/de\/einen-zeilenumbruch-verketten\/#primaryimage\"},\"image\":{\"@id\":\"https:\/\/exceladvisor.org\/de\/einen-zeilenumbruch-verketten\/#primaryimage\"},\"thumbnailUrl\":\"https:\/\/exceladvisor.org\/wp-content\/uploads\/2023\/08\/concatener-avec-une-formule-simple-de-saut-de-ligne-1.png\",\"datePublished\":\"2023-10-30T14:48:51+00:00\",\"dateModified\":\"2023-12-03T13:05:27+00:00\",\"description\":\"In diesem Tutorial lernen Sie drei Formeln zum Verketten mit Zeilenumbruch in Excel kennen, einschlie\u00dflich der Funktionen CHAR und CONCATENATE\",\"breadcrumb\":{\"@id\":\"https:\/\/exceladvisor.org\/de\/einen-zeilenumbruch-verketten\/#breadcrumb\"},\"inLanguage\":\"de\",\"potentialAction\":[{\"@type\":\"ReadAction\",\"target\":[\"https:\/\/exceladvisor.org\/de\/einen-zeilenumbruch-verketten\/\"]}]},{\"@type\":\"ImageObject\",\"inLanguage\":\"de\",\"@id\":\"https:\/\/exceladvisor.org\/de\/einen-zeilenumbruch-verketten\/#primaryimage\",\"url\":\"https:\/\/exceladvisor.org\/wp-content\/uploads\/2023\/08\/concatener-avec-une-formule-simple-de-saut-de-ligne-1.png\",\"contentUrl\":\"https:\/\/exceladvisor.org\/wp-content\/uploads\/2023\/08\/concatener-avec-une-formule-simple-de-saut-de-ligne-1.png\"},{\"@type\":\"BreadcrumbList\",\"@id\":\"https:\/\/exceladvisor.org\/de\/einen-zeilenumbruch-verketten\/#breadcrumb\",\"itemListElement\":[{\"@type\":\"ListItem\",\"position\":1,\"name\":\"Accueil\",\"item\":\"https:\/\/exceladvisor.org\/de\/\"},{\"@type\":\"ListItem\",\"position\":2,\"name\":\"Wie verkette ich mit einem zeilenumbruch in excel?\"}]},{\"@type\":\"WebSite\",\"@id\":\"https:\/\/exceladvisor.org\/de\/#website\",\"url\":\"https:\/\/exceladvisor.org\/de\/\",\"name\":\"Excel Advisor\",\"description\":\"Ihr Leitfaden zur Datendominanz\",\"publisher\":{\"@id\":\"https:\/\/exceladvisor.org\/de\/#organization\"},\"potentialAction\":[{\"@type\":\"SearchAction\",\"target\":{\"@type\":\"EntryPoint\",\"urlTemplate\":\"https:\/\/exceladvisor.org\/de\/?s={search_term_string}\"},\"query-input\":{\"@type\":\"PropertyValueSpecification\",\"valueRequired\":true,\"valueName\":\"search_term_string\"}}],\"inLanguage\":\"de\"},{\"@type\":\"Organization\",\"@id\":\"https:\/\/exceladvisor.org\/de\/#organization\",\"name\":\"Excel Advisor\",\"url\":\"https:\/\/exceladvisor.org\/de\/\",\"logo\":{\"@type\":\"ImageObject\",\"inLanguage\":\"de\",\"@id\":\"https:\/\/exceladvisor.org\/de\/#\/schema\/logo\/image\/\",\"url\":\"https:\/\/exceladvisor.org\/de\/wp-content\/uploads\/2023\/11\/exceladvisor.org_.png\",\"contentUrl\":\"https:\/\/exceladvisor.org\/de\/wp-content\/uploads\/2023\/11\/exceladvisor.org_.png\",\"width\":105,\"height\":36,\"caption\":\"Excel Advisor\"},\"image\":{\"@id\":\"https:\/\/exceladvisor.org\/de\/#\/schema\/logo\/image\/\"}}]}<\/script>\n<!-- \/ Yoast SEO plugin. -->","yoast_head_json":{"title":"\u25b7 Wie verkette ich mit Zeilenumbruch in Excel?","description":"In diesem Tutorial lernen Sie drei Formeln zum Verketten mit Zeilenumbruch in Excel kennen, einschlie\u00dflich der Funktionen CHAR und CONCATENATE","robots":{"index":"index","follow":"follow","max-snippet":"max-snippet:-1","max-image-preview":"max-image-preview:large","max-video-preview":"max-video-preview:-1"},"canonical":"https:\/\/exceladvisor.org\/de\/einen-zeilenumbruch-verketten\/","og_locale":"de_DE","og_type":"article","og_title":"\u25b7 Wie verkette ich mit Zeilenumbruch in Excel?","og_description":"In diesem Tutorial lernen Sie drei Formeln zum Verketten mit Zeilenumbruch in Excel kennen, einschlie\u00dflich der Funktionen CHAR und CONCATENATE","og_url":"https:\/\/exceladvisor.org\/de\/einen-zeilenumbruch-verketten\/","og_site_name":"Excel Advisor","article_modified_time":"2023-12-03T13:05:27+00:00","og_image":[{"url":"https:\/\/exceladvisor.org\/wp-content\/uploads\/2023\/08\/concatener-avec-une-formule-simple-de-saut-de-ligne-1.png","type":"","width":"","height":""}],"twitter_card":"summary_large_image","twitter_misc":{"Gesch\u00e4tzte Lesezeit":"3\u00a0Minuten"},"schema":{"@context":"https:\/\/schema.org","@graph":[{"@type":"WebPage","@id":"https:\/\/exceladvisor.org\/de\/einen-zeilenumbruch-verketten\/","url":"https:\/\/exceladvisor.org\/de\/einen-zeilenumbruch-verketten\/","name":"\u25b7 Wie verkette ich mit Zeilenumbruch in Excel?","isPartOf":{"@id":"https:\/\/exceladvisor.org\/de\/#website"},"primaryImageOfPage":{"@id":"https:\/\/exceladvisor.org\/de\/einen-zeilenumbruch-verketten\/#primaryimage"},"image":{"@id":"https:\/\/exceladvisor.org\/de\/einen-zeilenumbruch-verketten\/#primaryimage"},"thumbnailUrl":"https:\/\/exceladvisor.org\/wp-content\/uploads\/2023\/08\/concatener-avec-une-formule-simple-de-saut-de-ligne-1.png","datePublished":"2023-10-30T14:48:51+00:00","dateModified":"2023-12-03T13:05:27+00:00","description":"In diesem Tutorial lernen Sie drei Formeln zum Verketten mit Zeilenumbruch in Excel kennen, einschlie\u00dflich der Funktionen CHAR und CONCATENATE","breadcrumb":{"@id":"https:\/\/exceladvisor.org\/de\/einen-zeilenumbruch-verketten\/#breadcrumb"},"inLanguage":"de","potentialAction":[{"@type":"ReadAction","target":["https:\/\/exceladvisor.org\/de\/einen-zeilenumbruch-verketten\/"]}]},{"@type":"ImageObject","inLanguage":"de","@id":"https:\/\/exceladvisor.org\/de\/einen-zeilenumbruch-verketten\/#primaryimage","url":"https:\/\/exceladvisor.org\/wp-content\/uploads\/2023\/08\/concatener-avec-une-formule-simple-de-saut-de-ligne-1.png","contentUrl":"https:\/\/exceladvisor.org\/wp-content\/uploads\/2023\/08\/concatener-avec-une-formule-simple-de-saut-de-ligne-1.png"},{"@type":"BreadcrumbList","@id":"https:\/\/exceladvisor.org\/de\/einen-zeilenumbruch-verketten\/#breadcrumb","itemListElement":[{"@type":"ListItem","position":1,"name":"Accueil","item":"https:\/\/exceladvisor.org\/de\/"},{"@type":"ListItem","position":2,"name":"Wie verkette ich mit einem zeilenumbruch in excel?"}]},{"@type":"WebSite","@id":"https:\/\/exceladvisor.org\/de\/#website","url":"https:\/\/exceladvisor.org\/de\/","name":"Excel Advisor","description":"Ihr Leitfaden zur Datendominanz","publisher":{"@id":"https:\/\/exceladvisor.org\/de\/#organization"},"potentialAction":[{"@type":"SearchAction","target":{"@type":"EntryPoint","urlTemplate":"https:\/\/exceladvisor.org\/de\/?s={search_term_string}"},"query-input":{"@type":"PropertyValueSpecification","valueRequired":true,"valueName":"search_term_string"}}],"inLanguage":"de"},{"@type":"Organization","@id":"https:\/\/exceladvisor.org\/de\/#organization","name":"Excel Advisor","url":"https:\/\/exceladvisor.org\/de\/","logo":{"@type":"ImageObject","inLanguage":"de","@id":"https:\/\/exceladvisor.org\/de\/#\/schema\/logo\/image\/","url":"https:\/\/exceladvisor.org\/de\/wp-content\/uploads\/2023\/11\/exceladvisor.org_.png","contentUrl":"https:\/\/exceladvisor.org\/de\/wp-content\/uploads\/2023\/11\/exceladvisor.org_.png","width":105,"height":36,"caption":"Excel Advisor"},"image":{"@id":"https:\/\/exceladvisor.org\/de\/#\/schema\/logo\/image\/"}}]}},"yoast_meta":{"yoast_wpseo_title":"","yoast_wpseo_metadesc":"","yoast_wpseo_canonical":""},"_links":{"self":[{"href":"https:\/\/exceladvisor.org\/de\/wp-json\/wp\/v2\/pages\/3359","targetHints":{"allow":["GET"]}}],"collection":[{"href":"https:\/\/exceladvisor.org\/de\/wp-json\/wp\/v2\/pages"}],"about":[{"href":"https:\/\/exceladvisor.org\/de\/wp-json\/wp\/v2\/types\/page"}],"author":[{"embeddable":true,"href":"https:\/\/exceladvisor.org\/de\/wp-json\/wp\/v2\/users\/1"}],"replies":[{"embeddable":true,"href":"https:\/\/exceladvisor.org\/de\/wp-json\/wp\/v2\/comments?post=3359"}],"version-history":[{"count":1,"href":"https:\/\/exceladvisor.org\/de\/wp-json\/wp\/v2\/pages\/3359\/revisions"}],"predecessor-version":[{"id":4217,"href":"https:\/\/exceladvisor.org\/de\/wp-json\/wp\/v2\/pages\/3359\/revisions\/4217"}],"wp:attachment":[{"href":"https:\/\/exceladvisor.org\/de\/wp-json\/wp\/v2\/media?parent=3359"}],"curies":[{"name":"wp","href":"https:\/\/api.w.org\/{rel}","templated":true}]}}