{"id":3360,"date":"2023-10-30T14:33:49","date_gmt":"2023-10-30T14:33:49","guid":{"rendered":"https:\/\/exceladvisor.org\/de\/text-drehen\/"},"modified":"2023-12-03T11:14:22","modified_gmt":"2023-12-03T11:14:22","slug":"text-drehen","status":"publish","type":"page","link":"https:\/\/exceladvisor.org\/de\/text-drehen\/","title":{"rendered":"Wie drehe ich text in excel?"},"content":{"rendered":"<div class=\"excel-vor-dem-inhalt\" id=\"excel-4275347048\"><script type=\"text\/javascript\">\r\n\tatOptions = {\r\n\t\t'key' : 'c1158f160081d6540a8409e6925dab94',\r\n\t\t'format' : 'iframe',\r\n\t\t'height' : 250,\r\n\t\t'width' : 300,\r\n\t\t'params' : {}\r\n\t};\r\n<\/script>\r\n<script type=\"text\/javascript\" src=\"\/\/www.highperformanceformat.com\/c1158f160081d6540a8409e6925dab94\/invoke.js\"><\/script><\/div> <p>Die Arbeit mit Excel hat schon immer Spa\u00df gemacht. Aber manchmal ist es langweilig, die gleichen Formate, Texte, Schriftarten und nat\u00fcrlich die gleichen langweiligen Zahlen zu sehen.<\/p><p> Zweifellos k\u00f6nnen Sie das Erscheinungsbild mithilfe der Option \u201eSchriftart\u201c ein wenig \u00e4ndern. Aber es gibt noch viel mehr, was Sie mit der Textrichtung und -ausrichtung tun k\u00f6nnen.<\/p><p> Das ver\u00e4ndert nicht nur die Optik, sondern spart vor allem viel Platz. Das Scrollen durch die folgenden Seiten ist manchmal nervig. So k\u00f6nnen Sie den Bericht auf einer einzelnen Seite unterbringen, indem Sie in wenigen einfachen Schritten mit der Textausrichtung und -ausrichtung experimentieren.<\/p><ol><li> W\u00e4hlen Sie zun\u00e4chst die Zelle aus, in der Sie den Text drehen m\u00f6chten. Hier haben wir die Kopfzeile ausgew\u00e4hlt. <br><img loading=\"lazy\" decoding=\"async\" title=\"1-Text-in-Excel drehen\" src=\"https:\/\/exceladvisor.org\/wp-content\/uploads\/2023\/08\/1-faire-pivoter-le-texte-dans-excel.png\" sizes=\"auto, \" srcset=\"\" alt=\"rotate-text-in-excel\" width=\"461\" height=\"37\"><\/li><li> Gehen Sie nun zur Registerkarte \u201eStartseite\u201c und suchen Sie im Men\u00fcband nach der Registerkarte \u201eAusrichtung\u201c. <br><img loading=\"lazy\" decoding=\"async\" title=\"Registerkarte \u201e2-Suche-nach-Ausrichtung\u201c.\" src=\"https:\/\/exceladvisor.org\/wp-content\/uploads\/2023\/08\/2-recherchez-longlet-dalignement.png\" sizes=\"auto, \" srcset=\"\" alt=\"look-for-alignment-tab\" width=\"619\" height=\"139\"><\/li><li> Klicken Sie dann auf die Schaltfl\u00e4che \u201eAusrichtung\u201c. <br><img loading=\"lazy\" decoding=\"async\" title=\"3-Klick-auf-die-Ausrichtungsschaltfl\u00e4che\" src=\"https:\/\/exceladvisor.org\/wp-content\/uploads\/2023\/08\/3-cliquez-sur-le-bouton-dorientation.png\" sizes=\"auto, \" srcset=\"\" alt=\"click-on-orientation-button\" width=\"478\" height=\"142\"><\/li><li> Hier erhalten Sie Standardoptionen in der Dropdown-Liste. <br><img loading=\"lazy\" decoding=\"async\" title=\"4 Standardoptionen f\u00fcr die Textrotation\" src=\"https:\/\/exceladvisor.org\/wp-content\/uploads\/2023\/08\/4-options-de-rotation-de-texte-par-defaut.png\" sizes=\"auto, \" srcset=\"\" alt=\"default-text-rotate-options\" width=\"207\" height=\"201\"><\/li><li> Versuchen wir es nun einzeln und sehen, was mit dem Text passiert. <br><img loading=\"lazy\" decoding=\"async\" title=\"5-Rotate-Text\" src=\"https:\/\/exceladvisor.org\/wp-content\/uploads\/2023\/08\/5-faire-pivoter-le-texte.png\" sizes=\"auto, \" srcset=\"\" alt=\"rotate-text\" width=\"497\" height=\"455\"><\/li><li> Tats\u00e4chlich k\u00f6nnen Sie anhand des Symbols vor jeder Option eine Vorstellung davon bekommen, was mit Ihrem Text passieren wird. <br><img loading=\"lazy\" decoding=\"async\" title=\"6 Textrotationssymbole\" src=\"https:\/\/exceladvisor.org\/wp-content\/uploads\/2023\/08\/6-symboles-de-rotation-de-texte.png\" sizes=\"auto, \" srcset=\"\" alt=\"text-rotate-symbols\" width=\"214\" height=\"207\"><\/li><\/ol><p> Dies waren die Standardoptionen, die Sie mit nur einem Klick schnell nutzen k\u00f6nnen. F\u00fcr diejenigen, denen dieses Setup nicht gef\u00e4llt, gibt es noch etwas anderes, aus dem Sie w\u00e4hlen k\u00f6nnen.<\/p><ol><li> Um zur n\u00e4chsten Ebene zu gelangen, w\u00e4hlen Sie die Zellen, die Sie drehen m\u00f6chten, erneut aus und klicken Sie auf die letzte Option \u201eZellenausrichtung formatieren\u201c. <br><img loading=\"lazy\" decoding=\"async\" title=\"7-benutzerdefinierte Textausrichtung\" src=\"https:\/\/exceladvisor.org\/wp-content\/uploads\/2023\/08\/7-orientation-de-texte-personnalisee.png\" sizes=\"auto, \" srcset=\"\" alt=\"custom-text-orientation\" width=\"236\" height=\"228\"><\/li><li> Danach \u00f6ffnet sich ein Dialogfeld vor Ihnen. <br><img loading=\"lazy\" decoding=\"async\" title=\"8-Dialogfeld \u00f6ffnen\" src=\"https:\/\/exceladvisor.org\/wp-content\/uploads\/2023\/08\/8-boite-de-dialogue-ouverte.png\" sizes=\"auto, \" srcset=\"\" alt=\"dialogue-box-opened\" width=\"568\" height=\"562\"><\/li><li> Rechts unter \u201eAusrichtung\u201c k\u00f6nnen Sie einfach den roten Punkt nach oben und unten ziehen, um Ihrem Text einen benutzerdefinierten Winkel hinzuzuf\u00fcgen. <br><img loading=\"lazy\" decoding=\"async\" title=\"9-Ziehen Sie den roten Punkt\" src=\"https:\/\/exceladvisor.org\/wp-content\/uploads\/2023\/08\/9-faites-glisser-le-point-rouge.png\" sizes=\"auto, \" srcset=\"\" alt=\"drag-the-red-dot\" width=\"178\" height=\"236\"><\/li><li> Zus\u00e4tzlich k\u00f6nnen Sie neben \u201eGrad\u201c manuell einen bestimmten +positiven oder -negativen Winkel eingeben. <br><img loading=\"lazy\" decoding=\"async\" title=\"10-Manuell-einen-bestimmten-Winkel eingeben\" src=\"https:\/\/exceladvisor.org\/wp-content\/uploads\/2023\/08\/10-entrer-manuellement-un-certain-angle.png\" sizes=\"auto, \" srcset=\"\" alt=\"manually-enter-a-certain-angle\" width=\"180\" height=\"249\"><\/li><\/ol><h2 class=\"wp-block-heading\"> <strong>Textausrichtung<\/strong><\/h2><p> Hier ist der interessante Teil. Bisher haben wir von der Textausrichtung gesprochen, oder man kann auch von der Ausrichtung sprechen. Das n\u00e4chste, was Sie wissen m\u00fcssen, ist die Textausrichtung. Mit anderen Worten: Sie k\u00f6nnen die Position des Textes w\u00e4hlen, z. B. in der Mitte, rechts, links, oben oder unten in der Zelle. Mal sehen, wie.<\/p><ol><li> W\u00e4hlen Sie zun\u00e4chst die Zelle aus \u2192 Start \u2192 Ausrichtung \u2192 Ausrichtung \u2192 Zellenausrichtung formatieren. <br><img loading=\"lazy\" decoding=\"async\" title=\"11-Text-Ausrichtung\" src=\"https:\/\/exceladvisor.org\/wp-content\/uploads\/2023\/08\/11-alignement-du-texte.png\" sizes=\"auto, \" srcset=\"\" alt=\"text-alignment\" width=\"518\" height=\"513\"><\/li><li> Sie haben jetzt zwei Optionen: Horizontal und Vertikal, und klicken Sie auf den kleinen Dropdown-Pfeil. <br><img loading=\"lazy\" decoding=\"async\" title=\"12 horizontal-vertikale Optionen\" src=\"https:\/\/exceladvisor.org\/wp-content\/uploads\/2023\/08\/12-options-verticales-horizontales.png\" sizes=\"auto, \" srcset=\"\" alt=\"horizontal-&amp;-vertical-options\" width=\"655\" height=\"394\"><\/li><li> Hier m\u00fcssen Sie alle Optionen ausprobieren und analysieren, was zu Ihrem Bericht passt. Hier ist ein Blick darauf, wie es aussieht: \u2013 <br><img loading=\"lazy\" decoding=\"async\" title=\"13-analysieren-die-optionen\" src=\"https:\/\/exceladvisor.org\/wp-content\/uploads\/2023\/08\/13-analyser-les-options.png\" sizes=\"auto, \" srcset=\"\" alt=\"analyze-the-options\" width=\"785\" height=\"439\"><\/li><\/ol><p> Es mag verwirrend erscheinen, aber es wird sicherlich besser sein, wenn Sie es einmal versuchen.<\/p><p class=\"qt-tip\"> <strong>Tipp:<\/strong> Verwenden Sie nicht f\u00fcr jeden Bericht einen festen Satz an Layouts, da die Ausrichtung und Ausrichtung von der L\u00e4nge und Art Ihres Textes abh\u00e4ngt.<\/p><p> Der Standardtext begann beispielsweise in Spalte B1: F1. Sie werden jedoch feststellen, dass, sobald wir die Ausrichtung \u201eWinkel gegen den Uhrzeigersinn\u201c verwendet haben, der Text mit \u201eWinkel im Uhrzeigersinn\u201c in die rechte und linke Zelle verschoben wurde.<\/p><p> Dies k\u00f6nnte problematisch sein, wenn unsere Daten in Spalte A beginnen w\u00fcrden, da sie aus der Berichtsansicht entfernt w\u00fcrden. Sie m\u00fcssen also alle Optionen ausprobieren und basierend auf Ihrem Bericht und Datentyp eine kluge Auswahl treffen. <\/p><div class=\"wp-block-image\"><figure class=\"aligncenter size-full is-resized\"><img loading=\"lazy\" decoding=\"async\" class=\"wp-image-62115\" src=\"https:\/\/exceladvisor.org\/wp-content\/uploads\/2023\/08\/14-angle-dans-le-sens-des-aiguilles-dune-montre.png\" sizes=\"auto, \" srcset=\"\" alt=\"Winkel im Uhrzeigersinn\" width=\"654\" height=\"306\"><\/figure><\/div><div class=\"gb-container gb-container-4db6181c gb-container-mt\"> <a class=\"gb-button gb-button-c5897111 gb-button-text gb-button-mt-button\" href=\"https:\/\/exceladvisor.org\/de\/excel-grundlagen\/\">Microsoft Excel-Grundlagen (Komponenten, Teile und Wissenshinweise)<\/a><h2 class=\"gb-headline gb-headline-665e5f6b gb-headline-text gb-headline-mt-heading\"> Verwandte Tutorials <\/h2><div class=\"gb-grid-wrapper gb-grid-wrapper-a20baf7c gb-grid-wrapper-mt-grid\"><div class=\"gb-grid-column gb-grid-column-65ddf67e\"><div class=\"gb-container gb-container-65ddf67e\"><ul><li> <a href=\"https:\/\/exceladvisor.org\/de\/zeichne-eine-linie\/\">Zeichnen Sie eine Linie in Excel<\/a><\/li><li> <a href=\"https:\/\/exceladvisor.org\/de\/fugen-sie-eine-schaltflache-hinzu\/\">F\u00fcgen Sie eine Schaltfl\u00e4che in Excel hinzu<\/a><\/li><li> <a href=\"https:\/\/exceladvisor.org\/de\/verschmelzen-dissoziieren-zellen\/\">Zusammenf\u00fchren \u2013 Gruppierung von Zellen in Excel aufheben<\/a><\/li><li> <a href=\"https:\/\/exceladvisor.org\/de\/rechtschreibprufung\/\">Rechtschreibpr\u00fcfung in Excel<\/a><\/li><li> <a href=\"https:\/\/exceladvisor.org\/de\/ruckzug\/\">Einzug in Excel vergr\u00f6\u00dfern und verkleinern<\/a> <\/li><\/ul><\/div><\/div><div class=\"gb-grid-column gb-grid-column-50067b57\"><div class=\"gb-container gb-container-50067b57\"><\/div><\/div><\/div><\/div>","protected":false},"excerpt":{"rendered":"","protected":false},"author":1,"featured_media":0,"parent":0,"menu_order":0,"comment_status":"open","ping_status":"closed","template":"","meta":{"ub_ctt_via":"","footnotes":""},"class_list":["post-3360","page","type-page","status-publish","hentry"],"featured_image_src":null,"yoast_head":"<!-- This site is optimized with the Yoast SEO plugin v25.4 - https:\/\/yoast.com\/wordpress\/plugins\/seo\/ -->\n<title>Wie drehe ich Text in Excel? (Textanleitung)<\/title>\n<meta name=\"description\" content=\"In diesem Tutorial erfahren Sie, wie Sie Text in einer Zelle in Excel drehen (Textausrichtung). Das wird sich nicht \u00e4ndern\" \/>\n<meta name=\"robots\" content=\"index, follow, max-snippet:-1, max-image-preview:large, max-video-preview:-1\" \/>\n<link rel=\"canonical\" href=\"https:\/\/exceladvisor.org\/de\/text-drehen\/\" \/>\n<meta property=\"og:locale\" content=\"de_DE\" \/>\n<meta property=\"og:type\" content=\"article\" \/>\n<meta property=\"og:title\" content=\"Wie drehe ich Text in Excel? (Textanleitung)\" \/>\n<meta property=\"og:description\" content=\"In diesem Tutorial erfahren Sie, wie Sie Text in einer Zelle in Excel drehen (Textausrichtung). Das wird sich nicht \u00e4ndern\" \/>\n<meta property=\"og:url\" content=\"https:\/\/exceladvisor.org\/de\/text-drehen\/\" \/>\n<meta property=\"og:site_name\" content=\"Excel Advisor\" \/>\n<meta property=\"article:modified_time\" content=\"2023-12-03T11:14:22+00:00\" \/>\n<meta property=\"og:image\" content=\"https:\/\/exceladvisor.org\/wp-content\/uploads\/2023\/08\/1-faire-pivoter-le-texte-dans-excel.png\" \/>\n<meta name=\"twitter:card\" content=\"summary_large_image\" \/>\n<meta name=\"twitter:label1\" content=\"Gesch\u00e4tzte Lesezeit\" \/>\n\t<meta name=\"twitter:data1\" content=\"3\u00a0Minuten\" \/>\n<script type=\"application\/ld+json\" class=\"yoast-schema-graph\">{\"@context\":\"https:\/\/schema.org\",\"@graph\":[{\"@type\":\"WebPage\",\"@id\":\"https:\/\/exceladvisor.org\/de\/text-drehen\/\",\"url\":\"https:\/\/exceladvisor.org\/de\/text-drehen\/\",\"name\":\"Wie drehe ich Text in Excel? (Textanleitung)\",\"isPartOf\":{\"@id\":\"https:\/\/exceladvisor.org\/de\/#website\"},\"primaryImageOfPage\":{\"@id\":\"https:\/\/exceladvisor.org\/de\/text-drehen\/#primaryimage\"},\"image\":{\"@id\":\"https:\/\/exceladvisor.org\/de\/text-drehen\/#primaryimage\"},\"thumbnailUrl\":\"https:\/\/exceladvisor.org\/wp-content\/uploads\/2023\/08\/1-faire-pivoter-le-texte-dans-excel.png\",\"datePublished\":\"2023-10-30T14:33:49+00:00\",\"dateModified\":\"2023-12-03T11:14:22+00:00\",\"description\":\"In diesem Tutorial erfahren Sie, wie Sie Text in einer Zelle in Excel drehen (Textausrichtung). Das wird sich nicht \u00e4ndern\",\"breadcrumb\":{\"@id\":\"https:\/\/exceladvisor.org\/de\/text-drehen\/#breadcrumb\"},\"inLanguage\":\"de\",\"potentialAction\":[{\"@type\":\"ReadAction\",\"target\":[\"https:\/\/exceladvisor.org\/de\/text-drehen\/\"]}]},{\"@type\":\"ImageObject\",\"inLanguage\":\"de\",\"@id\":\"https:\/\/exceladvisor.org\/de\/text-drehen\/#primaryimage\",\"url\":\"https:\/\/exceladvisor.org\/wp-content\/uploads\/2023\/08\/1-faire-pivoter-le-texte-dans-excel.png\",\"contentUrl\":\"https:\/\/exceladvisor.org\/wp-content\/uploads\/2023\/08\/1-faire-pivoter-le-texte-dans-excel.png\"},{\"@type\":\"BreadcrumbList\",\"@id\":\"https:\/\/exceladvisor.org\/de\/text-drehen\/#breadcrumb\",\"itemListElement\":[{\"@type\":\"ListItem\",\"position\":1,\"name\":\"Accueil\",\"item\":\"https:\/\/exceladvisor.org\/de\/\"},{\"@type\":\"ListItem\",\"position\":2,\"name\":\"Wie drehe ich text in excel?\"}]},{\"@type\":\"WebSite\",\"@id\":\"https:\/\/exceladvisor.org\/de\/#website\",\"url\":\"https:\/\/exceladvisor.org\/de\/\",\"name\":\"Excel Advisor\",\"description\":\"Ihr Leitfaden zur Datendominanz\",\"publisher\":{\"@id\":\"https:\/\/exceladvisor.org\/de\/#organization\"},\"potentialAction\":[{\"@type\":\"SearchAction\",\"target\":{\"@type\":\"EntryPoint\",\"urlTemplate\":\"https:\/\/exceladvisor.org\/de\/?s={search_term_string}\"},\"query-input\":{\"@type\":\"PropertyValueSpecification\",\"valueRequired\":true,\"valueName\":\"search_term_string\"}}],\"inLanguage\":\"de\"},{\"@type\":\"Organization\",\"@id\":\"https:\/\/exceladvisor.org\/de\/#organization\",\"name\":\"Excel Advisor\",\"url\":\"https:\/\/exceladvisor.org\/de\/\",\"logo\":{\"@type\":\"ImageObject\",\"inLanguage\":\"de\",\"@id\":\"https:\/\/exceladvisor.org\/de\/#\/schema\/logo\/image\/\",\"url\":\"https:\/\/exceladvisor.org\/de\/wp-content\/uploads\/2023\/11\/exceladvisor.org_.png\",\"contentUrl\":\"https:\/\/exceladvisor.org\/de\/wp-content\/uploads\/2023\/11\/exceladvisor.org_.png\",\"width\":105,\"height\":36,\"caption\":\"Excel Advisor\"},\"image\":{\"@id\":\"https:\/\/exceladvisor.org\/de\/#\/schema\/logo\/image\/\"}}]}<\/script>\n<!-- \/ Yoast SEO plugin. -->","yoast_head_json":{"title":"Wie drehe ich Text in Excel? (Textanleitung)","description":"In diesem Tutorial erfahren Sie, wie Sie Text in einer Zelle in Excel drehen (Textausrichtung). Das wird sich nicht \u00e4ndern","robots":{"index":"index","follow":"follow","max-snippet":"max-snippet:-1","max-image-preview":"max-image-preview:large","max-video-preview":"max-video-preview:-1"},"canonical":"https:\/\/exceladvisor.org\/de\/text-drehen\/","og_locale":"de_DE","og_type":"article","og_title":"Wie drehe ich Text in Excel? (Textanleitung)","og_description":"In diesem Tutorial erfahren Sie, wie Sie Text in einer Zelle in Excel drehen (Textausrichtung). Das wird sich nicht \u00e4ndern","og_url":"https:\/\/exceladvisor.org\/de\/text-drehen\/","og_site_name":"Excel Advisor","article_modified_time":"2023-12-03T11:14:22+00:00","og_image":[{"url":"https:\/\/exceladvisor.org\/wp-content\/uploads\/2023\/08\/1-faire-pivoter-le-texte-dans-excel.png","type":"","width":"","height":""}],"twitter_card":"summary_large_image","twitter_misc":{"Gesch\u00e4tzte Lesezeit":"3\u00a0Minuten"},"schema":{"@context":"https:\/\/schema.org","@graph":[{"@type":"WebPage","@id":"https:\/\/exceladvisor.org\/de\/text-drehen\/","url":"https:\/\/exceladvisor.org\/de\/text-drehen\/","name":"Wie drehe ich Text in Excel? (Textanleitung)","isPartOf":{"@id":"https:\/\/exceladvisor.org\/de\/#website"},"primaryImageOfPage":{"@id":"https:\/\/exceladvisor.org\/de\/text-drehen\/#primaryimage"},"image":{"@id":"https:\/\/exceladvisor.org\/de\/text-drehen\/#primaryimage"},"thumbnailUrl":"https:\/\/exceladvisor.org\/wp-content\/uploads\/2023\/08\/1-faire-pivoter-le-texte-dans-excel.png","datePublished":"2023-10-30T14:33:49+00:00","dateModified":"2023-12-03T11:14:22+00:00","description":"In diesem Tutorial erfahren Sie, wie Sie Text in einer Zelle in Excel drehen (Textausrichtung). Das wird sich nicht \u00e4ndern","breadcrumb":{"@id":"https:\/\/exceladvisor.org\/de\/text-drehen\/#breadcrumb"},"inLanguage":"de","potentialAction":[{"@type":"ReadAction","target":["https:\/\/exceladvisor.org\/de\/text-drehen\/"]}]},{"@type":"ImageObject","inLanguage":"de","@id":"https:\/\/exceladvisor.org\/de\/text-drehen\/#primaryimage","url":"https:\/\/exceladvisor.org\/wp-content\/uploads\/2023\/08\/1-faire-pivoter-le-texte-dans-excel.png","contentUrl":"https:\/\/exceladvisor.org\/wp-content\/uploads\/2023\/08\/1-faire-pivoter-le-texte-dans-excel.png"},{"@type":"BreadcrumbList","@id":"https:\/\/exceladvisor.org\/de\/text-drehen\/#breadcrumb","itemListElement":[{"@type":"ListItem","position":1,"name":"Accueil","item":"https:\/\/exceladvisor.org\/de\/"},{"@type":"ListItem","position":2,"name":"Wie drehe ich text in excel?"}]},{"@type":"WebSite","@id":"https:\/\/exceladvisor.org\/de\/#website","url":"https:\/\/exceladvisor.org\/de\/","name":"Excel Advisor","description":"Ihr Leitfaden zur Datendominanz","publisher":{"@id":"https:\/\/exceladvisor.org\/de\/#organization"},"potentialAction":[{"@type":"SearchAction","target":{"@type":"EntryPoint","urlTemplate":"https:\/\/exceladvisor.org\/de\/?s={search_term_string}"},"query-input":{"@type":"PropertyValueSpecification","valueRequired":true,"valueName":"search_term_string"}}],"inLanguage":"de"},{"@type":"Organization","@id":"https:\/\/exceladvisor.org\/de\/#organization","name":"Excel Advisor","url":"https:\/\/exceladvisor.org\/de\/","logo":{"@type":"ImageObject","inLanguage":"de","@id":"https:\/\/exceladvisor.org\/de\/#\/schema\/logo\/image\/","url":"https:\/\/exceladvisor.org\/de\/wp-content\/uploads\/2023\/11\/exceladvisor.org_.png","contentUrl":"https:\/\/exceladvisor.org\/de\/wp-content\/uploads\/2023\/11\/exceladvisor.org_.png","width":105,"height":36,"caption":"Excel Advisor"},"image":{"@id":"https:\/\/exceladvisor.org\/de\/#\/schema\/logo\/image\/"}}]}},"yoast_meta":{"yoast_wpseo_title":"","yoast_wpseo_metadesc":"","yoast_wpseo_canonical":""},"_links":{"self":[{"href":"https:\/\/exceladvisor.org\/de\/wp-json\/wp\/v2\/pages\/3360","targetHints":{"allow":["GET"]}}],"collection":[{"href":"https:\/\/exceladvisor.org\/de\/wp-json\/wp\/v2\/pages"}],"about":[{"href":"https:\/\/exceladvisor.org\/de\/wp-json\/wp\/v2\/types\/page"}],"author":[{"embeddable":true,"href":"https:\/\/exceladvisor.org\/de\/wp-json\/wp\/v2\/users\/1"}],"replies":[{"embeddable":true,"href":"https:\/\/exceladvisor.org\/de\/wp-json\/wp\/v2\/comments?post=3360"}],"version-history":[{"count":1,"href":"https:\/\/exceladvisor.org\/de\/wp-json\/wp\/v2\/pages\/3360\/revisions"}],"predecessor-version":[{"id":3904,"href":"https:\/\/exceladvisor.org\/de\/wp-json\/wp\/v2\/pages\/3360\/revisions\/3904"}],"wp:attachment":[{"href":"https:\/\/exceladvisor.org\/de\/wp-json\/wp\/v2\/media?parent=3360"}],"curies":[{"name":"wp","href":"https:\/\/api.w.org\/{rel}","templated":true}]}}