{"id":3361,"date":"2023-10-30T14:22:19","date_gmt":"2023-10-30T14:22:19","guid":{"rendered":"https:\/\/exceladvisor.org\/de\/power-pivot-aktivieren\/"},"modified":"2023-12-03T11:13:32","modified_gmt":"2023-12-03T11:13:32","slug":"power-pivot-aktivieren","status":"publish","type":"page","link":"https:\/\/exceladvisor.org\/de\/power-pivot-aktivieren\/","title":{"rendered":"Wie aktiviere ich power pivot in excel 2010 und 2013?"},"content":{"rendered":"<div class=\"excel-vor-dem-inhalt\" id=\"excel-2184318204\"><script type=\"text\/javascript\">\r\n\tatOptions = {\r\n\t\t'key' : 'c1158f160081d6540a8409e6925dab94',\r\n\t\t'format' : 'iframe',\r\n\t\t'height' : 250,\r\n\t\t'width' : 300,\r\n\t\t'params' : {}\r\n\t};\r\n<\/script>\r\n<script type=\"text\/javascript\" src=\"\/\/www.highperformanceformat.com\/c1158f160081d6540a8409e6925dab94\/invoke.js\"><\/script><\/div> <p>Als ich es zum ersten Mal in Excel 2010 verwendete, stie\u00df ich beim Aktivieren von PowerPivot nur auf ein Problem. In Excel 2010 m\u00fcssen Sie es im Gegensatz zu fr\u00fcheren Versionen von Microsoft Excel zun\u00e4chst aktivieren, bevor Sie es verwenden k\u00f6nnen. Wenn Sie noch Excel 2010 verwenden, ist dieser Artikel genau das Richtige f\u00fcr Sie.<\/p><div class=\"wp-block-image\"><figure class=\"aligncenter\"> <a href=\"https:\/\/exceladvisor.org\/wp-content\/uploads\/2023\/08\/Activer-PowerPivot-dans-Excel-2010-1-1.jpg\" rel=\"attachment wp-att-3660\"><img loading=\"lazy\" decoding=\"async\" class=\"wp-image-3660\" src=\"https:\/\/exceladvisor.org\/wp-content\/uploads\/2023\/08\/Activer-PowerPivot-dans-Excel-2010-1-1.jpg\" sizes=\"auto, \" srcset=\"\" alt=\"So aktivieren Sie PowerPivot in Excel 2010 in einfachen Schritten\" width=\"640\" height=\"250\"><\/a><\/figure><\/div><h2 class=\"wp-block-heading\"> Systemanforderungen zum Aktivieren von Power Pivot in Excel<\/h2><ol><li> Eine Windows-Version von Excel, 32-Bit oder 64-Bit.<\/li><li> Mindestens 1 GB RAM (2 GB von Microsoft empfohlen)<\/li><li> 3,5 GB freier Festplattenspeicher auf Ihrem System.<\/li><\/ol><h2 class=\"wp-block-heading\"> Schritte zum Aktivieren von Power Pivot in Excel 2010\u20132013<\/h2><p> In Microsoft Excel 2010 ist Power Pivot nicht in der Hauptb\u00fcroanwendung enthalten. Sie m\u00fcssen <a href=\"https:\/\/www.microsoft.com\/en-in\/download\/details.aspx?id=102\" target=\"_blank\" rel=\"noreferrer noopener nofollow\">es aus dem Microsoft Download Center herunterladen<\/a> . Nachdem Sie das Paket heruntergeladen haben, befolgen Sie einfach diese einfachen Schritte, um es auf Ihrem System zu installieren.<\/p><ul><li> Installieren Sie PowerPivot einfach von der heruntergeladenen Datei. Die Installation auf Ihrem System dauert 2-3 Minuten.<\/li><\/ul><div class=\"wp-block-image\"><figure class=\"aligncenter\"> <a href=\"https:\/\/exceladvisor.org\/wp-content\/uploads\/2023\/08\/Activer-PowerPivot-dans-Excel-2010-2-1.png\" rel=\"attachment wp-att-3662\"><img loading=\"lazy\" decoding=\"async\" class=\"wp-image-3662\" src=\"https:\/\/exceladvisor.org\/wp-content\/uploads\/2023\/08\/Activer-PowerPivot-dans-Excel-2010-2-1.png\" sizes=\"auto, \" srcset=\"\" alt=\"Starten Sie die Installation, um PowerPivot in Excel 2010 zu aktivieren\" width=\"516\" height=\"394\"><\/a><\/figure><\/div><ul><li> Sobald Sie es installiert haben, starten Sie einfach Excel und Sie erhalten eine neue Registerkarte in Ihrem Excel-Men\u00fcband.<\/li><\/ul><figure class=\"wp-block-image\"> <a href=\"https:\/\/exceladvisor.org\/wp-content\/uploads\/2023\/08\/Activer-PowerPivot-dans-Excel-2010-4-1.png\" rel=\"attachment wp-att-3664\"><img loading=\"lazy\" decoding=\"async\" class=\"wp-image-3664\" src=\"https:\/\/exceladvisor.org\/wp-content\/uploads\/2023\/08\/Activer-PowerPivot-dans-Excel-2010-4-1.png\" sizes=\"auto, \" srcset=\"\" alt=\"Ihre neue Registerkarte zum Aktivieren von PowerPivot in Excel 2010\" width=\"850\" height=\"169\"><\/a><\/figure>","protected":false},"excerpt":{"rendered":"","protected":false},"author":1,"featured_media":0,"parent":0,"menu_order":0,"comment_status":"open","ping_status":"closed","template":"","meta":{"ub_ctt_via":"","footnotes":""},"class_list":["post-3361","page","type-page","status-publish","hentry"],"featured_image_src":null,"yoast_head":"<!-- This site is optimized with the Yoast SEO plugin v25.4 - https:\/\/yoast.com\/wordpress\/plugins\/seo\/ -->\n<title>Wie aktiviere ich Power Pivot in Excel 2010 und 2013?<\/title>\n<meta name=\"description\" content=\"Wenn Sie sich fragen, wie Sie Power Pivot in Excel aktivieren k\u00f6nnen, haben wir hier einige einfache Schritte vorgestellt.\" \/>\n<meta name=\"robots\" content=\"index, follow, max-snippet:-1, max-image-preview:large, max-video-preview:-1\" \/>\n<link rel=\"canonical\" href=\"https:\/\/exceladvisor.org\/de\/power-pivot-aktivieren\/\" \/>\n<meta property=\"og:locale\" content=\"de_DE\" \/>\n<meta property=\"og:type\" content=\"article\" \/>\n<meta property=\"og:title\" content=\"Wie aktiviere ich Power Pivot in Excel 2010 und 2013?\" \/>\n<meta property=\"og:description\" content=\"Wenn Sie sich fragen, wie Sie Power Pivot in Excel aktivieren k\u00f6nnen, haben wir hier einige einfache Schritte vorgestellt.\" \/>\n<meta property=\"og:url\" content=\"https:\/\/exceladvisor.org\/de\/power-pivot-aktivieren\/\" \/>\n<meta property=\"og:site_name\" content=\"Excel Advisor\" \/>\n<meta property=\"article:modified_time\" content=\"2023-12-03T11:13:32+00:00\" \/>\n<meta property=\"og:image\" content=\"https:\/\/exceladvisor.org\/wp-content\/uploads\/2023\/08\/Activer-PowerPivot-dans-Excel-2010-1-1.jpg\" \/>\n<meta name=\"twitter:card\" content=\"summary_large_image\" \/>\n<meta name=\"twitter:label1\" content=\"Gesch\u00e4tzte Lesezeit\" \/>\n\t<meta name=\"twitter:data1\" content=\"1\u00a0Minute\" \/>\n<script type=\"application\/ld+json\" class=\"yoast-schema-graph\">{\"@context\":\"https:\/\/schema.org\",\"@graph\":[{\"@type\":\"WebPage\",\"@id\":\"https:\/\/exceladvisor.org\/de\/power-pivot-aktivieren\/\",\"url\":\"https:\/\/exceladvisor.org\/de\/power-pivot-aktivieren\/\",\"name\":\"Wie aktiviere ich Power Pivot in Excel 2010 und 2013?\",\"isPartOf\":{\"@id\":\"https:\/\/exceladvisor.org\/de\/#website\"},\"primaryImageOfPage\":{\"@id\":\"https:\/\/exceladvisor.org\/de\/power-pivot-aktivieren\/#primaryimage\"},\"image\":{\"@id\":\"https:\/\/exceladvisor.org\/de\/power-pivot-aktivieren\/#primaryimage\"},\"thumbnailUrl\":\"https:\/\/exceladvisor.org\/wp-content\/uploads\/2023\/08\/Activer-PowerPivot-dans-Excel-2010-1-1.jpg\",\"datePublished\":\"2023-10-30T14:22:19+00:00\",\"dateModified\":\"2023-12-03T11:13:32+00:00\",\"description\":\"Wenn Sie sich fragen, wie Sie Power Pivot in Excel aktivieren k\u00f6nnen, haben wir hier einige einfache Schritte vorgestellt.\",\"breadcrumb\":{\"@id\":\"https:\/\/exceladvisor.org\/de\/power-pivot-aktivieren\/#breadcrumb\"},\"inLanguage\":\"de\",\"potentialAction\":[{\"@type\":\"ReadAction\",\"target\":[\"https:\/\/exceladvisor.org\/de\/power-pivot-aktivieren\/\"]}]},{\"@type\":\"ImageObject\",\"inLanguage\":\"de\",\"@id\":\"https:\/\/exceladvisor.org\/de\/power-pivot-aktivieren\/#primaryimage\",\"url\":\"https:\/\/exceladvisor.org\/wp-content\/uploads\/2023\/08\/Activer-PowerPivot-dans-Excel-2010-1-1.jpg\",\"contentUrl\":\"https:\/\/exceladvisor.org\/wp-content\/uploads\/2023\/08\/Activer-PowerPivot-dans-Excel-2010-1-1.jpg\"},{\"@type\":\"BreadcrumbList\",\"@id\":\"https:\/\/exceladvisor.org\/de\/power-pivot-aktivieren\/#breadcrumb\",\"itemListElement\":[{\"@type\":\"ListItem\",\"position\":1,\"name\":\"Accueil\",\"item\":\"https:\/\/exceladvisor.org\/de\/\"},{\"@type\":\"ListItem\",\"position\":2,\"name\":\"Wie aktiviere ich power pivot in excel 2010 und 2013?\"}]},{\"@type\":\"WebSite\",\"@id\":\"https:\/\/exceladvisor.org\/de\/#website\",\"url\":\"https:\/\/exceladvisor.org\/de\/\",\"name\":\"Excel Advisor\",\"description\":\"Ihr Leitfaden zur Datendominanz\",\"publisher\":{\"@id\":\"https:\/\/exceladvisor.org\/de\/#organization\"},\"potentialAction\":[{\"@type\":\"SearchAction\",\"target\":{\"@type\":\"EntryPoint\",\"urlTemplate\":\"https:\/\/exceladvisor.org\/de\/?s={search_term_string}\"},\"query-input\":{\"@type\":\"PropertyValueSpecification\",\"valueRequired\":true,\"valueName\":\"search_term_string\"}}],\"inLanguage\":\"de\"},{\"@type\":\"Organization\",\"@id\":\"https:\/\/exceladvisor.org\/de\/#organization\",\"name\":\"Excel Advisor\",\"url\":\"https:\/\/exceladvisor.org\/de\/\",\"logo\":{\"@type\":\"ImageObject\",\"inLanguage\":\"de\",\"@id\":\"https:\/\/exceladvisor.org\/de\/#\/schema\/logo\/image\/\",\"url\":\"https:\/\/exceladvisor.org\/de\/wp-content\/uploads\/2023\/11\/exceladvisor.org_.png\",\"contentUrl\":\"https:\/\/exceladvisor.org\/de\/wp-content\/uploads\/2023\/11\/exceladvisor.org_.png\",\"width\":105,\"height\":36,\"caption\":\"Excel Advisor\"},\"image\":{\"@id\":\"https:\/\/exceladvisor.org\/de\/#\/schema\/logo\/image\/\"}}]}<\/script>\n<!-- \/ Yoast SEO plugin. -->","yoast_head_json":{"title":"Wie aktiviere ich Power Pivot in Excel 2010 und 2013?","description":"Wenn Sie sich fragen, wie Sie Power Pivot in Excel aktivieren k\u00f6nnen, haben wir hier einige einfache Schritte vorgestellt.","robots":{"index":"index","follow":"follow","max-snippet":"max-snippet:-1","max-image-preview":"max-image-preview:large","max-video-preview":"max-video-preview:-1"},"canonical":"https:\/\/exceladvisor.org\/de\/power-pivot-aktivieren\/","og_locale":"de_DE","og_type":"article","og_title":"Wie aktiviere ich Power Pivot in Excel 2010 und 2013?","og_description":"Wenn Sie sich fragen, wie Sie Power Pivot in Excel aktivieren k\u00f6nnen, haben wir hier einige einfache Schritte vorgestellt.","og_url":"https:\/\/exceladvisor.org\/de\/power-pivot-aktivieren\/","og_site_name":"Excel Advisor","article_modified_time":"2023-12-03T11:13:32+00:00","og_image":[{"url":"https:\/\/exceladvisor.org\/wp-content\/uploads\/2023\/08\/Activer-PowerPivot-dans-Excel-2010-1-1.jpg","type":"","width":"","height":""}],"twitter_card":"summary_large_image","twitter_misc":{"Gesch\u00e4tzte Lesezeit":"1\u00a0Minute"},"schema":{"@context":"https:\/\/schema.org","@graph":[{"@type":"WebPage","@id":"https:\/\/exceladvisor.org\/de\/power-pivot-aktivieren\/","url":"https:\/\/exceladvisor.org\/de\/power-pivot-aktivieren\/","name":"Wie aktiviere ich Power Pivot in Excel 2010 und 2013?","isPartOf":{"@id":"https:\/\/exceladvisor.org\/de\/#website"},"primaryImageOfPage":{"@id":"https:\/\/exceladvisor.org\/de\/power-pivot-aktivieren\/#primaryimage"},"image":{"@id":"https:\/\/exceladvisor.org\/de\/power-pivot-aktivieren\/#primaryimage"},"thumbnailUrl":"https:\/\/exceladvisor.org\/wp-content\/uploads\/2023\/08\/Activer-PowerPivot-dans-Excel-2010-1-1.jpg","datePublished":"2023-10-30T14:22:19+00:00","dateModified":"2023-12-03T11:13:32+00:00","description":"Wenn Sie sich fragen, wie Sie Power Pivot in Excel aktivieren k\u00f6nnen, haben wir hier einige einfache Schritte vorgestellt.","breadcrumb":{"@id":"https:\/\/exceladvisor.org\/de\/power-pivot-aktivieren\/#breadcrumb"},"inLanguage":"de","potentialAction":[{"@type":"ReadAction","target":["https:\/\/exceladvisor.org\/de\/power-pivot-aktivieren\/"]}]},{"@type":"ImageObject","inLanguage":"de","@id":"https:\/\/exceladvisor.org\/de\/power-pivot-aktivieren\/#primaryimage","url":"https:\/\/exceladvisor.org\/wp-content\/uploads\/2023\/08\/Activer-PowerPivot-dans-Excel-2010-1-1.jpg","contentUrl":"https:\/\/exceladvisor.org\/wp-content\/uploads\/2023\/08\/Activer-PowerPivot-dans-Excel-2010-1-1.jpg"},{"@type":"BreadcrumbList","@id":"https:\/\/exceladvisor.org\/de\/power-pivot-aktivieren\/#breadcrumb","itemListElement":[{"@type":"ListItem","position":1,"name":"Accueil","item":"https:\/\/exceladvisor.org\/de\/"},{"@type":"ListItem","position":2,"name":"Wie aktiviere ich power pivot in excel 2010 und 2013?"}]},{"@type":"WebSite","@id":"https:\/\/exceladvisor.org\/de\/#website","url":"https:\/\/exceladvisor.org\/de\/","name":"Excel Advisor","description":"Ihr Leitfaden zur Datendominanz","publisher":{"@id":"https:\/\/exceladvisor.org\/de\/#organization"},"potentialAction":[{"@type":"SearchAction","target":{"@type":"EntryPoint","urlTemplate":"https:\/\/exceladvisor.org\/de\/?s={search_term_string}"},"query-input":{"@type":"PropertyValueSpecification","valueRequired":true,"valueName":"search_term_string"}}],"inLanguage":"de"},{"@type":"Organization","@id":"https:\/\/exceladvisor.org\/de\/#organization","name":"Excel Advisor","url":"https:\/\/exceladvisor.org\/de\/","logo":{"@type":"ImageObject","inLanguage":"de","@id":"https:\/\/exceladvisor.org\/de\/#\/schema\/logo\/image\/","url":"https:\/\/exceladvisor.org\/de\/wp-content\/uploads\/2023\/11\/exceladvisor.org_.png","contentUrl":"https:\/\/exceladvisor.org\/de\/wp-content\/uploads\/2023\/11\/exceladvisor.org_.png","width":105,"height":36,"caption":"Excel Advisor"},"image":{"@id":"https:\/\/exceladvisor.org\/de\/#\/schema\/logo\/image\/"}}]}},"yoast_meta":{"yoast_wpseo_title":"","yoast_wpseo_metadesc":"","yoast_wpseo_canonical":""},"_links":{"self":[{"href":"https:\/\/exceladvisor.org\/de\/wp-json\/wp\/v2\/pages\/3361","targetHints":{"allow":["GET"]}}],"collection":[{"href":"https:\/\/exceladvisor.org\/de\/wp-json\/wp\/v2\/pages"}],"about":[{"href":"https:\/\/exceladvisor.org\/de\/wp-json\/wp\/v2\/types\/page"}],"author":[{"embeddable":true,"href":"https:\/\/exceladvisor.org\/de\/wp-json\/wp\/v2\/users\/1"}],"replies":[{"embeddable":true,"href":"https:\/\/exceladvisor.org\/de\/wp-json\/wp\/v2\/comments?post=3361"}],"version-history":[{"count":1,"href":"https:\/\/exceladvisor.org\/de\/wp-json\/wp\/v2\/pages\/3361\/revisions"}],"predecessor-version":[{"id":3841,"href":"https:\/\/exceladvisor.org\/de\/wp-json\/wp\/v2\/pages\/3361\/revisions\/3841"}],"wp:attachment":[{"href":"https:\/\/exceladvisor.org\/de\/wp-json\/wp\/v2\/media?parent=3361"}],"curies":[{"name":"wp","href":"https:\/\/api.w.org\/{rel}","templated":true}]}}