{"id":3363,"date":"2023-10-30T12:37:34","date_gmt":"2023-10-30T12:37:34","guid":{"rendered":"https:\/\/exceladvisor.org\/de\/fugen-sie-einen-barcode-hinzu\/"},"modified":"2023-12-03T11:21:44","modified_gmt":"2023-12-03T11:21:44","slug":"fugen-sie-einen-barcode-hinzu","status":"publish","type":"page","link":"https:\/\/exceladvisor.org\/de\/fugen-sie-einen-barcode-hinzu\/","title":{"rendered":"Wie installiere ich eine barcode-schriftart in excel?"},"content":{"rendered":"<div class=\"excel-vor-dem-inhalt\" id=\"excel-2681528531\"><script type=\"text\/javascript\">\r\n\tatOptions = {\r\n\t\t'key' : 'c1158f160081d6540a8409e6925dab94',\r\n\t\t'format' : 'iframe',\r\n\t\t'height' : 250,\r\n\t\t'width' : 300,\r\n\t\t'params' : {}\r\n\t};\r\n<\/script>\r\n<script type=\"text\/javascript\" src=\"\/\/www.highperformanceformat.com\/c1158f160081d6540a8409e6925dab94\/invoke.js\"><\/script><\/div> <p>Leute, die <a style=\"outline: none;\" href=\"https:\/\/exceladvisor.org\/de\/vorlage-fur-die-bestandsverwaltung-excel-vba-benutzerformulare\/\" data-wpel-link=\"internal\">Lagerbest\u00e4nde, Verk\u00e4ufe und Eink\u00e4ufe in Excel verfolgen,<\/a> fragen mich oft: \u201eWie generieren wir einen Barcode in Excel?\u201c &#8222;. Nun, in Excel gibt es keine Standardoption zum Generieren eines Barcodes.<\/p><p> Und die schlechte Nachricht ist: Es gibt keine Pl\u00e4ne von Microsoft, eine solche Option hinzuzuf\u00fcgen. Aber hier ist die gute Nachricht: Sie k\u00f6nnen in Excel einen Barcode generieren, indem Sie eine Schriftart installieren. <\/p><p><img loading=\"lazy\" decoding=\"async\" class=\"aligncenter\" src=\"https:\/\/exceladvisor.org\/wp-content\/uploads\/2023\/08\/39-code-a-barres-dans-excel.gif\" sizes=\"auto, \" srcset=\"\" alt=\"39 Barcode in Excel\" width=\"360\" height=\"160\" data-attachment-id=\"14405\"><\/p><p> Deshalb m\u00f6chte ich heute nur f\u00fcr Sie die Methode zum Generieren von Barcodes in Excel anhand von 39 Barcodes vorstellen. Also lasst uns anfangen.<\/p><h2 style=\"margin-bottom: 20px !important; margin-top: 0px !important;\"> Was ist der Code 39?<\/h2><p> Code 39 ist als Code 3 von 9 bekannt, der am h\u00e4ufigsten verwendete Barcode und kann von allen Barcode-Scannern gescannt werden. In diesem Code hat jedes Zeichen 5 Striche und 4 Leerzeichen, insgesamt also 9 Zeichen. Von insgesamt 9 Zeichen sind immer 3 Zeichen breit. Es kann 26 Gro\u00dfbuchstaben, 10 Zahlen und 7 Sonderzeichen kodieren.<\/p><p> <strong>Kurzer Hinweis:<\/strong> Dies ist einer dieser <a style=\"outline: none;\" href=\"https:\/\/exceladvisor.org\/de\/beratung\/\" data-wpil=\"url\">Excel-Tricks<\/a> , mit denen Sie <a style=\"outline: none;\" href=\"https:\/\/exceladvisor.org\/de\/hervorragende-fahigkeiten\/\">grundlegende Excel-Kenntnisse<\/a> verbessern k\u00f6nnen<\/p><h2 style=\"margin-bottom: 20px !important; margin-top: 0px !important;\"> Schritte zum Hinzuf\u00fcgen von Schriftarten\/Generieren von Barcodes in Excel<\/h2><p> Befolgen Sie einfach diese einfachen Schritte.<\/p><ul><li> Zun\u00e4chst m\u00fcssen Sie diese kostenlose Barcode-Schriftart <a href=\"http:\/\/www.idautomation.com\/free-barcode-products\/code39-font\/#Download_Free_Barcode_Font\" target=\"_blank\" rel=\"noopener\" data-tcb-events=\"\">von idautomation<\/a> herunterladen.<\/li><li> Nachdem Sie diese Schriftart heruntergeladen haben, m\u00fcssen Sie sie auf Ihrem System installieren. <\/li><\/ul><p><img loading=\"lazy\" decoding=\"async\" class=\"aligncenter\" src=\"https:\/\/exceladvisor.org\/wp-content\/uploads\/2023\/08\/installer-la-police-de-code-a-barres-dans-Excel.png\" sizes=\"auto, \" srcset=\"\" alt=\"Installieren Sie die Barcode-Schriftart in Excel\" width=\"277\" height=\"73\" data-attachment-id=\"14409\"><\/p><p> Wichtiger Hinweis: Dies ist eine kostenlose Version der Schriftart. Sie d\u00fcrfen es nur f\u00fcr Bildungszwecke verwenden.<\/p><ul><li> W\u00e4hlen Sie nun in Ihrer Tabelle die Zelle aus, in der Sie einen Barcode erstellen m\u00f6chten.<\/li><li> Geben Sie den Wert ein, f\u00fcr den Sie den Barcode erstellen m\u00f6chten.<\/li><li style=\"line-height: 25.5px;\" data-unit=\"px\"> \u00c4ndern Sie einfach den Schriftstil von Ihrem normalen Schriftstil in \u201e <a href=\"http:\/\/www.idautomation.com\/free-barcode-products\/code39-font\/#Download_Free_Barcode_Font\" target=\"_blank\" rel=\"noopener\" data-tcb-events=\"\">IDAutomationHC39M Free Version<\/a> \u201c. <\/li><\/ul><p><img loading=\"lazy\" decoding=\"async\" class=\"aligncenter\" src=\"https:\/\/exceladvisor.org\/wp-content\/uploads\/2023\/08\/changer-la-police-en-code-barres-a-partir-de-la-normale-en-utilisant-les-options-de-formatage-1.png\" sizes=\"auto, \" srcset=\"\" alt=\"\" width=\"531\" height=\"467\" data-attachment-id=\"14411\"><\/p><p> Sobald Sie Ihren Schriftstil \u00e4ndern, wird der Text in einen Barcode umgewandelt.<\/p><p> Dieser Schriftstil wandelt Ihren Text einfach in 3 der 9 Barcodes um. Und Sie k\u00f6nnen es verwenden, wo immer Sie m\u00f6chten.<\/p><h2 style=\"margin-bottom: 20px !important; margin-top: 0px !important;\"> Schritte zum Erstellen eines Barcodes in Word<\/h2><p> Mit den folgenden Schritten k\u00f6nnen Sie auch einen 3&#215;9-Barcode in Word erstellen.<\/p><ul data-unit=\"px\"><li style=\"line-height: 30px;\" data-unit=\"px\"> Sobald Sie die Schriftart in Ihrem System installiert haben, k\u00f6nnen Sie sie von jeder Ihrer Desktop-Anwendungen aus aufrufen.<\/li><li style=\"line-height: 30px;\"> Geben Sie einfach den Text ein, f\u00fcr den Sie einen Code erstellen m\u00f6chten.<\/li><li style=\"line-height: 30px;\"> W\u00e4hlen Sie diesen Text aus und \u00e4ndern Sie den Schriftstil in \u201eIDAutomationHC39M Free Version\u201c.<\/li><\/ul><h2 style=\"margin-bottom: 20px !important; margin-top: 0px !important;\"> Abschluss<\/h2><p> Das ist die ganze Geschichte des Barcodes. Und Sie wissen, dass dies eine der einfachsten M\u00f6glichkeiten ist, einen Barcode in Excel\/Word zu erstellen.\u200b<\/p><p> Sie k\u00f6nnen diese Barcodes generieren und drucken und auch eine separate Vorlage daf\u00fcr erstellen. Ich hoffe, dass dieser Tipp Ihnen dabei hilft <a style=\"outline: none;\" href=\"https:\/\/exceladvisor.org\/de\/vorlage-fur-die-bestandsverwaltung-excel-vba-benutzerformulare\/\">, Ihr Inventar effektiv zu verfolgen<\/a> .<\/p>","protected":false},"excerpt":{"rendered":"","protected":false},"author":1,"featured_media":0,"parent":0,"menu_order":0,"comment_status":"open","ping_status":"closed","template":"","meta":{"ub_ctt_via":"","footnotes":""},"class_list":["post-3363","page","type-page","status-publish","hentry"],"featured_image_src":null,"yoast_head":"<!-- This site is optimized with the Yoast SEO plugin v25.4 - https:\/\/yoast.com\/wordpress\/plugins\/seo\/ -->\n<title>Wie installiere ich eine Barcode-Schriftart in Excel oder Word?<\/title>\n<meta name=\"description\" content=\"Nun, in Excel gibt es keine Standardoption zum Generieren eines Barcodes. Aber Sie k\u00f6nnen es generieren, indem Sie eine Schriftart installieren ...\" \/>\n<meta name=\"robots\" content=\"index, follow, max-snippet:-1, max-image-preview:large, max-video-preview:-1\" \/>\n<link rel=\"canonical\" href=\"https:\/\/exceladvisor.org\/de\/fugen-sie-einen-barcode-hinzu\/\" \/>\n<meta property=\"og:locale\" content=\"de_DE\" \/>\n<meta property=\"og:type\" content=\"article\" \/>\n<meta property=\"og:title\" content=\"Wie installiere ich eine Barcode-Schriftart in Excel oder Word?\" \/>\n<meta property=\"og:description\" content=\"Nun, in Excel gibt es keine Standardoption zum Generieren eines Barcodes. Aber Sie k\u00f6nnen es generieren, indem Sie eine Schriftart installieren ...\" \/>\n<meta property=\"og:url\" content=\"https:\/\/exceladvisor.org\/de\/fugen-sie-einen-barcode-hinzu\/\" \/>\n<meta property=\"og:site_name\" content=\"Excel Advisor\" \/>\n<meta property=\"article:modified_time\" content=\"2023-12-03T11:21:44+00:00\" \/>\n<meta property=\"og:image\" content=\"https:\/\/exceladvisor.org\/wp-content\/uploads\/2023\/08\/39-code-a-barres-dans-excel.gif\" \/>\n<meta name=\"twitter:card\" content=\"summary_large_image\" \/>\n<meta name=\"twitter:label1\" content=\"Gesch\u00e4tzte Lesezeit\" \/>\n\t<meta name=\"twitter:data1\" content=\"2\u00a0Minuten\" \/>\n<script type=\"application\/ld+json\" class=\"yoast-schema-graph\">{\"@context\":\"https:\/\/schema.org\",\"@graph\":[{\"@type\":\"WebPage\",\"@id\":\"https:\/\/exceladvisor.org\/de\/fugen-sie-einen-barcode-hinzu\/\",\"url\":\"https:\/\/exceladvisor.org\/de\/fugen-sie-einen-barcode-hinzu\/\",\"name\":\"Wie installiere ich eine Barcode-Schriftart in Excel oder Word?\",\"isPartOf\":{\"@id\":\"https:\/\/exceladvisor.org\/de\/#website\"},\"primaryImageOfPage\":{\"@id\":\"https:\/\/exceladvisor.org\/de\/fugen-sie-einen-barcode-hinzu\/#primaryimage\"},\"image\":{\"@id\":\"https:\/\/exceladvisor.org\/de\/fugen-sie-einen-barcode-hinzu\/#primaryimage\"},\"thumbnailUrl\":\"https:\/\/exceladvisor.org\/wp-content\/uploads\/2023\/08\/39-code-a-barres-dans-excel.gif\",\"datePublished\":\"2023-10-30T12:37:34+00:00\",\"dateModified\":\"2023-12-03T11:21:44+00:00\",\"description\":\"Nun, in Excel gibt es keine Standardoption zum Generieren eines Barcodes. Aber Sie k\u00f6nnen es generieren, indem Sie eine Schriftart installieren ...\",\"breadcrumb\":{\"@id\":\"https:\/\/exceladvisor.org\/de\/fugen-sie-einen-barcode-hinzu\/#breadcrumb\"},\"inLanguage\":\"de\",\"potentialAction\":[{\"@type\":\"ReadAction\",\"target\":[\"https:\/\/exceladvisor.org\/de\/fugen-sie-einen-barcode-hinzu\/\"]}]},{\"@type\":\"ImageObject\",\"inLanguage\":\"de\",\"@id\":\"https:\/\/exceladvisor.org\/de\/fugen-sie-einen-barcode-hinzu\/#primaryimage\",\"url\":\"https:\/\/exceladvisor.org\/wp-content\/uploads\/2023\/08\/39-code-a-barres-dans-excel.gif\",\"contentUrl\":\"https:\/\/exceladvisor.org\/wp-content\/uploads\/2023\/08\/39-code-a-barres-dans-excel.gif\"},{\"@type\":\"BreadcrumbList\",\"@id\":\"https:\/\/exceladvisor.org\/de\/fugen-sie-einen-barcode-hinzu\/#breadcrumb\",\"itemListElement\":[{\"@type\":\"ListItem\",\"position\":1,\"name\":\"Accueil\",\"item\":\"https:\/\/exceladvisor.org\/de\/\"},{\"@type\":\"ListItem\",\"position\":2,\"name\":\"Wie installiere ich eine barcode-schriftart in excel?\"}]},{\"@type\":\"WebSite\",\"@id\":\"https:\/\/exceladvisor.org\/de\/#website\",\"url\":\"https:\/\/exceladvisor.org\/de\/\",\"name\":\"Excel Advisor\",\"description\":\"Ihr Leitfaden zur Datendominanz\",\"publisher\":{\"@id\":\"https:\/\/exceladvisor.org\/de\/#organization\"},\"potentialAction\":[{\"@type\":\"SearchAction\",\"target\":{\"@type\":\"EntryPoint\",\"urlTemplate\":\"https:\/\/exceladvisor.org\/de\/?s={search_term_string}\"},\"query-input\":{\"@type\":\"PropertyValueSpecification\",\"valueRequired\":true,\"valueName\":\"search_term_string\"}}],\"inLanguage\":\"de\"},{\"@type\":\"Organization\",\"@id\":\"https:\/\/exceladvisor.org\/de\/#organization\",\"name\":\"Excel Advisor\",\"url\":\"https:\/\/exceladvisor.org\/de\/\",\"logo\":{\"@type\":\"ImageObject\",\"inLanguage\":\"de\",\"@id\":\"https:\/\/exceladvisor.org\/de\/#\/schema\/logo\/image\/\",\"url\":\"https:\/\/exceladvisor.org\/de\/wp-content\/uploads\/2023\/11\/exceladvisor.org_.png\",\"contentUrl\":\"https:\/\/exceladvisor.org\/de\/wp-content\/uploads\/2023\/11\/exceladvisor.org_.png\",\"width\":105,\"height\":36,\"caption\":\"Excel Advisor\"},\"image\":{\"@id\":\"https:\/\/exceladvisor.org\/de\/#\/schema\/logo\/image\/\"}}]}<\/script>\n<!-- \/ Yoast SEO plugin. -->","yoast_head_json":{"title":"Wie installiere ich eine Barcode-Schriftart in Excel oder Word?","description":"Nun, in Excel gibt es keine Standardoption zum Generieren eines Barcodes. Aber Sie k\u00f6nnen es generieren, indem Sie eine Schriftart installieren ...","robots":{"index":"index","follow":"follow","max-snippet":"max-snippet:-1","max-image-preview":"max-image-preview:large","max-video-preview":"max-video-preview:-1"},"canonical":"https:\/\/exceladvisor.org\/de\/fugen-sie-einen-barcode-hinzu\/","og_locale":"de_DE","og_type":"article","og_title":"Wie installiere ich eine Barcode-Schriftart in Excel oder Word?","og_description":"Nun, in Excel gibt es keine Standardoption zum Generieren eines Barcodes. Aber Sie k\u00f6nnen es generieren, indem Sie eine Schriftart installieren ...","og_url":"https:\/\/exceladvisor.org\/de\/fugen-sie-einen-barcode-hinzu\/","og_site_name":"Excel Advisor","article_modified_time":"2023-12-03T11:21:44+00:00","og_image":[{"url":"https:\/\/exceladvisor.org\/wp-content\/uploads\/2023\/08\/39-code-a-barres-dans-excel.gif","type":"","width":"","height":""}],"twitter_card":"summary_large_image","twitter_misc":{"Gesch\u00e4tzte Lesezeit":"2\u00a0Minuten"},"schema":{"@context":"https:\/\/schema.org","@graph":[{"@type":"WebPage","@id":"https:\/\/exceladvisor.org\/de\/fugen-sie-einen-barcode-hinzu\/","url":"https:\/\/exceladvisor.org\/de\/fugen-sie-einen-barcode-hinzu\/","name":"Wie installiere ich eine Barcode-Schriftart in Excel oder Word?","isPartOf":{"@id":"https:\/\/exceladvisor.org\/de\/#website"},"primaryImageOfPage":{"@id":"https:\/\/exceladvisor.org\/de\/fugen-sie-einen-barcode-hinzu\/#primaryimage"},"image":{"@id":"https:\/\/exceladvisor.org\/de\/fugen-sie-einen-barcode-hinzu\/#primaryimage"},"thumbnailUrl":"https:\/\/exceladvisor.org\/wp-content\/uploads\/2023\/08\/39-code-a-barres-dans-excel.gif","datePublished":"2023-10-30T12:37:34+00:00","dateModified":"2023-12-03T11:21:44+00:00","description":"Nun, in Excel gibt es keine Standardoption zum Generieren eines Barcodes. Aber Sie k\u00f6nnen es generieren, indem Sie eine Schriftart installieren ...","breadcrumb":{"@id":"https:\/\/exceladvisor.org\/de\/fugen-sie-einen-barcode-hinzu\/#breadcrumb"},"inLanguage":"de","potentialAction":[{"@type":"ReadAction","target":["https:\/\/exceladvisor.org\/de\/fugen-sie-einen-barcode-hinzu\/"]}]},{"@type":"ImageObject","inLanguage":"de","@id":"https:\/\/exceladvisor.org\/de\/fugen-sie-einen-barcode-hinzu\/#primaryimage","url":"https:\/\/exceladvisor.org\/wp-content\/uploads\/2023\/08\/39-code-a-barres-dans-excel.gif","contentUrl":"https:\/\/exceladvisor.org\/wp-content\/uploads\/2023\/08\/39-code-a-barres-dans-excel.gif"},{"@type":"BreadcrumbList","@id":"https:\/\/exceladvisor.org\/de\/fugen-sie-einen-barcode-hinzu\/#breadcrumb","itemListElement":[{"@type":"ListItem","position":1,"name":"Accueil","item":"https:\/\/exceladvisor.org\/de\/"},{"@type":"ListItem","position":2,"name":"Wie installiere ich eine barcode-schriftart in excel?"}]},{"@type":"WebSite","@id":"https:\/\/exceladvisor.org\/de\/#website","url":"https:\/\/exceladvisor.org\/de\/","name":"Excel Advisor","description":"Ihr Leitfaden zur Datendominanz","publisher":{"@id":"https:\/\/exceladvisor.org\/de\/#organization"},"potentialAction":[{"@type":"SearchAction","target":{"@type":"EntryPoint","urlTemplate":"https:\/\/exceladvisor.org\/de\/?s={search_term_string}"},"query-input":{"@type":"PropertyValueSpecification","valueRequired":true,"valueName":"search_term_string"}}],"inLanguage":"de"},{"@type":"Organization","@id":"https:\/\/exceladvisor.org\/de\/#organization","name":"Excel Advisor","url":"https:\/\/exceladvisor.org\/de\/","logo":{"@type":"ImageObject","inLanguage":"de","@id":"https:\/\/exceladvisor.org\/de\/#\/schema\/logo\/image\/","url":"https:\/\/exceladvisor.org\/de\/wp-content\/uploads\/2023\/11\/exceladvisor.org_.png","contentUrl":"https:\/\/exceladvisor.org\/de\/wp-content\/uploads\/2023\/11\/exceladvisor.org_.png","width":105,"height":36,"caption":"Excel Advisor"},"image":{"@id":"https:\/\/exceladvisor.org\/de\/#\/schema\/logo\/image\/"}}]}},"yoast_meta":{"yoast_wpseo_title":"","yoast_wpseo_metadesc":"","yoast_wpseo_canonical":""},"_links":{"self":[{"href":"https:\/\/exceladvisor.org\/de\/wp-json\/wp\/v2\/pages\/3363","targetHints":{"allow":["GET"]}}],"collection":[{"href":"https:\/\/exceladvisor.org\/de\/wp-json\/wp\/v2\/pages"}],"about":[{"href":"https:\/\/exceladvisor.org\/de\/wp-json\/wp\/v2\/types\/page"}],"author":[{"embeddable":true,"href":"https:\/\/exceladvisor.org\/de\/wp-json\/wp\/v2\/users\/1"}],"replies":[{"embeddable":true,"href":"https:\/\/exceladvisor.org\/de\/wp-json\/wp\/v2\/comments?post=3363"}],"version-history":[{"count":1,"href":"https:\/\/exceladvisor.org\/de\/wp-json\/wp\/v2\/pages\/3363\/revisions"}],"predecessor-version":[{"id":4081,"href":"https:\/\/exceladvisor.org\/de\/wp-json\/wp\/v2\/pages\/3363\/revisions\/4081"}],"wp:attachment":[{"href":"https:\/\/exceladvisor.org\/de\/wp-json\/wp\/v2\/media?parent=3363"}],"curies":[{"name":"wp","href":"https:\/\/api.w.org\/{rel}","templated":true}]}}