{"id":3364,"date":"2023-10-30T12:21:52","date_gmt":"2023-10-30T12:21:52","guid":{"rendered":"https:\/\/exceladvisor.org\/de\/schnelles-analysetool\/"},"modified":"2023-12-03T13:05:45","modified_gmt":"2023-12-03T13:05:45","slug":"schnelles-analysetool","status":"publish","type":"page","link":"https:\/\/exceladvisor.org\/de\/schnelles-analysetool\/","title":{"rendered":"Wie verwende ich das schnellanalyse-tool in excel?"},"content":{"rendered":"<div class=\"excel-vor-dem-inhalt\" id=\"excel-3621893459\"><script type=\"text\/javascript\">\r\n\tatOptions = {\r\n\t\t'key' : 'c1158f160081d6540a8409e6925dab94',\r\n\t\t'format' : 'iframe',\r\n\t\t'height' : 250,\r\n\t\t'width' : 300,\r\n\t\t'params' : {}\r\n\t};\r\n<\/script>\r\n<script type=\"text\/javascript\" src=\"\/\/www.highperformanceformat.com\/c1158f160081d6540a8409e6925dab94\/invoke.js\"><\/script><\/div> <h2 class=\"wp-block-heading\">Was ist das Quick Scan Tool?<\/h2><p> Das QUICK ANALYSIS TOOL besteht aus einer Reihe <strong>kuratierter Optionen, mit denen Sie Daten schnell analysieren k\u00f6nnen<\/strong> . Es umfasst bedingte Formatierung, Diagramme, Pivot-Tabelle und Sparklines. Es unterst\u00fctzt auch den von Ihnen ausgew\u00e4hlten Datentyp (Text, Datum oder Zahlen) und zeigt Ihnen darauf basierende Optionen an. <\/p><div class=\"wp-block-image\"><figure class=\"aligncenter size-large is-resized\"><img loading=\"lazy\" decoding=\"async\" class=\"wp-image-49509\" src=\"https:\/\/exceladvisor.org\/wp-content\/uploads\/2023\/08\/1-collection-doutils-danalyse-rapide.png\" sizes=\"auto, \" srcset=\"\" alt=\"Sammlung von Schnellanalysetools\" width=\"551\" height=\"213\"><\/figure><\/div><p> Das Schnellanalysetool wurde mit Excel 2013 eingef\u00fchrt. Wenn Sie also Excel 2010 oder niedriger verwenden, k\u00f6nnen Sie diese Option nicht finden. Die meisten Optionen des Schnellscan-Tools sind fest vorgegeben, aber nur wenige davon basieren auf dem ausgew\u00e4hlten Datentyp.<\/p><p> Auf der Registerkarte \u201eBedingte Formatierung\u201c stehen Ihnen beispielsweise bei der Auswahl von Daten verschiedene Optionen zur Verf\u00fcgung, wenn Sie numerische Daten ausw\u00e4hlen. Wenn Sie mit der Maus \u00fcber eine Option im Quick Scan-Tool fahren, wird eine Vorschau der ausgew\u00e4hlten Daten angezeigt.<\/p><h2 class=\"wp-block-heading\"> Position des Schnellanalysetools im Excel-Men\u00fcband<\/h2><p> Die Schaltfl\u00e4che zum \u00d6ffnen des Schnellanalysetools <strong>ist nirgendwo im Excel-Men\u00fcband aufgef\u00fchrt<\/strong> . Wenn Sie die Daten ausw\u00e4hlen, <strong>zeigt Ihnen Excel unten rechts ein kleines Symbol an<\/strong> . Wenn Sie auf dieses Symbol klicken, wird das Schnellanalysetool ge\u00f6ffnet. <\/p><div class=\"wp-block-image\"><figure class=\"aligncenter size-large is-resized\"><img loading=\"lazy\" decoding=\"async\" class=\"wp-image-49510\" src=\"https:\/\/exceladvisor.org\/wp-content\/uploads\/2023\/08\/2-emplacement-de-loutil-danalyse-rapide.png\" sizes=\"auto, \" srcset=\"\" alt=\"Schneller Standort des Scan-Tools\" width=\"511\" height=\"173\"><\/figure><\/div><p class=\"content-box-blue\"> <em>Das Schnellanalyse-Tool befindet sich in unserer Liste der <a href=\"https:\/\/exceladvisor.org\/de\/hervorragende-fahigkeiten\/\"><strong>fortgeschrittenen Excel-Kenntnisse<\/strong><\/a> .<\/em><\/p><h2 class=\"wp-block-heading\"> Aber ich kann die Schaltfl\u00e4che f\u00fcr den Schnellscan nicht sehen<\/h2><p> Wenn Sie beim Ausw\u00e4hlen der Daten keine Schnellscan-Schaltfl\u00e4che sehen (sehr unwahrscheinlich), sollten Sie pr\u00fcfen, ob sie in den Optionen deaktiviert ist. Gehen Sie zur Registerkarte Datei \u279c Optionen \u279c Allgemein \u279c H\u00e4kchen (Schnellscan-Optionen bei Auswahl anzeigen) <\/p><div class=\"wp-block-image\"><figure class=\"aligncenter size-large is-resized\"><img loading=\"lazy\" decoding=\"async\" class=\"wp-image-49511\" src=\"https:\/\/exceladvisor.org\/wp-content\/uploads\/2023\/08\/3-verifier-sil-est-desactive.png\" sizes=\"auto, \" srcset=\"\" alt=\"\u00dcberpr\u00fcfen Sie, ob es deaktiviert ist\" width=\"546\" height=\"272\"><\/figure><\/div><p> Wie gesagt, es wurde in Excel 2013 eingef\u00fchrt; Wenn Sie eine niedrigere Version verwenden, m\u00fcssen Sie auf die neueste Version aktualisieren.<\/p><h2 class=\"wp-block-heading\"> Tastenkombination zum \u00d6ffnen des Schnell-Scan-Tools<\/h2><p> Ja, es gibt eine Tastenkombination zum \u00d6ffnen des Schnellscan-Tools.<\/p><p> <kbd>Strg<\/kbd> + <kbd>Q<\/kbd><\/p><p> Sie m\u00fcssen die Daten ausw\u00e4hlen und dann diese Tastenkombination dr\u00fccken.<\/p><p> <a href=\"https:\/\/exceladvisor.org\/de\/tastaturkurzel\/\"><strong>Spickzettel f\u00fcr Excel-Tastaturk\u00fcrzel<\/strong><\/a><\/p><p> Hier ist ein weiterer Vorteil. Wenn ein Schnellanalysetool in den Excel-Optionen deaktiviert ist, k\u00f6nnen Sie es trotzdem \u00fcber die Tastenkombination \u00f6ffnen. Sie k\u00f6nnen die Schnellscan-Schaltfl\u00e4che auch \u00fcber das Kontextmen\u00fc aktivieren. <\/p><div class=\"wp-block-image\"><figure class=\"aligncenter size-large is-resized\"><img loading=\"lazy\" decoding=\"async\" class=\"wp-image-49512\" src=\"https:\/\/exceladvisor.org\/wp-content\/uploads\/2023\/08\/4-raccourci-clavier-pour-ouvrir-loutil-danalyse-rapide.png\" sizes=\"auto, \" srcset=\"\" alt=\"Tastenkombination zum \u00d6ffnen des Quick-Scan-Tools\" width=\"214\" height=\"220\"><\/figure><\/div><h2 class=\"wp-block-heading\"> So verwenden Sie das Schnell-Scan-Tool<\/h2><ol><li> W\u00e4hlen Sie zun\u00e4chst die Daten aus, die Sie analysieren m\u00f6chten.<\/li><li> Klicken Sie unten rechts auf die Schaltfl\u00e4che \u201eSchnellscan\u201c.<\/li><li> Navigieren Sie zu der Registerkarte, von der aus Sie die Option verwenden m\u00f6chten.<\/li><li> Klicken Sie auf die Option, die Sie verwenden m\u00f6chten.<\/li><\/ol><h2 class=\"wp-block-heading\"> Kommentare<\/h2><ol><li> Excel zeigt Ihnen die Schnellscan-Schaltfl\u00e4che nicht an, wenn Sie leere Zellen ausw\u00e4hlen.<\/li><li> Und unabh\u00e4ngig davon, ob Sie die gesamte Spalte oder eine Zeile ausgew\u00e4hlt haben.<\/li><\/ol><h2 class=\"wp-block-heading\"> So verwenden Sie das Quick Scan Tool f\u00fcr die Datenanalyse \u2013 Tipps<\/h2><h3 class=\"wp-block-heading\"> 1. Erstellen Sie schnell Datenbalken<\/h3><p> Diese Option ist n\u00fctzlich, wenn Sie mit numerischen Daten arbeiten (Datenbalken mit bedingter Formatierung). <\/p><div class=\"wp-block-image\"><figure class=\"aligncenter size-large is-resized\"><img loading=\"lazy\" decoding=\"async\" class=\"wp-image-49513\" src=\"https:\/\/exceladvisor.org\/wp-content\/uploads\/2023\/08\/5-creer-rapidement-des-barres-de-donnees.png\" sizes=\"auto, \" srcset=\"\" alt=\"Schnell-Datenleisten erstellen\" width=\"469\" height=\"424\"><\/figure><\/div><p> Sie m\u00fcssen auf die Schaltfl\u00e4che \u201eSchnellanalyse\u201c und die Registerkarte \u201eFormatierung\u201c klicken und dann die Option \u201eDatenbalken\u201c ausw\u00e4hlen. Den ausgew\u00e4hlten Daten werden sofort durchgezogene (blaue) Datenbalken hinzugef\u00fcgt. Es geht schnell, oder?<\/p><p> Und wenn Sie die Farbe \u00e4ndern oder andere Anpassungen vornehmen m\u00f6chten, gehen Sie zur Registerkarte \u201eStartseite\u201c \u279c Stile \u279c Bedingte Formatierung \u279c Regeln verwalten. <\/p><div class=\"wp-block-image\"><figure class=\"aligncenter size-large is-resized\"><img loading=\"lazy\" decoding=\"async\" class=\"wp-image-49514\" src=\"https:\/\/exceladvisor.org\/wp-content\/uploads\/2023\/08\/6-changer-la-couleur-et-vouloir-faire-dautres-personnalisations.png\" sizes=\"auto, \" srcset=\"\" alt=\"die Farbe \u00e4ndern und weitere Anpassungen vornehmen m\u00f6chten\" width=\"224\" height=\"444\"><\/figure><\/div><p> <em>Verwandte Themen: <a href=\"https:\/\/exceladvisor.org\/de\/formeln-1\/\" data-wpil=\"url\">Formeln in der bedingten Formatierung<\/a><\/em><\/p><h3 class=\"wp-block-heading\"> 2. Analysieren Sie Daten mit dem Schnellanalysetool<\/h3><p> Wenn Ihre Daten Datumsangaben enthalten, k\u00f6nnen Sie diese mit dem Schnellanalysetool schnell analysieren. Wenn Sie es \u00f6ffnen, werden Ihnen einige schnelle bedingte Formatierungsoptionen zum Analysieren von Datumsangaben angezeigt. <\/p><div class=\"wp-block-image\"><figure class=\"aligncenter size-large is-resized\"><img loading=\"lazy\" decoding=\"async\" class=\"wp-image-49515\" src=\"https:\/\/exceladvisor.org\/wp-content\/uploads\/2023\/08\/7-analyser-les-dates-avec-une-analyse-rapide.png\" sizes=\"auto, \" srcset=\"\" alt=\"Analysieren-Daten-mit-Schnellscan\" width=\"389\" height=\"393\"><\/figure><\/div><ul><li> <strong>Letzter Monat<\/strong> : Mit dieser Option k\u00f6nnen Sie alle Daten markieren, die aus dem Vormonat stammen.<\/li><li> <strong>Letzte Woche<\/strong> : Um alle Daten der vorherigen Woche hervorzuheben.<\/li><li> <strong>Gr\u00f6\u00dfer als<\/strong> : Markiert alle Daten, die nach dem von Ihnen angegebenen Datum liegen.<\/li><li> <strong>Kleiner als<\/strong> : Markiert alle Daten, die vor dem angegebenen Datum liegen.<\/li><li> <strong>Gleich:<\/strong> Markiert alle Daten, die mit dem von Ihnen angegebenen Datum \u00fcbereinstimmen.<\/li><\/ul><h3 class=\"wp-block-heading\"> 3. Erstellen Sie eine PivotTable mit dem Schnellanalysetool<\/h3><p> Wenn Sie auf die Schaltfl\u00e4che \u201eSchnellscan\u201c klicken und zur Registerkarte \u201eTabellen\u201c wechseln, werden Ihnen Optionen zum Einf\u00fcgen einer Pivot-Tabelle angezeigt. <\/p><div class=\"wp-block-image\"><figure class=\"aligncenter size-large is-resized\"><img loading=\"lazy\" decoding=\"async\" class=\"wp-image-49516\" src=\"https:\/\/exceladvisor.org\/wp-content\/uploads\/2023\/08\/8-creer-un-tableau-croise-dynamique-avec-une-analyse-rapide.png\" sizes=\"auto, \" srcset=\"\" alt=\"8-Erstellen-ein-Pivot-Diagramm-mit-Schnellanalyse\" width=\"427\" height=\"165\"><\/figure><\/div><p> Basierend auf den von Ihnen ausgew\u00e4hlten Daten; Es zeigt Ihnen alle M\u00f6glichkeiten zum Erstellen einer Pivot-Tabelle. Wenn Sie den Empfehlungen nicht folgen m\u00f6chten, k\u00f6nnen Sie auf die Schaltfl\u00e4che \u201eMehr\u201c klicken, die empfohlenen Pivot-Tabellen \u00f6ffnen und auf die leere Pivot-Tabelle klicken, um ein Pivot von Grund auf zu erstellen. <\/p><div class=\"wp-block-image\"><figure class=\"aligncenter size-large is-resized\"><img loading=\"lazy\" decoding=\"async\" class=\"wp-image-49517\" src=\"https:\/\/exceladvisor.org\/wp-content\/uploads\/2023\/08\/9-tableau-croise-dynamique-vierge-pour-creer-un-pivot-a-partir-de-zero.png\" sizes=\"auto, \" srcset=\"\" alt=\"Leere Pivot-Tabelle, um einen Pivot von Grund auf zu erstellen\" width=\"585\" height=\"194\"><\/figure><\/div><p> <em>Verwandte Themen: <a href=\"https:\/\/exceladvisor.org\/de\/pivot-tisch\/\">Erweiterte Pivot-Tabellen<\/a><\/em><\/p><h3 class=\"wp-block-heading\"> 4. Erstellen Sie Diagramme in Zellen mit glitzernden Linien<\/h3><p> Sie k\u00f6nnen mithilfe von Sparklines ein Diagramm in die Zelle einf\u00fcgen und mithilfe des Schnellanalysetools schnell Sparklines hinzuf\u00fcgen.<\/p><ul><li> W\u00e4hlen Sie die Daten aus, zu denen Sie die Sparklines hinzuf\u00fcgen m\u00f6chten, und klicken Sie auf die Schaltfl\u00e4che \u201eSchnellanalyse\u201c. <\/li><\/ul><div class=\"wp-block-image\"><figure class=\"aligncenter size-large is-resized\"><img loading=\"lazy\" decoding=\"async\" class=\"wp-image-49518\" src=\"https:\/\/exceladvisor.org\/wp-content\/uploads\/2023\/08\/10-creer-des-graphiques-de-cellules-avec-des-lignes-sparklines.png\" sizes=\"auto, \" srcset=\"\" alt=\"Erstellen Sie grafische Zellen mit Sparklines\" width=\"575\" height=\"121\"><\/figure><\/div><ul><li> Gehen Sie zur Registerkarte \u201eSparklines\u201c und w\u00e4hlen Sie den Sparkline-Typ aus, den Sie einf\u00fcgen m\u00f6chten. <\/li><\/ul><div class=\"wp-block-image\"><figure class=\"aligncenter size-large is-resized\"><img loading=\"lazy\" decoding=\"async\" class=\"wp-image-49519\" src=\"https:\/\/exceladvisor.org\/wp-content\/uploads\/2023\/08\/11-selectionner-le-type-de-sparkline.png\" sizes=\"auto, \" srcset=\"\" alt=\"Select-Sparkline-Typ\" width=\"577\" height=\"117\"><\/figure><\/div><p> Sie erhalten sofort die Sparklines in den Zellen, die den von Ihnen ausgew\u00e4hlten Daten entsprechen.<\/p><h3 class=\"wp-block-heading\"> 5. F\u00fcgen Sie schnell Gesamtsummen hinzu<\/h3><p> Auf der Registerkarte \u201eSummen\u201c haben Sie mehrere M\u00f6glichkeiten, Summen hinzuzuf\u00fcgen, au\u00dferdem stehen Ihnen Optionen f\u00fcr Spalten und Zeilen zur Verf\u00fcgung. <\/p><div class=\"wp-block-image\"><figure class=\"aligncenter size-large is-resized\"><img loading=\"lazy\" decoding=\"async\" class=\"wp-image-49520\" src=\"https:\/\/exceladvisor.org\/wp-content\/uploads\/2023\/08\/12-additionner-rapidement-les-totaux-generaux.png\" sizes=\"auto, \" srcset=\"\" alt=\"F\u00fcgen Sie schnell Gesamtsummen hinzu\" width=\"487\" height=\"291\"><\/figure><\/div><ol><li> <strong>Summe<\/strong> : um eine Gesamtzeile oder -spalte zur Tabelle hinzuzuf\u00fcgen.<\/li><li> <strong>Durchschnitt<\/strong> : Zum Hinzuf\u00fcgen einer durchschnittlichen Zeile oder Spalte zur Tabelle.<\/li><li> <strong>Anzahl<\/strong> : Zum Hinzuf\u00fcgen einer durchschnittlichen Zeile oder Spalte zur Tabelle.<\/li><li> <strong>% Total<\/strong> : Zum Hinzuf\u00fcgen einer % Total-Zeile oder -Spalte zur Tabelle.<\/li><li> <strong>Laufende Summe<\/strong> : Zum Hinzuf\u00fcgen einer laufenden Summenzeile oder -spalte zur Tabelle.<\/li><\/ol><h3 class=\"wp-block-heading\"> 6. Markieren Sie eindeutige und doppelte Werte<\/h3><p> Wenn Sie Textdaten ausw\u00e4hlen, haben Sie die M\u00f6glichkeit, eindeutige und doppelte Werte zu identifizieren. <\/p><div class=\"wp-block-image\"><figure class=\"aligncenter size-large is-resized\"><img loading=\"lazy\" decoding=\"async\" class=\"wp-image-49521\" src=\"https:\/\/exceladvisor.org\/wp-content\/uploads\/2023\/08\/13-mettre-en-evidence-les-valeurs-uniques-et-en-double.png\" sizes=\"auto, \" srcset=\"\" alt=\"Heben Sie eindeutige und doppelte Werte hervor\" width=\"494\" height=\"351\"><\/figure><\/div><p> Sobald Sie auf eine dieser beiden Optionen klicken, werden Zellen mit eindeutigen oder doppelten Werten rot hervorgehoben.<\/p><div class=\"gb-container gb-container-4db6181c gb-container-mt\"> <a class=\"gb-button gb-button-c5897111 gb-button-text gb-button-mt-button\" href=\"https:\/\/exceladvisor.org\/de\/excel-fortschritt\/\">Erweiterte Excel-Tutorials<\/a><h2 class=\"gb-headline gb-headline-665e5f6b gb-headline-text gb-headline-mt-heading\"> Verwandte Tutorials <\/h2><div class=\"gb-grid-wrapper gb-grid-wrapper-a20baf7c gb-grid-wrapper-mt-grid\"><div class=\"gb-grid-column gb-grid-column-65ddf67e\"><div class=\"gb-container gb-container-65ddf67e\"><ul><li> <a href=\"https:\/\/exceladvisor.org\/de\/mehrere-filter-anwenden\/\">Wenden Sie mehrere Filter auf Spalten an<\/a><\/li><li> <a href=\"https:\/\/exceladvisor.org\/de\/markieren-sie-die-oberen-und-unteren-werte\/\">Markieren Sie die oberen und unteren N-Werte in Excel<\/a><\/li><li> <a href=\"https:\/\/exceladvisor.org\/de\/kontrollkastchen\/\">F\u00fcgen Sie ein Kontrollk\u00e4stchen in Excel ein<\/a><\/li><li> <a href=\"https:\/\/exceladvisor.org\/de\/zellen-zusammenfuhren-ohne-daten-zu-verlieren\/\">F\u00fchren Sie Zellen zusammen, ohne Daten in Excel zu verlieren<\/a><\/li><li> <a href=\"https:\/\/exceladvisor.org\/de\/spezielles-multiplizieren-einfugen\/\">Multiplizieren Sie in Excel mit \u201eInhalte einf\u00fcgen\u201c.<\/a><\/li><\/ul><\/div><\/div><\/div><\/div>","protected":false},"excerpt":{"rendered":"","protected":false},"author":1,"featured_media":0,"parent":0,"menu_order":0,"comment_status":"open","ping_status":"closed","template":"","meta":{"ub_ctt_via":"","footnotes":""},"class_list":["post-3364","page","type-page","status-publish","hentry"],"featured_image_src":null,"yoast_head":"<!-- This site is optimized with the Yoast SEO plugin v25.4 - https:\/\/yoast.com\/wordpress\/plugins\/seo\/ -->\n<title>Wie verwende ich das Schnellanalyse-Tool in Excel?<\/title>\n<meta name=\"description\" content=\"Das QUICK ANALYSIS TOOL ist eine Sammlung kuratierter Optionen, mit denen Sie Daten schnell analysieren k\u00f6nnen ...\" \/>\n<meta name=\"robots\" content=\"index, follow, max-snippet:-1, max-image-preview:large, max-video-preview:-1\" \/>\n<link rel=\"canonical\" href=\"https:\/\/exceladvisor.org\/de\/schnelles-analysetool\/\" \/>\n<meta property=\"og:locale\" content=\"de_DE\" \/>\n<meta property=\"og:type\" content=\"article\" \/>\n<meta property=\"og:title\" content=\"Wie verwende ich das Schnellanalyse-Tool in Excel?\" \/>\n<meta property=\"og:description\" content=\"Das QUICK ANALYSIS TOOL ist eine Sammlung kuratierter Optionen, mit denen Sie Daten schnell analysieren k\u00f6nnen ...\" \/>\n<meta property=\"og:url\" content=\"https:\/\/exceladvisor.org\/de\/schnelles-analysetool\/\" \/>\n<meta property=\"og:site_name\" content=\"Excel Advisor\" \/>\n<meta property=\"article:modified_time\" content=\"2023-12-03T13:05:45+00:00\" \/>\n<meta property=\"og:image\" content=\"https:\/\/exceladvisor.org\/wp-content\/uploads\/2023\/08\/1-collection-doutils-danalyse-rapide.png\" \/>\n<meta name=\"twitter:card\" content=\"summary_large_image\" \/>\n<meta name=\"twitter:label1\" content=\"Gesch\u00e4tzte Lesezeit\" \/>\n\t<meta name=\"twitter:data1\" content=\"5\u00a0Minuten\" \/>\n<script type=\"application\/ld+json\" class=\"yoast-schema-graph\">{\"@context\":\"https:\/\/schema.org\",\"@graph\":[{\"@type\":\"WebPage\",\"@id\":\"https:\/\/exceladvisor.org\/de\/schnelles-analysetool\/\",\"url\":\"https:\/\/exceladvisor.org\/de\/schnelles-analysetool\/\",\"name\":\"Wie verwende ich das Schnellanalyse-Tool in Excel?\",\"isPartOf\":{\"@id\":\"https:\/\/exceladvisor.org\/de\/#website\"},\"primaryImageOfPage\":{\"@id\":\"https:\/\/exceladvisor.org\/de\/schnelles-analysetool\/#primaryimage\"},\"image\":{\"@id\":\"https:\/\/exceladvisor.org\/de\/schnelles-analysetool\/#primaryimage\"},\"thumbnailUrl\":\"https:\/\/exceladvisor.org\/wp-content\/uploads\/2023\/08\/1-collection-doutils-danalyse-rapide.png\",\"datePublished\":\"2023-10-30T12:21:52+00:00\",\"dateModified\":\"2023-12-03T13:05:45+00:00\",\"description\":\"Das QUICK ANALYSIS TOOL ist eine Sammlung kuratierter Optionen, mit denen Sie Daten schnell analysieren k\u00f6nnen ...\",\"breadcrumb\":{\"@id\":\"https:\/\/exceladvisor.org\/de\/schnelles-analysetool\/#breadcrumb\"},\"inLanguage\":\"de\",\"potentialAction\":[{\"@type\":\"ReadAction\",\"target\":[\"https:\/\/exceladvisor.org\/de\/schnelles-analysetool\/\"]}]},{\"@type\":\"ImageObject\",\"inLanguage\":\"de\",\"@id\":\"https:\/\/exceladvisor.org\/de\/schnelles-analysetool\/#primaryimage\",\"url\":\"https:\/\/exceladvisor.org\/wp-content\/uploads\/2023\/08\/1-collection-doutils-danalyse-rapide.png\",\"contentUrl\":\"https:\/\/exceladvisor.org\/wp-content\/uploads\/2023\/08\/1-collection-doutils-danalyse-rapide.png\"},{\"@type\":\"BreadcrumbList\",\"@id\":\"https:\/\/exceladvisor.org\/de\/schnelles-analysetool\/#breadcrumb\",\"itemListElement\":[{\"@type\":\"ListItem\",\"position\":1,\"name\":\"Accueil\",\"item\":\"https:\/\/exceladvisor.org\/de\/\"},{\"@type\":\"ListItem\",\"position\":2,\"name\":\"Wie verwende ich das schnellanalyse-tool in excel?\"}]},{\"@type\":\"WebSite\",\"@id\":\"https:\/\/exceladvisor.org\/de\/#website\",\"url\":\"https:\/\/exceladvisor.org\/de\/\",\"name\":\"Excel Advisor\",\"description\":\"Ihr Leitfaden zur Datendominanz\",\"publisher\":{\"@id\":\"https:\/\/exceladvisor.org\/de\/#organization\"},\"potentialAction\":[{\"@type\":\"SearchAction\",\"target\":{\"@type\":\"EntryPoint\",\"urlTemplate\":\"https:\/\/exceladvisor.org\/de\/?s={search_term_string}\"},\"query-input\":{\"@type\":\"PropertyValueSpecification\",\"valueRequired\":true,\"valueName\":\"search_term_string\"}}],\"inLanguage\":\"de\"},{\"@type\":\"Organization\",\"@id\":\"https:\/\/exceladvisor.org\/de\/#organization\",\"name\":\"Excel Advisor\",\"url\":\"https:\/\/exceladvisor.org\/de\/\",\"logo\":{\"@type\":\"ImageObject\",\"inLanguage\":\"de\",\"@id\":\"https:\/\/exceladvisor.org\/de\/#\/schema\/logo\/image\/\",\"url\":\"https:\/\/exceladvisor.org\/de\/wp-content\/uploads\/2023\/11\/exceladvisor.org_.png\",\"contentUrl\":\"https:\/\/exceladvisor.org\/de\/wp-content\/uploads\/2023\/11\/exceladvisor.org_.png\",\"width\":105,\"height\":36,\"caption\":\"Excel Advisor\"},\"image\":{\"@id\":\"https:\/\/exceladvisor.org\/de\/#\/schema\/logo\/image\/\"}}]}<\/script>\n<!-- \/ Yoast SEO plugin. -->","yoast_head_json":{"title":"Wie verwende ich das Schnellanalyse-Tool in Excel?","description":"Das QUICK ANALYSIS TOOL ist eine Sammlung kuratierter Optionen, mit denen Sie Daten schnell analysieren k\u00f6nnen ...","robots":{"index":"index","follow":"follow","max-snippet":"max-snippet:-1","max-image-preview":"max-image-preview:large","max-video-preview":"max-video-preview:-1"},"canonical":"https:\/\/exceladvisor.org\/de\/schnelles-analysetool\/","og_locale":"de_DE","og_type":"article","og_title":"Wie verwende ich das Schnellanalyse-Tool in Excel?","og_description":"Das QUICK ANALYSIS TOOL ist eine Sammlung kuratierter Optionen, mit denen Sie Daten schnell analysieren k\u00f6nnen ...","og_url":"https:\/\/exceladvisor.org\/de\/schnelles-analysetool\/","og_site_name":"Excel Advisor","article_modified_time":"2023-12-03T13:05:45+00:00","og_image":[{"url":"https:\/\/exceladvisor.org\/wp-content\/uploads\/2023\/08\/1-collection-doutils-danalyse-rapide.png","type":"","width":"","height":""}],"twitter_card":"summary_large_image","twitter_misc":{"Gesch\u00e4tzte Lesezeit":"5\u00a0Minuten"},"schema":{"@context":"https:\/\/schema.org","@graph":[{"@type":"WebPage","@id":"https:\/\/exceladvisor.org\/de\/schnelles-analysetool\/","url":"https:\/\/exceladvisor.org\/de\/schnelles-analysetool\/","name":"Wie verwende ich das Schnellanalyse-Tool in Excel?","isPartOf":{"@id":"https:\/\/exceladvisor.org\/de\/#website"},"primaryImageOfPage":{"@id":"https:\/\/exceladvisor.org\/de\/schnelles-analysetool\/#primaryimage"},"image":{"@id":"https:\/\/exceladvisor.org\/de\/schnelles-analysetool\/#primaryimage"},"thumbnailUrl":"https:\/\/exceladvisor.org\/wp-content\/uploads\/2023\/08\/1-collection-doutils-danalyse-rapide.png","datePublished":"2023-10-30T12:21:52+00:00","dateModified":"2023-12-03T13:05:45+00:00","description":"Das QUICK ANALYSIS TOOL ist eine Sammlung kuratierter Optionen, mit denen Sie Daten schnell analysieren k\u00f6nnen ...","breadcrumb":{"@id":"https:\/\/exceladvisor.org\/de\/schnelles-analysetool\/#breadcrumb"},"inLanguage":"de","potentialAction":[{"@type":"ReadAction","target":["https:\/\/exceladvisor.org\/de\/schnelles-analysetool\/"]}]},{"@type":"ImageObject","inLanguage":"de","@id":"https:\/\/exceladvisor.org\/de\/schnelles-analysetool\/#primaryimage","url":"https:\/\/exceladvisor.org\/wp-content\/uploads\/2023\/08\/1-collection-doutils-danalyse-rapide.png","contentUrl":"https:\/\/exceladvisor.org\/wp-content\/uploads\/2023\/08\/1-collection-doutils-danalyse-rapide.png"},{"@type":"BreadcrumbList","@id":"https:\/\/exceladvisor.org\/de\/schnelles-analysetool\/#breadcrumb","itemListElement":[{"@type":"ListItem","position":1,"name":"Accueil","item":"https:\/\/exceladvisor.org\/de\/"},{"@type":"ListItem","position":2,"name":"Wie verwende ich das schnellanalyse-tool in excel?"}]},{"@type":"WebSite","@id":"https:\/\/exceladvisor.org\/de\/#website","url":"https:\/\/exceladvisor.org\/de\/","name":"Excel Advisor","description":"Ihr Leitfaden zur Datendominanz","publisher":{"@id":"https:\/\/exceladvisor.org\/de\/#organization"},"potentialAction":[{"@type":"SearchAction","target":{"@type":"EntryPoint","urlTemplate":"https:\/\/exceladvisor.org\/de\/?s={search_term_string}"},"query-input":{"@type":"PropertyValueSpecification","valueRequired":true,"valueName":"search_term_string"}}],"inLanguage":"de"},{"@type":"Organization","@id":"https:\/\/exceladvisor.org\/de\/#organization","name":"Excel Advisor","url":"https:\/\/exceladvisor.org\/de\/","logo":{"@type":"ImageObject","inLanguage":"de","@id":"https:\/\/exceladvisor.org\/de\/#\/schema\/logo\/image\/","url":"https:\/\/exceladvisor.org\/de\/wp-content\/uploads\/2023\/11\/exceladvisor.org_.png","contentUrl":"https:\/\/exceladvisor.org\/de\/wp-content\/uploads\/2023\/11\/exceladvisor.org_.png","width":105,"height":36,"caption":"Excel Advisor"},"image":{"@id":"https:\/\/exceladvisor.org\/de\/#\/schema\/logo\/image\/"}}]}},"yoast_meta":{"yoast_wpseo_title":"","yoast_wpseo_metadesc":"","yoast_wpseo_canonical":""},"_links":{"self":[{"href":"https:\/\/exceladvisor.org\/de\/wp-json\/wp\/v2\/pages\/3364","targetHints":{"allow":["GET"]}}],"collection":[{"href":"https:\/\/exceladvisor.org\/de\/wp-json\/wp\/v2\/pages"}],"about":[{"href":"https:\/\/exceladvisor.org\/de\/wp-json\/wp\/v2\/types\/page"}],"author":[{"embeddable":true,"href":"https:\/\/exceladvisor.org\/de\/wp-json\/wp\/v2\/users\/1"}],"replies":[{"embeddable":true,"href":"https:\/\/exceladvisor.org\/de\/wp-json\/wp\/v2\/comments?post=3364"}],"version-history":[{"count":1,"href":"https:\/\/exceladvisor.org\/de\/wp-json\/wp\/v2\/pages\/3364\/revisions"}],"predecessor-version":[{"id":4235,"href":"https:\/\/exceladvisor.org\/de\/wp-json\/wp\/v2\/pages\/3364\/revisions\/4235"}],"wp:attachment":[{"href":"https:\/\/exceladvisor.org\/de\/wp-json\/wp\/v2\/media?parent=3364"}],"curies":[{"name":"wp","href":"https:\/\/api.w.org\/{rel}","templated":true}]}}