{"id":3365,"date":"2023-10-30T11:53:34","date_gmt":"2023-10-30T11:53:34","guid":{"rendered":"https:\/\/exceladvisor.org\/de\/uhrfenster\/"},"modified":"2023-12-03T13:05:46","modified_gmt":"2023-12-03T13:05:46","slug":"uhrfenster","status":"publish","type":"page","link":"https:\/\/exceladvisor.org\/de\/uhrfenster\/","title":{"rendered":"Wie verwende ich das \u00fcberwachungsfenster in excel?"},"content":{"rendered":"<div class=\"excel-vor-dem-inhalt\" id=\"excel-2303399198\"><script type=\"text\/javascript\">\r\n\tatOptions = {\r\n\t\t'key' : 'c1158f160081d6540a8409e6925dab94',\r\n\t\t'format' : 'iframe',\r\n\t\t'height' : 250,\r\n\t\t'width' : 300,\r\n\t\t'params' : {}\r\n\t};\r\n<\/script>\r\n<script type=\"text\/javascript\" src=\"\/\/www.highperformanceformat.com\/c1158f160081d6540a8409e6925dab94\/invoke.js\"><\/script><\/div> <p>Oftmals gibt es in unserer Tabellenkalkulation Zellen, in denen wir wichtige Formeln haben. Und diese Formeln helfen uns bei der Berechnung einiger entscheidender Werte. In dieser Situation ist es wirklich wichtig, diese Zellen zu \u00fcberwachen, um festzustellen, ob die Berechnung korrekt ist oder kein Fehler vorliegt.<\/p><p> Tatsache ist jedoch: Je mehr Zellen dieser Art Sie haben, desto mehr M\u00fche und Zeit m\u00fcssen Sie in die Verfolgung dieser Zellen investieren. In Excel gibt es eine Option namens Watch Window, die von Microsoft in der Version 2013 eingef\u00fchrt wurde und die Ihr Gesch\u00e4ftstool sein kann, sobald Sie wissen, wie n\u00fctzlich sie ist.<\/p><p> In diesem Artikel erfahren Sie, wie Sie Ihre wichtigen Zellen mit einem \u00dcberwachungsfenster in Excel verfolgen. Dies ist einer dieser <a style=\"outline: none;\" href=\"https:\/\/exceladvisor.org\/de\/beratung\/\" data-wpil=\"url\">Excel-Tricks<\/a> , mit denen Sie <a href=\"https:\/\/exceladvisor.org\/de\/hervorragende-fahigkeiten\/\">grundlegende Excel-Kenntnisse<\/a> verbessern k\u00f6nnen.<\/p><h2 id=\"tab-con-2\" class=\"wp-block-heading\"> Wo ist es auf dem Band zu finden?<\/h2><p> <strong>Gehen Sie zur Registerkarte Formel \u2192 Formelpr\u00fcfung \u2192 \u00dcberwachungsfenster.<\/strong> <\/p><div class=\"wp-block-image\"><figure class=\"aligncenter\"><img decoding=\"async\" src=\"https:\/\/exceladvisor.org\/wp-content\/uploads\/2023\/08\/Fenetre-de-surveillance-dans-Excel-1-1.png\" sizes=\"\" srcset=\"\" alt=\"So finden Sie das \u00dcberwachungsfenster im Excel-Men\u00fcband\"><\/figure><\/div><h2 id=\"tab-con-3\" class=\"wp-block-heading\"> Tastenk\u00fcrzel<\/h2><p> Sie k\u00f6nnen das \u00dcberwachungsfenster auch mit Alt + M + W \u00f6ffnen.<\/p><h2 id=\"tab-con-4\" class=\"wp-block-heading\"> F\u00fcgen Sie dem \u00dcberwachungsfenster eine Zelle hinzu<\/h2><ul><li> Klicken Sie auf Uhr hinzuf\u00fcgen.<\/li><li> F\u00fcgen Sie die Zelladresse zum Eingabefeld hinzu.<\/li><li> OK klicken. <\/li><\/ul><div class=\"wp-block-image\"><figure class=\"aligncenter\"><img decoding=\"async\" src=\"https:\/\/exceladvisor.org\/wp-content\/uploads\/2023\/08\/Ajouter-une-cellule-pour-utiliser-la-fenetre-de-surveillance-dans-Excel-1.gif\" sizes=\"\" srcset=\"\" alt=\"F\u00fcgen Sie zur \u00dcberwachung eine Zelle im \u00dcberwachungsfenster hinzu\"><\/figure><\/div><h2 id=\"tab-con-5\" class=\"wp-block-heading\"> \u00dcberwachen Sie wichtige Zellen mit dem \u00dcberwachungsfenster<\/h2><p> Mit dem \u00dcberwachungsfenster k\u00f6nnen wir die folgenden Komponenten pr\u00fcfen und pr\u00fcfen.<\/p><ol><li> <strong>Arbeitsmappennamen<\/strong> : Wenn Sie der \u00dcberwachung eine Zelle hinzuf\u00fcgen, wird der Arbeitsmappenname erfasst.<\/li><li> <strong>Arbeitsblattname<\/strong> : Der Arbeitsblattname wird zusammen mit dem Arbeitsmappennamen ebenfalls erfasst. Wenn Ihre Arbeitsmappe viele Arbeitsbl\u00e4tter enth\u00e4lt, ist es einfach, Zellen anhand der Arbeitsblattnamen zu identifizieren.<\/li><li> <strong>Name<\/strong> : Es wird auch der Name des Zellbereichs erfasst, sofern Sie ihn angegeben haben.<\/li><li> <strong>Zelladresse<\/strong> : Es wird die Zelladresse angezeigt.<\/li><li> <strong>Zellenwert<\/strong> : Sie haben einen Zellenwert im \u00dcberwachungsfenster. Dies ist ein fl\u00fcchtiger Wert, der sich \u00e4ndern kann, wenn sich der tats\u00e4chliche Wert der Zelle \u00e4ndert. Dies erleichtert die Pr\u00fcfung der Werte in der Zelle.<\/li><li> <strong>Formel<\/strong> : Wenn die hinzugef\u00fcgte Zelle eine Formel hat, wird diese in Ihrem \u00dcberwachungsfenster angezeigt. Dies erleichtert die Inspektion und Pr\u00fcfung.<\/li><\/ol><h2 id=\"tab-con-6\" class=\"wp-block-heading\"> Eine Zelle l\u00f6schen aus<\/h2><ol><li> W\u00e4hlen Sie die Zelle aus, die Sie l\u00f6schen m\u00f6chten.<\/li><li> Klicken Sie auf die Schaltfl\u00e4che \u201eL\u00f6schen\u201c oder tippen Sie auf \u201eL\u00f6schen\u201c. <\/li><\/ol><div class=\"wp-block-image\"><figure class=\"aligncenter\"><img decoding=\"async\" src=\"https:\/\/exceladvisor.org\/wp-content\/uploads\/2023\/08\/Supprimer-une-cellule-pour-utiliser-la-fenetre-de-surveillance-dans-Excel-1.gif\" sizes=\"\" srcset=\"\" alt=\"Entfernen Sie eine Zelle aus dem \u00dcberwachungsfenster\"><\/figure><\/div><p> Um mehr als eine Zelle zu l\u00f6schen, verwenden Sie Umschalt+Pfeiltaste oder Sie k\u00f6nnen auch Umschalt+Ende-Taste verwenden, um alle zu l\u00f6schenden Zellen auszuw\u00e4hlen.<\/p><h2 id=\"tab-con-7\" class=\"wp-block-heading\"> Korrigieren Sie das \u00dcberwachungsfenster unter Ihrem Excel-Men\u00fcband<\/h2><p> Sie k\u00f6nnen es auch unter Ihrem Band befestigen. Klicken Sie dazu einfach doppelt auf die Titelleiste des \u00dcberwachungsfensters. <\/p><div class=\"wp-block-image\"><figure class=\"aligncenter\"><img decoding=\"async\" src=\"https:\/\/exceladvisor.org\/wp-content\/uploads\/2023\/08\/Correction-de-la-fenetre-de-surveillance-dans-Excel-sous-le-ruban-1.png\" sizes=\"\" srcset=\"\" alt=\"Befestigen Sie das Uhrenfenster unter dem Klebeband\"><\/figure><\/div><h2 id=\"tab-con-8\" class=\"wp-block-heading\"> Wichtige Punkte<\/h2><ol><li> Sie k\u00f6nnen dort beliebig viele Zellen hinzuf\u00fcgen, um sie zu \u00fcberwachen. Wenn Sie jedoch zu viele Zellen verwenden, wird Ihre Arbeitsmappe langsamer.<\/li><li> Doppelklicken Sie auf den Zelleneintrag, um ihn auszuw\u00e4hlen.<\/li><li> Sie k\u00f6nnen eine Zelle in einer Arbeitsmappe nur verfolgen, wenn diese Arbeitsmappe ge\u00f6ffnet ist.<\/li><\/ol><div class=\"gb-container gb-container-4db6181c gb-container-mt\"> <a class=\"gb-button gb-button-c5897111 gb-button-text gb-button-mt-button\" href=\"https:\/\/exceladvisor.org\/de\/excel-fortschritt\/\">Erweiterte Excel-Tutorials<\/a><h2 class=\"gb-headline gb-headline-665e5f6b gb-headline-text gb-headline-mt-heading\"> Verwandte Tutorials <\/h2><div class=\"gb-grid-wrapper gb-grid-wrapper-a20baf7c gb-grid-wrapper-mt-grid\"><div class=\"gb-grid-column gb-grid-column-65ddf67e\"><div class=\"gb-container gb-container-65ddf67e\"><ul><li> <a href=\"https:\/\/exceladvisor.org\/de\/kamera-tool\/\">Excel-Kamera-Tool<\/a><\/li><li> <a href=\"https:\/\/exceladvisor.org\/de\/ziel-suchen\/\">Zielfinder in Excel<\/a><\/li><li> <a href=\"https:\/\/exceladvisor.org\/de\/excel-slicer\/\">Excel Slicer (vollst\u00e4ndige Anleitung)<\/a><\/li><li> <a href=\"https:\/\/exceladvisor.org\/de\/excel-standardmassig-auf-dem-mac\/\">Machen Sie Excel auf dem Mac zum Standard<\/a><\/li><li> <a href=\"https:\/\/exceladvisor.org\/de\/excel-sicherheitsmodus\/\">\u00d6ffnen Sie Excel im abgesicherten Modus<\/a><\/li><\/ul><\/div><\/div><\/div><\/div>","protected":false},"excerpt":{"rendered":"","protected":false},"author":1,"featured_media":0,"parent":0,"menu_order":0,"comment_status":"open","ping_status":"closed","template":"","meta":{"ub_ctt_via":"","footnotes":""},"class_list":["post-3365","page","type-page","status-publish","hentry"],"featured_image_src":null,"yoast_head":"<!-- This site is optimized with the Yoast SEO plugin v25.4 - https:\/\/yoast.com\/wordpress\/plugins\/seo\/ -->\n<title>Wie verwende ich das \u00dcberwachungsfenster in Excel?<\/title>\n<meta name=\"description\" content=\"Wenn es wichtig ist, alle wichtigen Zellen im Auge zu behalten, k\u00f6nnen Sie das \u00dcberwachungsfenster in Excel verwenden.\" \/>\n<meta name=\"robots\" content=\"index, follow, max-snippet:-1, max-image-preview:large, max-video-preview:-1\" \/>\n<link rel=\"canonical\" href=\"https:\/\/exceladvisor.org\/de\/uhrfenster\/\" \/>\n<meta property=\"og:locale\" content=\"de_DE\" \/>\n<meta property=\"og:type\" content=\"article\" \/>\n<meta property=\"og:title\" content=\"Wie verwende ich das \u00dcberwachungsfenster in Excel?\" \/>\n<meta property=\"og:description\" content=\"Wenn es wichtig ist, alle wichtigen Zellen im Auge zu behalten, k\u00f6nnen Sie das \u00dcberwachungsfenster in Excel verwenden.\" \/>\n<meta property=\"og:url\" content=\"https:\/\/exceladvisor.org\/de\/uhrfenster\/\" \/>\n<meta property=\"og:site_name\" content=\"Excel Advisor\" \/>\n<meta property=\"article:modified_time\" content=\"2023-12-03T13:05:46+00:00\" \/>\n<meta property=\"og:image\" content=\"https:\/\/exceladvisor.org\/wp-content\/uploads\/2023\/08\/Fenetre-de-surveillance-dans-Excel-1-1.png\" \/>\n<meta name=\"twitter:card\" content=\"summary_large_image\" \/>\n<meta name=\"twitter:label1\" content=\"Gesch\u00e4tzte Lesezeit\" \/>\n\t<meta name=\"twitter:data1\" content=\"2\u00a0Minuten\" \/>\n<script type=\"application\/ld+json\" class=\"yoast-schema-graph\">{\"@context\":\"https:\/\/schema.org\",\"@graph\":[{\"@type\":\"WebPage\",\"@id\":\"https:\/\/exceladvisor.org\/de\/uhrfenster\/\",\"url\":\"https:\/\/exceladvisor.org\/de\/uhrfenster\/\",\"name\":\"Wie verwende ich das \u00dcberwachungsfenster in Excel?\",\"isPartOf\":{\"@id\":\"https:\/\/exceladvisor.org\/de\/#website\"},\"primaryImageOfPage\":{\"@id\":\"https:\/\/exceladvisor.org\/de\/uhrfenster\/#primaryimage\"},\"image\":{\"@id\":\"https:\/\/exceladvisor.org\/de\/uhrfenster\/#primaryimage\"},\"thumbnailUrl\":\"https:\/\/exceladvisor.org\/wp-content\/uploads\/2023\/08\/Fenetre-de-surveillance-dans-Excel-1-1.png\",\"datePublished\":\"2023-10-30T11:53:34+00:00\",\"dateModified\":\"2023-12-03T13:05:46+00:00\",\"description\":\"Wenn es wichtig ist, alle wichtigen Zellen im Auge zu behalten, k\u00f6nnen Sie das \u00dcberwachungsfenster in Excel verwenden.\",\"breadcrumb\":{\"@id\":\"https:\/\/exceladvisor.org\/de\/uhrfenster\/#breadcrumb\"},\"inLanguage\":\"de\",\"potentialAction\":[{\"@type\":\"ReadAction\",\"target\":[\"https:\/\/exceladvisor.org\/de\/uhrfenster\/\"]}]},{\"@type\":\"ImageObject\",\"inLanguage\":\"de\",\"@id\":\"https:\/\/exceladvisor.org\/de\/uhrfenster\/#primaryimage\",\"url\":\"https:\/\/exceladvisor.org\/wp-content\/uploads\/2023\/08\/Fenetre-de-surveillance-dans-Excel-1-1.png\",\"contentUrl\":\"https:\/\/exceladvisor.org\/wp-content\/uploads\/2023\/08\/Fenetre-de-surveillance-dans-Excel-1-1.png\"},{\"@type\":\"BreadcrumbList\",\"@id\":\"https:\/\/exceladvisor.org\/de\/uhrfenster\/#breadcrumb\",\"itemListElement\":[{\"@type\":\"ListItem\",\"position\":1,\"name\":\"Accueil\",\"item\":\"https:\/\/exceladvisor.org\/de\/\"},{\"@type\":\"ListItem\",\"position\":2,\"name\":\"Wie verwende ich das \u00fcberwachungsfenster in excel?\"}]},{\"@type\":\"WebSite\",\"@id\":\"https:\/\/exceladvisor.org\/de\/#website\",\"url\":\"https:\/\/exceladvisor.org\/de\/\",\"name\":\"Excel Advisor\",\"description\":\"Ihr Leitfaden zur Datendominanz\",\"publisher\":{\"@id\":\"https:\/\/exceladvisor.org\/de\/#organization\"},\"potentialAction\":[{\"@type\":\"SearchAction\",\"target\":{\"@type\":\"EntryPoint\",\"urlTemplate\":\"https:\/\/exceladvisor.org\/de\/?s={search_term_string}\"},\"query-input\":{\"@type\":\"PropertyValueSpecification\",\"valueRequired\":true,\"valueName\":\"search_term_string\"}}],\"inLanguage\":\"de\"},{\"@type\":\"Organization\",\"@id\":\"https:\/\/exceladvisor.org\/de\/#organization\",\"name\":\"Excel Advisor\",\"url\":\"https:\/\/exceladvisor.org\/de\/\",\"logo\":{\"@type\":\"ImageObject\",\"inLanguage\":\"de\",\"@id\":\"https:\/\/exceladvisor.org\/de\/#\/schema\/logo\/image\/\",\"url\":\"https:\/\/exceladvisor.org\/de\/wp-content\/uploads\/2023\/11\/exceladvisor.org_.png\",\"contentUrl\":\"https:\/\/exceladvisor.org\/de\/wp-content\/uploads\/2023\/11\/exceladvisor.org_.png\",\"width\":105,\"height\":36,\"caption\":\"Excel Advisor\"},\"image\":{\"@id\":\"https:\/\/exceladvisor.org\/de\/#\/schema\/logo\/image\/\"}}]}<\/script>\n<!-- \/ Yoast SEO plugin. -->","yoast_head_json":{"title":"Wie verwende ich das \u00dcberwachungsfenster in Excel?","description":"Wenn es wichtig ist, alle wichtigen Zellen im Auge zu behalten, k\u00f6nnen Sie das \u00dcberwachungsfenster in Excel verwenden.","robots":{"index":"index","follow":"follow","max-snippet":"max-snippet:-1","max-image-preview":"max-image-preview:large","max-video-preview":"max-video-preview:-1"},"canonical":"https:\/\/exceladvisor.org\/de\/uhrfenster\/","og_locale":"de_DE","og_type":"article","og_title":"Wie verwende ich das \u00dcberwachungsfenster in Excel?","og_description":"Wenn es wichtig ist, alle wichtigen Zellen im Auge zu behalten, k\u00f6nnen Sie das \u00dcberwachungsfenster in Excel verwenden.","og_url":"https:\/\/exceladvisor.org\/de\/uhrfenster\/","og_site_name":"Excel Advisor","article_modified_time":"2023-12-03T13:05:46+00:00","og_image":[{"url":"https:\/\/exceladvisor.org\/wp-content\/uploads\/2023\/08\/Fenetre-de-surveillance-dans-Excel-1-1.png","type":"","width":"","height":""}],"twitter_card":"summary_large_image","twitter_misc":{"Gesch\u00e4tzte Lesezeit":"2\u00a0Minuten"},"schema":{"@context":"https:\/\/schema.org","@graph":[{"@type":"WebPage","@id":"https:\/\/exceladvisor.org\/de\/uhrfenster\/","url":"https:\/\/exceladvisor.org\/de\/uhrfenster\/","name":"Wie verwende ich das \u00dcberwachungsfenster in Excel?","isPartOf":{"@id":"https:\/\/exceladvisor.org\/de\/#website"},"primaryImageOfPage":{"@id":"https:\/\/exceladvisor.org\/de\/uhrfenster\/#primaryimage"},"image":{"@id":"https:\/\/exceladvisor.org\/de\/uhrfenster\/#primaryimage"},"thumbnailUrl":"https:\/\/exceladvisor.org\/wp-content\/uploads\/2023\/08\/Fenetre-de-surveillance-dans-Excel-1-1.png","datePublished":"2023-10-30T11:53:34+00:00","dateModified":"2023-12-03T13:05:46+00:00","description":"Wenn es wichtig ist, alle wichtigen Zellen im Auge zu behalten, k\u00f6nnen Sie das \u00dcberwachungsfenster in Excel verwenden.","breadcrumb":{"@id":"https:\/\/exceladvisor.org\/de\/uhrfenster\/#breadcrumb"},"inLanguage":"de","potentialAction":[{"@type":"ReadAction","target":["https:\/\/exceladvisor.org\/de\/uhrfenster\/"]}]},{"@type":"ImageObject","inLanguage":"de","@id":"https:\/\/exceladvisor.org\/de\/uhrfenster\/#primaryimage","url":"https:\/\/exceladvisor.org\/wp-content\/uploads\/2023\/08\/Fenetre-de-surveillance-dans-Excel-1-1.png","contentUrl":"https:\/\/exceladvisor.org\/wp-content\/uploads\/2023\/08\/Fenetre-de-surveillance-dans-Excel-1-1.png"},{"@type":"BreadcrumbList","@id":"https:\/\/exceladvisor.org\/de\/uhrfenster\/#breadcrumb","itemListElement":[{"@type":"ListItem","position":1,"name":"Accueil","item":"https:\/\/exceladvisor.org\/de\/"},{"@type":"ListItem","position":2,"name":"Wie verwende ich das \u00fcberwachungsfenster in excel?"}]},{"@type":"WebSite","@id":"https:\/\/exceladvisor.org\/de\/#website","url":"https:\/\/exceladvisor.org\/de\/","name":"Excel Advisor","description":"Ihr Leitfaden zur Datendominanz","publisher":{"@id":"https:\/\/exceladvisor.org\/de\/#organization"},"potentialAction":[{"@type":"SearchAction","target":{"@type":"EntryPoint","urlTemplate":"https:\/\/exceladvisor.org\/de\/?s={search_term_string}"},"query-input":{"@type":"PropertyValueSpecification","valueRequired":true,"valueName":"search_term_string"}}],"inLanguage":"de"},{"@type":"Organization","@id":"https:\/\/exceladvisor.org\/de\/#organization","name":"Excel Advisor","url":"https:\/\/exceladvisor.org\/de\/","logo":{"@type":"ImageObject","inLanguage":"de","@id":"https:\/\/exceladvisor.org\/de\/#\/schema\/logo\/image\/","url":"https:\/\/exceladvisor.org\/de\/wp-content\/uploads\/2023\/11\/exceladvisor.org_.png","contentUrl":"https:\/\/exceladvisor.org\/de\/wp-content\/uploads\/2023\/11\/exceladvisor.org_.png","width":105,"height":36,"caption":"Excel Advisor"},"image":{"@id":"https:\/\/exceladvisor.org\/de\/#\/schema\/logo\/image\/"}}]}},"yoast_meta":{"yoast_wpseo_title":"","yoast_wpseo_metadesc":"","yoast_wpseo_canonical":""},"_links":{"self":[{"href":"https:\/\/exceladvisor.org\/de\/wp-json\/wp\/v2\/pages\/3365","targetHints":{"allow":["GET"]}}],"collection":[{"href":"https:\/\/exceladvisor.org\/de\/wp-json\/wp\/v2\/pages"}],"about":[{"href":"https:\/\/exceladvisor.org\/de\/wp-json\/wp\/v2\/types\/page"}],"author":[{"embeddable":true,"href":"https:\/\/exceladvisor.org\/de\/wp-json\/wp\/v2\/users\/1"}],"replies":[{"embeddable":true,"href":"https:\/\/exceladvisor.org\/de\/wp-json\/wp\/v2\/comments?post=3365"}],"version-history":[{"count":1,"href":"https:\/\/exceladvisor.org\/de\/wp-json\/wp\/v2\/pages\/3365\/revisions"}],"predecessor-version":[{"id":4236,"href":"https:\/\/exceladvisor.org\/de\/wp-json\/wp\/v2\/pages\/3365\/revisions\/4236"}],"wp:attachment":[{"href":"https:\/\/exceladvisor.org\/de\/wp-json\/wp\/v2\/media?parent=3365"}],"curies":[{"name":"wp","href":"https:\/\/api.w.org\/{rel}","templated":true}]}}