{"id":3366,"date":"2023-10-30T11:47:21","date_gmt":"2023-10-30T11:47:21","guid":{"rendered":"https:\/\/exceladvisor.org\/de\/spalte-kopieren\/"},"modified":"2023-12-03T13:03:58","modified_gmt":"2023-12-03T13:03:58","slug":"spalte-kopieren","status":"publish","type":"page","link":"https:\/\/exceladvisor.org\/de\/spalte-kopieren\/","title":{"rendered":"Wie kopiere ich eine spalte in excel und f\u00fcge sie ein?"},"content":{"rendered":"<div class=\"excel-vor-dem-inhalt\" id=\"excel-3477908356\"><script type=\"text\/javascript\">\r\n\tatOptions = {\r\n\t\t'key' : 'c1158f160081d6540a8409e6925dab94',\r\n\t\t'format' : 'iframe',\r\n\t\t'height' : 250,\r\n\t\t'width' : 300,\r\n\t\t'params' : {}\r\n\t};\r\n<\/script>\r\n<script type=\"text\/javascript\" src=\"\/\/www.highperformanceformat.com\/c1158f160081d6540a8409e6925dab94\/invoke.js\"><\/script><\/div> <p>Das Kopieren von Daten ist eine sehr h\u00e4ufige Aufgabe in unserem t\u00e4glichen Leben, wenn wir in Excel oder einer anderen Textverarbeitungssoftware arbeiten. Normalerweise m\u00fcssen wir eine einzelne Zelle von einer Stelle an eine andere oder manchmal auch in ein anderes Arbeitsblatt kopieren. Es ist sehr einfach zu machen.<\/p><p> Aber wenn es darum geht, mehrere zusammenh\u00e4ngende Zellen sowie nicht benachbarte Zellen zu kopieren, geraten wir alle in gro\u00dfe Schwierigkeiten.<\/p><p> In diesem Tutorial lernen wir Methoden zum Kopieren einzelner oder mehrerer Spalten (kontinuierlich und nicht kontinuierlich) kennen. Gehen wir es nun Schritt f\u00fcr Schritt durch.<\/p><h2 class=\"wp-block-heading\"> Schritte zum Kopieren und Einf\u00fcgen einer einzelnen Spalte<\/h2><ol><li> W\u00e4hlen Sie zun\u00e4chst die gesamte Spalte vom <strong>Spaltenkopfbuchstaben<\/strong> bis zum oberen Rand der Spalte aus, die Sie kopieren m\u00f6chten.<\/li><li> Dr\u00fccken Sie anschlie\u00dfend die rechte Maustaste und w\u00e4hlen Sie im Dialogfeld die Option \u201e <strong>Kopieren<\/strong> \u201c. <br><img loading=\"lazy\" decoding=\"async\" title=\"1-Kopieren-Einf\u00fcgen-Einzelspalte\" src=\"https:\/\/exceladvisor.org\/wp-content\/uploads\/2023\/08\/1-copier-coller-une-seule-colonne.png\" sizes=\"auto, \" srcset=\"\" alt=\"copy-paste-single-column\" width=\"428\" height=\"408\"><\/li><li> W\u00e4hlen Sie anschlie\u00dfend den Zellbereich der jeweiligen Spalte aus, in die Sie Ihre Daten \u201e <strong>einf\u00fcgen<\/strong> \u201c m\u00f6chten.<\/li><li> Sobald Sie den Bereich ausgew\u00e4hlt haben, klicken Sie mit der rechten Maustaste und w\u00e4hlen Sie die Option \u201eEinf\u00fcgen\u201c. <br><img loading=\"lazy\" decoding=\"async\" title=\"2-Pasta-Monos\u00e4ule\" src=\"https:\/\/exceladvisor.org\/wp-content\/uploads\/2023\/08\/2-coller-une-seule-colonne.png\" sizes=\"auto, \" srcset=\"\" alt=\"paste-single-column\" width=\"417\" height=\"221\"><\/li><\/ol><h2 class=\"wp-block-heading\"> Kopieren der Spalte \u00fcber eine Tastenkombination<\/h2><p> Hier ist eine einfachere M\u00f6glichkeit, die Daten mithilfe der Tastenkombination zu kopieren und einzuf\u00fcgen, anstatt dies manuell zu tun.<\/p><ol><li> Klicken Sie zun\u00e4chst auf eine beliebige Zelle in der Spalte, die Sie kopieren m\u00f6chten.<\/li><li> W\u00e4hlen Sie von dort aus die gesamte Spalte aus, indem Sie die Tastenkombination ( <strong>Strg + Leertaste<\/strong> ) gedr\u00fcckt halten.<\/li><li> Anschlie\u00dfend k\u00f6nnen Sie die ausgew\u00e4hlte Spalte kopieren, indem Sie <strong>Strg + C<\/strong> auf der Tastatur dr\u00fccken.<\/li><li> Jetzt sehen Sie, dass diese Spalte hervorgehoben ist. F\u00fcgen Sie sie dann mit <strong>Strg + V<\/strong> ein.<\/li><\/ol><p> Verwandte Themen \u279c <a href=\"https:\/\/exceladvisor.org\/de\/tastaturkurzel\/\">Tastaturk\u00fcrzel f\u00fcr Excel (PDF-Spickzettel)<\/a><\/p><h2 class=\"wp-block-heading\"> Kopieren Sie mehrere benachbarte Spalten und f\u00fcgen Sie sie ein<\/h2><p> Wenn Sie mehrere Spalten gleichzeitig aus der Tabelle kopieren m\u00f6chten, k\u00f6nnen Sie dies tun. Nachfolgend finden Sie die Schritte.<\/p><ol><li> W\u00e4hlen Sie mehrere Spalten nacheinander mit der <strong>linken Maustaste<\/strong> am Spaltenkopf aus.<\/li><li> Klicken Sie anschlie\u00dfend mit der rechten Maustaste auf die ausgew\u00e4hlten Spalten.<\/li><li> Klicken Sie im Dialogfeld auf die Option \u201eKopieren\u201c, um die gesamten Daten auszuw\u00e4hlen. <br><img loading=\"lazy\" decoding=\"async\" title=\"3-kopieren-mehrere-angrenzende-zeilen-1\" src=\"https:\/\/exceladvisor.org\/wp-content\/uploads\/2023\/08\/3-copier-plusieurs-lignes-adjacentes-1.png\" sizes=\"auto, \" srcset=\"\" alt=\"\" width=\"414\" height=\"322\"><\/li><li> Jetzt sehen Sie, dass diese Spalte hervorgehoben ist. F\u00fcgen Sie sie dann mit <strong>Strg + V<\/strong> ein. <br><img loading=\"lazy\" decoding=\"async\" title=\"4-Pasta-mehrere-angrenzende-Spalten\" src=\"https:\/\/exceladvisor.org\/wp-content\/uploads\/2023\/08\/4-coller-plusieurs-colonnes-adjacentes.png\" sizes=\"auto, \" srcset=\"\" alt=\"paste-multiple-adjacent-columns\" width=\"417\" height=\"179\"><\/li><\/ol><p class=\"qt-tip\"> <strong>Wichtiger Hinweis<\/strong> : Stellen Sie sicher, dass Sie \u00fcber gen\u00fcgend leere Spalten verf\u00fcgen, in die Sie Ihre Daten einf\u00fcgen m\u00f6chten. Andernfalls wird der Zellenbereich \u00fcberschrieben, wenn sich bereits etwas darin befindet.<\/p><h2 class=\"wp-block-heading\"> Kopieren Sie mehrere nicht benachbarte Spalten<\/h2><p> Der einfachste Weg, mehrere nicht benachbarte Spalten zu kopieren, ist die Verwendung der STRG-Taste. Gehen wir schrittweise vor.<\/p><ol><li> W\u00e4hlen Sie in Ihrer Tabelle die erste Spalte aus, indem Sie auf deren \u00dcberschrift klicken.<\/li><li> Klicken Sie anschlie\u00dfend bei <strong>gedr\u00fcckter Strg-Taste<\/strong> nacheinander auf die folgenden Spalten, die Sie hervorheben m\u00f6chten.<\/li><li> Klicken Sie anschlie\u00dfend mit der rechten Maustaste auf eine der ausgew\u00e4hlten Spalten und w\u00e4hlen Sie im Dialogfeld \u201eKopieren\u201c. <br><img loading=\"lazy\" decoding=\"async\" title=\"5-Kopie-mehrere-nicht-kontinuierliche-Zeilen\" src=\"https:\/\/exceladvisor.org\/wp-content\/uploads\/2023\/08\/5-copier-plusieurs-lignes-non-continues.png\" sizes=\"auto, \" srcset=\"\" alt=\"copy-multiple-non-continuous-rows\" width=\"419\" height=\"296\"><\/li><li> Jetzt sehen Sie, dass alle ausgew\u00e4hlten Spalten auf dem Blatt hervorgehoben wurden.<\/li><li> W\u00e4hlen Sie am Ende die Zielzelle aus, in die Sie Ihre Daten einf\u00fcgen m\u00f6chten, und dr\u00fccken Sie <strong>Strg + V,<\/strong> um sie einzuf\u00fcgen. <br><img loading=\"lazy\" decoding=\"async\" title=\"6-Teig-Mehrfach-nicht-kontinuierliche-Linien\" src=\"https:\/\/exceladvisor.org\/wp-content\/uploads\/2023\/08\/6-coller-plusieurs-lignes-non-continues.png\" sizes=\"auto, \" srcset=\"\" alt=\"paste-multiple-non-continuous-rows\" width=\"408\" height=\"176\"><\/li><\/ol><h2 class=\"wp-block-heading\"> Kopieren Sie die Spalte aus dem Men\u00fcband und f\u00fcgen Sie sie ein<\/h2><p> Interessanterweise k\u00f6nnen Sie auch Werte aus dem Men\u00fcband kopieren und einf\u00fcgen. Machen wir es in den folgenden Schritten:<\/p><ol><li> W\u00e4hlen Sie zun\u00e4chst alle Spalten aus, die Sie kopieren m\u00f6chten.<\/li><li> Gehen Sie dann zur Registerkarte \u201eStartseite\u201c und zur Zwischenablage &gt; w\u00e4hlen Sie \u201eKopieren\u201c oder verwenden Sie (Strg + C) auf der Tastatur, um die Spalten zu kopieren. <br><img loading=\"lazy\" decoding=\"async\" title=\"7 Kopierb\u00e4nder\" src=\"https:\/\/exceladvisor.org\/wp-content\/uploads\/2023\/08\/7-copie-a-travers-le-ruban.png\" sizes=\"auto, \" srcset=\"\" alt=\"copy-rows-through-ribbon\" width=\"409\" height=\"504\"><\/li><li> W\u00e4hlen Sie die jeweilige Zelle aus, in die Sie Ihre Daten einf\u00fcgen m\u00f6chten.<\/li><li> Klicken Sie dann im Men\u00fcband auf \u201eEinf\u00fcgen\u201c oder verwenden Sie die Tastenkombination (Strg + V). <br><img loading=\"lazy\" decoding=\"async\" title=\"Option 8 Pasta durch das Band\" src=\"https:\/\/exceladvisor.org\/wp-content\/uploads\/2023\/08\/8-options-de-collage-a-travers-le-ruban.png\" sizes=\"auto, \" srcset=\"\" alt=\"use-paste-option-through-ribbon\" width=\"407\" height=\"319\"><\/li><\/ol><p> Hier erfahren Sie, wie Sie Spalten in Excel kopieren und einf\u00fcgen k\u00f6nnen.<\/p><p> Wenn Sie au\u00dferdem mehrere nicht benachbarte Spalten kopieren m\u00f6chten, k\u00f6nnen Sie hierf\u00fcr die dritte Methode verwenden.<\/p><p> Dar\u00fcber hinaus hilft Ihnen die obige Verkn\u00fcpfung zum Kopieren und Einf\u00fcgen dabei, Ihre Daten so schnell wie m\u00f6glich zusammenzustellen.<\/p><div class=\"gb-container gb-container-4db6181c gb-container-mt\"> <a class=\"gb-button gb-button-c5897111 gb-button-text gb-button-mt-button\" href=\"https:\/\/exceladvisor.org\/de\/excel-grundlagen\/\">Microsoft Excel-Grundlagen (Komponenten, Teile und Wissenshinweise)<\/a><h2 class=\"gb-headline gb-headline-665e5f6b gb-headline-text gb-headline-mt-heading\"> Verwandte Tutorials <\/h2><div class=\"gb-grid-wrapper gb-grid-wrapper-a20baf7c gb-grid-wrapper-mt-grid\"><div class=\"gb-grid-column gb-grid-column-65ddf67e\"><div class=\"gb-container gb-container-65ddf67e\"><ul><li> <a href=\"https:\/\/exceladvisor.org\/de\/hyperlinks-hinzufugen-und-entfernen\/\">F\u00fcgen Sie Hyperlinks in Excel hinzu und entfernen Sie sie<\/a><\/li><li> <a href=\"https:\/\/exceladvisor.org\/de\/wasserzeichen-hinzufugen\/\">F\u00fcgen Sie in Excel ein Wasserzeichen hinzu<\/a><\/li><li> <a href=\"https:\/\/exceladvisor.org\/de\/entfernen-sie-ausgeblendete-zeilenspalten\/\">L\u00f6schen Sie ausgeblendete Zeilen in Excel<\/a><\/li><li> <a href=\"https:\/\/exceladvisor.org\/de\/zellen-abwahlen\/\">Zellen in Excel abw\u00e4hlen<\/a> <\/li><\/ul><\/div><\/div><div class=\"gb-grid-column gb-grid-column-50067b57\"><div class=\"gb-container gb-container-50067b57\"><ul><li> <a href=\"https:\/\/exceladvisor.org\/de\/linien-anzeigen\/\">Zeilen in Excel anzeigen<\/a><\/li><li> <a href=\"https:\/\/exceladvisor.org\/de\/reichweite\/\">Bereich in Excel<\/a><\/li><li> <a href=\"https:\/\/exceladvisor.org\/de\/wahlen-sie-den-bereich-aus\/\">Bereich in Excel ausw\u00e4hlen<\/a><\/li><li> <a href=\"https:\/\/exceladvisor.org\/de\/aktive-zelle\/\">Zelle in Excel aktivieren<\/a><\/li><\/ul><\/div><\/div><\/div><\/div>","protected":false},"excerpt":{"rendered":"","protected":false},"author":1,"featured_media":0,"parent":0,"menu_order":0,"comment_status":"open","ping_status":"closed","template":"","meta":{"ub_ctt_via":"","footnotes":""},"class_list":["post-3366","page","type-page","status-publish","hentry"],"featured_image_src":null,"yoast_head":"<!-- This site is optimized with the Yoast SEO plugin v25.4 - https:\/\/yoast.com\/wordpress\/plugins\/seo\/ -->\n<title>\u25b7 Wie kopiere ich eine Spalte in Excel und f\u00fcge sie ein?<\/title>\n<meta name=\"description\" content=\"In diesem Formel-Tutorial lernen wir, wie man mithilfe von Methoden eine einzelne Spalte sowie mehrere Spalten kopiert und einf\u00fcgt\" \/>\n<meta name=\"robots\" content=\"index, follow, max-snippet:-1, max-image-preview:large, max-video-preview:-1\" \/>\n<link rel=\"canonical\" href=\"https:\/\/exceladvisor.org\/de\/spalte-kopieren\/\" \/>\n<meta property=\"og:locale\" content=\"de_DE\" \/>\n<meta property=\"og:type\" content=\"article\" \/>\n<meta property=\"og:title\" content=\"\u25b7 Wie kopiere ich eine Spalte in Excel und f\u00fcge sie ein?\" \/>\n<meta property=\"og:description\" content=\"In diesem Formel-Tutorial lernen wir, wie man mithilfe von Methoden eine einzelne Spalte sowie mehrere Spalten kopiert und einf\u00fcgt\" \/>\n<meta property=\"og:url\" content=\"https:\/\/exceladvisor.org\/de\/spalte-kopieren\/\" \/>\n<meta property=\"og:site_name\" content=\"Excel Advisor\" \/>\n<meta property=\"article:modified_time\" content=\"2023-12-03T13:03:58+00:00\" \/>\n<meta property=\"og:image\" content=\"https:\/\/exceladvisor.org\/wp-content\/uploads\/2023\/08\/1-copier-coller-une-seule-colonne.png\" \/>\n<meta name=\"twitter:card\" content=\"summary_large_image\" \/>\n<meta name=\"twitter:label1\" content=\"Gesch\u00e4tzte Lesezeit\" \/>\n\t<meta name=\"twitter:data1\" content=\"4\u00a0Minuten\" \/>\n<script type=\"application\/ld+json\" class=\"yoast-schema-graph\">{\"@context\":\"https:\/\/schema.org\",\"@graph\":[{\"@type\":\"WebPage\",\"@id\":\"https:\/\/exceladvisor.org\/de\/spalte-kopieren\/\",\"url\":\"https:\/\/exceladvisor.org\/de\/spalte-kopieren\/\",\"name\":\"\u25b7 Wie kopiere ich eine Spalte in Excel und f\u00fcge sie ein?\",\"isPartOf\":{\"@id\":\"https:\/\/exceladvisor.org\/de\/#website\"},\"primaryImageOfPage\":{\"@id\":\"https:\/\/exceladvisor.org\/de\/spalte-kopieren\/#primaryimage\"},\"image\":{\"@id\":\"https:\/\/exceladvisor.org\/de\/spalte-kopieren\/#primaryimage\"},\"thumbnailUrl\":\"https:\/\/exceladvisor.org\/wp-content\/uploads\/2023\/08\/1-copier-coller-une-seule-colonne.png\",\"datePublished\":\"2023-10-30T11:47:21+00:00\",\"dateModified\":\"2023-12-03T13:03:58+00:00\",\"description\":\"In diesem Formel-Tutorial lernen wir, wie man mithilfe von Methoden eine einzelne Spalte sowie mehrere Spalten kopiert und einf\u00fcgt\",\"breadcrumb\":{\"@id\":\"https:\/\/exceladvisor.org\/de\/spalte-kopieren\/#breadcrumb\"},\"inLanguage\":\"de\",\"potentialAction\":[{\"@type\":\"ReadAction\",\"target\":[\"https:\/\/exceladvisor.org\/de\/spalte-kopieren\/\"]}]},{\"@type\":\"ImageObject\",\"inLanguage\":\"de\",\"@id\":\"https:\/\/exceladvisor.org\/de\/spalte-kopieren\/#primaryimage\",\"url\":\"https:\/\/exceladvisor.org\/wp-content\/uploads\/2023\/08\/1-copier-coller-une-seule-colonne.png\",\"contentUrl\":\"https:\/\/exceladvisor.org\/wp-content\/uploads\/2023\/08\/1-copier-coller-une-seule-colonne.png\"},{\"@type\":\"BreadcrumbList\",\"@id\":\"https:\/\/exceladvisor.org\/de\/spalte-kopieren\/#breadcrumb\",\"itemListElement\":[{\"@type\":\"ListItem\",\"position\":1,\"name\":\"Accueil\",\"item\":\"https:\/\/exceladvisor.org\/de\/\"},{\"@type\":\"ListItem\",\"position\":2,\"name\":\"Wie kopiere ich eine spalte in excel und f\u00fcge sie ein?\"}]},{\"@type\":\"WebSite\",\"@id\":\"https:\/\/exceladvisor.org\/de\/#website\",\"url\":\"https:\/\/exceladvisor.org\/de\/\",\"name\":\"Excel Advisor\",\"description\":\"Ihr Leitfaden zur Datendominanz\",\"publisher\":{\"@id\":\"https:\/\/exceladvisor.org\/de\/#organization\"},\"potentialAction\":[{\"@type\":\"SearchAction\",\"target\":{\"@type\":\"EntryPoint\",\"urlTemplate\":\"https:\/\/exceladvisor.org\/de\/?s={search_term_string}\"},\"query-input\":{\"@type\":\"PropertyValueSpecification\",\"valueRequired\":true,\"valueName\":\"search_term_string\"}}],\"inLanguage\":\"de\"},{\"@type\":\"Organization\",\"@id\":\"https:\/\/exceladvisor.org\/de\/#organization\",\"name\":\"Excel Advisor\",\"url\":\"https:\/\/exceladvisor.org\/de\/\",\"logo\":{\"@type\":\"ImageObject\",\"inLanguage\":\"de\",\"@id\":\"https:\/\/exceladvisor.org\/de\/#\/schema\/logo\/image\/\",\"url\":\"https:\/\/exceladvisor.org\/de\/wp-content\/uploads\/2023\/11\/exceladvisor.org_.png\",\"contentUrl\":\"https:\/\/exceladvisor.org\/de\/wp-content\/uploads\/2023\/11\/exceladvisor.org_.png\",\"width\":105,\"height\":36,\"caption\":\"Excel Advisor\"},\"image\":{\"@id\":\"https:\/\/exceladvisor.org\/de\/#\/schema\/logo\/image\/\"}}]}<\/script>\n<!-- \/ Yoast SEO plugin. -->","yoast_head_json":{"title":"\u25b7 Wie kopiere ich eine Spalte in Excel und f\u00fcge sie ein?","description":"In diesem Formel-Tutorial lernen wir, wie man mithilfe von Methoden eine einzelne Spalte sowie mehrere Spalten kopiert und einf\u00fcgt","robots":{"index":"index","follow":"follow","max-snippet":"max-snippet:-1","max-image-preview":"max-image-preview:large","max-video-preview":"max-video-preview:-1"},"canonical":"https:\/\/exceladvisor.org\/de\/spalte-kopieren\/","og_locale":"de_DE","og_type":"article","og_title":"\u25b7 Wie kopiere ich eine Spalte in Excel und f\u00fcge sie ein?","og_description":"In diesem Formel-Tutorial lernen wir, wie man mithilfe von Methoden eine einzelne Spalte sowie mehrere Spalten kopiert und einf\u00fcgt","og_url":"https:\/\/exceladvisor.org\/de\/spalte-kopieren\/","og_site_name":"Excel Advisor","article_modified_time":"2023-12-03T13:03:58+00:00","og_image":[{"url":"https:\/\/exceladvisor.org\/wp-content\/uploads\/2023\/08\/1-copier-coller-une-seule-colonne.png","type":"","width":"","height":""}],"twitter_card":"summary_large_image","twitter_misc":{"Gesch\u00e4tzte Lesezeit":"4\u00a0Minuten"},"schema":{"@context":"https:\/\/schema.org","@graph":[{"@type":"WebPage","@id":"https:\/\/exceladvisor.org\/de\/spalte-kopieren\/","url":"https:\/\/exceladvisor.org\/de\/spalte-kopieren\/","name":"\u25b7 Wie kopiere ich eine Spalte in Excel und f\u00fcge sie ein?","isPartOf":{"@id":"https:\/\/exceladvisor.org\/de\/#website"},"primaryImageOfPage":{"@id":"https:\/\/exceladvisor.org\/de\/spalte-kopieren\/#primaryimage"},"image":{"@id":"https:\/\/exceladvisor.org\/de\/spalte-kopieren\/#primaryimage"},"thumbnailUrl":"https:\/\/exceladvisor.org\/wp-content\/uploads\/2023\/08\/1-copier-coller-une-seule-colonne.png","datePublished":"2023-10-30T11:47:21+00:00","dateModified":"2023-12-03T13:03:58+00:00","description":"In diesem Formel-Tutorial lernen wir, wie man mithilfe von Methoden eine einzelne Spalte sowie mehrere Spalten kopiert und einf\u00fcgt","breadcrumb":{"@id":"https:\/\/exceladvisor.org\/de\/spalte-kopieren\/#breadcrumb"},"inLanguage":"de","potentialAction":[{"@type":"ReadAction","target":["https:\/\/exceladvisor.org\/de\/spalte-kopieren\/"]}]},{"@type":"ImageObject","inLanguage":"de","@id":"https:\/\/exceladvisor.org\/de\/spalte-kopieren\/#primaryimage","url":"https:\/\/exceladvisor.org\/wp-content\/uploads\/2023\/08\/1-copier-coller-une-seule-colonne.png","contentUrl":"https:\/\/exceladvisor.org\/wp-content\/uploads\/2023\/08\/1-copier-coller-une-seule-colonne.png"},{"@type":"BreadcrumbList","@id":"https:\/\/exceladvisor.org\/de\/spalte-kopieren\/#breadcrumb","itemListElement":[{"@type":"ListItem","position":1,"name":"Accueil","item":"https:\/\/exceladvisor.org\/de\/"},{"@type":"ListItem","position":2,"name":"Wie kopiere ich eine spalte in excel und f\u00fcge sie ein?"}]},{"@type":"WebSite","@id":"https:\/\/exceladvisor.org\/de\/#website","url":"https:\/\/exceladvisor.org\/de\/","name":"Excel Advisor","description":"Ihr Leitfaden zur Datendominanz","publisher":{"@id":"https:\/\/exceladvisor.org\/de\/#organization"},"potentialAction":[{"@type":"SearchAction","target":{"@type":"EntryPoint","urlTemplate":"https:\/\/exceladvisor.org\/de\/?s={search_term_string}"},"query-input":{"@type":"PropertyValueSpecification","valueRequired":true,"valueName":"search_term_string"}}],"inLanguage":"de"},{"@type":"Organization","@id":"https:\/\/exceladvisor.org\/de\/#organization","name":"Excel Advisor","url":"https:\/\/exceladvisor.org\/de\/","logo":{"@type":"ImageObject","inLanguage":"de","@id":"https:\/\/exceladvisor.org\/de\/#\/schema\/logo\/image\/","url":"https:\/\/exceladvisor.org\/de\/wp-content\/uploads\/2023\/11\/exceladvisor.org_.png","contentUrl":"https:\/\/exceladvisor.org\/de\/wp-content\/uploads\/2023\/11\/exceladvisor.org_.png","width":105,"height":36,"caption":"Excel Advisor"},"image":{"@id":"https:\/\/exceladvisor.org\/de\/#\/schema\/logo\/image\/"}}]}},"yoast_meta":{"yoast_wpseo_title":"","yoast_wpseo_metadesc":"","yoast_wpseo_canonical":""},"_links":{"self":[{"href":"https:\/\/exceladvisor.org\/de\/wp-json\/wp\/v2\/pages\/3366","targetHints":{"allow":["GET"]}}],"collection":[{"href":"https:\/\/exceladvisor.org\/de\/wp-json\/wp\/v2\/pages"}],"about":[{"href":"https:\/\/exceladvisor.org\/de\/wp-json\/wp\/v2\/types\/page"}],"author":[{"embeddable":true,"href":"https:\/\/exceladvisor.org\/de\/wp-json\/wp\/v2\/users\/1"}],"replies":[{"embeddable":true,"href":"https:\/\/exceladvisor.org\/de\/wp-json\/wp\/v2\/comments?post=3366"}],"version-history":[{"count":1,"href":"https:\/\/exceladvisor.org\/de\/wp-json\/wp\/v2\/pages\/3366\/revisions"}],"predecessor-version":[{"id":4129,"href":"https:\/\/exceladvisor.org\/de\/wp-json\/wp\/v2\/pages\/3366\/revisions\/4129"}],"wp:attachment":[{"href":"https:\/\/exceladvisor.org\/de\/wp-json\/wp\/v2\/media?parent=3366"}],"curies":[{"name":"wp","href":"https:\/\/api.w.org\/{rel}","templated":true}]}}