{"id":3367,"date":"2023-10-30T11:30:56","date_gmt":"2023-10-30T11:30:56","guid":{"rendered":"https:\/\/exceladvisor.org\/de\/spezielles-multiplizieren-einfugen\/"},"modified":"2023-12-03T13:04:26","modified_gmt":"2023-12-03T13:04:26","slug":"spezielles-multiplizieren-einfugen","status":"publish","type":"page","link":"https:\/\/exceladvisor.org\/de\/spezielles-multiplizieren-einfugen\/","title":{"rendered":"Wie multipliziere ich in excel mit paste special?"},"content":{"rendered":"<div class=\"excel-vor-dem-inhalt\" id=\"excel-1184987265\"><script type=\"text\/javascript\">\r\n\tatOptions = {\r\n\t\t'key' : 'c1158f160081d6540a8409e6925dab94',\r\n\t\t'format' : 'iframe',\r\n\t\t'height' : 250,\r\n\t\t'width' : 300,\r\n\t\t'params' : {}\r\n\t};\r\n<\/script>\r\n<script type=\"text\/javascript\" src=\"\/\/www.highperformanceformat.com\/c1158f160081d6540a8409e6925dab94\/invoke.js\"><\/script><\/div> <p>Manchmal m\u00fcssen Sie in Excel schnelle Berechnungen durchf\u00fchren. Und Sie k\u00f6nnen f\u00fcr diese schnellen Berechnungen anstelle von Formeln eine spezielle Paste verwenden.<\/p><p> Beim Spezialeinf\u00fcgen stehen Ihnen vier verschiedene Optionen [Addieren, Subtrahieren, Multiplizieren und Dividieren] zur Verf\u00fcgung. Und heute m\u00f6chte ich Ihnen in diesem Artikel zeigen, wie Sie mit Paste Special auch multiplizieren (subtrahieren, dividieren und minus) k\u00f6nnen. <\/p><div class=\"wp-block-image\"><figure class=\"aligncenter is-resized\"><img loading=\"lazy\" decoding=\"async\" src=\"https:\/\/exceladvisor.org\/wp-content\/uploads\/2023\/08\/Utiliser-Coller-des-operations-speciales-pour-une-multiplication-rapide-dans-Excel-1.png\" sizes=\"auto, \" srcset=\"\" alt=\"Multiplizieren Sie in Excel mit der Option \u201eInhalte einf\u00fcgen\u201c.\" width=\"398\" height=\"330\"><\/figure><\/div><h2 class=\"wp-block-heading\"> Multiplizieren Sie in Excel mit der Option \u201eInhalte einf\u00fcgen\u201c.<\/h2><p> Nehmen wir an, Sie haben eine Datentabelle mit Gespr\u00e4chsgeb\u00fchren von Indien in andere L\u00e4nder. Und aufgrund steigender Kosten m\u00fcssen Sie Ihre Tarife um 20 % erh\u00f6hen. Anstatt die Formel zu verwenden, k\u00f6nnen Sie hier die Option \u201eSpezielles Multiplizieren einf\u00fcgen\u201c verwenden.<\/p><ol><li> W\u00e4hlen Sie die Zelle aus, in der Sie Ihre prozentuale Alterserh\u00f6hung haben (ich habe 1,2 verwendet, um die Rate um 20 % zu erh\u00f6hen), und kopieren Sie sie.<\/li><li> W\u00e4hlen Sie nun den gesamten Bereich aus, auf den Sie die Berechnung anwenden m\u00f6chten.<\/li><li> Verwenden Sie die Tastenkombination [Alt + E + S], um das spezielle Dialogfeld zum Einf\u00fcgen aufzurufen.<\/li><li> Gehen Sie zu Operation, w\u00e4hlen Sie die Option \u201eMultiplizieren\u201c und klicken Sie auf OK. <\/li><\/ol><div class=\"wp-block-image\"><figure class=\"aligncenter\"><img decoding=\"async\" src=\"https:\/\/exceladvisor.org\/wp-content\/uploads\/2023\/08\/Utiliser-Coller-des-operations-speciales-pour-une-multiplication-rapide-dans-Excel-3.gif\" sizes=\"\" srcset=\"\" alt=\"Multiplizieren Sie in Excel mit der Option \u201eInhalte in Zellen einf\u00fcgen\u201c.\"><\/figure><\/div><p> Im obigen Beispiel haben wir eine erh\u00f6hte Multiplikationsrate verwendet. Mit derselben Methode k\u00f6nnen Sie auch addieren, subtrahieren und dividieren.<\/p><h2 class=\"wp-block-heading\"> Und wenn Sie Zellen mit Formeln haben<\/h2><p> Das ist eines der erstaunlichsten Dinge, die man mit dem Spezialteig machen kann. Wenn Sie Zellen haben, in denen Sie bereits Formeln haben, k\u00f6nnen Sie jederzeit Spezial einf\u00fcgen verwenden. <\/p><div class=\"wp-block-image\"><figure class=\"aligncenter\"><img decoding=\"async\" src=\"https:\/\/exceladvisor.org\/wp-content\/uploads\/2023\/08\/Utiliser-Coller-des-operations-speciales-pour-une-multiplication-rapide-dans-Excel-4.gif\" sizes=\"\" srcset=\"\" alt=\"Multiplizieren Sie in Excel mit der speziellen Einf\u00fcgeoption mit Formeln\"><\/figure><\/div><p> Im obigen Beispiel ist der Preis die Summe der Fixkosten (E2) und der variablen Kosten (E3). Wir haben den Preis um 32,25 % erh\u00f6ht.<\/p><h2 class=\"wp-block-heading\"> Spezialpaste f\u00fcr dynamische Berechnungen<\/h2><p> Eine weitere n\u00fctzliche Funktion von paste-special besteht darin, dass Sie dynamische Berechnungen durchf\u00fchren k\u00f6nnen.<\/p><p> Angenommen, Sie verf\u00fcgen \u00fcber einen Datensatz mit f\u00fcnf Produkten f\u00fcr verschiedene Bereiche und m\u00fcssen einen inkrementellen Preis f\u00fcr die f\u00fcnf Produkte unter Verwendung unterschiedlicher inkrementeller Raten berechnen.<\/p><p> W\u00e4hlen Sie einfach alle Zellen mit inkrementellen Raten aus und befolgen Sie die gleichen Schritte wie oben. <\/p><div class=\"wp-block-image\"><figure class=\"aligncenter\"><img decoding=\"async\" src=\"https:\/\/exceladvisor.org\/wp-content\/uploads\/2023\/08\/Utiliser-Coller-des-operations-speciales-pour-une-multiplication-rapide-dans-Excel-5.gif\" sizes=\"\" srcset=\"\" alt=\"Verwenden Sie spezielle Operationen zum Einf\u00fcgen f\u00fcr eine schnelle Multiplikation in Excel mit dynamischen Berechnungen\"><\/figure><\/div><h2 class=\"wp-block-heading\"> Tastenkombinationen<\/h2><ol><li> <strong>Multiplizieren<\/strong> \u2013 Alt + V + H + M<\/li><li> <strong>Teilen<\/strong> \u2013 Alt + V + H + I<\/li><li> <strong>Hinzuf\u00fcgen<\/strong> \u2013 Alt + V + H + D<\/li><li> <strong>Subtrahieren<\/strong> \u2013 Alt + V + H + S<\/li><\/ol><div class=\"gb-container gb-container-4db6181c gb-container-mt\"> <a class=\"gb-button gb-button-c5897111 gb-button-text gb-button-mt-button\" href=\"https:\/\/exceladvisor.org\/de\/excel-fortschritt\/\">Erweiterte Excel-Tutorials<\/a><h2 class=\"gb-headline gb-headline-665e5f6b gb-headline-text gb-headline-mt-heading\"> Verwandte Tutorials <\/h2><div class=\"gb-grid-wrapper gb-grid-wrapper-a20baf7c gb-grid-wrapper-mt-grid\"><div class=\"gb-grid-column gb-grid-column-65ddf67e\"><div class=\"gb-container gb-container-65ddf67e\"><ul><li> <a href=\"https:\/\/exceladvisor.org\/de\/schnelles-analysetool\/\">Schnellanalysetool in Excel<\/a><\/li><li> <a href=\"https:\/\/exceladvisor.org\/de\/mehrere-filter-anwenden\/\">Wenden Sie mehrere Filter auf Spalten an<\/a><\/li><li> <a href=\"https:\/\/exceladvisor.org\/de\/markieren-sie-die-oberen-und-unteren-werte\/\">Markieren Sie die oberen und unteren N-Werte in Excel<\/a><\/li><li> <a href=\"https:\/\/exceladvisor.org\/de\/kontrollkastchen\/\">F\u00fcgen Sie ein Kontrollk\u00e4stchen in Excel ein<\/a><\/li><li> <a href=\"https:\/\/exceladvisor.org\/de\/zellen-zusammenfuhren-ohne-daten-zu-verlieren\/\">F\u00fchren Sie Zellen zusammen, ohne Daten in Excel zu verlieren<\/a><\/li><li> <a href=\"https:\/\/exceladvisor.org\/de\/fugen-sie-einen-barcode-hinzu\/\" data-wpil=\"url\">F\u00fcgen Sie einen Barcode in Excel hinzu<\/a><\/li><\/ul><\/div><\/div><\/div><\/div>","protected":false},"excerpt":{"rendered":"","protected":false},"author":1,"featured_media":0,"parent":0,"menu_order":0,"comment_status":"open","ping_status":"closed","template":"","meta":{"ub_ctt_via":"","footnotes":""},"class_list":["post-3367","page","type-page","status-publish","hentry"],"featured_image_src":null,"yoast_head":"<!-- This site is optimized with the Yoast SEO plugin v25.4 - https:\/\/yoast.com\/wordpress\/plugins\/seo\/ -->\n<title>Wie multipliziere ich in Excel mit Paste Special?<\/title>\n<meta name=\"description\" content=\"In diesem Artikel erfahren Sie, wie Sie in Excel mit \u201eInhalte einf\u00fcgen\u201c multiplizieren. Zus\u00e4tzlich zum Dividieren, Addieren und Subtrahieren.\" \/>\n<meta name=\"robots\" content=\"index, follow, max-snippet:-1, max-image-preview:large, max-video-preview:-1\" \/>\n<link rel=\"canonical\" href=\"https:\/\/exceladvisor.org\/de\/spezielles-multiplizieren-einfugen\/\" \/>\n<meta property=\"og:locale\" content=\"de_DE\" \/>\n<meta property=\"og:type\" content=\"article\" \/>\n<meta property=\"og:title\" content=\"Wie multipliziere ich in Excel mit Paste Special?\" \/>\n<meta property=\"og:description\" content=\"In diesem Artikel erfahren Sie, wie Sie in Excel mit \u201eInhalte einf\u00fcgen\u201c multiplizieren. Zus\u00e4tzlich zum Dividieren, Addieren und Subtrahieren.\" \/>\n<meta property=\"og:url\" content=\"https:\/\/exceladvisor.org\/de\/spezielles-multiplizieren-einfugen\/\" \/>\n<meta property=\"og:site_name\" content=\"Excel Advisor\" \/>\n<meta property=\"article:modified_time\" content=\"2023-12-03T13:04:26+00:00\" \/>\n<meta property=\"og:image\" content=\"https:\/\/exceladvisor.org\/wp-content\/uploads\/2023\/08\/Utiliser-Coller-des-operations-speciales-pour-une-multiplication-rapide-dans-Excel-1.png\" \/>\n<meta name=\"twitter:card\" content=\"summary_large_image\" \/>\n<meta name=\"twitter:label1\" content=\"Gesch\u00e4tzte Lesezeit\" \/>\n\t<meta name=\"twitter:data1\" content=\"2\u00a0Minuten\" \/>\n<script type=\"application\/ld+json\" class=\"yoast-schema-graph\">{\"@context\":\"https:\/\/schema.org\",\"@graph\":[{\"@type\":\"WebPage\",\"@id\":\"https:\/\/exceladvisor.org\/de\/spezielles-multiplizieren-einfugen\/\",\"url\":\"https:\/\/exceladvisor.org\/de\/spezielles-multiplizieren-einfugen\/\",\"name\":\"Wie multipliziere ich in Excel mit Paste Special?\",\"isPartOf\":{\"@id\":\"https:\/\/exceladvisor.org\/de\/#website\"},\"primaryImageOfPage\":{\"@id\":\"https:\/\/exceladvisor.org\/de\/spezielles-multiplizieren-einfugen\/#primaryimage\"},\"image\":{\"@id\":\"https:\/\/exceladvisor.org\/de\/spezielles-multiplizieren-einfugen\/#primaryimage\"},\"thumbnailUrl\":\"https:\/\/exceladvisor.org\/wp-content\/uploads\/2023\/08\/Utiliser-Coller-des-operations-speciales-pour-une-multiplication-rapide-dans-Excel-1.png\",\"datePublished\":\"2023-10-30T11:30:56+00:00\",\"dateModified\":\"2023-12-03T13:04:26+00:00\",\"description\":\"In diesem Artikel erfahren Sie, wie Sie in Excel mit \u201eInhalte einf\u00fcgen\u201c multiplizieren. Zus\u00e4tzlich zum Dividieren, Addieren und Subtrahieren.\",\"breadcrumb\":{\"@id\":\"https:\/\/exceladvisor.org\/de\/spezielles-multiplizieren-einfugen\/#breadcrumb\"},\"inLanguage\":\"de\",\"potentialAction\":[{\"@type\":\"ReadAction\",\"target\":[\"https:\/\/exceladvisor.org\/de\/spezielles-multiplizieren-einfugen\/\"]}]},{\"@type\":\"ImageObject\",\"inLanguage\":\"de\",\"@id\":\"https:\/\/exceladvisor.org\/de\/spezielles-multiplizieren-einfugen\/#primaryimage\",\"url\":\"https:\/\/exceladvisor.org\/wp-content\/uploads\/2023\/08\/Utiliser-Coller-des-operations-speciales-pour-une-multiplication-rapide-dans-Excel-1.png\",\"contentUrl\":\"https:\/\/exceladvisor.org\/wp-content\/uploads\/2023\/08\/Utiliser-Coller-des-operations-speciales-pour-une-multiplication-rapide-dans-Excel-1.png\"},{\"@type\":\"BreadcrumbList\",\"@id\":\"https:\/\/exceladvisor.org\/de\/spezielles-multiplizieren-einfugen\/#breadcrumb\",\"itemListElement\":[{\"@type\":\"ListItem\",\"position\":1,\"name\":\"Accueil\",\"item\":\"https:\/\/exceladvisor.org\/de\/\"},{\"@type\":\"ListItem\",\"position\":2,\"name\":\"Wie multipliziere ich in excel mit paste special?\"}]},{\"@type\":\"WebSite\",\"@id\":\"https:\/\/exceladvisor.org\/de\/#website\",\"url\":\"https:\/\/exceladvisor.org\/de\/\",\"name\":\"Excel Advisor\",\"description\":\"Ihr Leitfaden zur Datendominanz\",\"publisher\":{\"@id\":\"https:\/\/exceladvisor.org\/de\/#organization\"},\"potentialAction\":[{\"@type\":\"SearchAction\",\"target\":{\"@type\":\"EntryPoint\",\"urlTemplate\":\"https:\/\/exceladvisor.org\/de\/?s={search_term_string}\"},\"query-input\":{\"@type\":\"PropertyValueSpecification\",\"valueRequired\":true,\"valueName\":\"search_term_string\"}}],\"inLanguage\":\"de\"},{\"@type\":\"Organization\",\"@id\":\"https:\/\/exceladvisor.org\/de\/#organization\",\"name\":\"Excel Advisor\",\"url\":\"https:\/\/exceladvisor.org\/de\/\",\"logo\":{\"@type\":\"ImageObject\",\"inLanguage\":\"de\",\"@id\":\"https:\/\/exceladvisor.org\/de\/#\/schema\/logo\/image\/\",\"url\":\"https:\/\/exceladvisor.org\/de\/wp-content\/uploads\/2023\/11\/exceladvisor.org_.png\",\"contentUrl\":\"https:\/\/exceladvisor.org\/de\/wp-content\/uploads\/2023\/11\/exceladvisor.org_.png\",\"width\":105,\"height\":36,\"caption\":\"Excel Advisor\"},\"image\":{\"@id\":\"https:\/\/exceladvisor.org\/de\/#\/schema\/logo\/image\/\"}}]}<\/script>\n<!-- \/ Yoast SEO plugin. -->","yoast_head_json":{"title":"Wie multipliziere ich in Excel mit Paste Special?","description":"In diesem Artikel erfahren Sie, wie Sie in Excel mit \u201eInhalte einf\u00fcgen\u201c multiplizieren. Zus\u00e4tzlich zum Dividieren, Addieren und Subtrahieren.","robots":{"index":"index","follow":"follow","max-snippet":"max-snippet:-1","max-image-preview":"max-image-preview:large","max-video-preview":"max-video-preview:-1"},"canonical":"https:\/\/exceladvisor.org\/de\/spezielles-multiplizieren-einfugen\/","og_locale":"de_DE","og_type":"article","og_title":"Wie multipliziere ich in Excel mit Paste Special?","og_description":"In diesem Artikel erfahren Sie, wie Sie in Excel mit \u201eInhalte einf\u00fcgen\u201c multiplizieren. Zus\u00e4tzlich zum Dividieren, Addieren und Subtrahieren.","og_url":"https:\/\/exceladvisor.org\/de\/spezielles-multiplizieren-einfugen\/","og_site_name":"Excel Advisor","article_modified_time":"2023-12-03T13:04:26+00:00","og_image":[{"url":"https:\/\/exceladvisor.org\/wp-content\/uploads\/2023\/08\/Utiliser-Coller-des-operations-speciales-pour-une-multiplication-rapide-dans-Excel-1.png","type":"","width":"","height":""}],"twitter_card":"summary_large_image","twitter_misc":{"Gesch\u00e4tzte Lesezeit":"2\u00a0Minuten"},"schema":{"@context":"https:\/\/schema.org","@graph":[{"@type":"WebPage","@id":"https:\/\/exceladvisor.org\/de\/spezielles-multiplizieren-einfugen\/","url":"https:\/\/exceladvisor.org\/de\/spezielles-multiplizieren-einfugen\/","name":"Wie multipliziere ich in Excel mit Paste Special?","isPartOf":{"@id":"https:\/\/exceladvisor.org\/de\/#website"},"primaryImageOfPage":{"@id":"https:\/\/exceladvisor.org\/de\/spezielles-multiplizieren-einfugen\/#primaryimage"},"image":{"@id":"https:\/\/exceladvisor.org\/de\/spezielles-multiplizieren-einfugen\/#primaryimage"},"thumbnailUrl":"https:\/\/exceladvisor.org\/wp-content\/uploads\/2023\/08\/Utiliser-Coller-des-operations-speciales-pour-une-multiplication-rapide-dans-Excel-1.png","datePublished":"2023-10-30T11:30:56+00:00","dateModified":"2023-12-03T13:04:26+00:00","description":"In diesem Artikel erfahren Sie, wie Sie in Excel mit \u201eInhalte einf\u00fcgen\u201c multiplizieren. Zus\u00e4tzlich zum Dividieren, Addieren und Subtrahieren.","breadcrumb":{"@id":"https:\/\/exceladvisor.org\/de\/spezielles-multiplizieren-einfugen\/#breadcrumb"},"inLanguage":"de","potentialAction":[{"@type":"ReadAction","target":["https:\/\/exceladvisor.org\/de\/spezielles-multiplizieren-einfugen\/"]}]},{"@type":"ImageObject","inLanguage":"de","@id":"https:\/\/exceladvisor.org\/de\/spezielles-multiplizieren-einfugen\/#primaryimage","url":"https:\/\/exceladvisor.org\/wp-content\/uploads\/2023\/08\/Utiliser-Coller-des-operations-speciales-pour-une-multiplication-rapide-dans-Excel-1.png","contentUrl":"https:\/\/exceladvisor.org\/wp-content\/uploads\/2023\/08\/Utiliser-Coller-des-operations-speciales-pour-une-multiplication-rapide-dans-Excel-1.png"},{"@type":"BreadcrumbList","@id":"https:\/\/exceladvisor.org\/de\/spezielles-multiplizieren-einfugen\/#breadcrumb","itemListElement":[{"@type":"ListItem","position":1,"name":"Accueil","item":"https:\/\/exceladvisor.org\/de\/"},{"@type":"ListItem","position":2,"name":"Wie multipliziere ich in excel mit paste special?"}]},{"@type":"WebSite","@id":"https:\/\/exceladvisor.org\/de\/#website","url":"https:\/\/exceladvisor.org\/de\/","name":"Excel Advisor","description":"Ihr Leitfaden zur Datendominanz","publisher":{"@id":"https:\/\/exceladvisor.org\/de\/#organization"},"potentialAction":[{"@type":"SearchAction","target":{"@type":"EntryPoint","urlTemplate":"https:\/\/exceladvisor.org\/de\/?s={search_term_string}"},"query-input":{"@type":"PropertyValueSpecification","valueRequired":true,"valueName":"search_term_string"}}],"inLanguage":"de"},{"@type":"Organization","@id":"https:\/\/exceladvisor.org\/de\/#organization","name":"Excel Advisor","url":"https:\/\/exceladvisor.org\/de\/","logo":{"@type":"ImageObject","inLanguage":"de","@id":"https:\/\/exceladvisor.org\/de\/#\/schema\/logo\/image\/","url":"https:\/\/exceladvisor.org\/de\/wp-content\/uploads\/2023\/11\/exceladvisor.org_.png","contentUrl":"https:\/\/exceladvisor.org\/de\/wp-content\/uploads\/2023\/11\/exceladvisor.org_.png","width":105,"height":36,"caption":"Excel Advisor"},"image":{"@id":"https:\/\/exceladvisor.org\/de\/#\/schema\/logo\/image\/"}}]}},"yoast_meta":{"yoast_wpseo_title":"","yoast_wpseo_metadesc":"","yoast_wpseo_canonical":""},"_links":{"self":[{"href":"https:\/\/exceladvisor.org\/de\/wp-json\/wp\/v2\/pages\/3367","targetHints":{"allow":["GET"]}}],"collection":[{"href":"https:\/\/exceladvisor.org\/de\/wp-json\/wp\/v2\/pages"}],"about":[{"href":"https:\/\/exceladvisor.org\/de\/wp-json\/wp\/v2\/types\/page"}],"author":[{"embeddable":true,"href":"https:\/\/exceladvisor.org\/de\/wp-json\/wp\/v2\/users\/1"}],"replies":[{"embeddable":true,"href":"https:\/\/exceladvisor.org\/de\/wp-json\/wp\/v2\/comments?post=3367"}],"version-history":[{"count":1,"href":"https:\/\/exceladvisor.org\/de\/wp-json\/wp\/v2\/pages\/3367\/revisions"}],"predecessor-version":[{"id":4156,"href":"https:\/\/exceladvisor.org\/de\/wp-json\/wp\/v2\/pages\/3367\/revisions\/4156"}],"wp:attachment":[{"href":"https:\/\/exceladvisor.org\/de\/wp-json\/wp\/v2\/media?parent=3367"}],"curies":[{"name":"wp","href":"https:\/\/api.w.org\/{rel}","templated":true}]}}