{"id":3368,"date":"2023-10-30T10:57:01","date_gmt":"2023-10-30T10:57:01","guid":{"rendered":"https:\/\/exceladvisor.org\/de\/horizontal-sortieren\/"},"modified":"2023-12-03T13:04:59","modified_gmt":"2023-12-03T13:04:59","slug":"horizontal-sortieren","status":"publish","type":"page","link":"https:\/\/exceladvisor.org\/de\/horizontal-sortieren\/","title":{"rendered":"Wie sortiere ich in excel horizontal?"},"content":{"rendered":"<div class=\"excel-vor-dem-inhalt\" id=\"excel-2310168384\"><script type=\"text\/javascript\">\r\n\tatOptions = {\r\n\t\t'key' : 'c1158f160081d6540a8409e6925dab94',\r\n\t\t'format' : 'iframe',\r\n\t\t'height' : 250,\r\n\t\t'width' : 300,\r\n\t\t'params' : {}\r\n\t};\r\n<\/script>\r\n<script type=\"text\/javascript\" src=\"\/\/www.highperformanceformat.com\/c1158f160081d6540a8409e6925dab94\/invoke.js\"><\/script><\/div> <p>Haben Sie sich jemals gefragt, wie man Daten in Excel horizontal sortiert? Ich meine, Sie k\u00f6nnen Spalten genauso sortieren wie Zeilen. M\u00f6chten Sie das Beste wissen?<\/p><p> Deshalb m\u00f6chte ich Ihnen heute in diesem Artikel einen einfachen Schritt zum horizontalen Sortieren von Daten vorstellen. Dar\u00fcber hinaus m\u00f6chte ich Ihnen auch eine einfache Anpassung mitteilen, mit der Sie Spalten in benutzerdefinierter Reihenfolge sortieren k\u00f6nnen.<\/p><p class=\"qt-tip\"> <strong>Kurzer Hinweis<\/strong> : Dies ist einer dieser <a href=\"https:\/\/exceladvisor.org\/de\/beratung\/\" data-wpil=\"url\">Excel-Tipps<\/a> , die dabei helfen k\u00f6nnen <a style=\"outline: none;\" href=\"https:\/\/exceladvisor.org\/de\/hervorragende-fahigkeiten\/\">, grundlegende Excel-Kenntnisse<\/a> zu verbessern.<\/p><h2 class=\"wp-block-heading\"> Schritte zum Sortieren von Spalten in Excel<\/h2><ul><li> W\u00e4hlen Sie zun\u00e4chst die Daten aus, die Sie sortieren m\u00f6chten. <\/li><\/ul><div class=\"wp-block-image\"><figure class=\"aligncenter\"><img decoding=\"async\" src=\"https:\/\/exceladvisor.org\/wp-content\/uploads\/2023\/08\/Comment-trier-les-colonnes-de-gauche-a-droite-dans-Excel-2-1.png\" sizes=\"\" srcset=\"\" alt=\"Daten, die zum horizontalen Sortieren in Excel verwendet werden sollen\"><\/figure><\/div><ul><li> Gehen Sie zur Registerkarte \u201eDaten\u201c \u2192 Sortieren und Filtern \u2192 Klicken Sie auf die Schaltfl\u00e4che \u201eSortieren\u201c. Nun erhalten Sie ein Popup-Fenster. <\/li><\/ul><div class=\"wp-block-image\"><figure class=\"aligncenter\"><img decoding=\"async\" src=\"https:\/\/exceladvisor.org\/wp-content\/uploads\/2023\/08\/Comment-trier-les-colonnes-de-gauche-a-droite-dans-Excel-3-1.png\" sizes=\"\" srcset=\"\" alt=\"\u00d6ffnen Sie die Sortieroptionen, um horizontal zu sortieren\"><\/figure><\/div><ul><li> Sie k\u00f6nnen Popups auch mit der Tastenkombination Alt+A+S+S sortieren.<\/li><li> Klicken Sie auf die Schaltfl\u00e4che \u201eOptionen\u201c \u2192 \u201eSortierung von links nach rechts ausw\u00e4hlen\u201c und klicken Sie auf \u201eOK\u201c. <\/li><\/ul><div class=\"wp-block-image\"><figure class=\"aligncenter\"><img decoding=\"async\" src=\"https:\/\/exceladvisor.org\/wp-content\/uploads\/2023\/08\/Comment-trier-les-colonnes-de-gauche-a-droite-dans-Excel-4-1.png\" sizes=\"\" srcset=\"\" alt=\"W\u00e4hlen Sie \u201eVon links nach rechts sortieren\u201c, um in Excel horizontal zu sortieren\"><\/figure><\/div><ul><li> W\u00e4hlen Sie nun die Zeile aus, nach der Sie Ihre Daten sortieren m\u00f6chten, und klicken Sie auf OK. <\/li><\/ul><div class=\"wp-block-image\"><figure class=\"aligncenter\"><img decoding=\"async\" src=\"https:\/\/exceladvisor.org\/wp-content\/uploads\/2023\/08\/Comment-trier-les-colonnes-de-gauche-a-droite-dans-Excel-5-1.png\" sizes=\"\" srcset=\"\" alt=\"W\u00e4hlen Sie die Zeile aus, um sie in Excel horizontal zu sortieren\"><\/figure><\/div><p> Gl\u00fcckwunsch! Sie haben Ihre Daten horizontal sortiert. <\/p><div class=\"wp-block-image\"><figure class=\"aligncenter\"><img decoding=\"async\" src=\"https:\/\/exceladvisor.org\/wp-content\/uploads\/2023\/08\/Comment-trier-les-colonnes-de-gauche-a-droite-dans-Excel-6-1.png\" sizes=\"\" srcset=\"\" alt=\"Sortieren Sie Daten horizontal mit Sortierspalten in der Excel-Technik\"><\/figure><\/div><p> Bei Excel-Tabellen k\u00f6nnen Sie diese Technik nicht verwenden.<\/p><h2 class=\"wp-block-heading\"> [Benutzerdefinierte Reihenfolge] Horizontale Sortierung<\/h2><p> Im wirklichen Leben ist es wichtiger, Ihre Spalten in einer benutzerdefinierten Reihenfolge zu sortieren, als sie alphabetisch zu ordnen. Befolgen Sie diese einfachen Schritte.<\/p><ul><li> F\u00fcgen Sie oben in Ihrem Datensatz eine tempor\u00e4re Kopfzeile hinzu und verwenden Sie Zahlen, um einen benutzerdefinierten Befehl zu erstellen. <\/li><\/ul><div class=\"wp-block-image\"><figure class=\"aligncenter\"><img decoding=\"async\" src=\"https:\/\/exceladvisor.org\/wp-content\/uploads\/2023\/08\/Comment-trier-les-colonnes-de-gauche-a-droite-dans-Excel-7-1.png\" sizes=\"\" srcset=\"\" alt=\"Schritte zum benutzerdefinierten Sortieren von Spalten in Excel\"><\/figure><\/div><ul><li> \u00d6ffnen Sie nun Ihr Sortierfenster.<\/li><li> Und sortieren Sie die Spalten anhand Ihrer tempor\u00e4ren Zeile als Basis.<\/li><li> Danach entfernen Sie einfach den tempor\u00e4ren Header.<\/li><\/ul><div class=\"gb-container gb-container-4db6181c gb-container-mt\"> <a class=\"gb-button gb-button-c5897111 gb-button-text gb-button-mt-button\" href=\"https:\/\/exceladvisor.org\/de\/excel-grundlagen\/\">Microsoft Excel-Grundlagen (Komponenten, Teile und Wissenshinweise)<\/a><h2 class=\"gb-headline gb-headline-665e5f6b gb-headline-text gb-headline-mt-heading\"> Verwandte Tutorials <\/h2><div class=\"gb-grid-wrapper gb-grid-wrapper-a20baf7c gb-grid-wrapper-mt-grid\"><div class=\"gb-grid-column gb-grid-column-65ddf67e\"><div class=\"gb-container gb-container-65ddf67e\"><ul><li> <a href=\"https:\/\/exceladvisor.org\/de\/nach-datum-sortieren\/\">Sortieren Sie nach Datum, Datum und Uhrzeit und sortieren Sie nach umgekehrtem Datum<\/a><\/li><li> <a href=\"https:\/\/exceladvisor.org\/de\/randomisieren-sie-die-liste\/\">Eine Liste randomisieren (zuf\u00e4llige Sortierung)<\/a><\/li><li> <a href=\"https:\/\/exceladvisor.org\/de\/sortieren-sie-den-bereich\/\">Bereich mit VBA sortieren<\/a> <\/li><\/ul><\/div><\/div><div class=\"gb-grid-column gb-grid-column-50067b57\"><div class=\"gb-container gb-container-50067b57\"><\/div><\/div><\/div><\/div>","protected":false},"excerpt":{"rendered":"","protected":false},"author":1,"featured_media":0,"parent":0,"menu_order":0,"comment_status":"open","ping_status":"closed","template":"","meta":{"ub_ctt_via":"","footnotes":""},"class_list":["post-3368","page","type-page","status-publish","hentry"],"featured_image_src":null,"yoast_head":"<!-- This site is optimized with the Yoast SEO plugin v25.4 - https:\/\/yoast.com\/wordpress\/plugins\/seo\/ -->\n<title>Wie sortiere ich in Excel horizontal? [Spalten sortieren]<\/title>\n<meta name=\"description\" content=\"M\u00f6chten Sie Spalten in Excel sortieren? Das Sortieren von Spalten in Excel bedeutet, dass Daten von links nach rechts [horizontale Richtung] sortiert werden.\" \/>\n<meta name=\"robots\" content=\"index, follow, max-snippet:-1, max-image-preview:large, max-video-preview:-1\" \/>\n<link rel=\"canonical\" href=\"https:\/\/exceladvisor.org\/de\/horizontal-sortieren\/\" \/>\n<meta property=\"og:locale\" content=\"de_DE\" \/>\n<meta property=\"og:type\" content=\"article\" \/>\n<meta property=\"og:title\" content=\"Wie sortiere ich in Excel horizontal? [Spalten sortieren]\" \/>\n<meta property=\"og:description\" content=\"M\u00f6chten Sie Spalten in Excel sortieren? Das Sortieren von Spalten in Excel bedeutet, dass Daten von links nach rechts [horizontale Richtung] sortiert werden.\" \/>\n<meta property=\"og:url\" content=\"https:\/\/exceladvisor.org\/de\/horizontal-sortieren\/\" \/>\n<meta property=\"og:site_name\" content=\"Excel Advisor\" \/>\n<meta property=\"article:modified_time\" content=\"2023-12-03T13:04:59+00:00\" \/>\n<meta property=\"og:image\" content=\"https:\/\/exceladvisor.org\/wp-content\/uploads\/2023\/08\/Comment-trier-les-colonnes-de-gauche-a-droite-dans-Excel-2-1.png\" \/>\n<meta name=\"twitter:card\" content=\"summary_large_image\" \/>\n<meta name=\"twitter:label1\" content=\"Gesch\u00e4tzte Lesezeit\" \/>\n\t<meta name=\"twitter:data1\" content=\"1\u00a0Minute\" \/>\n<script type=\"application\/ld+json\" class=\"yoast-schema-graph\">{\"@context\":\"https:\/\/schema.org\",\"@graph\":[{\"@type\":\"WebPage\",\"@id\":\"https:\/\/exceladvisor.org\/de\/horizontal-sortieren\/\",\"url\":\"https:\/\/exceladvisor.org\/de\/horizontal-sortieren\/\",\"name\":\"Wie sortiere ich in Excel horizontal? [Spalten sortieren]\",\"isPartOf\":{\"@id\":\"https:\/\/exceladvisor.org\/de\/#website\"},\"primaryImageOfPage\":{\"@id\":\"https:\/\/exceladvisor.org\/de\/horizontal-sortieren\/#primaryimage\"},\"image\":{\"@id\":\"https:\/\/exceladvisor.org\/de\/horizontal-sortieren\/#primaryimage\"},\"thumbnailUrl\":\"https:\/\/exceladvisor.org\/wp-content\/uploads\/2023\/08\/Comment-trier-les-colonnes-de-gauche-a-droite-dans-Excel-2-1.png\",\"datePublished\":\"2023-10-30T10:57:01+00:00\",\"dateModified\":\"2023-12-03T13:04:59+00:00\",\"description\":\"M\u00f6chten Sie Spalten in Excel sortieren? Das Sortieren von Spalten in Excel bedeutet, dass Daten von links nach rechts [horizontale Richtung] sortiert werden.\",\"breadcrumb\":{\"@id\":\"https:\/\/exceladvisor.org\/de\/horizontal-sortieren\/#breadcrumb\"},\"inLanguage\":\"de\",\"potentialAction\":[{\"@type\":\"ReadAction\",\"target\":[\"https:\/\/exceladvisor.org\/de\/horizontal-sortieren\/\"]}]},{\"@type\":\"ImageObject\",\"inLanguage\":\"de\",\"@id\":\"https:\/\/exceladvisor.org\/de\/horizontal-sortieren\/#primaryimage\",\"url\":\"https:\/\/exceladvisor.org\/wp-content\/uploads\/2023\/08\/Comment-trier-les-colonnes-de-gauche-a-droite-dans-Excel-2-1.png\",\"contentUrl\":\"https:\/\/exceladvisor.org\/wp-content\/uploads\/2023\/08\/Comment-trier-les-colonnes-de-gauche-a-droite-dans-Excel-2-1.png\"},{\"@type\":\"BreadcrumbList\",\"@id\":\"https:\/\/exceladvisor.org\/de\/horizontal-sortieren\/#breadcrumb\",\"itemListElement\":[{\"@type\":\"ListItem\",\"position\":1,\"name\":\"Accueil\",\"item\":\"https:\/\/exceladvisor.org\/de\/\"},{\"@type\":\"ListItem\",\"position\":2,\"name\":\"Wie sortiere ich in excel horizontal?\"}]},{\"@type\":\"WebSite\",\"@id\":\"https:\/\/exceladvisor.org\/de\/#website\",\"url\":\"https:\/\/exceladvisor.org\/de\/\",\"name\":\"Excel Advisor\",\"description\":\"Ihr Leitfaden zur Datendominanz\",\"publisher\":{\"@id\":\"https:\/\/exceladvisor.org\/de\/#organization\"},\"potentialAction\":[{\"@type\":\"SearchAction\",\"target\":{\"@type\":\"EntryPoint\",\"urlTemplate\":\"https:\/\/exceladvisor.org\/de\/?s={search_term_string}\"},\"query-input\":{\"@type\":\"PropertyValueSpecification\",\"valueRequired\":true,\"valueName\":\"search_term_string\"}}],\"inLanguage\":\"de\"},{\"@type\":\"Organization\",\"@id\":\"https:\/\/exceladvisor.org\/de\/#organization\",\"name\":\"Excel Advisor\",\"url\":\"https:\/\/exceladvisor.org\/de\/\",\"logo\":{\"@type\":\"ImageObject\",\"inLanguage\":\"de\",\"@id\":\"https:\/\/exceladvisor.org\/de\/#\/schema\/logo\/image\/\",\"url\":\"https:\/\/exceladvisor.org\/de\/wp-content\/uploads\/2023\/11\/exceladvisor.org_.png\",\"contentUrl\":\"https:\/\/exceladvisor.org\/de\/wp-content\/uploads\/2023\/11\/exceladvisor.org_.png\",\"width\":105,\"height\":36,\"caption\":\"Excel Advisor\"},\"image\":{\"@id\":\"https:\/\/exceladvisor.org\/de\/#\/schema\/logo\/image\/\"}}]}<\/script>\n<!-- \/ Yoast SEO plugin. -->","yoast_head_json":{"title":"Wie sortiere ich in Excel horizontal? [Spalten sortieren]","description":"M\u00f6chten Sie Spalten in Excel sortieren? Das Sortieren von Spalten in Excel bedeutet, dass Daten von links nach rechts [horizontale Richtung] sortiert werden.","robots":{"index":"index","follow":"follow","max-snippet":"max-snippet:-1","max-image-preview":"max-image-preview:large","max-video-preview":"max-video-preview:-1"},"canonical":"https:\/\/exceladvisor.org\/de\/horizontal-sortieren\/","og_locale":"de_DE","og_type":"article","og_title":"Wie sortiere ich in Excel horizontal? [Spalten sortieren]","og_description":"M\u00f6chten Sie Spalten in Excel sortieren? Das Sortieren von Spalten in Excel bedeutet, dass Daten von links nach rechts [horizontale Richtung] sortiert werden.","og_url":"https:\/\/exceladvisor.org\/de\/horizontal-sortieren\/","og_site_name":"Excel Advisor","article_modified_time":"2023-12-03T13:04:59+00:00","og_image":[{"url":"https:\/\/exceladvisor.org\/wp-content\/uploads\/2023\/08\/Comment-trier-les-colonnes-de-gauche-a-droite-dans-Excel-2-1.png","type":"","width":"","height":""}],"twitter_card":"summary_large_image","twitter_misc":{"Gesch\u00e4tzte Lesezeit":"1\u00a0Minute"},"schema":{"@context":"https:\/\/schema.org","@graph":[{"@type":"WebPage","@id":"https:\/\/exceladvisor.org\/de\/horizontal-sortieren\/","url":"https:\/\/exceladvisor.org\/de\/horizontal-sortieren\/","name":"Wie sortiere ich in Excel horizontal? [Spalten sortieren]","isPartOf":{"@id":"https:\/\/exceladvisor.org\/de\/#website"},"primaryImageOfPage":{"@id":"https:\/\/exceladvisor.org\/de\/horizontal-sortieren\/#primaryimage"},"image":{"@id":"https:\/\/exceladvisor.org\/de\/horizontal-sortieren\/#primaryimage"},"thumbnailUrl":"https:\/\/exceladvisor.org\/wp-content\/uploads\/2023\/08\/Comment-trier-les-colonnes-de-gauche-a-droite-dans-Excel-2-1.png","datePublished":"2023-10-30T10:57:01+00:00","dateModified":"2023-12-03T13:04:59+00:00","description":"M\u00f6chten Sie Spalten in Excel sortieren? Das Sortieren von Spalten in Excel bedeutet, dass Daten von links nach rechts [horizontale Richtung] sortiert werden.","breadcrumb":{"@id":"https:\/\/exceladvisor.org\/de\/horizontal-sortieren\/#breadcrumb"},"inLanguage":"de","potentialAction":[{"@type":"ReadAction","target":["https:\/\/exceladvisor.org\/de\/horizontal-sortieren\/"]}]},{"@type":"ImageObject","inLanguage":"de","@id":"https:\/\/exceladvisor.org\/de\/horizontal-sortieren\/#primaryimage","url":"https:\/\/exceladvisor.org\/wp-content\/uploads\/2023\/08\/Comment-trier-les-colonnes-de-gauche-a-droite-dans-Excel-2-1.png","contentUrl":"https:\/\/exceladvisor.org\/wp-content\/uploads\/2023\/08\/Comment-trier-les-colonnes-de-gauche-a-droite-dans-Excel-2-1.png"},{"@type":"BreadcrumbList","@id":"https:\/\/exceladvisor.org\/de\/horizontal-sortieren\/#breadcrumb","itemListElement":[{"@type":"ListItem","position":1,"name":"Accueil","item":"https:\/\/exceladvisor.org\/de\/"},{"@type":"ListItem","position":2,"name":"Wie sortiere ich in excel horizontal?"}]},{"@type":"WebSite","@id":"https:\/\/exceladvisor.org\/de\/#website","url":"https:\/\/exceladvisor.org\/de\/","name":"Excel Advisor","description":"Ihr Leitfaden zur Datendominanz","publisher":{"@id":"https:\/\/exceladvisor.org\/de\/#organization"},"potentialAction":[{"@type":"SearchAction","target":{"@type":"EntryPoint","urlTemplate":"https:\/\/exceladvisor.org\/de\/?s={search_term_string}"},"query-input":{"@type":"PropertyValueSpecification","valueRequired":true,"valueName":"search_term_string"}}],"inLanguage":"de"},{"@type":"Organization","@id":"https:\/\/exceladvisor.org\/de\/#organization","name":"Excel Advisor","url":"https:\/\/exceladvisor.org\/de\/","logo":{"@type":"ImageObject","inLanguage":"de","@id":"https:\/\/exceladvisor.org\/de\/#\/schema\/logo\/image\/","url":"https:\/\/exceladvisor.org\/de\/wp-content\/uploads\/2023\/11\/exceladvisor.org_.png","contentUrl":"https:\/\/exceladvisor.org\/de\/wp-content\/uploads\/2023\/11\/exceladvisor.org_.png","width":105,"height":36,"caption":"Excel Advisor"},"image":{"@id":"https:\/\/exceladvisor.org\/de\/#\/schema\/logo\/image\/"}}]}},"yoast_meta":{"yoast_wpseo_title":"","yoast_wpseo_metadesc":"","yoast_wpseo_canonical":""},"_links":{"self":[{"href":"https:\/\/exceladvisor.org\/de\/wp-json\/wp\/v2\/pages\/3368","targetHints":{"allow":["GET"]}}],"collection":[{"href":"https:\/\/exceladvisor.org\/de\/wp-json\/wp\/v2\/pages"}],"about":[{"href":"https:\/\/exceladvisor.org\/de\/wp-json\/wp\/v2\/types\/page"}],"author":[{"embeddable":true,"href":"https:\/\/exceladvisor.org\/de\/wp-json\/wp\/v2\/users\/1"}],"replies":[{"embeddable":true,"href":"https:\/\/exceladvisor.org\/de\/wp-json\/wp\/v2\/comments?post=3368"}],"version-history":[{"count":1,"href":"https:\/\/exceladvisor.org\/de\/wp-json\/wp\/v2\/pages\/3368\/revisions"}],"predecessor-version":[{"id":4189,"href":"https:\/\/exceladvisor.org\/de\/wp-json\/wp\/v2\/pages\/3368\/revisions\/4189"}],"wp:attachment":[{"href":"https:\/\/exceladvisor.org\/de\/wp-json\/wp\/v2\/media?parent=3368"}],"curies":[{"name":"wp","href":"https:\/\/api.w.org\/{rel}","templated":true}]}}