{"id":3369,"date":"2023-10-30T10:51:51","date_gmt":"2023-10-30T10:51:51","guid":{"rendered":"https:\/\/exceladvisor.org\/de\/kamera-tool\/"},"modified":"2023-12-03T13:05:43","modified_gmt":"2023-12-03T13:05:43","slug":"kamera-tool","status":"publish","type":"page","link":"https:\/\/exceladvisor.org\/de\/kamera-tool\/","title":{"rendered":"Wie verwende ich das excel-kameratool f\u00fcr livebilder?"},"content":{"rendered":"<div class=\"excel-vor-dem-inhalt\" id=\"excel-2711041361\"><script type=\"text\/javascript\">\r\n\tatOptions = {\r\n\t\t'key' : 'c1158f160081d6540a8409e6925dab94',\r\n\t\t'format' : 'iframe',\r\n\t\t'height' : 250,\r\n\t\t'width' : 300,\r\n\t\t'params' : {}\r\n\t};\r\n<\/script>\r\n<script type=\"text\/javascript\" src=\"\/\/www.highperformanceformat.com\/c1158f160081d6540a8409e6925dab94\/invoke.js\"><\/script><\/div> <p>Mit dem Kamera-Tool von Excel k\u00f6nnen Sie mit nur einem Klick ein Livebild einer Zelle oder eines Zellbereichs erstellen. In diesem Artikel m\u00f6chte ich Ihnen zeigen, wie Sie das Kameratool in Excel nutzen und ganz einfach Livebilder erstellen k\u00f6nnen. Lass uns anfangen.<\/p><h2 id=\"tab-con-1\" class=\"wp-block-heading\"> Was ist das Kamera-Tool von Excel?<\/h2><p> Mit dem Kamera-Tool von Excel k\u00f6nnen Sie einen Bereich kopieren und ein Livebild davon erstellen. Sie k\u00f6nnen dieses Bild an einer beliebigen Stelle in Ihrer Tabelle einf\u00fcgen. Da es sich um ein Livebild handelt, werden \u00c4nderungen an Ihrem urspr\u00fcnglichen Bereich auch im Bild angezeigt. <\/p><div class=\"wp-block-image\"><figure class=\"aligncenter\"><img decoding=\"async\" src=\"https:\/\/exceladvisor.org\/wp-content\/uploads\/2023\/08\/Copier-la-plage-avec-loutil-de-camera-Excel.gif\" sizes=\"\" srcset=\"\" alt=\"Livebild mit Excel-Kameratool\"><\/figure><\/div><h2 id=\"tab-con-2\" class=\"wp-block-heading\"> Kamera-Tool aktivieren<\/h2><p> Das Kamera-Tool ist nirgendwo im Excel-Men\u00fcband aufgef\u00fchrt, daher m\u00fcssen wir es zur <a href=\"https:\/\/exceladvisor.org\/de\/schnellzugriffsleiste\/\">Symbolleiste f\u00fcr den Schnellzugriff<\/a> hinzuf\u00fcgen, bevor wir es verwenden k\u00f6nnen. Befolgen Sie diese einfachen Schritte.<\/p><ul><li> Klicken Sie in Ihrer Symbolleiste f\u00fcr den Schnellzugriff auf den Abw\u00e4rtspfeil. <\/li><\/ul><div class=\"wp-block-image\"><figure class=\"aligncenter\"><img decoding=\"async\" src=\"https:\/\/exceladvisor.org\/wp-content\/uploads\/2023\/08\/Activer-loutil-de-camera-Excel-a-partir-de-la-barre-doutils-dacces-rapide-1.png\" sizes=\"\" srcset=\"\" alt=\"Aktivieren Sie das Excel-Kamera-Tool \u00fcber die Symbolleiste f\u00fcr den Schnellzugriff\"><\/figure><\/div><ul><li> Sie erhalten ein Dropdown-Men\u00fc. Klicken Sie auf weitere Bestellungen. <\/li><\/ul><div class=\"wp-block-image\"><figure class=\"aligncenter\"><img decoding=\"async\" src=\"https:\/\/exceladvisor.org\/wp-content\/uploads\/2023\/08\/Menu-de-la-barre-doutils-dacces-rapide-pour-ajouter-loutil-de-camera-Excel.png\" sizes=\"\" srcset=\"\" alt=\"Schnellzugriffssymbolleistenmen\u00fc zum Hinzuf\u00fcgen des Excel-Kameratools\"><\/figure><\/div><ul><li> W\u00e4hlen Sie nun in den Excel-Optionen alle Befehle unter \u201eBefehle ausw\u00e4hlen aus\u201c aus. W\u00e4hlen Sie eine Kamera aus der Liste aus und f\u00fcgen Sie sie der Symbolleiste f\u00fcr den Schnellzugriff hinzu. <\/li><\/ul><div class=\"wp-block-image\"><figure class=\"aligncenter\"><img decoding=\"async\" src=\"https:\/\/exceladvisor.org\/wp-content\/uploads\/2023\/08\/Cliquez-sur-OK-pour-ajouter-loutil-de-camera-Excel-a-la-barre-doutils-dacces-rapide-1.png\" sizes=\"\" srcset=\"\" alt=\"Klicken Sie auf \u201eOK\u201c, um das Excel-Kameratool zur Symbolleiste f\u00fcr den Schnellzugriff hinzuzuf\u00fcgen\"><\/figure><\/div><ul><li> OK klicken.<\/li><\/ul><p> Jetzt haben Sie ein Kamerasymbol in der Symbolleiste f\u00fcr den Schnellzugriff. <\/p><div class=\"wp-block-image\"><figure class=\"aligncenter\"><img decoding=\"async\" src=\"https:\/\/exceladvisor.org\/wp-content\/uploads\/2023\/08\/ajouter-loutil-camera-a-la-barre-doutils-dacces-rapide-1.png\" sizes=\"\" srcset=\"\" alt=\"F\u00fcgen Sie das Kamera-Tool zur Symbolleiste f\u00fcr den Schnellzugriff hinzu\"><\/figure><\/div><h2 id=\"tab-con-3\" class=\"wp-block-heading\"> Wie man es benutzt<\/h2><p> Die Verwendung des Kamera-Tools von Excel ist so einfach wie das Klicken auf ein Bild mit einer Kamera. Befolgen Sie einfach diese einfachen Schritte, um ein Livebild in Ihrer Tabelle zu erstellen.<\/p><ol><li> W\u00e4hlen Sie einen Bereich aus, aus dem Sie ein Livebild erstellen m\u00f6chten.<\/li><li> Klicken Sie in Ihrer Symbolleiste f\u00fcr den Schnellzugriff auf das Kamerasymbol.<\/li><li> Ihr Cursor \u00e4ndert sich in ein Plus-Symbol.<\/li><li> Klicken Sie nun auf die Stelle in Ihrer Tabelle, an der Sie Ihr Livebild einf\u00fcgen m\u00f6chten. <\/li><\/ol><div class=\"wp-block-image\"><figure class=\"aligncenter\"><img decoding=\"async\" src=\"https:\/\/exceladvisor.org\/wp-content\/uploads\/2023\/08\/Creer-une-table-dimages-liees-avec-Excel-Camera-Tool.gif\" sizes=\"\" srcset=\"\" alt=\"Erstellen Sie eine verkn\u00fcpfte Bildtabelle mit dem Excel Camera Tool\"><\/figure><\/div><h2 id=\"tab-con-4\" class=\"wp-block-heading\"> Beispiele f\u00fcr die Verwendung des Kamera-Tools<\/h2><p> Hier habe ich einige inspirierende Beispiele f\u00fcr die Verwendung eines Kameratools zum Erstellen von Livebildern in Ihrer Tabellenkalkulation aufgelistet.<\/p><h3 id=\"tab-con-6\" class=\"wp-block-heading\"> 1. F\u00fcgen Sie Zelldiagramme zu Ihrem Dashboard hinzu<\/h3><p> Ich bin ein gro\u00dfer Fan von Zelldiagrammen, aber das Schwierigste an Zelldiagrammen ist das Hinzuf\u00fcgen zum Dashboard. Deshalb verwende ich ein Kameratool, um ein Livebild zu erstellen, um sie zu Dashboards hinzuzuf\u00fcgen. <\/p><div class=\"wp-block-image\"><figure class=\"aligncenter\"><img decoding=\"async\" src=\"https:\/\/exceladvisor.org\/wp-content\/uploads\/2023\/08\/Creer-une-image-liee-avec-Excel-Camera-Tool.gif\" sizes=\"\" srcset=\"\" alt=\"Erstellen Sie ein verkn\u00fcpftes Bild mit dem Excel Camera Tool\"><\/figure><\/div><p> Diese Methode hilft mir sehr, da ich die Gr\u00f6\u00dfe des Diagramms \u00e4ndern kann.<\/p><h3 id=\"tab-con-7\" class=\"wp-block-heading\"> 2. F\u00fcgen Sie Datentabellen zu einem Dashboard hinzu<\/h3><p> Sie k\u00f6nnen damit auch Livebilder von Datentabellen einf\u00fcgen. Manchmal beanspruchen Datentabellen viel Platz auf unserem Dashboard. Wir k\u00f6nnen unseren Dashboards einen Schnappschuss von Live-Daten hinzuf\u00fcgen. <\/p><div class=\"wp-block-image\"><figure class=\"aligncenter\"><img decoding=\"async\" src=\"https:\/\/exceladvisor.org\/wp-content\/uploads\/2023\/08\/Creer-une-image-du-tableau-de-donnees-avec-loutil-de-camera-Excel.gif\" sizes=\"\" srcset=\"\" alt=\"Erstellen Sie mit dem Excel-Kameratool ein Bild der Datentabelle\"><\/figure><\/div><p> Sie k\u00f6nnen die Gr\u00f6\u00dfe der Datentabelle abh\u00e4ngig vom verf\u00fcgbaren Platz im Dashboard \u00e4ndern.<\/p><h3 id=\"tab-con-8\" class=\"wp-block-heading\"> 3. \u00dcberwachung wichtiger Zellen<\/h3><p> Nehmen wir an, Sie haben wichtige Zellen im Zusammenhang mit Ihrem Dashboard. Und alle Zellen befinden sich in unterschiedlichen Arbeitsbl\u00e4ttern und <a href=\"https:\/\/exceladvisor.org\/de\/uhrfenster\/\">Sie m\u00f6chten sie \u00fcberwachen<\/a> .<\/p><p> Der beste Weg, dies zu tun, besteht darin, einfach Live-Bilder aller wichtigen Zellen zu erstellen und sie in einer einzigen Tabelle oder Ihrem Haupt-Dashboard-Blatt zu platzieren. <\/p><div class=\"wp-block-image\"><figure class=\"aligncenter\"><img decoding=\"async\" src=\"https:\/\/exceladvisor.org\/wp-content\/uploads\/2023\/08\/Image-en-direct-avec-les-outils-de-camera-Excel.png\" sizes=\"\" srcset=\"\" alt=\"Livebild mit Excel-Kameratools\"><\/figure><\/div><p> Und das Beste: Ein Benutzer kann diese Bilder nicht live bearbeiten.<\/p><h2 id=\"tab-con-5\" class=\"wp-block-heading\"> Wichtiger Punkt<\/h2><p> Der wichtigste Punkt ist, dass sich der Link zum aktuellen Arbeitsblatt \u00e4ndert, wenn Sie die Position eines Bildes von einem Arbeitsblatt zu einem anderen \u00e4ndern.<\/p><p> Nehmen wir an, Sie haben ein Bild, das sich auf den Bereich A1:B5 in Tabelle 1 bezieht. Wenn Sie nun dieses Bild von Blatt1 nach Blatt2 verschieben, \u00e4ndert sich die Verkn\u00fcpfung von Blatt1 zu Blatt2<\/p><p> Um eine L\u00f6sung f\u00fcr dieses Problem zu finden, befolgen Sie bitte diese einfachen Schritte.<\/p><ul><li> Sobald Sie ein verkn\u00fcpftes Bild erstellt haben, w\u00e4hlen Sie es einfach aus.<\/li><li> Klicken Sie in der Bearbeitungsleiste auf den Adressbereich, f\u00fcr den Sie das verlinkte Bild erstellt haben.<\/li><li> F\u00fcgen Sie den Arbeitsblattnamen vor der Bereichsadresse hinzu. <\/li><\/ul><div class=\"wp-block-image\"><figure class=\"aligncenter\"><img decoding=\"async\" src=\"https:\/\/exceladvisor.org\/wp-content\/uploads\/2023\/08\/Modifier-ladresse-de-cellule-pour-limage-liee-creee-avec-loutil-de-camera-Excel.png\" sizes=\"\" srcset=\"\" alt=\"\u00c4ndern Sie die Zellenadresse f\u00fcr das mit dem Excel-Kameratool erstellte verkn\u00fcpfte Bild\"><\/figure><\/div><ul><li> Dr\u00fccken Sie Enter.<\/li><\/ul><h2 class=\"wp-block-heading\"> Abschluss<\/h2><p> Dieses Kameratool ist ausgezeichnet. W\u00e4hlen Sie einfach einen Bereich aus und klicken Sie auf die Stelle, an der Sie das Bild einf\u00fcgen m\u00f6chten. Ja das ist es. Selbst wenn Sie es mit der speziellen Einf\u00fcgeoption zum Einf\u00fcgen von Bildern vergleichen, werden Sie es viel schneller finden (wenn Sie keine Tastenkombinationen verwenden).<\/p><p> Ich hoffe, dieses Kamera-Tool wird Ihnen dabei helfen, Ihre F\u00e4higkeiten auf die n\u00e4chste Stufe zu heben.<\/p><p> Jetzt sag mir eins. Haben Sie dieses Kameratool schon einmal verwendet? Verwenden Sie verkn\u00fcpfte Bilder in Ihren Tabellen?<\/p><p> Bitte teilen Sie mir Ihre Gedanken im Kommentarbereich mit, ich w\u00fcrde mich freuen, von Ihnen zu h\u00f6ren. Und vergessen Sie nicht, diesen Tipp mit Ihren Freunden zu teilen. Ich bin mir sicher, dass sie nichts davon wissen.<\/p><div class=\"gb-container gb-container-4db6181c gb-container-mt\"> <a class=\"gb-button gb-button-c5897111 gb-button-text gb-button-mt-button\" href=\"https:\/\/exceladvisor.org\/de\/excel-fortschritt\/\">Erweiterte Excel-Tutorials<\/a><h2 class=\"gb-headline gb-headline-665e5f6b gb-headline-text gb-headline-mt-heading\"> Verwandte Tutorials <\/h2><div class=\"gb-grid-wrapper gb-grid-wrapper-a20baf7c gb-grid-wrapper-mt-grid\"><div class=\"gb-grid-column gb-grid-column-65ddf67e\"><div class=\"gb-container gb-container-65ddf67e\"><ul><li> <a href=\"https:\/\/exceladvisor.org\/de\/ziel-suchen\/\">Zielfinder in Excel<\/a><\/li><li> <a href=\"https:\/\/exceladvisor.org\/de\/uhrfenster\/\">Beobachtungsfenster in Excel<\/a><\/li><li> <a href=\"https:\/\/exceladvisor.org\/de\/excel-slicer\/\">Excel Slicer (vollst\u00e4ndige Anleitung)<\/a><\/li><li> <a href=\"https:\/\/exceladvisor.org\/de\/excel-standardmassig-auf-dem-mac\/\">Machen Sie Excel auf dem Mac zum Standard<\/a><\/li><li> <a href=\"https:\/\/exceladvisor.org\/de\/excel-sicherheitsmodus\/\">\u00d6ffnen Sie Excel im abgesicherten Modus<\/a><\/li><\/ul><\/div><\/div><\/div><\/div>","protected":false},"excerpt":{"rendered":"","protected":false},"author":1,"featured_media":0,"parent":0,"menu_order":0,"comment_status":"open","ping_status":"closed","template":"","meta":{"ub_ctt_via":"","footnotes":""},"class_list":["post-3369","page","type-page","status-publish","hentry"],"featured_image_src":null,"yoast_head":"<!-- This site is optimized with the Yoast SEO plugin v25.4 - https:\/\/yoast.com\/wordpress\/plugins\/seo\/ -->\n<title>Wie verwende ich das Excel-Kameratool f\u00fcr Livebilder?<\/title>\n<meta name=\"description\" content=\"Erfahren Sie, wie Sie das Kamera-Tool in Excel verwenden, um intelligente Dashboards zu erstellen.\" \/>\n<meta name=\"robots\" content=\"index, follow, max-snippet:-1, max-image-preview:large, max-video-preview:-1\" \/>\n<link rel=\"canonical\" href=\"https:\/\/exceladvisor.org\/de\/kamera-tool\/\" \/>\n<meta property=\"og:locale\" content=\"de_DE\" \/>\n<meta property=\"og:type\" content=\"article\" \/>\n<meta property=\"og:title\" content=\"Wie verwende ich das Excel-Kameratool f\u00fcr Livebilder?\" \/>\n<meta property=\"og:description\" content=\"Erfahren Sie, wie Sie das Kamera-Tool in Excel verwenden, um intelligente Dashboards zu erstellen.\" \/>\n<meta property=\"og:url\" content=\"https:\/\/exceladvisor.org\/de\/kamera-tool\/\" \/>\n<meta property=\"og:site_name\" content=\"Excel Advisor\" \/>\n<meta property=\"article:modified_time\" content=\"2023-12-03T13:05:43+00:00\" \/>\n<meta property=\"og:image\" content=\"https:\/\/exceladvisor.org\/wp-content\/uploads\/2023\/08\/Copier-la-plage-avec-loutil-de-camera-Excel.gif\" \/>\n<meta name=\"twitter:card\" content=\"summary_large_image\" \/>\n<meta name=\"twitter:label1\" content=\"Gesch\u00e4tzte Lesezeit\" \/>\n\t<meta name=\"twitter:data1\" content=\"4\u00a0Minuten\" \/>\n<script type=\"application\/ld+json\" class=\"yoast-schema-graph\">{\"@context\":\"https:\/\/schema.org\",\"@graph\":[{\"@type\":\"WebPage\",\"@id\":\"https:\/\/exceladvisor.org\/de\/kamera-tool\/\",\"url\":\"https:\/\/exceladvisor.org\/de\/kamera-tool\/\",\"name\":\"Wie verwende ich das Excel-Kameratool f\u00fcr Livebilder?\",\"isPartOf\":{\"@id\":\"https:\/\/exceladvisor.org\/de\/#website\"},\"primaryImageOfPage\":{\"@id\":\"https:\/\/exceladvisor.org\/de\/kamera-tool\/#primaryimage\"},\"image\":{\"@id\":\"https:\/\/exceladvisor.org\/de\/kamera-tool\/#primaryimage\"},\"thumbnailUrl\":\"https:\/\/exceladvisor.org\/wp-content\/uploads\/2023\/08\/Copier-la-plage-avec-loutil-de-camera-Excel.gif\",\"datePublished\":\"2023-10-30T10:51:51+00:00\",\"dateModified\":\"2023-12-03T13:05:43+00:00\",\"description\":\"Erfahren Sie, wie Sie das Kamera-Tool in Excel verwenden, um intelligente Dashboards zu erstellen.\",\"breadcrumb\":{\"@id\":\"https:\/\/exceladvisor.org\/de\/kamera-tool\/#breadcrumb\"},\"inLanguage\":\"de\",\"potentialAction\":[{\"@type\":\"ReadAction\",\"target\":[\"https:\/\/exceladvisor.org\/de\/kamera-tool\/\"]}]},{\"@type\":\"ImageObject\",\"inLanguage\":\"de\",\"@id\":\"https:\/\/exceladvisor.org\/de\/kamera-tool\/#primaryimage\",\"url\":\"https:\/\/exceladvisor.org\/wp-content\/uploads\/2023\/08\/Copier-la-plage-avec-loutil-de-camera-Excel.gif\",\"contentUrl\":\"https:\/\/exceladvisor.org\/wp-content\/uploads\/2023\/08\/Copier-la-plage-avec-loutil-de-camera-Excel.gif\"},{\"@type\":\"BreadcrumbList\",\"@id\":\"https:\/\/exceladvisor.org\/de\/kamera-tool\/#breadcrumb\",\"itemListElement\":[{\"@type\":\"ListItem\",\"position\":1,\"name\":\"Accueil\",\"item\":\"https:\/\/exceladvisor.org\/de\/\"},{\"@type\":\"ListItem\",\"position\":2,\"name\":\"Wie verwende ich das excel-kameratool f\u00fcr livebilder?\"}]},{\"@type\":\"WebSite\",\"@id\":\"https:\/\/exceladvisor.org\/de\/#website\",\"url\":\"https:\/\/exceladvisor.org\/de\/\",\"name\":\"Excel Advisor\",\"description\":\"Ihr Leitfaden zur Datendominanz\",\"publisher\":{\"@id\":\"https:\/\/exceladvisor.org\/de\/#organization\"},\"potentialAction\":[{\"@type\":\"SearchAction\",\"target\":{\"@type\":\"EntryPoint\",\"urlTemplate\":\"https:\/\/exceladvisor.org\/de\/?s={search_term_string}\"},\"query-input\":{\"@type\":\"PropertyValueSpecification\",\"valueRequired\":true,\"valueName\":\"search_term_string\"}}],\"inLanguage\":\"de\"},{\"@type\":\"Organization\",\"@id\":\"https:\/\/exceladvisor.org\/de\/#organization\",\"name\":\"Excel Advisor\",\"url\":\"https:\/\/exceladvisor.org\/de\/\",\"logo\":{\"@type\":\"ImageObject\",\"inLanguage\":\"de\",\"@id\":\"https:\/\/exceladvisor.org\/de\/#\/schema\/logo\/image\/\",\"url\":\"https:\/\/exceladvisor.org\/de\/wp-content\/uploads\/2023\/11\/exceladvisor.org_.png\",\"contentUrl\":\"https:\/\/exceladvisor.org\/de\/wp-content\/uploads\/2023\/11\/exceladvisor.org_.png\",\"width\":105,\"height\":36,\"caption\":\"Excel Advisor\"},\"image\":{\"@id\":\"https:\/\/exceladvisor.org\/de\/#\/schema\/logo\/image\/\"}}]}<\/script>\n<!-- \/ Yoast SEO plugin. -->","yoast_head_json":{"title":"Wie verwende ich das Excel-Kameratool f\u00fcr Livebilder?","description":"Erfahren Sie, wie Sie das Kamera-Tool in Excel verwenden, um intelligente Dashboards zu erstellen.","robots":{"index":"index","follow":"follow","max-snippet":"max-snippet:-1","max-image-preview":"max-image-preview:large","max-video-preview":"max-video-preview:-1"},"canonical":"https:\/\/exceladvisor.org\/de\/kamera-tool\/","og_locale":"de_DE","og_type":"article","og_title":"Wie verwende ich das Excel-Kameratool f\u00fcr Livebilder?","og_description":"Erfahren Sie, wie Sie das Kamera-Tool in Excel verwenden, um intelligente Dashboards zu erstellen.","og_url":"https:\/\/exceladvisor.org\/de\/kamera-tool\/","og_site_name":"Excel Advisor","article_modified_time":"2023-12-03T13:05:43+00:00","og_image":[{"url":"https:\/\/exceladvisor.org\/wp-content\/uploads\/2023\/08\/Copier-la-plage-avec-loutil-de-camera-Excel.gif","type":"","width":"","height":""}],"twitter_card":"summary_large_image","twitter_misc":{"Gesch\u00e4tzte Lesezeit":"4\u00a0Minuten"},"schema":{"@context":"https:\/\/schema.org","@graph":[{"@type":"WebPage","@id":"https:\/\/exceladvisor.org\/de\/kamera-tool\/","url":"https:\/\/exceladvisor.org\/de\/kamera-tool\/","name":"Wie verwende ich das Excel-Kameratool f\u00fcr Livebilder?","isPartOf":{"@id":"https:\/\/exceladvisor.org\/de\/#website"},"primaryImageOfPage":{"@id":"https:\/\/exceladvisor.org\/de\/kamera-tool\/#primaryimage"},"image":{"@id":"https:\/\/exceladvisor.org\/de\/kamera-tool\/#primaryimage"},"thumbnailUrl":"https:\/\/exceladvisor.org\/wp-content\/uploads\/2023\/08\/Copier-la-plage-avec-loutil-de-camera-Excel.gif","datePublished":"2023-10-30T10:51:51+00:00","dateModified":"2023-12-03T13:05:43+00:00","description":"Erfahren Sie, wie Sie das Kamera-Tool in Excel verwenden, um intelligente Dashboards zu erstellen.","breadcrumb":{"@id":"https:\/\/exceladvisor.org\/de\/kamera-tool\/#breadcrumb"},"inLanguage":"de","potentialAction":[{"@type":"ReadAction","target":["https:\/\/exceladvisor.org\/de\/kamera-tool\/"]}]},{"@type":"ImageObject","inLanguage":"de","@id":"https:\/\/exceladvisor.org\/de\/kamera-tool\/#primaryimage","url":"https:\/\/exceladvisor.org\/wp-content\/uploads\/2023\/08\/Copier-la-plage-avec-loutil-de-camera-Excel.gif","contentUrl":"https:\/\/exceladvisor.org\/wp-content\/uploads\/2023\/08\/Copier-la-plage-avec-loutil-de-camera-Excel.gif"},{"@type":"BreadcrumbList","@id":"https:\/\/exceladvisor.org\/de\/kamera-tool\/#breadcrumb","itemListElement":[{"@type":"ListItem","position":1,"name":"Accueil","item":"https:\/\/exceladvisor.org\/de\/"},{"@type":"ListItem","position":2,"name":"Wie verwende ich das excel-kameratool f\u00fcr livebilder?"}]},{"@type":"WebSite","@id":"https:\/\/exceladvisor.org\/de\/#website","url":"https:\/\/exceladvisor.org\/de\/","name":"Excel Advisor","description":"Ihr Leitfaden zur Datendominanz","publisher":{"@id":"https:\/\/exceladvisor.org\/de\/#organization"},"potentialAction":[{"@type":"SearchAction","target":{"@type":"EntryPoint","urlTemplate":"https:\/\/exceladvisor.org\/de\/?s={search_term_string}"},"query-input":{"@type":"PropertyValueSpecification","valueRequired":true,"valueName":"search_term_string"}}],"inLanguage":"de"},{"@type":"Organization","@id":"https:\/\/exceladvisor.org\/de\/#organization","name":"Excel Advisor","url":"https:\/\/exceladvisor.org\/de\/","logo":{"@type":"ImageObject","inLanguage":"de","@id":"https:\/\/exceladvisor.org\/de\/#\/schema\/logo\/image\/","url":"https:\/\/exceladvisor.org\/de\/wp-content\/uploads\/2023\/11\/exceladvisor.org_.png","contentUrl":"https:\/\/exceladvisor.org\/de\/wp-content\/uploads\/2023\/11\/exceladvisor.org_.png","width":105,"height":36,"caption":"Excel Advisor"},"image":{"@id":"https:\/\/exceladvisor.org\/de\/#\/schema\/logo\/image\/"}}]}},"yoast_meta":{"yoast_wpseo_title":"","yoast_wpseo_metadesc":"","yoast_wpseo_canonical":""},"_links":{"self":[{"href":"https:\/\/exceladvisor.org\/de\/wp-json\/wp\/v2\/pages\/3369","targetHints":{"allow":["GET"]}}],"collection":[{"href":"https:\/\/exceladvisor.org\/de\/wp-json\/wp\/v2\/pages"}],"about":[{"href":"https:\/\/exceladvisor.org\/de\/wp-json\/wp\/v2\/types\/page"}],"author":[{"embeddable":true,"href":"https:\/\/exceladvisor.org\/de\/wp-json\/wp\/v2\/users\/1"}],"replies":[{"embeddable":true,"href":"https:\/\/exceladvisor.org\/de\/wp-json\/wp\/v2\/comments?post=3369"}],"version-history":[{"count":1,"href":"https:\/\/exceladvisor.org\/de\/wp-json\/wp\/v2\/pages\/3369\/revisions"}],"predecessor-version":[{"id":4233,"href":"https:\/\/exceladvisor.org\/de\/wp-json\/wp\/v2\/pages\/3369\/revisions\/4233"}],"wp:attachment":[{"href":"https:\/\/exceladvisor.org\/de\/wp-json\/wp\/v2\/media?parent=3369"}],"curies":[{"name":"wp","href":"https:\/\/api.w.org\/{rel}","templated":true}]}}